{"id":328317,"date":"2025-05-06T15:41:13","date_gmt":"2025-05-06T13:41:13","guid":{"rendered":"https:\/\/shopatoa.com\/ro\/millefiori-milano-difuzor-de-aroma-zona-legni-spezie-250-ml\/"},"modified":"2025-12-10T08:35:47","modified_gmt":"2025-12-10T07:35:47","slug":"millefiori-milano-difuzor-de-aroma-zona-legni-spezie-250-ml","status":"publish","type":"product","link":"https:\/\/shopatoa.com\/ro\/millefiori-milano-difuzor-de-aroma-zona-legni-spezie-250-ml\/","title":{"rendered":"Millefiori Milano Difuzor de arom\u0103 Zona Legni &amp; Spezie 250 ml"},"content":{"rendered":"<p>Difuzorul de arom\u0103 Zona Lemn \u0219i condimente are un miros lemnos \u0219i condimentat pentru cei preten\u021bio\u0219i, care \u00eenc\u0103lze\u0219te inima ca un \u0219emineu confortabil de acas\u0103. Notele de lavand\u0103 \u0219i portocal\u0103 v\u0103 vor trezi sim\u021burile, iar p\u0103st\u0103ile de vanilie cu lemn pre\u021bios de cedru le vor r\u0103sf\u0103\u021ba la propriu. Compozi\u021bia parfumului: cap: lavand\u0103, eucalipt, portocal\u0103 amar\u0103, cap: lev\u0103n\u021bic\u0103, eucalipt, portocal\u0103 amar\u0103, baz\u0103: mosc sintetic, lemn de cedru, patchouli, vanilie, lemn de santal.<\/p>\n","protected":false},"excerpt":{"rendered":"<p>Difuzorul de arom\u0103 Zona Lemn \u0219i condimente are un miros lemnos \u0219i condimentat pentru cei preten\u021bio\u0219i, care \u00eenc\u0103lze\u0219te inima ca un \u0219emineu confortabil de acas\u0103. Notele de lavand\u0103 \u0219i portocal\u0103 v\u0103 vor trezi sim\u021burile, iar p\u0103st\u0103ile de vanilie cu lemn pre\u021bios de cedru le vor r\u0103sf\u0103\u021ba la propriu. Compozi\u021bia parfumului: cap: lavand\u0103, eucalipt, portocal\u0103 amar\u0103,&#8230;<\/p>\n","protected":false},"featured_media":328320,"comment_status":"closed","ping_status":"open","template":"","meta":{"_acf_changed":false,"_kadence_starter_templates_imported_post":false,"_kad_post_transparent":"","_kad_post_title":"","_kad_post_layout":"","_kad_post_sidebar_id":"","_kad_post_content_style":"","_kad_post_vertical_padding":"","_kad_post_feature":"","_kad_post_feature_position":"","_kad_post_header":false,"_kad_post_footer":false,"_kad_post_classname":""},"product_brand":[254],"product_cat":[246,692,693,654],"product_tag":[],"class_list":{"0":"post-328317","1":"product","2":"type-product","3":"status-publish","4":"has-post-thumbnail","6":"product_brand-millefiori-milano","7":"product_cat-cosmetice","8":"product_cat-difuzoare-de-parfum","9":"product_cat-difuzor-de-aroma-tije","10":"product_cat-lumanari-parfumate-si-arome","12":"first","13":"instock","14":"product-type-external","15":"entry","16":"content-bg","17":"loop-entry"},"acf":[],"yoast_head":"<!-- This site is optimized with the Yoast SEO plugin v27.4 - https:\/\/yoast.com\/product\/yoast-seo-wordpress\/ -->\n<title>Millefiori Milano Difuzor de arom\u0103 Zona Legni &amp; Spezie 250 ml - SHOPATOA.COM<\/title>\n<meta name=\"robots\" content=\"index, follow, max-snippet:-1, max-image-preview:large, max-video-preview:-1\" \/>\n<link rel=\"canonical\" href=\"https:\/\/shopatoa.com\/ro\/millefiori-milano-difuzor-de-aroma-zona-legni-spezie-250-ml\/\" \/>\n<meta property=\"og:locale\" content=\"ro_RO\" \/>\n<meta property=\"og:type\" content=\"article\" \/>\n<meta property=\"og:title\" content=\"Millefiori Milano Difuzor de arom\u0103 Zona Legni &amp; Spezie 250 ml - SHOPATOA.COM\" \/>\n<meta property=\"og:description\" content=\"Difuzorul de arom\u0103 Zona Lemn \u0219i condimente are un miros lemnos \u0219i condimentat pentru cei preten\u021bio\u0219i, care \u00eenc\u0103lze\u0219te inima ca un \u0219emineu confortabil de acas\u0103. Notele de lavand\u0103 \u0219i portocal\u0103 v\u0103 vor trezi sim\u021burile, iar p\u0103st\u0103ile de vanilie cu lemn pre\u021bios de cedru le vor r\u0103sf\u0103\u021ba la propriu. Compozi\u021bia parfumului: cap: lavand\u0103, eucalipt, portocal\u0103 amar\u0103,...\" \/>\n<meta property=\"og:url\" content=\"https:\/\/shopatoa.com\/ro\/millefiori-milano-difuzor-de-aroma-zona-legni-spezie-250-ml\/\" \/>\n<meta property=\"og:site_name\" content=\"SHOPATOA\" \/>\n<meta property=\"article:modified_time\" content=\"2025-12-10T07:35:47+00:00\" \/>\n<meta property=\"og:image\" content=\"https:\/\/storage.googleapis.com\/cz-shopatoa-img\/ro\/9a020416-unnamed-file.webp\" \/>\n\t<meta property=\"og:image:width\" content=\"800\" \/>\n\t<meta property=\"og:image:height\" content=\"800\" \/>\n\t<meta property=\"og:image:type\" content=\"image\/webp\" \/>\n<meta name=\"twitter:card\" content=\"summary_large_image\" \/>\n<script type=\"application\/ld+json\" class=\"yoast-schema-graph\">{\"@context\":\"https:\\\/\\\/schema.org\",\"@graph\":[{\"@type\":\"WebPage\",\"@id\":\"https:\\\/\\\/shopatoa.com\\\/ro\\\/millefiori-milano-difuzor-de-aroma-zona-legni-spezie-250-ml\\\/\",\"url\":\"https:\\\/\\\/shopatoa.com\\\/ro\\\/millefiori-milano-difuzor-de-aroma-zona-legni-spezie-250-ml\\\/\",\"name\":\"Millefiori Milano Difuzor de arom\u0103 Zona Legni & Spezie 250 ml - SHOPATOA.COM\",\"isPartOf\":{\"@id\":\"https:\\\/\\\/shopatoa.com\\\/ro\\\/#website\"},\"primaryImageOfPage\":{\"@id\":\"https:\\\/\\\/shopatoa.com\\\/ro\\\/millefiori-milano-difuzor-de-aroma-zona-legni-spezie-250-ml\\\/#primaryimage\"},\"image\":{\"@id\":\"https:\\\/\\\/shopatoa.com\\\/ro\\\/millefiori-milano-difuzor-de-aroma-zona-legni-spezie-250-ml\\\/#primaryimage\"},\"thumbnailUrl\":\"https:\\\/\\\/storage.googleapis.com\\\/cz-shopatoa-img\\\/ro\\\/9a020416-unnamed-file.webp\",\"datePublished\":\"2025-05-06T13:41:13+00:00\",\"dateModified\":\"2025-12-10T07:35:47+00:00\",\"breadcrumb\":{\"@id\":\"https:\\\/\\\/shopatoa.com\\\/ro\\\/millefiori-milano-difuzor-de-aroma-zona-legni-spezie-250-ml\\\/#breadcrumb\"},\"inLanguage\":\"ro-RO\",\"potentialAction\":[{\"@type\":\"ReadAction\",\"target\":[\"https:\\\/\\\/shopatoa.com\\\/ro\\\/millefiori-milano-difuzor-de-aroma-zona-legni-spezie-250-ml\\\/\"]}]},{\"@type\":\"ImageObject\",\"inLanguage\":\"ro-RO\",\"@id\":\"https:\\\/\\\/shopatoa.com\\\/ro\\\/millefiori-milano-difuzor-de-aroma-zona-legni-spezie-250-ml\\\/#primaryimage\",\"url\":\"https:\\\/\\\/storage.googleapis.com\\\/cz-shopatoa-img\\\/ro\\\/9a020416-unnamed-file.webp\",\"contentUrl\":\"https:\\\/\\\/storage.googleapis.com\\\/cz-shopatoa-img\\\/ro\\\/9a020416-unnamed-file.webp\",\"width\":800,\"height\":800},{\"@type\":\"BreadcrumbList\",\"@id\":\"https:\\\/\\\/shopatoa.com\\\/ro\\\/millefiori-milano-difuzor-de-aroma-zona-legni-spezie-250-ml\\\/#breadcrumb\",\"itemListElement\":[{\"@type\":\"ListItem\",\"position\":1,\"name\":\"Dom\u016f\",\"item\":\"https:\\\/\\\/shopatoa.com\\\/ro\\\/\"},{\"@type\":\"ListItem\",\"position\":2,\"name\":\"Shop\",\"item\":\"https:\\\/\\\/shopatoa.com\\\/ro\\\/shop\\\/\"},{\"@type\":\"ListItem\",\"position\":3,\"name\":\"Cosmetice\",\"item\":\"https:\\\/\\\/shopatoa.com\\\/ro\\\/cosmetice\\\/\"},{\"@type\":\"ListItem\",\"position\":4,\"name\":\"Lum\u00e2n\u0103ri parfumate \u0219i arome\",\"item\":\"https:\\\/\\\/shopatoa.com\\\/ro\\\/lumanari-parfumate-si-arome\\\/\"},{\"@type\":\"ListItem\",\"position\":5,\"name\":\"Difuzoare de parfum\",\"item\":\"https:\\\/\\\/shopatoa.com\\\/ro\\\/difuzoare-de-parfum\\\/\"},{\"@type\":\"ListItem\",\"position\":6,\"name\":\"Difuzor de aroma Tije\",\"item\":\"https:\\\/\\\/shopatoa.com\\\/ro\\\/difuzor-de-aroma-tije\\\/\"},{\"@type\":\"ListItem\",\"position\":7,\"name\":\"Millefiori Milano Difuzor de arom\u0103 Zona Legni &amp; Spezie 250 ml\"}]},{\"@type\":\"WebSite\",\"@id\":\"https:\\\/\\\/shopatoa.com\\\/ro\\\/#website\",\"url\":\"https:\\\/\\\/shopatoa.com\\\/ro\\\/\",\"name\":\"SHOPATOA\",\"description\":\"\",\"publisher\":{\"@id\":\"https:\\\/\\\/shopatoa.com\\\/ro\\\/#organization\"},\"potentialAction\":[{\"@type\":\"SearchAction\",\"target\":{\"@type\":\"EntryPoint\",\"urlTemplate\":\"https:\\\/\\\/shopatoa.com\\\/ro\\\/?s={search_term_string}\"},\"query-input\":{\"@type\":\"PropertyValueSpecification\",\"valueRequired\":true,\"valueName\":\"search_term_string\"}}],\"inLanguage\":\"ro-RO\"},{\"@type\":\"Organization\",\"@id\":\"https:\\\/\\\/shopatoa.com\\\/ro\\\/#organization\",\"name\":\"SHOPATOA\",\"url\":\"https:\\\/\\\/shopatoa.com\\\/ro\\\/\",\"logo\":{\"@type\":\"ImageObject\",\"inLanguage\":\"ro-RO\",\"@id\":\"https:\\\/\\\/shopatoa.com\\\/ro\\\/#\\\/schema\\\/logo\\\/image\\\/\",\"url\":\"https:\\\/\\\/storage.googleapis.com\\\/cz-shopatoa-img\\\/ro\\\/b4dac915-shopatoa_logo.png\",\"contentUrl\":\"https:\\\/\\\/storage.googleapis.com\\\/cz-shopatoa-img\\\/ro\\\/b4dac915-shopatoa_logo.png\",\"width\":416,\"height\":63,\"caption\":\"SHOPATOA\"},\"image\":{\"@id\":\"https:\\\/\\\/shopatoa.com\\\/ro\\\/#\\\/schema\\\/logo\\\/image\\\/\"}}]}<\/script>\n<!-- \/ Yoast SEO plugin. -->","yoast_head_json":{"title":"Millefiori Milano Difuzor de arom\u0103 Zona Legni & Spezie 250 ml - SHOPATOA.COM","robots":{"index":"index","follow":"follow","max-snippet":"max-snippet:-1","max-image-preview":"max-image-preview:large","max-video-preview":"max-video-preview:-1"},"canonical":"https:\/\/shopatoa.com\/ro\/millefiori-milano-difuzor-de-aroma-zona-legni-spezie-250-ml\/","og_locale":"ro_RO","og_type":"article","og_title":"Millefiori Milano Difuzor de arom\u0103 Zona Legni & Spezie 250 ml - SHOPATOA.COM","og_description":"Difuzorul de arom\u0103 Zona Lemn \u0219i condimente are un miros lemnos \u0219i condimentat pentru cei preten\u021bio\u0219i, care \u00eenc\u0103lze\u0219te inima ca un \u0219emineu confortabil de acas\u0103. Notele de lavand\u0103 \u0219i portocal\u0103 v\u0103 vor trezi sim\u021burile, iar p\u0103st\u0103ile de vanilie cu lemn pre\u021bios de cedru le vor r\u0103sf\u0103\u021ba la propriu. Compozi\u021bia parfumului: cap: lavand\u0103, eucalipt, portocal\u0103 amar\u0103,...","og_url":"https:\/\/shopatoa.com\/ro\/millefiori-milano-difuzor-de-aroma-zona-legni-spezie-250-ml\/","og_site_name":"SHOPATOA","article_modified_time":"2025-12-10T07:35:47+00:00","og_image":[{"width":800,"height":800,"url":"https:\/\/storage.googleapis.com\/cz-shopatoa-img\/ro\/9a020416-unnamed-file.webp","type":"image\/webp"}],"twitter_card":"summary_large_image","schema":{"@context":"https:\/\/schema.org","@graph":[{"@type":"WebPage","@id":"https:\/\/shopatoa.com\/ro\/millefiori-milano-difuzor-de-aroma-zona-legni-spezie-250-ml\/","url":"https:\/\/shopatoa.com\/ro\/millefiori-milano-difuzor-de-aroma-zona-legni-spezie-250-ml\/","name":"Millefiori Milano Difuzor de arom\u0103 Zona Legni & Spezie 250 ml - SHOPATOA.COM","isPartOf":{"@id":"https:\/\/shopatoa.com\/ro\/#website"},"primaryImageOfPage":{"@id":"https:\/\/shopatoa.com\/ro\/millefiori-milano-difuzor-de-aroma-zona-legni-spezie-250-ml\/#primaryimage"},"image":{"@id":"https:\/\/shopatoa.com\/ro\/millefiori-milano-difuzor-de-aroma-zona-legni-spezie-250-ml\/#primaryimage"},"thumbnailUrl":"https:\/\/storage.googleapis.com\/cz-shopatoa-img\/ro\/9a020416-unnamed-file.webp","datePublished":"2025-05-06T13:41:13+00:00","dateModified":"2025-12-10T07:35:47+00:00","breadcrumb":{"@id":"https:\/\/shopatoa.com\/ro\/millefiori-milano-difuzor-de-aroma-zona-legni-spezie-250-ml\/#breadcrumb"},"inLanguage":"ro-RO","potentialAction":[{"@type":"ReadAction","target":["https:\/\/shopatoa.com\/ro\/millefiori-milano-difuzor-de-aroma-zona-legni-spezie-250-ml\/"]}]},{"@type":"ImageObject","inLanguage":"ro-RO","@id":"https:\/\/shopatoa.com\/ro\/millefiori-milano-difuzor-de-aroma-zona-legni-spezie-250-ml\/#primaryimage","url":"https:\/\/storage.googleapis.com\/cz-shopatoa-img\/ro\/9a020416-unnamed-file.webp","contentUrl":"https:\/\/storage.googleapis.com\/cz-shopatoa-img\/ro\/9a020416-unnamed-file.webp","width":800,"height":800},{"@type":"BreadcrumbList","@id":"https:\/\/shopatoa.com\/ro\/millefiori-milano-difuzor-de-aroma-zona-legni-spezie-250-ml\/#breadcrumb","itemListElement":[{"@type":"ListItem","position":1,"name":"Dom\u016f","item":"https:\/\/shopatoa.com\/ro\/"},{"@type":"ListItem","position":2,"name":"Shop","item":"https:\/\/shopatoa.com\/ro\/shop\/"},{"@type":"ListItem","position":3,"name":"Cosmetice","item":"https:\/\/shopatoa.com\/ro\/cosmetice\/"},{"@type":"ListItem","position":4,"name":"Lum\u00e2n\u0103ri parfumate \u0219i arome","item":"https:\/\/shopatoa.com\/ro\/lumanari-parfumate-si-arome\/"},{"@type":"ListItem","position":5,"name":"Difuzoare de parfum","item":"https:\/\/shopatoa.com\/ro\/difuzoare-de-parfum\/"},{"@type":"ListItem","position":6,"name":"Difuzor de aroma Tije","item":"https:\/\/shopatoa.com\/ro\/difuzor-de-aroma-tije\/"},{"@type":"ListItem","position":7,"name":"Millefiori Milano Difuzor de arom\u0103 Zona Legni &amp; Spezie 250 ml"}]},{"@type":"WebSite","@id":"https:\/\/shopatoa.com\/ro\/#website","url":"https:\/\/shopatoa.com\/ro\/","name":"SHOPATOA","description":"","publisher":{"@id":"https:\/\/shopatoa.com\/ro\/#organization"},"potentialAction":[{"@type":"SearchAction","target":{"@type":"EntryPoint","urlTemplate":"https:\/\/shopatoa.com\/ro\/?s={search_term_string}"},"query-input":{"@type":"PropertyValueSpecification","valueRequired":true,"valueName":"search_term_string"}}],"inLanguage":"ro-RO"},{"@type":"Organization","@id":"https:\/\/shopatoa.com\/ro\/#organization","name":"SHOPATOA","url":"https:\/\/shopatoa.com\/ro\/","logo":{"@type":"ImageObject","inLanguage":"ro-RO","@id":"https:\/\/shopatoa.com\/ro\/#\/schema\/logo\/image\/","url":"https:\/\/storage.googleapis.com\/cz-shopatoa-img\/ro\/b4dac915-shopatoa_logo.png","contentUrl":"https:\/\/storage.googleapis.com\/cz-shopatoa-img\/ro\/b4dac915-shopatoa_logo.png","width":416,"height":63,"caption":"SHOPATOA"},"image":{"@id":"https:\/\/shopatoa.com\/ro\/#\/schema\/logo\/image\/"}}]}},"_links":{"self":[{"href":"https:\/\/shopatoa.com\/ro\/wp-json\/wp\/v2\/product\/328317","targetHints":{"allow":["GET"]}}],"collection":[{"href":"https:\/\/shopatoa.com\/ro\/wp-json\/wp\/v2\/product"}],"about":[{"href":"https:\/\/shopatoa.com\/ro\/wp-json\/wp\/v2\/types\/product"}],"replies":[{"embeddable":true,"href":"https:\/\/shopatoa.com\/ro\/wp-json\/wp\/v2\/comments?post=328317"}],"wp:featuredmedia":[{"embeddable":true,"href":"https:\/\/shopatoa.com\/ro\/wp-json\/wp\/v2\/media\/328320"}],"wp:attachment":[{"href":"https:\/\/shopatoa.com\/ro\/wp-json\/wp\/v2\/media?parent=328317"}],"wp:term":[{"taxonomy":"product_brand","embeddable":true,"href":"https:\/\/shopatoa.com\/ro\/wp-json\/wp\/v2\/product_brand?post=328317"},{"taxonomy":"product_cat","embeddable":true,"href":"https:\/\/shopatoa.com\/ro\/wp-json\/wp\/v2\/product_cat?post=328317"},{"taxonomy":"product_tag","embeddable":true,"href":"https:\/\/shopatoa.com\/ro\/wp-json\/wp\/v2\/product_tag?post=328317"}],"curies":[{"name":"wp","href":"https:\/\/api.w.org\/{rel}","templated":true}]}}