{"id":328451,"date":"2025-05-06T16:01:51","date_gmt":"2025-05-06T14:01:51","guid":{"rendered":"https:\/\/shopatoa.com\/ro\/millefiori-milano-ulei-aromatic-petali-di-tabacco-15-ml\/"},"modified":"2025-12-10T08:26:38","modified_gmt":"2025-12-10T07:26:38","slug":"millefiori-milano-ulei-aromatic-petali-di-tabacco-15-ml","status":"publish","type":"product","link":"https:\/\/shopatoa.com\/ro\/millefiori-milano-ulei-aromatic-petali-di-tabacco-15-ml\/","title":{"rendered":"Millefiori Milano Ulei aromatic Petali di Tabacco 15 ml"},"content":{"rendered":"<p>Uleiul parfumat Tutun &amp; Condimente aduce un amestec bogat \u0219i fermec\u0103tor de tutun \u0219i acorduri picante \u00een casa dvs., care se \u00eembin\u0103 armonios cu vanilie cremoas\u0103 \u0219i cacao. Tonurile de lemn \u0219i fructe uscate din fundal adaug\u0103 o not\u0103 rafinat\u0103 \u0219i pl\u0103cut\u0103 atmosferei. Acest ulei parfumat este ideal pentru aromoterapie \u0219i parfumarea camerei, \u00een timp ce v\u0103 poate stimula \u0219i calma sim\u021burile.<\/p>\n","protected":false},"excerpt":{"rendered":"<p>Uleiul parfumat Tutun &amp; Condimente aduce un amestec bogat \u0219i fermec\u0103tor de tutun \u0219i acorduri picante \u00een casa dvs., care se \u00eembin\u0103 armonios cu vanilie cremoas\u0103 \u0219i cacao. Tonurile de lemn \u0219i fructe uscate din fundal adaug\u0103 o not\u0103 rafinat\u0103 \u0219i pl\u0103cut\u0103 atmosferei. Acest ulei parfumat este ideal pentru aromoterapie \u0219i parfumarea camerei, \u00een timp&#8230;<\/p>\n","protected":false},"featured_media":328452,"comment_status":"closed","ping_status":"open","template":"","meta":{"_acf_changed":false,"_kadence_starter_templates_imported_post":false,"_kad_post_transparent":"","_kad_post_title":"","_kad_post_layout":"","_kad_post_sidebar_id":"","_kad_post_content_style":"","_kad_post_vertical_padding":"","_kad_post_feature":"","_kad_post_feature_position":"","_kad_post_header":false,"_kad_post_footer":false,"_kad_post_classname":""},"product_brand":[254],"product_cat":[702,246,654],"product_tag":[],"class_list":{"0":"post-328451","1":"product","2":"type-product","3":"status-publish","4":"has-post-thumbnail","6":"product_brand-millefiori-milano","7":"product_cat-arome-ambientale","8":"product_cat-cosmetice","9":"product_cat-lumanari-parfumate-si-arome","11":"first","12":"instock","13":"product-type-external","14":"entry","15":"content-bg","16":"loop-entry"},"acf":[],"yoast_head":"<!-- This site is optimized with the Yoast SEO plugin v27.4 - https:\/\/yoast.com\/product\/yoast-seo-wordpress\/ -->\n<title>Millefiori Milano Ulei aromatic Petali di Tabacco 15 ml - SHOPATOA.COM<\/title>\n<meta name=\"robots\" content=\"index, follow, max-snippet:-1, max-image-preview:large, max-video-preview:-1\" \/>\n<link rel=\"canonical\" href=\"https:\/\/shopatoa.com\/ro\/millefiori-milano-ulei-aromatic-petali-di-tabacco-15-ml\/\" \/>\n<meta property=\"og:locale\" content=\"ro_RO\" \/>\n<meta property=\"og:type\" content=\"article\" \/>\n<meta property=\"og:title\" content=\"Millefiori Milano Ulei aromatic Petali di Tabacco 15 ml - SHOPATOA.COM\" \/>\n<meta property=\"og:description\" content=\"Uleiul parfumat Tutun &amp; Condimente aduce un amestec bogat \u0219i fermec\u0103tor de tutun \u0219i acorduri picante \u00een casa dvs., care se \u00eembin\u0103 armonios cu vanilie cremoas\u0103 \u0219i cacao. Tonurile de lemn \u0219i fructe uscate din fundal adaug\u0103 o not\u0103 rafinat\u0103 \u0219i pl\u0103cut\u0103 atmosferei. Acest ulei parfumat este ideal pentru aromoterapie \u0219i parfumarea camerei, \u00een timp...\" \/>\n<meta property=\"og:url\" content=\"https:\/\/shopatoa.com\/ro\/millefiori-milano-ulei-aromatic-petali-di-tabacco-15-ml\/\" \/>\n<meta property=\"og:site_name\" content=\"SHOPATOA\" \/>\n<meta property=\"article:modified_time\" content=\"2025-12-10T07:26:38+00:00\" \/>\n<meta property=\"og:image\" content=\"https:\/\/storage.googleapis.com\/cz-shopatoa-img\/ro\/d80f90b2-unnamed-file.webp\" \/>\n\t<meta property=\"og:image:width\" content=\"800\" \/>\n\t<meta property=\"og:image:height\" content=\"800\" \/>\n\t<meta property=\"og:image:type\" content=\"image\/webp\" \/>\n<meta name=\"twitter:card\" content=\"summary_large_image\" \/>\n<script type=\"application\/ld+json\" class=\"yoast-schema-graph\">{\"@context\":\"https:\\\/\\\/schema.org\",\"@graph\":[{\"@type\":\"WebPage\",\"@id\":\"https:\\\/\\\/shopatoa.com\\\/ro\\\/millefiori-milano-ulei-aromatic-petali-di-tabacco-15-ml\\\/\",\"url\":\"https:\\\/\\\/shopatoa.com\\\/ro\\\/millefiori-milano-ulei-aromatic-petali-di-tabacco-15-ml\\\/\",\"name\":\"Millefiori Milano Ulei aromatic Petali di Tabacco 15 ml - SHOPATOA.COM\",\"isPartOf\":{\"@id\":\"https:\\\/\\\/shopatoa.com\\\/ro\\\/#website\"},\"primaryImageOfPage\":{\"@id\":\"https:\\\/\\\/shopatoa.com\\\/ro\\\/millefiori-milano-ulei-aromatic-petali-di-tabacco-15-ml\\\/#primaryimage\"},\"image\":{\"@id\":\"https:\\\/\\\/shopatoa.com\\\/ro\\\/millefiori-milano-ulei-aromatic-petali-di-tabacco-15-ml\\\/#primaryimage\"},\"thumbnailUrl\":\"https:\\\/\\\/storage.googleapis.com\\\/cz-shopatoa-img\\\/ro\\\/d80f90b2-unnamed-file.webp\",\"datePublished\":\"2025-05-06T14:01:51+00:00\",\"dateModified\":\"2025-12-10T07:26:38+00:00\",\"breadcrumb\":{\"@id\":\"https:\\\/\\\/shopatoa.com\\\/ro\\\/millefiori-milano-ulei-aromatic-petali-di-tabacco-15-ml\\\/#breadcrumb\"},\"inLanguage\":\"ro-RO\",\"potentialAction\":[{\"@type\":\"ReadAction\",\"target\":[\"https:\\\/\\\/shopatoa.com\\\/ro\\\/millefiori-milano-ulei-aromatic-petali-di-tabacco-15-ml\\\/\"]}]},{\"@type\":\"ImageObject\",\"inLanguage\":\"ro-RO\",\"@id\":\"https:\\\/\\\/shopatoa.com\\\/ro\\\/millefiori-milano-ulei-aromatic-petali-di-tabacco-15-ml\\\/#primaryimage\",\"url\":\"https:\\\/\\\/storage.googleapis.com\\\/cz-shopatoa-img\\\/ro\\\/d80f90b2-unnamed-file.webp\",\"contentUrl\":\"https:\\\/\\\/storage.googleapis.com\\\/cz-shopatoa-img\\\/ro\\\/d80f90b2-unnamed-file.webp\",\"width\":800,\"height\":800},{\"@type\":\"BreadcrumbList\",\"@id\":\"https:\\\/\\\/shopatoa.com\\\/ro\\\/millefiori-milano-ulei-aromatic-petali-di-tabacco-15-ml\\\/#breadcrumb\",\"itemListElement\":[{\"@type\":\"ListItem\",\"position\":1,\"name\":\"Dom\u016f\",\"item\":\"https:\\\/\\\/shopatoa.com\\\/ro\\\/\"},{\"@type\":\"ListItem\",\"position\":2,\"name\":\"Shop\",\"item\":\"https:\\\/\\\/shopatoa.com\\\/ro\\\/shop\\\/\"},{\"@type\":\"ListItem\",\"position\":3,\"name\":\"Cosmetice\",\"item\":\"https:\\\/\\\/shopatoa.com\\\/ro\\\/cosmetice\\\/\"},{\"@type\":\"ListItem\",\"position\":4,\"name\":\"Lum\u00e2n\u0103ri parfumate \u0219i arome\",\"item\":\"https:\\\/\\\/shopatoa.com\\\/ro\\\/lumanari-parfumate-si-arome\\\/\"},{\"@type\":\"ListItem\",\"position\":5,\"name\":\"Arome ambientale\",\"item\":\"https:\\\/\\\/shopatoa.com\\\/ro\\\/arome-ambientale\\\/\"},{\"@type\":\"ListItem\",\"position\":6,\"name\":\"Millefiori Milano Ulei aromatic Petali di Tabacco 15 ml\"}]},{\"@type\":\"WebSite\",\"@id\":\"https:\\\/\\\/shopatoa.com\\\/ro\\\/#website\",\"url\":\"https:\\\/\\\/shopatoa.com\\\/ro\\\/\",\"name\":\"SHOPATOA\",\"description\":\"\",\"publisher\":{\"@id\":\"https:\\\/\\\/shopatoa.com\\\/ro\\\/#organization\"},\"potentialAction\":[{\"@type\":\"SearchAction\",\"target\":{\"@type\":\"EntryPoint\",\"urlTemplate\":\"https:\\\/\\\/shopatoa.com\\\/ro\\\/?s={search_term_string}\"},\"query-input\":{\"@type\":\"PropertyValueSpecification\",\"valueRequired\":true,\"valueName\":\"search_term_string\"}}],\"inLanguage\":\"ro-RO\"},{\"@type\":\"Organization\",\"@id\":\"https:\\\/\\\/shopatoa.com\\\/ro\\\/#organization\",\"name\":\"SHOPATOA\",\"url\":\"https:\\\/\\\/shopatoa.com\\\/ro\\\/\",\"logo\":{\"@type\":\"ImageObject\",\"inLanguage\":\"ro-RO\",\"@id\":\"https:\\\/\\\/shopatoa.com\\\/ro\\\/#\\\/schema\\\/logo\\\/image\\\/\",\"url\":\"https:\\\/\\\/storage.googleapis.com\\\/cz-shopatoa-img\\\/ro\\\/b4dac915-shopatoa_logo.png\",\"contentUrl\":\"https:\\\/\\\/storage.googleapis.com\\\/cz-shopatoa-img\\\/ro\\\/b4dac915-shopatoa_logo.png\",\"width\":416,\"height\":63,\"caption\":\"SHOPATOA\"},\"image\":{\"@id\":\"https:\\\/\\\/shopatoa.com\\\/ro\\\/#\\\/schema\\\/logo\\\/image\\\/\"}}]}<\/script>\n<!-- \/ Yoast SEO plugin. -->","yoast_head_json":{"title":"Millefiori Milano Ulei aromatic Petali di Tabacco 15 ml - SHOPATOA.COM","robots":{"index":"index","follow":"follow","max-snippet":"max-snippet:-1","max-image-preview":"max-image-preview:large","max-video-preview":"max-video-preview:-1"},"canonical":"https:\/\/shopatoa.com\/ro\/millefiori-milano-ulei-aromatic-petali-di-tabacco-15-ml\/","og_locale":"ro_RO","og_type":"article","og_title":"Millefiori Milano Ulei aromatic Petali di Tabacco 15 ml - SHOPATOA.COM","og_description":"Uleiul parfumat Tutun &amp; Condimente aduce un amestec bogat \u0219i fermec\u0103tor de tutun \u0219i acorduri picante \u00een casa dvs., care se \u00eembin\u0103 armonios cu vanilie cremoas\u0103 \u0219i cacao. Tonurile de lemn \u0219i fructe uscate din fundal adaug\u0103 o not\u0103 rafinat\u0103 \u0219i pl\u0103cut\u0103 atmosferei. Acest ulei parfumat este ideal pentru aromoterapie \u0219i parfumarea camerei, \u00een timp...","og_url":"https:\/\/shopatoa.com\/ro\/millefiori-milano-ulei-aromatic-petali-di-tabacco-15-ml\/","og_site_name":"SHOPATOA","article_modified_time":"2025-12-10T07:26:38+00:00","og_image":[{"width":800,"height":800,"url":"https:\/\/storage.googleapis.com\/cz-shopatoa-img\/ro\/d80f90b2-unnamed-file.webp","type":"image\/webp"}],"twitter_card":"summary_large_image","schema":{"@context":"https:\/\/schema.org","@graph":[{"@type":"WebPage","@id":"https:\/\/shopatoa.com\/ro\/millefiori-milano-ulei-aromatic-petali-di-tabacco-15-ml\/","url":"https:\/\/shopatoa.com\/ro\/millefiori-milano-ulei-aromatic-petali-di-tabacco-15-ml\/","name":"Millefiori Milano Ulei aromatic Petali di Tabacco 15 ml - SHOPATOA.COM","isPartOf":{"@id":"https:\/\/shopatoa.com\/ro\/#website"},"primaryImageOfPage":{"@id":"https:\/\/shopatoa.com\/ro\/millefiori-milano-ulei-aromatic-petali-di-tabacco-15-ml\/#primaryimage"},"image":{"@id":"https:\/\/shopatoa.com\/ro\/millefiori-milano-ulei-aromatic-petali-di-tabacco-15-ml\/#primaryimage"},"thumbnailUrl":"https:\/\/storage.googleapis.com\/cz-shopatoa-img\/ro\/d80f90b2-unnamed-file.webp","datePublished":"2025-05-06T14:01:51+00:00","dateModified":"2025-12-10T07:26:38+00:00","breadcrumb":{"@id":"https:\/\/shopatoa.com\/ro\/millefiori-milano-ulei-aromatic-petali-di-tabacco-15-ml\/#breadcrumb"},"inLanguage":"ro-RO","potentialAction":[{"@type":"ReadAction","target":["https:\/\/shopatoa.com\/ro\/millefiori-milano-ulei-aromatic-petali-di-tabacco-15-ml\/"]}]},{"@type":"ImageObject","inLanguage":"ro-RO","@id":"https:\/\/shopatoa.com\/ro\/millefiori-milano-ulei-aromatic-petali-di-tabacco-15-ml\/#primaryimage","url":"https:\/\/storage.googleapis.com\/cz-shopatoa-img\/ro\/d80f90b2-unnamed-file.webp","contentUrl":"https:\/\/storage.googleapis.com\/cz-shopatoa-img\/ro\/d80f90b2-unnamed-file.webp","width":800,"height":800},{"@type":"BreadcrumbList","@id":"https:\/\/shopatoa.com\/ro\/millefiori-milano-ulei-aromatic-petali-di-tabacco-15-ml\/#breadcrumb","itemListElement":[{"@type":"ListItem","position":1,"name":"Dom\u016f","item":"https:\/\/shopatoa.com\/ro\/"},{"@type":"ListItem","position":2,"name":"Shop","item":"https:\/\/shopatoa.com\/ro\/shop\/"},{"@type":"ListItem","position":3,"name":"Cosmetice","item":"https:\/\/shopatoa.com\/ro\/cosmetice\/"},{"@type":"ListItem","position":4,"name":"Lum\u00e2n\u0103ri parfumate \u0219i arome","item":"https:\/\/shopatoa.com\/ro\/lumanari-parfumate-si-arome\/"},{"@type":"ListItem","position":5,"name":"Arome ambientale","item":"https:\/\/shopatoa.com\/ro\/arome-ambientale\/"},{"@type":"ListItem","position":6,"name":"Millefiori Milano Ulei aromatic Petali di Tabacco 15 ml"}]},{"@type":"WebSite","@id":"https:\/\/shopatoa.com\/ro\/#website","url":"https:\/\/shopatoa.com\/ro\/","name":"SHOPATOA","description":"","publisher":{"@id":"https:\/\/shopatoa.com\/ro\/#organization"},"potentialAction":[{"@type":"SearchAction","target":{"@type":"EntryPoint","urlTemplate":"https:\/\/shopatoa.com\/ro\/?s={search_term_string}"},"query-input":{"@type":"PropertyValueSpecification","valueRequired":true,"valueName":"search_term_string"}}],"inLanguage":"ro-RO"},{"@type":"Organization","@id":"https:\/\/shopatoa.com\/ro\/#organization","name":"SHOPATOA","url":"https:\/\/shopatoa.com\/ro\/","logo":{"@type":"ImageObject","inLanguage":"ro-RO","@id":"https:\/\/shopatoa.com\/ro\/#\/schema\/logo\/image\/","url":"https:\/\/storage.googleapis.com\/cz-shopatoa-img\/ro\/b4dac915-shopatoa_logo.png","contentUrl":"https:\/\/storage.googleapis.com\/cz-shopatoa-img\/ro\/b4dac915-shopatoa_logo.png","width":416,"height":63,"caption":"SHOPATOA"},"image":{"@id":"https:\/\/shopatoa.com\/ro\/#\/schema\/logo\/image\/"}}]}},"_links":{"self":[{"href":"https:\/\/shopatoa.com\/ro\/wp-json\/wp\/v2\/product\/328451","targetHints":{"allow":["GET"]}}],"collection":[{"href":"https:\/\/shopatoa.com\/ro\/wp-json\/wp\/v2\/product"}],"about":[{"href":"https:\/\/shopatoa.com\/ro\/wp-json\/wp\/v2\/types\/product"}],"replies":[{"embeddable":true,"href":"https:\/\/shopatoa.com\/ro\/wp-json\/wp\/v2\/comments?post=328451"}],"wp:featuredmedia":[{"embeddable":true,"href":"https:\/\/shopatoa.com\/ro\/wp-json\/wp\/v2\/media\/328452"}],"wp:attachment":[{"href":"https:\/\/shopatoa.com\/ro\/wp-json\/wp\/v2\/media?parent=328451"}],"wp:term":[{"taxonomy":"product_brand","embeddable":true,"href":"https:\/\/shopatoa.com\/ro\/wp-json\/wp\/v2\/product_brand?post=328451"},{"taxonomy":"product_cat","embeddable":true,"href":"https:\/\/shopatoa.com\/ro\/wp-json\/wp\/v2\/product_cat?post=328451"},{"taxonomy":"product_tag","embeddable":true,"href":"https:\/\/shopatoa.com\/ro\/wp-json\/wp\/v2\/product_tag?post=328451"}],"curies":[{"name":"wp","href":"https:\/\/api.w.org\/{rel}","templated":true}]}}