{"id":328529,"date":"2025-05-06T16:16:21","date_gmt":"2025-05-06T14:16:21","guid":{"rendered":"https:\/\/shopatoa.com\/ro\/nivea-crema-pentru-ten-specialist-invisible-daily-fluid-spf-50-40-ml\/"},"modified":"2025-12-10T08:24:06","modified_gmt":"2025-12-10T07:24:06","slug":"nivea-crema-pentru-ten-specialist-invisible-daily-fluid-spf-50-40-ml","status":"publish","type":"product","link":"https:\/\/shopatoa.com\/ro\/nivea-crema-pentru-ten-specialist-invisible-daily-fluid-spf-50-40-ml\/","title":{"rendered":"Nivea Crem\u0103 pentru ten Specialist Invisible Daily Fluid SPF 50+ 40 ml"},"content":{"rendered":"<p>Crema u\u0219oar\u0103 de bronzare este potrivit\u0103 \u0219i pentru pielea sensibil\u0103. Lichidul ultra-u\u0219or se absoarbe rapid, nu \u00eenfund\u0103 porii, nu se lipe\u0219te, nu las\u0103 o pelicul\u0103 uleioas\u0103 \u0219i v\u0103 va ajuta la uniformizarea nuan\u021bei pielii, astfel \u00eenc\u00e2t s\u0103 v\u0103 sim\u021bi\u021bi grozav chiar \u0219i pe plaj\u0103. \u00cel pute\u021bi folosi in fiecare zi, singur sau sub machiaj. Crema solar\u0103 con\u021bine, de asemenea, ingredientele active Licochalcone \u0219i Niancinamid\u0103. Licocalcona ac\u021bioneaz\u0103 ca un antioxidant puternic \u0219i activeaz\u0103 propriul mecanism de ap\u0103rare al pielii, care o protejeaz\u0103 de influen\u021bele externe. De asemenea, reduce ac\u021biunea radicalilor liberi. Niancinamide ofer\u0103 o \u00eengrijire complet\u0103 a pielii. Lupt\u0103 \u00eempotriva semnelor \u00eemb\u0103tr\u00e2nirii, datorit\u0103 acesteia pielea arat\u0103 s\u0103n\u0103toas\u0103 \u0219i unificat\u0103.<\/p>\n","protected":false},"excerpt":{"rendered":"<p>Crema u\u0219oar\u0103 de bronzare este potrivit\u0103 \u0219i pentru pielea sensibil\u0103. Lichidul ultra-u\u0219or se absoarbe rapid, nu \u00eenfund\u0103 porii, nu se lipe\u0219te, nu las\u0103 o pelicul\u0103 uleioas\u0103 \u0219i v\u0103 va ajuta la uniformizarea nuan\u021bei pielii, astfel \u00eenc\u00e2t s\u0103 v\u0103 sim\u021bi\u021bi grozav chiar \u0219i pe plaj\u0103. \u00cel pute\u021bi folosi in fiecare zi, singur sau sub machiaj. Crema&#8230;<\/p>\n","protected":false},"featured_media":328531,"comment_status":"closed","ping_status":"open","template":"","meta":{"_acf_changed":false,"_kadence_starter_templates_imported_post":false,"_kad_post_transparent":"","_kad_post_title":"","_kad_post_layout":"","_kad_post_sidebar_id":"","_kad_post_content_style":"","_kad_post_vertical_padding":"","_kad_post_feature":"","_kad_post_feature_position":"","_kad_post_header":false,"_kad_post_footer":false,"_kad_post_classname":""},"product_brand":[91],"product_cat":[246,634,767,633],"product_tag":[],"class_list":{"0":"post-328529","1":"product","2":"type-product","3":"status-publish","4":"has-post-thumbnail","6":"product_brand-nivea","7":"product_cat-cosmetice","8":"product_cat-produse-cosmetice-de-ingrijire-a-pielii","9":"product_cat-produse-cosmetice-pentru-bronzare","10":"product_cat-produse-cosmetice-pentru-piele","12":"first","13":"instock","14":"sale","15":"product-type-external","16":"entry","17":"content-bg","18":"loop-entry"},"acf":[],"yoast_head":"<!-- This site is optimized with the Yoast SEO plugin v27.3 - https:\/\/yoast.com\/product\/yoast-seo-wordpress\/ -->\n<title>Nivea Crem\u0103 pentru ten Specialist Invisible Daily Fluid SPF 50+ 40 ml - SHOPATOA.COM<\/title>\n<meta name=\"robots\" content=\"index, follow, max-snippet:-1, max-image-preview:large, max-video-preview:-1\" \/>\n<link rel=\"canonical\" href=\"https:\/\/shopatoa.com\/ro\/nivea-crema-pentru-ten-specialist-invisible-daily-fluid-spf-50-40-ml\/\" \/>\n<meta property=\"og:locale\" content=\"ro_RO\" \/>\n<meta property=\"og:type\" content=\"article\" \/>\n<meta property=\"og:title\" content=\"Nivea Crem\u0103 pentru ten Specialist Invisible Daily Fluid SPF 50+ 40 ml - SHOPATOA.COM\" \/>\n<meta property=\"og:description\" content=\"Crema u\u0219oar\u0103 de bronzare este potrivit\u0103 \u0219i pentru pielea sensibil\u0103. Lichidul ultra-u\u0219or se absoarbe rapid, nu \u00eenfund\u0103 porii, nu se lipe\u0219te, nu las\u0103 o pelicul\u0103 uleioas\u0103 \u0219i v\u0103 va ajuta la uniformizarea nuan\u021bei pielii, astfel \u00eenc\u00e2t s\u0103 v\u0103 sim\u021bi\u021bi grozav chiar \u0219i pe plaj\u0103. \u00cel pute\u021bi folosi in fiecare zi, singur sau sub machiaj. Crema...\" \/>\n<meta property=\"og:url\" content=\"https:\/\/shopatoa.com\/ro\/nivea-crema-pentru-ten-specialist-invisible-daily-fluid-spf-50-40-ml\/\" \/>\n<meta property=\"og:site_name\" content=\"SHOPATOA\" \/>\n<meta property=\"article:modified_time\" content=\"2025-12-10T07:24:06+00:00\" \/>\n<meta property=\"og:image\" content=\"https:\/\/storage.googleapis.com\/cz-shopatoa-img\/ro\/d58dcedd-unnamed-file.webp\" \/>\n\t<meta property=\"og:image:width\" content=\"800\" \/>\n\t<meta property=\"og:image:height\" content=\"800\" \/>\n\t<meta property=\"og:image:type\" content=\"image\/webp\" \/>\n<meta name=\"twitter:card\" content=\"summary_large_image\" \/>\n<meta name=\"twitter:label1\" content=\"Timp estimat pentru citire\" \/>\n\t<meta name=\"twitter:data1\" content=\"1 minut\" \/>\n<script type=\"application\/ld+json\" class=\"yoast-schema-graph\">{\"@context\":\"https:\\\/\\\/schema.org\",\"@graph\":[{\"@type\":\"WebPage\",\"@id\":\"https:\\\/\\\/shopatoa.com\\\/ro\\\/nivea-crema-pentru-ten-specialist-invisible-daily-fluid-spf-50-40-ml\\\/\",\"url\":\"https:\\\/\\\/shopatoa.com\\\/ro\\\/nivea-crema-pentru-ten-specialist-invisible-daily-fluid-spf-50-40-ml\\\/\",\"name\":\"Nivea Crem\u0103 pentru ten Specialist Invisible Daily Fluid SPF 50+ 40 ml - SHOPATOA.COM\",\"isPartOf\":{\"@id\":\"https:\\\/\\\/shopatoa.com\\\/ro\\\/#website\"},\"primaryImageOfPage\":{\"@id\":\"https:\\\/\\\/shopatoa.com\\\/ro\\\/nivea-crema-pentru-ten-specialist-invisible-daily-fluid-spf-50-40-ml\\\/#primaryimage\"},\"image\":{\"@id\":\"https:\\\/\\\/shopatoa.com\\\/ro\\\/nivea-crema-pentru-ten-specialist-invisible-daily-fluid-spf-50-40-ml\\\/#primaryimage\"},\"thumbnailUrl\":\"https:\\\/\\\/storage.googleapis.com\\\/cz-shopatoa-img\\\/ro\\\/d58dcedd-unnamed-file.webp\",\"datePublished\":\"2025-05-06T14:16:21+00:00\",\"dateModified\":\"2025-12-10T07:24:06+00:00\",\"breadcrumb\":{\"@id\":\"https:\\\/\\\/shopatoa.com\\\/ro\\\/nivea-crema-pentru-ten-specialist-invisible-daily-fluid-spf-50-40-ml\\\/#breadcrumb\"},\"inLanguage\":\"ro-RO\",\"potentialAction\":[{\"@type\":\"ReadAction\",\"target\":[\"https:\\\/\\\/shopatoa.com\\\/ro\\\/nivea-crema-pentru-ten-specialist-invisible-daily-fluid-spf-50-40-ml\\\/\"]}]},{\"@type\":\"ImageObject\",\"inLanguage\":\"ro-RO\",\"@id\":\"https:\\\/\\\/shopatoa.com\\\/ro\\\/nivea-crema-pentru-ten-specialist-invisible-daily-fluid-spf-50-40-ml\\\/#primaryimage\",\"url\":\"https:\\\/\\\/storage.googleapis.com\\\/cz-shopatoa-img\\\/ro\\\/d58dcedd-unnamed-file.webp\",\"contentUrl\":\"https:\\\/\\\/storage.googleapis.com\\\/cz-shopatoa-img\\\/ro\\\/d58dcedd-unnamed-file.webp\",\"width\":800,\"height\":800},{\"@type\":\"BreadcrumbList\",\"@id\":\"https:\\\/\\\/shopatoa.com\\\/ro\\\/nivea-crema-pentru-ten-specialist-invisible-daily-fluid-spf-50-40-ml\\\/#breadcrumb\",\"itemListElement\":[{\"@type\":\"ListItem\",\"position\":1,\"name\":\"Dom\u016f\",\"item\":\"https:\\\/\\\/shopatoa.com\\\/ro\\\/\"},{\"@type\":\"ListItem\",\"position\":2,\"name\":\"Shop\",\"item\":\"https:\\\/\\\/shopatoa.com\\\/ro\\\/shop\\\/\"},{\"@type\":\"ListItem\",\"position\":3,\"name\":\"Cosmetice\",\"item\":\"https:\\\/\\\/shopatoa.com\\\/ro\\\/cosmetice\\\/\"},{\"@type\":\"ListItem\",\"position\":4,\"name\":\"Produse cosmetice pentru piele\",\"item\":\"https:\\\/\\\/shopatoa.com\\\/ro\\\/produse-cosmetice-pentru-piele\\\/\"},{\"@type\":\"ListItem\",\"position\":5,\"name\":\"Produse cosmetice de \u00eengrijire a pielii\",\"item\":\"https:\\\/\\\/shopatoa.com\\\/ro\\\/produse-cosmetice-de-ingrijire-a-pielii\\\/\"},{\"@type\":\"ListItem\",\"position\":6,\"name\":\"Produse cosmetice pentru bronzare\",\"item\":\"https:\\\/\\\/shopatoa.com\\\/ro\\\/produse-cosmetice-pentru-bronzare\\\/\"},{\"@type\":\"ListItem\",\"position\":7,\"name\":\"Nivea Crem\u0103 pentru ten Specialist Invisible Daily Fluid SPF 50+ 40 ml\"}]},{\"@type\":\"WebSite\",\"@id\":\"https:\\\/\\\/shopatoa.com\\\/ro\\\/#website\",\"url\":\"https:\\\/\\\/shopatoa.com\\\/ro\\\/\",\"name\":\"SHOPATOA\",\"description\":\"\",\"publisher\":{\"@id\":\"https:\\\/\\\/shopatoa.com\\\/ro\\\/#organization\"},\"potentialAction\":[{\"@type\":\"SearchAction\",\"target\":{\"@type\":\"EntryPoint\",\"urlTemplate\":\"https:\\\/\\\/shopatoa.com\\\/ro\\\/?s={search_term_string}\"},\"query-input\":{\"@type\":\"PropertyValueSpecification\",\"valueRequired\":true,\"valueName\":\"search_term_string\"}}],\"inLanguage\":\"ro-RO\"},{\"@type\":\"Organization\",\"@id\":\"https:\\\/\\\/shopatoa.com\\\/ro\\\/#organization\",\"name\":\"SHOPATOA\",\"url\":\"https:\\\/\\\/shopatoa.com\\\/ro\\\/\",\"logo\":{\"@type\":\"ImageObject\",\"inLanguage\":\"ro-RO\",\"@id\":\"https:\\\/\\\/shopatoa.com\\\/ro\\\/#\\\/schema\\\/logo\\\/image\\\/\",\"url\":\"https:\\\/\\\/storage.googleapis.com\\\/cz-shopatoa-img\\\/ro\\\/b4dac915-shopatoa_logo.png\",\"contentUrl\":\"https:\\\/\\\/storage.googleapis.com\\\/cz-shopatoa-img\\\/ro\\\/b4dac915-shopatoa_logo.png\",\"width\":416,\"height\":63,\"caption\":\"SHOPATOA\"},\"image\":{\"@id\":\"https:\\\/\\\/shopatoa.com\\\/ro\\\/#\\\/schema\\\/logo\\\/image\\\/\"}}]}<\/script>\n<!-- \/ Yoast SEO plugin. -->","yoast_head_json":{"title":"Nivea Crem\u0103 pentru ten Specialist Invisible Daily Fluid SPF 50+ 40 ml - SHOPATOA.COM","robots":{"index":"index","follow":"follow","max-snippet":"max-snippet:-1","max-image-preview":"max-image-preview:large","max-video-preview":"max-video-preview:-1"},"canonical":"https:\/\/shopatoa.com\/ro\/nivea-crema-pentru-ten-specialist-invisible-daily-fluid-spf-50-40-ml\/","og_locale":"ro_RO","og_type":"article","og_title":"Nivea Crem\u0103 pentru ten Specialist Invisible Daily Fluid SPF 50+ 40 ml - SHOPATOA.COM","og_description":"Crema u\u0219oar\u0103 de bronzare este potrivit\u0103 \u0219i pentru pielea sensibil\u0103. Lichidul ultra-u\u0219or se absoarbe rapid, nu \u00eenfund\u0103 porii, nu se lipe\u0219te, nu las\u0103 o pelicul\u0103 uleioas\u0103 \u0219i v\u0103 va ajuta la uniformizarea nuan\u021bei pielii, astfel \u00eenc\u00e2t s\u0103 v\u0103 sim\u021bi\u021bi grozav chiar \u0219i pe plaj\u0103. \u00cel pute\u021bi folosi in fiecare zi, singur sau sub machiaj. Crema...","og_url":"https:\/\/shopatoa.com\/ro\/nivea-crema-pentru-ten-specialist-invisible-daily-fluid-spf-50-40-ml\/","og_site_name":"SHOPATOA","article_modified_time":"2025-12-10T07:24:06+00:00","og_image":[{"width":800,"height":800,"url":"https:\/\/storage.googleapis.com\/cz-shopatoa-img\/ro\/d58dcedd-unnamed-file.webp","type":"image\/webp"}],"twitter_card":"summary_large_image","twitter_misc":{"Timp estimat pentru citire":"1 minut"},"schema":{"@context":"https:\/\/schema.org","@graph":[{"@type":"WebPage","@id":"https:\/\/shopatoa.com\/ro\/nivea-crema-pentru-ten-specialist-invisible-daily-fluid-spf-50-40-ml\/","url":"https:\/\/shopatoa.com\/ro\/nivea-crema-pentru-ten-specialist-invisible-daily-fluid-spf-50-40-ml\/","name":"Nivea Crem\u0103 pentru ten Specialist Invisible Daily Fluid SPF 50+ 40 ml - SHOPATOA.COM","isPartOf":{"@id":"https:\/\/shopatoa.com\/ro\/#website"},"primaryImageOfPage":{"@id":"https:\/\/shopatoa.com\/ro\/nivea-crema-pentru-ten-specialist-invisible-daily-fluid-spf-50-40-ml\/#primaryimage"},"image":{"@id":"https:\/\/shopatoa.com\/ro\/nivea-crema-pentru-ten-specialist-invisible-daily-fluid-spf-50-40-ml\/#primaryimage"},"thumbnailUrl":"https:\/\/storage.googleapis.com\/cz-shopatoa-img\/ro\/d58dcedd-unnamed-file.webp","datePublished":"2025-05-06T14:16:21+00:00","dateModified":"2025-12-10T07:24:06+00:00","breadcrumb":{"@id":"https:\/\/shopatoa.com\/ro\/nivea-crema-pentru-ten-specialist-invisible-daily-fluid-spf-50-40-ml\/#breadcrumb"},"inLanguage":"ro-RO","potentialAction":[{"@type":"ReadAction","target":["https:\/\/shopatoa.com\/ro\/nivea-crema-pentru-ten-specialist-invisible-daily-fluid-spf-50-40-ml\/"]}]},{"@type":"ImageObject","inLanguage":"ro-RO","@id":"https:\/\/shopatoa.com\/ro\/nivea-crema-pentru-ten-specialist-invisible-daily-fluid-spf-50-40-ml\/#primaryimage","url":"https:\/\/storage.googleapis.com\/cz-shopatoa-img\/ro\/d58dcedd-unnamed-file.webp","contentUrl":"https:\/\/storage.googleapis.com\/cz-shopatoa-img\/ro\/d58dcedd-unnamed-file.webp","width":800,"height":800},{"@type":"BreadcrumbList","@id":"https:\/\/shopatoa.com\/ro\/nivea-crema-pentru-ten-specialist-invisible-daily-fluid-spf-50-40-ml\/#breadcrumb","itemListElement":[{"@type":"ListItem","position":1,"name":"Dom\u016f","item":"https:\/\/shopatoa.com\/ro\/"},{"@type":"ListItem","position":2,"name":"Shop","item":"https:\/\/shopatoa.com\/ro\/shop\/"},{"@type":"ListItem","position":3,"name":"Cosmetice","item":"https:\/\/shopatoa.com\/ro\/cosmetice\/"},{"@type":"ListItem","position":4,"name":"Produse cosmetice pentru piele","item":"https:\/\/shopatoa.com\/ro\/produse-cosmetice-pentru-piele\/"},{"@type":"ListItem","position":5,"name":"Produse cosmetice de \u00eengrijire a pielii","item":"https:\/\/shopatoa.com\/ro\/produse-cosmetice-de-ingrijire-a-pielii\/"},{"@type":"ListItem","position":6,"name":"Produse cosmetice pentru bronzare","item":"https:\/\/shopatoa.com\/ro\/produse-cosmetice-pentru-bronzare\/"},{"@type":"ListItem","position":7,"name":"Nivea Crem\u0103 pentru ten Specialist Invisible Daily Fluid SPF 50+ 40 ml"}]},{"@type":"WebSite","@id":"https:\/\/shopatoa.com\/ro\/#website","url":"https:\/\/shopatoa.com\/ro\/","name":"SHOPATOA","description":"","publisher":{"@id":"https:\/\/shopatoa.com\/ro\/#organization"},"potentialAction":[{"@type":"SearchAction","target":{"@type":"EntryPoint","urlTemplate":"https:\/\/shopatoa.com\/ro\/?s={search_term_string}"},"query-input":{"@type":"PropertyValueSpecification","valueRequired":true,"valueName":"search_term_string"}}],"inLanguage":"ro-RO"},{"@type":"Organization","@id":"https:\/\/shopatoa.com\/ro\/#organization","name":"SHOPATOA","url":"https:\/\/shopatoa.com\/ro\/","logo":{"@type":"ImageObject","inLanguage":"ro-RO","@id":"https:\/\/shopatoa.com\/ro\/#\/schema\/logo\/image\/","url":"https:\/\/storage.googleapis.com\/cz-shopatoa-img\/ro\/b4dac915-shopatoa_logo.png","contentUrl":"https:\/\/storage.googleapis.com\/cz-shopatoa-img\/ro\/b4dac915-shopatoa_logo.png","width":416,"height":63,"caption":"SHOPATOA"},"image":{"@id":"https:\/\/shopatoa.com\/ro\/#\/schema\/logo\/image\/"}}]}},"_links":{"self":[{"href":"https:\/\/shopatoa.com\/ro\/wp-json\/wp\/v2\/product\/328529","targetHints":{"allow":["GET"]}}],"collection":[{"href":"https:\/\/shopatoa.com\/ro\/wp-json\/wp\/v2\/product"}],"about":[{"href":"https:\/\/shopatoa.com\/ro\/wp-json\/wp\/v2\/types\/product"}],"replies":[{"embeddable":true,"href":"https:\/\/shopatoa.com\/ro\/wp-json\/wp\/v2\/comments?post=328529"}],"wp:featuredmedia":[{"embeddable":true,"href":"https:\/\/shopatoa.com\/ro\/wp-json\/wp\/v2\/media\/328531"}],"wp:attachment":[{"href":"https:\/\/shopatoa.com\/ro\/wp-json\/wp\/v2\/media?parent=328529"}],"wp:term":[{"taxonomy":"product_brand","embeddable":true,"href":"https:\/\/shopatoa.com\/ro\/wp-json\/wp\/v2\/product_brand?post=328529"},{"taxonomy":"product_cat","embeddable":true,"href":"https:\/\/shopatoa.com\/ro\/wp-json\/wp\/v2\/product_cat?post=328529"},{"taxonomy":"product_tag","embeddable":true,"href":"https:\/\/shopatoa.com\/ro\/wp-json\/wp\/v2\/product_tag?post=328529"}],"curies":[{"name":"wp","href":"https:\/\/api.w.org\/{rel}","templated":true}]}}