{"id":328660,"date":"2025-05-06T16:40:08","date_gmt":"2025-05-06T14:40:08","guid":{"rendered":"https:\/\/shopatoa.com\/ro\/acm-crema-de-protectie-anti-imbatranire-spf-50-duolys-anti-imbatranire-sunscreen-cream-50-ml\/"},"modified":"2025-12-10T08:13:56","modified_gmt":"2025-12-10T07:13:56","slug":"acm-crema-de-protectie-anti-imbatranire-spf-50-duolys-anti-imbatranire-sunscreen-cream-50-ml","status":"publish","type":"product","link":"https:\/\/shopatoa.com\/ro\/acm-crema-de-protectie-anti-imbatranire-spf-50-duolys-anti-imbatranire-sunscreen-cream-50-ml\/","title":{"rendered":"ACM Crem\u0103 de protec\u021bie anti-\u00eemb\u0103tr\u00e2nire SPF 50+ Duolys (Anti-\u00eemb\u0103tr\u00e2nire Sunscreen Cream) 50 ml"},"content":{"rendered":"<p>Crema de protec\u021bie protejeaz\u0103 \u00een mod eficient pielea de lumina soarelui. Cu un con\u021binut de filtre organice \u0219i minerale \u0219i extract de perle micronizat, asigur\u0103 protec\u021bia necesar\u0103. Protejeaz\u0103 pielea \u00eempotriva \u00eemb\u0103tr\u00e2nirii.<\/p>\n","protected":false},"excerpt":{"rendered":"<p>Crema de protec\u021bie protejeaz\u0103 \u00een mod eficient pielea de lumina soarelui. Cu un con\u021binut de filtre organice \u0219i minerale \u0219i extract de perle micronizat, asigur\u0103 protec\u021bia necesar\u0103. Protejeaz\u0103 pielea \u00eempotriva \u00eemb\u0103tr\u00e2nirii.<\/p>\n","protected":false},"featured_media":328662,"comment_status":"closed","ping_status":"open","template":"","meta":{"_acf_changed":false,"_kadence_starter_templates_imported_post":false,"_kad_post_transparent":"","_kad_post_title":"","_kad_post_layout":"","_kad_post_sidebar_id":"","_kad_post_content_style":"","_kad_post_vertical_padding":"","_kad_post_feature":"","_kad_post_feature_position":"","_kad_post_header":false,"_kad_post_footer":false,"_kad_post_classname":""},"product_brand":[281],"product_cat":[246,634,633,665],"product_tag":[],"class_list":{"0":"post-328660","1":"product","2":"type-product","3":"status-publish","4":"has-post-thumbnail","6":"product_brand-acm","7":"product_cat-cosmetice","8":"product_cat-produse-cosmetice-de-ingrijire-a-pielii","9":"product_cat-produse-cosmetice-pentru-piele","10":"product_cat-produse-cosmetice-pentru-riduri-si-anti-imbatranire","12":"first","13":"instock","14":"sale","15":"product-type-external","16":"entry","17":"content-bg","18":"loop-entry"},"acf":[],"yoast_head":"<!-- This site is optimized with the Yoast SEO plugin v27.3 - https:\/\/yoast.com\/product\/yoast-seo-wordpress\/ -->\n<title>ACM Crem\u0103 de protec\u021bie anti-\u00eemb\u0103tr\u00e2nire SPF 50+ Duolys (Anti-\u00eemb\u0103tr\u00e2nire Sunscreen Cream) 50 ml - SHOPATOA.COM<\/title>\n<meta name=\"robots\" content=\"index, follow, max-snippet:-1, max-image-preview:large, max-video-preview:-1\" \/>\n<link rel=\"canonical\" href=\"https:\/\/shopatoa.com\/ro\/acm-crema-de-protectie-anti-imbatranire-spf-50-duolys-anti-imbatranire-sunscreen-cream-50-ml\/\" \/>\n<meta property=\"og:locale\" content=\"ro_RO\" \/>\n<meta property=\"og:type\" content=\"article\" \/>\n<meta property=\"og:title\" content=\"ACM Crem\u0103 de protec\u021bie anti-\u00eemb\u0103tr\u00e2nire SPF 50+ Duolys (Anti-\u00eemb\u0103tr\u00e2nire Sunscreen Cream) 50 ml - SHOPATOA.COM\" \/>\n<meta property=\"og:description\" content=\"Crema de protec\u021bie protejeaz\u0103 \u00een mod eficient pielea de lumina soarelui. Cu un con\u021binut de filtre organice \u0219i minerale \u0219i extract de perle micronizat, asigur\u0103 protec\u021bia necesar\u0103. Protejeaz\u0103 pielea \u00eempotriva \u00eemb\u0103tr\u00e2nirii.\" \/>\n<meta property=\"og:url\" content=\"https:\/\/shopatoa.com\/ro\/acm-crema-de-protectie-anti-imbatranire-spf-50-duolys-anti-imbatranire-sunscreen-cream-50-ml\/\" \/>\n<meta property=\"og:site_name\" content=\"SHOPATOA\" \/>\n<meta property=\"article:modified_time\" content=\"2025-12-10T07:13:56+00:00\" \/>\n<meta property=\"og:image\" content=\"https:\/\/storage.googleapis.com\/cz-shopatoa-img\/ro\/4daa93f7-unnamed-file.webp\" \/>\n\t<meta property=\"og:image:width\" content=\"800\" \/>\n\t<meta property=\"og:image:height\" content=\"800\" \/>\n\t<meta property=\"og:image:type\" content=\"image\/webp\" \/>\n<meta name=\"twitter:card\" content=\"summary_large_image\" \/>\n<script type=\"application\/ld+json\" class=\"yoast-schema-graph\">{\"@context\":\"https:\\\/\\\/schema.org\",\"@graph\":[{\"@type\":\"WebPage\",\"@id\":\"https:\\\/\\\/shopatoa.com\\\/ro\\\/acm-crema-de-protectie-anti-imbatranire-spf-50-duolys-anti-imbatranire-sunscreen-cream-50-ml\\\/\",\"url\":\"https:\\\/\\\/shopatoa.com\\\/ro\\\/acm-crema-de-protectie-anti-imbatranire-spf-50-duolys-anti-imbatranire-sunscreen-cream-50-ml\\\/\",\"name\":\"ACM Crem\u0103 de protec\u021bie anti-\u00eemb\u0103tr\u00e2nire SPF 50+ Duolys (Anti-\u00eemb\u0103tr\u00e2nire Sunscreen Cream) 50 ml - SHOPATOA.COM\",\"isPartOf\":{\"@id\":\"https:\\\/\\\/shopatoa.com\\\/ro\\\/#website\"},\"primaryImageOfPage\":{\"@id\":\"https:\\\/\\\/shopatoa.com\\\/ro\\\/acm-crema-de-protectie-anti-imbatranire-spf-50-duolys-anti-imbatranire-sunscreen-cream-50-ml\\\/#primaryimage\"},\"image\":{\"@id\":\"https:\\\/\\\/shopatoa.com\\\/ro\\\/acm-crema-de-protectie-anti-imbatranire-spf-50-duolys-anti-imbatranire-sunscreen-cream-50-ml\\\/#primaryimage\"},\"thumbnailUrl\":\"https:\\\/\\\/storage.googleapis.com\\\/cz-shopatoa-img\\\/ro\\\/4daa93f7-unnamed-file.webp\",\"datePublished\":\"2025-05-06T14:40:08+00:00\",\"dateModified\":\"2025-12-10T07:13:56+00:00\",\"breadcrumb\":{\"@id\":\"https:\\\/\\\/shopatoa.com\\\/ro\\\/acm-crema-de-protectie-anti-imbatranire-spf-50-duolys-anti-imbatranire-sunscreen-cream-50-ml\\\/#breadcrumb\"},\"inLanguage\":\"ro-RO\",\"potentialAction\":[{\"@type\":\"ReadAction\",\"target\":[\"https:\\\/\\\/shopatoa.com\\\/ro\\\/acm-crema-de-protectie-anti-imbatranire-spf-50-duolys-anti-imbatranire-sunscreen-cream-50-ml\\\/\"]}]},{\"@type\":\"ImageObject\",\"inLanguage\":\"ro-RO\",\"@id\":\"https:\\\/\\\/shopatoa.com\\\/ro\\\/acm-crema-de-protectie-anti-imbatranire-spf-50-duolys-anti-imbatranire-sunscreen-cream-50-ml\\\/#primaryimage\",\"url\":\"https:\\\/\\\/storage.googleapis.com\\\/cz-shopatoa-img\\\/ro\\\/4daa93f7-unnamed-file.webp\",\"contentUrl\":\"https:\\\/\\\/storage.googleapis.com\\\/cz-shopatoa-img\\\/ro\\\/4daa93f7-unnamed-file.webp\",\"width\":800,\"height\":800},{\"@type\":\"BreadcrumbList\",\"@id\":\"https:\\\/\\\/shopatoa.com\\\/ro\\\/acm-crema-de-protectie-anti-imbatranire-spf-50-duolys-anti-imbatranire-sunscreen-cream-50-ml\\\/#breadcrumb\",\"itemListElement\":[{\"@type\":\"ListItem\",\"position\":1,\"name\":\"Dom\u016f\",\"item\":\"https:\\\/\\\/shopatoa.com\\\/ro\\\/\"},{\"@type\":\"ListItem\",\"position\":2,\"name\":\"Shop\",\"item\":\"https:\\\/\\\/shopatoa.com\\\/ro\\\/shop\\\/\"},{\"@type\":\"ListItem\",\"position\":3,\"name\":\"Cosmetice\",\"item\":\"https:\\\/\\\/shopatoa.com\\\/ro\\\/cosmetice\\\/\"},{\"@type\":\"ListItem\",\"position\":4,\"name\":\"Produse cosmetice pentru piele\",\"item\":\"https:\\\/\\\/shopatoa.com\\\/ro\\\/produse-cosmetice-pentru-piele\\\/\"},{\"@type\":\"ListItem\",\"position\":5,\"name\":\"Produse cosmetice de \u00eengrijire a pielii\",\"item\":\"https:\\\/\\\/shopatoa.com\\\/ro\\\/produse-cosmetice-de-ingrijire-a-pielii\\\/\"},{\"@type\":\"ListItem\",\"position\":6,\"name\":\"Produse cosmetice pentru riduri \u0219i anti-\u00eemb\u0103tr\u00e2nire\",\"item\":\"https:\\\/\\\/shopatoa.com\\\/ro\\\/produse-cosmetice-pentru-riduri-si-anti-imbatranire\\\/\"},{\"@type\":\"ListItem\",\"position\":7,\"name\":\"ACM Crem\u0103 de protec\u021bie anti-\u00eemb\u0103tr\u00e2nire SPF 50+ Duolys (Anti-\u00eemb\u0103tr\u00e2nire Sunscreen Cream) 50 ml\"}]},{\"@type\":\"WebSite\",\"@id\":\"https:\\\/\\\/shopatoa.com\\\/ro\\\/#website\",\"url\":\"https:\\\/\\\/shopatoa.com\\\/ro\\\/\",\"name\":\"SHOPATOA\",\"description\":\"\",\"publisher\":{\"@id\":\"https:\\\/\\\/shopatoa.com\\\/ro\\\/#organization\"},\"potentialAction\":[{\"@type\":\"SearchAction\",\"target\":{\"@type\":\"EntryPoint\",\"urlTemplate\":\"https:\\\/\\\/shopatoa.com\\\/ro\\\/?s={search_term_string}\"},\"query-input\":{\"@type\":\"PropertyValueSpecification\",\"valueRequired\":true,\"valueName\":\"search_term_string\"}}],\"inLanguage\":\"ro-RO\"},{\"@type\":\"Organization\",\"@id\":\"https:\\\/\\\/shopatoa.com\\\/ro\\\/#organization\",\"name\":\"SHOPATOA\",\"url\":\"https:\\\/\\\/shopatoa.com\\\/ro\\\/\",\"logo\":{\"@type\":\"ImageObject\",\"inLanguage\":\"ro-RO\",\"@id\":\"https:\\\/\\\/shopatoa.com\\\/ro\\\/#\\\/schema\\\/logo\\\/image\\\/\",\"url\":\"https:\\\/\\\/storage.googleapis.com\\\/cz-shopatoa-img\\\/ro\\\/b4dac915-shopatoa_logo.png\",\"contentUrl\":\"https:\\\/\\\/storage.googleapis.com\\\/cz-shopatoa-img\\\/ro\\\/b4dac915-shopatoa_logo.png\",\"width\":416,\"height\":63,\"caption\":\"SHOPATOA\"},\"image\":{\"@id\":\"https:\\\/\\\/shopatoa.com\\\/ro\\\/#\\\/schema\\\/logo\\\/image\\\/\"}}]}<\/script>\n<!-- \/ Yoast SEO plugin. -->","yoast_head_json":{"title":"ACM Crem\u0103 de protec\u021bie anti-\u00eemb\u0103tr\u00e2nire SPF 50+ Duolys (Anti-\u00eemb\u0103tr\u00e2nire Sunscreen Cream) 50 ml - SHOPATOA.COM","robots":{"index":"index","follow":"follow","max-snippet":"max-snippet:-1","max-image-preview":"max-image-preview:large","max-video-preview":"max-video-preview:-1"},"canonical":"https:\/\/shopatoa.com\/ro\/acm-crema-de-protectie-anti-imbatranire-spf-50-duolys-anti-imbatranire-sunscreen-cream-50-ml\/","og_locale":"ro_RO","og_type":"article","og_title":"ACM Crem\u0103 de protec\u021bie anti-\u00eemb\u0103tr\u00e2nire SPF 50+ Duolys (Anti-\u00eemb\u0103tr\u00e2nire Sunscreen Cream) 50 ml - SHOPATOA.COM","og_description":"Crema de protec\u021bie protejeaz\u0103 \u00een mod eficient pielea de lumina soarelui. Cu un con\u021binut de filtre organice \u0219i minerale \u0219i extract de perle micronizat, asigur\u0103 protec\u021bia necesar\u0103. Protejeaz\u0103 pielea \u00eempotriva \u00eemb\u0103tr\u00e2nirii.","og_url":"https:\/\/shopatoa.com\/ro\/acm-crema-de-protectie-anti-imbatranire-spf-50-duolys-anti-imbatranire-sunscreen-cream-50-ml\/","og_site_name":"SHOPATOA","article_modified_time":"2025-12-10T07:13:56+00:00","og_image":[{"width":800,"height":800,"url":"https:\/\/storage.googleapis.com\/cz-shopatoa-img\/ro\/4daa93f7-unnamed-file.webp","type":"image\/webp"}],"twitter_card":"summary_large_image","schema":{"@context":"https:\/\/schema.org","@graph":[{"@type":"WebPage","@id":"https:\/\/shopatoa.com\/ro\/acm-crema-de-protectie-anti-imbatranire-spf-50-duolys-anti-imbatranire-sunscreen-cream-50-ml\/","url":"https:\/\/shopatoa.com\/ro\/acm-crema-de-protectie-anti-imbatranire-spf-50-duolys-anti-imbatranire-sunscreen-cream-50-ml\/","name":"ACM Crem\u0103 de protec\u021bie anti-\u00eemb\u0103tr\u00e2nire SPF 50+ Duolys (Anti-\u00eemb\u0103tr\u00e2nire Sunscreen Cream) 50 ml - SHOPATOA.COM","isPartOf":{"@id":"https:\/\/shopatoa.com\/ro\/#website"},"primaryImageOfPage":{"@id":"https:\/\/shopatoa.com\/ro\/acm-crema-de-protectie-anti-imbatranire-spf-50-duolys-anti-imbatranire-sunscreen-cream-50-ml\/#primaryimage"},"image":{"@id":"https:\/\/shopatoa.com\/ro\/acm-crema-de-protectie-anti-imbatranire-spf-50-duolys-anti-imbatranire-sunscreen-cream-50-ml\/#primaryimage"},"thumbnailUrl":"https:\/\/storage.googleapis.com\/cz-shopatoa-img\/ro\/4daa93f7-unnamed-file.webp","datePublished":"2025-05-06T14:40:08+00:00","dateModified":"2025-12-10T07:13:56+00:00","breadcrumb":{"@id":"https:\/\/shopatoa.com\/ro\/acm-crema-de-protectie-anti-imbatranire-spf-50-duolys-anti-imbatranire-sunscreen-cream-50-ml\/#breadcrumb"},"inLanguage":"ro-RO","potentialAction":[{"@type":"ReadAction","target":["https:\/\/shopatoa.com\/ro\/acm-crema-de-protectie-anti-imbatranire-spf-50-duolys-anti-imbatranire-sunscreen-cream-50-ml\/"]}]},{"@type":"ImageObject","inLanguage":"ro-RO","@id":"https:\/\/shopatoa.com\/ro\/acm-crema-de-protectie-anti-imbatranire-spf-50-duolys-anti-imbatranire-sunscreen-cream-50-ml\/#primaryimage","url":"https:\/\/storage.googleapis.com\/cz-shopatoa-img\/ro\/4daa93f7-unnamed-file.webp","contentUrl":"https:\/\/storage.googleapis.com\/cz-shopatoa-img\/ro\/4daa93f7-unnamed-file.webp","width":800,"height":800},{"@type":"BreadcrumbList","@id":"https:\/\/shopatoa.com\/ro\/acm-crema-de-protectie-anti-imbatranire-spf-50-duolys-anti-imbatranire-sunscreen-cream-50-ml\/#breadcrumb","itemListElement":[{"@type":"ListItem","position":1,"name":"Dom\u016f","item":"https:\/\/shopatoa.com\/ro\/"},{"@type":"ListItem","position":2,"name":"Shop","item":"https:\/\/shopatoa.com\/ro\/shop\/"},{"@type":"ListItem","position":3,"name":"Cosmetice","item":"https:\/\/shopatoa.com\/ro\/cosmetice\/"},{"@type":"ListItem","position":4,"name":"Produse cosmetice pentru piele","item":"https:\/\/shopatoa.com\/ro\/produse-cosmetice-pentru-piele\/"},{"@type":"ListItem","position":5,"name":"Produse cosmetice de \u00eengrijire a pielii","item":"https:\/\/shopatoa.com\/ro\/produse-cosmetice-de-ingrijire-a-pielii\/"},{"@type":"ListItem","position":6,"name":"Produse cosmetice pentru riduri \u0219i anti-\u00eemb\u0103tr\u00e2nire","item":"https:\/\/shopatoa.com\/ro\/produse-cosmetice-pentru-riduri-si-anti-imbatranire\/"},{"@type":"ListItem","position":7,"name":"ACM Crem\u0103 de protec\u021bie anti-\u00eemb\u0103tr\u00e2nire SPF 50+ Duolys (Anti-\u00eemb\u0103tr\u00e2nire Sunscreen Cream) 50 ml"}]},{"@type":"WebSite","@id":"https:\/\/shopatoa.com\/ro\/#website","url":"https:\/\/shopatoa.com\/ro\/","name":"SHOPATOA","description":"","publisher":{"@id":"https:\/\/shopatoa.com\/ro\/#organization"},"potentialAction":[{"@type":"SearchAction","target":{"@type":"EntryPoint","urlTemplate":"https:\/\/shopatoa.com\/ro\/?s={search_term_string}"},"query-input":{"@type":"PropertyValueSpecification","valueRequired":true,"valueName":"search_term_string"}}],"inLanguage":"ro-RO"},{"@type":"Organization","@id":"https:\/\/shopatoa.com\/ro\/#organization","name":"SHOPATOA","url":"https:\/\/shopatoa.com\/ro\/","logo":{"@type":"ImageObject","inLanguage":"ro-RO","@id":"https:\/\/shopatoa.com\/ro\/#\/schema\/logo\/image\/","url":"https:\/\/storage.googleapis.com\/cz-shopatoa-img\/ro\/b4dac915-shopatoa_logo.png","contentUrl":"https:\/\/storage.googleapis.com\/cz-shopatoa-img\/ro\/b4dac915-shopatoa_logo.png","width":416,"height":63,"caption":"SHOPATOA"},"image":{"@id":"https:\/\/shopatoa.com\/ro\/#\/schema\/logo\/image\/"}}]}},"_links":{"self":[{"href":"https:\/\/shopatoa.com\/ro\/wp-json\/wp\/v2\/product\/328660","targetHints":{"allow":["GET"]}}],"collection":[{"href":"https:\/\/shopatoa.com\/ro\/wp-json\/wp\/v2\/product"}],"about":[{"href":"https:\/\/shopatoa.com\/ro\/wp-json\/wp\/v2\/types\/product"}],"replies":[{"embeddable":true,"href":"https:\/\/shopatoa.com\/ro\/wp-json\/wp\/v2\/comments?post=328660"}],"wp:featuredmedia":[{"embeddable":true,"href":"https:\/\/shopatoa.com\/ro\/wp-json\/wp\/v2\/media\/328662"}],"wp:attachment":[{"href":"https:\/\/shopatoa.com\/ro\/wp-json\/wp\/v2\/media?parent=328660"}],"wp:term":[{"taxonomy":"product_brand","embeddable":true,"href":"https:\/\/shopatoa.com\/ro\/wp-json\/wp\/v2\/product_brand?post=328660"},{"taxonomy":"product_cat","embeddable":true,"href":"https:\/\/shopatoa.com\/ro\/wp-json\/wp\/v2\/product_cat?post=328660"},{"taxonomy":"product_tag","embeddable":true,"href":"https:\/\/shopatoa.com\/ro\/wp-json\/wp\/v2\/product_tag?post=328660"}],"curies":[{"name":"wp","href":"https:\/\/api.w.org\/{rel}","templated":true}]}}