{"id":328733,"date":"2025-05-06T16:51:38","date_gmt":"2025-05-06T14:51:38","guid":{"rendered":"https:\/\/shopatoa.com\/ro\/oral-b-capete-de-schimb-pentru-perie-io-gentle-care-4-buc\/"},"modified":"2025-05-06T16:51:46","modified_gmt":"2025-05-06T14:51:46","slug":"oral-b-capete-de-schimb-pentru-perie-io-gentle-care-4-buc","status":"publish","type":"product","link":"https:\/\/shopatoa.com\/ro\/oral-b-capete-de-schimb-pentru-perie-io-gentle-care-4-buc\/","title":{"rendered":"Oral B Capete de schimb pentru perie iO Gentle Care 4 buc"},"content":{"rendered":"<p>Capetele de periere Oral-B iO Gentle Care au fost concepute pentru o \u00eengrijire oral\u0103 delicat\u0103, dar extrem de eficient\u0103. Acestea combin\u0103 p\u00e2n\u0103 la 4.000 de fibre extrafine cu un inel exterior flexibil care se adapteaz\u0103 perfect la forma din\u021bilor, protej\u00e2nd \u00een acela\u0219i timp gingiile. Inspirat de instrumentele denti\u0219tilor profesioni\u0219ti, capul rotund unic ofer\u0103 o experien\u021b\u0103 de cur\u0103\u021bare profesional\u0103 \u00een fiecare zi, chiar \u0219i pentru cei cu din\u021bi sensibili sau gingii care s\u00e2ngereaz\u0103. Compatibile doar cu periu\u021bele de din\u021bi Oral-B iO.<\/p>\n","protected":false},"excerpt":{"rendered":"<p>Capetele de periere Oral-B iO Gentle Care au fost concepute pentru o \u00eengrijire oral\u0103 delicat\u0103, dar extrem de eficient\u0103. Acestea combin\u0103 p\u00e2n\u0103 la 4.000 de fibre extrafine cu un inel exterior flexibil care se adapteaz\u0103 perfect la forma din\u021bilor, protej\u00e2nd \u00een acela\u0219i timp gingiile. Inspirat de instrumentele denti\u0219tilor profesioni\u0219ti, capul rotund unic ofer\u0103 o experien\u021b\u0103&#8230;<\/p>\n","protected":false},"featured_media":328734,"comment_status":"closed","ping_status":"open","template":"","meta":{"_acf_changed":false,"_kadence_starter_templates_imported_post":false,"_kad_post_transparent":"","_kad_post_title":"","_kad_post_layout":"","_kad_post_sidebar_id":"","_kad_post_content_style":"","_kad_post_vertical_padding":"","_kad_post_feature":"","_kad_post_feature_position":"","_kad_post_header":false,"_kad_post_footer":false,"_kad_post_classname":""},"product_brand":[290],"product_cat":[246,709,764],"product_tag":[],"class_list":{"0":"post-328733","1":"product","2":"type-product","3":"status-publish","4":"has-post-thumbnail","6":"product_brand-oral-b","7":"product_cat-cosmetice","8":"product_cat-ingrijirea-dentara","9":"product_cat-periute-de-dinti-electrice","11":"first","12":"instock","13":"product-type-external","14":"entry","15":"content-bg","16":"loop-entry"},"acf":[],"yoast_head":"<!-- This site is optimized with the Yoast SEO plugin v27.4 - https:\/\/yoast.com\/product\/yoast-seo-wordpress\/ -->\n<title>Oral B Capete de schimb pentru perie iO Gentle Care 4 buc - SHOPATOA.COM<\/title>\n<meta name=\"robots\" content=\"index, follow, max-snippet:-1, max-image-preview:large, max-video-preview:-1\" \/>\n<link rel=\"canonical\" href=\"https:\/\/shopatoa.com\/ro\/oral-b-capete-de-schimb-pentru-perie-io-gentle-care-4-buc\/\" \/>\n<meta property=\"og:locale\" content=\"ro_RO\" \/>\n<meta property=\"og:type\" content=\"article\" \/>\n<meta property=\"og:title\" content=\"Oral B Capete de schimb pentru perie iO Gentle Care 4 buc - SHOPATOA.COM\" \/>\n<meta property=\"og:description\" content=\"Capetele de periere Oral-B iO Gentle Care au fost concepute pentru o \u00eengrijire oral\u0103 delicat\u0103, dar extrem de eficient\u0103. Acestea combin\u0103 p\u00e2n\u0103 la 4.000 de fibre extrafine cu un inel exterior flexibil care se adapteaz\u0103 perfect la forma din\u021bilor, protej\u00e2nd \u00een acela\u0219i timp gingiile. Inspirat de instrumentele denti\u0219tilor profesioni\u0219ti, capul rotund unic ofer\u0103 o experien\u021b\u0103...\" \/>\n<meta property=\"og:url\" content=\"https:\/\/shopatoa.com\/ro\/oral-b-capete-de-schimb-pentru-perie-io-gentle-care-4-buc\/\" \/>\n<meta property=\"og:site_name\" content=\"SHOPATOA\" \/>\n<meta property=\"article:modified_time\" content=\"2025-05-06T14:51:46+00:00\" \/>\n<meta property=\"og:image\" content=\"https:\/\/storage.googleapis.com\/cz-shopatoa-img\/ro\/dde433f8-unnamed-file.webp\" \/>\n\t<meta property=\"og:image:width\" content=\"800\" \/>\n\t<meta property=\"og:image:height\" content=\"800\" \/>\n\t<meta property=\"og:image:type\" content=\"image\/webp\" \/>\n<meta name=\"twitter:card\" content=\"summary_large_image\" \/>\n<script type=\"application\/ld+json\" class=\"yoast-schema-graph\">{\"@context\":\"https:\\\/\\\/schema.org\",\"@graph\":[{\"@type\":\"WebPage\",\"@id\":\"https:\\\/\\\/shopatoa.com\\\/ro\\\/oral-b-capete-de-schimb-pentru-perie-io-gentle-care-4-buc\\\/\",\"url\":\"https:\\\/\\\/shopatoa.com\\\/ro\\\/oral-b-capete-de-schimb-pentru-perie-io-gentle-care-4-buc\\\/\",\"name\":\"Oral B Capete de schimb pentru perie iO Gentle Care 4 buc - SHOPATOA.COM\",\"isPartOf\":{\"@id\":\"https:\\\/\\\/shopatoa.com\\\/ro\\\/#website\"},\"primaryImageOfPage\":{\"@id\":\"https:\\\/\\\/shopatoa.com\\\/ro\\\/oral-b-capete-de-schimb-pentru-perie-io-gentle-care-4-buc\\\/#primaryimage\"},\"image\":{\"@id\":\"https:\\\/\\\/shopatoa.com\\\/ro\\\/oral-b-capete-de-schimb-pentru-perie-io-gentle-care-4-buc\\\/#primaryimage\"},\"thumbnailUrl\":\"https:\\\/\\\/storage.googleapis.com\\\/cz-shopatoa-img\\\/ro\\\/dde433f8-unnamed-file.webp\",\"datePublished\":\"2025-05-06T14:51:38+00:00\",\"dateModified\":\"2025-05-06T14:51:46+00:00\",\"breadcrumb\":{\"@id\":\"https:\\\/\\\/shopatoa.com\\\/ro\\\/oral-b-capete-de-schimb-pentru-perie-io-gentle-care-4-buc\\\/#breadcrumb\"},\"inLanguage\":\"ro-RO\",\"potentialAction\":[{\"@type\":\"ReadAction\",\"target\":[\"https:\\\/\\\/shopatoa.com\\\/ro\\\/oral-b-capete-de-schimb-pentru-perie-io-gentle-care-4-buc\\\/\"]}]},{\"@type\":\"ImageObject\",\"inLanguage\":\"ro-RO\",\"@id\":\"https:\\\/\\\/shopatoa.com\\\/ro\\\/oral-b-capete-de-schimb-pentru-perie-io-gentle-care-4-buc\\\/#primaryimage\",\"url\":\"https:\\\/\\\/storage.googleapis.com\\\/cz-shopatoa-img\\\/ro\\\/dde433f8-unnamed-file.webp\",\"contentUrl\":\"https:\\\/\\\/storage.googleapis.com\\\/cz-shopatoa-img\\\/ro\\\/dde433f8-unnamed-file.webp\",\"width\":800,\"height\":800},{\"@type\":\"BreadcrumbList\",\"@id\":\"https:\\\/\\\/shopatoa.com\\\/ro\\\/oral-b-capete-de-schimb-pentru-perie-io-gentle-care-4-buc\\\/#breadcrumb\",\"itemListElement\":[{\"@type\":\"ListItem\",\"position\":1,\"name\":\"Dom\u016f\",\"item\":\"https:\\\/\\\/shopatoa.com\\\/ro\\\/\"},{\"@type\":\"ListItem\",\"position\":2,\"name\":\"Shop\",\"item\":\"https:\\\/\\\/shopatoa.com\\\/ro\\\/shop\\\/\"},{\"@type\":\"ListItem\",\"position\":3,\"name\":\"Oral B Capete de schimb pentru perie iO Gentle Care 4 buc\"}]},{\"@type\":\"WebSite\",\"@id\":\"https:\\\/\\\/shopatoa.com\\\/ro\\\/#website\",\"url\":\"https:\\\/\\\/shopatoa.com\\\/ro\\\/\",\"name\":\"SHOPATOA\",\"description\":\"\",\"publisher\":{\"@id\":\"https:\\\/\\\/shopatoa.com\\\/ro\\\/#organization\"},\"potentialAction\":[{\"@type\":\"SearchAction\",\"target\":{\"@type\":\"EntryPoint\",\"urlTemplate\":\"https:\\\/\\\/shopatoa.com\\\/ro\\\/?s={search_term_string}\"},\"query-input\":{\"@type\":\"PropertyValueSpecification\",\"valueRequired\":true,\"valueName\":\"search_term_string\"}}],\"inLanguage\":\"ro-RO\"},{\"@type\":\"Organization\",\"@id\":\"https:\\\/\\\/shopatoa.com\\\/ro\\\/#organization\",\"name\":\"SHOPATOA\",\"url\":\"https:\\\/\\\/shopatoa.com\\\/ro\\\/\",\"logo\":{\"@type\":\"ImageObject\",\"inLanguage\":\"ro-RO\",\"@id\":\"https:\\\/\\\/shopatoa.com\\\/ro\\\/#\\\/schema\\\/logo\\\/image\\\/\",\"url\":\"https:\\\/\\\/storage.googleapis.com\\\/cz-shopatoa-img\\\/ro\\\/b4dac915-shopatoa_logo.png\",\"contentUrl\":\"https:\\\/\\\/storage.googleapis.com\\\/cz-shopatoa-img\\\/ro\\\/b4dac915-shopatoa_logo.png\",\"width\":416,\"height\":63,\"caption\":\"SHOPATOA\"},\"image\":{\"@id\":\"https:\\\/\\\/shopatoa.com\\\/ro\\\/#\\\/schema\\\/logo\\\/image\\\/\"}}]}<\/script>\n<!-- \/ Yoast SEO plugin. -->","yoast_head_json":{"title":"Oral B Capete de schimb pentru perie iO Gentle Care 4 buc - SHOPATOA.COM","robots":{"index":"index","follow":"follow","max-snippet":"max-snippet:-1","max-image-preview":"max-image-preview:large","max-video-preview":"max-video-preview:-1"},"canonical":"https:\/\/shopatoa.com\/ro\/oral-b-capete-de-schimb-pentru-perie-io-gentle-care-4-buc\/","og_locale":"ro_RO","og_type":"article","og_title":"Oral B Capete de schimb pentru perie iO Gentle Care 4 buc - SHOPATOA.COM","og_description":"Capetele de periere Oral-B iO Gentle Care au fost concepute pentru o \u00eengrijire oral\u0103 delicat\u0103, dar extrem de eficient\u0103. Acestea combin\u0103 p\u00e2n\u0103 la 4.000 de fibre extrafine cu un inel exterior flexibil care se adapteaz\u0103 perfect la forma din\u021bilor, protej\u00e2nd \u00een acela\u0219i timp gingiile. Inspirat de instrumentele denti\u0219tilor profesioni\u0219ti, capul rotund unic ofer\u0103 o experien\u021b\u0103...","og_url":"https:\/\/shopatoa.com\/ro\/oral-b-capete-de-schimb-pentru-perie-io-gentle-care-4-buc\/","og_site_name":"SHOPATOA","article_modified_time":"2025-05-06T14:51:46+00:00","og_image":[{"width":800,"height":800,"url":"https:\/\/storage.googleapis.com\/cz-shopatoa-img\/ro\/dde433f8-unnamed-file.webp","type":"image\/webp"}],"twitter_card":"summary_large_image","schema":{"@context":"https:\/\/schema.org","@graph":[{"@type":"WebPage","@id":"https:\/\/shopatoa.com\/ro\/oral-b-capete-de-schimb-pentru-perie-io-gentle-care-4-buc\/","url":"https:\/\/shopatoa.com\/ro\/oral-b-capete-de-schimb-pentru-perie-io-gentle-care-4-buc\/","name":"Oral B Capete de schimb pentru perie iO Gentle Care 4 buc - SHOPATOA.COM","isPartOf":{"@id":"https:\/\/shopatoa.com\/ro\/#website"},"primaryImageOfPage":{"@id":"https:\/\/shopatoa.com\/ro\/oral-b-capete-de-schimb-pentru-perie-io-gentle-care-4-buc\/#primaryimage"},"image":{"@id":"https:\/\/shopatoa.com\/ro\/oral-b-capete-de-schimb-pentru-perie-io-gentle-care-4-buc\/#primaryimage"},"thumbnailUrl":"https:\/\/storage.googleapis.com\/cz-shopatoa-img\/ro\/dde433f8-unnamed-file.webp","datePublished":"2025-05-06T14:51:38+00:00","dateModified":"2025-05-06T14:51:46+00:00","breadcrumb":{"@id":"https:\/\/shopatoa.com\/ro\/oral-b-capete-de-schimb-pentru-perie-io-gentle-care-4-buc\/#breadcrumb"},"inLanguage":"ro-RO","potentialAction":[{"@type":"ReadAction","target":["https:\/\/shopatoa.com\/ro\/oral-b-capete-de-schimb-pentru-perie-io-gentle-care-4-buc\/"]}]},{"@type":"ImageObject","inLanguage":"ro-RO","@id":"https:\/\/shopatoa.com\/ro\/oral-b-capete-de-schimb-pentru-perie-io-gentle-care-4-buc\/#primaryimage","url":"https:\/\/storage.googleapis.com\/cz-shopatoa-img\/ro\/dde433f8-unnamed-file.webp","contentUrl":"https:\/\/storage.googleapis.com\/cz-shopatoa-img\/ro\/dde433f8-unnamed-file.webp","width":800,"height":800},{"@type":"BreadcrumbList","@id":"https:\/\/shopatoa.com\/ro\/oral-b-capete-de-schimb-pentru-perie-io-gentle-care-4-buc\/#breadcrumb","itemListElement":[{"@type":"ListItem","position":1,"name":"Dom\u016f","item":"https:\/\/shopatoa.com\/ro\/"},{"@type":"ListItem","position":2,"name":"Shop","item":"https:\/\/shopatoa.com\/ro\/shop\/"},{"@type":"ListItem","position":3,"name":"Oral B Capete de schimb pentru perie iO Gentle Care 4 buc"}]},{"@type":"WebSite","@id":"https:\/\/shopatoa.com\/ro\/#website","url":"https:\/\/shopatoa.com\/ro\/","name":"SHOPATOA","description":"","publisher":{"@id":"https:\/\/shopatoa.com\/ro\/#organization"},"potentialAction":[{"@type":"SearchAction","target":{"@type":"EntryPoint","urlTemplate":"https:\/\/shopatoa.com\/ro\/?s={search_term_string}"},"query-input":{"@type":"PropertyValueSpecification","valueRequired":true,"valueName":"search_term_string"}}],"inLanguage":"ro-RO"},{"@type":"Organization","@id":"https:\/\/shopatoa.com\/ro\/#organization","name":"SHOPATOA","url":"https:\/\/shopatoa.com\/ro\/","logo":{"@type":"ImageObject","inLanguage":"ro-RO","@id":"https:\/\/shopatoa.com\/ro\/#\/schema\/logo\/image\/","url":"https:\/\/storage.googleapis.com\/cz-shopatoa-img\/ro\/b4dac915-shopatoa_logo.png","contentUrl":"https:\/\/storage.googleapis.com\/cz-shopatoa-img\/ro\/b4dac915-shopatoa_logo.png","width":416,"height":63,"caption":"SHOPATOA"},"image":{"@id":"https:\/\/shopatoa.com\/ro\/#\/schema\/logo\/image\/"}}]}},"_links":{"self":[{"href":"https:\/\/shopatoa.com\/ro\/wp-json\/wp\/v2\/product\/328733","targetHints":{"allow":["GET"]}}],"collection":[{"href":"https:\/\/shopatoa.com\/ro\/wp-json\/wp\/v2\/product"}],"about":[{"href":"https:\/\/shopatoa.com\/ro\/wp-json\/wp\/v2\/types\/product"}],"replies":[{"embeddable":true,"href":"https:\/\/shopatoa.com\/ro\/wp-json\/wp\/v2\/comments?post=328733"}],"wp:featuredmedia":[{"embeddable":true,"href":"https:\/\/shopatoa.com\/ro\/wp-json\/wp\/v2\/media\/328734"}],"wp:attachment":[{"href":"https:\/\/shopatoa.com\/ro\/wp-json\/wp\/v2\/media?parent=328733"}],"wp:term":[{"taxonomy":"product_brand","embeddable":true,"href":"https:\/\/shopatoa.com\/ro\/wp-json\/wp\/v2\/product_brand?post=328733"},{"taxonomy":"product_cat","embeddable":true,"href":"https:\/\/shopatoa.com\/ro\/wp-json\/wp\/v2\/product_cat?post=328733"},{"taxonomy":"product_tag","embeddable":true,"href":"https:\/\/shopatoa.com\/ro\/wp-json\/wp\/v2\/product_tag?post=328733"}],"curies":[{"name":"wp","href":"https:\/\/api.w.org\/{rel}","templated":true}]}}