{"id":328985,"date":"2025-05-06T17:35:40","date_gmt":"2025-05-06T15:35:40","guid":{"rendered":"https:\/\/shopatoa.com\/ro\/polar-polar-ignite-2-ceas-negru-perlat-marime-banda-s-l-90085182\/"},"modified":"2025-05-06T17:35:50","modified_gmt":"2025-05-06T15:35:50","slug":"polar-polar-ignite-2-ceas-negru-perlat-marime-banda-s-l-90085182","status":"publish","type":"product","link":"https:\/\/shopatoa.com\/ro\/polar-polar-ignite-2-ceas-negru-perlat-marime-banda-s-l-90085182\/","title":{"rendered":"Polar POLAR IGNITE 2, ceas negru\/perlat, m\u0103rime banda S &#8211; L 90085182"},"content":{"rendered":"<p>V\u0103 rug\u0103m s\u0103 bloca\u021bi afi\u0219ajul ceasului \u00eenainte de \u00eenot, deoarece impactul apei asupra afi\u0219ajului ar putea cauza un comportament imprevizibil. Un ceas inteligent nu este un dispozitiv medical. Informa\u021biile ob\u021binute \u00een urma utiliz\u0103rii lui sunt doar orientative \u0219i nu ar trebui s\u0103 fie utilizate pentru cercetare medical\u0103, diagnostic sau tratament.<\/p>\n","protected":false},"excerpt":{"rendered":"<p>V\u0103 rug\u0103m s\u0103 bloca\u021bi afi\u0219ajul ceasului \u00eenainte de \u00eenot, deoarece impactul apei asupra afi\u0219ajului ar putea cauza un comportament imprevizibil. Un ceas inteligent nu este un dispozitiv medical. Informa\u021biile ob\u021binute \u00een urma utiliz\u0103rii lui sunt doar orientative \u0219i nu ar trebui s\u0103 fie utilizate pentru cercetare medical\u0103, diagnostic sau tratament.<\/p>\n","protected":false},"featured_media":328988,"comment_status":"closed","ping_status":"open","template":"","meta":{"_acf_changed":false,"_kadence_starter_templates_imported_post":false,"_kad_post_transparent":"","_kad_post_title":"","_kad_post_layout":"","_kad_post_sidebar_id":"","_kad_post_content_style":"","_kad_post_vertical_padding":"","_kad_post_feature":"","_kad_post_feature_position":"","_kad_post_header":false,"_kad_post_footer":false,"_kad_post_classname":""},"product_brand":[300],"product_cat":[629,1052,752],"product_tag":[],"class_list":{"0":"post-328985","1":"product","2":"type-product","3":"status-publish","4":"has-post-thumbnail","6":"product_brand-polar","7":"product_cat-ceasuri","8":"product_cat-ceasuri-de-antrenament","9":"product_cat-ceasuri-sport","11":"first","12":"instock","13":"product-type-external","14":"entry","15":"content-bg","16":"loop-entry"},"acf":[],"yoast_head":"<!-- This site is optimized with the Yoast SEO plugin v27.4 - https:\/\/yoast.com\/product\/yoast-seo-wordpress\/ -->\n<title>Polar POLAR IGNITE 2, ceas negru\/perlat, m\u0103rime banda S - L 90085182 - SHOPATOA.COM<\/title>\n<meta name=\"robots\" content=\"index, follow, max-snippet:-1, max-image-preview:large, max-video-preview:-1\" \/>\n<link rel=\"canonical\" href=\"https:\/\/shopatoa.com\/ro\/polar-polar-ignite-2-ceas-negru-perlat-marime-banda-s-l-90085182\/\" \/>\n<meta property=\"og:locale\" content=\"ro_RO\" \/>\n<meta property=\"og:type\" content=\"article\" \/>\n<meta property=\"og:title\" content=\"Polar POLAR IGNITE 2, ceas negru\/perlat, m\u0103rime banda S - L 90085182 - SHOPATOA.COM\" \/>\n<meta property=\"og:description\" content=\"V\u0103 rug\u0103m s\u0103 bloca\u021bi afi\u0219ajul ceasului \u00eenainte de \u00eenot, deoarece impactul apei asupra afi\u0219ajului ar putea cauza un comportament imprevizibil. Un ceas inteligent nu este un dispozitiv medical. Informa\u021biile ob\u021binute \u00een urma utiliz\u0103rii lui sunt doar orientative \u0219i nu ar trebui s\u0103 fie utilizate pentru cercetare medical\u0103, diagnostic sau tratament.\" \/>\n<meta property=\"og:url\" content=\"https:\/\/shopatoa.com\/ro\/polar-polar-ignite-2-ceas-negru-perlat-marime-banda-s-l-90085182\/\" \/>\n<meta property=\"og:site_name\" content=\"SHOPATOA\" \/>\n<meta property=\"article:modified_time\" content=\"2025-05-06T15:35:50+00:00\" \/>\n<meta property=\"og:image\" content=\"https:\/\/storage.googleapis.com\/cz-shopatoa-img\/ro\/8d40e467-unnamed-file.webp\" \/>\n\t<meta property=\"og:image:width\" content=\"800\" \/>\n\t<meta property=\"og:image:height\" content=\"800\" \/>\n\t<meta property=\"og:image:type\" content=\"image\/webp\" \/>\n<meta name=\"twitter:card\" content=\"summary_large_image\" \/>\n<script type=\"application\/ld+json\" class=\"yoast-schema-graph\">{\"@context\":\"https:\\\/\\\/schema.org\",\"@graph\":[{\"@type\":\"WebPage\",\"@id\":\"https:\\\/\\\/shopatoa.com\\\/ro\\\/polar-polar-ignite-2-ceas-negru-perlat-marime-banda-s-l-90085182\\\/\",\"url\":\"https:\\\/\\\/shopatoa.com\\\/ro\\\/polar-polar-ignite-2-ceas-negru-perlat-marime-banda-s-l-90085182\\\/\",\"name\":\"Polar POLAR IGNITE 2, ceas negru\\\/perlat, m\u0103rime banda S - L 90085182 - SHOPATOA.COM\",\"isPartOf\":{\"@id\":\"https:\\\/\\\/shopatoa.com\\\/ro\\\/#website\"},\"primaryImageOfPage\":{\"@id\":\"https:\\\/\\\/shopatoa.com\\\/ro\\\/polar-polar-ignite-2-ceas-negru-perlat-marime-banda-s-l-90085182\\\/#primaryimage\"},\"image\":{\"@id\":\"https:\\\/\\\/shopatoa.com\\\/ro\\\/polar-polar-ignite-2-ceas-negru-perlat-marime-banda-s-l-90085182\\\/#primaryimage\"},\"thumbnailUrl\":\"https:\\\/\\\/storage.googleapis.com\\\/cz-shopatoa-img\\\/ro\\\/8d40e467-unnamed-file.webp\",\"datePublished\":\"2025-05-06T15:35:40+00:00\",\"dateModified\":\"2025-05-06T15:35:50+00:00\",\"breadcrumb\":{\"@id\":\"https:\\\/\\\/shopatoa.com\\\/ro\\\/polar-polar-ignite-2-ceas-negru-perlat-marime-banda-s-l-90085182\\\/#breadcrumb\"},\"inLanguage\":\"ro-RO\",\"potentialAction\":[{\"@type\":\"ReadAction\",\"target\":[\"https:\\\/\\\/shopatoa.com\\\/ro\\\/polar-polar-ignite-2-ceas-negru-perlat-marime-banda-s-l-90085182\\\/\"]}]},{\"@type\":\"ImageObject\",\"inLanguage\":\"ro-RO\",\"@id\":\"https:\\\/\\\/shopatoa.com\\\/ro\\\/polar-polar-ignite-2-ceas-negru-perlat-marime-banda-s-l-90085182\\\/#primaryimage\",\"url\":\"https:\\\/\\\/storage.googleapis.com\\\/cz-shopatoa-img\\\/ro\\\/8d40e467-unnamed-file.webp\",\"contentUrl\":\"https:\\\/\\\/storage.googleapis.com\\\/cz-shopatoa-img\\\/ro\\\/8d40e467-unnamed-file.webp\",\"width\":800,\"height\":800},{\"@type\":\"BreadcrumbList\",\"@id\":\"https:\\\/\\\/shopatoa.com\\\/ro\\\/polar-polar-ignite-2-ceas-negru-perlat-marime-banda-s-l-90085182\\\/#breadcrumb\",\"itemListElement\":[{\"@type\":\"ListItem\",\"position\":1,\"name\":\"Dom\u016f\",\"item\":\"https:\\\/\\\/shopatoa.com\\\/ro\\\/\"},{\"@type\":\"ListItem\",\"position\":2,\"name\":\"Shop\",\"item\":\"https:\\\/\\\/shopatoa.com\\\/ro\\\/shop\\\/\"},{\"@type\":\"ListItem\",\"position\":3,\"name\":\"Polar POLAR IGNITE 2, ceas negru\\\/perlat, m\u0103rime banda S &#8211; L 90085182\"}]},{\"@type\":\"WebSite\",\"@id\":\"https:\\\/\\\/shopatoa.com\\\/ro\\\/#website\",\"url\":\"https:\\\/\\\/shopatoa.com\\\/ro\\\/\",\"name\":\"SHOPATOA\",\"description\":\"\",\"publisher\":{\"@id\":\"https:\\\/\\\/shopatoa.com\\\/ro\\\/#organization\"},\"potentialAction\":[{\"@type\":\"SearchAction\",\"target\":{\"@type\":\"EntryPoint\",\"urlTemplate\":\"https:\\\/\\\/shopatoa.com\\\/ro\\\/?s={search_term_string}\"},\"query-input\":{\"@type\":\"PropertyValueSpecification\",\"valueRequired\":true,\"valueName\":\"search_term_string\"}}],\"inLanguage\":\"ro-RO\"},{\"@type\":\"Organization\",\"@id\":\"https:\\\/\\\/shopatoa.com\\\/ro\\\/#organization\",\"name\":\"SHOPATOA\",\"url\":\"https:\\\/\\\/shopatoa.com\\\/ro\\\/\",\"logo\":{\"@type\":\"ImageObject\",\"inLanguage\":\"ro-RO\",\"@id\":\"https:\\\/\\\/shopatoa.com\\\/ro\\\/#\\\/schema\\\/logo\\\/image\\\/\",\"url\":\"https:\\\/\\\/storage.googleapis.com\\\/cz-shopatoa-img\\\/ro\\\/b4dac915-shopatoa_logo.png\",\"contentUrl\":\"https:\\\/\\\/storage.googleapis.com\\\/cz-shopatoa-img\\\/ro\\\/b4dac915-shopatoa_logo.png\",\"width\":416,\"height\":63,\"caption\":\"SHOPATOA\"},\"image\":{\"@id\":\"https:\\\/\\\/shopatoa.com\\\/ro\\\/#\\\/schema\\\/logo\\\/image\\\/\"}}]}<\/script>\n<!-- \/ Yoast SEO plugin. -->","yoast_head_json":{"title":"Polar POLAR IGNITE 2, ceas negru\/perlat, m\u0103rime banda S - L 90085182 - SHOPATOA.COM","robots":{"index":"index","follow":"follow","max-snippet":"max-snippet:-1","max-image-preview":"max-image-preview:large","max-video-preview":"max-video-preview:-1"},"canonical":"https:\/\/shopatoa.com\/ro\/polar-polar-ignite-2-ceas-negru-perlat-marime-banda-s-l-90085182\/","og_locale":"ro_RO","og_type":"article","og_title":"Polar POLAR IGNITE 2, ceas negru\/perlat, m\u0103rime banda S - L 90085182 - SHOPATOA.COM","og_description":"V\u0103 rug\u0103m s\u0103 bloca\u021bi afi\u0219ajul ceasului \u00eenainte de \u00eenot, deoarece impactul apei asupra afi\u0219ajului ar putea cauza un comportament imprevizibil. Un ceas inteligent nu este un dispozitiv medical. Informa\u021biile ob\u021binute \u00een urma utiliz\u0103rii lui sunt doar orientative \u0219i nu ar trebui s\u0103 fie utilizate pentru cercetare medical\u0103, diagnostic sau tratament.","og_url":"https:\/\/shopatoa.com\/ro\/polar-polar-ignite-2-ceas-negru-perlat-marime-banda-s-l-90085182\/","og_site_name":"SHOPATOA","article_modified_time":"2025-05-06T15:35:50+00:00","og_image":[{"width":800,"height":800,"url":"https:\/\/storage.googleapis.com\/cz-shopatoa-img\/ro\/8d40e467-unnamed-file.webp","type":"image\/webp"}],"twitter_card":"summary_large_image","schema":{"@context":"https:\/\/schema.org","@graph":[{"@type":"WebPage","@id":"https:\/\/shopatoa.com\/ro\/polar-polar-ignite-2-ceas-negru-perlat-marime-banda-s-l-90085182\/","url":"https:\/\/shopatoa.com\/ro\/polar-polar-ignite-2-ceas-negru-perlat-marime-banda-s-l-90085182\/","name":"Polar POLAR IGNITE 2, ceas negru\/perlat, m\u0103rime banda S - L 90085182 - SHOPATOA.COM","isPartOf":{"@id":"https:\/\/shopatoa.com\/ro\/#website"},"primaryImageOfPage":{"@id":"https:\/\/shopatoa.com\/ro\/polar-polar-ignite-2-ceas-negru-perlat-marime-banda-s-l-90085182\/#primaryimage"},"image":{"@id":"https:\/\/shopatoa.com\/ro\/polar-polar-ignite-2-ceas-negru-perlat-marime-banda-s-l-90085182\/#primaryimage"},"thumbnailUrl":"https:\/\/storage.googleapis.com\/cz-shopatoa-img\/ro\/8d40e467-unnamed-file.webp","datePublished":"2025-05-06T15:35:40+00:00","dateModified":"2025-05-06T15:35:50+00:00","breadcrumb":{"@id":"https:\/\/shopatoa.com\/ro\/polar-polar-ignite-2-ceas-negru-perlat-marime-banda-s-l-90085182\/#breadcrumb"},"inLanguage":"ro-RO","potentialAction":[{"@type":"ReadAction","target":["https:\/\/shopatoa.com\/ro\/polar-polar-ignite-2-ceas-negru-perlat-marime-banda-s-l-90085182\/"]}]},{"@type":"ImageObject","inLanguage":"ro-RO","@id":"https:\/\/shopatoa.com\/ro\/polar-polar-ignite-2-ceas-negru-perlat-marime-banda-s-l-90085182\/#primaryimage","url":"https:\/\/storage.googleapis.com\/cz-shopatoa-img\/ro\/8d40e467-unnamed-file.webp","contentUrl":"https:\/\/storage.googleapis.com\/cz-shopatoa-img\/ro\/8d40e467-unnamed-file.webp","width":800,"height":800},{"@type":"BreadcrumbList","@id":"https:\/\/shopatoa.com\/ro\/polar-polar-ignite-2-ceas-negru-perlat-marime-banda-s-l-90085182\/#breadcrumb","itemListElement":[{"@type":"ListItem","position":1,"name":"Dom\u016f","item":"https:\/\/shopatoa.com\/ro\/"},{"@type":"ListItem","position":2,"name":"Shop","item":"https:\/\/shopatoa.com\/ro\/shop\/"},{"@type":"ListItem","position":3,"name":"Polar POLAR IGNITE 2, ceas negru\/perlat, m\u0103rime banda S &#8211; L 90085182"}]},{"@type":"WebSite","@id":"https:\/\/shopatoa.com\/ro\/#website","url":"https:\/\/shopatoa.com\/ro\/","name":"SHOPATOA","description":"","publisher":{"@id":"https:\/\/shopatoa.com\/ro\/#organization"},"potentialAction":[{"@type":"SearchAction","target":{"@type":"EntryPoint","urlTemplate":"https:\/\/shopatoa.com\/ro\/?s={search_term_string}"},"query-input":{"@type":"PropertyValueSpecification","valueRequired":true,"valueName":"search_term_string"}}],"inLanguage":"ro-RO"},{"@type":"Organization","@id":"https:\/\/shopatoa.com\/ro\/#organization","name":"SHOPATOA","url":"https:\/\/shopatoa.com\/ro\/","logo":{"@type":"ImageObject","inLanguage":"ro-RO","@id":"https:\/\/shopatoa.com\/ro\/#\/schema\/logo\/image\/","url":"https:\/\/storage.googleapis.com\/cz-shopatoa-img\/ro\/b4dac915-shopatoa_logo.png","contentUrl":"https:\/\/storage.googleapis.com\/cz-shopatoa-img\/ro\/b4dac915-shopatoa_logo.png","width":416,"height":63,"caption":"SHOPATOA"},"image":{"@id":"https:\/\/shopatoa.com\/ro\/#\/schema\/logo\/image\/"}}]}},"_links":{"self":[{"href":"https:\/\/shopatoa.com\/ro\/wp-json\/wp\/v2\/product\/328985","targetHints":{"allow":["GET"]}}],"collection":[{"href":"https:\/\/shopatoa.com\/ro\/wp-json\/wp\/v2\/product"}],"about":[{"href":"https:\/\/shopatoa.com\/ro\/wp-json\/wp\/v2\/types\/product"}],"replies":[{"embeddable":true,"href":"https:\/\/shopatoa.com\/ro\/wp-json\/wp\/v2\/comments?post=328985"}],"wp:featuredmedia":[{"embeddable":true,"href":"https:\/\/shopatoa.com\/ro\/wp-json\/wp\/v2\/media\/328988"}],"wp:attachment":[{"href":"https:\/\/shopatoa.com\/ro\/wp-json\/wp\/v2\/media?parent=328985"}],"wp:term":[{"taxonomy":"product_brand","embeddable":true,"href":"https:\/\/shopatoa.com\/ro\/wp-json\/wp\/v2\/product_brand?post=328985"},{"taxonomy":"product_cat","embeddable":true,"href":"https:\/\/shopatoa.com\/ro\/wp-json\/wp\/v2\/product_cat?post=328985"},{"taxonomy":"product_tag","embeddable":true,"href":"https:\/\/shopatoa.com\/ro\/wp-json\/wp\/v2\/product_tag?post=328985"}],"curies":[{"name":"wp","href":"https:\/\/api.w.org\/{rel}","templated":true}]}}