{"id":329290,"date":"2025-05-06T18:30:23","date_gmt":"2025-05-06T16:30:23","guid":{"rendered":"https:\/\/shopatoa.com\/ro\/fenty-beauty-iluminator-sub-ochi-bright-fix-eye-brightener-10-ml-deep-melon\/"},"modified":"2025-05-06T18:30:31","modified_gmt":"2025-05-06T16:30:31","slug":"fenty-beauty-iluminator-sub-ochi-bright-fix-eye-brightener-10-ml-deep-melon","status":"publish","type":"product","link":"https:\/\/shopatoa.com\/ro\/fenty-beauty-iluminator-sub-ochi-bright-fix-eye-brightener-10-ml-deep-melon\/","title":{"rendered":"Fenty Beauty Iluminator sub ochi Bright Fix (Eye Brightener) 10 ml Deep Melon"},"content":{"rendered":"<p>Un iluminator sub ochi care hidrateaz\u0103, neteze\u0219te \u0219i lumineaz\u0103 instantaneu ochii cu aspect obosit. Ofer\u0103 o acoperire u\u0219oar\u0103 p\u00e2n\u0103 la medie, cu un efect natural &#8222;no-makeup&#8221; de machiaj \u0219i este u\u0219or de stratificat. Datorit\u0103 complexului HydraBlend cu acid hialuronic \u0219i ulei de jojoba, acesta men\u021bine pielea hidratat\u0103 \u0219i protejat\u0103 pe tot parcursul zilei. Textura sa u\u0219oar\u0103 este u\u0219or de aplicat cu degetele, pensula \u0219i buretele \u0219i se combin\u0103 bine cu alte produse. Formula de lung\u0103 durat\u0103 este rezistent\u0103 \u00eempotriva abraziunii, transpira\u021biei \u0219i umidit\u0103\u021bii.<\/p>\n","protected":false},"excerpt":{"rendered":"<p>Un iluminator sub ochi care hidrateaz\u0103, neteze\u0219te \u0219i lumineaz\u0103 instantaneu ochii cu aspect obosit. Ofer\u0103 o acoperire u\u0219oar\u0103 p\u00e2n\u0103 la medie, cu un efect natural &#8222;no-makeup&#8221; de machiaj \u0219i este u\u0219or de stratificat. Datorit\u0103 complexului HydraBlend cu acid hialuronic \u0219i ulei de jojoba, acesta men\u021bine pielea hidratat\u0103 \u0219i protejat\u0103 pe tot parcursul zilei. Textura sa&#8230;<\/p>\n","protected":false},"featured_media":329292,"comment_status":"closed","ping_status":"open","template":"","meta":{"_acf_changed":false,"_kadence_starter_templates_imported_post":false,"_kad_post_transparent":"","_kad_post_title":"","_kad_post_layout":"","_kad_post_sidebar_id":"","_kad_post_content_style":"","_kad_post_vertical_padding":"","_kad_post_feature":"","_kad_post_feature_position":"","_kad_post_header":false,"_kad_post_footer":false,"_kad_post_classname":""},"product_brand":[861],"product_cat":[704,246,609,616],"product_tag":[],"class_list":{"0":"post-329290","1":"product","2":"type-product","3":"status-publish","4":"has-post-thumbnail","6":"product_brand-fenty-beauty","7":"product_cat-corector-pentru-zona-fetei-si-a-ochilor","8":"product_cat-cosmetice","9":"product_cat-cosmetice-decorative","10":"product_cat-machiaj-pentru-fata","12":"first","13":"instock","14":"product-type-external","15":"entry","16":"content-bg","17":"loop-entry"},"acf":[],"yoast_head":"<!-- This site is optimized with the Yoast SEO plugin v27.3 - https:\/\/yoast.com\/product\/yoast-seo-wordpress\/ -->\n<title>Fenty Beauty Iluminator sub ochi Bright Fix (Eye Brightener) 10 ml Deep Melon - SHOPATOA.COM<\/title>\n<meta name=\"robots\" content=\"index, follow, max-snippet:-1, max-image-preview:large, max-video-preview:-1\" \/>\n<link rel=\"canonical\" href=\"https:\/\/shopatoa.com\/ro\/fenty-beauty-iluminator-sub-ochi-bright-fix-eye-brightener-10-ml-deep-melon\/\" \/>\n<meta property=\"og:locale\" content=\"ro_RO\" \/>\n<meta property=\"og:type\" content=\"article\" \/>\n<meta property=\"og:title\" content=\"Fenty Beauty Iluminator sub ochi Bright Fix (Eye Brightener) 10 ml Deep Melon - SHOPATOA.COM\" \/>\n<meta property=\"og:description\" content=\"Un iluminator sub ochi care hidrateaz\u0103, neteze\u0219te \u0219i lumineaz\u0103 instantaneu ochii cu aspect obosit. Ofer\u0103 o acoperire u\u0219oar\u0103 p\u00e2n\u0103 la medie, cu un efect natural &#8222;no-makeup&#8221; de machiaj \u0219i este u\u0219or de stratificat. Datorit\u0103 complexului HydraBlend cu acid hialuronic \u0219i ulei de jojoba, acesta men\u021bine pielea hidratat\u0103 \u0219i protejat\u0103 pe tot parcursul zilei. Textura sa...\" \/>\n<meta property=\"og:url\" content=\"https:\/\/shopatoa.com\/ro\/fenty-beauty-iluminator-sub-ochi-bright-fix-eye-brightener-10-ml-deep-melon\/\" \/>\n<meta property=\"og:site_name\" content=\"SHOPATOA\" \/>\n<meta property=\"article:modified_time\" content=\"2025-05-06T16:30:31+00:00\" \/>\n<meta property=\"og:image\" content=\"https:\/\/storage.googleapis.com\/cz-shopatoa-img\/ro\/0e27a688-unnamed-file.webp\" \/>\n\t<meta property=\"og:image:width\" content=\"800\" \/>\n\t<meta property=\"og:image:height\" content=\"800\" \/>\n\t<meta property=\"og:image:type\" content=\"image\/webp\" \/>\n<meta name=\"twitter:card\" content=\"summary_large_image\" \/>\n<script type=\"application\/ld+json\" class=\"yoast-schema-graph\">{\"@context\":\"https:\\\/\\\/schema.org\",\"@graph\":[{\"@type\":\"WebPage\",\"@id\":\"https:\\\/\\\/shopatoa.com\\\/ro\\\/fenty-beauty-iluminator-sub-ochi-bright-fix-eye-brightener-10-ml-deep-melon\\\/\",\"url\":\"https:\\\/\\\/shopatoa.com\\\/ro\\\/fenty-beauty-iluminator-sub-ochi-bright-fix-eye-brightener-10-ml-deep-melon\\\/\",\"name\":\"Fenty Beauty Iluminator sub ochi Bright Fix (Eye Brightener) 10 ml Deep Melon - SHOPATOA.COM\",\"isPartOf\":{\"@id\":\"https:\\\/\\\/shopatoa.com\\\/ro\\\/#website\"},\"primaryImageOfPage\":{\"@id\":\"https:\\\/\\\/shopatoa.com\\\/ro\\\/fenty-beauty-iluminator-sub-ochi-bright-fix-eye-brightener-10-ml-deep-melon\\\/#primaryimage\"},\"image\":{\"@id\":\"https:\\\/\\\/shopatoa.com\\\/ro\\\/fenty-beauty-iluminator-sub-ochi-bright-fix-eye-brightener-10-ml-deep-melon\\\/#primaryimage\"},\"thumbnailUrl\":\"https:\\\/\\\/storage.googleapis.com\\\/cz-shopatoa-img\\\/ro\\\/0e27a688-unnamed-file.webp\",\"datePublished\":\"2025-05-06T16:30:23+00:00\",\"dateModified\":\"2025-05-06T16:30:31+00:00\",\"breadcrumb\":{\"@id\":\"https:\\\/\\\/shopatoa.com\\\/ro\\\/fenty-beauty-iluminator-sub-ochi-bright-fix-eye-brightener-10-ml-deep-melon\\\/#breadcrumb\"},\"inLanguage\":\"ro-RO\",\"potentialAction\":[{\"@type\":\"ReadAction\",\"target\":[\"https:\\\/\\\/shopatoa.com\\\/ro\\\/fenty-beauty-iluminator-sub-ochi-bright-fix-eye-brightener-10-ml-deep-melon\\\/\"]}]},{\"@type\":\"ImageObject\",\"inLanguage\":\"ro-RO\",\"@id\":\"https:\\\/\\\/shopatoa.com\\\/ro\\\/fenty-beauty-iluminator-sub-ochi-bright-fix-eye-brightener-10-ml-deep-melon\\\/#primaryimage\",\"url\":\"https:\\\/\\\/storage.googleapis.com\\\/cz-shopatoa-img\\\/ro\\\/0e27a688-unnamed-file.webp\",\"contentUrl\":\"https:\\\/\\\/storage.googleapis.com\\\/cz-shopatoa-img\\\/ro\\\/0e27a688-unnamed-file.webp\",\"width\":800,\"height\":800},{\"@type\":\"BreadcrumbList\",\"@id\":\"https:\\\/\\\/shopatoa.com\\\/ro\\\/fenty-beauty-iluminator-sub-ochi-bright-fix-eye-brightener-10-ml-deep-melon\\\/#breadcrumb\",\"itemListElement\":[{\"@type\":\"ListItem\",\"position\":1,\"name\":\"Dom\u016f\",\"item\":\"https:\\\/\\\/shopatoa.com\\\/ro\\\/\"},{\"@type\":\"ListItem\",\"position\":2,\"name\":\"Shop\",\"item\":\"https:\\\/\\\/shopatoa.com\\\/ro\\\/shop\\\/\"},{\"@type\":\"ListItem\",\"position\":3,\"name\":\"Fenty Beauty Iluminator sub ochi Bright Fix (Eye Brightener) 10 ml Deep Melon\"}]},{\"@type\":\"WebSite\",\"@id\":\"https:\\\/\\\/shopatoa.com\\\/ro\\\/#website\",\"url\":\"https:\\\/\\\/shopatoa.com\\\/ro\\\/\",\"name\":\"SHOPATOA\",\"description\":\"\",\"publisher\":{\"@id\":\"https:\\\/\\\/shopatoa.com\\\/ro\\\/#organization\"},\"potentialAction\":[{\"@type\":\"SearchAction\",\"target\":{\"@type\":\"EntryPoint\",\"urlTemplate\":\"https:\\\/\\\/shopatoa.com\\\/ro\\\/?s={search_term_string}\"},\"query-input\":{\"@type\":\"PropertyValueSpecification\",\"valueRequired\":true,\"valueName\":\"search_term_string\"}}],\"inLanguage\":\"ro-RO\"},{\"@type\":\"Organization\",\"@id\":\"https:\\\/\\\/shopatoa.com\\\/ro\\\/#organization\",\"name\":\"SHOPATOA\",\"url\":\"https:\\\/\\\/shopatoa.com\\\/ro\\\/\",\"logo\":{\"@type\":\"ImageObject\",\"inLanguage\":\"ro-RO\",\"@id\":\"https:\\\/\\\/shopatoa.com\\\/ro\\\/#\\\/schema\\\/logo\\\/image\\\/\",\"url\":\"https:\\\/\\\/storage.googleapis.com\\\/cz-shopatoa-img\\\/ro\\\/b4dac915-shopatoa_logo.png\",\"contentUrl\":\"https:\\\/\\\/storage.googleapis.com\\\/cz-shopatoa-img\\\/ro\\\/b4dac915-shopatoa_logo.png\",\"width\":416,\"height\":63,\"caption\":\"SHOPATOA\"},\"image\":{\"@id\":\"https:\\\/\\\/shopatoa.com\\\/ro\\\/#\\\/schema\\\/logo\\\/image\\\/\"}}]}<\/script>\n<!-- \/ Yoast SEO plugin. -->","yoast_head_json":{"title":"Fenty Beauty Iluminator sub ochi Bright Fix (Eye Brightener) 10 ml Deep Melon - SHOPATOA.COM","robots":{"index":"index","follow":"follow","max-snippet":"max-snippet:-1","max-image-preview":"max-image-preview:large","max-video-preview":"max-video-preview:-1"},"canonical":"https:\/\/shopatoa.com\/ro\/fenty-beauty-iluminator-sub-ochi-bright-fix-eye-brightener-10-ml-deep-melon\/","og_locale":"ro_RO","og_type":"article","og_title":"Fenty Beauty Iluminator sub ochi Bright Fix (Eye Brightener) 10 ml Deep Melon - SHOPATOA.COM","og_description":"Un iluminator sub ochi care hidrateaz\u0103, neteze\u0219te \u0219i lumineaz\u0103 instantaneu ochii cu aspect obosit. Ofer\u0103 o acoperire u\u0219oar\u0103 p\u00e2n\u0103 la medie, cu un efect natural &#8222;no-makeup&#8221; de machiaj \u0219i este u\u0219or de stratificat. Datorit\u0103 complexului HydraBlend cu acid hialuronic \u0219i ulei de jojoba, acesta men\u021bine pielea hidratat\u0103 \u0219i protejat\u0103 pe tot parcursul zilei. Textura sa...","og_url":"https:\/\/shopatoa.com\/ro\/fenty-beauty-iluminator-sub-ochi-bright-fix-eye-brightener-10-ml-deep-melon\/","og_site_name":"SHOPATOA","article_modified_time":"2025-05-06T16:30:31+00:00","og_image":[{"width":800,"height":800,"url":"https:\/\/storage.googleapis.com\/cz-shopatoa-img\/ro\/0e27a688-unnamed-file.webp","type":"image\/webp"}],"twitter_card":"summary_large_image","schema":{"@context":"https:\/\/schema.org","@graph":[{"@type":"WebPage","@id":"https:\/\/shopatoa.com\/ro\/fenty-beauty-iluminator-sub-ochi-bright-fix-eye-brightener-10-ml-deep-melon\/","url":"https:\/\/shopatoa.com\/ro\/fenty-beauty-iluminator-sub-ochi-bright-fix-eye-brightener-10-ml-deep-melon\/","name":"Fenty Beauty Iluminator sub ochi Bright Fix (Eye Brightener) 10 ml Deep Melon - SHOPATOA.COM","isPartOf":{"@id":"https:\/\/shopatoa.com\/ro\/#website"},"primaryImageOfPage":{"@id":"https:\/\/shopatoa.com\/ro\/fenty-beauty-iluminator-sub-ochi-bright-fix-eye-brightener-10-ml-deep-melon\/#primaryimage"},"image":{"@id":"https:\/\/shopatoa.com\/ro\/fenty-beauty-iluminator-sub-ochi-bright-fix-eye-brightener-10-ml-deep-melon\/#primaryimage"},"thumbnailUrl":"https:\/\/storage.googleapis.com\/cz-shopatoa-img\/ro\/0e27a688-unnamed-file.webp","datePublished":"2025-05-06T16:30:23+00:00","dateModified":"2025-05-06T16:30:31+00:00","breadcrumb":{"@id":"https:\/\/shopatoa.com\/ro\/fenty-beauty-iluminator-sub-ochi-bright-fix-eye-brightener-10-ml-deep-melon\/#breadcrumb"},"inLanguage":"ro-RO","potentialAction":[{"@type":"ReadAction","target":["https:\/\/shopatoa.com\/ro\/fenty-beauty-iluminator-sub-ochi-bright-fix-eye-brightener-10-ml-deep-melon\/"]}]},{"@type":"ImageObject","inLanguage":"ro-RO","@id":"https:\/\/shopatoa.com\/ro\/fenty-beauty-iluminator-sub-ochi-bright-fix-eye-brightener-10-ml-deep-melon\/#primaryimage","url":"https:\/\/storage.googleapis.com\/cz-shopatoa-img\/ro\/0e27a688-unnamed-file.webp","contentUrl":"https:\/\/storage.googleapis.com\/cz-shopatoa-img\/ro\/0e27a688-unnamed-file.webp","width":800,"height":800},{"@type":"BreadcrumbList","@id":"https:\/\/shopatoa.com\/ro\/fenty-beauty-iluminator-sub-ochi-bright-fix-eye-brightener-10-ml-deep-melon\/#breadcrumb","itemListElement":[{"@type":"ListItem","position":1,"name":"Dom\u016f","item":"https:\/\/shopatoa.com\/ro\/"},{"@type":"ListItem","position":2,"name":"Shop","item":"https:\/\/shopatoa.com\/ro\/shop\/"},{"@type":"ListItem","position":3,"name":"Fenty Beauty Iluminator sub ochi Bright Fix (Eye Brightener) 10 ml Deep Melon"}]},{"@type":"WebSite","@id":"https:\/\/shopatoa.com\/ro\/#website","url":"https:\/\/shopatoa.com\/ro\/","name":"SHOPATOA","description":"","publisher":{"@id":"https:\/\/shopatoa.com\/ro\/#organization"},"potentialAction":[{"@type":"SearchAction","target":{"@type":"EntryPoint","urlTemplate":"https:\/\/shopatoa.com\/ro\/?s={search_term_string}"},"query-input":{"@type":"PropertyValueSpecification","valueRequired":true,"valueName":"search_term_string"}}],"inLanguage":"ro-RO"},{"@type":"Organization","@id":"https:\/\/shopatoa.com\/ro\/#organization","name":"SHOPATOA","url":"https:\/\/shopatoa.com\/ro\/","logo":{"@type":"ImageObject","inLanguage":"ro-RO","@id":"https:\/\/shopatoa.com\/ro\/#\/schema\/logo\/image\/","url":"https:\/\/storage.googleapis.com\/cz-shopatoa-img\/ro\/b4dac915-shopatoa_logo.png","contentUrl":"https:\/\/storage.googleapis.com\/cz-shopatoa-img\/ro\/b4dac915-shopatoa_logo.png","width":416,"height":63,"caption":"SHOPATOA"},"image":{"@id":"https:\/\/shopatoa.com\/ro\/#\/schema\/logo\/image\/"}}]}},"_links":{"self":[{"href":"https:\/\/shopatoa.com\/ro\/wp-json\/wp\/v2\/product\/329290","targetHints":{"allow":["GET"]}}],"collection":[{"href":"https:\/\/shopatoa.com\/ro\/wp-json\/wp\/v2\/product"}],"about":[{"href":"https:\/\/shopatoa.com\/ro\/wp-json\/wp\/v2\/types\/product"}],"replies":[{"embeddable":true,"href":"https:\/\/shopatoa.com\/ro\/wp-json\/wp\/v2\/comments?post=329290"}],"wp:featuredmedia":[{"embeddable":true,"href":"https:\/\/shopatoa.com\/ro\/wp-json\/wp\/v2\/media\/329292"}],"wp:attachment":[{"href":"https:\/\/shopatoa.com\/ro\/wp-json\/wp\/v2\/media?parent=329290"}],"wp:term":[{"taxonomy":"product_brand","embeddable":true,"href":"https:\/\/shopatoa.com\/ro\/wp-json\/wp\/v2\/product_brand?post=329290"},{"taxonomy":"product_cat","embeddable":true,"href":"https:\/\/shopatoa.com\/ro\/wp-json\/wp\/v2\/product_cat?post=329290"},{"taxonomy":"product_tag","embeddable":true,"href":"https:\/\/shopatoa.com\/ro\/wp-json\/wp\/v2\/product_tag?post=329290"}],"curies":[{"name":"wp","href":"https:\/\/api.w.org\/{rel}","templated":true}]}}