{"id":329335,"date":"2025-05-06T18:35:42","date_gmt":"2025-05-06T16:35:42","guid":{"rendered":"https:\/\/shopatoa.com\/ro\/aesop-balsam-hidratant-de-buze-cu-spf-30-protective-lip-balm-55-g\/"},"modified":"2025-05-06T18:35:52","modified_gmt":"2025-05-06T16:35:52","slug":"aesop-balsam-hidratant-de-buze-cu-spf-30-protective-lip-balm-55-g","status":"publish","type":"product","link":"https:\/\/shopatoa.com\/ro\/aesop-balsam-hidratant-de-buze-cu-spf-30-protective-lip-balm-55-g\/","title":{"rendered":"Aesop Balsam hidratant de buze cu SPF 30 (Protective Lip Balm) 5,5 g"},"content":{"rendered":"<p>Un balsam de buze hidratant care protejeaz\u0103 \u00eempotriva razelor UV d\u0103un\u0103toare, \u00een timp ce hr\u0103ne\u0219te \u0219i \u00eenmoaie buzele. Datorit\u0103 con\u021binutului de uleiuri vegetale naturale \u0219i cear\u0103, balsamul ofer\u0103 confort de lung\u0103 durat\u0103, f\u0103r\u0103 a fi lipicios sau gras.<\/p>\n","protected":false},"excerpt":{"rendered":"<p>Un balsam de buze hidratant care protejeaz\u0103 \u00eempotriva razelor UV d\u0103un\u0103toare, \u00een timp ce hr\u0103ne\u0219te \u0219i \u00eenmoaie buzele. Datorit\u0103 con\u021binutului de uleiuri vegetale naturale \u0219i cear\u0103, balsamul ofer\u0103 confort de lung\u0103 durat\u0103, f\u0103r\u0103 a fi lipicios sau gras.<\/p>\n","protected":false},"featured_media":329336,"comment_status":"closed","ping_status":"open","template":"","meta":{"_acf_changed":false,"_kadence_starter_templates_imported_post":false,"_kad_post_transparent":"","_kad_post_title":"","_kad_post_layout":"","_kad_post_sidebar_id":"","_kad_post_content_style":"","_kad_post_vertical_padding":"","_kad_post_feature":"","_kad_post_feature_position":"","_kad_post_header":false,"_kad_post_footer":false,"_kad_post_classname":""},"product_brand":[1471],"product_cat":[246,673,633],"product_tag":[],"class_list":{"0":"post-329335","1":"product","2":"type-product","3":"status-publish","4":"has-post-thumbnail","6":"product_brand-aesop","7":"product_cat-cosmetice","8":"product_cat-lip-cosmetica","9":"product_cat-produse-cosmetice-pentru-piele","11":"first","12":"instock","13":"product-type-external","14":"entry","15":"content-bg","16":"loop-entry"},"acf":[],"yoast_head":"<!-- This site is optimized with the Yoast SEO plugin v27.3 - https:\/\/yoast.com\/product\/yoast-seo-wordpress\/ -->\n<title>Aesop Balsam hidratant de buze cu SPF 30 (Protective Lip Balm) 5,5 g - SHOPATOA.COM<\/title>\n<meta name=\"robots\" content=\"index, follow, max-snippet:-1, max-image-preview:large, max-video-preview:-1\" \/>\n<link rel=\"canonical\" href=\"https:\/\/shopatoa.com\/ro\/aesop-balsam-hidratant-de-buze-cu-spf-30-protective-lip-balm-55-g\/\" \/>\n<meta property=\"og:locale\" content=\"ro_RO\" \/>\n<meta property=\"og:type\" content=\"article\" \/>\n<meta property=\"og:title\" content=\"Aesop Balsam hidratant de buze cu SPF 30 (Protective Lip Balm) 5,5 g - SHOPATOA.COM\" \/>\n<meta property=\"og:description\" content=\"Un balsam de buze hidratant care protejeaz\u0103 \u00eempotriva razelor UV d\u0103un\u0103toare, \u00een timp ce hr\u0103ne\u0219te \u0219i \u00eenmoaie buzele. Datorit\u0103 con\u021binutului de uleiuri vegetale naturale \u0219i cear\u0103, balsamul ofer\u0103 confort de lung\u0103 durat\u0103, f\u0103r\u0103 a fi lipicios sau gras.\" \/>\n<meta property=\"og:url\" content=\"https:\/\/shopatoa.com\/ro\/aesop-balsam-hidratant-de-buze-cu-spf-30-protective-lip-balm-55-g\/\" \/>\n<meta property=\"og:site_name\" content=\"SHOPATOA\" \/>\n<meta property=\"article:modified_time\" content=\"2025-05-06T16:35:52+00:00\" \/>\n<meta property=\"og:image\" content=\"https:\/\/storage.googleapis.com\/cz-shopatoa-img\/ro\/baffb27b-unnamed-file.webp\" \/>\n\t<meta property=\"og:image:width\" content=\"800\" \/>\n\t<meta property=\"og:image:height\" content=\"800\" \/>\n\t<meta property=\"og:image:type\" content=\"image\/webp\" \/>\n<meta name=\"twitter:card\" content=\"summary_large_image\" \/>\n<script type=\"application\/ld+json\" class=\"yoast-schema-graph\">{\"@context\":\"https:\\\/\\\/schema.org\",\"@graph\":[{\"@type\":\"WebPage\",\"@id\":\"https:\\\/\\\/shopatoa.com\\\/ro\\\/aesop-balsam-hidratant-de-buze-cu-spf-30-protective-lip-balm-55-g\\\/\",\"url\":\"https:\\\/\\\/shopatoa.com\\\/ro\\\/aesop-balsam-hidratant-de-buze-cu-spf-30-protective-lip-balm-55-g\\\/\",\"name\":\"Aesop Balsam hidratant de buze cu SPF 30 (Protective Lip Balm) 5,5 g - SHOPATOA.COM\",\"isPartOf\":{\"@id\":\"https:\\\/\\\/shopatoa.com\\\/ro\\\/#website\"},\"primaryImageOfPage\":{\"@id\":\"https:\\\/\\\/shopatoa.com\\\/ro\\\/aesop-balsam-hidratant-de-buze-cu-spf-30-protective-lip-balm-55-g\\\/#primaryimage\"},\"image\":{\"@id\":\"https:\\\/\\\/shopatoa.com\\\/ro\\\/aesop-balsam-hidratant-de-buze-cu-spf-30-protective-lip-balm-55-g\\\/#primaryimage\"},\"thumbnailUrl\":\"https:\\\/\\\/storage.googleapis.com\\\/cz-shopatoa-img\\\/ro\\\/baffb27b-unnamed-file.webp\",\"datePublished\":\"2025-05-06T16:35:42+00:00\",\"dateModified\":\"2025-05-06T16:35:52+00:00\",\"breadcrumb\":{\"@id\":\"https:\\\/\\\/shopatoa.com\\\/ro\\\/aesop-balsam-hidratant-de-buze-cu-spf-30-protective-lip-balm-55-g\\\/#breadcrumb\"},\"inLanguage\":\"ro-RO\",\"potentialAction\":[{\"@type\":\"ReadAction\",\"target\":[\"https:\\\/\\\/shopatoa.com\\\/ro\\\/aesop-balsam-hidratant-de-buze-cu-spf-30-protective-lip-balm-55-g\\\/\"]}]},{\"@type\":\"ImageObject\",\"inLanguage\":\"ro-RO\",\"@id\":\"https:\\\/\\\/shopatoa.com\\\/ro\\\/aesop-balsam-hidratant-de-buze-cu-spf-30-protective-lip-balm-55-g\\\/#primaryimage\",\"url\":\"https:\\\/\\\/storage.googleapis.com\\\/cz-shopatoa-img\\\/ro\\\/baffb27b-unnamed-file.webp\",\"contentUrl\":\"https:\\\/\\\/storage.googleapis.com\\\/cz-shopatoa-img\\\/ro\\\/baffb27b-unnamed-file.webp\",\"width\":800,\"height\":800},{\"@type\":\"BreadcrumbList\",\"@id\":\"https:\\\/\\\/shopatoa.com\\\/ro\\\/aesop-balsam-hidratant-de-buze-cu-spf-30-protective-lip-balm-55-g\\\/#breadcrumb\",\"itemListElement\":[{\"@type\":\"ListItem\",\"position\":1,\"name\":\"Dom\u016f\",\"item\":\"https:\\\/\\\/shopatoa.com\\\/ro\\\/\"},{\"@type\":\"ListItem\",\"position\":2,\"name\":\"Shop\",\"item\":\"https:\\\/\\\/shopatoa.com\\\/ro\\\/shop\\\/\"},{\"@type\":\"ListItem\",\"position\":3,\"name\":\"Aesop Balsam hidratant de buze cu SPF 30 (Protective Lip Balm) 5,5 g\"}]},{\"@type\":\"WebSite\",\"@id\":\"https:\\\/\\\/shopatoa.com\\\/ro\\\/#website\",\"url\":\"https:\\\/\\\/shopatoa.com\\\/ro\\\/\",\"name\":\"SHOPATOA\",\"description\":\"\",\"publisher\":{\"@id\":\"https:\\\/\\\/shopatoa.com\\\/ro\\\/#organization\"},\"potentialAction\":[{\"@type\":\"SearchAction\",\"target\":{\"@type\":\"EntryPoint\",\"urlTemplate\":\"https:\\\/\\\/shopatoa.com\\\/ro\\\/?s={search_term_string}\"},\"query-input\":{\"@type\":\"PropertyValueSpecification\",\"valueRequired\":true,\"valueName\":\"search_term_string\"}}],\"inLanguage\":\"ro-RO\"},{\"@type\":\"Organization\",\"@id\":\"https:\\\/\\\/shopatoa.com\\\/ro\\\/#organization\",\"name\":\"SHOPATOA\",\"url\":\"https:\\\/\\\/shopatoa.com\\\/ro\\\/\",\"logo\":{\"@type\":\"ImageObject\",\"inLanguage\":\"ro-RO\",\"@id\":\"https:\\\/\\\/shopatoa.com\\\/ro\\\/#\\\/schema\\\/logo\\\/image\\\/\",\"url\":\"https:\\\/\\\/storage.googleapis.com\\\/cz-shopatoa-img\\\/ro\\\/b4dac915-shopatoa_logo.png\",\"contentUrl\":\"https:\\\/\\\/storage.googleapis.com\\\/cz-shopatoa-img\\\/ro\\\/b4dac915-shopatoa_logo.png\",\"width\":416,\"height\":63,\"caption\":\"SHOPATOA\"},\"image\":{\"@id\":\"https:\\\/\\\/shopatoa.com\\\/ro\\\/#\\\/schema\\\/logo\\\/image\\\/\"}}]}<\/script>\n<!-- \/ Yoast SEO plugin. -->","yoast_head_json":{"title":"Aesop Balsam hidratant de buze cu SPF 30 (Protective Lip Balm) 5,5 g - SHOPATOA.COM","robots":{"index":"index","follow":"follow","max-snippet":"max-snippet:-1","max-image-preview":"max-image-preview:large","max-video-preview":"max-video-preview:-1"},"canonical":"https:\/\/shopatoa.com\/ro\/aesop-balsam-hidratant-de-buze-cu-spf-30-protective-lip-balm-55-g\/","og_locale":"ro_RO","og_type":"article","og_title":"Aesop Balsam hidratant de buze cu SPF 30 (Protective Lip Balm) 5,5 g - SHOPATOA.COM","og_description":"Un balsam de buze hidratant care protejeaz\u0103 \u00eempotriva razelor UV d\u0103un\u0103toare, \u00een timp ce hr\u0103ne\u0219te \u0219i \u00eenmoaie buzele. Datorit\u0103 con\u021binutului de uleiuri vegetale naturale \u0219i cear\u0103, balsamul ofer\u0103 confort de lung\u0103 durat\u0103, f\u0103r\u0103 a fi lipicios sau gras.","og_url":"https:\/\/shopatoa.com\/ro\/aesop-balsam-hidratant-de-buze-cu-spf-30-protective-lip-balm-55-g\/","og_site_name":"SHOPATOA","article_modified_time":"2025-05-06T16:35:52+00:00","og_image":[{"width":800,"height":800,"url":"https:\/\/storage.googleapis.com\/cz-shopatoa-img\/ro\/baffb27b-unnamed-file.webp","type":"image\/webp"}],"twitter_card":"summary_large_image","schema":{"@context":"https:\/\/schema.org","@graph":[{"@type":"WebPage","@id":"https:\/\/shopatoa.com\/ro\/aesop-balsam-hidratant-de-buze-cu-spf-30-protective-lip-balm-55-g\/","url":"https:\/\/shopatoa.com\/ro\/aesop-balsam-hidratant-de-buze-cu-spf-30-protective-lip-balm-55-g\/","name":"Aesop Balsam hidratant de buze cu SPF 30 (Protective Lip Balm) 5,5 g - SHOPATOA.COM","isPartOf":{"@id":"https:\/\/shopatoa.com\/ro\/#website"},"primaryImageOfPage":{"@id":"https:\/\/shopatoa.com\/ro\/aesop-balsam-hidratant-de-buze-cu-spf-30-protective-lip-balm-55-g\/#primaryimage"},"image":{"@id":"https:\/\/shopatoa.com\/ro\/aesop-balsam-hidratant-de-buze-cu-spf-30-protective-lip-balm-55-g\/#primaryimage"},"thumbnailUrl":"https:\/\/storage.googleapis.com\/cz-shopatoa-img\/ro\/baffb27b-unnamed-file.webp","datePublished":"2025-05-06T16:35:42+00:00","dateModified":"2025-05-06T16:35:52+00:00","breadcrumb":{"@id":"https:\/\/shopatoa.com\/ro\/aesop-balsam-hidratant-de-buze-cu-spf-30-protective-lip-balm-55-g\/#breadcrumb"},"inLanguage":"ro-RO","potentialAction":[{"@type":"ReadAction","target":["https:\/\/shopatoa.com\/ro\/aesop-balsam-hidratant-de-buze-cu-spf-30-protective-lip-balm-55-g\/"]}]},{"@type":"ImageObject","inLanguage":"ro-RO","@id":"https:\/\/shopatoa.com\/ro\/aesop-balsam-hidratant-de-buze-cu-spf-30-protective-lip-balm-55-g\/#primaryimage","url":"https:\/\/storage.googleapis.com\/cz-shopatoa-img\/ro\/baffb27b-unnamed-file.webp","contentUrl":"https:\/\/storage.googleapis.com\/cz-shopatoa-img\/ro\/baffb27b-unnamed-file.webp","width":800,"height":800},{"@type":"BreadcrumbList","@id":"https:\/\/shopatoa.com\/ro\/aesop-balsam-hidratant-de-buze-cu-spf-30-protective-lip-balm-55-g\/#breadcrumb","itemListElement":[{"@type":"ListItem","position":1,"name":"Dom\u016f","item":"https:\/\/shopatoa.com\/ro\/"},{"@type":"ListItem","position":2,"name":"Shop","item":"https:\/\/shopatoa.com\/ro\/shop\/"},{"@type":"ListItem","position":3,"name":"Aesop Balsam hidratant de buze cu SPF 30 (Protective Lip Balm) 5,5 g"}]},{"@type":"WebSite","@id":"https:\/\/shopatoa.com\/ro\/#website","url":"https:\/\/shopatoa.com\/ro\/","name":"SHOPATOA","description":"","publisher":{"@id":"https:\/\/shopatoa.com\/ro\/#organization"},"potentialAction":[{"@type":"SearchAction","target":{"@type":"EntryPoint","urlTemplate":"https:\/\/shopatoa.com\/ro\/?s={search_term_string}"},"query-input":{"@type":"PropertyValueSpecification","valueRequired":true,"valueName":"search_term_string"}}],"inLanguage":"ro-RO"},{"@type":"Organization","@id":"https:\/\/shopatoa.com\/ro\/#organization","name":"SHOPATOA","url":"https:\/\/shopatoa.com\/ro\/","logo":{"@type":"ImageObject","inLanguage":"ro-RO","@id":"https:\/\/shopatoa.com\/ro\/#\/schema\/logo\/image\/","url":"https:\/\/storage.googleapis.com\/cz-shopatoa-img\/ro\/b4dac915-shopatoa_logo.png","contentUrl":"https:\/\/storage.googleapis.com\/cz-shopatoa-img\/ro\/b4dac915-shopatoa_logo.png","width":416,"height":63,"caption":"SHOPATOA"},"image":{"@id":"https:\/\/shopatoa.com\/ro\/#\/schema\/logo\/image\/"}}]}},"_links":{"self":[{"href":"https:\/\/shopatoa.com\/ro\/wp-json\/wp\/v2\/product\/329335","targetHints":{"allow":["GET"]}}],"collection":[{"href":"https:\/\/shopatoa.com\/ro\/wp-json\/wp\/v2\/product"}],"about":[{"href":"https:\/\/shopatoa.com\/ro\/wp-json\/wp\/v2\/types\/product"}],"replies":[{"embeddable":true,"href":"https:\/\/shopatoa.com\/ro\/wp-json\/wp\/v2\/comments?post=329335"}],"wp:featuredmedia":[{"embeddable":true,"href":"https:\/\/shopatoa.com\/ro\/wp-json\/wp\/v2\/media\/329336"}],"wp:attachment":[{"href":"https:\/\/shopatoa.com\/ro\/wp-json\/wp\/v2\/media?parent=329335"}],"wp:term":[{"taxonomy":"product_brand","embeddable":true,"href":"https:\/\/shopatoa.com\/ro\/wp-json\/wp\/v2\/product_brand?post=329335"},{"taxonomy":"product_cat","embeddable":true,"href":"https:\/\/shopatoa.com\/ro\/wp-json\/wp\/v2\/product_cat?post=329335"},{"taxonomy":"product_tag","embeddable":true,"href":"https:\/\/shopatoa.com\/ro\/wp-json\/wp\/v2\/product_tag?post=329335"}],"curies":[{"name":"wp","href":"https:\/\/api.w.org\/{rel}","templated":true}]}}