{"id":329653,"date":"2025-05-06T19:26:49","date_gmt":"2025-05-06T17:26:49","guid":{"rendered":"https:\/\/shopatoa.com\/ro\/nivea-antiperspirant-solid-fresh-kick-50-ml\/"},"modified":"2025-05-06T19:26:56","modified_gmt":"2025-05-06T17:26:56","slug":"nivea-antiperspirant-solid-fresh-kick-50-ml","status":"publish","type":"product","link":"https:\/\/shopatoa.com\/ro\/nivea-antiperspirant-solid-fresh-kick-50-ml\/","title":{"rendered":"Nivea Antiperspirant solid Fresh Kick 50 ml"},"content":{"rendered":"<p>Axile uscate oriunde v-a\u021bi afla. Bucura\u021bi-v\u0103 de un parfum proasp\u0103t toat\u0103 ziua. Miros nepl\u0103cut \u0219i pete de transpira\u021bie pe haine? Indiferent dac\u0103 sunte\u021bi un atlet activ sau expu\u0219i la situa\u021bii stresante la locul de munc\u0103 \u00een timpul zilei, antiperspirantul solid pentru b\u0103rba\u021bi Fresh Kick va \u021bine situa\u021bia sub control. Va proteja pielea de transpira\u021bie p\u00e2n\u0103 la 48 de ore \u0219i, de asemenea, o va parfuma cu parfumul pl\u0103cut proasp\u0103t al apei de cactus. R\u0103m\u00e2ne\u021bi proasp\u0103t, indiferent de ce v\u0103 va preg\u0103ti ziua. \u00cen acela\u0219i timp, ve\u021bi fi mul\u021bumit de designul modern, aplicarea u\u0219oar\u0103, uscare rapid\u0103 \u0219i mai pu\u021bin plastic, care este, de asemenea, 100% reciclabil.<\/p>\n","protected":false},"excerpt":{"rendered":"<p>Axile uscate oriunde v-a\u021bi afla. Bucura\u021bi-v\u0103 de un parfum proasp\u0103t toat\u0103 ziua. Miros nepl\u0103cut \u0219i pete de transpira\u021bie pe haine? Indiferent dac\u0103 sunte\u021bi un atlet activ sau expu\u0219i la situa\u021bii stresante la locul de munc\u0103 \u00een timpul zilei, antiperspirantul solid pentru b\u0103rba\u021bi Fresh Kick va \u021bine situa\u021bia sub control. Va proteja pielea de transpira\u021bie p\u00e2n\u0103&#8230;<\/p>\n","protected":false},"featured_media":329655,"comment_status":"closed","ping_status":"open","template":"","meta":{"_acf_changed":false,"_kadence_starter_templates_imported_post":false,"_kad_post_transparent":"","_kad_post_title":"","_kad_post_layout":"","_kad_post_sidebar_id":"","_kad_post_content_style":"","_kad_post_vertical_padding":"","_kad_post_feature":"","_kad_post_feature_position":"","_kad_post_header":false,"_kad_post_footer":false,"_kad_post_classname":""},"product_brand":[91],"product_cat":[646,246,611],"product_tag":[],"class_list":{"0":"post-329653","1":"product","2":"type-product","3":"status-publish","4":"has-post-thumbnail","6":"product_brand-nivea","7":"product_cat-antiperspirante-si-deodorante","8":"product_cat-cosmetice","9":"product_cat-produse-cosmetice-pentru-corp","11":"first","12":"instock","13":"product-type-external","14":"entry","15":"content-bg","16":"loop-entry"},"acf":[],"yoast_head":"<!-- This site is optimized with the Yoast SEO plugin v27.3 - https:\/\/yoast.com\/product\/yoast-seo-wordpress\/ -->\n<title>Nivea Antiperspirant solid Fresh Kick 50 ml - SHOPATOA.COM<\/title>\n<meta name=\"robots\" content=\"index, follow, max-snippet:-1, max-image-preview:large, max-video-preview:-1\" \/>\n<link rel=\"canonical\" href=\"https:\/\/shopatoa.com\/ro\/nivea-antiperspirant-solid-fresh-kick-50-ml\/\" \/>\n<meta property=\"og:locale\" content=\"ro_RO\" \/>\n<meta property=\"og:type\" content=\"article\" \/>\n<meta property=\"og:title\" content=\"Nivea Antiperspirant solid Fresh Kick 50 ml - SHOPATOA.COM\" \/>\n<meta property=\"og:description\" content=\"Axile uscate oriunde v-a\u021bi afla. Bucura\u021bi-v\u0103 de un parfum proasp\u0103t toat\u0103 ziua. Miros nepl\u0103cut \u0219i pete de transpira\u021bie pe haine? Indiferent dac\u0103 sunte\u021bi un atlet activ sau expu\u0219i la situa\u021bii stresante la locul de munc\u0103 \u00een timpul zilei, antiperspirantul solid pentru b\u0103rba\u021bi Fresh Kick va \u021bine situa\u021bia sub control. Va proteja pielea de transpira\u021bie p\u00e2n\u0103...\" \/>\n<meta property=\"og:url\" content=\"https:\/\/shopatoa.com\/ro\/nivea-antiperspirant-solid-fresh-kick-50-ml\/\" \/>\n<meta property=\"og:site_name\" content=\"SHOPATOA\" \/>\n<meta property=\"article:modified_time\" content=\"2025-05-06T17:26:56+00:00\" \/>\n<meta property=\"og:image\" content=\"https:\/\/storage.googleapis.com\/cz-shopatoa-img\/ro\/aa888c2e-unnamed-file.webp\" \/>\n\t<meta property=\"og:image:width\" content=\"800\" \/>\n\t<meta property=\"og:image:height\" content=\"800\" \/>\n\t<meta property=\"og:image:type\" content=\"image\/webp\" \/>\n<meta name=\"twitter:card\" content=\"summary_large_image\" \/>\n<meta name=\"twitter:label1\" content=\"Timp estimat pentru citire\" \/>\n\t<meta name=\"twitter:data1\" content=\"1 minut\" \/>\n<script type=\"application\/ld+json\" class=\"yoast-schema-graph\">{\"@context\":\"https:\\\/\\\/schema.org\",\"@graph\":[{\"@type\":\"WebPage\",\"@id\":\"https:\\\/\\\/shopatoa.com\\\/ro\\\/nivea-antiperspirant-solid-fresh-kick-50-ml\\\/\",\"url\":\"https:\\\/\\\/shopatoa.com\\\/ro\\\/nivea-antiperspirant-solid-fresh-kick-50-ml\\\/\",\"name\":\"Nivea Antiperspirant solid Fresh Kick 50 ml - SHOPATOA.COM\",\"isPartOf\":{\"@id\":\"https:\\\/\\\/shopatoa.com\\\/ro\\\/#website\"},\"primaryImageOfPage\":{\"@id\":\"https:\\\/\\\/shopatoa.com\\\/ro\\\/nivea-antiperspirant-solid-fresh-kick-50-ml\\\/#primaryimage\"},\"image\":{\"@id\":\"https:\\\/\\\/shopatoa.com\\\/ro\\\/nivea-antiperspirant-solid-fresh-kick-50-ml\\\/#primaryimage\"},\"thumbnailUrl\":\"https:\\\/\\\/storage.googleapis.com\\\/cz-shopatoa-img\\\/ro\\\/aa888c2e-unnamed-file.webp\",\"datePublished\":\"2025-05-06T17:26:49+00:00\",\"dateModified\":\"2025-05-06T17:26:56+00:00\",\"breadcrumb\":{\"@id\":\"https:\\\/\\\/shopatoa.com\\\/ro\\\/nivea-antiperspirant-solid-fresh-kick-50-ml\\\/#breadcrumb\"},\"inLanguage\":\"ro-RO\",\"potentialAction\":[{\"@type\":\"ReadAction\",\"target\":[\"https:\\\/\\\/shopatoa.com\\\/ro\\\/nivea-antiperspirant-solid-fresh-kick-50-ml\\\/\"]}]},{\"@type\":\"ImageObject\",\"inLanguage\":\"ro-RO\",\"@id\":\"https:\\\/\\\/shopatoa.com\\\/ro\\\/nivea-antiperspirant-solid-fresh-kick-50-ml\\\/#primaryimage\",\"url\":\"https:\\\/\\\/storage.googleapis.com\\\/cz-shopatoa-img\\\/ro\\\/aa888c2e-unnamed-file.webp\",\"contentUrl\":\"https:\\\/\\\/storage.googleapis.com\\\/cz-shopatoa-img\\\/ro\\\/aa888c2e-unnamed-file.webp\",\"width\":800,\"height\":800},{\"@type\":\"BreadcrumbList\",\"@id\":\"https:\\\/\\\/shopatoa.com\\\/ro\\\/nivea-antiperspirant-solid-fresh-kick-50-ml\\\/#breadcrumb\",\"itemListElement\":[{\"@type\":\"ListItem\",\"position\":1,\"name\":\"Dom\u016f\",\"item\":\"https:\\\/\\\/shopatoa.com\\\/ro\\\/\"},{\"@type\":\"ListItem\",\"position\":2,\"name\":\"Shop\",\"item\":\"https:\\\/\\\/shopatoa.com\\\/ro\\\/shop\\\/\"},{\"@type\":\"ListItem\",\"position\":3,\"name\":\"Nivea Antiperspirant solid Fresh Kick 50 ml\"}]},{\"@type\":\"WebSite\",\"@id\":\"https:\\\/\\\/shopatoa.com\\\/ro\\\/#website\",\"url\":\"https:\\\/\\\/shopatoa.com\\\/ro\\\/\",\"name\":\"SHOPATOA\",\"description\":\"\",\"publisher\":{\"@id\":\"https:\\\/\\\/shopatoa.com\\\/ro\\\/#organization\"},\"potentialAction\":[{\"@type\":\"SearchAction\",\"target\":{\"@type\":\"EntryPoint\",\"urlTemplate\":\"https:\\\/\\\/shopatoa.com\\\/ro\\\/?s={search_term_string}\"},\"query-input\":{\"@type\":\"PropertyValueSpecification\",\"valueRequired\":true,\"valueName\":\"search_term_string\"}}],\"inLanguage\":\"ro-RO\"},{\"@type\":\"Organization\",\"@id\":\"https:\\\/\\\/shopatoa.com\\\/ro\\\/#organization\",\"name\":\"SHOPATOA\",\"url\":\"https:\\\/\\\/shopatoa.com\\\/ro\\\/\",\"logo\":{\"@type\":\"ImageObject\",\"inLanguage\":\"ro-RO\",\"@id\":\"https:\\\/\\\/shopatoa.com\\\/ro\\\/#\\\/schema\\\/logo\\\/image\\\/\",\"url\":\"https:\\\/\\\/storage.googleapis.com\\\/cz-shopatoa-img\\\/ro\\\/b4dac915-shopatoa_logo.png\",\"contentUrl\":\"https:\\\/\\\/storage.googleapis.com\\\/cz-shopatoa-img\\\/ro\\\/b4dac915-shopatoa_logo.png\",\"width\":416,\"height\":63,\"caption\":\"SHOPATOA\"},\"image\":{\"@id\":\"https:\\\/\\\/shopatoa.com\\\/ro\\\/#\\\/schema\\\/logo\\\/image\\\/\"}}]}<\/script>\n<!-- \/ Yoast SEO plugin. -->","yoast_head_json":{"title":"Nivea Antiperspirant solid Fresh Kick 50 ml - SHOPATOA.COM","robots":{"index":"index","follow":"follow","max-snippet":"max-snippet:-1","max-image-preview":"max-image-preview:large","max-video-preview":"max-video-preview:-1"},"canonical":"https:\/\/shopatoa.com\/ro\/nivea-antiperspirant-solid-fresh-kick-50-ml\/","og_locale":"ro_RO","og_type":"article","og_title":"Nivea Antiperspirant solid Fresh Kick 50 ml - SHOPATOA.COM","og_description":"Axile uscate oriunde v-a\u021bi afla. Bucura\u021bi-v\u0103 de un parfum proasp\u0103t toat\u0103 ziua. Miros nepl\u0103cut \u0219i pete de transpira\u021bie pe haine? Indiferent dac\u0103 sunte\u021bi un atlet activ sau expu\u0219i la situa\u021bii stresante la locul de munc\u0103 \u00een timpul zilei, antiperspirantul solid pentru b\u0103rba\u021bi Fresh Kick va \u021bine situa\u021bia sub control. Va proteja pielea de transpira\u021bie p\u00e2n\u0103...","og_url":"https:\/\/shopatoa.com\/ro\/nivea-antiperspirant-solid-fresh-kick-50-ml\/","og_site_name":"SHOPATOA","article_modified_time":"2025-05-06T17:26:56+00:00","og_image":[{"width":800,"height":800,"url":"https:\/\/storage.googleapis.com\/cz-shopatoa-img\/ro\/aa888c2e-unnamed-file.webp","type":"image\/webp"}],"twitter_card":"summary_large_image","twitter_misc":{"Timp estimat pentru citire":"1 minut"},"schema":{"@context":"https:\/\/schema.org","@graph":[{"@type":"WebPage","@id":"https:\/\/shopatoa.com\/ro\/nivea-antiperspirant-solid-fresh-kick-50-ml\/","url":"https:\/\/shopatoa.com\/ro\/nivea-antiperspirant-solid-fresh-kick-50-ml\/","name":"Nivea Antiperspirant solid Fresh Kick 50 ml - SHOPATOA.COM","isPartOf":{"@id":"https:\/\/shopatoa.com\/ro\/#website"},"primaryImageOfPage":{"@id":"https:\/\/shopatoa.com\/ro\/nivea-antiperspirant-solid-fresh-kick-50-ml\/#primaryimage"},"image":{"@id":"https:\/\/shopatoa.com\/ro\/nivea-antiperspirant-solid-fresh-kick-50-ml\/#primaryimage"},"thumbnailUrl":"https:\/\/storage.googleapis.com\/cz-shopatoa-img\/ro\/aa888c2e-unnamed-file.webp","datePublished":"2025-05-06T17:26:49+00:00","dateModified":"2025-05-06T17:26:56+00:00","breadcrumb":{"@id":"https:\/\/shopatoa.com\/ro\/nivea-antiperspirant-solid-fresh-kick-50-ml\/#breadcrumb"},"inLanguage":"ro-RO","potentialAction":[{"@type":"ReadAction","target":["https:\/\/shopatoa.com\/ro\/nivea-antiperspirant-solid-fresh-kick-50-ml\/"]}]},{"@type":"ImageObject","inLanguage":"ro-RO","@id":"https:\/\/shopatoa.com\/ro\/nivea-antiperspirant-solid-fresh-kick-50-ml\/#primaryimage","url":"https:\/\/storage.googleapis.com\/cz-shopatoa-img\/ro\/aa888c2e-unnamed-file.webp","contentUrl":"https:\/\/storage.googleapis.com\/cz-shopatoa-img\/ro\/aa888c2e-unnamed-file.webp","width":800,"height":800},{"@type":"BreadcrumbList","@id":"https:\/\/shopatoa.com\/ro\/nivea-antiperspirant-solid-fresh-kick-50-ml\/#breadcrumb","itemListElement":[{"@type":"ListItem","position":1,"name":"Dom\u016f","item":"https:\/\/shopatoa.com\/ro\/"},{"@type":"ListItem","position":2,"name":"Shop","item":"https:\/\/shopatoa.com\/ro\/shop\/"},{"@type":"ListItem","position":3,"name":"Nivea Antiperspirant solid Fresh Kick 50 ml"}]},{"@type":"WebSite","@id":"https:\/\/shopatoa.com\/ro\/#website","url":"https:\/\/shopatoa.com\/ro\/","name":"SHOPATOA","description":"","publisher":{"@id":"https:\/\/shopatoa.com\/ro\/#organization"},"potentialAction":[{"@type":"SearchAction","target":{"@type":"EntryPoint","urlTemplate":"https:\/\/shopatoa.com\/ro\/?s={search_term_string}"},"query-input":{"@type":"PropertyValueSpecification","valueRequired":true,"valueName":"search_term_string"}}],"inLanguage":"ro-RO"},{"@type":"Organization","@id":"https:\/\/shopatoa.com\/ro\/#organization","name":"SHOPATOA","url":"https:\/\/shopatoa.com\/ro\/","logo":{"@type":"ImageObject","inLanguage":"ro-RO","@id":"https:\/\/shopatoa.com\/ro\/#\/schema\/logo\/image\/","url":"https:\/\/storage.googleapis.com\/cz-shopatoa-img\/ro\/b4dac915-shopatoa_logo.png","contentUrl":"https:\/\/storage.googleapis.com\/cz-shopatoa-img\/ro\/b4dac915-shopatoa_logo.png","width":416,"height":63,"caption":"SHOPATOA"},"image":{"@id":"https:\/\/shopatoa.com\/ro\/#\/schema\/logo\/image\/"}}]}},"_links":{"self":[{"href":"https:\/\/shopatoa.com\/ro\/wp-json\/wp\/v2\/product\/329653","targetHints":{"allow":["GET"]}}],"collection":[{"href":"https:\/\/shopatoa.com\/ro\/wp-json\/wp\/v2\/product"}],"about":[{"href":"https:\/\/shopatoa.com\/ro\/wp-json\/wp\/v2\/types\/product"}],"replies":[{"embeddable":true,"href":"https:\/\/shopatoa.com\/ro\/wp-json\/wp\/v2\/comments?post=329653"}],"wp:featuredmedia":[{"embeddable":true,"href":"https:\/\/shopatoa.com\/ro\/wp-json\/wp\/v2\/media\/329655"}],"wp:attachment":[{"href":"https:\/\/shopatoa.com\/ro\/wp-json\/wp\/v2\/media?parent=329653"}],"wp:term":[{"taxonomy":"product_brand","embeddable":true,"href":"https:\/\/shopatoa.com\/ro\/wp-json\/wp\/v2\/product_brand?post=329653"},{"taxonomy":"product_cat","embeddable":true,"href":"https:\/\/shopatoa.com\/ro\/wp-json\/wp\/v2\/product_cat?post=329653"},{"taxonomy":"product_tag","embeddable":true,"href":"https:\/\/shopatoa.com\/ro\/wp-json\/wp\/v2\/product_tag?post=329653"}],"curies":[{"name":"wp","href":"https:\/\/api.w.org\/{rel}","templated":true}]}}