{"id":329660,"date":"2025-05-06T19:30:17","date_gmt":"2025-05-06T17:30:17","guid":{"rendered":"https:\/\/shopatoa.com\/ro\/dolce-gabbana-dolce-violet-edt-50-ml\/"},"modified":"2025-05-06T19:30:28","modified_gmt":"2025-05-06T17:30:28","slug":"dolce-gabbana-dolce-violet-edt-50-ml","status":"publish","type":"product","link":"https:\/\/shopatoa.com\/ro\/dolce-gabbana-dolce-violet-edt-50-ml\/","title":{"rendered":"Dolce &#038; Gabbana Dolce Violet &#8211; EDT 50 ml"},"content":{"rendered":"<p>Dolce Violet este o ap\u0103 de toalet\u0103 r\u0103coritoare \u0219i str\u0103lucitoare, care farmec\u0103 prin delicate\u021be floral\u0103 \u0219i elegan\u021b\u0103 fructat\u0103. Acest parfum este inspirat de paji\u0219tile \u00eenflorite pline de flori delicate de violete care aduc bun\u0103tate \u0219i fericire \u00een via\u021b\u0103. Parfumul perfect pentru femeile care se bucur\u0103 de via\u021b\u0103 \u0219i vor s\u0103 se r\u0103sfe\u021be cu tot ce este mai bun. Parfumul evoc\u0103 un sentiment de bucurie, libertate \u0219i farmec \u0219i eviden\u021biaz\u0103 elegan\u021ba \u0219i inocen\u021ba ta feminin\u0103. Nota romantic\u0103 a acestui parfum subliniaz\u0103 energia subtil\u0103 care se ascunde \u00een fiecare femeie. Apa de toaleta Dolce Violet deschide parfumul cu o combina\u021bie uluitoare de frunze de coac\u0103ze negre, care sunt impregnate de parfumul str\u0103lucitor de mandarine si intreaga introducere este \u00eembun\u0103t\u0103\u021bit\u0103 de parfumul floral de chiparos. \u00cen inima acestui parfum, apare un frumos acord floral de violete , \u00eenso\u021bit de coac\u0103ze negre vibrante \u0219i note dulci de para, care confer\u0103 parfumului o alur\u0103 feminin\u0103 \u0219i romantic\u0103. In baza, apare o urm\u0103 cald\u0103 \u0219i delicioas\u0103 de vanilie de Madagascar, lemn de santal \u0219i mosc, care creeaz\u0103 o concluzie delicat\u0103 a acestui parfum. Parfumul a fost lansat \u00een anul 2023.<\/p>\n","protected":false},"excerpt":{"rendered":"<p>Dolce Violet este o ap\u0103 de toalet\u0103 r\u0103coritoare \u0219i str\u0103lucitoare, care farmec\u0103 prin delicate\u021be floral\u0103 \u0219i elegan\u021b\u0103 fructat\u0103. Acest parfum este inspirat de paji\u0219tile \u00eenflorite pline de flori delicate de violete care aduc bun\u0103tate \u0219i fericire \u00een via\u021b\u0103. Parfumul perfect pentru femeile care se bucur\u0103 de via\u021b\u0103 \u0219i vor s\u0103 se r\u0103sfe\u021be cu tot ce&#8230;<\/p>\n","protected":false},"featured_media":329662,"comment_status":"closed","ping_status":"open","template":"","meta":{"_acf_changed":false,"_kadence_starter_templates_imported_post":false,"_kad_post_transparent":"","_kad_post_title":"","_kad_post_layout":"","_kad_post_sidebar_id":"","_kad_post_content_style":"","_kad_post_vertical_padding":"","_kad_post_feature":"","_kad_post_feature_position":"","_kad_post_header":false,"_kad_post_footer":false,"_kad_post_classname":""},"product_brand":[84],"product_cat":[615,614],"product_tag":[],"class_list":{"0":"post-329660","1":"product","2":"type-product","3":"status-publish","4":"has-post-thumbnail","6":"product_brand-dolce-gabbana","7":"product_cat-ape-de-toaleta-edt","8":"product_cat-parfumuri","10":"first","11":"instock","12":"product-type-external","13":"entry","14":"content-bg","15":"loop-entry"},"acf":[],"yoast_head":"<!-- This site is optimized with the Yoast SEO plugin v27.3 - https:\/\/yoast.com\/product\/yoast-seo-wordpress\/ -->\n<title>Dolce &amp; Gabbana Dolce Violet - EDT 50 ml - SHOPATOA.COM<\/title>\n<meta name=\"robots\" content=\"index, follow, max-snippet:-1, max-image-preview:large, max-video-preview:-1\" \/>\n<link rel=\"canonical\" href=\"https:\/\/shopatoa.com\/ro\/dolce-gabbana-dolce-violet-edt-50-ml\/\" \/>\n<meta property=\"og:locale\" content=\"ro_RO\" \/>\n<meta property=\"og:type\" content=\"article\" \/>\n<meta property=\"og:title\" content=\"Dolce &amp; Gabbana Dolce Violet - EDT 50 ml - SHOPATOA.COM\" \/>\n<meta property=\"og:description\" content=\"Dolce Violet este o ap\u0103 de toalet\u0103 r\u0103coritoare \u0219i str\u0103lucitoare, care farmec\u0103 prin delicate\u021be floral\u0103 \u0219i elegan\u021b\u0103 fructat\u0103. Acest parfum este inspirat de paji\u0219tile \u00eenflorite pline de flori delicate de violete care aduc bun\u0103tate \u0219i fericire \u00een via\u021b\u0103. Parfumul perfect pentru femeile care se bucur\u0103 de via\u021b\u0103 \u0219i vor s\u0103 se r\u0103sfe\u021be cu tot ce...\" \/>\n<meta property=\"og:url\" content=\"https:\/\/shopatoa.com\/ro\/dolce-gabbana-dolce-violet-edt-50-ml\/\" \/>\n<meta property=\"og:site_name\" content=\"SHOPATOA\" \/>\n<meta property=\"article:modified_time\" content=\"2025-05-06T17:30:28+00:00\" \/>\n<meta property=\"og:image\" content=\"https:\/\/storage.googleapis.com\/cz-shopatoa-img\/ro\/fe6d7f3e-unnamed-file.webp\" \/>\n\t<meta property=\"og:image:width\" content=\"800\" \/>\n\t<meta property=\"og:image:height\" content=\"800\" \/>\n\t<meta property=\"og:image:type\" content=\"image\/webp\" \/>\n<meta name=\"twitter:card\" content=\"summary_large_image\" \/>\n<meta name=\"twitter:label1\" content=\"Timp estimat pentru citire\" \/>\n\t<meta name=\"twitter:data1\" content=\"1 minut\" \/>\n<script type=\"application\/ld+json\" class=\"yoast-schema-graph\">{\"@context\":\"https:\\\/\\\/schema.org\",\"@graph\":[{\"@type\":\"WebPage\",\"@id\":\"https:\\\/\\\/shopatoa.com\\\/ro\\\/dolce-gabbana-dolce-violet-edt-50-ml\\\/\",\"url\":\"https:\\\/\\\/shopatoa.com\\\/ro\\\/dolce-gabbana-dolce-violet-edt-50-ml\\\/\",\"name\":\"Dolce & Gabbana Dolce Violet - EDT 50 ml - SHOPATOA.COM\",\"isPartOf\":{\"@id\":\"https:\\\/\\\/shopatoa.com\\\/ro\\\/#website\"},\"primaryImageOfPage\":{\"@id\":\"https:\\\/\\\/shopatoa.com\\\/ro\\\/dolce-gabbana-dolce-violet-edt-50-ml\\\/#primaryimage\"},\"image\":{\"@id\":\"https:\\\/\\\/shopatoa.com\\\/ro\\\/dolce-gabbana-dolce-violet-edt-50-ml\\\/#primaryimage\"},\"thumbnailUrl\":\"https:\\\/\\\/storage.googleapis.com\\\/cz-shopatoa-img\\\/ro\\\/fe6d7f3e-unnamed-file.webp\",\"datePublished\":\"2025-05-06T17:30:17+00:00\",\"dateModified\":\"2025-05-06T17:30:28+00:00\",\"breadcrumb\":{\"@id\":\"https:\\\/\\\/shopatoa.com\\\/ro\\\/dolce-gabbana-dolce-violet-edt-50-ml\\\/#breadcrumb\"},\"inLanguage\":\"ro-RO\",\"potentialAction\":[{\"@type\":\"ReadAction\",\"target\":[\"https:\\\/\\\/shopatoa.com\\\/ro\\\/dolce-gabbana-dolce-violet-edt-50-ml\\\/\"]}]},{\"@type\":\"ImageObject\",\"inLanguage\":\"ro-RO\",\"@id\":\"https:\\\/\\\/shopatoa.com\\\/ro\\\/dolce-gabbana-dolce-violet-edt-50-ml\\\/#primaryimage\",\"url\":\"https:\\\/\\\/storage.googleapis.com\\\/cz-shopatoa-img\\\/ro\\\/fe6d7f3e-unnamed-file.webp\",\"contentUrl\":\"https:\\\/\\\/storage.googleapis.com\\\/cz-shopatoa-img\\\/ro\\\/fe6d7f3e-unnamed-file.webp\",\"width\":800,\"height\":800},{\"@type\":\"BreadcrumbList\",\"@id\":\"https:\\\/\\\/shopatoa.com\\\/ro\\\/dolce-gabbana-dolce-violet-edt-50-ml\\\/#breadcrumb\",\"itemListElement\":[{\"@type\":\"ListItem\",\"position\":1,\"name\":\"Dom\u016f\",\"item\":\"https:\\\/\\\/shopatoa.com\\\/ro\\\/\"},{\"@type\":\"ListItem\",\"position\":2,\"name\":\"Shop\",\"item\":\"https:\\\/\\\/shopatoa.com\\\/ro\\\/shop\\\/\"},{\"@type\":\"ListItem\",\"position\":3,\"name\":\"Dolce &#038; Gabbana Dolce Violet &#8211; EDT 50 ml\"}]},{\"@type\":\"WebSite\",\"@id\":\"https:\\\/\\\/shopatoa.com\\\/ro\\\/#website\",\"url\":\"https:\\\/\\\/shopatoa.com\\\/ro\\\/\",\"name\":\"SHOPATOA\",\"description\":\"\",\"publisher\":{\"@id\":\"https:\\\/\\\/shopatoa.com\\\/ro\\\/#organization\"},\"potentialAction\":[{\"@type\":\"SearchAction\",\"target\":{\"@type\":\"EntryPoint\",\"urlTemplate\":\"https:\\\/\\\/shopatoa.com\\\/ro\\\/?s={search_term_string}\"},\"query-input\":{\"@type\":\"PropertyValueSpecification\",\"valueRequired\":true,\"valueName\":\"search_term_string\"}}],\"inLanguage\":\"ro-RO\"},{\"@type\":\"Organization\",\"@id\":\"https:\\\/\\\/shopatoa.com\\\/ro\\\/#organization\",\"name\":\"SHOPATOA\",\"url\":\"https:\\\/\\\/shopatoa.com\\\/ro\\\/\",\"logo\":{\"@type\":\"ImageObject\",\"inLanguage\":\"ro-RO\",\"@id\":\"https:\\\/\\\/shopatoa.com\\\/ro\\\/#\\\/schema\\\/logo\\\/image\\\/\",\"url\":\"https:\\\/\\\/storage.googleapis.com\\\/cz-shopatoa-img\\\/ro\\\/b4dac915-shopatoa_logo.png\",\"contentUrl\":\"https:\\\/\\\/storage.googleapis.com\\\/cz-shopatoa-img\\\/ro\\\/b4dac915-shopatoa_logo.png\",\"width\":416,\"height\":63,\"caption\":\"SHOPATOA\"},\"image\":{\"@id\":\"https:\\\/\\\/shopatoa.com\\\/ro\\\/#\\\/schema\\\/logo\\\/image\\\/\"}}]}<\/script>\n<!-- \/ Yoast SEO plugin. -->","yoast_head_json":{"title":"Dolce & Gabbana Dolce Violet - EDT 50 ml - SHOPATOA.COM","robots":{"index":"index","follow":"follow","max-snippet":"max-snippet:-1","max-image-preview":"max-image-preview:large","max-video-preview":"max-video-preview:-1"},"canonical":"https:\/\/shopatoa.com\/ro\/dolce-gabbana-dolce-violet-edt-50-ml\/","og_locale":"ro_RO","og_type":"article","og_title":"Dolce & Gabbana Dolce Violet - EDT 50 ml - SHOPATOA.COM","og_description":"Dolce Violet este o ap\u0103 de toalet\u0103 r\u0103coritoare \u0219i str\u0103lucitoare, care farmec\u0103 prin delicate\u021be floral\u0103 \u0219i elegan\u021b\u0103 fructat\u0103. Acest parfum este inspirat de paji\u0219tile \u00eenflorite pline de flori delicate de violete care aduc bun\u0103tate \u0219i fericire \u00een via\u021b\u0103. Parfumul perfect pentru femeile care se bucur\u0103 de via\u021b\u0103 \u0219i vor s\u0103 se r\u0103sfe\u021be cu tot ce...","og_url":"https:\/\/shopatoa.com\/ro\/dolce-gabbana-dolce-violet-edt-50-ml\/","og_site_name":"SHOPATOA","article_modified_time":"2025-05-06T17:30:28+00:00","og_image":[{"width":800,"height":800,"url":"https:\/\/storage.googleapis.com\/cz-shopatoa-img\/ro\/fe6d7f3e-unnamed-file.webp","type":"image\/webp"}],"twitter_card":"summary_large_image","twitter_misc":{"Timp estimat pentru citire":"1 minut"},"schema":{"@context":"https:\/\/schema.org","@graph":[{"@type":"WebPage","@id":"https:\/\/shopatoa.com\/ro\/dolce-gabbana-dolce-violet-edt-50-ml\/","url":"https:\/\/shopatoa.com\/ro\/dolce-gabbana-dolce-violet-edt-50-ml\/","name":"Dolce & Gabbana Dolce Violet - EDT 50 ml - SHOPATOA.COM","isPartOf":{"@id":"https:\/\/shopatoa.com\/ro\/#website"},"primaryImageOfPage":{"@id":"https:\/\/shopatoa.com\/ro\/dolce-gabbana-dolce-violet-edt-50-ml\/#primaryimage"},"image":{"@id":"https:\/\/shopatoa.com\/ro\/dolce-gabbana-dolce-violet-edt-50-ml\/#primaryimage"},"thumbnailUrl":"https:\/\/storage.googleapis.com\/cz-shopatoa-img\/ro\/fe6d7f3e-unnamed-file.webp","datePublished":"2025-05-06T17:30:17+00:00","dateModified":"2025-05-06T17:30:28+00:00","breadcrumb":{"@id":"https:\/\/shopatoa.com\/ro\/dolce-gabbana-dolce-violet-edt-50-ml\/#breadcrumb"},"inLanguage":"ro-RO","potentialAction":[{"@type":"ReadAction","target":["https:\/\/shopatoa.com\/ro\/dolce-gabbana-dolce-violet-edt-50-ml\/"]}]},{"@type":"ImageObject","inLanguage":"ro-RO","@id":"https:\/\/shopatoa.com\/ro\/dolce-gabbana-dolce-violet-edt-50-ml\/#primaryimage","url":"https:\/\/storage.googleapis.com\/cz-shopatoa-img\/ro\/fe6d7f3e-unnamed-file.webp","contentUrl":"https:\/\/storage.googleapis.com\/cz-shopatoa-img\/ro\/fe6d7f3e-unnamed-file.webp","width":800,"height":800},{"@type":"BreadcrumbList","@id":"https:\/\/shopatoa.com\/ro\/dolce-gabbana-dolce-violet-edt-50-ml\/#breadcrumb","itemListElement":[{"@type":"ListItem","position":1,"name":"Dom\u016f","item":"https:\/\/shopatoa.com\/ro\/"},{"@type":"ListItem","position":2,"name":"Shop","item":"https:\/\/shopatoa.com\/ro\/shop\/"},{"@type":"ListItem","position":3,"name":"Dolce &#038; Gabbana Dolce Violet &#8211; EDT 50 ml"}]},{"@type":"WebSite","@id":"https:\/\/shopatoa.com\/ro\/#website","url":"https:\/\/shopatoa.com\/ro\/","name":"SHOPATOA","description":"","publisher":{"@id":"https:\/\/shopatoa.com\/ro\/#organization"},"potentialAction":[{"@type":"SearchAction","target":{"@type":"EntryPoint","urlTemplate":"https:\/\/shopatoa.com\/ro\/?s={search_term_string}"},"query-input":{"@type":"PropertyValueSpecification","valueRequired":true,"valueName":"search_term_string"}}],"inLanguage":"ro-RO"},{"@type":"Organization","@id":"https:\/\/shopatoa.com\/ro\/#organization","name":"SHOPATOA","url":"https:\/\/shopatoa.com\/ro\/","logo":{"@type":"ImageObject","inLanguage":"ro-RO","@id":"https:\/\/shopatoa.com\/ro\/#\/schema\/logo\/image\/","url":"https:\/\/storage.googleapis.com\/cz-shopatoa-img\/ro\/b4dac915-shopatoa_logo.png","contentUrl":"https:\/\/storage.googleapis.com\/cz-shopatoa-img\/ro\/b4dac915-shopatoa_logo.png","width":416,"height":63,"caption":"SHOPATOA"},"image":{"@id":"https:\/\/shopatoa.com\/ro\/#\/schema\/logo\/image\/"}}]}},"_links":{"self":[{"href":"https:\/\/shopatoa.com\/ro\/wp-json\/wp\/v2\/product\/329660","targetHints":{"allow":["GET"]}}],"collection":[{"href":"https:\/\/shopatoa.com\/ro\/wp-json\/wp\/v2\/product"}],"about":[{"href":"https:\/\/shopatoa.com\/ro\/wp-json\/wp\/v2\/types\/product"}],"replies":[{"embeddable":true,"href":"https:\/\/shopatoa.com\/ro\/wp-json\/wp\/v2\/comments?post=329660"}],"wp:featuredmedia":[{"embeddable":true,"href":"https:\/\/shopatoa.com\/ro\/wp-json\/wp\/v2\/media\/329662"}],"wp:attachment":[{"href":"https:\/\/shopatoa.com\/ro\/wp-json\/wp\/v2\/media?parent=329660"}],"wp:term":[{"taxonomy":"product_brand","embeddable":true,"href":"https:\/\/shopatoa.com\/ro\/wp-json\/wp\/v2\/product_brand?post=329660"},{"taxonomy":"product_cat","embeddable":true,"href":"https:\/\/shopatoa.com\/ro\/wp-json\/wp\/v2\/product_cat?post=329660"},{"taxonomy":"product_tag","embeddable":true,"href":"https:\/\/shopatoa.com\/ro\/wp-json\/wp\/v2\/product_tag?post=329660"}],"curies":[{"name":"wp","href":"https:\/\/api.w.org\/{rel}","templated":true}]}}