{"id":329920,"date":"2025-05-06T20:11:16","date_gmt":"2025-05-06T18:11:16","guid":{"rendered":"https:\/\/shopatoa.com\/ro\/staleks-chiureta-pentru-manichiura-expert-51-type-2-manicure-pusher\/"},"modified":"2025-05-06T20:11:25","modified_gmt":"2025-05-06T18:11:25","slug":"staleks-chiureta-pentru-manichiura-expert-51-type-2-manicure-pusher","status":"publish","type":"product","link":"https:\/\/shopatoa.com\/ro\/staleks-chiureta-pentru-manichiura-expert-51-type-2-manicure-pusher\/","title":{"rendered":"STALEKS Chiuret\u0103 pentru manichiur\u0103 Expert 51 Type 2 (Manicure Pusher)"},"content":{"rendered":"<p>Chiuret\u0103 pentru manichiur\u0103 cu dou\u0103 fe\u021be, echipat\u0103 cu un \u00eemping\u0103tor de cuticule \u00eenclinat \u0219i un \u00eendep\u0103rt\u0103tor de cuticule. Designul ergonomic al m\u00e2nerului faciliteaz\u0103 utilizarea instrumentului \u0219i previne alunecarea acestuia \u00een timpul utiliz\u0103rii.<\/p>\n","protected":false},"excerpt":{"rendered":"<p>Chiuret\u0103 pentru manichiur\u0103 cu dou\u0103 fe\u021be, echipat\u0103 cu un \u00eemping\u0103tor de cuticule \u00eenclinat \u0219i un \u00eendep\u0103rt\u0103tor de cuticule. Designul ergonomic al m\u00e2nerului faciliteaz\u0103 utilizarea instrumentului \u0219i previne alunecarea acestuia \u00een timpul utiliz\u0103rii.<\/p>\n","protected":false},"featured_media":329922,"comment_status":"closed","ping_status":"open","template":"","meta":{"_acf_changed":false,"_kadence_starter_templates_imported_post":false,"_kad_post_transparent":"","_kad_post_title":"","_kad_post_layout":"","_kad_post_sidebar_id":"","_kad_post_content_style":"","_kad_post_vertical_padding":"","_kad_post_feature":"","_kad_post_feature_position":"","_kad_post_header":false,"_kad_post_footer":false,"_kad_post_classname":""},"product_brand":[529],"product_cat":[246,697,698,611],"product_tag":[],"class_list":{"0":"post-329920","1":"product","2":"type-product","3":"status-publish","4":"has-post-thumbnail","6":"product_brand-staleks","7":"product_cat-cosmetice","8":"product_cat-manichiura-si-pedichiura","9":"product_cat-manichiuri","10":"product_cat-produse-cosmetice-pentru-corp","12":"first","13":"instock","14":"product-type-external","15":"entry","16":"content-bg","17":"loop-entry"},"acf":[],"yoast_head":"<!-- This site is optimized with the Yoast SEO plugin v27.4 - https:\/\/yoast.com\/product\/yoast-seo-wordpress\/ -->\n<title>STALEKS Chiuret\u0103 pentru manichiur\u0103 Expert 51 Type 2 (Manicure Pusher) - SHOPATOA.COM<\/title>\n<meta name=\"robots\" content=\"index, follow, max-snippet:-1, max-image-preview:large, max-video-preview:-1\" \/>\n<link rel=\"canonical\" href=\"https:\/\/shopatoa.com\/ro\/staleks-chiureta-pentru-manichiura-expert-51-type-2-manicure-pusher\/\" \/>\n<meta property=\"og:locale\" content=\"ro_RO\" \/>\n<meta property=\"og:type\" content=\"article\" \/>\n<meta property=\"og:title\" content=\"STALEKS Chiuret\u0103 pentru manichiur\u0103 Expert 51 Type 2 (Manicure Pusher) - SHOPATOA.COM\" \/>\n<meta property=\"og:description\" content=\"Chiuret\u0103 pentru manichiur\u0103 cu dou\u0103 fe\u021be, echipat\u0103 cu un \u00eemping\u0103tor de cuticule \u00eenclinat \u0219i un \u00eendep\u0103rt\u0103tor de cuticule. Designul ergonomic al m\u00e2nerului faciliteaz\u0103 utilizarea instrumentului \u0219i previne alunecarea acestuia \u00een timpul utiliz\u0103rii.\" \/>\n<meta property=\"og:url\" content=\"https:\/\/shopatoa.com\/ro\/staleks-chiureta-pentru-manichiura-expert-51-type-2-manicure-pusher\/\" \/>\n<meta property=\"og:site_name\" content=\"SHOPATOA\" \/>\n<meta property=\"article:modified_time\" content=\"2025-05-06T18:11:25+00:00\" \/>\n<meta property=\"og:image\" content=\"https:\/\/storage.googleapis.com\/cz-shopatoa-img\/ro\/207005ce-unnamed-file.webp\" \/>\n\t<meta property=\"og:image:width\" content=\"800\" \/>\n\t<meta property=\"og:image:height\" content=\"800\" \/>\n\t<meta property=\"og:image:type\" content=\"image\/webp\" \/>\n<meta name=\"twitter:card\" content=\"summary_large_image\" \/>\n<script type=\"application\/ld+json\" class=\"yoast-schema-graph\">{\"@context\":\"https:\\\/\\\/schema.org\",\"@graph\":[{\"@type\":\"WebPage\",\"@id\":\"https:\\\/\\\/shopatoa.com\\\/ro\\\/staleks-chiureta-pentru-manichiura-expert-51-type-2-manicure-pusher\\\/\",\"url\":\"https:\\\/\\\/shopatoa.com\\\/ro\\\/staleks-chiureta-pentru-manichiura-expert-51-type-2-manicure-pusher\\\/\",\"name\":\"STALEKS Chiuret\u0103 pentru manichiur\u0103 Expert 51 Type 2 (Manicure Pusher) - SHOPATOA.COM\",\"isPartOf\":{\"@id\":\"https:\\\/\\\/shopatoa.com\\\/ro\\\/#website\"},\"primaryImageOfPage\":{\"@id\":\"https:\\\/\\\/shopatoa.com\\\/ro\\\/staleks-chiureta-pentru-manichiura-expert-51-type-2-manicure-pusher\\\/#primaryimage\"},\"image\":{\"@id\":\"https:\\\/\\\/shopatoa.com\\\/ro\\\/staleks-chiureta-pentru-manichiura-expert-51-type-2-manicure-pusher\\\/#primaryimage\"},\"thumbnailUrl\":\"https:\\\/\\\/storage.googleapis.com\\\/cz-shopatoa-img\\\/ro\\\/207005ce-unnamed-file.webp\",\"datePublished\":\"2025-05-06T18:11:16+00:00\",\"dateModified\":\"2025-05-06T18:11:25+00:00\",\"breadcrumb\":{\"@id\":\"https:\\\/\\\/shopatoa.com\\\/ro\\\/staleks-chiureta-pentru-manichiura-expert-51-type-2-manicure-pusher\\\/#breadcrumb\"},\"inLanguage\":\"ro-RO\",\"potentialAction\":[{\"@type\":\"ReadAction\",\"target\":[\"https:\\\/\\\/shopatoa.com\\\/ro\\\/staleks-chiureta-pentru-manichiura-expert-51-type-2-manicure-pusher\\\/\"]}]},{\"@type\":\"ImageObject\",\"inLanguage\":\"ro-RO\",\"@id\":\"https:\\\/\\\/shopatoa.com\\\/ro\\\/staleks-chiureta-pentru-manichiura-expert-51-type-2-manicure-pusher\\\/#primaryimage\",\"url\":\"https:\\\/\\\/storage.googleapis.com\\\/cz-shopatoa-img\\\/ro\\\/207005ce-unnamed-file.webp\",\"contentUrl\":\"https:\\\/\\\/storage.googleapis.com\\\/cz-shopatoa-img\\\/ro\\\/207005ce-unnamed-file.webp\",\"width\":800,\"height\":800},{\"@type\":\"BreadcrumbList\",\"@id\":\"https:\\\/\\\/shopatoa.com\\\/ro\\\/staleks-chiureta-pentru-manichiura-expert-51-type-2-manicure-pusher\\\/#breadcrumb\",\"itemListElement\":[{\"@type\":\"ListItem\",\"position\":1,\"name\":\"Dom\u016f\",\"item\":\"https:\\\/\\\/shopatoa.com\\\/ro\\\/\"},{\"@type\":\"ListItem\",\"position\":2,\"name\":\"Shop\",\"item\":\"https:\\\/\\\/shopatoa.com\\\/ro\\\/shop\\\/\"},{\"@type\":\"ListItem\",\"position\":3,\"name\":\"STALEKS Chiuret\u0103 pentru manichiur\u0103 Expert 51 Type 2 (Manicure Pusher)\"}]},{\"@type\":\"WebSite\",\"@id\":\"https:\\\/\\\/shopatoa.com\\\/ro\\\/#website\",\"url\":\"https:\\\/\\\/shopatoa.com\\\/ro\\\/\",\"name\":\"SHOPATOA\",\"description\":\"\",\"publisher\":{\"@id\":\"https:\\\/\\\/shopatoa.com\\\/ro\\\/#organization\"},\"potentialAction\":[{\"@type\":\"SearchAction\",\"target\":{\"@type\":\"EntryPoint\",\"urlTemplate\":\"https:\\\/\\\/shopatoa.com\\\/ro\\\/?s={search_term_string}\"},\"query-input\":{\"@type\":\"PropertyValueSpecification\",\"valueRequired\":true,\"valueName\":\"search_term_string\"}}],\"inLanguage\":\"ro-RO\"},{\"@type\":\"Organization\",\"@id\":\"https:\\\/\\\/shopatoa.com\\\/ro\\\/#organization\",\"name\":\"SHOPATOA\",\"url\":\"https:\\\/\\\/shopatoa.com\\\/ro\\\/\",\"logo\":{\"@type\":\"ImageObject\",\"inLanguage\":\"ro-RO\",\"@id\":\"https:\\\/\\\/shopatoa.com\\\/ro\\\/#\\\/schema\\\/logo\\\/image\\\/\",\"url\":\"https:\\\/\\\/storage.googleapis.com\\\/cz-shopatoa-img\\\/ro\\\/b4dac915-shopatoa_logo.png\",\"contentUrl\":\"https:\\\/\\\/storage.googleapis.com\\\/cz-shopatoa-img\\\/ro\\\/b4dac915-shopatoa_logo.png\",\"width\":416,\"height\":63,\"caption\":\"SHOPATOA\"},\"image\":{\"@id\":\"https:\\\/\\\/shopatoa.com\\\/ro\\\/#\\\/schema\\\/logo\\\/image\\\/\"}}]}<\/script>\n<!-- \/ Yoast SEO plugin. -->","yoast_head_json":{"title":"STALEKS Chiuret\u0103 pentru manichiur\u0103 Expert 51 Type 2 (Manicure Pusher) - SHOPATOA.COM","robots":{"index":"index","follow":"follow","max-snippet":"max-snippet:-1","max-image-preview":"max-image-preview:large","max-video-preview":"max-video-preview:-1"},"canonical":"https:\/\/shopatoa.com\/ro\/staleks-chiureta-pentru-manichiura-expert-51-type-2-manicure-pusher\/","og_locale":"ro_RO","og_type":"article","og_title":"STALEKS Chiuret\u0103 pentru manichiur\u0103 Expert 51 Type 2 (Manicure Pusher) - SHOPATOA.COM","og_description":"Chiuret\u0103 pentru manichiur\u0103 cu dou\u0103 fe\u021be, echipat\u0103 cu un \u00eemping\u0103tor de cuticule \u00eenclinat \u0219i un \u00eendep\u0103rt\u0103tor de cuticule. Designul ergonomic al m\u00e2nerului faciliteaz\u0103 utilizarea instrumentului \u0219i previne alunecarea acestuia \u00een timpul utiliz\u0103rii.","og_url":"https:\/\/shopatoa.com\/ro\/staleks-chiureta-pentru-manichiura-expert-51-type-2-manicure-pusher\/","og_site_name":"SHOPATOA","article_modified_time":"2025-05-06T18:11:25+00:00","og_image":[{"width":800,"height":800,"url":"https:\/\/storage.googleapis.com\/cz-shopatoa-img\/ro\/207005ce-unnamed-file.webp","type":"image\/webp"}],"twitter_card":"summary_large_image","schema":{"@context":"https:\/\/schema.org","@graph":[{"@type":"WebPage","@id":"https:\/\/shopatoa.com\/ro\/staleks-chiureta-pentru-manichiura-expert-51-type-2-manicure-pusher\/","url":"https:\/\/shopatoa.com\/ro\/staleks-chiureta-pentru-manichiura-expert-51-type-2-manicure-pusher\/","name":"STALEKS Chiuret\u0103 pentru manichiur\u0103 Expert 51 Type 2 (Manicure Pusher) - SHOPATOA.COM","isPartOf":{"@id":"https:\/\/shopatoa.com\/ro\/#website"},"primaryImageOfPage":{"@id":"https:\/\/shopatoa.com\/ro\/staleks-chiureta-pentru-manichiura-expert-51-type-2-manicure-pusher\/#primaryimage"},"image":{"@id":"https:\/\/shopatoa.com\/ro\/staleks-chiureta-pentru-manichiura-expert-51-type-2-manicure-pusher\/#primaryimage"},"thumbnailUrl":"https:\/\/storage.googleapis.com\/cz-shopatoa-img\/ro\/207005ce-unnamed-file.webp","datePublished":"2025-05-06T18:11:16+00:00","dateModified":"2025-05-06T18:11:25+00:00","breadcrumb":{"@id":"https:\/\/shopatoa.com\/ro\/staleks-chiureta-pentru-manichiura-expert-51-type-2-manicure-pusher\/#breadcrumb"},"inLanguage":"ro-RO","potentialAction":[{"@type":"ReadAction","target":["https:\/\/shopatoa.com\/ro\/staleks-chiureta-pentru-manichiura-expert-51-type-2-manicure-pusher\/"]}]},{"@type":"ImageObject","inLanguage":"ro-RO","@id":"https:\/\/shopatoa.com\/ro\/staleks-chiureta-pentru-manichiura-expert-51-type-2-manicure-pusher\/#primaryimage","url":"https:\/\/storage.googleapis.com\/cz-shopatoa-img\/ro\/207005ce-unnamed-file.webp","contentUrl":"https:\/\/storage.googleapis.com\/cz-shopatoa-img\/ro\/207005ce-unnamed-file.webp","width":800,"height":800},{"@type":"BreadcrumbList","@id":"https:\/\/shopatoa.com\/ro\/staleks-chiureta-pentru-manichiura-expert-51-type-2-manicure-pusher\/#breadcrumb","itemListElement":[{"@type":"ListItem","position":1,"name":"Dom\u016f","item":"https:\/\/shopatoa.com\/ro\/"},{"@type":"ListItem","position":2,"name":"Shop","item":"https:\/\/shopatoa.com\/ro\/shop\/"},{"@type":"ListItem","position":3,"name":"STALEKS Chiuret\u0103 pentru manichiur\u0103 Expert 51 Type 2 (Manicure Pusher)"}]},{"@type":"WebSite","@id":"https:\/\/shopatoa.com\/ro\/#website","url":"https:\/\/shopatoa.com\/ro\/","name":"SHOPATOA","description":"","publisher":{"@id":"https:\/\/shopatoa.com\/ro\/#organization"},"potentialAction":[{"@type":"SearchAction","target":{"@type":"EntryPoint","urlTemplate":"https:\/\/shopatoa.com\/ro\/?s={search_term_string}"},"query-input":{"@type":"PropertyValueSpecification","valueRequired":true,"valueName":"search_term_string"}}],"inLanguage":"ro-RO"},{"@type":"Organization","@id":"https:\/\/shopatoa.com\/ro\/#organization","name":"SHOPATOA","url":"https:\/\/shopatoa.com\/ro\/","logo":{"@type":"ImageObject","inLanguage":"ro-RO","@id":"https:\/\/shopatoa.com\/ro\/#\/schema\/logo\/image\/","url":"https:\/\/storage.googleapis.com\/cz-shopatoa-img\/ro\/b4dac915-shopatoa_logo.png","contentUrl":"https:\/\/storage.googleapis.com\/cz-shopatoa-img\/ro\/b4dac915-shopatoa_logo.png","width":416,"height":63,"caption":"SHOPATOA"},"image":{"@id":"https:\/\/shopatoa.com\/ro\/#\/schema\/logo\/image\/"}}]}},"_links":{"self":[{"href":"https:\/\/shopatoa.com\/ro\/wp-json\/wp\/v2\/product\/329920","targetHints":{"allow":["GET"]}}],"collection":[{"href":"https:\/\/shopatoa.com\/ro\/wp-json\/wp\/v2\/product"}],"about":[{"href":"https:\/\/shopatoa.com\/ro\/wp-json\/wp\/v2\/types\/product"}],"replies":[{"embeddable":true,"href":"https:\/\/shopatoa.com\/ro\/wp-json\/wp\/v2\/comments?post=329920"}],"wp:featuredmedia":[{"embeddable":true,"href":"https:\/\/shopatoa.com\/ro\/wp-json\/wp\/v2\/media\/329922"}],"wp:attachment":[{"href":"https:\/\/shopatoa.com\/ro\/wp-json\/wp\/v2\/media?parent=329920"}],"wp:term":[{"taxonomy":"product_brand","embeddable":true,"href":"https:\/\/shopatoa.com\/ro\/wp-json\/wp\/v2\/product_brand?post=329920"},{"taxonomy":"product_cat","embeddable":true,"href":"https:\/\/shopatoa.com\/ro\/wp-json\/wp\/v2\/product_cat?post=329920"},{"taxonomy":"product_tag","embeddable":true,"href":"https:\/\/shopatoa.com\/ro\/wp-json\/wp\/v2\/product_tag?post=329920"}],"curies":[{"name":"wp","href":"https:\/\/api.w.org\/{rel}","templated":true}]}}