{"id":330056,"date":"2025-05-06T20:31:38","date_gmt":"2025-05-06T18:31:38","guid":{"rendered":"https:\/\/shopatoa.com\/ro\/millefiori-milano-rezerva-de-umplere-pentru-difuzorul-de-aroma-natural-mela-cannella-250-ml\/"},"modified":"2025-05-06T20:31:48","modified_gmt":"2025-05-06T18:31:48","slug":"millefiori-milano-rezerva-de-umplere-pentru-difuzorul-de-aroma-natural-mela-cannella-250-ml","status":"publish","type":"product","link":"https:\/\/shopatoa.com\/ro\/millefiori-milano-rezerva-de-umplere-pentru-difuzorul-de-aroma-natural-mela-cannella-250-ml\/","title":{"rendered":"Millefiori Milano Rezerv\u0103 de umplere pentru difuzorul de arom\u0103 Natural Mela &#038; Cannella 250 ml"},"content":{"rendered":"<p>Rezerv\u0103 de umplere pentru difuzorul de arom\u0103 Natural M\u0103r \u0219i Scor\u021bi\u0219oar\u0103 cu aroma de m\u0103r, induc\u00e2nd momente pl\u0103cute \u0219i lini\u0219tite prin combina\u021bia de scor\u021bi\u0219oar\u0103, condimente ale vechiului lumii, pe care, ca afrodisiac, \u00eel cuno\u0219teau deja egiptenii antici, d\u00e2nd na\u0219tere unei arome bogate \u0219i seduc\u0103toare, perfecte pentru serile de iarn\u0103 pl\u0103cute. Compozi\u021bia parfumului: cap: flori albe, pulp\u0103 de m\u0103r, inim\u0103: scor\u021bi\u0219oar\u0103, cui\u0219oare, nuc\u0219oar\u0103, baza: lemn de cedru, vanilie din Madagascar.<\/p>\n","protected":false},"excerpt":{"rendered":"<p>Rezerv\u0103 de umplere pentru difuzorul de arom\u0103 Natural M\u0103r \u0219i Scor\u021bi\u0219oar\u0103 cu aroma de m\u0103r, induc\u00e2nd momente pl\u0103cute \u0219i lini\u0219tite prin combina\u021bia de scor\u021bi\u0219oar\u0103, condimente ale vechiului lumii, pe care, ca afrodisiac, \u00eel cuno\u0219teau deja egiptenii antici, d\u00e2nd na\u0219tere unei arome bogate \u0219i seduc\u0103toare, perfecte pentru serile de iarn\u0103 pl\u0103cute. Compozi\u021bia parfumului: cap: flori albe,&#8230;<\/p>\n","protected":false},"featured_media":330058,"comment_status":"closed","ping_status":"open","template":"","meta":{"_acf_changed":false,"_kadence_starter_templates_imported_post":false,"_kad_post_transparent":"","_kad_post_title":"","_kad_post_layout":"","_kad_post_sidebar_id":"","_kad_post_content_style":"","_kad_post_vertical_padding":"","_kad_post_feature":"","_kad_post_feature_position":"","_kad_post_header":false,"_kad_post_footer":false,"_kad_post_classname":""},"product_brand":[254],"product_cat":[246,692,693,654],"product_tag":[],"class_list":{"0":"post-330056","1":"product","2":"type-product","3":"status-publish","4":"has-post-thumbnail","6":"product_brand-millefiori-milano","7":"product_cat-cosmetice","8":"product_cat-difuzoare-de-parfum","9":"product_cat-difuzor-de-aroma-tije","10":"product_cat-lumanari-parfumate-si-arome","12":"first","13":"instock","14":"product-type-external","15":"entry","16":"content-bg","17":"loop-entry"},"acf":[],"yoast_head":"<!-- This site is optimized with the Yoast SEO plugin v27.4 - https:\/\/yoast.com\/product\/yoast-seo-wordpress\/ -->\n<title>Millefiori Milano Rezerv\u0103 de umplere pentru difuzorul de arom\u0103 Natural Mela &amp; Cannella 250 ml - SHOPATOA.COM<\/title>\n<meta name=\"robots\" content=\"index, follow, max-snippet:-1, max-image-preview:large, max-video-preview:-1\" \/>\n<link rel=\"canonical\" href=\"https:\/\/shopatoa.com\/ro\/millefiori-milano-rezerva-de-umplere-pentru-difuzorul-de-aroma-natural-mela-cannella-250-ml\/\" \/>\n<meta property=\"og:locale\" content=\"ro_RO\" \/>\n<meta property=\"og:type\" content=\"article\" \/>\n<meta property=\"og:title\" content=\"Millefiori Milano Rezerv\u0103 de umplere pentru difuzorul de arom\u0103 Natural Mela &amp; Cannella 250 ml - SHOPATOA.COM\" \/>\n<meta property=\"og:description\" content=\"Rezerv\u0103 de umplere pentru difuzorul de arom\u0103 Natural M\u0103r \u0219i Scor\u021bi\u0219oar\u0103 cu aroma de m\u0103r, induc\u00e2nd momente pl\u0103cute \u0219i lini\u0219tite prin combina\u021bia de scor\u021bi\u0219oar\u0103, condimente ale vechiului lumii, pe care, ca afrodisiac, \u00eel cuno\u0219teau deja egiptenii antici, d\u00e2nd na\u0219tere unei arome bogate \u0219i seduc\u0103toare, perfecte pentru serile de iarn\u0103 pl\u0103cute. Compozi\u021bia parfumului: cap: flori albe,...\" \/>\n<meta property=\"og:url\" content=\"https:\/\/shopatoa.com\/ro\/millefiori-milano-rezerva-de-umplere-pentru-difuzorul-de-aroma-natural-mela-cannella-250-ml\/\" \/>\n<meta property=\"og:site_name\" content=\"SHOPATOA\" \/>\n<meta property=\"article:modified_time\" content=\"2025-05-06T18:31:48+00:00\" \/>\n<meta property=\"og:image\" content=\"https:\/\/storage.googleapis.com\/cz-shopatoa-img\/ro\/d18326b8-unnamed-file.webp\" \/>\n\t<meta property=\"og:image:width\" content=\"800\" \/>\n\t<meta property=\"og:image:height\" content=\"800\" \/>\n\t<meta property=\"og:image:type\" content=\"image\/webp\" \/>\n<meta name=\"twitter:card\" content=\"summary_large_image\" \/>\n<script type=\"application\/ld+json\" class=\"yoast-schema-graph\">{\"@context\":\"https:\\\/\\\/schema.org\",\"@graph\":[{\"@type\":\"WebPage\",\"@id\":\"https:\\\/\\\/shopatoa.com\\\/ro\\\/millefiori-milano-rezerva-de-umplere-pentru-difuzorul-de-aroma-natural-mela-cannella-250-ml\\\/\",\"url\":\"https:\\\/\\\/shopatoa.com\\\/ro\\\/millefiori-milano-rezerva-de-umplere-pentru-difuzorul-de-aroma-natural-mela-cannella-250-ml\\\/\",\"name\":\"Millefiori Milano Rezerv\u0103 de umplere pentru difuzorul de arom\u0103 Natural Mela & Cannella 250 ml - SHOPATOA.COM\",\"isPartOf\":{\"@id\":\"https:\\\/\\\/shopatoa.com\\\/ro\\\/#website\"},\"primaryImageOfPage\":{\"@id\":\"https:\\\/\\\/shopatoa.com\\\/ro\\\/millefiori-milano-rezerva-de-umplere-pentru-difuzorul-de-aroma-natural-mela-cannella-250-ml\\\/#primaryimage\"},\"image\":{\"@id\":\"https:\\\/\\\/shopatoa.com\\\/ro\\\/millefiori-milano-rezerva-de-umplere-pentru-difuzorul-de-aroma-natural-mela-cannella-250-ml\\\/#primaryimage\"},\"thumbnailUrl\":\"https:\\\/\\\/storage.googleapis.com\\\/cz-shopatoa-img\\\/ro\\\/d18326b8-unnamed-file.webp\",\"datePublished\":\"2025-05-06T18:31:38+00:00\",\"dateModified\":\"2025-05-06T18:31:48+00:00\",\"breadcrumb\":{\"@id\":\"https:\\\/\\\/shopatoa.com\\\/ro\\\/millefiori-milano-rezerva-de-umplere-pentru-difuzorul-de-aroma-natural-mela-cannella-250-ml\\\/#breadcrumb\"},\"inLanguage\":\"ro-RO\",\"potentialAction\":[{\"@type\":\"ReadAction\",\"target\":[\"https:\\\/\\\/shopatoa.com\\\/ro\\\/millefiori-milano-rezerva-de-umplere-pentru-difuzorul-de-aroma-natural-mela-cannella-250-ml\\\/\"]}]},{\"@type\":\"ImageObject\",\"inLanguage\":\"ro-RO\",\"@id\":\"https:\\\/\\\/shopatoa.com\\\/ro\\\/millefiori-milano-rezerva-de-umplere-pentru-difuzorul-de-aroma-natural-mela-cannella-250-ml\\\/#primaryimage\",\"url\":\"https:\\\/\\\/storage.googleapis.com\\\/cz-shopatoa-img\\\/ro\\\/d18326b8-unnamed-file.webp\",\"contentUrl\":\"https:\\\/\\\/storage.googleapis.com\\\/cz-shopatoa-img\\\/ro\\\/d18326b8-unnamed-file.webp\",\"width\":800,\"height\":800},{\"@type\":\"BreadcrumbList\",\"@id\":\"https:\\\/\\\/shopatoa.com\\\/ro\\\/millefiori-milano-rezerva-de-umplere-pentru-difuzorul-de-aroma-natural-mela-cannella-250-ml\\\/#breadcrumb\",\"itemListElement\":[{\"@type\":\"ListItem\",\"position\":1,\"name\":\"Dom\u016f\",\"item\":\"https:\\\/\\\/shopatoa.com\\\/ro\\\/\"},{\"@type\":\"ListItem\",\"position\":2,\"name\":\"Shop\",\"item\":\"https:\\\/\\\/shopatoa.com\\\/ro\\\/shop\\\/\"},{\"@type\":\"ListItem\",\"position\":3,\"name\":\"Millefiori Milano Rezerv\u0103 de umplere pentru difuzorul de arom\u0103 Natural Mela &#038; Cannella 250 ml\"}]},{\"@type\":\"WebSite\",\"@id\":\"https:\\\/\\\/shopatoa.com\\\/ro\\\/#website\",\"url\":\"https:\\\/\\\/shopatoa.com\\\/ro\\\/\",\"name\":\"SHOPATOA\",\"description\":\"\",\"publisher\":{\"@id\":\"https:\\\/\\\/shopatoa.com\\\/ro\\\/#organization\"},\"potentialAction\":[{\"@type\":\"SearchAction\",\"target\":{\"@type\":\"EntryPoint\",\"urlTemplate\":\"https:\\\/\\\/shopatoa.com\\\/ro\\\/?s={search_term_string}\"},\"query-input\":{\"@type\":\"PropertyValueSpecification\",\"valueRequired\":true,\"valueName\":\"search_term_string\"}}],\"inLanguage\":\"ro-RO\"},{\"@type\":\"Organization\",\"@id\":\"https:\\\/\\\/shopatoa.com\\\/ro\\\/#organization\",\"name\":\"SHOPATOA\",\"url\":\"https:\\\/\\\/shopatoa.com\\\/ro\\\/\",\"logo\":{\"@type\":\"ImageObject\",\"inLanguage\":\"ro-RO\",\"@id\":\"https:\\\/\\\/shopatoa.com\\\/ro\\\/#\\\/schema\\\/logo\\\/image\\\/\",\"url\":\"https:\\\/\\\/storage.googleapis.com\\\/cz-shopatoa-img\\\/ro\\\/b4dac915-shopatoa_logo.png\",\"contentUrl\":\"https:\\\/\\\/storage.googleapis.com\\\/cz-shopatoa-img\\\/ro\\\/b4dac915-shopatoa_logo.png\",\"width\":416,\"height\":63,\"caption\":\"SHOPATOA\"},\"image\":{\"@id\":\"https:\\\/\\\/shopatoa.com\\\/ro\\\/#\\\/schema\\\/logo\\\/image\\\/\"}}]}<\/script>\n<!-- \/ Yoast SEO plugin. -->","yoast_head_json":{"title":"Millefiori Milano Rezerv\u0103 de umplere pentru difuzorul de arom\u0103 Natural Mela & Cannella 250 ml - SHOPATOA.COM","robots":{"index":"index","follow":"follow","max-snippet":"max-snippet:-1","max-image-preview":"max-image-preview:large","max-video-preview":"max-video-preview:-1"},"canonical":"https:\/\/shopatoa.com\/ro\/millefiori-milano-rezerva-de-umplere-pentru-difuzorul-de-aroma-natural-mela-cannella-250-ml\/","og_locale":"ro_RO","og_type":"article","og_title":"Millefiori Milano Rezerv\u0103 de umplere pentru difuzorul de arom\u0103 Natural Mela & Cannella 250 ml - SHOPATOA.COM","og_description":"Rezerv\u0103 de umplere pentru difuzorul de arom\u0103 Natural M\u0103r \u0219i Scor\u021bi\u0219oar\u0103 cu aroma de m\u0103r, induc\u00e2nd momente pl\u0103cute \u0219i lini\u0219tite prin combina\u021bia de scor\u021bi\u0219oar\u0103, condimente ale vechiului lumii, pe care, ca afrodisiac, \u00eel cuno\u0219teau deja egiptenii antici, d\u00e2nd na\u0219tere unei arome bogate \u0219i seduc\u0103toare, perfecte pentru serile de iarn\u0103 pl\u0103cute. Compozi\u021bia parfumului: cap: flori albe,...","og_url":"https:\/\/shopatoa.com\/ro\/millefiori-milano-rezerva-de-umplere-pentru-difuzorul-de-aroma-natural-mela-cannella-250-ml\/","og_site_name":"SHOPATOA","article_modified_time":"2025-05-06T18:31:48+00:00","og_image":[{"width":800,"height":800,"url":"https:\/\/storage.googleapis.com\/cz-shopatoa-img\/ro\/d18326b8-unnamed-file.webp","type":"image\/webp"}],"twitter_card":"summary_large_image","schema":{"@context":"https:\/\/schema.org","@graph":[{"@type":"WebPage","@id":"https:\/\/shopatoa.com\/ro\/millefiori-milano-rezerva-de-umplere-pentru-difuzorul-de-aroma-natural-mela-cannella-250-ml\/","url":"https:\/\/shopatoa.com\/ro\/millefiori-milano-rezerva-de-umplere-pentru-difuzorul-de-aroma-natural-mela-cannella-250-ml\/","name":"Millefiori Milano Rezerv\u0103 de umplere pentru difuzorul de arom\u0103 Natural Mela & Cannella 250 ml - SHOPATOA.COM","isPartOf":{"@id":"https:\/\/shopatoa.com\/ro\/#website"},"primaryImageOfPage":{"@id":"https:\/\/shopatoa.com\/ro\/millefiori-milano-rezerva-de-umplere-pentru-difuzorul-de-aroma-natural-mela-cannella-250-ml\/#primaryimage"},"image":{"@id":"https:\/\/shopatoa.com\/ro\/millefiori-milano-rezerva-de-umplere-pentru-difuzorul-de-aroma-natural-mela-cannella-250-ml\/#primaryimage"},"thumbnailUrl":"https:\/\/storage.googleapis.com\/cz-shopatoa-img\/ro\/d18326b8-unnamed-file.webp","datePublished":"2025-05-06T18:31:38+00:00","dateModified":"2025-05-06T18:31:48+00:00","breadcrumb":{"@id":"https:\/\/shopatoa.com\/ro\/millefiori-milano-rezerva-de-umplere-pentru-difuzorul-de-aroma-natural-mela-cannella-250-ml\/#breadcrumb"},"inLanguage":"ro-RO","potentialAction":[{"@type":"ReadAction","target":["https:\/\/shopatoa.com\/ro\/millefiori-milano-rezerva-de-umplere-pentru-difuzorul-de-aroma-natural-mela-cannella-250-ml\/"]}]},{"@type":"ImageObject","inLanguage":"ro-RO","@id":"https:\/\/shopatoa.com\/ro\/millefiori-milano-rezerva-de-umplere-pentru-difuzorul-de-aroma-natural-mela-cannella-250-ml\/#primaryimage","url":"https:\/\/storage.googleapis.com\/cz-shopatoa-img\/ro\/d18326b8-unnamed-file.webp","contentUrl":"https:\/\/storage.googleapis.com\/cz-shopatoa-img\/ro\/d18326b8-unnamed-file.webp","width":800,"height":800},{"@type":"BreadcrumbList","@id":"https:\/\/shopatoa.com\/ro\/millefiori-milano-rezerva-de-umplere-pentru-difuzorul-de-aroma-natural-mela-cannella-250-ml\/#breadcrumb","itemListElement":[{"@type":"ListItem","position":1,"name":"Dom\u016f","item":"https:\/\/shopatoa.com\/ro\/"},{"@type":"ListItem","position":2,"name":"Shop","item":"https:\/\/shopatoa.com\/ro\/shop\/"},{"@type":"ListItem","position":3,"name":"Millefiori Milano Rezerv\u0103 de umplere pentru difuzorul de arom\u0103 Natural Mela &#038; Cannella 250 ml"}]},{"@type":"WebSite","@id":"https:\/\/shopatoa.com\/ro\/#website","url":"https:\/\/shopatoa.com\/ro\/","name":"SHOPATOA","description":"","publisher":{"@id":"https:\/\/shopatoa.com\/ro\/#organization"},"potentialAction":[{"@type":"SearchAction","target":{"@type":"EntryPoint","urlTemplate":"https:\/\/shopatoa.com\/ro\/?s={search_term_string}"},"query-input":{"@type":"PropertyValueSpecification","valueRequired":true,"valueName":"search_term_string"}}],"inLanguage":"ro-RO"},{"@type":"Organization","@id":"https:\/\/shopatoa.com\/ro\/#organization","name":"SHOPATOA","url":"https:\/\/shopatoa.com\/ro\/","logo":{"@type":"ImageObject","inLanguage":"ro-RO","@id":"https:\/\/shopatoa.com\/ro\/#\/schema\/logo\/image\/","url":"https:\/\/storage.googleapis.com\/cz-shopatoa-img\/ro\/b4dac915-shopatoa_logo.png","contentUrl":"https:\/\/storage.googleapis.com\/cz-shopatoa-img\/ro\/b4dac915-shopatoa_logo.png","width":416,"height":63,"caption":"SHOPATOA"},"image":{"@id":"https:\/\/shopatoa.com\/ro\/#\/schema\/logo\/image\/"}}]}},"_links":{"self":[{"href":"https:\/\/shopatoa.com\/ro\/wp-json\/wp\/v2\/product\/330056","targetHints":{"allow":["GET"]}}],"collection":[{"href":"https:\/\/shopatoa.com\/ro\/wp-json\/wp\/v2\/product"}],"about":[{"href":"https:\/\/shopatoa.com\/ro\/wp-json\/wp\/v2\/types\/product"}],"replies":[{"embeddable":true,"href":"https:\/\/shopatoa.com\/ro\/wp-json\/wp\/v2\/comments?post=330056"}],"wp:featuredmedia":[{"embeddable":true,"href":"https:\/\/shopatoa.com\/ro\/wp-json\/wp\/v2\/media\/330058"}],"wp:attachment":[{"href":"https:\/\/shopatoa.com\/ro\/wp-json\/wp\/v2\/media?parent=330056"}],"wp:term":[{"taxonomy":"product_brand","embeddable":true,"href":"https:\/\/shopatoa.com\/ro\/wp-json\/wp\/v2\/product_brand?post=330056"},{"taxonomy":"product_cat","embeddable":true,"href":"https:\/\/shopatoa.com\/ro\/wp-json\/wp\/v2\/product_cat?post=330056"},{"taxonomy":"product_tag","embeddable":true,"href":"https:\/\/shopatoa.com\/ro\/wp-json\/wp\/v2\/product_tag?post=330056"}],"curies":[{"name":"wp","href":"https:\/\/api.w.org\/{rel}","templated":true}]}}