{"id":333868,"date":"2025-05-07T14:11:01","date_gmt":"2025-05-07T12:11:01","guid":{"rendered":"https:\/\/shopatoa.com\/ro\/pantofi-trail-merrell-trail-glove-7-29\/"},"modified":"2025-07-12T16:04:30","modified_gmt":"2025-07-12T14:04:30","slug":"pantofi-trail-merrell-trail-glove-7-29","status":"publish","type":"product","link":"https:\/\/shopatoa.com\/ro\/pantofi-trail-merrell-trail-glove-7-29\/","title":{"rendered":"Pantofi trail Merrell Trail Glove 7"},"content":{"rendered":"<p>Descoper\u0103 libertatea absolut\u0103 pe traseu cu Pantofi trail Merrell Trail Glove 7. Concepu\u021bi pentru aventurierii pasiona\u021bi de alergare pe teren accidentat, ace\u0219ti pantofi de la renumita marc\u0103 Merrell \u00ee\u021bi ofer\u0103 un control impecabil \u0219i o conexiune autentic\u0103 cu natura. Realiza\u021bi din materiale respirabile \u0219i durabile, Merrell Trail Glove 7 se muleaz\u0103 perfect pe picior, oferind o senza\u021bie de confort \u0219i protec\u021bie la fiecare pas. Talpa Vibram\u00ae asigur\u0103 aderen\u021b\u0103 excelent\u0103, chiar \u0219i pe suprafe\u021be umede sau alunecoase. Alege pantofii ideali pentru urm\u0103toarea ta aventur\u0103 \u0219i bucur\u0103-te de performan\u021b\u0103 f\u0103r\u0103 compromisuri.<\/p>\n<h2>De ce s\u0103 alegi Merrell Trail Glove 7?<\/h2>\n<p>Pantofii trail Merrell Trail Glove 7 sunt proiecta\u021bi cu tehnologii avansate care favorizeaz\u0103 mi\u0219carea natural\u0103 a piciorului. Datorit\u0103 designului minimalist, ace\u0219ti pantofi ofer\u0103 o senza\u021bie de libertate \u0219i flexibilitate, reduc\u00e2nd riscul accident\u0103rilor. Materialele eco-friendly folosite nu doar c\u0103 respect\u0103 mediul, ci \u0219i \u00eembun\u0103t\u0103\u021besc durabilitatea produsului.<\/p>\n<h2>Utilizare versatil\u0103 pentru toate tipurile de teren<\/h2>\n<p>Indiferent dac\u0103 alergi prin p\u0103dure, mun\u021bi sau pe poteci de p\u0103m\u00e2nt, Merrell Trail Glove 7 \u00ee\u021bi ofer\u0103 stabilitatea \u0219i sus\u021binerea de care ai nevoie. Acest model este perfect pentru cei care caut\u0103 un echilibru \u00eentre protec\u021bie \u0219i libertatea de mi\u0219care, fiind potrivit at\u00e2t pentru antrenamente intense, c\u00e2t \u0219i pentru plimb\u0103ri relaxante \u00een aer liber.<\/p>\n","protected":false},"excerpt":{"rendered":"<p>Descoper\u0103 libertatea absolut\u0103 pe traseu cu Pantofi trail Merrell Trail Glove 7. Concepu\u021bi pentru aventurierii pasiona\u021bi de alergare pe teren accidentat, ace\u0219ti pantofi de la renumita marc\u0103 Merrell \u00ee\u021bi ofer\u0103 un control impecabil \u0219i o conexiune autentic\u0103 cu natura. Realiza\u021bi din materiale respirabile \u0219i durabile, Merrell Trail Glove 7 se muleaz\u0103 perfect pe picior, oferind&#8230;<\/p>\n","protected":false},"featured_media":333869,"comment_status":"closed","ping_status":"closed","template":"","meta":{"_acf_changed":false,"_kadence_starter_templates_imported_post":false,"_kad_post_transparent":"default","_kad_post_title":"","_kad_post_layout":"default","_kad_post_sidebar_id":"","_kad_post_content_style":"default","_kad_post_vertical_padding":"default","_kad_post_feature":"","_kad_post_feature_position":"","_kad_post_header":false,"_kad_post_footer":false,"_kad_post_classname":""},"product_brand":[1486],"product_cat":[1122,1123,1128,1129],"product_tag":[],"class_list":{"0":"post-333868","1":"product","2":"type-product","3":"status-publish","4":"has-post-thumbnail","6":"product_brand-merrell","7":"product_cat-alergare","8":"product_cat-pantofi-de-alergare","9":"product_cat-pantofi-de-alergare-pentru-femei","10":"product_cat-pantofi-de-alergare-trail-pentru-femei","11":"pa_culoare-albastru","12":"pa_gen-female","13":"pa_marime-36-eu","15":"first","16":"instock","17":"product-type-external","18":"entry","19":"content-bg","20":"loop-entry"},"acf":[],"yoast_head":"<!-- This site is optimized with the Yoast SEO plugin v27.4 - https:\/\/yoast.com\/product\/yoast-seo-wordpress\/ -->\n<title>Pantofi trail Merrell Trail Glove 7 - SHOPATOA.COM<\/title>\n<meta name=\"robots\" content=\"index, follow, max-snippet:-1, max-image-preview:large, max-video-preview:-1\" \/>\n<link rel=\"canonical\" href=\"https:\/\/shopatoa.com\/ro\/pantofi-trail-merrell-trail-glove-7-29\/\" \/>\n<meta property=\"og:locale\" content=\"ro_RO\" \/>\n<meta property=\"og:type\" content=\"article\" \/>\n<meta property=\"og:title\" content=\"Pantofi trail Merrell Trail Glove 7 - SHOPATOA.COM\" \/>\n<meta property=\"og:description\" content=\"Descoper\u0103 libertatea absolut\u0103 pe traseu cu Pantofi trail Merrell Trail Glove 7. Concepu\u021bi pentru aventurierii pasiona\u021bi de alergare pe teren accidentat, ace\u0219ti pantofi de la renumita marc\u0103 Merrell \u00ee\u021bi ofer\u0103 un control impecabil \u0219i o conexiune autentic\u0103 cu natura. Realiza\u021bi din materiale respirabile \u0219i durabile, Merrell Trail Glove 7 se muleaz\u0103 perfect pe picior, oferind...\" \/>\n<meta property=\"og:url\" content=\"https:\/\/shopatoa.com\/ro\/pantofi-trail-merrell-trail-glove-7-29\/\" \/>\n<meta property=\"og:site_name\" content=\"SHOPATOA\" \/>\n<meta property=\"article:modified_time\" content=\"2025-07-12T14:04:30+00:00\" \/>\n<meta property=\"og:image\" content=\"https:\/\/storage.googleapis.com\/cz-shopatoa-img\/ro\/2696fde4-unnamed-file.webp\" \/>\n\t<meta property=\"og:image:width\" content=\"800\" \/>\n\t<meta property=\"og:image:height\" content=\"800\" \/>\n\t<meta property=\"og:image:type\" content=\"image\/webp\" \/>\n<meta name=\"twitter:card\" content=\"summary_large_image\" \/>\n<meta name=\"twitter:label1\" content=\"Timp estimat pentru citire\" \/>\n\t<meta name=\"twitter:data1\" content=\"2 minute\" \/>\n<script type=\"application\/ld+json\" class=\"yoast-schema-graph\">{\"@context\":\"https:\\\/\\\/schema.org\",\"@graph\":[{\"@type\":\"WebPage\",\"@id\":\"https:\\\/\\\/shopatoa.com\\\/ro\\\/pantofi-trail-merrell-trail-glove-7-29\\\/\",\"url\":\"https:\\\/\\\/shopatoa.com\\\/ro\\\/pantofi-trail-merrell-trail-glove-7-29\\\/\",\"name\":\"Pantofi trail Merrell Trail Glove 7 - SHOPATOA.COM\",\"isPartOf\":{\"@id\":\"https:\\\/\\\/shopatoa.com\\\/ro\\\/#website\"},\"primaryImageOfPage\":{\"@id\":\"https:\\\/\\\/shopatoa.com\\\/ro\\\/pantofi-trail-merrell-trail-glove-7-29\\\/#primaryimage\"},\"image\":{\"@id\":\"https:\\\/\\\/shopatoa.com\\\/ro\\\/pantofi-trail-merrell-trail-glove-7-29\\\/#primaryimage\"},\"thumbnailUrl\":\"https:\\\/\\\/storage.googleapis.com\\\/cz-shopatoa-img\\\/ro\\\/2696fde4-unnamed-file.webp\",\"datePublished\":\"2025-05-07T12:11:01+00:00\",\"dateModified\":\"2025-07-12T14:04:30+00:00\",\"breadcrumb\":{\"@id\":\"https:\\\/\\\/shopatoa.com\\\/ro\\\/pantofi-trail-merrell-trail-glove-7-29\\\/#breadcrumb\"},\"inLanguage\":\"ro-RO\",\"potentialAction\":[{\"@type\":\"ReadAction\",\"target\":[\"https:\\\/\\\/shopatoa.com\\\/ro\\\/pantofi-trail-merrell-trail-glove-7-29\\\/\"]}]},{\"@type\":\"ImageObject\",\"inLanguage\":\"ro-RO\",\"@id\":\"https:\\\/\\\/shopatoa.com\\\/ro\\\/pantofi-trail-merrell-trail-glove-7-29\\\/#primaryimage\",\"url\":\"https:\\\/\\\/storage.googleapis.com\\\/cz-shopatoa-img\\\/ro\\\/2696fde4-unnamed-file.webp\",\"contentUrl\":\"https:\\\/\\\/storage.googleapis.com\\\/cz-shopatoa-img\\\/ro\\\/2696fde4-unnamed-file.webp\",\"width\":800,\"height\":800},{\"@type\":\"BreadcrumbList\",\"@id\":\"https:\\\/\\\/shopatoa.com\\\/ro\\\/pantofi-trail-merrell-trail-glove-7-29\\\/#breadcrumb\",\"itemListElement\":[{\"@type\":\"ListItem\",\"position\":1,\"name\":\"Dom\u016f\",\"item\":\"https:\\\/\\\/shopatoa.com\\\/ro\\\/\"},{\"@type\":\"ListItem\",\"position\":2,\"name\":\"Shop\",\"item\":\"https:\\\/\\\/shopatoa.com\\\/ro\\\/shop\\\/\"},{\"@type\":\"ListItem\",\"position\":3,\"name\":\"Alergare\",\"item\":\"https:\\\/\\\/shopatoa.com\\\/ro\\\/alergare\\\/\"},{\"@type\":\"ListItem\",\"position\":4,\"name\":\"Pantofi de alergare\",\"item\":\"https:\\\/\\\/shopatoa.com\\\/ro\\\/pantofi-de-alergare\\\/\"},{\"@type\":\"ListItem\",\"position\":5,\"name\":\"Pantofi de alergare pentru femei\",\"item\":\"https:\\\/\\\/shopatoa.com\\\/ro\\\/pantofi-de-alergare-pentru-femei\\\/\"},{\"@type\":\"ListItem\",\"position\":6,\"name\":\"Pantofi de alergare trail pentru femei\",\"item\":\"https:\\\/\\\/shopatoa.com\\\/ro\\\/pantofi-de-alergare-trail-pentru-femei\\\/\"},{\"@type\":\"ListItem\",\"position\":7,\"name\":\"Pantofi trail Merrell Trail Glove 7\"}]},{\"@type\":\"WebSite\",\"@id\":\"https:\\\/\\\/shopatoa.com\\\/ro\\\/#website\",\"url\":\"https:\\\/\\\/shopatoa.com\\\/ro\\\/\",\"name\":\"SHOPATOA\",\"description\":\"\",\"publisher\":{\"@id\":\"https:\\\/\\\/shopatoa.com\\\/ro\\\/#organization\"},\"potentialAction\":[{\"@type\":\"SearchAction\",\"target\":{\"@type\":\"EntryPoint\",\"urlTemplate\":\"https:\\\/\\\/shopatoa.com\\\/ro\\\/?s={search_term_string}\"},\"query-input\":{\"@type\":\"PropertyValueSpecification\",\"valueRequired\":true,\"valueName\":\"search_term_string\"}}],\"inLanguage\":\"ro-RO\"},{\"@type\":\"Organization\",\"@id\":\"https:\\\/\\\/shopatoa.com\\\/ro\\\/#organization\",\"name\":\"SHOPATOA\",\"url\":\"https:\\\/\\\/shopatoa.com\\\/ro\\\/\",\"logo\":{\"@type\":\"ImageObject\",\"inLanguage\":\"ro-RO\",\"@id\":\"https:\\\/\\\/shopatoa.com\\\/ro\\\/#\\\/schema\\\/logo\\\/image\\\/\",\"url\":\"https:\\\/\\\/storage.googleapis.com\\\/cz-shopatoa-img\\\/ro\\\/b4dac915-shopatoa_logo.png\",\"contentUrl\":\"https:\\\/\\\/storage.googleapis.com\\\/cz-shopatoa-img\\\/ro\\\/b4dac915-shopatoa_logo.png\",\"width\":416,\"height\":63,\"caption\":\"SHOPATOA\"},\"image\":{\"@id\":\"https:\\\/\\\/shopatoa.com\\\/ro\\\/#\\\/schema\\\/logo\\\/image\\\/\"}}]}<\/script>\n<!-- \/ Yoast SEO plugin. -->","yoast_head_json":{"title":"Pantofi trail Merrell Trail Glove 7 - SHOPATOA.COM","robots":{"index":"index","follow":"follow","max-snippet":"max-snippet:-1","max-image-preview":"max-image-preview:large","max-video-preview":"max-video-preview:-1"},"canonical":"https:\/\/shopatoa.com\/ro\/pantofi-trail-merrell-trail-glove-7-29\/","og_locale":"ro_RO","og_type":"article","og_title":"Pantofi trail Merrell Trail Glove 7 - SHOPATOA.COM","og_description":"Descoper\u0103 libertatea absolut\u0103 pe traseu cu Pantofi trail Merrell Trail Glove 7. Concepu\u021bi pentru aventurierii pasiona\u021bi de alergare pe teren accidentat, ace\u0219ti pantofi de la renumita marc\u0103 Merrell \u00ee\u021bi ofer\u0103 un control impecabil \u0219i o conexiune autentic\u0103 cu natura. Realiza\u021bi din materiale respirabile \u0219i durabile, Merrell Trail Glove 7 se muleaz\u0103 perfect pe picior, oferind...","og_url":"https:\/\/shopatoa.com\/ro\/pantofi-trail-merrell-trail-glove-7-29\/","og_site_name":"SHOPATOA","article_modified_time":"2025-07-12T14:04:30+00:00","og_image":[{"width":800,"height":800,"url":"https:\/\/storage.googleapis.com\/cz-shopatoa-img\/ro\/2696fde4-unnamed-file.webp","type":"image\/webp"}],"twitter_card":"summary_large_image","twitter_misc":{"Timp estimat pentru citire":"2 minute"},"schema":{"@context":"https:\/\/schema.org","@graph":[{"@type":"WebPage","@id":"https:\/\/shopatoa.com\/ro\/pantofi-trail-merrell-trail-glove-7-29\/","url":"https:\/\/shopatoa.com\/ro\/pantofi-trail-merrell-trail-glove-7-29\/","name":"Pantofi trail Merrell Trail Glove 7 - SHOPATOA.COM","isPartOf":{"@id":"https:\/\/shopatoa.com\/ro\/#website"},"primaryImageOfPage":{"@id":"https:\/\/shopatoa.com\/ro\/pantofi-trail-merrell-trail-glove-7-29\/#primaryimage"},"image":{"@id":"https:\/\/shopatoa.com\/ro\/pantofi-trail-merrell-trail-glove-7-29\/#primaryimage"},"thumbnailUrl":"https:\/\/storage.googleapis.com\/cz-shopatoa-img\/ro\/2696fde4-unnamed-file.webp","datePublished":"2025-05-07T12:11:01+00:00","dateModified":"2025-07-12T14:04:30+00:00","breadcrumb":{"@id":"https:\/\/shopatoa.com\/ro\/pantofi-trail-merrell-trail-glove-7-29\/#breadcrumb"},"inLanguage":"ro-RO","potentialAction":[{"@type":"ReadAction","target":["https:\/\/shopatoa.com\/ro\/pantofi-trail-merrell-trail-glove-7-29\/"]}]},{"@type":"ImageObject","inLanguage":"ro-RO","@id":"https:\/\/shopatoa.com\/ro\/pantofi-trail-merrell-trail-glove-7-29\/#primaryimage","url":"https:\/\/storage.googleapis.com\/cz-shopatoa-img\/ro\/2696fde4-unnamed-file.webp","contentUrl":"https:\/\/storage.googleapis.com\/cz-shopatoa-img\/ro\/2696fde4-unnamed-file.webp","width":800,"height":800},{"@type":"BreadcrumbList","@id":"https:\/\/shopatoa.com\/ro\/pantofi-trail-merrell-trail-glove-7-29\/#breadcrumb","itemListElement":[{"@type":"ListItem","position":1,"name":"Dom\u016f","item":"https:\/\/shopatoa.com\/ro\/"},{"@type":"ListItem","position":2,"name":"Shop","item":"https:\/\/shopatoa.com\/ro\/shop\/"},{"@type":"ListItem","position":3,"name":"Alergare","item":"https:\/\/shopatoa.com\/ro\/alergare\/"},{"@type":"ListItem","position":4,"name":"Pantofi de alergare","item":"https:\/\/shopatoa.com\/ro\/pantofi-de-alergare\/"},{"@type":"ListItem","position":5,"name":"Pantofi de alergare pentru femei","item":"https:\/\/shopatoa.com\/ro\/pantofi-de-alergare-pentru-femei\/"},{"@type":"ListItem","position":6,"name":"Pantofi de alergare trail pentru femei","item":"https:\/\/shopatoa.com\/ro\/pantofi-de-alergare-trail-pentru-femei\/"},{"@type":"ListItem","position":7,"name":"Pantofi trail Merrell Trail Glove 7"}]},{"@type":"WebSite","@id":"https:\/\/shopatoa.com\/ro\/#website","url":"https:\/\/shopatoa.com\/ro\/","name":"SHOPATOA","description":"","publisher":{"@id":"https:\/\/shopatoa.com\/ro\/#organization"},"potentialAction":[{"@type":"SearchAction","target":{"@type":"EntryPoint","urlTemplate":"https:\/\/shopatoa.com\/ro\/?s={search_term_string}"},"query-input":{"@type":"PropertyValueSpecification","valueRequired":true,"valueName":"search_term_string"}}],"inLanguage":"ro-RO"},{"@type":"Organization","@id":"https:\/\/shopatoa.com\/ro\/#organization","name":"SHOPATOA","url":"https:\/\/shopatoa.com\/ro\/","logo":{"@type":"ImageObject","inLanguage":"ro-RO","@id":"https:\/\/shopatoa.com\/ro\/#\/schema\/logo\/image\/","url":"https:\/\/storage.googleapis.com\/cz-shopatoa-img\/ro\/b4dac915-shopatoa_logo.png","contentUrl":"https:\/\/storage.googleapis.com\/cz-shopatoa-img\/ro\/b4dac915-shopatoa_logo.png","width":416,"height":63,"caption":"SHOPATOA"},"image":{"@id":"https:\/\/shopatoa.com\/ro\/#\/schema\/logo\/image\/"}}]}},"_links":{"self":[{"href":"https:\/\/shopatoa.com\/ro\/wp-json\/wp\/v2\/product\/333868","targetHints":{"allow":["GET"]}}],"collection":[{"href":"https:\/\/shopatoa.com\/ro\/wp-json\/wp\/v2\/product"}],"about":[{"href":"https:\/\/shopatoa.com\/ro\/wp-json\/wp\/v2\/types\/product"}],"replies":[{"embeddable":true,"href":"https:\/\/shopatoa.com\/ro\/wp-json\/wp\/v2\/comments?post=333868"}],"wp:featuredmedia":[{"embeddable":true,"href":"https:\/\/shopatoa.com\/ro\/wp-json\/wp\/v2\/media\/333869"}],"wp:attachment":[{"href":"https:\/\/shopatoa.com\/ro\/wp-json\/wp\/v2\/media?parent=333868"}],"wp:term":[{"taxonomy":"product_brand","embeddable":true,"href":"https:\/\/shopatoa.com\/ro\/wp-json\/wp\/v2\/product_brand?post=333868"},{"taxonomy":"product_cat","embeddable":true,"href":"https:\/\/shopatoa.com\/ro\/wp-json\/wp\/v2\/product_cat?post=333868"},{"taxonomy":"product_tag","embeddable":true,"href":"https:\/\/shopatoa.com\/ro\/wp-json\/wp\/v2\/product_tag?post=333868"}],"curies":[{"name":"wp","href":"https:\/\/api.w.org\/{rel}","templated":true}]}}