{"id":334767,"date":"2025-05-15T17:01:15","date_gmt":"2025-05-15T15:01:15","guid":{"rendered":"https:\/\/shopatoa.com\/ro\/tesori-doriente-ulei-de-dus-cu-ulei-de-susan-si-ulei-de-amla-250-ml\/"},"modified":"2025-05-16T18:03:28","modified_gmt":"2025-05-16T16:03:28","slug":"tesori-doriente-ulei-de-dus-cu-ulei-de-susan-si-ulei-de-amla-250-ml","status":"publish","type":"product","link":"https:\/\/shopatoa.com\/ro\/tesori-doriente-ulei-de-dus-cu-ulei-de-susan-si-ulei-de-amla-250-ml\/","title":{"rendered":"Tesori d&#8217;Oriente Ulei de du\u0219 cu ulei de susan \u0219i ulei de Amla 250 ml"},"content":{"rendered":"<p>Formula rar\u0103 a acestui ulei de du\u0219, care con\u021bine susan \u0219i ulei de Amla, ofer\u0103 pielii un miros \u00eembietor \u00een timpul du\u0219ului, cur\u0103\u021b\u0103 u\u0219or, hr\u0103ne\u0219te \u0219i ajut\u0103 la catifelarea pielii. Structura sa exclusiv\u0103 de ulei se transform\u0103 \u00eentr-o spum\u0103 bogat\u0103 \u0219i m\u0103t\u0103soas\u0103 la contactul cu apa, datorit\u0103 c\u0103reia du\u0219ul devine o experien\u021b\u0103 benefic\u0103 senzorial\u0103 \u0219i relaxant\u0103.<\/p>\n","protected":false},"excerpt":{"rendered":"<p>Formula rar\u0103 a acestui ulei de du\u0219, care con\u021bine susan \u0219i ulei de Amla, ofer\u0103 pielii un miros \u00eembietor \u00een timpul du\u0219ului, cur\u0103\u021b\u0103 u\u0219or, hr\u0103ne\u0219te \u0219i ajut\u0103 la catifelarea pielii. Structura sa exclusiv\u0103 de ulei se transform\u0103 \u00eentr-o spum\u0103 bogat\u0103 \u0219i m\u0103t\u0103soas\u0103 la contactul cu apa, datorit\u0103 c\u0103reia du\u0219ul devine o experien\u021b\u0103 benefic\u0103 senzorial\u0103 \u0219i&#8230;<\/p>\n","protected":false},"featured_media":334768,"comment_status":"closed","ping_status":"open","template":"","meta":{"_acf_changed":false,"_kadence_starter_templates_imported_post":false,"_kad_post_transparent":"","_kad_post_title":"","_kad_post_layout":"","_kad_post_sidebar_id":"","_kad_post_content_style":"","_kad_post_vertical_padding":"","_kad_post_feature":"","_kad_post_feature_position":"","_kad_post_header":false,"_kad_post_footer":false,"_kad_post_classname":""},"product_brand":[244],"product_cat":[246,641,611],"product_tag":[],"class_list":{"0":"post-334767","1":"product","2":"type-product","3":"status-publish","4":"has-post-thumbnail","6":"product_brand-tesori-doriente","7":"product_cat-cosmetice","8":"product_cat-cosmetice-pentru-dus-si-baie","9":"product_cat-produse-cosmetice-pentru-corp","11":"first","12":"instock","13":"product-type-external","14":"entry","15":"content-bg","16":"loop-entry"},"acf":[],"yoast_head":"<!-- This site is optimized with the Yoast SEO plugin v27.4 - https:\/\/yoast.com\/product\/yoast-seo-wordpress\/ -->\n<title>Tesori d&#039;Oriente Ulei de du\u0219 cu ulei de susan \u0219i ulei de Amla 250 ml - SHOPATOA.COM<\/title>\n<meta name=\"robots\" content=\"index, follow, max-snippet:-1, max-image-preview:large, max-video-preview:-1\" \/>\n<link rel=\"canonical\" href=\"https:\/\/shopatoa.com\/ro\/tesori-doriente-ulei-de-dus-cu-ulei-de-susan-si-ulei-de-amla-250-ml\/\" \/>\n<meta property=\"og:locale\" content=\"ro_RO\" \/>\n<meta property=\"og:type\" content=\"article\" \/>\n<meta property=\"og:title\" content=\"Tesori d&#039;Oriente Ulei de du\u0219 cu ulei de susan \u0219i ulei de Amla 250 ml - SHOPATOA.COM\" \/>\n<meta property=\"og:description\" content=\"Formula rar\u0103 a acestui ulei de du\u0219, care con\u021bine susan \u0219i ulei de Amla, ofer\u0103 pielii un miros \u00eembietor \u00een timpul du\u0219ului, cur\u0103\u021b\u0103 u\u0219or, hr\u0103ne\u0219te \u0219i ajut\u0103 la catifelarea pielii. Structura sa exclusiv\u0103 de ulei se transform\u0103 \u00eentr-o spum\u0103 bogat\u0103 \u0219i m\u0103t\u0103soas\u0103 la contactul cu apa, datorit\u0103 c\u0103reia du\u0219ul devine o experien\u021b\u0103 benefic\u0103 senzorial\u0103 \u0219i...\" \/>\n<meta property=\"og:url\" content=\"https:\/\/shopatoa.com\/ro\/tesori-doriente-ulei-de-dus-cu-ulei-de-susan-si-ulei-de-amla-250-ml\/\" \/>\n<meta property=\"og:site_name\" content=\"SHOPATOA\" \/>\n<meta property=\"article:modified_time\" content=\"2025-05-16T16:03:28+00:00\" \/>\n<meta property=\"og:image\" content=\"https:\/\/storage.googleapis.com\/cz-shopatoa-img\/ro\/9187fe17-unnamed-file.webp\" \/>\n\t<meta property=\"og:image:width\" content=\"800\" \/>\n\t<meta property=\"og:image:height\" content=\"800\" \/>\n\t<meta property=\"og:image:type\" content=\"image\/webp\" \/>\n<meta name=\"twitter:card\" content=\"summary_large_image\" \/>\n<script type=\"application\/ld+json\" class=\"yoast-schema-graph\">{\"@context\":\"https:\\\/\\\/schema.org\",\"@graph\":[{\"@type\":\"WebPage\",\"@id\":\"https:\\\/\\\/shopatoa.com\\\/ro\\\/tesori-doriente-ulei-de-dus-cu-ulei-de-susan-si-ulei-de-amla-250-ml\\\/\",\"url\":\"https:\\\/\\\/shopatoa.com\\\/ro\\\/tesori-doriente-ulei-de-dus-cu-ulei-de-susan-si-ulei-de-amla-250-ml\\\/\",\"name\":\"Tesori d'Oriente Ulei de du\u0219 cu ulei de susan \u0219i ulei de Amla 250 ml - SHOPATOA.COM\",\"isPartOf\":{\"@id\":\"https:\\\/\\\/shopatoa.com\\\/ro\\\/#website\"},\"primaryImageOfPage\":{\"@id\":\"https:\\\/\\\/shopatoa.com\\\/ro\\\/tesori-doriente-ulei-de-dus-cu-ulei-de-susan-si-ulei-de-amla-250-ml\\\/#primaryimage\"},\"image\":{\"@id\":\"https:\\\/\\\/shopatoa.com\\\/ro\\\/tesori-doriente-ulei-de-dus-cu-ulei-de-susan-si-ulei-de-amla-250-ml\\\/#primaryimage\"},\"thumbnailUrl\":\"https:\\\/\\\/storage.googleapis.com\\\/cz-shopatoa-img\\\/ro\\\/9187fe17-unnamed-file.webp\",\"datePublished\":\"2025-05-15T15:01:15+00:00\",\"dateModified\":\"2025-05-16T16:03:28+00:00\",\"breadcrumb\":{\"@id\":\"https:\\\/\\\/shopatoa.com\\\/ro\\\/tesori-doriente-ulei-de-dus-cu-ulei-de-susan-si-ulei-de-amla-250-ml\\\/#breadcrumb\"},\"inLanguage\":\"ro-RO\",\"potentialAction\":[{\"@type\":\"ReadAction\",\"target\":[\"https:\\\/\\\/shopatoa.com\\\/ro\\\/tesori-doriente-ulei-de-dus-cu-ulei-de-susan-si-ulei-de-amla-250-ml\\\/\"]}]},{\"@type\":\"ImageObject\",\"inLanguage\":\"ro-RO\",\"@id\":\"https:\\\/\\\/shopatoa.com\\\/ro\\\/tesori-doriente-ulei-de-dus-cu-ulei-de-susan-si-ulei-de-amla-250-ml\\\/#primaryimage\",\"url\":\"https:\\\/\\\/storage.googleapis.com\\\/cz-shopatoa-img\\\/ro\\\/9187fe17-unnamed-file.webp\",\"contentUrl\":\"https:\\\/\\\/storage.googleapis.com\\\/cz-shopatoa-img\\\/ro\\\/9187fe17-unnamed-file.webp\",\"width\":800,\"height\":800},{\"@type\":\"BreadcrumbList\",\"@id\":\"https:\\\/\\\/shopatoa.com\\\/ro\\\/tesori-doriente-ulei-de-dus-cu-ulei-de-susan-si-ulei-de-amla-250-ml\\\/#breadcrumb\",\"itemListElement\":[{\"@type\":\"ListItem\",\"position\":1,\"name\":\"Dom\u016f\",\"item\":\"https:\\\/\\\/shopatoa.com\\\/ro\\\/\"},{\"@type\":\"ListItem\",\"position\":2,\"name\":\"Shop\",\"item\":\"https:\\\/\\\/shopatoa.com\\\/ro\\\/shop\\\/\"},{\"@type\":\"ListItem\",\"position\":3,\"name\":\"Cosmetice\",\"item\":\"https:\\\/\\\/shopatoa.com\\\/ro\\\/cosmetice\\\/\"},{\"@type\":\"ListItem\",\"position\":4,\"name\":\"Produse cosmetice pentru corp\",\"item\":\"https:\\\/\\\/shopatoa.com\\\/ro\\\/produse-cosmetice-pentru-corp\\\/\"},{\"@type\":\"ListItem\",\"position\":5,\"name\":\"Cosmetice pentru du\u0219 \u0219i baie\",\"item\":\"https:\\\/\\\/shopatoa.com\\\/ro\\\/cosmetice-pentru-dus-si-baie\\\/\"},{\"@type\":\"ListItem\",\"position\":6,\"name\":\"Tesori d&#8217;Oriente Ulei de du\u0219 cu ulei de susan \u0219i ulei de Amla 250 ml\"}]},{\"@type\":\"WebSite\",\"@id\":\"https:\\\/\\\/shopatoa.com\\\/ro\\\/#website\",\"url\":\"https:\\\/\\\/shopatoa.com\\\/ro\\\/\",\"name\":\"SHOPATOA\",\"description\":\"\",\"publisher\":{\"@id\":\"https:\\\/\\\/shopatoa.com\\\/ro\\\/#organization\"},\"potentialAction\":[{\"@type\":\"SearchAction\",\"target\":{\"@type\":\"EntryPoint\",\"urlTemplate\":\"https:\\\/\\\/shopatoa.com\\\/ro\\\/?s={search_term_string}\"},\"query-input\":{\"@type\":\"PropertyValueSpecification\",\"valueRequired\":true,\"valueName\":\"search_term_string\"}}],\"inLanguage\":\"ro-RO\"},{\"@type\":\"Organization\",\"@id\":\"https:\\\/\\\/shopatoa.com\\\/ro\\\/#organization\",\"name\":\"SHOPATOA\",\"url\":\"https:\\\/\\\/shopatoa.com\\\/ro\\\/\",\"logo\":{\"@type\":\"ImageObject\",\"inLanguage\":\"ro-RO\",\"@id\":\"https:\\\/\\\/shopatoa.com\\\/ro\\\/#\\\/schema\\\/logo\\\/image\\\/\",\"url\":\"https:\\\/\\\/storage.googleapis.com\\\/cz-shopatoa-img\\\/ro\\\/b4dac915-shopatoa_logo.png\",\"contentUrl\":\"https:\\\/\\\/storage.googleapis.com\\\/cz-shopatoa-img\\\/ro\\\/b4dac915-shopatoa_logo.png\",\"width\":416,\"height\":63,\"caption\":\"SHOPATOA\"},\"image\":{\"@id\":\"https:\\\/\\\/shopatoa.com\\\/ro\\\/#\\\/schema\\\/logo\\\/image\\\/\"}}]}<\/script>\n<!-- \/ Yoast SEO plugin. -->","yoast_head_json":{"title":"Tesori d'Oriente Ulei de du\u0219 cu ulei de susan \u0219i ulei de Amla 250 ml - SHOPATOA.COM","robots":{"index":"index","follow":"follow","max-snippet":"max-snippet:-1","max-image-preview":"max-image-preview:large","max-video-preview":"max-video-preview:-1"},"canonical":"https:\/\/shopatoa.com\/ro\/tesori-doriente-ulei-de-dus-cu-ulei-de-susan-si-ulei-de-amla-250-ml\/","og_locale":"ro_RO","og_type":"article","og_title":"Tesori d'Oriente Ulei de du\u0219 cu ulei de susan \u0219i ulei de Amla 250 ml - SHOPATOA.COM","og_description":"Formula rar\u0103 a acestui ulei de du\u0219, care con\u021bine susan \u0219i ulei de Amla, ofer\u0103 pielii un miros \u00eembietor \u00een timpul du\u0219ului, cur\u0103\u021b\u0103 u\u0219or, hr\u0103ne\u0219te \u0219i ajut\u0103 la catifelarea pielii. Structura sa exclusiv\u0103 de ulei se transform\u0103 \u00eentr-o spum\u0103 bogat\u0103 \u0219i m\u0103t\u0103soas\u0103 la contactul cu apa, datorit\u0103 c\u0103reia du\u0219ul devine o experien\u021b\u0103 benefic\u0103 senzorial\u0103 \u0219i...","og_url":"https:\/\/shopatoa.com\/ro\/tesori-doriente-ulei-de-dus-cu-ulei-de-susan-si-ulei-de-amla-250-ml\/","og_site_name":"SHOPATOA","article_modified_time":"2025-05-16T16:03:28+00:00","og_image":[{"width":800,"height":800,"url":"https:\/\/storage.googleapis.com\/cz-shopatoa-img\/ro\/9187fe17-unnamed-file.webp","type":"image\/webp"}],"twitter_card":"summary_large_image","schema":{"@context":"https:\/\/schema.org","@graph":[{"@type":"WebPage","@id":"https:\/\/shopatoa.com\/ro\/tesori-doriente-ulei-de-dus-cu-ulei-de-susan-si-ulei-de-amla-250-ml\/","url":"https:\/\/shopatoa.com\/ro\/tesori-doriente-ulei-de-dus-cu-ulei-de-susan-si-ulei-de-amla-250-ml\/","name":"Tesori d'Oriente Ulei de du\u0219 cu ulei de susan \u0219i ulei de Amla 250 ml - SHOPATOA.COM","isPartOf":{"@id":"https:\/\/shopatoa.com\/ro\/#website"},"primaryImageOfPage":{"@id":"https:\/\/shopatoa.com\/ro\/tesori-doriente-ulei-de-dus-cu-ulei-de-susan-si-ulei-de-amla-250-ml\/#primaryimage"},"image":{"@id":"https:\/\/shopatoa.com\/ro\/tesori-doriente-ulei-de-dus-cu-ulei-de-susan-si-ulei-de-amla-250-ml\/#primaryimage"},"thumbnailUrl":"https:\/\/storage.googleapis.com\/cz-shopatoa-img\/ro\/9187fe17-unnamed-file.webp","datePublished":"2025-05-15T15:01:15+00:00","dateModified":"2025-05-16T16:03:28+00:00","breadcrumb":{"@id":"https:\/\/shopatoa.com\/ro\/tesori-doriente-ulei-de-dus-cu-ulei-de-susan-si-ulei-de-amla-250-ml\/#breadcrumb"},"inLanguage":"ro-RO","potentialAction":[{"@type":"ReadAction","target":["https:\/\/shopatoa.com\/ro\/tesori-doriente-ulei-de-dus-cu-ulei-de-susan-si-ulei-de-amla-250-ml\/"]}]},{"@type":"ImageObject","inLanguage":"ro-RO","@id":"https:\/\/shopatoa.com\/ro\/tesori-doriente-ulei-de-dus-cu-ulei-de-susan-si-ulei-de-amla-250-ml\/#primaryimage","url":"https:\/\/storage.googleapis.com\/cz-shopatoa-img\/ro\/9187fe17-unnamed-file.webp","contentUrl":"https:\/\/storage.googleapis.com\/cz-shopatoa-img\/ro\/9187fe17-unnamed-file.webp","width":800,"height":800},{"@type":"BreadcrumbList","@id":"https:\/\/shopatoa.com\/ro\/tesori-doriente-ulei-de-dus-cu-ulei-de-susan-si-ulei-de-amla-250-ml\/#breadcrumb","itemListElement":[{"@type":"ListItem","position":1,"name":"Dom\u016f","item":"https:\/\/shopatoa.com\/ro\/"},{"@type":"ListItem","position":2,"name":"Shop","item":"https:\/\/shopatoa.com\/ro\/shop\/"},{"@type":"ListItem","position":3,"name":"Cosmetice","item":"https:\/\/shopatoa.com\/ro\/cosmetice\/"},{"@type":"ListItem","position":4,"name":"Produse cosmetice pentru corp","item":"https:\/\/shopatoa.com\/ro\/produse-cosmetice-pentru-corp\/"},{"@type":"ListItem","position":5,"name":"Cosmetice pentru du\u0219 \u0219i baie","item":"https:\/\/shopatoa.com\/ro\/cosmetice-pentru-dus-si-baie\/"},{"@type":"ListItem","position":6,"name":"Tesori d&#8217;Oriente Ulei de du\u0219 cu ulei de susan \u0219i ulei de Amla 250 ml"}]},{"@type":"WebSite","@id":"https:\/\/shopatoa.com\/ro\/#website","url":"https:\/\/shopatoa.com\/ro\/","name":"SHOPATOA","description":"","publisher":{"@id":"https:\/\/shopatoa.com\/ro\/#organization"},"potentialAction":[{"@type":"SearchAction","target":{"@type":"EntryPoint","urlTemplate":"https:\/\/shopatoa.com\/ro\/?s={search_term_string}"},"query-input":{"@type":"PropertyValueSpecification","valueRequired":true,"valueName":"search_term_string"}}],"inLanguage":"ro-RO"},{"@type":"Organization","@id":"https:\/\/shopatoa.com\/ro\/#organization","name":"SHOPATOA","url":"https:\/\/shopatoa.com\/ro\/","logo":{"@type":"ImageObject","inLanguage":"ro-RO","@id":"https:\/\/shopatoa.com\/ro\/#\/schema\/logo\/image\/","url":"https:\/\/storage.googleapis.com\/cz-shopatoa-img\/ro\/b4dac915-shopatoa_logo.png","contentUrl":"https:\/\/storage.googleapis.com\/cz-shopatoa-img\/ro\/b4dac915-shopatoa_logo.png","width":416,"height":63,"caption":"SHOPATOA"},"image":{"@id":"https:\/\/shopatoa.com\/ro\/#\/schema\/logo\/image\/"}}]}},"_links":{"self":[{"href":"https:\/\/shopatoa.com\/ro\/wp-json\/wp\/v2\/product\/334767","targetHints":{"allow":["GET"]}}],"collection":[{"href":"https:\/\/shopatoa.com\/ro\/wp-json\/wp\/v2\/product"}],"about":[{"href":"https:\/\/shopatoa.com\/ro\/wp-json\/wp\/v2\/types\/product"}],"replies":[{"embeddable":true,"href":"https:\/\/shopatoa.com\/ro\/wp-json\/wp\/v2\/comments?post=334767"}],"wp:featuredmedia":[{"embeddable":true,"href":"https:\/\/shopatoa.com\/ro\/wp-json\/wp\/v2\/media\/334768"}],"wp:attachment":[{"href":"https:\/\/shopatoa.com\/ro\/wp-json\/wp\/v2\/media?parent=334767"}],"wp:term":[{"taxonomy":"product_brand","embeddable":true,"href":"https:\/\/shopatoa.com\/ro\/wp-json\/wp\/v2\/product_brand?post=334767"},{"taxonomy":"product_cat","embeddable":true,"href":"https:\/\/shopatoa.com\/ro\/wp-json\/wp\/v2\/product_cat?post=334767"},{"taxonomy":"product_tag","embeddable":true,"href":"https:\/\/shopatoa.com\/ro\/wp-json\/wp\/v2\/product_tag?post=334767"}],"curies":[{"name":"wp","href":"https:\/\/api.w.org\/{rel}","templated":true}]}}