{"id":334839,"date":"2025-05-15T17:08:20","date_gmt":"2025-05-15T15:08:20","guid":{"rendered":"https:\/\/shopatoa.com\/ro\/palmperfect-trimmer-pentru-linia-de-bikini\/"},"modified":"2025-05-16T18:09:19","modified_gmt":"2025-05-16T16:09:19","slug":"palmperfect-trimmer-pentru-linia-de-bikini","status":"publish","type":"product","link":"https:\/\/shopatoa.com\/ro\/palmperfect-trimmer-pentru-linia-de-bikini\/","title":{"rendered":"PalmPerfect Trimmer pentru linia de bikini"},"content":{"rendered":"<p>Trimmerul vine cu un accesoriu de tuns care v\u0103 permite s\u0103 t\u0103ia\u021bi firele de p\u0103r \u00een trei lungimi diferite. Opera\u021bie simpl\u0103 cu rezultate perfecte f\u0103r\u0103 piele iritat\u0103. Trimmerul este impermeabil. Poate fi folosit la du\u0219 sau sp\u0103lat sub un jet de ap\u0103 de la robinet. Aparatul are o lam\u0103 dubl\u0103. Ave\u021bi nevoie de dou\u0103 baterii AAA de 1,5 V pentru ca s\u0103 func\u021bioneze. Bateriile nu sunt incluse \u00een pachet.<\/p>\n","protected":false},"excerpt":{"rendered":"<p>Trimmerul vine cu un accesoriu de tuns care v\u0103 permite s\u0103 t\u0103ia\u021bi firele de p\u0103r \u00een trei lungimi diferite. Opera\u021bie simpl\u0103 cu rezultate perfecte f\u0103r\u0103 piele iritat\u0103. Trimmerul este impermeabil. Poate fi folosit la du\u0219 sau sp\u0103lat sub un jet de ap\u0103 de la robinet. Aparatul are o lam\u0103 dubl\u0103. Ave\u021bi nevoie de dou\u0103 baterii&#8230;<\/p>\n","protected":false},"featured_media":334840,"comment_status":"closed","ping_status":"open","template":"","meta":{"_acf_changed":false,"_kadence_starter_templates_imported_post":false,"_kad_post_transparent":"","_kad_post_title":"","_kad_post_layout":"","_kad_post_sidebar_id":"","_kad_post_content_style":"","_kad_post_vertical_padding":"","_kad_post_feature":"","_kad_post_feature_position":"","_kad_post_header":false,"_kad_post_footer":false,"_kad_post_classname":""},"product_brand":[519],"product_cat":[246,757,611],"product_tag":[],"class_list":{"0":"post-334839","1":"product","2":"type-product","3":"status-publish","4":"has-post-thumbnail","6":"product_brand-palmperfect","7":"product_cat-cosmetice","8":"product_cat-dispozitive-cosmetice-corpul","9":"product_cat-produse-cosmetice-pentru-corp","11":"first","12":"instock","13":"product-type-external","14":"entry","15":"content-bg","16":"loop-entry"},"acf":[],"yoast_head":"<!-- This site is optimized with the Yoast SEO plugin v27.4 - https:\/\/yoast.com\/product\/yoast-seo-wordpress\/ -->\n<title>PalmPerfect Trimmer pentru linia de bikini - SHOPATOA.COM<\/title>\n<meta name=\"robots\" content=\"index, follow, max-snippet:-1, max-image-preview:large, max-video-preview:-1\" \/>\n<link rel=\"canonical\" href=\"https:\/\/shopatoa.com\/ro\/palmperfect-trimmer-pentru-linia-de-bikini\/\" \/>\n<meta property=\"og:locale\" content=\"ro_RO\" \/>\n<meta property=\"og:type\" content=\"article\" \/>\n<meta property=\"og:title\" content=\"PalmPerfect Trimmer pentru linia de bikini - SHOPATOA.COM\" \/>\n<meta property=\"og:description\" content=\"Trimmerul vine cu un accesoriu de tuns care v\u0103 permite s\u0103 t\u0103ia\u021bi firele de p\u0103r \u00een trei lungimi diferite. Opera\u021bie simpl\u0103 cu rezultate perfecte f\u0103r\u0103 piele iritat\u0103. Trimmerul este impermeabil. Poate fi folosit la du\u0219 sau sp\u0103lat sub un jet de ap\u0103 de la robinet. Aparatul are o lam\u0103 dubl\u0103. Ave\u021bi nevoie de dou\u0103 baterii...\" \/>\n<meta property=\"og:url\" content=\"https:\/\/shopatoa.com\/ro\/palmperfect-trimmer-pentru-linia-de-bikini\/\" \/>\n<meta property=\"og:site_name\" content=\"SHOPATOA\" \/>\n<meta property=\"article:modified_time\" content=\"2025-05-16T16:09:19+00:00\" \/>\n<meta property=\"og:image\" content=\"https:\/\/storage.googleapis.com\/cz-shopatoa-img\/ro\/8d66bd52-unnamed-file.webp\" \/>\n\t<meta property=\"og:image:width\" content=\"800\" \/>\n\t<meta property=\"og:image:height\" content=\"800\" \/>\n\t<meta property=\"og:image:type\" content=\"image\/webp\" \/>\n<meta name=\"twitter:card\" content=\"summary_large_image\" \/>\n<script type=\"application\/ld+json\" class=\"yoast-schema-graph\">{\"@context\":\"https:\\\/\\\/schema.org\",\"@graph\":[{\"@type\":\"WebPage\",\"@id\":\"https:\\\/\\\/shopatoa.com\\\/ro\\\/palmperfect-trimmer-pentru-linia-de-bikini\\\/\",\"url\":\"https:\\\/\\\/shopatoa.com\\\/ro\\\/palmperfect-trimmer-pentru-linia-de-bikini\\\/\",\"name\":\"PalmPerfect Trimmer pentru linia de bikini - SHOPATOA.COM\",\"isPartOf\":{\"@id\":\"https:\\\/\\\/shopatoa.com\\\/ro\\\/#website\"},\"primaryImageOfPage\":{\"@id\":\"https:\\\/\\\/shopatoa.com\\\/ro\\\/palmperfect-trimmer-pentru-linia-de-bikini\\\/#primaryimage\"},\"image\":{\"@id\":\"https:\\\/\\\/shopatoa.com\\\/ro\\\/palmperfect-trimmer-pentru-linia-de-bikini\\\/#primaryimage\"},\"thumbnailUrl\":\"https:\\\/\\\/storage.googleapis.com\\\/cz-shopatoa-img\\\/ro\\\/8d66bd52-unnamed-file.webp\",\"datePublished\":\"2025-05-15T15:08:20+00:00\",\"dateModified\":\"2025-05-16T16:09:19+00:00\",\"breadcrumb\":{\"@id\":\"https:\\\/\\\/shopatoa.com\\\/ro\\\/palmperfect-trimmer-pentru-linia-de-bikini\\\/#breadcrumb\"},\"inLanguage\":\"ro-RO\",\"potentialAction\":[{\"@type\":\"ReadAction\",\"target\":[\"https:\\\/\\\/shopatoa.com\\\/ro\\\/palmperfect-trimmer-pentru-linia-de-bikini\\\/\"]}]},{\"@type\":\"ImageObject\",\"inLanguage\":\"ro-RO\",\"@id\":\"https:\\\/\\\/shopatoa.com\\\/ro\\\/palmperfect-trimmer-pentru-linia-de-bikini\\\/#primaryimage\",\"url\":\"https:\\\/\\\/storage.googleapis.com\\\/cz-shopatoa-img\\\/ro\\\/8d66bd52-unnamed-file.webp\",\"contentUrl\":\"https:\\\/\\\/storage.googleapis.com\\\/cz-shopatoa-img\\\/ro\\\/8d66bd52-unnamed-file.webp\",\"width\":800,\"height\":800},{\"@type\":\"BreadcrumbList\",\"@id\":\"https:\\\/\\\/shopatoa.com\\\/ro\\\/palmperfect-trimmer-pentru-linia-de-bikini\\\/#breadcrumb\",\"itemListElement\":[{\"@type\":\"ListItem\",\"position\":1,\"name\":\"Dom\u016f\",\"item\":\"https:\\\/\\\/shopatoa.com\\\/ro\\\/\"},{\"@type\":\"ListItem\",\"position\":2,\"name\":\"Shop\",\"item\":\"https:\\\/\\\/shopatoa.com\\\/ro\\\/shop\\\/\"},{\"@type\":\"ListItem\",\"position\":3,\"name\":\"Cosmetice\",\"item\":\"https:\\\/\\\/shopatoa.com\\\/ro\\\/cosmetice\\\/\"},{\"@type\":\"ListItem\",\"position\":4,\"name\":\"Produse cosmetice pentru corp\",\"item\":\"https:\\\/\\\/shopatoa.com\\\/ro\\\/produse-cosmetice-pentru-corp\\\/\"},{\"@type\":\"ListItem\",\"position\":5,\"name\":\"Dispozitive cosmetice corpul\",\"item\":\"https:\\\/\\\/shopatoa.com\\\/ro\\\/dispozitive-cosmetice-corpul\\\/\"},{\"@type\":\"ListItem\",\"position\":6,\"name\":\"PalmPerfect Trimmer pentru linia de bikini\"}]},{\"@type\":\"WebSite\",\"@id\":\"https:\\\/\\\/shopatoa.com\\\/ro\\\/#website\",\"url\":\"https:\\\/\\\/shopatoa.com\\\/ro\\\/\",\"name\":\"SHOPATOA\",\"description\":\"\",\"publisher\":{\"@id\":\"https:\\\/\\\/shopatoa.com\\\/ro\\\/#organization\"},\"potentialAction\":[{\"@type\":\"SearchAction\",\"target\":{\"@type\":\"EntryPoint\",\"urlTemplate\":\"https:\\\/\\\/shopatoa.com\\\/ro\\\/?s={search_term_string}\"},\"query-input\":{\"@type\":\"PropertyValueSpecification\",\"valueRequired\":true,\"valueName\":\"search_term_string\"}}],\"inLanguage\":\"ro-RO\"},{\"@type\":\"Organization\",\"@id\":\"https:\\\/\\\/shopatoa.com\\\/ro\\\/#organization\",\"name\":\"SHOPATOA\",\"url\":\"https:\\\/\\\/shopatoa.com\\\/ro\\\/\",\"logo\":{\"@type\":\"ImageObject\",\"inLanguage\":\"ro-RO\",\"@id\":\"https:\\\/\\\/shopatoa.com\\\/ro\\\/#\\\/schema\\\/logo\\\/image\\\/\",\"url\":\"https:\\\/\\\/storage.googleapis.com\\\/cz-shopatoa-img\\\/ro\\\/b4dac915-shopatoa_logo.png\",\"contentUrl\":\"https:\\\/\\\/storage.googleapis.com\\\/cz-shopatoa-img\\\/ro\\\/b4dac915-shopatoa_logo.png\",\"width\":416,\"height\":63,\"caption\":\"SHOPATOA\"},\"image\":{\"@id\":\"https:\\\/\\\/shopatoa.com\\\/ro\\\/#\\\/schema\\\/logo\\\/image\\\/\"}}]}<\/script>\n<!-- \/ Yoast SEO plugin. -->","yoast_head_json":{"title":"PalmPerfect Trimmer pentru linia de bikini - SHOPATOA.COM","robots":{"index":"index","follow":"follow","max-snippet":"max-snippet:-1","max-image-preview":"max-image-preview:large","max-video-preview":"max-video-preview:-1"},"canonical":"https:\/\/shopatoa.com\/ro\/palmperfect-trimmer-pentru-linia-de-bikini\/","og_locale":"ro_RO","og_type":"article","og_title":"PalmPerfect Trimmer pentru linia de bikini - SHOPATOA.COM","og_description":"Trimmerul vine cu un accesoriu de tuns care v\u0103 permite s\u0103 t\u0103ia\u021bi firele de p\u0103r \u00een trei lungimi diferite. Opera\u021bie simpl\u0103 cu rezultate perfecte f\u0103r\u0103 piele iritat\u0103. Trimmerul este impermeabil. Poate fi folosit la du\u0219 sau sp\u0103lat sub un jet de ap\u0103 de la robinet. Aparatul are o lam\u0103 dubl\u0103. Ave\u021bi nevoie de dou\u0103 baterii...","og_url":"https:\/\/shopatoa.com\/ro\/palmperfect-trimmer-pentru-linia-de-bikini\/","og_site_name":"SHOPATOA","article_modified_time":"2025-05-16T16:09:19+00:00","og_image":[{"width":800,"height":800,"url":"https:\/\/storage.googleapis.com\/cz-shopatoa-img\/ro\/8d66bd52-unnamed-file.webp","type":"image\/webp"}],"twitter_card":"summary_large_image","schema":{"@context":"https:\/\/schema.org","@graph":[{"@type":"WebPage","@id":"https:\/\/shopatoa.com\/ro\/palmperfect-trimmer-pentru-linia-de-bikini\/","url":"https:\/\/shopatoa.com\/ro\/palmperfect-trimmer-pentru-linia-de-bikini\/","name":"PalmPerfect Trimmer pentru linia de bikini - SHOPATOA.COM","isPartOf":{"@id":"https:\/\/shopatoa.com\/ro\/#website"},"primaryImageOfPage":{"@id":"https:\/\/shopatoa.com\/ro\/palmperfect-trimmer-pentru-linia-de-bikini\/#primaryimage"},"image":{"@id":"https:\/\/shopatoa.com\/ro\/palmperfect-trimmer-pentru-linia-de-bikini\/#primaryimage"},"thumbnailUrl":"https:\/\/storage.googleapis.com\/cz-shopatoa-img\/ro\/8d66bd52-unnamed-file.webp","datePublished":"2025-05-15T15:08:20+00:00","dateModified":"2025-05-16T16:09:19+00:00","breadcrumb":{"@id":"https:\/\/shopatoa.com\/ro\/palmperfect-trimmer-pentru-linia-de-bikini\/#breadcrumb"},"inLanguage":"ro-RO","potentialAction":[{"@type":"ReadAction","target":["https:\/\/shopatoa.com\/ro\/palmperfect-trimmer-pentru-linia-de-bikini\/"]}]},{"@type":"ImageObject","inLanguage":"ro-RO","@id":"https:\/\/shopatoa.com\/ro\/palmperfect-trimmer-pentru-linia-de-bikini\/#primaryimage","url":"https:\/\/storage.googleapis.com\/cz-shopatoa-img\/ro\/8d66bd52-unnamed-file.webp","contentUrl":"https:\/\/storage.googleapis.com\/cz-shopatoa-img\/ro\/8d66bd52-unnamed-file.webp","width":800,"height":800},{"@type":"BreadcrumbList","@id":"https:\/\/shopatoa.com\/ro\/palmperfect-trimmer-pentru-linia-de-bikini\/#breadcrumb","itemListElement":[{"@type":"ListItem","position":1,"name":"Dom\u016f","item":"https:\/\/shopatoa.com\/ro\/"},{"@type":"ListItem","position":2,"name":"Shop","item":"https:\/\/shopatoa.com\/ro\/shop\/"},{"@type":"ListItem","position":3,"name":"Cosmetice","item":"https:\/\/shopatoa.com\/ro\/cosmetice\/"},{"@type":"ListItem","position":4,"name":"Produse cosmetice pentru corp","item":"https:\/\/shopatoa.com\/ro\/produse-cosmetice-pentru-corp\/"},{"@type":"ListItem","position":5,"name":"Dispozitive cosmetice corpul","item":"https:\/\/shopatoa.com\/ro\/dispozitive-cosmetice-corpul\/"},{"@type":"ListItem","position":6,"name":"PalmPerfect Trimmer pentru linia de bikini"}]},{"@type":"WebSite","@id":"https:\/\/shopatoa.com\/ro\/#website","url":"https:\/\/shopatoa.com\/ro\/","name":"SHOPATOA","description":"","publisher":{"@id":"https:\/\/shopatoa.com\/ro\/#organization"},"potentialAction":[{"@type":"SearchAction","target":{"@type":"EntryPoint","urlTemplate":"https:\/\/shopatoa.com\/ro\/?s={search_term_string}"},"query-input":{"@type":"PropertyValueSpecification","valueRequired":true,"valueName":"search_term_string"}}],"inLanguage":"ro-RO"},{"@type":"Organization","@id":"https:\/\/shopatoa.com\/ro\/#organization","name":"SHOPATOA","url":"https:\/\/shopatoa.com\/ro\/","logo":{"@type":"ImageObject","inLanguage":"ro-RO","@id":"https:\/\/shopatoa.com\/ro\/#\/schema\/logo\/image\/","url":"https:\/\/storage.googleapis.com\/cz-shopatoa-img\/ro\/b4dac915-shopatoa_logo.png","contentUrl":"https:\/\/storage.googleapis.com\/cz-shopatoa-img\/ro\/b4dac915-shopatoa_logo.png","width":416,"height":63,"caption":"SHOPATOA"},"image":{"@id":"https:\/\/shopatoa.com\/ro\/#\/schema\/logo\/image\/"}}]}},"_links":{"self":[{"href":"https:\/\/shopatoa.com\/ro\/wp-json\/wp\/v2\/product\/334839","targetHints":{"allow":["GET"]}}],"collection":[{"href":"https:\/\/shopatoa.com\/ro\/wp-json\/wp\/v2\/product"}],"about":[{"href":"https:\/\/shopatoa.com\/ro\/wp-json\/wp\/v2\/types\/product"}],"replies":[{"embeddable":true,"href":"https:\/\/shopatoa.com\/ro\/wp-json\/wp\/v2\/comments?post=334839"}],"wp:featuredmedia":[{"embeddable":true,"href":"https:\/\/shopatoa.com\/ro\/wp-json\/wp\/v2\/media\/334840"}],"wp:attachment":[{"href":"https:\/\/shopatoa.com\/ro\/wp-json\/wp\/v2\/media?parent=334839"}],"wp:term":[{"taxonomy":"product_brand","embeddable":true,"href":"https:\/\/shopatoa.com\/ro\/wp-json\/wp\/v2\/product_brand?post=334839"},{"taxonomy":"product_cat","embeddable":true,"href":"https:\/\/shopatoa.com\/ro\/wp-json\/wp\/v2\/product_cat?post=334839"},{"taxonomy":"product_tag","embeddable":true,"href":"https:\/\/shopatoa.com\/ro\/wp-json\/wp\/v2\/product_tag?post=334839"}],"curies":[{"name":"wp","href":"https:\/\/api.w.org\/{rel}","templated":true}]}}