{"id":334862,"date":"2025-05-15T17:11:51","date_gmt":"2025-05-15T15:11:51","guid":{"rendered":"https:\/\/shopatoa.com\/ro\/tweezerman-set-de-manichiura-manicure-kit\/"},"modified":"2025-05-16T18:11:12","modified_gmt":"2025-05-16T16:11:12","slug":"tweezerman-set-de-manichiura-manicure-kit","status":"publish","type":"product","link":"https:\/\/shopatoa.com\/ro\/tweezerman-set-de-manichiura-manicure-kit\/","title":{"rendered":"Tweezerman Set de manichiur\u0103 Manicure Kit"},"content":{"rendered":"<p>Un set de instrumente de manichiur\u0103 Tweezerman pentru \u00eengrijirea perfect\u0103 a unghiilor dvs.: penset\u0103 din o\u021bel inoxidabil de \u00eenalt\u0103 calitate, dou\u0103 pile pentru \u0219lefuirea unghiilor ascu\u021bite \u0219i un \u0219lefuitor pentru un aspect orbitor al unghiilor. Setul con\u021bine tot ce ave\u021bi nevoie pentru a v\u0103 t\u0103ia, modela \u0219i lustrui unghiile profesional: &#8211; Cle\u0219te pentru unghii de \u00eenalt\u0103 calitate, cu o lam\u0103 curbat\u0103 foarte ascu\u021bit\u0103 din o\u021bel inoxidabil, sunt potrivite pentru t\u0103ierea precis\u0103 \u0219i rapid\u0103 a unghiilor &#8211; dou\u0103 pile de unghii cu dou\u0103 fe\u021be de calitate inovatoare pentru modelarea \u0219i ascu\u021birea precis\u0103 a unghiilor &#8211; lac de unghii cu suprafe\u021be codificate pe culori de diferite rugozit\u0103\u021bi pentru pilirea unghiilor (suprafa\u021b\u0103 neagra), netezirea denivel\u0103rilor (suprafa\u021b\u0103 gri \u00eenchis), netezirea unghiilor (suprafa\u021b\u0103 gri deschis) \u0219i oferirea unei str\u0103luciri perfecte (suprafa\u021b\u0103 alb\u0103)<\/p>\n","protected":false},"excerpt":{"rendered":"<p>Un set de instrumente de manichiur\u0103 Tweezerman pentru \u00eengrijirea perfect\u0103 a unghiilor dvs.: penset\u0103 din o\u021bel inoxidabil de \u00eenalt\u0103 calitate, dou\u0103 pile pentru \u0219lefuirea unghiilor ascu\u021bite \u0219i un \u0219lefuitor pentru un aspect orbitor al unghiilor. Setul con\u021bine tot ce ave\u021bi nevoie pentru a v\u0103 t\u0103ia, modela \u0219i lustrui unghiile profesional: &#8211; Cle\u0219te pentru unghii de&#8230;<\/p>\n","protected":false},"featured_media":334863,"comment_status":"closed","ping_status":"open","template":"","meta":{"_acf_changed":false,"_kadence_starter_templates_imported_post":false,"_kad_post_transparent":"","_kad_post_title":"","_kad_post_layout":"","_kad_post_sidebar_id":"","_kad_post_content_style":"","_kad_post_vertical_padding":"","_kad_post_feature":"","_kad_post_feature_position":"","_kad_post_header":false,"_kad_post_footer":false,"_kad_post_classname":""},"product_brand":[371],"product_cat":[246,697,698,611],"product_tag":[],"class_list":{"0":"post-334862","1":"product","2":"type-product","3":"status-publish","4":"has-post-thumbnail","6":"product_brand-tweezerman","7":"product_cat-cosmetice","8":"product_cat-manichiura-si-pedichiura","9":"product_cat-manichiuri","10":"product_cat-produse-cosmetice-pentru-corp","12":"first","13":"instock","14":"product-type-external","15":"entry","16":"content-bg","17":"loop-entry"},"acf":[],"yoast_head":"<!-- This site is optimized with the Yoast SEO plugin v27.4 - https:\/\/yoast.com\/product\/yoast-seo-wordpress\/ -->\n<title>Tweezerman Set de manichiur\u0103 Manicure Kit - SHOPATOA.COM<\/title>\n<meta name=\"robots\" content=\"index, follow, max-snippet:-1, max-image-preview:large, max-video-preview:-1\" \/>\n<link rel=\"canonical\" href=\"https:\/\/shopatoa.com\/ro\/tweezerman-set-de-manichiura-manicure-kit\/\" \/>\n<meta property=\"og:locale\" content=\"ro_RO\" \/>\n<meta property=\"og:type\" content=\"article\" \/>\n<meta property=\"og:title\" content=\"Tweezerman Set de manichiur\u0103 Manicure Kit - SHOPATOA.COM\" \/>\n<meta property=\"og:description\" content=\"Un set de instrumente de manichiur\u0103 Tweezerman pentru \u00eengrijirea perfect\u0103 a unghiilor dvs.: penset\u0103 din o\u021bel inoxidabil de \u00eenalt\u0103 calitate, dou\u0103 pile pentru \u0219lefuirea unghiilor ascu\u021bite \u0219i un \u0219lefuitor pentru un aspect orbitor al unghiilor. Setul con\u021bine tot ce ave\u021bi nevoie pentru a v\u0103 t\u0103ia, modela \u0219i lustrui unghiile profesional: &#8211; Cle\u0219te pentru unghii de...\" \/>\n<meta property=\"og:url\" content=\"https:\/\/shopatoa.com\/ro\/tweezerman-set-de-manichiura-manicure-kit\/\" \/>\n<meta property=\"og:site_name\" content=\"SHOPATOA\" \/>\n<meta property=\"article:modified_time\" content=\"2025-05-16T16:11:12+00:00\" \/>\n<meta property=\"og:image\" content=\"https:\/\/storage.googleapis.com\/cz-shopatoa-img\/ro\/c999639d-unnamed-file.webp\" \/>\n\t<meta property=\"og:image:width\" content=\"800\" \/>\n\t<meta property=\"og:image:height\" content=\"800\" \/>\n\t<meta property=\"og:image:type\" content=\"image\/webp\" \/>\n<meta name=\"twitter:card\" content=\"summary_large_image\" \/>\n<meta name=\"twitter:label1\" content=\"Timp estimat pentru citire\" \/>\n\t<meta name=\"twitter:data1\" content=\"1 minut\" \/>\n<script type=\"application\/ld+json\" class=\"yoast-schema-graph\">{\"@context\":\"https:\\\/\\\/schema.org\",\"@graph\":[{\"@type\":\"WebPage\",\"@id\":\"https:\\\/\\\/shopatoa.com\\\/ro\\\/tweezerman-set-de-manichiura-manicure-kit\\\/\",\"url\":\"https:\\\/\\\/shopatoa.com\\\/ro\\\/tweezerman-set-de-manichiura-manicure-kit\\\/\",\"name\":\"Tweezerman Set de manichiur\u0103 Manicure Kit - SHOPATOA.COM\",\"isPartOf\":{\"@id\":\"https:\\\/\\\/shopatoa.com\\\/ro\\\/#website\"},\"primaryImageOfPage\":{\"@id\":\"https:\\\/\\\/shopatoa.com\\\/ro\\\/tweezerman-set-de-manichiura-manicure-kit\\\/#primaryimage\"},\"image\":{\"@id\":\"https:\\\/\\\/shopatoa.com\\\/ro\\\/tweezerman-set-de-manichiura-manicure-kit\\\/#primaryimage\"},\"thumbnailUrl\":\"https:\\\/\\\/storage.googleapis.com\\\/cz-shopatoa-img\\\/ro\\\/c999639d-unnamed-file.webp\",\"datePublished\":\"2025-05-15T15:11:51+00:00\",\"dateModified\":\"2025-05-16T16:11:12+00:00\",\"breadcrumb\":{\"@id\":\"https:\\\/\\\/shopatoa.com\\\/ro\\\/tweezerman-set-de-manichiura-manicure-kit\\\/#breadcrumb\"},\"inLanguage\":\"ro-RO\",\"potentialAction\":[{\"@type\":\"ReadAction\",\"target\":[\"https:\\\/\\\/shopatoa.com\\\/ro\\\/tweezerman-set-de-manichiura-manicure-kit\\\/\"]}]},{\"@type\":\"ImageObject\",\"inLanguage\":\"ro-RO\",\"@id\":\"https:\\\/\\\/shopatoa.com\\\/ro\\\/tweezerman-set-de-manichiura-manicure-kit\\\/#primaryimage\",\"url\":\"https:\\\/\\\/storage.googleapis.com\\\/cz-shopatoa-img\\\/ro\\\/c999639d-unnamed-file.webp\",\"contentUrl\":\"https:\\\/\\\/storage.googleapis.com\\\/cz-shopatoa-img\\\/ro\\\/c999639d-unnamed-file.webp\",\"width\":800,\"height\":800},{\"@type\":\"BreadcrumbList\",\"@id\":\"https:\\\/\\\/shopatoa.com\\\/ro\\\/tweezerman-set-de-manichiura-manicure-kit\\\/#breadcrumb\",\"itemListElement\":[{\"@type\":\"ListItem\",\"position\":1,\"name\":\"Dom\u016f\",\"item\":\"https:\\\/\\\/shopatoa.com\\\/ro\\\/\"},{\"@type\":\"ListItem\",\"position\":2,\"name\":\"Shop\",\"item\":\"https:\\\/\\\/shopatoa.com\\\/ro\\\/shop\\\/\"},{\"@type\":\"ListItem\",\"position\":3,\"name\":\"Cosmetice\",\"item\":\"https:\\\/\\\/shopatoa.com\\\/ro\\\/cosmetice\\\/\"},{\"@type\":\"ListItem\",\"position\":4,\"name\":\"Produse cosmetice pentru corp\",\"item\":\"https:\\\/\\\/shopatoa.com\\\/ro\\\/produse-cosmetice-pentru-corp\\\/\"},{\"@type\":\"ListItem\",\"position\":5,\"name\":\"Manichiura si pedichiura\",\"item\":\"https:\\\/\\\/shopatoa.com\\\/ro\\\/manichiura-si-pedichiura\\\/\"},{\"@type\":\"ListItem\",\"position\":6,\"name\":\"Manichiuri\",\"item\":\"https:\\\/\\\/shopatoa.com\\\/ro\\\/manichiuri\\\/\"},{\"@type\":\"ListItem\",\"position\":7,\"name\":\"Tweezerman Set de manichiur\u0103 Manicure Kit\"}]},{\"@type\":\"WebSite\",\"@id\":\"https:\\\/\\\/shopatoa.com\\\/ro\\\/#website\",\"url\":\"https:\\\/\\\/shopatoa.com\\\/ro\\\/\",\"name\":\"SHOPATOA\",\"description\":\"\",\"publisher\":{\"@id\":\"https:\\\/\\\/shopatoa.com\\\/ro\\\/#organization\"},\"potentialAction\":[{\"@type\":\"SearchAction\",\"target\":{\"@type\":\"EntryPoint\",\"urlTemplate\":\"https:\\\/\\\/shopatoa.com\\\/ro\\\/?s={search_term_string}\"},\"query-input\":{\"@type\":\"PropertyValueSpecification\",\"valueRequired\":true,\"valueName\":\"search_term_string\"}}],\"inLanguage\":\"ro-RO\"},{\"@type\":\"Organization\",\"@id\":\"https:\\\/\\\/shopatoa.com\\\/ro\\\/#organization\",\"name\":\"SHOPATOA\",\"url\":\"https:\\\/\\\/shopatoa.com\\\/ro\\\/\",\"logo\":{\"@type\":\"ImageObject\",\"inLanguage\":\"ro-RO\",\"@id\":\"https:\\\/\\\/shopatoa.com\\\/ro\\\/#\\\/schema\\\/logo\\\/image\\\/\",\"url\":\"https:\\\/\\\/storage.googleapis.com\\\/cz-shopatoa-img\\\/ro\\\/b4dac915-shopatoa_logo.png\",\"contentUrl\":\"https:\\\/\\\/storage.googleapis.com\\\/cz-shopatoa-img\\\/ro\\\/b4dac915-shopatoa_logo.png\",\"width\":416,\"height\":63,\"caption\":\"SHOPATOA\"},\"image\":{\"@id\":\"https:\\\/\\\/shopatoa.com\\\/ro\\\/#\\\/schema\\\/logo\\\/image\\\/\"}}]}<\/script>\n<!-- \/ Yoast SEO plugin. -->","yoast_head_json":{"title":"Tweezerman Set de manichiur\u0103 Manicure Kit - SHOPATOA.COM","robots":{"index":"index","follow":"follow","max-snippet":"max-snippet:-1","max-image-preview":"max-image-preview:large","max-video-preview":"max-video-preview:-1"},"canonical":"https:\/\/shopatoa.com\/ro\/tweezerman-set-de-manichiura-manicure-kit\/","og_locale":"ro_RO","og_type":"article","og_title":"Tweezerman Set de manichiur\u0103 Manicure Kit - SHOPATOA.COM","og_description":"Un set de instrumente de manichiur\u0103 Tweezerman pentru \u00eengrijirea perfect\u0103 a unghiilor dvs.: penset\u0103 din o\u021bel inoxidabil de \u00eenalt\u0103 calitate, dou\u0103 pile pentru \u0219lefuirea unghiilor ascu\u021bite \u0219i un \u0219lefuitor pentru un aspect orbitor al unghiilor. Setul con\u021bine tot ce ave\u021bi nevoie pentru a v\u0103 t\u0103ia, modela \u0219i lustrui unghiile profesional: &#8211; Cle\u0219te pentru unghii de...","og_url":"https:\/\/shopatoa.com\/ro\/tweezerman-set-de-manichiura-manicure-kit\/","og_site_name":"SHOPATOA","article_modified_time":"2025-05-16T16:11:12+00:00","og_image":[{"width":800,"height":800,"url":"https:\/\/storage.googleapis.com\/cz-shopatoa-img\/ro\/c999639d-unnamed-file.webp","type":"image\/webp"}],"twitter_card":"summary_large_image","twitter_misc":{"Timp estimat pentru citire":"1 minut"},"schema":{"@context":"https:\/\/schema.org","@graph":[{"@type":"WebPage","@id":"https:\/\/shopatoa.com\/ro\/tweezerman-set-de-manichiura-manicure-kit\/","url":"https:\/\/shopatoa.com\/ro\/tweezerman-set-de-manichiura-manicure-kit\/","name":"Tweezerman Set de manichiur\u0103 Manicure Kit - SHOPATOA.COM","isPartOf":{"@id":"https:\/\/shopatoa.com\/ro\/#website"},"primaryImageOfPage":{"@id":"https:\/\/shopatoa.com\/ro\/tweezerman-set-de-manichiura-manicure-kit\/#primaryimage"},"image":{"@id":"https:\/\/shopatoa.com\/ro\/tweezerman-set-de-manichiura-manicure-kit\/#primaryimage"},"thumbnailUrl":"https:\/\/storage.googleapis.com\/cz-shopatoa-img\/ro\/c999639d-unnamed-file.webp","datePublished":"2025-05-15T15:11:51+00:00","dateModified":"2025-05-16T16:11:12+00:00","breadcrumb":{"@id":"https:\/\/shopatoa.com\/ro\/tweezerman-set-de-manichiura-manicure-kit\/#breadcrumb"},"inLanguage":"ro-RO","potentialAction":[{"@type":"ReadAction","target":["https:\/\/shopatoa.com\/ro\/tweezerman-set-de-manichiura-manicure-kit\/"]}]},{"@type":"ImageObject","inLanguage":"ro-RO","@id":"https:\/\/shopatoa.com\/ro\/tweezerman-set-de-manichiura-manicure-kit\/#primaryimage","url":"https:\/\/storage.googleapis.com\/cz-shopatoa-img\/ro\/c999639d-unnamed-file.webp","contentUrl":"https:\/\/storage.googleapis.com\/cz-shopatoa-img\/ro\/c999639d-unnamed-file.webp","width":800,"height":800},{"@type":"BreadcrumbList","@id":"https:\/\/shopatoa.com\/ro\/tweezerman-set-de-manichiura-manicure-kit\/#breadcrumb","itemListElement":[{"@type":"ListItem","position":1,"name":"Dom\u016f","item":"https:\/\/shopatoa.com\/ro\/"},{"@type":"ListItem","position":2,"name":"Shop","item":"https:\/\/shopatoa.com\/ro\/shop\/"},{"@type":"ListItem","position":3,"name":"Cosmetice","item":"https:\/\/shopatoa.com\/ro\/cosmetice\/"},{"@type":"ListItem","position":4,"name":"Produse cosmetice pentru corp","item":"https:\/\/shopatoa.com\/ro\/produse-cosmetice-pentru-corp\/"},{"@type":"ListItem","position":5,"name":"Manichiura si pedichiura","item":"https:\/\/shopatoa.com\/ro\/manichiura-si-pedichiura\/"},{"@type":"ListItem","position":6,"name":"Manichiuri","item":"https:\/\/shopatoa.com\/ro\/manichiuri\/"},{"@type":"ListItem","position":7,"name":"Tweezerman Set de manichiur\u0103 Manicure Kit"}]},{"@type":"WebSite","@id":"https:\/\/shopatoa.com\/ro\/#website","url":"https:\/\/shopatoa.com\/ro\/","name":"SHOPATOA","description":"","publisher":{"@id":"https:\/\/shopatoa.com\/ro\/#organization"},"potentialAction":[{"@type":"SearchAction","target":{"@type":"EntryPoint","urlTemplate":"https:\/\/shopatoa.com\/ro\/?s={search_term_string}"},"query-input":{"@type":"PropertyValueSpecification","valueRequired":true,"valueName":"search_term_string"}}],"inLanguage":"ro-RO"},{"@type":"Organization","@id":"https:\/\/shopatoa.com\/ro\/#organization","name":"SHOPATOA","url":"https:\/\/shopatoa.com\/ro\/","logo":{"@type":"ImageObject","inLanguage":"ro-RO","@id":"https:\/\/shopatoa.com\/ro\/#\/schema\/logo\/image\/","url":"https:\/\/storage.googleapis.com\/cz-shopatoa-img\/ro\/b4dac915-shopatoa_logo.png","contentUrl":"https:\/\/storage.googleapis.com\/cz-shopatoa-img\/ro\/b4dac915-shopatoa_logo.png","width":416,"height":63,"caption":"SHOPATOA"},"image":{"@id":"https:\/\/shopatoa.com\/ro\/#\/schema\/logo\/image\/"}}]}},"_links":{"self":[{"href":"https:\/\/shopatoa.com\/ro\/wp-json\/wp\/v2\/product\/334862","targetHints":{"allow":["GET"]}}],"collection":[{"href":"https:\/\/shopatoa.com\/ro\/wp-json\/wp\/v2\/product"}],"about":[{"href":"https:\/\/shopatoa.com\/ro\/wp-json\/wp\/v2\/types\/product"}],"replies":[{"embeddable":true,"href":"https:\/\/shopatoa.com\/ro\/wp-json\/wp\/v2\/comments?post=334862"}],"wp:featuredmedia":[{"embeddable":true,"href":"https:\/\/shopatoa.com\/ro\/wp-json\/wp\/v2\/media\/334863"}],"wp:attachment":[{"href":"https:\/\/shopatoa.com\/ro\/wp-json\/wp\/v2\/media?parent=334862"}],"wp:term":[{"taxonomy":"product_brand","embeddable":true,"href":"https:\/\/shopatoa.com\/ro\/wp-json\/wp\/v2\/product_brand?post=334862"},{"taxonomy":"product_cat","embeddable":true,"href":"https:\/\/shopatoa.com\/ro\/wp-json\/wp\/v2\/product_cat?post=334862"},{"taxonomy":"product_tag","embeddable":true,"href":"https:\/\/shopatoa.com\/ro\/wp-json\/wp\/v2\/product_tag?post=334862"}],"curies":[{"name":"wp","href":"https:\/\/api.w.org\/{rel}","templated":true}]}}