{"id":334934,"date":"2025-05-15T17:19:11","date_gmt":"2025-05-15T15:19:11","guid":{"rendered":"https:\/\/shopatoa.com\/ro\/foreo-iris-2-aparat-de-masaj-pentru-zona-ochilor-mint\/"},"modified":"2025-05-16T18:17:41","modified_gmt":"2025-05-16T16:17:41","slug":"foreo-iris-2-aparat-de-masaj-pentru-zona-ochilor-mint","status":"publish","type":"product","link":"https:\/\/shopatoa.com\/ro\/foreo-iris-2-aparat-de-masaj-pentru-zona-ochilor-mint\/","title":{"rendered":"Foreo IRIS\u2122 2 Aparat de masaj pentru zona ochilor Mint"},"content":{"rendered":"<p>ELIMIN\u0102 INSTANTANEU CEARC\u0102NELE, LUMINEAZ\u0102 \u0218I REVIGOREAZ\u0102 OCHII OBOSI\u021aI IRIS\u2122 2 este un dispozitiv de masaj neinvaziv, aprobat de oftalmolog, inspirat de tehnicile asiatice antice de drenaj limfatic prin atingerea degetelor \u0219i inovat cu tehnologia revolu\u021bionar\u0103 a pulsului T-Sonic\u2122 patentat\u0103 de FOREO. Acupresura cre\u0219te drenajul limfatic \u0219i amelioreaz\u0103 tensiunea muscular\u0103, ajut\u00e2nd la reducerea umfl\u0103turilor \u0219i a cearc\u0103nelor ochilor obosi\u021bi. Tehnologia de puls T-Sonic\u2122 ofer\u0103 un masaj delicat care vizeaz\u0103 liniile fine \u0219i ridurile pentru o senza\u021bie de prospe\u021bime \u0219i fermitate. \u00cen plus, IRIS\u2122 2 face absorb\u021bia produselor de \u00eengrijire a ochilor mai eficient\u0103. Acesta ofer\u0103 posibilitatea de a alege \u00eentre Pure Mode \u0219i Spa Mode pentru un aspect luminos \u0219i \u00eentinerit al ochilor, \u00een doar 30 de secunde de tratament pentru fiecare zon\u0103 a ochilor. 2 MODURI PENTRU O NOU\u0102 PERSPECTIV\u0102 ASUPRA VIE\u021aII Cele 2 moduri permit tratarea pielii \u00een diferite condi\u021bii \u0219i etape. Modul Pure mai bl\u00e2nd imit\u0103 masajul manual cu atingeri extrem de delicate. Este ideal pentru pielea care prezint\u0103 primele semne de \u00eemb\u0103tr\u00e2nire \u0219i este mai eficient dec\u00e2t folosirea doar a v\u00e2rfurilor degetelor. Modul Spa mai intensiv combin\u0103 masajul prin acupunctur\u0103 cu tehnologia de pulsa\u021bie T-Sonic\u2122 pentru a oferi un tratament de \u00eenfrumuse\u021bare profesional la nivel de spa. Acest regim este ideal pentru pielea cu semne mai pronun\u021bate de \u00eemb\u0103tr\u00e2nire. R\u0103sf\u0103\u021ba\u021bi-v\u0103 cu o \u00eengrijire premium a ochilor, acum cu performan\u021be \u00eembun\u0103t\u0103\u021bite, anulare a zgomotului, m\u00e2ner antiderapant \u0219i indicator de baterie desc\u0103rcat\u0103, \u0219i bucura\u021bi-v\u0103 de o \u00eengrijire u\u0219oar\u0103 a frumuse\u021bii \u00een timpul deplas\u0103rilor.<\/p>\n","protected":false},"excerpt":{"rendered":"<p>ELIMIN\u0102 INSTANTANEU CEARC\u0102NELE, LUMINEAZ\u0102 \u0218I REVIGOREAZ\u0102 OCHII OBOSI\u021aI IRIS\u2122 2 este un dispozitiv de masaj neinvaziv, aprobat de oftalmolog, inspirat de tehnicile asiatice antice de drenaj limfatic prin atingerea degetelor \u0219i inovat cu tehnologia revolu\u021bionar\u0103 a pulsului T-Sonic\u2122 patentat\u0103 de FOREO. Acupresura cre\u0219te drenajul limfatic \u0219i amelioreaz\u0103 tensiunea muscular\u0103, ajut\u00e2nd la reducerea umfl\u0103turilor \u0219i a&#8230;<\/p>\n","protected":false},"featured_media":334935,"comment_status":"closed","ping_status":"open","template":"","meta":{"_acf_changed":false,"_kadence_starter_templates_imported_post":false,"_kad_post_transparent":"","_kad_post_title":"","_kad_post_layout":"","_kad_post_sidebar_id":"","_kad_post_content_style":"","_kad_post_vertical_padding":"","_kad_post_feature":"","_kad_post_feature_position":"","_kad_post_header":false,"_kad_post_footer":false,"_kad_post_classname":""},"product_brand":[289],"product_cat":[246,689,688,633],"product_tag":[],"class_list":{"0":"post-334934","1":"product","2":"type-product","3":"status-publish","4":"has-post-thumbnail","6":"product_brand-foreo","7":"product_cat-cosmetice","8":"product_cat-dispozitive-anti-imbatranire","9":"product_cat-dispozitive-cosmetice-pentru-ingrijirea-pielii","10":"product_cat-produse-cosmetice-pentru-piele","12":"first","13":"instock","14":"product-type-external","15":"entry","16":"content-bg","17":"loop-entry"},"acf":[],"yoast_head":"<!-- This site is optimized with the Yoast SEO plugin v27.3 - https:\/\/yoast.com\/product\/yoast-seo-wordpress\/ -->\n<title>Foreo IRIS\u2122 2 Aparat de masaj pentru zona ochilor Mint - SHOPATOA.COM<\/title>\n<meta name=\"robots\" content=\"index, follow, max-snippet:-1, max-image-preview:large, max-video-preview:-1\" \/>\n<link rel=\"canonical\" href=\"https:\/\/shopatoa.com\/ro\/foreo-iris-2-aparat-de-masaj-pentru-zona-ochilor-mint\/\" \/>\n<meta property=\"og:locale\" content=\"ro_RO\" \/>\n<meta property=\"og:type\" content=\"article\" \/>\n<meta property=\"og:title\" content=\"Foreo IRIS\u2122 2 Aparat de masaj pentru zona ochilor Mint - SHOPATOA.COM\" \/>\n<meta property=\"og:description\" content=\"ELIMIN\u0102 INSTANTANEU CEARC\u0102NELE, LUMINEAZ\u0102 \u0218I REVIGOREAZ\u0102 OCHII OBOSI\u021aI IRIS\u2122 2 este un dispozitiv de masaj neinvaziv, aprobat de oftalmolog, inspirat de tehnicile asiatice antice de drenaj limfatic prin atingerea degetelor \u0219i inovat cu tehnologia revolu\u021bionar\u0103 a pulsului T-Sonic\u2122 patentat\u0103 de FOREO. Acupresura cre\u0219te drenajul limfatic \u0219i amelioreaz\u0103 tensiunea muscular\u0103, ajut\u00e2nd la reducerea umfl\u0103turilor \u0219i a...\" \/>\n<meta property=\"og:url\" content=\"https:\/\/shopatoa.com\/ro\/foreo-iris-2-aparat-de-masaj-pentru-zona-ochilor-mint\/\" \/>\n<meta property=\"og:site_name\" content=\"SHOPATOA\" \/>\n<meta property=\"article:modified_time\" content=\"2025-05-16T16:17:41+00:00\" \/>\n<meta property=\"og:image\" content=\"https:\/\/storage.googleapis.com\/cz-shopatoa-img\/ro\/b411d758-unnamed-file.webp\" \/>\n\t<meta property=\"og:image:width\" content=\"800\" \/>\n\t<meta property=\"og:image:height\" content=\"800\" \/>\n\t<meta property=\"og:image:type\" content=\"image\/webp\" \/>\n<meta name=\"twitter:card\" content=\"summary_large_image\" \/>\n<meta name=\"twitter:label1\" content=\"Timp estimat pentru citire\" \/>\n\t<meta name=\"twitter:data1\" content=\"1 minut\" \/>\n<script type=\"application\/ld+json\" class=\"yoast-schema-graph\">{\"@context\":\"https:\\\/\\\/schema.org\",\"@graph\":[{\"@type\":\"WebPage\",\"@id\":\"https:\\\/\\\/shopatoa.com\\\/ro\\\/foreo-iris-2-aparat-de-masaj-pentru-zona-ochilor-mint\\\/\",\"url\":\"https:\\\/\\\/shopatoa.com\\\/ro\\\/foreo-iris-2-aparat-de-masaj-pentru-zona-ochilor-mint\\\/\",\"name\":\"Foreo IRIS\u2122 2 Aparat de masaj pentru zona ochilor Mint - SHOPATOA.COM\",\"isPartOf\":{\"@id\":\"https:\\\/\\\/shopatoa.com\\\/ro\\\/#website\"},\"primaryImageOfPage\":{\"@id\":\"https:\\\/\\\/shopatoa.com\\\/ro\\\/foreo-iris-2-aparat-de-masaj-pentru-zona-ochilor-mint\\\/#primaryimage\"},\"image\":{\"@id\":\"https:\\\/\\\/shopatoa.com\\\/ro\\\/foreo-iris-2-aparat-de-masaj-pentru-zona-ochilor-mint\\\/#primaryimage\"},\"thumbnailUrl\":\"https:\\\/\\\/storage.googleapis.com\\\/cz-shopatoa-img\\\/ro\\\/b411d758-unnamed-file.webp\",\"datePublished\":\"2025-05-15T15:19:11+00:00\",\"dateModified\":\"2025-05-16T16:17:41+00:00\",\"breadcrumb\":{\"@id\":\"https:\\\/\\\/shopatoa.com\\\/ro\\\/foreo-iris-2-aparat-de-masaj-pentru-zona-ochilor-mint\\\/#breadcrumb\"},\"inLanguage\":\"ro-RO\",\"potentialAction\":[{\"@type\":\"ReadAction\",\"target\":[\"https:\\\/\\\/shopatoa.com\\\/ro\\\/foreo-iris-2-aparat-de-masaj-pentru-zona-ochilor-mint\\\/\"]}]},{\"@type\":\"ImageObject\",\"inLanguage\":\"ro-RO\",\"@id\":\"https:\\\/\\\/shopatoa.com\\\/ro\\\/foreo-iris-2-aparat-de-masaj-pentru-zona-ochilor-mint\\\/#primaryimage\",\"url\":\"https:\\\/\\\/storage.googleapis.com\\\/cz-shopatoa-img\\\/ro\\\/b411d758-unnamed-file.webp\",\"contentUrl\":\"https:\\\/\\\/storage.googleapis.com\\\/cz-shopatoa-img\\\/ro\\\/b411d758-unnamed-file.webp\",\"width\":800,\"height\":800},{\"@type\":\"BreadcrumbList\",\"@id\":\"https:\\\/\\\/shopatoa.com\\\/ro\\\/foreo-iris-2-aparat-de-masaj-pentru-zona-ochilor-mint\\\/#breadcrumb\",\"itemListElement\":[{\"@type\":\"ListItem\",\"position\":1,\"name\":\"Dom\u016f\",\"item\":\"https:\\\/\\\/shopatoa.com\\\/ro\\\/\"},{\"@type\":\"ListItem\",\"position\":2,\"name\":\"Shop\",\"item\":\"https:\\\/\\\/shopatoa.com\\\/ro\\\/shop\\\/\"},{\"@type\":\"ListItem\",\"position\":3,\"name\":\"Cosmetice\",\"item\":\"https:\\\/\\\/shopatoa.com\\\/ro\\\/cosmetice\\\/\"},{\"@type\":\"ListItem\",\"position\":4,\"name\":\"Produse cosmetice pentru piele\",\"item\":\"https:\\\/\\\/shopatoa.com\\\/ro\\\/produse-cosmetice-pentru-piele\\\/\"},{\"@type\":\"ListItem\",\"position\":5,\"name\":\"Dispozitive cosmetice pentru \u00eengrijirea pielii\",\"item\":\"https:\\\/\\\/shopatoa.com\\\/ro\\\/dispozitive-cosmetice-pentru-ingrijirea-pielii\\\/\"},{\"@type\":\"ListItem\",\"position\":6,\"name\":\"Dispozitive anti-imb\u0103tr\u00e2nire\",\"item\":\"https:\\\/\\\/shopatoa.com\\\/ro\\\/dispozitive-anti-imbatranire\\\/\"},{\"@type\":\"ListItem\",\"position\":7,\"name\":\"Foreo IRIS\u2122 2 Aparat de masaj pentru zona ochilor Mint\"}]},{\"@type\":\"WebSite\",\"@id\":\"https:\\\/\\\/shopatoa.com\\\/ro\\\/#website\",\"url\":\"https:\\\/\\\/shopatoa.com\\\/ro\\\/\",\"name\":\"SHOPATOA\",\"description\":\"\",\"publisher\":{\"@id\":\"https:\\\/\\\/shopatoa.com\\\/ro\\\/#organization\"},\"potentialAction\":[{\"@type\":\"SearchAction\",\"target\":{\"@type\":\"EntryPoint\",\"urlTemplate\":\"https:\\\/\\\/shopatoa.com\\\/ro\\\/?s={search_term_string}\"},\"query-input\":{\"@type\":\"PropertyValueSpecification\",\"valueRequired\":true,\"valueName\":\"search_term_string\"}}],\"inLanguage\":\"ro-RO\"},{\"@type\":\"Organization\",\"@id\":\"https:\\\/\\\/shopatoa.com\\\/ro\\\/#organization\",\"name\":\"SHOPATOA\",\"url\":\"https:\\\/\\\/shopatoa.com\\\/ro\\\/\",\"logo\":{\"@type\":\"ImageObject\",\"inLanguage\":\"ro-RO\",\"@id\":\"https:\\\/\\\/shopatoa.com\\\/ro\\\/#\\\/schema\\\/logo\\\/image\\\/\",\"url\":\"https:\\\/\\\/storage.googleapis.com\\\/cz-shopatoa-img\\\/ro\\\/b4dac915-shopatoa_logo.png\",\"contentUrl\":\"https:\\\/\\\/storage.googleapis.com\\\/cz-shopatoa-img\\\/ro\\\/b4dac915-shopatoa_logo.png\",\"width\":416,\"height\":63,\"caption\":\"SHOPATOA\"},\"image\":{\"@id\":\"https:\\\/\\\/shopatoa.com\\\/ro\\\/#\\\/schema\\\/logo\\\/image\\\/\"}}]}<\/script>\n<!-- \/ Yoast SEO plugin. -->","yoast_head_json":{"title":"Foreo IRIS\u2122 2 Aparat de masaj pentru zona ochilor Mint - SHOPATOA.COM","robots":{"index":"index","follow":"follow","max-snippet":"max-snippet:-1","max-image-preview":"max-image-preview:large","max-video-preview":"max-video-preview:-1"},"canonical":"https:\/\/shopatoa.com\/ro\/foreo-iris-2-aparat-de-masaj-pentru-zona-ochilor-mint\/","og_locale":"ro_RO","og_type":"article","og_title":"Foreo IRIS\u2122 2 Aparat de masaj pentru zona ochilor Mint - SHOPATOA.COM","og_description":"ELIMIN\u0102 INSTANTANEU CEARC\u0102NELE, LUMINEAZ\u0102 \u0218I REVIGOREAZ\u0102 OCHII OBOSI\u021aI IRIS\u2122 2 este un dispozitiv de masaj neinvaziv, aprobat de oftalmolog, inspirat de tehnicile asiatice antice de drenaj limfatic prin atingerea degetelor \u0219i inovat cu tehnologia revolu\u021bionar\u0103 a pulsului T-Sonic\u2122 patentat\u0103 de FOREO. Acupresura cre\u0219te drenajul limfatic \u0219i amelioreaz\u0103 tensiunea muscular\u0103, ajut\u00e2nd la reducerea umfl\u0103turilor \u0219i a...","og_url":"https:\/\/shopatoa.com\/ro\/foreo-iris-2-aparat-de-masaj-pentru-zona-ochilor-mint\/","og_site_name":"SHOPATOA","article_modified_time":"2025-05-16T16:17:41+00:00","og_image":[{"width":800,"height":800,"url":"https:\/\/storage.googleapis.com\/cz-shopatoa-img\/ro\/b411d758-unnamed-file.webp","type":"image\/webp"}],"twitter_card":"summary_large_image","twitter_misc":{"Timp estimat pentru citire":"1 minut"},"schema":{"@context":"https:\/\/schema.org","@graph":[{"@type":"WebPage","@id":"https:\/\/shopatoa.com\/ro\/foreo-iris-2-aparat-de-masaj-pentru-zona-ochilor-mint\/","url":"https:\/\/shopatoa.com\/ro\/foreo-iris-2-aparat-de-masaj-pentru-zona-ochilor-mint\/","name":"Foreo IRIS\u2122 2 Aparat de masaj pentru zona ochilor Mint - SHOPATOA.COM","isPartOf":{"@id":"https:\/\/shopatoa.com\/ro\/#website"},"primaryImageOfPage":{"@id":"https:\/\/shopatoa.com\/ro\/foreo-iris-2-aparat-de-masaj-pentru-zona-ochilor-mint\/#primaryimage"},"image":{"@id":"https:\/\/shopatoa.com\/ro\/foreo-iris-2-aparat-de-masaj-pentru-zona-ochilor-mint\/#primaryimage"},"thumbnailUrl":"https:\/\/storage.googleapis.com\/cz-shopatoa-img\/ro\/b411d758-unnamed-file.webp","datePublished":"2025-05-15T15:19:11+00:00","dateModified":"2025-05-16T16:17:41+00:00","breadcrumb":{"@id":"https:\/\/shopatoa.com\/ro\/foreo-iris-2-aparat-de-masaj-pentru-zona-ochilor-mint\/#breadcrumb"},"inLanguage":"ro-RO","potentialAction":[{"@type":"ReadAction","target":["https:\/\/shopatoa.com\/ro\/foreo-iris-2-aparat-de-masaj-pentru-zona-ochilor-mint\/"]}]},{"@type":"ImageObject","inLanguage":"ro-RO","@id":"https:\/\/shopatoa.com\/ro\/foreo-iris-2-aparat-de-masaj-pentru-zona-ochilor-mint\/#primaryimage","url":"https:\/\/storage.googleapis.com\/cz-shopatoa-img\/ro\/b411d758-unnamed-file.webp","contentUrl":"https:\/\/storage.googleapis.com\/cz-shopatoa-img\/ro\/b411d758-unnamed-file.webp","width":800,"height":800},{"@type":"BreadcrumbList","@id":"https:\/\/shopatoa.com\/ro\/foreo-iris-2-aparat-de-masaj-pentru-zona-ochilor-mint\/#breadcrumb","itemListElement":[{"@type":"ListItem","position":1,"name":"Dom\u016f","item":"https:\/\/shopatoa.com\/ro\/"},{"@type":"ListItem","position":2,"name":"Shop","item":"https:\/\/shopatoa.com\/ro\/shop\/"},{"@type":"ListItem","position":3,"name":"Cosmetice","item":"https:\/\/shopatoa.com\/ro\/cosmetice\/"},{"@type":"ListItem","position":4,"name":"Produse cosmetice pentru piele","item":"https:\/\/shopatoa.com\/ro\/produse-cosmetice-pentru-piele\/"},{"@type":"ListItem","position":5,"name":"Dispozitive cosmetice pentru \u00eengrijirea pielii","item":"https:\/\/shopatoa.com\/ro\/dispozitive-cosmetice-pentru-ingrijirea-pielii\/"},{"@type":"ListItem","position":6,"name":"Dispozitive anti-imb\u0103tr\u00e2nire","item":"https:\/\/shopatoa.com\/ro\/dispozitive-anti-imbatranire\/"},{"@type":"ListItem","position":7,"name":"Foreo IRIS\u2122 2 Aparat de masaj pentru zona ochilor Mint"}]},{"@type":"WebSite","@id":"https:\/\/shopatoa.com\/ro\/#website","url":"https:\/\/shopatoa.com\/ro\/","name":"SHOPATOA","description":"","publisher":{"@id":"https:\/\/shopatoa.com\/ro\/#organization"},"potentialAction":[{"@type":"SearchAction","target":{"@type":"EntryPoint","urlTemplate":"https:\/\/shopatoa.com\/ro\/?s={search_term_string}"},"query-input":{"@type":"PropertyValueSpecification","valueRequired":true,"valueName":"search_term_string"}}],"inLanguage":"ro-RO"},{"@type":"Organization","@id":"https:\/\/shopatoa.com\/ro\/#organization","name":"SHOPATOA","url":"https:\/\/shopatoa.com\/ro\/","logo":{"@type":"ImageObject","inLanguage":"ro-RO","@id":"https:\/\/shopatoa.com\/ro\/#\/schema\/logo\/image\/","url":"https:\/\/storage.googleapis.com\/cz-shopatoa-img\/ro\/b4dac915-shopatoa_logo.png","contentUrl":"https:\/\/storage.googleapis.com\/cz-shopatoa-img\/ro\/b4dac915-shopatoa_logo.png","width":416,"height":63,"caption":"SHOPATOA"},"image":{"@id":"https:\/\/shopatoa.com\/ro\/#\/schema\/logo\/image\/"}}]}},"_links":{"self":[{"href":"https:\/\/shopatoa.com\/ro\/wp-json\/wp\/v2\/product\/334934","targetHints":{"allow":["GET"]}}],"collection":[{"href":"https:\/\/shopatoa.com\/ro\/wp-json\/wp\/v2\/product"}],"about":[{"href":"https:\/\/shopatoa.com\/ro\/wp-json\/wp\/v2\/types\/product"}],"replies":[{"embeddable":true,"href":"https:\/\/shopatoa.com\/ro\/wp-json\/wp\/v2\/comments?post=334934"}],"wp:featuredmedia":[{"embeddable":true,"href":"https:\/\/shopatoa.com\/ro\/wp-json\/wp\/v2\/media\/334935"}],"wp:attachment":[{"href":"https:\/\/shopatoa.com\/ro\/wp-json\/wp\/v2\/media?parent=334934"}],"wp:term":[{"taxonomy":"product_brand","embeddable":true,"href":"https:\/\/shopatoa.com\/ro\/wp-json\/wp\/v2\/product_brand?post=334934"},{"taxonomy":"product_cat","embeddable":true,"href":"https:\/\/shopatoa.com\/ro\/wp-json\/wp\/v2\/product_cat?post=334934"},{"taxonomy":"product_tag","embeddable":true,"href":"https:\/\/shopatoa.com\/ro\/wp-json\/wp\/v2\/product_tag?post=334934"}],"curies":[{"name":"wp","href":"https:\/\/api.w.org\/{rel}","templated":true}]}}