{"id":337227,"date":"2025-05-16T00:40:58","date_gmt":"2025-05-15T22:40:58","guid":{"rendered":"https:\/\/shopatoa.com\/ro\/collistar-spray-pentru-bronzare-spf-10-moisturizing-tanning-spray-200-ml\/"},"modified":"2025-05-16T23:38:53","modified_gmt":"2025-05-16T21:38:53","slug":"collistar-spray-pentru-bronzare-spf-10-moisturizing-tanning-spray-200-ml","status":"publish","type":"product","link":"https:\/\/shopatoa.com\/ro\/collistar-spray-pentru-bronzare-spf-10-moisturizing-tanning-spray-200-ml\/","title":{"rendered":"Collistar Spray pentru bronzare SPF 10 (Moisturizing Tanning Spray) 200 ml"},"content":{"rendered":"<p>Sprayul de bronzare SPF 10 ofer\u0103 o protec\u021bie suficient\u0103 \u00eempotriva razelor solare periculoase. Este rezistent la ap\u0103, sus\u021bine procesul natural de bronzare \u0219i ofer\u0103 pielii hidratarea necesar\u0103. Cu ajutorul s\u0103u ob\u021bine\u021bi un bronz frumos \u0219i perfect. Veti aprecia, de asemenea, doza practic\u0103 la 360\u00b0, care permite aplicarea rapid\u0103 \u0219i perfect\u0103 pe \u00eentregul corp, inclusiv a zonelor mai dificil de atins. Dup\u0103 pulverizare, sprayul se usuc\u0103 instantaneu lasand pielea incredibil de moale, supl\u0103 \u0219i hidratat\u0103.<\/p>\n","protected":false},"excerpt":{"rendered":"<p>Sprayul de bronzare SPF 10 ofer\u0103 o protec\u021bie suficient\u0103 \u00eempotriva razelor solare periculoase. Este rezistent la ap\u0103, sus\u021bine procesul natural de bronzare \u0219i ofer\u0103 pielii hidratarea necesar\u0103. Cu ajutorul s\u0103u ob\u021bine\u021bi un bronz frumos \u0219i perfect. Veti aprecia, de asemenea, doza practic\u0103 la 360\u00b0, care permite aplicarea rapid\u0103 \u0219i perfect\u0103 pe \u00eentregul corp, inclusiv a&#8230;<\/p>\n","protected":false},"featured_media":337228,"comment_status":"closed","ping_status":"open","template":"","meta":{"_acf_changed":false,"_kadence_starter_templates_imported_post":false,"_kad_post_transparent":"","_kad_post_title":"","_kad_post_layout":"","_kad_post_sidebar_id":"","_kad_post_content_style":"","_kad_post_vertical_padding":"","_kad_post_feature":"","_kad_post_feature_position":"","_kad_post_header":false,"_kad_post_footer":false,"_kad_post_classname":""},"product_brand":[240],"product_cat":[246,642,643],"product_tag":[],"class_list":{"0":"post-337227","1":"product","2":"type-product","3":"status-publish","4":"has-post-thumbnail","6":"product_brand-collistar","7":"product_cat-cosmetice","8":"product_cat-cosmetice-de-protectie-solara","9":"product_cat-produse-pentru-bronzare","11":"first","12":"instock","13":"product-type-external","14":"entry","15":"content-bg","16":"loop-entry"},"acf":[],"yoast_head":"<!-- This site is optimized with the Yoast SEO plugin v27.3 - https:\/\/yoast.com\/product\/yoast-seo-wordpress\/ -->\n<title>Collistar Spray pentru bronzare SPF 10 (Moisturizing Tanning Spray) 200 ml - SHOPATOA.COM<\/title>\n<meta name=\"robots\" content=\"index, follow, max-snippet:-1, max-image-preview:large, max-video-preview:-1\" \/>\n<link rel=\"canonical\" href=\"https:\/\/shopatoa.com\/ro\/collistar-spray-pentru-bronzare-spf-10-moisturizing-tanning-spray-200-ml\/\" \/>\n<meta property=\"og:locale\" content=\"ro_RO\" \/>\n<meta property=\"og:type\" content=\"article\" \/>\n<meta property=\"og:title\" content=\"Collistar Spray pentru bronzare SPF 10 (Moisturizing Tanning Spray) 200 ml - SHOPATOA.COM\" \/>\n<meta property=\"og:description\" content=\"Sprayul de bronzare SPF 10 ofer\u0103 o protec\u021bie suficient\u0103 \u00eempotriva razelor solare periculoase. Este rezistent la ap\u0103, sus\u021bine procesul natural de bronzare \u0219i ofer\u0103 pielii hidratarea necesar\u0103. Cu ajutorul s\u0103u ob\u021bine\u021bi un bronz frumos \u0219i perfect. Veti aprecia, de asemenea, doza practic\u0103 la 360\u00b0, care permite aplicarea rapid\u0103 \u0219i perfect\u0103 pe \u00eentregul corp, inclusiv a...\" \/>\n<meta property=\"og:url\" content=\"https:\/\/shopatoa.com\/ro\/collistar-spray-pentru-bronzare-spf-10-moisturizing-tanning-spray-200-ml\/\" \/>\n<meta property=\"og:site_name\" content=\"SHOPATOA\" \/>\n<meta property=\"article:modified_time\" content=\"2025-05-16T21:38:53+00:00\" \/>\n<meta property=\"og:image\" content=\"https:\/\/storage.googleapis.com\/cz-shopatoa-img\/ro\/a52a8d25-unnamed-file.webp\" \/>\n\t<meta property=\"og:image:width\" content=\"800\" \/>\n\t<meta property=\"og:image:height\" content=\"800\" \/>\n\t<meta property=\"og:image:type\" content=\"image\/webp\" \/>\n<meta name=\"twitter:card\" content=\"summary_large_image\" \/>\n<script type=\"application\/ld+json\" class=\"yoast-schema-graph\">{\"@context\":\"https:\\\/\\\/schema.org\",\"@graph\":[{\"@type\":\"WebPage\",\"@id\":\"https:\\\/\\\/shopatoa.com\\\/ro\\\/collistar-spray-pentru-bronzare-spf-10-moisturizing-tanning-spray-200-ml\\\/\",\"url\":\"https:\\\/\\\/shopatoa.com\\\/ro\\\/collistar-spray-pentru-bronzare-spf-10-moisturizing-tanning-spray-200-ml\\\/\",\"name\":\"Collistar Spray pentru bronzare SPF 10 (Moisturizing Tanning Spray) 200 ml - SHOPATOA.COM\",\"isPartOf\":{\"@id\":\"https:\\\/\\\/shopatoa.com\\\/ro\\\/#website\"},\"primaryImageOfPage\":{\"@id\":\"https:\\\/\\\/shopatoa.com\\\/ro\\\/collistar-spray-pentru-bronzare-spf-10-moisturizing-tanning-spray-200-ml\\\/#primaryimage\"},\"image\":{\"@id\":\"https:\\\/\\\/shopatoa.com\\\/ro\\\/collistar-spray-pentru-bronzare-spf-10-moisturizing-tanning-spray-200-ml\\\/#primaryimage\"},\"thumbnailUrl\":\"https:\\\/\\\/storage.googleapis.com\\\/cz-shopatoa-img\\\/ro\\\/a52a8d25-unnamed-file.webp\",\"datePublished\":\"2025-05-15T22:40:58+00:00\",\"dateModified\":\"2025-05-16T21:38:53+00:00\",\"breadcrumb\":{\"@id\":\"https:\\\/\\\/shopatoa.com\\\/ro\\\/collistar-spray-pentru-bronzare-spf-10-moisturizing-tanning-spray-200-ml\\\/#breadcrumb\"},\"inLanguage\":\"ro-RO\",\"potentialAction\":[{\"@type\":\"ReadAction\",\"target\":[\"https:\\\/\\\/shopatoa.com\\\/ro\\\/collistar-spray-pentru-bronzare-spf-10-moisturizing-tanning-spray-200-ml\\\/\"]}]},{\"@type\":\"ImageObject\",\"inLanguage\":\"ro-RO\",\"@id\":\"https:\\\/\\\/shopatoa.com\\\/ro\\\/collistar-spray-pentru-bronzare-spf-10-moisturizing-tanning-spray-200-ml\\\/#primaryimage\",\"url\":\"https:\\\/\\\/storage.googleapis.com\\\/cz-shopatoa-img\\\/ro\\\/a52a8d25-unnamed-file.webp\",\"contentUrl\":\"https:\\\/\\\/storage.googleapis.com\\\/cz-shopatoa-img\\\/ro\\\/a52a8d25-unnamed-file.webp\",\"width\":800,\"height\":800},{\"@type\":\"BreadcrumbList\",\"@id\":\"https:\\\/\\\/shopatoa.com\\\/ro\\\/collistar-spray-pentru-bronzare-spf-10-moisturizing-tanning-spray-200-ml\\\/#breadcrumb\",\"itemListElement\":[{\"@type\":\"ListItem\",\"position\":1,\"name\":\"Dom\u016f\",\"item\":\"https:\\\/\\\/shopatoa.com\\\/ro\\\/\"},{\"@type\":\"ListItem\",\"position\":2,\"name\":\"Shop\",\"item\":\"https:\\\/\\\/shopatoa.com\\\/ro\\\/shop\\\/\"},{\"@type\":\"ListItem\",\"position\":3,\"name\":\"Cosmetice\",\"item\":\"https:\\\/\\\/shopatoa.com\\\/ro\\\/cosmetice\\\/\"},{\"@type\":\"ListItem\",\"position\":4,\"name\":\"Cosmetice de protec\u021bie solar\u0103\",\"item\":\"https:\\\/\\\/shopatoa.com\\\/ro\\\/cosmetice-de-protectie-solara\\\/\"},{\"@type\":\"ListItem\",\"position\":5,\"name\":\"Produse pentru bronzare\",\"item\":\"https:\\\/\\\/shopatoa.com\\\/ro\\\/produse-pentru-bronzare\\\/\"},{\"@type\":\"ListItem\",\"position\":6,\"name\":\"Collistar Spray pentru bronzare SPF 10 (Moisturizing Tanning Spray) 200 ml\"}]},{\"@type\":\"WebSite\",\"@id\":\"https:\\\/\\\/shopatoa.com\\\/ro\\\/#website\",\"url\":\"https:\\\/\\\/shopatoa.com\\\/ro\\\/\",\"name\":\"SHOPATOA\",\"description\":\"\",\"publisher\":{\"@id\":\"https:\\\/\\\/shopatoa.com\\\/ro\\\/#organization\"},\"potentialAction\":[{\"@type\":\"SearchAction\",\"target\":{\"@type\":\"EntryPoint\",\"urlTemplate\":\"https:\\\/\\\/shopatoa.com\\\/ro\\\/?s={search_term_string}\"},\"query-input\":{\"@type\":\"PropertyValueSpecification\",\"valueRequired\":true,\"valueName\":\"search_term_string\"}}],\"inLanguage\":\"ro-RO\"},{\"@type\":\"Organization\",\"@id\":\"https:\\\/\\\/shopatoa.com\\\/ro\\\/#organization\",\"name\":\"SHOPATOA\",\"url\":\"https:\\\/\\\/shopatoa.com\\\/ro\\\/\",\"logo\":{\"@type\":\"ImageObject\",\"inLanguage\":\"ro-RO\",\"@id\":\"https:\\\/\\\/shopatoa.com\\\/ro\\\/#\\\/schema\\\/logo\\\/image\\\/\",\"url\":\"https:\\\/\\\/storage.googleapis.com\\\/cz-shopatoa-img\\\/ro\\\/b4dac915-shopatoa_logo.png\",\"contentUrl\":\"https:\\\/\\\/storage.googleapis.com\\\/cz-shopatoa-img\\\/ro\\\/b4dac915-shopatoa_logo.png\",\"width\":416,\"height\":63,\"caption\":\"SHOPATOA\"},\"image\":{\"@id\":\"https:\\\/\\\/shopatoa.com\\\/ro\\\/#\\\/schema\\\/logo\\\/image\\\/\"}}]}<\/script>\n<!-- \/ Yoast SEO plugin. -->","yoast_head_json":{"title":"Collistar Spray pentru bronzare SPF 10 (Moisturizing Tanning Spray) 200 ml - SHOPATOA.COM","robots":{"index":"index","follow":"follow","max-snippet":"max-snippet:-1","max-image-preview":"max-image-preview:large","max-video-preview":"max-video-preview:-1"},"canonical":"https:\/\/shopatoa.com\/ro\/collistar-spray-pentru-bronzare-spf-10-moisturizing-tanning-spray-200-ml\/","og_locale":"ro_RO","og_type":"article","og_title":"Collistar Spray pentru bronzare SPF 10 (Moisturizing Tanning Spray) 200 ml - SHOPATOA.COM","og_description":"Sprayul de bronzare SPF 10 ofer\u0103 o protec\u021bie suficient\u0103 \u00eempotriva razelor solare periculoase. Este rezistent la ap\u0103, sus\u021bine procesul natural de bronzare \u0219i ofer\u0103 pielii hidratarea necesar\u0103. Cu ajutorul s\u0103u ob\u021bine\u021bi un bronz frumos \u0219i perfect. Veti aprecia, de asemenea, doza practic\u0103 la 360\u00b0, care permite aplicarea rapid\u0103 \u0219i perfect\u0103 pe \u00eentregul corp, inclusiv a...","og_url":"https:\/\/shopatoa.com\/ro\/collistar-spray-pentru-bronzare-spf-10-moisturizing-tanning-spray-200-ml\/","og_site_name":"SHOPATOA","article_modified_time":"2025-05-16T21:38:53+00:00","og_image":[{"width":800,"height":800,"url":"https:\/\/storage.googleapis.com\/cz-shopatoa-img\/ro\/a52a8d25-unnamed-file.webp","type":"image\/webp"}],"twitter_card":"summary_large_image","schema":{"@context":"https:\/\/schema.org","@graph":[{"@type":"WebPage","@id":"https:\/\/shopatoa.com\/ro\/collistar-spray-pentru-bronzare-spf-10-moisturizing-tanning-spray-200-ml\/","url":"https:\/\/shopatoa.com\/ro\/collistar-spray-pentru-bronzare-spf-10-moisturizing-tanning-spray-200-ml\/","name":"Collistar Spray pentru bronzare SPF 10 (Moisturizing Tanning Spray) 200 ml - SHOPATOA.COM","isPartOf":{"@id":"https:\/\/shopatoa.com\/ro\/#website"},"primaryImageOfPage":{"@id":"https:\/\/shopatoa.com\/ro\/collistar-spray-pentru-bronzare-spf-10-moisturizing-tanning-spray-200-ml\/#primaryimage"},"image":{"@id":"https:\/\/shopatoa.com\/ro\/collistar-spray-pentru-bronzare-spf-10-moisturizing-tanning-spray-200-ml\/#primaryimage"},"thumbnailUrl":"https:\/\/storage.googleapis.com\/cz-shopatoa-img\/ro\/a52a8d25-unnamed-file.webp","datePublished":"2025-05-15T22:40:58+00:00","dateModified":"2025-05-16T21:38:53+00:00","breadcrumb":{"@id":"https:\/\/shopatoa.com\/ro\/collistar-spray-pentru-bronzare-spf-10-moisturizing-tanning-spray-200-ml\/#breadcrumb"},"inLanguage":"ro-RO","potentialAction":[{"@type":"ReadAction","target":["https:\/\/shopatoa.com\/ro\/collistar-spray-pentru-bronzare-spf-10-moisturizing-tanning-spray-200-ml\/"]}]},{"@type":"ImageObject","inLanguage":"ro-RO","@id":"https:\/\/shopatoa.com\/ro\/collistar-spray-pentru-bronzare-spf-10-moisturizing-tanning-spray-200-ml\/#primaryimage","url":"https:\/\/storage.googleapis.com\/cz-shopatoa-img\/ro\/a52a8d25-unnamed-file.webp","contentUrl":"https:\/\/storage.googleapis.com\/cz-shopatoa-img\/ro\/a52a8d25-unnamed-file.webp","width":800,"height":800},{"@type":"BreadcrumbList","@id":"https:\/\/shopatoa.com\/ro\/collistar-spray-pentru-bronzare-spf-10-moisturizing-tanning-spray-200-ml\/#breadcrumb","itemListElement":[{"@type":"ListItem","position":1,"name":"Dom\u016f","item":"https:\/\/shopatoa.com\/ro\/"},{"@type":"ListItem","position":2,"name":"Shop","item":"https:\/\/shopatoa.com\/ro\/shop\/"},{"@type":"ListItem","position":3,"name":"Cosmetice","item":"https:\/\/shopatoa.com\/ro\/cosmetice\/"},{"@type":"ListItem","position":4,"name":"Cosmetice de protec\u021bie solar\u0103","item":"https:\/\/shopatoa.com\/ro\/cosmetice-de-protectie-solara\/"},{"@type":"ListItem","position":5,"name":"Produse pentru bronzare","item":"https:\/\/shopatoa.com\/ro\/produse-pentru-bronzare\/"},{"@type":"ListItem","position":6,"name":"Collistar Spray pentru bronzare SPF 10 (Moisturizing Tanning Spray) 200 ml"}]},{"@type":"WebSite","@id":"https:\/\/shopatoa.com\/ro\/#website","url":"https:\/\/shopatoa.com\/ro\/","name":"SHOPATOA","description":"","publisher":{"@id":"https:\/\/shopatoa.com\/ro\/#organization"},"potentialAction":[{"@type":"SearchAction","target":{"@type":"EntryPoint","urlTemplate":"https:\/\/shopatoa.com\/ro\/?s={search_term_string}"},"query-input":{"@type":"PropertyValueSpecification","valueRequired":true,"valueName":"search_term_string"}}],"inLanguage":"ro-RO"},{"@type":"Organization","@id":"https:\/\/shopatoa.com\/ro\/#organization","name":"SHOPATOA","url":"https:\/\/shopatoa.com\/ro\/","logo":{"@type":"ImageObject","inLanguage":"ro-RO","@id":"https:\/\/shopatoa.com\/ro\/#\/schema\/logo\/image\/","url":"https:\/\/storage.googleapis.com\/cz-shopatoa-img\/ro\/b4dac915-shopatoa_logo.png","contentUrl":"https:\/\/storage.googleapis.com\/cz-shopatoa-img\/ro\/b4dac915-shopatoa_logo.png","width":416,"height":63,"caption":"SHOPATOA"},"image":{"@id":"https:\/\/shopatoa.com\/ro\/#\/schema\/logo\/image\/"}}]}},"_links":{"self":[{"href":"https:\/\/shopatoa.com\/ro\/wp-json\/wp\/v2\/product\/337227","targetHints":{"allow":["GET"]}}],"collection":[{"href":"https:\/\/shopatoa.com\/ro\/wp-json\/wp\/v2\/product"}],"about":[{"href":"https:\/\/shopatoa.com\/ro\/wp-json\/wp\/v2\/types\/product"}],"replies":[{"embeddable":true,"href":"https:\/\/shopatoa.com\/ro\/wp-json\/wp\/v2\/comments?post=337227"}],"wp:featuredmedia":[{"embeddable":true,"href":"https:\/\/shopatoa.com\/ro\/wp-json\/wp\/v2\/media\/337228"}],"wp:attachment":[{"href":"https:\/\/shopatoa.com\/ro\/wp-json\/wp\/v2\/media?parent=337227"}],"wp:term":[{"taxonomy":"product_brand","embeddable":true,"href":"https:\/\/shopatoa.com\/ro\/wp-json\/wp\/v2\/product_brand?post=337227"},{"taxonomy":"product_cat","embeddable":true,"href":"https:\/\/shopatoa.com\/ro\/wp-json\/wp\/v2\/product_cat?post=337227"},{"taxonomy":"product_tag","embeddable":true,"href":"https:\/\/shopatoa.com\/ro\/wp-json\/wp\/v2\/product_tag?post=337227"}],"curies":[{"name":"wp","href":"https:\/\/api.w.org\/{rel}","templated":true}]}}