{"id":337505,"date":"2025-05-16T01:27:28","date_gmt":"2025-05-15T23:27:28","guid":{"rendered":"https:\/\/shopatoa.com\/ro\/oral-b-periuta-de-dinti-electrica-series-io-3-blush-pink\/"},"modified":"2025-05-17T00:15:59","modified_gmt":"2025-05-16T22:15:59","slug":"oral-b-periuta-de-dinti-electrica-series-io-3-blush-pink","status":"publish","type":"product","link":"https:\/\/shopatoa.com\/ro\/oral-b-periuta-de-dinti-electrica-series-io-3-blush-pink\/","title":{"rendered":"Oral B Periu\u021b\u0103 de din\u021bi electric\u0103 Series iO 3 Blush Pink"},"content":{"rendered":"<p>Periu\u021ba de din\u021bi electric\u0103 iO 3 roz dispune de cea mai bun\u0103 tehnologie de la Oral-B. Acesta combin\u0103 un cap de perie rotund inspirat de stomatolog cu filamente cu micro-vibra\u021bii delicate pentru o senza\u021bie de cur\u0103\u021bare profesional\u0103 \u00een confortul casei dvs. Un senzor inteligent de presiune v\u0103 ajut\u0103 s\u0103 nu \u00eempinge\u021bi prea tare sau prea pu\u021bin atunci c\u00e2nd peria\u021bi, protej\u00e2ndu-v\u0103 gingiile. Tehnologia de protec\u021bie a gingiilor v\u0103 alerteaz\u0103 dac\u0103 ap\u0103sa\u021bi prea tare pe periu\u021ba de din\u021bi. Pentru cele mai bune rezultate, \u00eenlocui\u021bi capul periei Oral-B iO la fiecare 3 luni cu unul nou.<\/p>\n","protected":false},"excerpt":{"rendered":"<p>Periu\u021ba de din\u021bi electric\u0103 iO 3 roz dispune de cea mai bun\u0103 tehnologie de la Oral-B. Acesta combin\u0103 un cap de perie rotund inspirat de stomatolog cu filamente cu micro-vibra\u021bii delicate pentru o senza\u021bie de cur\u0103\u021bare profesional\u0103 \u00een confortul casei dvs. Un senzor inteligent de presiune v\u0103 ajut\u0103 s\u0103 nu \u00eempinge\u021bi prea tare sau prea&#8230;<\/p>\n","protected":false},"featured_media":337506,"comment_status":"closed","ping_status":"open","template":"","meta":{"_acf_changed":false,"_kadence_starter_templates_imported_post":false,"_kad_post_transparent":"","_kad_post_title":"","_kad_post_layout":"","_kad_post_sidebar_id":"","_kad_post_content_style":"","_kad_post_vertical_padding":"","_kad_post_feature":"","_kad_post_feature_position":"","_kad_post_header":false,"_kad_post_footer":false,"_kad_post_classname":""},"product_brand":[290],"product_cat":[246,709,764],"product_tag":[],"class_list":{"0":"post-337505","1":"product","2":"type-product","3":"status-publish","4":"has-post-thumbnail","6":"product_brand-oral-b","7":"product_cat-cosmetice","8":"product_cat-ingrijirea-dentara","9":"product_cat-periute-de-dinti-electrice","11":"first","12":"instock","13":"product-type-external","14":"entry","15":"content-bg","16":"loop-entry"},"acf":[],"yoast_head":"<!-- This site is optimized with the Yoast SEO plugin v27.4 - https:\/\/yoast.com\/product\/yoast-seo-wordpress\/ -->\n<title>Oral B Periu\u021b\u0103 de din\u021bi electric\u0103 Series iO 3 Blush Pink - SHOPATOA.COM<\/title>\n<meta name=\"robots\" content=\"index, follow, max-snippet:-1, max-image-preview:large, max-video-preview:-1\" \/>\n<link rel=\"canonical\" href=\"https:\/\/shopatoa.com\/ro\/oral-b-periuta-de-dinti-electrica-series-io-3-blush-pink\/\" \/>\n<meta property=\"og:locale\" content=\"ro_RO\" \/>\n<meta property=\"og:type\" content=\"article\" \/>\n<meta property=\"og:title\" content=\"Oral B Periu\u021b\u0103 de din\u021bi electric\u0103 Series iO 3 Blush Pink - SHOPATOA.COM\" \/>\n<meta property=\"og:description\" content=\"Periu\u021ba de din\u021bi electric\u0103 iO 3 roz dispune de cea mai bun\u0103 tehnologie de la Oral-B. Acesta combin\u0103 un cap de perie rotund inspirat de stomatolog cu filamente cu micro-vibra\u021bii delicate pentru o senza\u021bie de cur\u0103\u021bare profesional\u0103 \u00een confortul casei dvs. Un senzor inteligent de presiune v\u0103 ajut\u0103 s\u0103 nu \u00eempinge\u021bi prea tare sau prea...\" \/>\n<meta property=\"og:url\" content=\"https:\/\/shopatoa.com\/ro\/oral-b-periuta-de-dinti-electrica-series-io-3-blush-pink\/\" \/>\n<meta property=\"og:site_name\" content=\"SHOPATOA\" \/>\n<meta property=\"article:modified_time\" content=\"2025-05-16T22:15:59+00:00\" \/>\n<meta property=\"og:image\" content=\"https:\/\/storage.googleapis.com\/cz-shopatoa-img\/ro\/82944442-unnamed-file.webp\" \/>\n\t<meta property=\"og:image:width\" content=\"800\" \/>\n\t<meta property=\"og:image:height\" content=\"800\" \/>\n\t<meta property=\"og:image:type\" content=\"image\/webp\" \/>\n<meta name=\"twitter:card\" content=\"summary_large_image\" \/>\n<meta name=\"twitter:label1\" content=\"Timp estimat pentru citire\" \/>\n\t<meta name=\"twitter:data1\" content=\"1 minut\" \/>\n<script type=\"application\/ld+json\" class=\"yoast-schema-graph\">{\"@context\":\"https:\\\/\\\/schema.org\",\"@graph\":[{\"@type\":\"WebPage\",\"@id\":\"https:\\\/\\\/shopatoa.com\\\/ro\\\/oral-b-periuta-de-dinti-electrica-series-io-3-blush-pink\\\/\",\"url\":\"https:\\\/\\\/shopatoa.com\\\/ro\\\/oral-b-periuta-de-dinti-electrica-series-io-3-blush-pink\\\/\",\"name\":\"Oral B Periu\u021b\u0103 de din\u021bi electric\u0103 Series iO 3 Blush Pink - SHOPATOA.COM\",\"isPartOf\":{\"@id\":\"https:\\\/\\\/shopatoa.com\\\/ro\\\/#website\"},\"primaryImageOfPage\":{\"@id\":\"https:\\\/\\\/shopatoa.com\\\/ro\\\/oral-b-periuta-de-dinti-electrica-series-io-3-blush-pink\\\/#primaryimage\"},\"image\":{\"@id\":\"https:\\\/\\\/shopatoa.com\\\/ro\\\/oral-b-periuta-de-dinti-electrica-series-io-3-blush-pink\\\/#primaryimage\"},\"thumbnailUrl\":\"https:\\\/\\\/storage.googleapis.com\\\/cz-shopatoa-img\\\/ro\\\/82944442-unnamed-file.webp\",\"datePublished\":\"2025-05-15T23:27:28+00:00\",\"dateModified\":\"2025-05-16T22:15:59+00:00\",\"breadcrumb\":{\"@id\":\"https:\\\/\\\/shopatoa.com\\\/ro\\\/oral-b-periuta-de-dinti-electrica-series-io-3-blush-pink\\\/#breadcrumb\"},\"inLanguage\":\"ro-RO\",\"potentialAction\":[{\"@type\":\"ReadAction\",\"target\":[\"https:\\\/\\\/shopatoa.com\\\/ro\\\/oral-b-periuta-de-dinti-electrica-series-io-3-blush-pink\\\/\"]}]},{\"@type\":\"ImageObject\",\"inLanguage\":\"ro-RO\",\"@id\":\"https:\\\/\\\/shopatoa.com\\\/ro\\\/oral-b-periuta-de-dinti-electrica-series-io-3-blush-pink\\\/#primaryimage\",\"url\":\"https:\\\/\\\/storage.googleapis.com\\\/cz-shopatoa-img\\\/ro\\\/82944442-unnamed-file.webp\",\"contentUrl\":\"https:\\\/\\\/storage.googleapis.com\\\/cz-shopatoa-img\\\/ro\\\/82944442-unnamed-file.webp\",\"width\":800,\"height\":800},{\"@type\":\"BreadcrumbList\",\"@id\":\"https:\\\/\\\/shopatoa.com\\\/ro\\\/oral-b-periuta-de-dinti-electrica-series-io-3-blush-pink\\\/#breadcrumb\",\"itemListElement\":[{\"@type\":\"ListItem\",\"position\":1,\"name\":\"Dom\u016f\",\"item\":\"https:\\\/\\\/shopatoa.com\\\/ro\\\/\"},{\"@type\":\"ListItem\",\"position\":2,\"name\":\"Shop\",\"item\":\"https:\\\/\\\/shopatoa.com\\\/ro\\\/shop\\\/\"},{\"@type\":\"ListItem\",\"position\":3,\"name\":\"Cosmetice\",\"item\":\"https:\\\/\\\/shopatoa.com\\\/ro\\\/cosmetice\\\/\"},{\"@type\":\"ListItem\",\"position\":4,\"name\":\"\u00cengrijirea dentar\u0103\",\"item\":\"https:\\\/\\\/shopatoa.com\\\/ro\\\/ingrijirea-dentara\\\/\"},{\"@type\":\"ListItem\",\"position\":5,\"name\":\"Periu\u021be de din\u021bi electrice\",\"item\":\"https:\\\/\\\/shopatoa.com\\\/ro\\\/periute-de-dinti-electrice\\\/\"},{\"@type\":\"ListItem\",\"position\":6,\"name\":\"Oral B Periu\u021b\u0103 de din\u021bi electric\u0103 Series iO 3 Blush Pink\"}]},{\"@type\":\"WebSite\",\"@id\":\"https:\\\/\\\/shopatoa.com\\\/ro\\\/#website\",\"url\":\"https:\\\/\\\/shopatoa.com\\\/ro\\\/\",\"name\":\"SHOPATOA\",\"description\":\"\",\"publisher\":{\"@id\":\"https:\\\/\\\/shopatoa.com\\\/ro\\\/#organization\"},\"potentialAction\":[{\"@type\":\"SearchAction\",\"target\":{\"@type\":\"EntryPoint\",\"urlTemplate\":\"https:\\\/\\\/shopatoa.com\\\/ro\\\/?s={search_term_string}\"},\"query-input\":{\"@type\":\"PropertyValueSpecification\",\"valueRequired\":true,\"valueName\":\"search_term_string\"}}],\"inLanguage\":\"ro-RO\"},{\"@type\":\"Organization\",\"@id\":\"https:\\\/\\\/shopatoa.com\\\/ro\\\/#organization\",\"name\":\"SHOPATOA\",\"url\":\"https:\\\/\\\/shopatoa.com\\\/ro\\\/\",\"logo\":{\"@type\":\"ImageObject\",\"inLanguage\":\"ro-RO\",\"@id\":\"https:\\\/\\\/shopatoa.com\\\/ro\\\/#\\\/schema\\\/logo\\\/image\\\/\",\"url\":\"https:\\\/\\\/storage.googleapis.com\\\/cz-shopatoa-img\\\/ro\\\/b4dac915-shopatoa_logo.png\",\"contentUrl\":\"https:\\\/\\\/storage.googleapis.com\\\/cz-shopatoa-img\\\/ro\\\/b4dac915-shopatoa_logo.png\",\"width\":416,\"height\":63,\"caption\":\"SHOPATOA\"},\"image\":{\"@id\":\"https:\\\/\\\/shopatoa.com\\\/ro\\\/#\\\/schema\\\/logo\\\/image\\\/\"}}]}<\/script>\n<!-- \/ Yoast SEO plugin. -->","yoast_head_json":{"title":"Oral B Periu\u021b\u0103 de din\u021bi electric\u0103 Series iO 3 Blush Pink - SHOPATOA.COM","robots":{"index":"index","follow":"follow","max-snippet":"max-snippet:-1","max-image-preview":"max-image-preview:large","max-video-preview":"max-video-preview:-1"},"canonical":"https:\/\/shopatoa.com\/ro\/oral-b-periuta-de-dinti-electrica-series-io-3-blush-pink\/","og_locale":"ro_RO","og_type":"article","og_title":"Oral B Periu\u021b\u0103 de din\u021bi electric\u0103 Series iO 3 Blush Pink - SHOPATOA.COM","og_description":"Periu\u021ba de din\u021bi electric\u0103 iO 3 roz dispune de cea mai bun\u0103 tehnologie de la Oral-B. Acesta combin\u0103 un cap de perie rotund inspirat de stomatolog cu filamente cu micro-vibra\u021bii delicate pentru o senza\u021bie de cur\u0103\u021bare profesional\u0103 \u00een confortul casei dvs. Un senzor inteligent de presiune v\u0103 ajut\u0103 s\u0103 nu \u00eempinge\u021bi prea tare sau prea...","og_url":"https:\/\/shopatoa.com\/ro\/oral-b-periuta-de-dinti-electrica-series-io-3-blush-pink\/","og_site_name":"SHOPATOA","article_modified_time":"2025-05-16T22:15:59+00:00","og_image":[{"width":800,"height":800,"url":"https:\/\/storage.googleapis.com\/cz-shopatoa-img\/ro\/82944442-unnamed-file.webp","type":"image\/webp"}],"twitter_card":"summary_large_image","twitter_misc":{"Timp estimat pentru citire":"1 minut"},"schema":{"@context":"https:\/\/schema.org","@graph":[{"@type":"WebPage","@id":"https:\/\/shopatoa.com\/ro\/oral-b-periuta-de-dinti-electrica-series-io-3-blush-pink\/","url":"https:\/\/shopatoa.com\/ro\/oral-b-periuta-de-dinti-electrica-series-io-3-blush-pink\/","name":"Oral B Periu\u021b\u0103 de din\u021bi electric\u0103 Series iO 3 Blush Pink - SHOPATOA.COM","isPartOf":{"@id":"https:\/\/shopatoa.com\/ro\/#website"},"primaryImageOfPage":{"@id":"https:\/\/shopatoa.com\/ro\/oral-b-periuta-de-dinti-electrica-series-io-3-blush-pink\/#primaryimage"},"image":{"@id":"https:\/\/shopatoa.com\/ro\/oral-b-periuta-de-dinti-electrica-series-io-3-blush-pink\/#primaryimage"},"thumbnailUrl":"https:\/\/storage.googleapis.com\/cz-shopatoa-img\/ro\/82944442-unnamed-file.webp","datePublished":"2025-05-15T23:27:28+00:00","dateModified":"2025-05-16T22:15:59+00:00","breadcrumb":{"@id":"https:\/\/shopatoa.com\/ro\/oral-b-periuta-de-dinti-electrica-series-io-3-blush-pink\/#breadcrumb"},"inLanguage":"ro-RO","potentialAction":[{"@type":"ReadAction","target":["https:\/\/shopatoa.com\/ro\/oral-b-periuta-de-dinti-electrica-series-io-3-blush-pink\/"]}]},{"@type":"ImageObject","inLanguage":"ro-RO","@id":"https:\/\/shopatoa.com\/ro\/oral-b-periuta-de-dinti-electrica-series-io-3-blush-pink\/#primaryimage","url":"https:\/\/storage.googleapis.com\/cz-shopatoa-img\/ro\/82944442-unnamed-file.webp","contentUrl":"https:\/\/storage.googleapis.com\/cz-shopatoa-img\/ro\/82944442-unnamed-file.webp","width":800,"height":800},{"@type":"BreadcrumbList","@id":"https:\/\/shopatoa.com\/ro\/oral-b-periuta-de-dinti-electrica-series-io-3-blush-pink\/#breadcrumb","itemListElement":[{"@type":"ListItem","position":1,"name":"Dom\u016f","item":"https:\/\/shopatoa.com\/ro\/"},{"@type":"ListItem","position":2,"name":"Shop","item":"https:\/\/shopatoa.com\/ro\/shop\/"},{"@type":"ListItem","position":3,"name":"Cosmetice","item":"https:\/\/shopatoa.com\/ro\/cosmetice\/"},{"@type":"ListItem","position":4,"name":"\u00cengrijirea dentar\u0103","item":"https:\/\/shopatoa.com\/ro\/ingrijirea-dentara\/"},{"@type":"ListItem","position":5,"name":"Periu\u021be de din\u021bi electrice","item":"https:\/\/shopatoa.com\/ro\/periute-de-dinti-electrice\/"},{"@type":"ListItem","position":6,"name":"Oral B Periu\u021b\u0103 de din\u021bi electric\u0103 Series iO 3 Blush Pink"}]},{"@type":"WebSite","@id":"https:\/\/shopatoa.com\/ro\/#website","url":"https:\/\/shopatoa.com\/ro\/","name":"SHOPATOA","description":"","publisher":{"@id":"https:\/\/shopatoa.com\/ro\/#organization"},"potentialAction":[{"@type":"SearchAction","target":{"@type":"EntryPoint","urlTemplate":"https:\/\/shopatoa.com\/ro\/?s={search_term_string}"},"query-input":{"@type":"PropertyValueSpecification","valueRequired":true,"valueName":"search_term_string"}}],"inLanguage":"ro-RO"},{"@type":"Organization","@id":"https:\/\/shopatoa.com\/ro\/#organization","name":"SHOPATOA","url":"https:\/\/shopatoa.com\/ro\/","logo":{"@type":"ImageObject","inLanguage":"ro-RO","@id":"https:\/\/shopatoa.com\/ro\/#\/schema\/logo\/image\/","url":"https:\/\/storage.googleapis.com\/cz-shopatoa-img\/ro\/b4dac915-shopatoa_logo.png","contentUrl":"https:\/\/storage.googleapis.com\/cz-shopatoa-img\/ro\/b4dac915-shopatoa_logo.png","width":416,"height":63,"caption":"SHOPATOA"},"image":{"@id":"https:\/\/shopatoa.com\/ro\/#\/schema\/logo\/image\/"}}]}},"_links":{"self":[{"href":"https:\/\/shopatoa.com\/ro\/wp-json\/wp\/v2\/product\/337505","targetHints":{"allow":["GET"]}}],"collection":[{"href":"https:\/\/shopatoa.com\/ro\/wp-json\/wp\/v2\/product"}],"about":[{"href":"https:\/\/shopatoa.com\/ro\/wp-json\/wp\/v2\/types\/product"}],"replies":[{"embeddable":true,"href":"https:\/\/shopatoa.com\/ro\/wp-json\/wp\/v2\/comments?post=337505"}],"wp:featuredmedia":[{"embeddable":true,"href":"https:\/\/shopatoa.com\/ro\/wp-json\/wp\/v2\/media\/337506"}],"wp:attachment":[{"href":"https:\/\/shopatoa.com\/ro\/wp-json\/wp\/v2\/media?parent=337505"}],"wp:term":[{"taxonomy":"product_brand","embeddable":true,"href":"https:\/\/shopatoa.com\/ro\/wp-json\/wp\/v2\/product_brand?post=337505"},{"taxonomy":"product_cat","embeddable":true,"href":"https:\/\/shopatoa.com\/ro\/wp-json\/wp\/v2\/product_cat?post=337505"},{"taxonomy":"product_tag","embeddable":true,"href":"https:\/\/shopatoa.com\/ro\/wp-json\/wp\/v2\/product_tag?post=337505"}],"curies":[{"name":"wp","href":"https:\/\/api.w.org\/{rel}","templated":true}]}}