{"id":338064,"date":"2025-05-16T03:08:52","date_gmt":"2025-05-16T01:08:52","guid":{"rendered":"https:\/\/shopatoa.com\/ro\/orientica-cuir-de-orientica-edition-noir-edp-90-ml-2\/"},"modified":"2025-05-17T01:36:41","modified_gmt":"2025-05-16T23:36:41","slug":"orientica-cuir-de-orientica-edition-noir-edp-90-ml-2","status":"publish","type":"product","link":"https:\/\/shopatoa.com\/ro\/orientica-cuir-de-orientica-edition-noir-edp-90-ml-2\/","title":{"rendered":"Orientica Cuir de Orientica Edition Noir &#8211; EDP 90 ml"},"content":{"rendered":"<p>Cuir de Orientica Edition Noir de la marca Orientica este o ap\u0103 de parfum pentru b\u0103rba\u021bi. Descoperi\u021bi-v\u0103 sinele \u00eendr\u0103zne\u021b \u0219i puternic, trezi\u021bi-v\u0103 carisma \u0219i ob\u021bine\u021bi femeia visurilor dvs.! Mirosul irezistibil de mosc, plin de \u00eencredere \u0219i senzualitate, v\u0103 \u00eent\u00e2mpin\u0103 cu o not\u0103 proasp\u0103t\u0103 de citrice, care se combin\u0103 cu acorduri mai tari de elemi. \u00cen inim\u0103, note subtile de crin de vale \u0219i iasomie se combin\u0103 cu note lemnoase, \u00een timp ce ambra, moscul \u0219i patchouli formeaz\u0103 un amestec de lung\u0103 durat\u0103 la baza parfumului, care surprinde perfect b\u0103rbatul care sunte\u021bi. Cuir de Orientica Edition Noir este un simbol al onoarei, puterii \u0219i rezisten\u021bei. Parfumul a fost lansat pe pia\u021b\u0103 \u00een anul 2023.<\/p>\n","protected":false},"excerpt":{"rendered":"<p>Cuir de Orientica Edition Noir de la marca Orientica este o ap\u0103 de parfum pentru b\u0103rba\u021bi. Descoperi\u021bi-v\u0103 sinele \u00eendr\u0103zne\u021b \u0219i puternic, trezi\u021bi-v\u0103 carisma \u0219i ob\u021bine\u021bi femeia visurilor dvs.! Mirosul irezistibil de mosc, plin de \u00eencredere \u0219i senzualitate, v\u0103 \u00eent\u00e2mpin\u0103 cu o not\u0103 proasp\u0103t\u0103 de citrice, care se combin\u0103 cu acorduri mai tari de elemi. \u00cen&#8230;<\/p>\n","protected":false},"featured_media":338065,"comment_status":"closed","ping_status":"open","template":"","meta":{"_acf_changed":false,"_kadence_starter_templates_imported_post":false,"_kad_post_transparent":"","_kad_post_title":"","_kad_post_layout":"","_kad_post_sidebar_id":"","_kad_post_content_style":"","_kad_post_vertical_padding":"","_kad_post_feature":"","_kad_post_feature_position":"","_kad_post_header":false,"_kad_post_footer":false,"_kad_post_classname":""},"product_brand":[992],"product_cat":[619,614],"product_tag":[],"class_list":{"0":"post-338064","1":"product","2":"type-product","3":"status-publish","4":"has-post-thumbnail","6":"product_brand-orientica","7":"product_cat-ape-de-parfum-edp","8":"product_cat-parfumuri","10":"first","11":"instock","12":"product-type-external","13":"entry","14":"content-bg","15":"loop-entry"},"acf":[],"yoast_head":"<!-- This site is optimized with the Yoast SEO plugin v27.4 - https:\/\/yoast.com\/product\/yoast-seo-wordpress\/ -->\n<title>Orientica Cuir de Orientica Edition Noir - EDP 90 ml - SHOPATOA.COM<\/title>\n<meta name=\"robots\" content=\"index, follow, max-snippet:-1, max-image-preview:large, max-video-preview:-1\" \/>\n<link rel=\"canonical\" href=\"https:\/\/shopatoa.com\/ro\/orientica-cuir-de-orientica-edition-noir-edp-90-ml-2\/\" \/>\n<meta property=\"og:locale\" content=\"ro_RO\" \/>\n<meta property=\"og:type\" content=\"article\" \/>\n<meta property=\"og:title\" content=\"Orientica Cuir de Orientica Edition Noir - EDP 90 ml - SHOPATOA.COM\" \/>\n<meta property=\"og:description\" content=\"Cuir de Orientica Edition Noir de la marca Orientica este o ap\u0103 de parfum pentru b\u0103rba\u021bi. Descoperi\u021bi-v\u0103 sinele \u00eendr\u0103zne\u021b \u0219i puternic, trezi\u021bi-v\u0103 carisma \u0219i ob\u021bine\u021bi femeia visurilor dvs.! Mirosul irezistibil de mosc, plin de \u00eencredere \u0219i senzualitate, v\u0103 \u00eent\u00e2mpin\u0103 cu o not\u0103 proasp\u0103t\u0103 de citrice, care se combin\u0103 cu acorduri mai tari de elemi. \u00cen...\" \/>\n<meta property=\"og:url\" content=\"https:\/\/shopatoa.com\/ro\/orientica-cuir-de-orientica-edition-noir-edp-90-ml-2\/\" \/>\n<meta property=\"og:site_name\" content=\"SHOPATOA\" \/>\n<meta property=\"article:modified_time\" content=\"2025-05-16T23:36:41+00:00\" \/>\n<meta property=\"og:image\" content=\"https:\/\/storage.googleapis.com\/cz-shopatoa-img\/ro\/77db5092-unnamed-file.webp\" \/>\n\t<meta property=\"og:image:width\" content=\"800\" \/>\n\t<meta property=\"og:image:height\" content=\"800\" \/>\n\t<meta property=\"og:image:type\" content=\"image\/webp\" \/>\n<meta name=\"twitter:card\" content=\"summary_large_image\" \/>\n<meta name=\"twitter:label1\" content=\"Timp estimat pentru citire\" \/>\n\t<meta name=\"twitter:data1\" content=\"1 minut\" \/>\n<script type=\"application\/ld+json\" class=\"yoast-schema-graph\">{\"@context\":\"https:\\\/\\\/schema.org\",\"@graph\":[{\"@type\":\"WebPage\",\"@id\":\"https:\\\/\\\/shopatoa.com\\\/ro\\\/orientica-cuir-de-orientica-edition-noir-edp-90-ml-2\\\/\",\"url\":\"https:\\\/\\\/shopatoa.com\\\/ro\\\/orientica-cuir-de-orientica-edition-noir-edp-90-ml-2\\\/\",\"name\":\"Orientica Cuir de Orientica Edition Noir - EDP 90 ml - SHOPATOA.COM\",\"isPartOf\":{\"@id\":\"https:\\\/\\\/shopatoa.com\\\/ro\\\/#website\"},\"primaryImageOfPage\":{\"@id\":\"https:\\\/\\\/shopatoa.com\\\/ro\\\/orientica-cuir-de-orientica-edition-noir-edp-90-ml-2\\\/#primaryimage\"},\"image\":{\"@id\":\"https:\\\/\\\/shopatoa.com\\\/ro\\\/orientica-cuir-de-orientica-edition-noir-edp-90-ml-2\\\/#primaryimage\"},\"thumbnailUrl\":\"https:\\\/\\\/storage.googleapis.com\\\/cz-shopatoa-img\\\/ro\\\/77db5092-unnamed-file.webp\",\"datePublished\":\"2025-05-16T01:08:52+00:00\",\"dateModified\":\"2025-05-16T23:36:41+00:00\",\"breadcrumb\":{\"@id\":\"https:\\\/\\\/shopatoa.com\\\/ro\\\/orientica-cuir-de-orientica-edition-noir-edp-90-ml-2\\\/#breadcrumb\"},\"inLanguage\":\"ro-RO\",\"potentialAction\":[{\"@type\":\"ReadAction\",\"target\":[\"https:\\\/\\\/shopatoa.com\\\/ro\\\/orientica-cuir-de-orientica-edition-noir-edp-90-ml-2\\\/\"]}]},{\"@type\":\"ImageObject\",\"inLanguage\":\"ro-RO\",\"@id\":\"https:\\\/\\\/shopatoa.com\\\/ro\\\/orientica-cuir-de-orientica-edition-noir-edp-90-ml-2\\\/#primaryimage\",\"url\":\"https:\\\/\\\/storage.googleapis.com\\\/cz-shopatoa-img\\\/ro\\\/77db5092-unnamed-file.webp\",\"contentUrl\":\"https:\\\/\\\/storage.googleapis.com\\\/cz-shopatoa-img\\\/ro\\\/77db5092-unnamed-file.webp\",\"width\":800,\"height\":800},{\"@type\":\"BreadcrumbList\",\"@id\":\"https:\\\/\\\/shopatoa.com\\\/ro\\\/orientica-cuir-de-orientica-edition-noir-edp-90-ml-2\\\/#breadcrumb\",\"itemListElement\":[{\"@type\":\"ListItem\",\"position\":1,\"name\":\"Dom\u016f\",\"item\":\"https:\\\/\\\/shopatoa.com\\\/ro\\\/\"},{\"@type\":\"ListItem\",\"position\":2,\"name\":\"Shop\",\"item\":\"https:\\\/\\\/shopatoa.com\\\/ro\\\/shop\\\/\"},{\"@type\":\"ListItem\",\"position\":3,\"name\":\"Parfumuri\",\"item\":\"https:\\\/\\\/shopatoa.com\\\/ro\\\/parfumuri\\\/\"},{\"@type\":\"ListItem\",\"position\":4,\"name\":\"Ape de parfum (EDP)\",\"item\":\"https:\\\/\\\/shopatoa.com\\\/ro\\\/ape-de-parfum-edp\\\/\"},{\"@type\":\"ListItem\",\"position\":5,\"name\":\"Orientica Cuir de Orientica Edition Noir &#8211; EDP 90 ml\"}]},{\"@type\":\"WebSite\",\"@id\":\"https:\\\/\\\/shopatoa.com\\\/ro\\\/#website\",\"url\":\"https:\\\/\\\/shopatoa.com\\\/ro\\\/\",\"name\":\"SHOPATOA\",\"description\":\"\",\"publisher\":{\"@id\":\"https:\\\/\\\/shopatoa.com\\\/ro\\\/#organization\"},\"potentialAction\":[{\"@type\":\"SearchAction\",\"target\":{\"@type\":\"EntryPoint\",\"urlTemplate\":\"https:\\\/\\\/shopatoa.com\\\/ro\\\/?s={search_term_string}\"},\"query-input\":{\"@type\":\"PropertyValueSpecification\",\"valueRequired\":true,\"valueName\":\"search_term_string\"}}],\"inLanguage\":\"ro-RO\"},{\"@type\":\"Organization\",\"@id\":\"https:\\\/\\\/shopatoa.com\\\/ro\\\/#organization\",\"name\":\"SHOPATOA\",\"url\":\"https:\\\/\\\/shopatoa.com\\\/ro\\\/\",\"logo\":{\"@type\":\"ImageObject\",\"inLanguage\":\"ro-RO\",\"@id\":\"https:\\\/\\\/shopatoa.com\\\/ro\\\/#\\\/schema\\\/logo\\\/image\\\/\",\"url\":\"https:\\\/\\\/storage.googleapis.com\\\/cz-shopatoa-img\\\/ro\\\/b4dac915-shopatoa_logo.png\",\"contentUrl\":\"https:\\\/\\\/storage.googleapis.com\\\/cz-shopatoa-img\\\/ro\\\/b4dac915-shopatoa_logo.png\",\"width\":416,\"height\":63,\"caption\":\"SHOPATOA\"},\"image\":{\"@id\":\"https:\\\/\\\/shopatoa.com\\\/ro\\\/#\\\/schema\\\/logo\\\/image\\\/\"}}]}<\/script>\n<!-- \/ Yoast SEO plugin. -->","yoast_head_json":{"title":"Orientica Cuir de Orientica Edition Noir - EDP 90 ml - SHOPATOA.COM","robots":{"index":"index","follow":"follow","max-snippet":"max-snippet:-1","max-image-preview":"max-image-preview:large","max-video-preview":"max-video-preview:-1"},"canonical":"https:\/\/shopatoa.com\/ro\/orientica-cuir-de-orientica-edition-noir-edp-90-ml-2\/","og_locale":"ro_RO","og_type":"article","og_title":"Orientica Cuir de Orientica Edition Noir - EDP 90 ml - SHOPATOA.COM","og_description":"Cuir de Orientica Edition Noir de la marca Orientica este o ap\u0103 de parfum pentru b\u0103rba\u021bi. Descoperi\u021bi-v\u0103 sinele \u00eendr\u0103zne\u021b \u0219i puternic, trezi\u021bi-v\u0103 carisma \u0219i ob\u021bine\u021bi femeia visurilor dvs.! Mirosul irezistibil de mosc, plin de \u00eencredere \u0219i senzualitate, v\u0103 \u00eent\u00e2mpin\u0103 cu o not\u0103 proasp\u0103t\u0103 de citrice, care se combin\u0103 cu acorduri mai tari de elemi. \u00cen...","og_url":"https:\/\/shopatoa.com\/ro\/orientica-cuir-de-orientica-edition-noir-edp-90-ml-2\/","og_site_name":"SHOPATOA","article_modified_time":"2025-05-16T23:36:41+00:00","og_image":[{"width":800,"height":800,"url":"https:\/\/storage.googleapis.com\/cz-shopatoa-img\/ro\/77db5092-unnamed-file.webp","type":"image\/webp"}],"twitter_card":"summary_large_image","twitter_misc":{"Timp estimat pentru citire":"1 minut"},"schema":{"@context":"https:\/\/schema.org","@graph":[{"@type":"WebPage","@id":"https:\/\/shopatoa.com\/ro\/orientica-cuir-de-orientica-edition-noir-edp-90-ml-2\/","url":"https:\/\/shopatoa.com\/ro\/orientica-cuir-de-orientica-edition-noir-edp-90-ml-2\/","name":"Orientica Cuir de Orientica Edition Noir - EDP 90 ml - SHOPATOA.COM","isPartOf":{"@id":"https:\/\/shopatoa.com\/ro\/#website"},"primaryImageOfPage":{"@id":"https:\/\/shopatoa.com\/ro\/orientica-cuir-de-orientica-edition-noir-edp-90-ml-2\/#primaryimage"},"image":{"@id":"https:\/\/shopatoa.com\/ro\/orientica-cuir-de-orientica-edition-noir-edp-90-ml-2\/#primaryimage"},"thumbnailUrl":"https:\/\/storage.googleapis.com\/cz-shopatoa-img\/ro\/77db5092-unnamed-file.webp","datePublished":"2025-05-16T01:08:52+00:00","dateModified":"2025-05-16T23:36:41+00:00","breadcrumb":{"@id":"https:\/\/shopatoa.com\/ro\/orientica-cuir-de-orientica-edition-noir-edp-90-ml-2\/#breadcrumb"},"inLanguage":"ro-RO","potentialAction":[{"@type":"ReadAction","target":["https:\/\/shopatoa.com\/ro\/orientica-cuir-de-orientica-edition-noir-edp-90-ml-2\/"]}]},{"@type":"ImageObject","inLanguage":"ro-RO","@id":"https:\/\/shopatoa.com\/ro\/orientica-cuir-de-orientica-edition-noir-edp-90-ml-2\/#primaryimage","url":"https:\/\/storage.googleapis.com\/cz-shopatoa-img\/ro\/77db5092-unnamed-file.webp","contentUrl":"https:\/\/storage.googleapis.com\/cz-shopatoa-img\/ro\/77db5092-unnamed-file.webp","width":800,"height":800},{"@type":"BreadcrumbList","@id":"https:\/\/shopatoa.com\/ro\/orientica-cuir-de-orientica-edition-noir-edp-90-ml-2\/#breadcrumb","itemListElement":[{"@type":"ListItem","position":1,"name":"Dom\u016f","item":"https:\/\/shopatoa.com\/ro\/"},{"@type":"ListItem","position":2,"name":"Shop","item":"https:\/\/shopatoa.com\/ro\/shop\/"},{"@type":"ListItem","position":3,"name":"Parfumuri","item":"https:\/\/shopatoa.com\/ro\/parfumuri\/"},{"@type":"ListItem","position":4,"name":"Ape de parfum (EDP)","item":"https:\/\/shopatoa.com\/ro\/ape-de-parfum-edp\/"},{"@type":"ListItem","position":5,"name":"Orientica Cuir de Orientica Edition Noir &#8211; EDP 90 ml"}]},{"@type":"WebSite","@id":"https:\/\/shopatoa.com\/ro\/#website","url":"https:\/\/shopatoa.com\/ro\/","name":"SHOPATOA","description":"","publisher":{"@id":"https:\/\/shopatoa.com\/ro\/#organization"},"potentialAction":[{"@type":"SearchAction","target":{"@type":"EntryPoint","urlTemplate":"https:\/\/shopatoa.com\/ro\/?s={search_term_string}"},"query-input":{"@type":"PropertyValueSpecification","valueRequired":true,"valueName":"search_term_string"}}],"inLanguage":"ro-RO"},{"@type":"Organization","@id":"https:\/\/shopatoa.com\/ro\/#organization","name":"SHOPATOA","url":"https:\/\/shopatoa.com\/ro\/","logo":{"@type":"ImageObject","inLanguage":"ro-RO","@id":"https:\/\/shopatoa.com\/ro\/#\/schema\/logo\/image\/","url":"https:\/\/storage.googleapis.com\/cz-shopatoa-img\/ro\/b4dac915-shopatoa_logo.png","contentUrl":"https:\/\/storage.googleapis.com\/cz-shopatoa-img\/ro\/b4dac915-shopatoa_logo.png","width":416,"height":63,"caption":"SHOPATOA"},"image":{"@id":"https:\/\/shopatoa.com\/ro\/#\/schema\/logo\/image\/"}}]}},"_links":{"self":[{"href":"https:\/\/shopatoa.com\/ro\/wp-json\/wp\/v2\/product\/338064","targetHints":{"allow":["GET"]}}],"collection":[{"href":"https:\/\/shopatoa.com\/ro\/wp-json\/wp\/v2\/product"}],"about":[{"href":"https:\/\/shopatoa.com\/ro\/wp-json\/wp\/v2\/types\/product"}],"replies":[{"embeddable":true,"href":"https:\/\/shopatoa.com\/ro\/wp-json\/wp\/v2\/comments?post=338064"}],"wp:featuredmedia":[{"embeddable":true,"href":"https:\/\/shopatoa.com\/ro\/wp-json\/wp\/v2\/media\/338065"}],"wp:attachment":[{"href":"https:\/\/shopatoa.com\/ro\/wp-json\/wp\/v2\/media?parent=338064"}],"wp:term":[{"taxonomy":"product_brand","embeddable":true,"href":"https:\/\/shopatoa.com\/ro\/wp-json\/wp\/v2\/product_brand?post=338064"},{"taxonomy":"product_cat","embeddable":true,"href":"https:\/\/shopatoa.com\/ro\/wp-json\/wp\/v2\/product_cat?post=338064"},{"taxonomy":"product_tag","embeddable":true,"href":"https:\/\/shopatoa.com\/ro\/wp-json\/wp\/v2\/product_tag?post=338064"}],"curies":[{"name":"wp","href":"https:\/\/api.w.org\/{rel}","templated":true}]}}