{"id":338654,"date":"2025-05-17T08:59:32","date_gmt":"2025-05-17T06:59:32","guid":{"rendered":"https:\/\/shopatoa.com\/ro\/jaguar-for-men-gold-in-black-edt-100-ml-2\/"},"modified":"2025-05-17T09:00:32","modified_gmt":"2025-05-17T07:00:32","slug":"jaguar-for-men-gold-in-black-edt-100-ml-2","status":"publish","type":"product","link":"https:\/\/shopatoa.com\/ro\/jaguar-for-men-gold-in-black-edt-100-ml-2\/","title":{"rendered":"Jaguar For Men Gold In Black &#8211; EDT 100 ml"},"content":{"rendered":"<p>Jaguar For Men Gold In Black &#8211; o ap\u0103 de toalet\u0103 care personific\u0103 puterea, elegan\u021ba \u0219i masculinitatea ne\u00eembl\u00e2nzit\u0103. Se deschide cu un amestec energic de mandarin\u0103 italian\u0103, elemi r\u0103\u0219inoase, chimen picant \u0219i pelin aromat, care confer\u0103 parfumului o not\u0103 misterioas\u0103. Inima \u00eembin\u0103 prospe\u021bimea verde a frunzei de violet\u0103 cu nuc\u0219oara cald\u0103, ghimbirul ascu\u021bit \u0219i geranium carismatic. Baza este o combina\u021bie magistral\u0103 de vetiver haitian p\u0103m\u00e2ntesc, boabe de tonka senzuale, labdanum profund \u0219i cedru elegant. Rezultatul este un parfum sofisticat, intens \u0219i de lung\u0103 durat\u0103 pentru b\u0103rba\u021bii care nu se tem s\u0103 fie \u00een centrul aten\u021biei. Parfumul a fost lansat pe pia\u021b\u0103 \u00een anul 2018.<\/p>\n","protected":false},"excerpt":{"rendered":"<p>Jaguar For Men Gold In Black &#8211; o ap\u0103 de toalet\u0103 care personific\u0103 puterea, elegan\u021ba \u0219i masculinitatea ne\u00eembl\u00e2nzit\u0103. Se deschide cu un amestec energic de mandarin\u0103 italian\u0103, elemi r\u0103\u0219inoase, chimen picant \u0219i pelin aromat, care confer\u0103 parfumului o not\u0103 misterioas\u0103. Inima \u00eembin\u0103 prospe\u021bimea verde a frunzei de violet\u0103 cu nuc\u0219oara cald\u0103, ghimbirul ascu\u021bit \u0219i geranium&#8230;<\/p>\n","protected":false},"featured_media":338655,"comment_status":"closed","ping_status":"open","template":"","meta":{"_acf_changed":false,"_kadence_starter_templates_imported_post":false,"_kad_post_transparent":"","_kad_post_title":"","_kad_post_layout":"","_kad_post_sidebar_id":"","_kad_post_content_style":"","_kad_post_vertical_padding":"","_kad_post_feature":"","_kad_post_feature_position":"","_kad_post_header":false,"_kad_post_footer":false,"_kad_post_classname":""},"product_brand":[571],"product_cat":[615,614],"product_tag":[],"class_list":{"0":"post-338654","1":"product","2":"type-product","3":"status-publish","4":"has-post-thumbnail","6":"product_brand-jaguar","7":"product_cat-ape-de-toaleta-edt","8":"product_cat-parfumuri","10":"first","11":"instock","12":"product-type-external","13":"entry","14":"content-bg","15":"loop-entry"},"acf":[],"yoast_head":"<!-- This site is optimized with the Yoast SEO plugin v27.4 - https:\/\/yoast.com\/product\/yoast-seo-wordpress\/ -->\n<title>Jaguar For Men Gold In Black - EDT 100 ml - SHOPATOA.COM<\/title>\n<meta name=\"robots\" content=\"index, follow, max-snippet:-1, max-image-preview:large, max-video-preview:-1\" \/>\n<link rel=\"canonical\" href=\"https:\/\/shopatoa.com\/ro\/jaguar-for-men-gold-in-black-edt-100-ml-2\/\" \/>\n<meta property=\"og:locale\" content=\"ro_RO\" \/>\n<meta property=\"og:type\" content=\"article\" \/>\n<meta property=\"og:title\" content=\"Jaguar For Men Gold In Black - EDT 100 ml - SHOPATOA.COM\" \/>\n<meta property=\"og:description\" content=\"Jaguar For Men Gold In Black &#8211; o ap\u0103 de toalet\u0103 care personific\u0103 puterea, elegan\u021ba \u0219i masculinitatea ne\u00eembl\u00e2nzit\u0103. Se deschide cu un amestec energic de mandarin\u0103 italian\u0103, elemi r\u0103\u0219inoase, chimen picant \u0219i pelin aromat, care confer\u0103 parfumului o not\u0103 misterioas\u0103. Inima \u00eembin\u0103 prospe\u021bimea verde a frunzei de violet\u0103 cu nuc\u0219oara cald\u0103, ghimbirul ascu\u021bit \u0219i geranium...\" \/>\n<meta property=\"og:url\" content=\"https:\/\/shopatoa.com\/ro\/jaguar-for-men-gold-in-black-edt-100-ml-2\/\" \/>\n<meta property=\"og:site_name\" content=\"SHOPATOA\" \/>\n<meta property=\"article:modified_time\" content=\"2025-05-17T07:00:32+00:00\" \/>\n<meta property=\"og:image\" content=\"https:\/\/storage.googleapis.com\/cz-shopatoa-img\/ro\/7ecc347e-unnamed-file.webp\" \/>\n\t<meta property=\"og:image:width\" content=\"800\" \/>\n\t<meta property=\"og:image:height\" content=\"800\" \/>\n\t<meta property=\"og:image:type\" content=\"image\/webp\" \/>\n<meta name=\"twitter:card\" content=\"summary_large_image\" \/>\n<meta name=\"twitter:label1\" content=\"Timp estimat pentru citire\" \/>\n\t<meta name=\"twitter:data1\" content=\"1 minut\" \/>\n<script type=\"application\/ld+json\" class=\"yoast-schema-graph\">{\"@context\":\"https:\\\/\\\/schema.org\",\"@graph\":[{\"@type\":\"WebPage\",\"@id\":\"https:\\\/\\\/shopatoa.com\\\/ro\\\/jaguar-for-men-gold-in-black-edt-100-ml-2\\\/\",\"url\":\"https:\\\/\\\/shopatoa.com\\\/ro\\\/jaguar-for-men-gold-in-black-edt-100-ml-2\\\/\",\"name\":\"Jaguar For Men Gold In Black - EDT 100 ml - SHOPATOA.COM\",\"isPartOf\":{\"@id\":\"https:\\\/\\\/shopatoa.com\\\/ro\\\/#website\"},\"primaryImageOfPage\":{\"@id\":\"https:\\\/\\\/shopatoa.com\\\/ro\\\/jaguar-for-men-gold-in-black-edt-100-ml-2\\\/#primaryimage\"},\"image\":{\"@id\":\"https:\\\/\\\/shopatoa.com\\\/ro\\\/jaguar-for-men-gold-in-black-edt-100-ml-2\\\/#primaryimage\"},\"thumbnailUrl\":\"https:\\\/\\\/storage.googleapis.com\\\/cz-shopatoa-img\\\/ro\\\/7ecc347e-unnamed-file.webp\",\"datePublished\":\"2025-05-17T06:59:32+00:00\",\"dateModified\":\"2025-05-17T07:00:32+00:00\",\"breadcrumb\":{\"@id\":\"https:\\\/\\\/shopatoa.com\\\/ro\\\/jaguar-for-men-gold-in-black-edt-100-ml-2\\\/#breadcrumb\"},\"inLanguage\":\"ro-RO\",\"potentialAction\":[{\"@type\":\"ReadAction\",\"target\":[\"https:\\\/\\\/shopatoa.com\\\/ro\\\/jaguar-for-men-gold-in-black-edt-100-ml-2\\\/\"]}]},{\"@type\":\"ImageObject\",\"inLanguage\":\"ro-RO\",\"@id\":\"https:\\\/\\\/shopatoa.com\\\/ro\\\/jaguar-for-men-gold-in-black-edt-100-ml-2\\\/#primaryimage\",\"url\":\"https:\\\/\\\/storage.googleapis.com\\\/cz-shopatoa-img\\\/ro\\\/7ecc347e-unnamed-file.webp\",\"contentUrl\":\"https:\\\/\\\/storage.googleapis.com\\\/cz-shopatoa-img\\\/ro\\\/7ecc347e-unnamed-file.webp\",\"width\":800,\"height\":800},{\"@type\":\"BreadcrumbList\",\"@id\":\"https:\\\/\\\/shopatoa.com\\\/ro\\\/jaguar-for-men-gold-in-black-edt-100-ml-2\\\/#breadcrumb\",\"itemListElement\":[{\"@type\":\"ListItem\",\"position\":1,\"name\":\"Dom\u016f\",\"item\":\"https:\\\/\\\/shopatoa.com\\\/ro\\\/\"},{\"@type\":\"ListItem\",\"position\":2,\"name\":\"Shop\",\"item\":\"https:\\\/\\\/shopatoa.com\\\/ro\\\/shop\\\/\"},{\"@type\":\"ListItem\",\"position\":3,\"name\":\"Jaguar For Men Gold In Black &#8211; EDT 100 ml\"}]},{\"@type\":\"WebSite\",\"@id\":\"https:\\\/\\\/shopatoa.com\\\/ro\\\/#website\",\"url\":\"https:\\\/\\\/shopatoa.com\\\/ro\\\/\",\"name\":\"SHOPATOA\",\"description\":\"\",\"publisher\":{\"@id\":\"https:\\\/\\\/shopatoa.com\\\/ro\\\/#organization\"},\"potentialAction\":[{\"@type\":\"SearchAction\",\"target\":{\"@type\":\"EntryPoint\",\"urlTemplate\":\"https:\\\/\\\/shopatoa.com\\\/ro\\\/?s={search_term_string}\"},\"query-input\":{\"@type\":\"PropertyValueSpecification\",\"valueRequired\":true,\"valueName\":\"search_term_string\"}}],\"inLanguage\":\"ro-RO\"},{\"@type\":\"Organization\",\"@id\":\"https:\\\/\\\/shopatoa.com\\\/ro\\\/#organization\",\"name\":\"SHOPATOA\",\"url\":\"https:\\\/\\\/shopatoa.com\\\/ro\\\/\",\"logo\":{\"@type\":\"ImageObject\",\"inLanguage\":\"ro-RO\",\"@id\":\"https:\\\/\\\/shopatoa.com\\\/ro\\\/#\\\/schema\\\/logo\\\/image\\\/\",\"url\":\"https:\\\/\\\/storage.googleapis.com\\\/cz-shopatoa-img\\\/ro\\\/b4dac915-shopatoa_logo.png\",\"contentUrl\":\"https:\\\/\\\/storage.googleapis.com\\\/cz-shopatoa-img\\\/ro\\\/b4dac915-shopatoa_logo.png\",\"width\":416,\"height\":63,\"caption\":\"SHOPATOA\"},\"image\":{\"@id\":\"https:\\\/\\\/shopatoa.com\\\/ro\\\/#\\\/schema\\\/logo\\\/image\\\/\"}}]}<\/script>\n<!-- \/ Yoast SEO plugin. -->","yoast_head_json":{"title":"Jaguar For Men Gold In Black - EDT 100 ml - SHOPATOA.COM","robots":{"index":"index","follow":"follow","max-snippet":"max-snippet:-1","max-image-preview":"max-image-preview:large","max-video-preview":"max-video-preview:-1"},"canonical":"https:\/\/shopatoa.com\/ro\/jaguar-for-men-gold-in-black-edt-100-ml-2\/","og_locale":"ro_RO","og_type":"article","og_title":"Jaguar For Men Gold In Black - EDT 100 ml - SHOPATOA.COM","og_description":"Jaguar For Men Gold In Black &#8211; o ap\u0103 de toalet\u0103 care personific\u0103 puterea, elegan\u021ba \u0219i masculinitatea ne\u00eembl\u00e2nzit\u0103. Se deschide cu un amestec energic de mandarin\u0103 italian\u0103, elemi r\u0103\u0219inoase, chimen picant \u0219i pelin aromat, care confer\u0103 parfumului o not\u0103 misterioas\u0103. Inima \u00eembin\u0103 prospe\u021bimea verde a frunzei de violet\u0103 cu nuc\u0219oara cald\u0103, ghimbirul ascu\u021bit \u0219i geranium...","og_url":"https:\/\/shopatoa.com\/ro\/jaguar-for-men-gold-in-black-edt-100-ml-2\/","og_site_name":"SHOPATOA","article_modified_time":"2025-05-17T07:00:32+00:00","og_image":[{"width":800,"height":800,"url":"https:\/\/storage.googleapis.com\/cz-shopatoa-img\/ro\/7ecc347e-unnamed-file.webp","type":"image\/webp"}],"twitter_card":"summary_large_image","twitter_misc":{"Timp estimat pentru citire":"1 minut"},"schema":{"@context":"https:\/\/schema.org","@graph":[{"@type":"WebPage","@id":"https:\/\/shopatoa.com\/ro\/jaguar-for-men-gold-in-black-edt-100-ml-2\/","url":"https:\/\/shopatoa.com\/ro\/jaguar-for-men-gold-in-black-edt-100-ml-2\/","name":"Jaguar For Men Gold In Black - EDT 100 ml - SHOPATOA.COM","isPartOf":{"@id":"https:\/\/shopatoa.com\/ro\/#website"},"primaryImageOfPage":{"@id":"https:\/\/shopatoa.com\/ro\/jaguar-for-men-gold-in-black-edt-100-ml-2\/#primaryimage"},"image":{"@id":"https:\/\/shopatoa.com\/ro\/jaguar-for-men-gold-in-black-edt-100-ml-2\/#primaryimage"},"thumbnailUrl":"https:\/\/storage.googleapis.com\/cz-shopatoa-img\/ro\/7ecc347e-unnamed-file.webp","datePublished":"2025-05-17T06:59:32+00:00","dateModified":"2025-05-17T07:00:32+00:00","breadcrumb":{"@id":"https:\/\/shopatoa.com\/ro\/jaguar-for-men-gold-in-black-edt-100-ml-2\/#breadcrumb"},"inLanguage":"ro-RO","potentialAction":[{"@type":"ReadAction","target":["https:\/\/shopatoa.com\/ro\/jaguar-for-men-gold-in-black-edt-100-ml-2\/"]}]},{"@type":"ImageObject","inLanguage":"ro-RO","@id":"https:\/\/shopatoa.com\/ro\/jaguar-for-men-gold-in-black-edt-100-ml-2\/#primaryimage","url":"https:\/\/storage.googleapis.com\/cz-shopatoa-img\/ro\/7ecc347e-unnamed-file.webp","contentUrl":"https:\/\/storage.googleapis.com\/cz-shopatoa-img\/ro\/7ecc347e-unnamed-file.webp","width":800,"height":800},{"@type":"BreadcrumbList","@id":"https:\/\/shopatoa.com\/ro\/jaguar-for-men-gold-in-black-edt-100-ml-2\/#breadcrumb","itemListElement":[{"@type":"ListItem","position":1,"name":"Dom\u016f","item":"https:\/\/shopatoa.com\/ro\/"},{"@type":"ListItem","position":2,"name":"Shop","item":"https:\/\/shopatoa.com\/ro\/shop\/"},{"@type":"ListItem","position":3,"name":"Jaguar For Men Gold In Black &#8211; EDT 100 ml"}]},{"@type":"WebSite","@id":"https:\/\/shopatoa.com\/ro\/#website","url":"https:\/\/shopatoa.com\/ro\/","name":"SHOPATOA","description":"","publisher":{"@id":"https:\/\/shopatoa.com\/ro\/#organization"},"potentialAction":[{"@type":"SearchAction","target":{"@type":"EntryPoint","urlTemplate":"https:\/\/shopatoa.com\/ro\/?s={search_term_string}"},"query-input":{"@type":"PropertyValueSpecification","valueRequired":true,"valueName":"search_term_string"}}],"inLanguage":"ro-RO"},{"@type":"Organization","@id":"https:\/\/shopatoa.com\/ro\/#organization","name":"SHOPATOA","url":"https:\/\/shopatoa.com\/ro\/","logo":{"@type":"ImageObject","inLanguage":"ro-RO","@id":"https:\/\/shopatoa.com\/ro\/#\/schema\/logo\/image\/","url":"https:\/\/storage.googleapis.com\/cz-shopatoa-img\/ro\/b4dac915-shopatoa_logo.png","contentUrl":"https:\/\/storage.googleapis.com\/cz-shopatoa-img\/ro\/b4dac915-shopatoa_logo.png","width":416,"height":63,"caption":"SHOPATOA"},"image":{"@id":"https:\/\/shopatoa.com\/ro\/#\/schema\/logo\/image\/"}}]}},"_links":{"self":[{"href":"https:\/\/shopatoa.com\/ro\/wp-json\/wp\/v2\/product\/338654","targetHints":{"allow":["GET"]}}],"collection":[{"href":"https:\/\/shopatoa.com\/ro\/wp-json\/wp\/v2\/product"}],"about":[{"href":"https:\/\/shopatoa.com\/ro\/wp-json\/wp\/v2\/types\/product"}],"replies":[{"embeddable":true,"href":"https:\/\/shopatoa.com\/ro\/wp-json\/wp\/v2\/comments?post=338654"}],"wp:featuredmedia":[{"embeddable":true,"href":"https:\/\/shopatoa.com\/ro\/wp-json\/wp\/v2\/media\/338655"}],"wp:attachment":[{"href":"https:\/\/shopatoa.com\/ro\/wp-json\/wp\/v2\/media?parent=338654"}],"wp:term":[{"taxonomy":"product_brand","embeddable":true,"href":"https:\/\/shopatoa.com\/ro\/wp-json\/wp\/v2\/product_brand?post=338654"},{"taxonomy":"product_cat","embeddable":true,"href":"https:\/\/shopatoa.com\/ro\/wp-json\/wp\/v2\/product_cat?post=338654"},{"taxonomy":"product_tag","embeddable":true,"href":"https:\/\/shopatoa.com\/ro\/wp-json\/wp\/v2\/product_tag?post=338654"}],"curies":[{"name":"wp","href":"https:\/\/api.w.org\/{rel}","templated":true}]}}