{"id":338948,"date":"2025-05-17T09:48:03","date_gmt":"2025-05-17T07:48:03","guid":{"rendered":"https:\/\/shopatoa.com\/ro\/valentino-donna-edp-50-ml-2\/"},"modified":"2025-05-17T09:49:44","modified_gmt":"2025-05-17T07:49:44","slug":"valentino-donna-edp-50-ml-2","status":"publish","type":"product","link":"https:\/\/shopatoa.com\/ro\/valentino-donna-edp-50-ml-2\/","title":{"rendered":"Valentino Donna &#8211; EDP 50 ml"},"content":{"rendered":"<p>Parfumul lui Valentino Donna simbolizeaz\u0103 o femeie delicat\u0103, delicat\u0103, care este at\u00e2t imprevizibil\u0103, c\u00e2t \u0219i de sine st\u0103t\u0103toare. Este un parfum foarte seduc\u0103tor, sofisticat \u0219i atemporal pentru femeile moderne. \u00cenc\u00e2nta\u021bi-v\u0103 cu combina\u021bia perfect\u0103 de tonuri care subliniaz\u0103 stilul dvs. Ve\u021bi mirosi bergamota suculent\u0103 \u00eenso\u021bit\u0103 de trandafir \u0219i iris. Coardele de piele se amestec\u0103 practic cu vanilie dulce \u0219i patchouli pentru a \u00eencerca aceast\u0103 compozi\u021bie splendid\u0103.<\/p>\n","protected":false},"excerpt":{"rendered":"<p>Parfumul lui Valentino Donna simbolizeaz\u0103 o femeie delicat\u0103, delicat\u0103, care este at\u00e2t imprevizibil\u0103, c\u00e2t \u0219i de sine st\u0103t\u0103toare. Este un parfum foarte seduc\u0103tor, sofisticat \u0219i atemporal pentru femeile moderne. \u00cenc\u00e2nta\u021bi-v\u0103 cu combina\u021bia perfect\u0103 de tonuri care subliniaz\u0103 stilul dvs. Ve\u021bi mirosi bergamota suculent\u0103 \u00eenso\u021bit\u0103 de trandafir \u0219i iris. Coardele de piele se amestec\u0103 practic cu&#8230;<\/p>\n","protected":false},"featured_media":338949,"comment_status":"closed","ping_status":"open","template":"","meta":{"_acf_changed":false,"_kadence_starter_templates_imported_post":false,"_kad_post_transparent":"","_kad_post_title":"","_kad_post_layout":"","_kad_post_sidebar_id":"","_kad_post_content_style":"","_kad_post_vertical_padding":"","_kad_post_feature":"","_kad_post_feature_position":"","_kad_post_header":false,"_kad_post_footer":false,"_kad_post_classname":""},"product_brand":[286],"product_cat":[619,614],"product_tag":[],"class_list":{"0":"post-338948","1":"product","2":"type-product","3":"status-publish","4":"has-post-thumbnail","6":"product_brand-valentino","7":"product_cat-ape-de-parfum-edp","8":"product_cat-parfumuri","10":"first","11":"instock","12":"product-type-external","13":"entry","14":"content-bg","15":"loop-entry"},"acf":[],"yoast_head":"<!-- This site is optimized with the Yoast SEO plugin v27.4 - https:\/\/yoast.com\/product\/yoast-seo-wordpress\/ -->\n<title>Valentino Donna - EDP 50 ml - SHOPATOA.COM<\/title>\n<meta name=\"robots\" content=\"index, follow, max-snippet:-1, max-image-preview:large, max-video-preview:-1\" \/>\n<link rel=\"canonical\" href=\"https:\/\/shopatoa.com\/ro\/valentino-donna-edp-50-ml-2\/\" \/>\n<meta property=\"og:locale\" content=\"ro_RO\" \/>\n<meta property=\"og:type\" content=\"article\" \/>\n<meta property=\"og:title\" content=\"Valentino Donna - EDP 50 ml - SHOPATOA.COM\" \/>\n<meta property=\"og:description\" content=\"Parfumul lui Valentino Donna simbolizeaz\u0103 o femeie delicat\u0103, delicat\u0103, care este at\u00e2t imprevizibil\u0103, c\u00e2t \u0219i de sine st\u0103t\u0103toare. Este un parfum foarte seduc\u0103tor, sofisticat \u0219i atemporal pentru femeile moderne. \u00cenc\u00e2nta\u021bi-v\u0103 cu combina\u021bia perfect\u0103 de tonuri care subliniaz\u0103 stilul dvs. Ve\u021bi mirosi bergamota suculent\u0103 \u00eenso\u021bit\u0103 de trandafir \u0219i iris. Coardele de piele se amestec\u0103 practic cu...\" \/>\n<meta property=\"og:url\" content=\"https:\/\/shopatoa.com\/ro\/valentino-donna-edp-50-ml-2\/\" \/>\n<meta property=\"og:site_name\" content=\"SHOPATOA\" \/>\n<meta property=\"article:modified_time\" content=\"2025-05-17T07:49:44+00:00\" \/>\n<meta property=\"og:image\" content=\"https:\/\/storage.googleapis.com\/cz-shopatoa-img\/ro\/2e2710ac-unnamed-file.webp\" \/>\n\t<meta property=\"og:image:width\" content=\"800\" \/>\n\t<meta property=\"og:image:height\" content=\"800\" \/>\n\t<meta property=\"og:image:type\" content=\"image\/webp\" \/>\n<meta name=\"twitter:card\" content=\"summary_large_image\" \/>\n<script type=\"application\/ld+json\" class=\"yoast-schema-graph\">{\"@context\":\"https:\\\/\\\/schema.org\",\"@graph\":[{\"@type\":\"WebPage\",\"@id\":\"https:\\\/\\\/shopatoa.com\\\/ro\\\/valentino-donna-edp-50-ml-2\\\/\",\"url\":\"https:\\\/\\\/shopatoa.com\\\/ro\\\/valentino-donna-edp-50-ml-2\\\/\",\"name\":\"Valentino Donna - EDP 50 ml - SHOPATOA.COM\",\"isPartOf\":{\"@id\":\"https:\\\/\\\/shopatoa.com\\\/ro\\\/#website\"},\"primaryImageOfPage\":{\"@id\":\"https:\\\/\\\/shopatoa.com\\\/ro\\\/valentino-donna-edp-50-ml-2\\\/#primaryimage\"},\"image\":{\"@id\":\"https:\\\/\\\/shopatoa.com\\\/ro\\\/valentino-donna-edp-50-ml-2\\\/#primaryimage\"},\"thumbnailUrl\":\"https:\\\/\\\/storage.googleapis.com\\\/cz-shopatoa-img\\\/ro\\\/2e2710ac-unnamed-file.webp\",\"datePublished\":\"2025-05-17T07:48:03+00:00\",\"dateModified\":\"2025-05-17T07:49:44+00:00\",\"breadcrumb\":{\"@id\":\"https:\\\/\\\/shopatoa.com\\\/ro\\\/valentino-donna-edp-50-ml-2\\\/#breadcrumb\"},\"inLanguage\":\"ro-RO\",\"potentialAction\":[{\"@type\":\"ReadAction\",\"target\":[\"https:\\\/\\\/shopatoa.com\\\/ro\\\/valentino-donna-edp-50-ml-2\\\/\"]}]},{\"@type\":\"ImageObject\",\"inLanguage\":\"ro-RO\",\"@id\":\"https:\\\/\\\/shopatoa.com\\\/ro\\\/valentino-donna-edp-50-ml-2\\\/#primaryimage\",\"url\":\"https:\\\/\\\/storage.googleapis.com\\\/cz-shopatoa-img\\\/ro\\\/2e2710ac-unnamed-file.webp\",\"contentUrl\":\"https:\\\/\\\/storage.googleapis.com\\\/cz-shopatoa-img\\\/ro\\\/2e2710ac-unnamed-file.webp\",\"width\":800,\"height\":800},{\"@type\":\"BreadcrumbList\",\"@id\":\"https:\\\/\\\/shopatoa.com\\\/ro\\\/valentino-donna-edp-50-ml-2\\\/#breadcrumb\",\"itemListElement\":[{\"@type\":\"ListItem\",\"position\":1,\"name\":\"Dom\u016f\",\"item\":\"https:\\\/\\\/shopatoa.com\\\/ro\\\/\"},{\"@type\":\"ListItem\",\"position\":2,\"name\":\"Shop\",\"item\":\"https:\\\/\\\/shopatoa.com\\\/ro\\\/shop\\\/\"},{\"@type\":\"ListItem\",\"position\":3,\"name\":\"Valentino Donna &#8211; EDP 50 ml\"}]},{\"@type\":\"WebSite\",\"@id\":\"https:\\\/\\\/shopatoa.com\\\/ro\\\/#website\",\"url\":\"https:\\\/\\\/shopatoa.com\\\/ro\\\/\",\"name\":\"SHOPATOA\",\"description\":\"\",\"publisher\":{\"@id\":\"https:\\\/\\\/shopatoa.com\\\/ro\\\/#organization\"},\"potentialAction\":[{\"@type\":\"SearchAction\",\"target\":{\"@type\":\"EntryPoint\",\"urlTemplate\":\"https:\\\/\\\/shopatoa.com\\\/ro\\\/?s={search_term_string}\"},\"query-input\":{\"@type\":\"PropertyValueSpecification\",\"valueRequired\":true,\"valueName\":\"search_term_string\"}}],\"inLanguage\":\"ro-RO\"},{\"@type\":\"Organization\",\"@id\":\"https:\\\/\\\/shopatoa.com\\\/ro\\\/#organization\",\"name\":\"SHOPATOA\",\"url\":\"https:\\\/\\\/shopatoa.com\\\/ro\\\/\",\"logo\":{\"@type\":\"ImageObject\",\"inLanguage\":\"ro-RO\",\"@id\":\"https:\\\/\\\/shopatoa.com\\\/ro\\\/#\\\/schema\\\/logo\\\/image\\\/\",\"url\":\"https:\\\/\\\/storage.googleapis.com\\\/cz-shopatoa-img\\\/ro\\\/b4dac915-shopatoa_logo.png\",\"contentUrl\":\"https:\\\/\\\/storage.googleapis.com\\\/cz-shopatoa-img\\\/ro\\\/b4dac915-shopatoa_logo.png\",\"width\":416,\"height\":63,\"caption\":\"SHOPATOA\"},\"image\":{\"@id\":\"https:\\\/\\\/shopatoa.com\\\/ro\\\/#\\\/schema\\\/logo\\\/image\\\/\"}}]}<\/script>\n<!-- \/ Yoast SEO plugin. -->","yoast_head_json":{"title":"Valentino Donna - EDP 50 ml - SHOPATOA.COM","robots":{"index":"index","follow":"follow","max-snippet":"max-snippet:-1","max-image-preview":"max-image-preview:large","max-video-preview":"max-video-preview:-1"},"canonical":"https:\/\/shopatoa.com\/ro\/valentino-donna-edp-50-ml-2\/","og_locale":"ro_RO","og_type":"article","og_title":"Valentino Donna - EDP 50 ml - SHOPATOA.COM","og_description":"Parfumul lui Valentino Donna simbolizeaz\u0103 o femeie delicat\u0103, delicat\u0103, care este at\u00e2t imprevizibil\u0103, c\u00e2t \u0219i de sine st\u0103t\u0103toare. Este un parfum foarte seduc\u0103tor, sofisticat \u0219i atemporal pentru femeile moderne. \u00cenc\u00e2nta\u021bi-v\u0103 cu combina\u021bia perfect\u0103 de tonuri care subliniaz\u0103 stilul dvs. Ve\u021bi mirosi bergamota suculent\u0103 \u00eenso\u021bit\u0103 de trandafir \u0219i iris. Coardele de piele se amestec\u0103 practic cu...","og_url":"https:\/\/shopatoa.com\/ro\/valentino-donna-edp-50-ml-2\/","og_site_name":"SHOPATOA","article_modified_time":"2025-05-17T07:49:44+00:00","og_image":[{"width":800,"height":800,"url":"https:\/\/storage.googleapis.com\/cz-shopatoa-img\/ro\/2e2710ac-unnamed-file.webp","type":"image\/webp"}],"twitter_card":"summary_large_image","schema":{"@context":"https:\/\/schema.org","@graph":[{"@type":"WebPage","@id":"https:\/\/shopatoa.com\/ro\/valentino-donna-edp-50-ml-2\/","url":"https:\/\/shopatoa.com\/ro\/valentino-donna-edp-50-ml-2\/","name":"Valentino Donna - EDP 50 ml - SHOPATOA.COM","isPartOf":{"@id":"https:\/\/shopatoa.com\/ro\/#website"},"primaryImageOfPage":{"@id":"https:\/\/shopatoa.com\/ro\/valentino-donna-edp-50-ml-2\/#primaryimage"},"image":{"@id":"https:\/\/shopatoa.com\/ro\/valentino-donna-edp-50-ml-2\/#primaryimage"},"thumbnailUrl":"https:\/\/storage.googleapis.com\/cz-shopatoa-img\/ro\/2e2710ac-unnamed-file.webp","datePublished":"2025-05-17T07:48:03+00:00","dateModified":"2025-05-17T07:49:44+00:00","breadcrumb":{"@id":"https:\/\/shopatoa.com\/ro\/valentino-donna-edp-50-ml-2\/#breadcrumb"},"inLanguage":"ro-RO","potentialAction":[{"@type":"ReadAction","target":["https:\/\/shopatoa.com\/ro\/valentino-donna-edp-50-ml-2\/"]}]},{"@type":"ImageObject","inLanguage":"ro-RO","@id":"https:\/\/shopatoa.com\/ro\/valentino-donna-edp-50-ml-2\/#primaryimage","url":"https:\/\/storage.googleapis.com\/cz-shopatoa-img\/ro\/2e2710ac-unnamed-file.webp","contentUrl":"https:\/\/storage.googleapis.com\/cz-shopatoa-img\/ro\/2e2710ac-unnamed-file.webp","width":800,"height":800},{"@type":"BreadcrumbList","@id":"https:\/\/shopatoa.com\/ro\/valentino-donna-edp-50-ml-2\/#breadcrumb","itemListElement":[{"@type":"ListItem","position":1,"name":"Dom\u016f","item":"https:\/\/shopatoa.com\/ro\/"},{"@type":"ListItem","position":2,"name":"Shop","item":"https:\/\/shopatoa.com\/ro\/shop\/"},{"@type":"ListItem","position":3,"name":"Valentino Donna &#8211; EDP 50 ml"}]},{"@type":"WebSite","@id":"https:\/\/shopatoa.com\/ro\/#website","url":"https:\/\/shopatoa.com\/ro\/","name":"SHOPATOA","description":"","publisher":{"@id":"https:\/\/shopatoa.com\/ro\/#organization"},"potentialAction":[{"@type":"SearchAction","target":{"@type":"EntryPoint","urlTemplate":"https:\/\/shopatoa.com\/ro\/?s={search_term_string}"},"query-input":{"@type":"PropertyValueSpecification","valueRequired":true,"valueName":"search_term_string"}}],"inLanguage":"ro-RO"},{"@type":"Organization","@id":"https:\/\/shopatoa.com\/ro\/#organization","name":"SHOPATOA","url":"https:\/\/shopatoa.com\/ro\/","logo":{"@type":"ImageObject","inLanguage":"ro-RO","@id":"https:\/\/shopatoa.com\/ro\/#\/schema\/logo\/image\/","url":"https:\/\/storage.googleapis.com\/cz-shopatoa-img\/ro\/b4dac915-shopatoa_logo.png","contentUrl":"https:\/\/storage.googleapis.com\/cz-shopatoa-img\/ro\/b4dac915-shopatoa_logo.png","width":416,"height":63,"caption":"SHOPATOA"},"image":{"@id":"https:\/\/shopatoa.com\/ro\/#\/schema\/logo\/image\/"}}]}},"_links":{"self":[{"href":"https:\/\/shopatoa.com\/ro\/wp-json\/wp\/v2\/product\/338948","targetHints":{"allow":["GET"]}}],"collection":[{"href":"https:\/\/shopatoa.com\/ro\/wp-json\/wp\/v2\/product"}],"about":[{"href":"https:\/\/shopatoa.com\/ro\/wp-json\/wp\/v2\/types\/product"}],"replies":[{"embeddable":true,"href":"https:\/\/shopatoa.com\/ro\/wp-json\/wp\/v2\/comments?post=338948"}],"wp:featuredmedia":[{"embeddable":true,"href":"https:\/\/shopatoa.com\/ro\/wp-json\/wp\/v2\/media\/338949"}],"wp:attachment":[{"href":"https:\/\/shopatoa.com\/ro\/wp-json\/wp\/v2\/media?parent=338948"}],"wp:term":[{"taxonomy":"product_brand","embeddable":true,"href":"https:\/\/shopatoa.com\/ro\/wp-json\/wp\/v2\/product_brand?post=338948"},{"taxonomy":"product_cat","embeddable":true,"href":"https:\/\/shopatoa.com\/ro\/wp-json\/wp\/v2\/product_cat?post=338948"},{"taxonomy":"product_tag","embeddable":true,"href":"https:\/\/shopatoa.com\/ro\/wp-json\/wp\/v2\/product_tag?post=338948"}],"curies":[{"name":"wp","href":"https:\/\/api.w.org\/{rel}","templated":true}]}}