{"id":339870,"date":"2025-05-17T12:17:08","date_gmt":"2025-05-17T10:17:08","guid":{"rendered":"https:\/\/shopatoa.com\/ro\/ziaja-ulei-de-incalzire-pentru-masaj-massage-oil-500-ml\/"},"modified":"2025-12-14T15:44:37","modified_gmt":"2025-12-14T14:44:37","slug":"ziaja-ulei-de-incalzire-pentru-masaj-massage-oil-500-ml","status":"publish","type":"product","link":"https:\/\/shopatoa.com\/ro\/ziaja-ulei-de-incalzire-pentru-masaj-massage-oil-500-ml\/","title":{"rendered":"Ziaja Ulei de \u00eenc\u0103lzire pentru masaj (Massage Oil) 500 ml"},"content":{"rendered":"<p>Ulei de masaj \u00eenc\u0103lzitor pentru utilizare zilnic\u0103 acas\u0103 \u0219i \u00een saloane cosmetice, de fizioterapie \u0219i SPA Potrivit dup\u0103 peeling. Uleiul de masaj ofer\u0103 corpului un efect de \u00eenc\u0103lzire treptat\u0103, catifeleaz\u0103 \u0219i regenereaz\u0103 perfect pielea. Men\u021bine elasticitatea pielii la nivelul tenului t\u00e2n\u0103r. Ajut\u0103 la reducerea celulitei, ofer\u0103 o procedur\u0103 de masaj confortabil\u0103. Con\u021bine o compozi\u021bie de parfum floral \u0219i oriental.<\/p>\n","protected":false},"excerpt":{"rendered":"<p>Ulei de masaj \u00eenc\u0103lzitor pentru utilizare zilnic\u0103 acas\u0103 \u0219i \u00een saloane cosmetice, de fizioterapie \u0219i SPA Potrivit dup\u0103 peeling. Uleiul de masaj ofer\u0103 corpului un efect de \u00eenc\u0103lzire treptat\u0103, catifeleaz\u0103 \u0219i regenereaz\u0103 perfect pielea. Men\u021bine elasticitatea pielii la nivelul tenului t\u00e2n\u0103r. Ajut\u0103 la reducerea celulitei, ofer\u0103 o procedur\u0103 de masaj confortabil\u0103. Con\u021bine o compozi\u021bie de&#8230;<\/p>\n","protected":false},"featured_media":339871,"comment_status":"closed","ping_status":"closed","template":"","meta":{"_acf_changed":false,"_kadence_starter_templates_imported_post":false,"_kad_post_transparent":"default","_kad_post_title":"","_kad_post_layout":"default","_kad_post_sidebar_id":"","_kad_post_content_style":"default","_kad_post_vertical_padding":"default","_kad_post_feature":"","_kad_post_feature_position":"","_kad_post_header":false,"_kad_post_footer":false,"_kad_post_classname":""},"product_brand":[844],"product_cat":[612,246,691,611],"product_tag":[],"class_list":{"0":"post-339870","1":"product","2":"type-product","3":"status-publish","4":"has-post-thumbnail","6":"product_brand-ziaja","7":"product_cat-cosmetica-pentru-ingrijirea-corpului","8":"product_cat-cosmetice","9":"product_cat-cosmetice-impotriva-celulitei-si-vergeturilor","10":"product_cat-produse-cosmetice-pentru-corp","12":"first","13":"instock","14":"sale","15":"product-type-external","16":"entry","17":"content-bg","18":"loop-entry"},"acf":[],"yoast_head":"<!-- This site is optimized with the Yoast SEO plugin v27.4 - https:\/\/yoast.com\/product\/yoast-seo-wordpress\/ -->\n<title>Ziaja Ulei de \u00eenc\u0103lzire pentru masaj (Massage Oil) 500 ml - SHOPATOA.COM<\/title>\n<meta name=\"robots\" content=\"index, follow, max-snippet:-1, max-image-preview:large, max-video-preview:-1\" \/>\n<link rel=\"canonical\" href=\"https:\/\/shopatoa.com\/ro\/ziaja-ulei-de-incalzire-pentru-masaj-massage-oil-500-ml\/\" \/>\n<meta property=\"og:locale\" content=\"ro_RO\" \/>\n<meta property=\"og:type\" content=\"article\" \/>\n<meta property=\"og:title\" content=\"Ziaja Ulei de \u00eenc\u0103lzire pentru masaj (Massage Oil) 500 ml - SHOPATOA.COM\" \/>\n<meta property=\"og:description\" content=\"Ulei de masaj \u00eenc\u0103lzitor pentru utilizare zilnic\u0103 acas\u0103 \u0219i \u00een saloane cosmetice, de fizioterapie \u0219i SPA Potrivit dup\u0103 peeling. Uleiul de masaj ofer\u0103 corpului un efect de \u00eenc\u0103lzire treptat\u0103, catifeleaz\u0103 \u0219i regenereaz\u0103 perfect pielea. Men\u021bine elasticitatea pielii la nivelul tenului t\u00e2n\u0103r. Ajut\u0103 la reducerea celulitei, ofer\u0103 o procedur\u0103 de masaj confortabil\u0103. Con\u021bine o compozi\u021bie de...\" \/>\n<meta property=\"og:url\" content=\"https:\/\/shopatoa.com\/ro\/ziaja-ulei-de-incalzire-pentru-masaj-massage-oil-500-ml\/\" \/>\n<meta property=\"og:site_name\" content=\"SHOPATOA\" \/>\n<meta property=\"article:modified_time\" content=\"2025-12-14T14:44:37+00:00\" \/>\n<meta property=\"og:image\" content=\"https:\/\/storage.googleapis.com\/cz-shopatoa-img\/ro\/eb14e1e5-unnamed-file.webp\" \/>\n\t<meta property=\"og:image:width\" content=\"800\" \/>\n\t<meta property=\"og:image:height\" content=\"800\" \/>\n\t<meta property=\"og:image:type\" content=\"image\/webp\" \/>\n<meta name=\"twitter:card\" content=\"summary_large_image\" \/>\n<meta name=\"twitter:label1\" content=\"Timp estimat pentru citire\" \/>\n\t<meta name=\"twitter:data1\" content=\"1 minut\" \/>\n<script type=\"application\/ld+json\" class=\"yoast-schema-graph\">{\"@context\":\"https:\\\/\\\/schema.org\",\"@graph\":[{\"@type\":\"WebPage\",\"@id\":\"https:\\\/\\\/shopatoa.com\\\/ro\\\/ziaja-ulei-de-incalzire-pentru-masaj-massage-oil-500-ml\\\/\",\"url\":\"https:\\\/\\\/shopatoa.com\\\/ro\\\/ziaja-ulei-de-incalzire-pentru-masaj-massage-oil-500-ml\\\/\",\"name\":\"Ziaja Ulei de \u00eenc\u0103lzire pentru masaj (Massage Oil) 500 ml - SHOPATOA.COM\",\"isPartOf\":{\"@id\":\"https:\\\/\\\/shopatoa.com\\\/ro\\\/#website\"},\"primaryImageOfPage\":{\"@id\":\"https:\\\/\\\/shopatoa.com\\\/ro\\\/ziaja-ulei-de-incalzire-pentru-masaj-massage-oil-500-ml\\\/#primaryimage\"},\"image\":{\"@id\":\"https:\\\/\\\/shopatoa.com\\\/ro\\\/ziaja-ulei-de-incalzire-pentru-masaj-massage-oil-500-ml\\\/#primaryimage\"},\"thumbnailUrl\":\"https:\\\/\\\/storage.googleapis.com\\\/cz-shopatoa-img\\\/ro\\\/eb14e1e5-unnamed-file.webp\",\"datePublished\":\"2025-05-17T10:17:08+00:00\",\"dateModified\":\"2025-12-14T14:44:37+00:00\",\"breadcrumb\":{\"@id\":\"https:\\\/\\\/shopatoa.com\\\/ro\\\/ziaja-ulei-de-incalzire-pentru-masaj-massage-oil-500-ml\\\/#breadcrumb\"},\"inLanguage\":\"ro-RO\",\"potentialAction\":[{\"@type\":\"ReadAction\",\"target\":[\"https:\\\/\\\/shopatoa.com\\\/ro\\\/ziaja-ulei-de-incalzire-pentru-masaj-massage-oil-500-ml\\\/\"]}]},{\"@type\":\"ImageObject\",\"inLanguage\":\"ro-RO\",\"@id\":\"https:\\\/\\\/shopatoa.com\\\/ro\\\/ziaja-ulei-de-incalzire-pentru-masaj-massage-oil-500-ml\\\/#primaryimage\",\"url\":\"https:\\\/\\\/storage.googleapis.com\\\/cz-shopatoa-img\\\/ro\\\/eb14e1e5-unnamed-file.webp\",\"contentUrl\":\"https:\\\/\\\/storage.googleapis.com\\\/cz-shopatoa-img\\\/ro\\\/eb14e1e5-unnamed-file.webp\",\"width\":800,\"height\":800},{\"@type\":\"BreadcrumbList\",\"@id\":\"https:\\\/\\\/shopatoa.com\\\/ro\\\/ziaja-ulei-de-incalzire-pentru-masaj-massage-oil-500-ml\\\/#breadcrumb\",\"itemListElement\":[{\"@type\":\"ListItem\",\"position\":1,\"name\":\"Dom\u016f\",\"item\":\"https:\\\/\\\/shopatoa.com\\\/ro\\\/\"},{\"@type\":\"ListItem\",\"position\":2,\"name\":\"Shop\",\"item\":\"https:\\\/\\\/shopatoa.com\\\/ro\\\/shop\\\/\"},{\"@type\":\"ListItem\",\"position\":3,\"name\":\"Cosmetice\",\"item\":\"https:\\\/\\\/shopatoa.com\\\/ro\\\/cosmetice\\\/\"},{\"@type\":\"ListItem\",\"position\":4,\"name\":\"Produse cosmetice pentru corp\",\"item\":\"https:\\\/\\\/shopatoa.com\\\/ro\\\/produse-cosmetice-pentru-corp\\\/\"},{\"@type\":\"ListItem\",\"position\":5,\"name\":\"Cosmetica pentru \u00eengrijirea corpului\",\"item\":\"https:\\\/\\\/shopatoa.com\\\/ro\\\/cosmetica-pentru-ingrijirea-corpului\\\/\"},{\"@type\":\"ListItem\",\"position\":6,\"name\":\"Cosmetice \u00eempotriva celulitei \u0219i vergeturilor\",\"item\":\"https:\\\/\\\/shopatoa.com\\\/ro\\\/cosmetice-impotriva-celulitei-si-vergeturilor\\\/\"},{\"@type\":\"ListItem\",\"position\":7,\"name\":\"Ziaja Ulei de \u00eenc\u0103lzire pentru masaj (Massage Oil) 500 ml\"}]},{\"@type\":\"WebSite\",\"@id\":\"https:\\\/\\\/shopatoa.com\\\/ro\\\/#website\",\"url\":\"https:\\\/\\\/shopatoa.com\\\/ro\\\/\",\"name\":\"SHOPATOA\",\"description\":\"\",\"publisher\":{\"@id\":\"https:\\\/\\\/shopatoa.com\\\/ro\\\/#organization\"},\"potentialAction\":[{\"@type\":\"SearchAction\",\"target\":{\"@type\":\"EntryPoint\",\"urlTemplate\":\"https:\\\/\\\/shopatoa.com\\\/ro\\\/?s={search_term_string}\"},\"query-input\":{\"@type\":\"PropertyValueSpecification\",\"valueRequired\":true,\"valueName\":\"search_term_string\"}}],\"inLanguage\":\"ro-RO\"},{\"@type\":\"Organization\",\"@id\":\"https:\\\/\\\/shopatoa.com\\\/ro\\\/#organization\",\"name\":\"SHOPATOA\",\"url\":\"https:\\\/\\\/shopatoa.com\\\/ro\\\/\",\"logo\":{\"@type\":\"ImageObject\",\"inLanguage\":\"ro-RO\",\"@id\":\"https:\\\/\\\/shopatoa.com\\\/ro\\\/#\\\/schema\\\/logo\\\/image\\\/\",\"url\":\"https:\\\/\\\/storage.googleapis.com\\\/cz-shopatoa-img\\\/ro\\\/b4dac915-shopatoa_logo.png\",\"contentUrl\":\"https:\\\/\\\/storage.googleapis.com\\\/cz-shopatoa-img\\\/ro\\\/b4dac915-shopatoa_logo.png\",\"width\":416,\"height\":63,\"caption\":\"SHOPATOA\"},\"image\":{\"@id\":\"https:\\\/\\\/shopatoa.com\\\/ro\\\/#\\\/schema\\\/logo\\\/image\\\/\"}}]}<\/script>\n<!-- \/ Yoast SEO plugin. -->","yoast_head_json":{"title":"Ziaja Ulei de \u00eenc\u0103lzire pentru masaj (Massage Oil) 500 ml - SHOPATOA.COM","robots":{"index":"index","follow":"follow","max-snippet":"max-snippet:-1","max-image-preview":"max-image-preview:large","max-video-preview":"max-video-preview:-1"},"canonical":"https:\/\/shopatoa.com\/ro\/ziaja-ulei-de-incalzire-pentru-masaj-massage-oil-500-ml\/","og_locale":"ro_RO","og_type":"article","og_title":"Ziaja Ulei de \u00eenc\u0103lzire pentru masaj (Massage Oil) 500 ml - SHOPATOA.COM","og_description":"Ulei de masaj \u00eenc\u0103lzitor pentru utilizare zilnic\u0103 acas\u0103 \u0219i \u00een saloane cosmetice, de fizioterapie \u0219i SPA Potrivit dup\u0103 peeling. Uleiul de masaj ofer\u0103 corpului un efect de \u00eenc\u0103lzire treptat\u0103, catifeleaz\u0103 \u0219i regenereaz\u0103 perfect pielea. Men\u021bine elasticitatea pielii la nivelul tenului t\u00e2n\u0103r. Ajut\u0103 la reducerea celulitei, ofer\u0103 o procedur\u0103 de masaj confortabil\u0103. Con\u021bine o compozi\u021bie de...","og_url":"https:\/\/shopatoa.com\/ro\/ziaja-ulei-de-incalzire-pentru-masaj-massage-oil-500-ml\/","og_site_name":"SHOPATOA","article_modified_time":"2025-12-14T14:44:37+00:00","og_image":[{"width":800,"height":800,"url":"https:\/\/storage.googleapis.com\/cz-shopatoa-img\/ro\/eb14e1e5-unnamed-file.webp","type":"image\/webp"}],"twitter_card":"summary_large_image","twitter_misc":{"Timp estimat pentru citire":"1 minut"},"schema":{"@context":"https:\/\/schema.org","@graph":[{"@type":"WebPage","@id":"https:\/\/shopatoa.com\/ro\/ziaja-ulei-de-incalzire-pentru-masaj-massage-oil-500-ml\/","url":"https:\/\/shopatoa.com\/ro\/ziaja-ulei-de-incalzire-pentru-masaj-massage-oil-500-ml\/","name":"Ziaja Ulei de \u00eenc\u0103lzire pentru masaj (Massage Oil) 500 ml - SHOPATOA.COM","isPartOf":{"@id":"https:\/\/shopatoa.com\/ro\/#website"},"primaryImageOfPage":{"@id":"https:\/\/shopatoa.com\/ro\/ziaja-ulei-de-incalzire-pentru-masaj-massage-oil-500-ml\/#primaryimage"},"image":{"@id":"https:\/\/shopatoa.com\/ro\/ziaja-ulei-de-incalzire-pentru-masaj-massage-oil-500-ml\/#primaryimage"},"thumbnailUrl":"https:\/\/storage.googleapis.com\/cz-shopatoa-img\/ro\/eb14e1e5-unnamed-file.webp","datePublished":"2025-05-17T10:17:08+00:00","dateModified":"2025-12-14T14:44:37+00:00","breadcrumb":{"@id":"https:\/\/shopatoa.com\/ro\/ziaja-ulei-de-incalzire-pentru-masaj-massage-oil-500-ml\/#breadcrumb"},"inLanguage":"ro-RO","potentialAction":[{"@type":"ReadAction","target":["https:\/\/shopatoa.com\/ro\/ziaja-ulei-de-incalzire-pentru-masaj-massage-oil-500-ml\/"]}]},{"@type":"ImageObject","inLanguage":"ro-RO","@id":"https:\/\/shopatoa.com\/ro\/ziaja-ulei-de-incalzire-pentru-masaj-massage-oil-500-ml\/#primaryimage","url":"https:\/\/storage.googleapis.com\/cz-shopatoa-img\/ro\/eb14e1e5-unnamed-file.webp","contentUrl":"https:\/\/storage.googleapis.com\/cz-shopatoa-img\/ro\/eb14e1e5-unnamed-file.webp","width":800,"height":800},{"@type":"BreadcrumbList","@id":"https:\/\/shopatoa.com\/ro\/ziaja-ulei-de-incalzire-pentru-masaj-massage-oil-500-ml\/#breadcrumb","itemListElement":[{"@type":"ListItem","position":1,"name":"Dom\u016f","item":"https:\/\/shopatoa.com\/ro\/"},{"@type":"ListItem","position":2,"name":"Shop","item":"https:\/\/shopatoa.com\/ro\/shop\/"},{"@type":"ListItem","position":3,"name":"Cosmetice","item":"https:\/\/shopatoa.com\/ro\/cosmetice\/"},{"@type":"ListItem","position":4,"name":"Produse cosmetice pentru corp","item":"https:\/\/shopatoa.com\/ro\/produse-cosmetice-pentru-corp\/"},{"@type":"ListItem","position":5,"name":"Cosmetica pentru \u00eengrijirea corpului","item":"https:\/\/shopatoa.com\/ro\/cosmetica-pentru-ingrijirea-corpului\/"},{"@type":"ListItem","position":6,"name":"Cosmetice \u00eempotriva celulitei \u0219i vergeturilor","item":"https:\/\/shopatoa.com\/ro\/cosmetice-impotriva-celulitei-si-vergeturilor\/"},{"@type":"ListItem","position":7,"name":"Ziaja Ulei de \u00eenc\u0103lzire pentru masaj (Massage Oil) 500 ml"}]},{"@type":"WebSite","@id":"https:\/\/shopatoa.com\/ro\/#website","url":"https:\/\/shopatoa.com\/ro\/","name":"SHOPATOA","description":"","publisher":{"@id":"https:\/\/shopatoa.com\/ro\/#organization"},"potentialAction":[{"@type":"SearchAction","target":{"@type":"EntryPoint","urlTemplate":"https:\/\/shopatoa.com\/ro\/?s={search_term_string}"},"query-input":{"@type":"PropertyValueSpecification","valueRequired":true,"valueName":"search_term_string"}}],"inLanguage":"ro-RO"},{"@type":"Organization","@id":"https:\/\/shopatoa.com\/ro\/#organization","name":"SHOPATOA","url":"https:\/\/shopatoa.com\/ro\/","logo":{"@type":"ImageObject","inLanguage":"ro-RO","@id":"https:\/\/shopatoa.com\/ro\/#\/schema\/logo\/image\/","url":"https:\/\/storage.googleapis.com\/cz-shopatoa-img\/ro\/b4dac915-shopatoa_logo.png","contentUrl":"https:\/\/storage.googleapis.com\/cz-shopatoa-img\/ro\/b4dac915-shopatoa_logo.png","width":416,"height":63,"caption":"SHOPATOA"},"image":{"@id":"https:\/\/shopatoa.com\/ro\/#\/schema\/logo\/image\/"}}]}},"_links":{"self":[{"href":"https:\/\/shopatoa.com\/ro\/wp-json\/wp\/v2\/product\/339870","targetHints":{"allow":["GET"]}}],"collection":[{"href":"https:\/\/shopatoa.com\/ro\/wp-json\/wp\/v2\/product"}],"about":[{"href":"https:\/\/shopatoa.com\/ro\/wp-json\/wp\/v2\/types\/product"}],"replies":[{"embeddable":true,"href":"https:\/\/shopatoa.com\/ro\/wp-json\/wp\/v2\/comments?post=339870"}],"wp:featuredmedia":[{"embeddable":true,"href":"https:\/\/shopatoa.com\/ro\/wp-json\/wp\/v2\/media\/339871"}],"wp:attachment":[{"href":"https:\/\/shopatoa.com\/ro\/wp-json\/wp\/v2\/media?parent=339870"}],"wp:term":[{"taxonomy":"product_brand","embeddable":true,"href":"https:\/\/shopatoa.com\/ro\/wp-json\/wp\/v2\/product_brand?post=339870"},{"taxonomy":"product_cat","embeddable":true,"href":"https:\/\/shopatoa.com\/ro\/wp-json\/wp\/v2\/product_cat?post=339870"},{"taxonomy":"product_tag","embeddable":true,"href":"https:\/\/shopatoa.com\/ro\/wp-json\/wp\/v2\/product_tag?post=339870"}],"curies":[{"name":"wp","href":"https:\/\/api.w.org\/{rel}","templated":true}]}}