{"id":340055,"date":"2025-05-17T12:47:39","date_gmt":"2025-05-17T10:47:39","guid":{"rendered":"https:\/\/shopatoa.com\/ro\/dr-lancer-emulsie-demachianta-pentru-ten-normal-si-mixt-the-method-cleanse-120-ml\/"},"modified":"2025-05-17T12:49:24","modified_gmt":"2025-05-17T10:49:24","slug":"dr-lancer-emulsie-demachianta-pentru-ten-normal-si-mixt-the-method-cleanse-120-ml","status":"publish","type":"product","link":"https:\/\/shopatoa.com\/ro\/dr-lancer-emulsie-demachianta-pentru-ten-normal-si-mixt-the-method-cleanse-120-ml\/","title":{"rendered":"Dr. Lancer Emulsie demachiant\u0103 pentru ten normal \u0219i mixt (The Method: Cleanse) 120 ml"},"content":{"rendered":"<p>O emulsie bl\u00e2nd\u0103 \u0219i u\u0219or spumoas\u0103, conceput\u0103 pentru a restabili \u0219i men\u021bine echilibrul pH-ului pielii, \u00eendep\u0103rt\u00e2nd \u00een acela\u0219i timp celulele moarte \u0219i impurit\u0103\u021bile pielii pentru o piele cu aspect mai s\u0103n\u0103tos. Lancer The Method: Cleanse Normal-Combination Skin este al doilea pas al Metodei Lancer The Lancer Method. Este \u00eembog\u0103\u021bit\u0103 cu proteine din m\u0103tase de orez, aminoacizi si extract de aloe. \u00cendep\u0103rteaz\u0103 u\u0219or impurit\u0103\u021bile \u0219i sebumul pentru o piele cu aspect s\u0103n\u0103tos, echilibrat \u0219i m\u0103t\u0103sos.<\/p>\n","protected":false},"excerpt":{"rendered":"<p>O emulsie bl\u00e2nd\u0103 \u0219i u\u0219or spumoas\u0103, conceput\u0103 pentru a restabili \u0219i men\u021bine echilibrul pH-ului pielii, \u00eendep\u0103rt\u00e2nd \u00een acela\u0219i timp celulele moarte \u0219i impurit\u0103\u021bile pielii pentru o piele cu aspect mai s\u0103n\u0103tos. Lancer The Method: Cleanse Normal-Combination Skin este al doilea pas al Metodei Lancer The Lancer Method. Este \u00eembog\u0103\u021bit\u0103 cu proteine din m\u0103tase de orez,&#8230;<\/p>\n","protected":false},"featured_media":340056,"comment_status":"closed","ping_status":"open","template":"","meta":{"_acf_changed":false,"_kadence_starter_templates_imported_post":false,"_kad_post_transparent":"","_kad_post_title":"","_kad_post_layout":"","_kad_post_sidebar_id":"","_kad_post_content_style":"","_kad_post_vertical_padding":"","_kad_post_feature":"","_kad_post_feature_position":"","_kad_post_header":false,"_kad_post_footer":false,"_kad_post_classname":""},"product_brand":[831],"product_cat":[246,660,634,706,633],"product_tag":[],"class_list":{"0":"post-340055","1":"product","2":"type-product","3":"status-publish","4":"has-post-thumbnail","6":"product_brand-dr-lancer","7":"product_cat-cosmetice","8":"product_cat-curatarea-demachierea-fetei","9":"product_cat-produse-cosmetice-de-ingrijire-a-pielii","10":"product_cat-produse-cosmetice-pentru-curatare","11":"product_cat-produse-cosmetice-pentru-piele","13":"first","14":"instock","15":"product-type-external","16":"entry","17":"content-bg","18":"loop-entry"},"acf":[],"yoast_head":"<!-- This site is optimized with the Yoast SEO plugin v27.3 - https:\/\/yoast.com\/product\/yoast-seo-wordpress\/ -->\n<title>Dr. Lancer Emulsie demachiant\u0103 pentru ten normal \u0219i mixt (The Method: Cleanse) 120 ml - SHOPATOA.COM<\/title>\n<meta name=\"robots\" content=\"index, follow, max-snippet:-1, max-image-preview:large, max-video-preview:-1\" \/>\n<link rel=\"canonical\" href=\"https:\/\/shopatoa.com\/ro\/dr-lancer-emulsie-demachianta-pentru-ten-normal-si-mixt-the-method-cleanse-120-ml\/\" \/>\n<meta property=\"og:locale\" content=\"ro_RO\" \/>\n<meta property=\"og:type\" content=\"article\" \/>\n<meta property=\"og:title\" content=\"Dr. Lancer Emulsie demachiant\u0103 pentru ten normal \u0219i mixt (The Method: Cleanse) 120 ml - SHOPATOA.COM\" \/>\n<meta property=\"og:description\" content=\"O emulsie bl\u00e2nd\u0103 \u0219i u\u0219or spumoas\u0103, conceput\u0103 pentru a restabili \u0219i men\u021bine echilibrul pH-ului pielii, \u00eendep\u0103rt\u00e2nd \u00een acela\u0219i timp celulele moarte \u0219i impurit\u0103\u021bile pielii pentru o piele cu aspect mai s\u0103n\u0103tos. Lancer The Method: Cleanse Normal-Combination Skin este al doilea pas al Metodei Lancer The Lancer Method. Este \u00eembog\u0103\u021bit\u0103 cu proteine din m\u0103tase de orez,...\" \/>\n<meta property=\"og:url\" content=\"https:\/\/shopatoa.com\/ro\/dr-lancer-emulsie-demachianta-pentru-ten-normal-si-mixt-the-method-cleanse-120-ml\/\" \/>\n<meta property=\"og:site_name\" content=\"SHOPATOA\" \/>\n<meta property=\"article:modified_time\" content=\"2025-05-17T10:49:24+00:00\" \/>\n<meta property=\"og:image\" content=\"https:\/\/storage.googleapis.com\/cz-shopatoa-img\/ro\/4d1e4c5c-unnamed-file.webp\" \/>\n\t<meta property=\"og:image:width\" content=\"800\" \/>\n\t<meta property=\"og:image:height\" content=\"800\" \/>\n\t<meta property=\"og:image:type\" content=\"image\/webp\" \/>\n<meta name=\"twitter:card\" content=\"summary_large_image\" \/>\n<script type=\"application\/ld+json\" class=\"yoast-schema-graph\">{\"@context\":\"https:\\\/\\\/schema.org\",\"@graph\":[{\"@type\":\"WebPage\",\"@id\":\"https:\\\/\\\/shopatoa.com\\\/ro\\\/dr-lancer-emulsie-demachianta-pentru-ten-normal-si-mixt-the-method-cleanse-120-ml\\\/\",\"url\":\"https:\\\/\\\/shopatoa.com\\\/ro\\\/dr-lancer-emulsie-demachianta-pentru-ten-normal-si-mixt-the-method-cleanse-120-ml\\\/\",\"name\":\"Dr. Lancer Emulsie demachiant\u0103 pentru ten normal \u0219i mixt (The Method: Cleanse) 120 ml - SHOPATOA.COM\",\"isPartOf\":{\"@id\":\"https:\\\/\\\/shopatoa.com\\\/ro\\\/#website\"},\"primaryImageOfPage\":{\"@id\":\"https:\\\/\\\/shopatoa.com\\\/ro\\\/dr-lancer-emulsie-demachianta-pentru-ten-normal-si-mixt-the-method-cleanse-120-ml\\\/#primaryimage\"},\"image\":{\"@id\":\"https:\\\/\\\/shopatoa.com\\\/ro\\\/dr-lancer-emulsie-demachianta-pentru-ten-normal-si-mixt-the-method-cleanse-120-ml\\\/#primaryimage\"},\"thumbnailUrl\":\"https:\\\/\\\/storage.googleapis.com\\\/cz-shopatoa-img\\\/ro\\\/4d1e4c5c-unnamed-file.webp\",\"datePublished\":\"2025-05-17T10:47:39+00:00\",\"dateModified\":\"2025-05-17T10:49:24+00:00\",\"breadcrumb\":{\"@id\":\"https:\\\/\\\/shopatoa.com\\\/ro\\\/dr-lancer-emulsie-demachianta-pentru-ten-normal-si-mixt-the-method-cleanse-120-ml\\\/#breadcrumb\"},\"inLanguage\":\"ro-RO\",\"potentialAction\":[{\"@type\":\"ReadAction\",\"target\":[\"https:\\\/\\\/shopatoa.com\\\/ro\\\/dr-lancer-emulsie-demachianta-pentru-ten-normal-si-mixt-the-method-cleanse-120-ml\\\/\"]}]},{\"@type\":\"ImageObject\",\"inLanguage\":\"ro-RO\",\"@id\":\"https:\\\/\\\/shopatoa.com\\\/ro\\\/dr-lancer-emulsie-demachianta-pentru-ten-normal-si-mixt-the-method-cleanse-120-ml\\\/#primaryimage\",\"url\":\"https:\\\/\\\/storage.googleapis.com\\\/cz-shopatoa-img\\\/ro\\\/4d1e4c5c-unnamed-file.webp\",\"contentUrl\":\"https:\\\/\\\/storage.googleapis.com\\\/cz-shopatoa-img\\\/ro\\\/4d1e4c5c-unnamed-file.webp\",\"width\":800,\"height\":800},{\"@type\":\"BreadcrumbList\",\"@id\":\"https:\\\/\\\/shopatoa.com\\\/ro\\\/dr-lancer-emulsie-demachianta-pentru-ten-normal-si-mixt-the-method-cleanse-120-ml\\\/#breadcrumb\",\"itemListElement\":[{\"@type\":\"ListItem\",\"position\":1,\"name\":\"Dom\u016f\",\"item\":\"https:\\\/\\\/shopatoa.com\\\/ro\\\/\"},{\"@type\":\"ListItem\",\"position\":2,\"name\":\"Shop\",\"item\":\"https:\\\/\\\/shopatoa.com\\\/ro\\\/shop\\\/\"},{\"@type\":\"ListItem\",\"position\":3,\"name\":\"Dr. Lancer Emulsie demachiant\u0103 pentru ten normal \u0219i mixt (The Method: Cleanse) 120 ml\"}]},{\"@type\":\"WebSite\",\"@id\":\"https:\\\/\\\/shopatoa.com\\\/ro\\\/#website\",\"url\":\"https:\\\/\\\/shopatoa.com\\\/ro\\\/\",\"name\":\"SHOPATOA\",\"description\":\"\",\"publisher\":{\"@id\":\"https:\\\/\\\/shopatoa.com\\\/ro\\\/#organization\"},\"potentialAction\":[{\"@type\":\"SearchAction\",\"target\":{\"@type\":\"EntryPoint\",\"urlTemplate\":\"https:\\\/\\\/shopatoa.com\\\/ro\\\/?s={search_term_string}\"},\"query-input\":{\"@type\":\"PropertyValueSpecification\",\"valueRequired\":true,\"valueName\":\"search_term_string\"}}],\"inLanguage\":\"ro-RO\"},{\"@type\":\"Organization\",\"@id\":\"https:\\\/\\\/shopatoa.com\\\/ro\\\/#organization\",\"name\":\"SHOPATOA\",\"url\":\"https:\\\/\\\/shopatoa.com\\\/ro\\\/\",\"logo\":{\"@type\":\"ImageObject\",\"inLanguage\":\"ro-RO\",\"@id\":\"https:\\\/\\\/shopatoa.com\\\/ro\\\/#\\\/schema\\\/logo\\\/image\\\/\",\"url\":\"https:\\\/\\\/storage.googleapis.com\\\/cz-shopatoa-img\\\/ro\\\/b4dac915-shopatoa_logo.png\",\"contentUrl\":\"https:\\\/\\\/storage.googleapis.com\\\/cz-shopatoa-img\\\/ro\\\/b4dac915-shopatoa_logo.png\",\"width\":416,\"height\":63,\"caption\":\"SHOPATOA\"},\"image\":{\"@id\":\"https:\\\/\\\/shopatoa.com\\\/ro\\\/#\\\/schema\\\/logo\\\/image\\\/\"}}]}<\/script>\n<!-- \/ Yoast SEO plugin. -->","yoast_head_json":{"title":"Dr. Lancer Emulsie demachiant\u0103 pentru ten normal \u0219i mixt (The Method: Cleanse) 120 ml - SHOPATOA.COM","robots":{"index":"index","follow":"follow","max-snippet":"max-snippet:-1","max-image-preview":"max-image-preview:large","max-video-preview":"max-video-preview:-1"},"canonical":"https:\/\/shopatoa.com\/ro\/dr-lancer-emulsie-demachianta-pentru-ten-normal-si-mixt-the-method-cleanse-120-ml\/","og_locale":"ro_RO","og_type":"article","og_title":"Dr. Lancer Emulsie demachiant\u0103 pentru ten normal \u0219i mixt (The Method: Cleanse) 120 ml - SHOPATOA.COM","og_description":"O emulsie bl\u00e2nd\u0103 \u0219i u\u0219or spumoas\u0103, conceput\u0103 pentru a restabili \u0219i men\u021bine echilibrul pH-ului pielii, \u00eendep\u0103rt\u00e2nd \u00een acela\u0219i timp celulele moarte \u0219i impurit\u0103\u021bile pielii pentru o piele cu aspect mai s\u0103n\u0103tos. Lancer The Method: Cleanse Normal-Combination Skin este al doilea pas al Metodei Lancer The Lancer Method. Este \u00eembog\u0103\u021bit\u0103 cu proteine din m\u0103tase de orez,...","og_url":"https:\/\/shopatoa.com\/ro\/dr-lancer-emulsie-demachianta-pentru-ten-normal-si-mixt-the-method-cleanse-120-ml\/","og_site_name":"SHOPATOA","article_modified_time":"2025-05-17T10:49:24+00:00","og_image":[{"width":800,"height":800,"url":"https:\/\/storage.googleapis.com\/cz-shopatoa-img\/ro\/4d1e4c5c-unnamed-file.webp","type":"image\/webp"}],"twitter_card":"summary_large_image","schema":{"@context":"https:\/\/schema.org","@graph":[{"@type":"WebPage","@id":"https:\/\/shopatoa.com\/ro\/dr-lancer-emulsie-demachianta-pentru-ten-normal-si-mixt-the-method-cleanse-120-ml\/","url":"https:\/\/shopatoa.com\/ro\/dr-lancer-emulsie-demachianta-pentru-ten-normal-si-mixt-the-method-cleanse-120-ml\/","name":"Dr. Lancer Emulsie demachiant\u0103 pentru ten normal \u0219i mixt (The Method: Cleanse) 120 ml - SHOPATOA.COM","isPartOf":{"@id":"https:\/\/shopatoa.com\/ro\/#website"},"primaryImageOfPage":{"@id":"https:\/\/shopatoa.com\/ro\/dr-lancer-emulsie-demachianta-pentru-ten-normal-si-mixt-the-method-cleanse-120-ml\/#primaryimage"},"image":{"@id":"https:\/\/shopatoa.com\/ro\/dr-lancer-emulsie-demachianta-pentru-ten-normal-si-mixt-the-method-cleanse-120-ml\/#primaryimage"},"thumbnailUrl":"https:\/\/storage.googleapis.com\/cz-shopatoa-img\/ro\/4d1e4c5c-unnamed-file.webp","datePublished":"2025-05-17T10:47:39+00:00","dateModified":"2025-05-17T10:49:24+00:00","breadcrumb":{"@id":"https:\/\/shopatoa.com\/ro\/dr-lancer-emulsie-demachianta-pentru-ten-normal-si-mixt-the-method-cleanse-120-ml\/#breadcrumb"},"inLanguage":"ro-RO","potentialAction":[{"@type":"ReadAction","target":["https:\/\/shopatoa.com\/ro\/dr-lancer-emulsie-demachianta-pentru-ten-normal-si-mixt-the-method-cleanse-120-ml\/"]}]},{"@type":"ImageObject","inLanguage":"ro-RO","@id":"https:\/\/shopatoa.com\/ro\/dr-lancer-emulsie-demachianta-pentru-ten-normal-si-mixt-the-method-cleanse-120-ml\/#primaryimage","url":"https:\/\/storage.googleapis.com\/cz-shopatoa-img\/ro\/4d1e4c5c-unnamed-file.webp","contentUrl":"https:\/\/storage.googleapis.com\/cz-shopatoa-img\/ro\/4d1e4c5c-unnamed-file.webp","width":800,"height":800},{"@type":"BreadcrumbList","@id":"https:\/\/shopatoa.com\/ro\/dr-lancer-emulsie-demachianta-pentru-ten-normal-si-mixt-the-method-cleanse-120-ml\/#breadcrumb","itemListElement":[{"@type":"ListItem","position":1,"name":"Dom\u016f","item":"https:\/\/shopatoa.com\/ro\/"},{"@type":"ListItem","position":2,"name":"Shop","item":"https:\/\/shopatoa.com\/ro\/shop\/"},{"@type":"ListItem","position":3,"name":"Dr. Lancer Emulsie demachiant\u0103 pentru ten normal \u0219i mixt (The Method: Cleanse) 120 ml"}]},{"@type":"WebSite","@id":"https:\/\/shopatoa.com\/ro\/#website","url":"https:\/\/shopatoa.com\/ro\/","name":"SHOPATOA","description":"","publisher":{"@id":"https:\/\/shopatoa.com\/ro\/#organization"},"potentialAction":[{"@type":"SearchAction","target":{"@type":"EntryPoint","urlTemplate":"https:\/\/shopatoa.com\/ro\/?s={search_term_string}"},"query-input":{"@type":"PropertyValueSpecification","valueRequired":true,"valueName":"search_term_string"}}],"inLanguage":"ro-RO"},{"@type":"Organization","@id":"https:\/\/shopatoa.com\/ro\/#organization","name":"SHOPATOA","url":"https:\/\/shopatoa.com\/ro\/","logo":{"@type":"ImageObject","inLanguage":"ro-RO","@id":"https:\/\/shopatoa.com\/ro\/#\/schema\/logo\/image\/","url":"https:\/\/storage.googleapis.com\/cz-shopatoa-img\/ro\/b4dac915-shopatoa_logo.png","contentUrl":"https:\/\/storage.googleapis.com\/cz-shopatoa-img\/ro\/b4dac915-shopatoa_logo.png","width":416,"height":63,"caption":"SHOPATOA"},"image":{"@id":"https:\/\/shopatoa.com\/ro\/#\/schema\/logo\/image\/"}}]}},"_links":{"self":[{"href":"https:\/\/shopatoa.com\/ro\/wp-json\/wp\/v2\/product\/340055","targetHints":{"allow":["GET"]}}],"collection":[{"href":"https:\/\/shopatoa.com\/ro\/wp-json\/wp\/v2\/product"}],"about":[{"href":"https:\/\/shopatoa.com\/ro\/wp-json\/wp\/v2\/types\/product"}],"replies":[{"embeddable":true,"href":"https:\/\/shopatoa.com\/ro\/wp-json\/wp\/v2\/comments?post=340055"}],"wp:featuredmedia":[{"embeddable":true,"href":"https:\/\/shopatoa.com\/ro\/wp-json\/wp\/v2\/media\/340056"}],"wp:attachment":[{"href":"https:\/\/shopatoa.com\/ro\/wp-json\/wp\/v2\/media?parent=340055"}],"wp:term":[{"taxonomy":"product_brand","embeddable":true,"href":"https:\/\/shopatoa.com\/ro\/wp-json\/wp\/v2\/product_brand?post=340055"},{"taxonomy":"product_cat","embeddable":true,"href":"https:\/\/shopatoa.com\/ro\/wp-json\/wp\/v2\/product_cat?post=340055"},{"taxonomy":"product_tag","embeddable":true,"href":"https:\/\/shopatoa.com\/ro\/wp-json\/wp\/v2\/product_tag?post=340055"}],"curies":[{"name":"wp","href":"https:\/\/api.w.org\/{rel}","templated":true}]}}