{"id":341002,"date":"2025-05-17T15:40:30","date_gmt":"2025-05-17T13:40:30","guid":{"rendered":"https:\/\/shopatoa.com\/ro\/annemarie-borlind-ruj-matifiant-liquid-lipstick-matt-95-ml-matt-nude\/"},"modified":"2025-05-17T15:40:47","modified_gmt":"2025-05-17T13:40:47","slug":"annemarie-borlind-ruj-matifiant-liquid-lipstick-matt-95-ml-matt-nude","status":"publish","type":"product","link":"https:\/\/shopatoa.com\/ro\/annemarie-borlind-ruj-matifiant-liquid-lipstick-matt-95-ml-matt-nude\/","title":{"rendered":"ANNEMARIE BORLIND Ruj matifiant (Liquid Lipstick Matt) 9,5 ml Matt Nude"},"content":{"rendered":"<p>Un ruj lichid mat cu o textur\u0103 pl\u0103cut\u0103 \u0219i acoperire mare. Rujul ofer\u0103 buzelor un efect mat atr\u0103g\u0103tor care \u00eembun\u0103t\u0103\u021be\u0219te machiajul general. Compozi\u021bia con\u021bine ingrediente naturale, cum ar fi marula \u0219i uleiul de nuc\u0103 de cocos, care au un efect nutritiv, adaug\u0103 hidratare buzelor \u0219i asigur\u0103 confort maxim \u00een timpul purt\u0103rii.<\/p>\n","protected":false},"excerpt":{"rendered":"<p>Un ruj lichid mat cu o textur\u0103 pl\u0103cut\u0103 \u0219i acoperire mare. Rujul ofer\u0103 buzelor un efect mat atr\u0103g\u0103tor care \u00eembun\u0103t\u0103\u021be\u0219te machiajul general. Compozi\u021bia con\u021bine ingrediente naturale, cum ar fi marula \u0219i uleiul de nuc\u0103 de cocos, care au un efect nutritiv, adaug\u0103 hidratare buzelor \u0219i asigur\u0103 confort maxim \u00een timpul purt\u0103rii.<\/p>\n","protected":false},"featured_media":341003,"comment_status":"closed","ping_status":"open","template":"","meta":{"_acf_changed":false,"_kadence_starter_templates_imported_post":false,"_kad_post_transparent":"","_kad_post_title":"","_kad_post_layout":"","_kad_post_sidebar_id":"","_kad_post_content_style":"","_kad_post_vertical_padding":"","_kad_post_feature":"","_kad_post_feature_position":"","_kad_post_header":false,"_kad_post_footer":false,"_kad_post_classname":""},"product_brand":[112],"product_cat":[246,609,638,664],"product_tag":[],"class_list":{"0":"post-341002","1":"product","2":"type-product","3":"status-publish","4":"has-post-thumbnail","6":"product_brand-annemarie-borlind","7":"product_cat-cosmetice","8":"product_cat-cosmetice-decorative","9":"product_cat-machiaj-pentru-buze","10":"product_cat-ruj-de-buze","12":"first","13":"instock","14":"product-type-external","15":"entry","16":"content-bg","17":"loop-entry"},"acf":[],"yoast_head":"<!-- This site is optimized with the Yoast SEO plugin v27.3 - https:\/\/yoast.com\/product\/yoast-seo-wordpress\/ -->\n<title>ANNEMARIE BORLIND Ruj matifiant (Liquid Lipstick Matt) 9,5 ml Matt Nude - SHOPATOA.COM<\/title>\n<meta name=\"robots\" content=\"index, follow, max-snippet:-1, max-image-preview:large, max-video-preview:-1\" \/>\n<link rel=\"canonical\" href=\"https:\/\/shopatoa.com\/ro\/annemarie-borlind-ruj-matifiant-liquid-lipstick-matt-95-ml-matt-nude\/\" \/>\n<meta property=\"og:locale\" content=\"ro_RO\" \/>\n<meta property=\"og:type\" content=\"article\" \/>\n<meta property=\"og:title\" content=\"ANNEMARIE BORLIND Ruj matifiant (Liquid Lipstick Matt) 9,5 ml Matt Nude - SHOPATOA.COM\" \/>\n<meta property=\"og:description\" content=\"Un ruj lichid mat cu o textur\u0103 pl\u0103cut\u0103 \u0219i acoperire mare. Rujul ofer\u0103 buzelor un efect mat atr\u0103g\u0103tor care \u00eembun\u0103t\u0103\u021be\u0219te machiajul general. Compozi\u021bia con\u021bine ingrediente naturale, cum ar fi marula \u0219i uleiul de nuc\u0103 de cocos, care au un efect nutritiv, adaug\u0103 hidratare buzelor \u0219i asigur\u0103 confort maxim \u00een timpul purt\u0103rii.\" \/>\n<meta property=\"og:url\" content=\"https:\/\/shopatoa.com\/ro\/annemarie-borlind-ruj-matifiant-liquid-lipstick-matt-95-ml-matt-nude\/\" \/>\n<meta property=\"og:site_name\" content=\"SHOPATOA\" \/>\n<meta property=\"article:modified_time\" content=\"2025-05-17T13:40:47+00:00\" \/>\n<meta property=\"og:image\" content=\"https:\/\/storage.googleapis.com\/cz-shopatoa-img\/ro\/1247ebd8-unnamed-file.webp\" \/>\n\t<meta property=\"og:image:width\" content=\"800\" \/>\n\t<meta property=\"og:image:height\" content=\"800\" \/>\n\t<meta property=\"og:image:type\" content=\"image\/webp\" \/>\n<meta name=\"twitter:card\" content=\"summary_large_image\" \/>\n<script type=\"application\/ld+json\" class=\"yoast-schema-graph\">{\"@context\":\"https:\\\/\\\/schema.org\",\"@graph\":[{\"@type\":\"WebPage\",\"@id\":\"https:\\\/\\\/shopatoa.com\\\/ro\\\/annemarie-borlind-ruj-matifiant-liquid-lipstick-matt-95-ml-matt-nude\\\/\",\"url\":\"https:\\\/\\\/shopatoa.com\\\/ro\\\/annemarie-borlind-ruj-matifiant-liquid-lipstick-matt-95-ml-matt-nude\\\/\",\"name\":\"ANNEMARIE BORLIND Ruj matifiant (Liquid Lipstick Matt) 9,5 ml Matt Nude - SHOPATOA.COM\",\"isPartOf\":{\"@id\":\"https:\\\/\\\/shopatoa.com\\\/ro\\\/#website\"},\"primaryImageOfPage\":{\"@id\":\"https:\\\/\\\/shopatoa.com\\\/ro\\\/annemarie-borlind-ruj-matifiant-liquid-lipstick-matt-95-ml-matt-nude\\\/#primaryimage\"},\"image\":{\"@id\":\"https:\\\/\\\/shopatoa.com\\\/ro\\\/annemarie-borlind-ruj-matifiant-liquid-lipstick-matt-95-ml-matt-nude\\\/#primaryimage\"},\"thumbnailUrl\":\"https:\\\/\\\/storage.googleapis.com\\\/cz-shopatoa-img\\\/ro\\\/1247ebd8-unnamed-file.webp\",\"datePublished\":\"2025-05-17T13:40:30+00:00\",\"dateModified\":\"2025-05-17T13:40:47+00:00\",\"breadcrumb\":{\"@id\":\"https:\\\/\\\/shopatoa.com\\\/ro\\\/annemarie-borlind-ruj-matifiant-liquid-lipstick-matt-95-ml-matt-nude\\\/#breadcrumb\"},\"inLanguage\":\"ro-RO\",\"potentialAction\":[{\"@type\":\"ReadAction\",\"target\":[\"https:\\\/\\\/shopatoa.com\\\/ro\\\/annemarie-borlind-ruj-matifiant-liquid-lipstick-matt-95-ml-matt-nude\\\/\"]}]},{\"@type\":\"ImageObject\",\"inLanguage\":\"ro-RO\",\"@id\":\"https:\\\/\\\/shopatoa.com\\\/ro\\\/annemarie-borlind-ruj-matifiant-liquid-lipstick-matt-95-ml-matt-nude\\\/#primaryimage\",\"url\":\"https:\\\/\\\/storage.googleapis.com\\\/cz-shopatoa-img\\\/ro\\\/1247ebd8-unnamed-file.webp\",\"contentUrl\":\"https:\\\/\\\/storage.googleapis.com\\\/cz-shopatoa-img\\\/ro\\\/1247ebd8-unnamed-file.webp\",\"width\":800,\"height\":800},{\"@type\":\"BreadcrumbList\",\"@id\":\"https:\\\/\\\/shopatoa.com\\\/ro\\\/annemarie-borlind-ruj-matifiant-liquid-lipstick-matt-95-ml-matt-nude\\\/#breadcrumb\",\"itemListElement\":[{\"@type\":\"ListItem\",\"position\":1,\"name\":\"Dom\u016f\",\"item\":\"https:\\\/\\\/shopatoa.com\\\/ro\\\/\"},{\"@type\":\"ListItem\",\"position\":2,\"name\":\"Shop\",\"item\":\"https:\\\/\\\/shopatoa.com\\\/ro\\\/shop\\\/\"},{\"@type\":\"ListItem\",\"position\":3,\"name\":\"ANNEMARIE BORLIND Ruj matifiant (Liquid Lipstick Matt) 9,5 ml Matt Nude\"}]},{\"@type\":\"WebSite\",\"@id\":\"https:\\\/\\\/shopatoa.com\\\/ro\\\/#website\",\"url\":\"https:\\\/\\\/shopatoa.com\\\/ro\\\/\",\"name\":\"SHOPATOA\",\"description\":\"\",\"publisher\":{\"@id\":\"https:\\\/\\\/shopatoa.com\\\/ro\\\/#organization\"},\"potentialAction\":[{\"@type\":\"SearchAction\",\"target\":{\"@type\":\"EntryPoint\",\"urlTemplate\":\"https:\\\/\\\/shopatoa.com\\\/ro\\\/?s={search_term_string}\"},\"query-input\":{\"@type\":\"PropertyValueSpecification\",\"valueRequired\":true,\"valueName\":\"search_term_string\"}}],\"inLanguage\":\"ro-RO\"},{\"@type\":\"Organization\",\"@id\":\"https:\\\/\\\/shopatoa.com\\\/ro\\\/#organization\",\"name\":\"SHOPATOA\",\"url\":\"https:\\\/\\\/shopatoa.com\\\/ro\\\/\",\"logo\":{\"@type\":\"ImageObject\",\"inLanguage\":\"ro-RO\",\"@id\":\"https:\\\/\\\/shopatoa.com\\\/ro\\\/#\\\/schema\\\/logo\\\/image\\\/\",\"url\":\"https:\\\/\\\/storage.googleapis.com\\\/cz-shopatoa-img\\\/ro\\\/b4dac915-shopatoa_logo.png\",\"contentUrl\":\"https:\\\/\\\/storage.googleapis.com\\\/cz-shopatoa-img\\\/ro\\\/b4dac915-shopatoa_logo.png\",\"width\":416,\"height\":63,\"caption\":\"SHOPATOA\"},\"image\":{\"@id\":\"https:\\\/\\\/shopatoa.com\\\/ro\\\/#\\\/schema\\\/logo\\\/image\\\/\"}}]}<\/script>\n<!-- \/ Yoast SEO plugin. -->","yoast_head_json":{"title":"ANNEMARIE BORLIND Ruj matifiant (Liquid Lipstick Matt) 9,5 ml Matt Nude - SHOPATOA.COM","robots":{"index":"index","follow":"follow","max-snippet":"max-snippet:-1","max-image-preview":"max-image-preview:large","max-video-preview":"max-video-preview:-1"},"canonical":"https:\/\/shopatoa.com\/ro\/annemarie-borlind-ruj-matifiant-liquid-lipstick-matt-95-ml-matt-nude\/","og_locale":"ro_RO","og_type":"article","og_title":"ANNEMARIE BORLIND Ruj matifiant (Liquid Lipstick Matt) 9,5 ml Matt Nude - SHOPATOA.COM","og_description":"Un ruj lichid mat cu o textur\u0103 pl\u0103cut\u0103 \u0219i acoperire mare. Rujul ofer\u0103 buzelor un efect mat atr\u0103g\u0103tor care \u00eembun\u0103t\u0103\u021be\u0219te machiajul general. Compozi\u021bia con\u021bine ingrediente naturale, cum ar fi marula \u0219i uleiul de nuc\u0103 de cocos, care au un efect nutritiv, adaug\u0103 hidratare buzelor \u0219i asigur\u0103 confort maxim \u00een timpul purt\u0103rii.","og_url":"https:\/\/shopatoa.com\/ro\/annemarie-borlind-ruj-matifiant-liquid-lipstick-matt-95-ml-matt-nude\/","og_site_name":"SHOPATOA","article_modified_time":"2025-05-17T13:40:47+00:00","og_image":[{"width":800,"height":800,"url":"https:\/\/storage.googleapis.com\/cz-shopatoa-img\/ro\/1247ebd8-unnamed-file.webp","type":"image\/webp"}],"twitter_card":"summary_large_image","schema":{"@context":"https:\/\/schema.org","@graph":[{"@type":"WebPage","@id":"https:\/\/shopatoa.com\/ro\/annemarie-borlind-ruj-matifiant-liquid-lipstick-matt-95-ml-matt-nude\/","url":"https:\/\/shopatoa.com\/ro\/annemarie-borlind-ruj-matifiant-liquid-lipstick-matt-95-ml-matt-nude\/","name":"ANNEMARIE BORLIND Ruj matifiant (Liquid Lipstick Matt) 9,5 ml Matt Nude - SHOPATOA.COM","isPartOf":{"@id":"https:\/\/shopatoa.com\/ro\/#website"},"primaryImageOfPage":{"@id":"https:\/\/shopatoa.com\/ro\/annemarie-borlind-ruj-matifiant-liquid-lipstick-matt-95-ml-matt-nude\/#primaryimage"},"image":{"@id":"https:\/\/shopatoa.com\/ro\/annemarie-borlind-ruj-matifiant-liquid-lipstick-matt-95-ml-matt-nude\/#primaryimage"},"thumbnailUrl":"https:\/\/storage.googleapis.com\/cz-shopatoa-img\/ro\/1247ebd8-unnamed-file.webp","datePublished":"2025-05-17T13:40:30+00:00","dateModified":"2025-05-17T13:40:47+00:00","breadcrumb":{"@id":"https:\/\/shopatoa.com\/ro\/annemarie-borlind-ruj-matifiant-liquid-lipstick-matt-95-ml-matt-nude\/#breadcrumb"},"inLanguage":"ro-RO","potentialAction":[{"@type":"ReadAction","target":["https:\/\/shopatoa.com\/ro\/annemarie-borlind-ruj-matifiant-liquid-lipstick-matt-95-ml-matt-nude\/"]}]},{"@type":"ImageObject","inLanguage":"ro-RO","@id":"https:\/\/shopatoa.com\/ro\/annemarie-borlind-ruj-matifiant-liquid-lipstick-matt-95-ml-matt-nude\/#primaryimage","url":"https:\/\/storage.googleapis.com\/cz-shopatoa-img\/ro\/1247ebd8-unnamed-file.webp","contentUrl":"https:\/\/storage.googleapis.com\/cz-shopatoa-img\/ro\/1247ebd8-unnamed-file.webp","width":800,"height":800},{"@type":"BreadcrumbList","@id":"https:\/\/shopatoa.com\/ro\/annemarie-borlind-ruj-matifiant-liquid-lipstick-matt-95-ml-matt-nude\/#breadcrumb","itemListElement":[{"@type":"ListItem","position":1,"name":"Dom\u016f","item":"https:\/\/shopatoa.com\/ro\/"},{"@type":"ListItem","position":2,"name":"Shop","item":"https:\/\/shopatoa.com\/ro\/shop\/"},{"@type":"ListItem","position":3,"name":"ANNEMARIE BORLIND Ruj matifiant (Liquid Lipstick Matt) 9,5 ml Matt Nude"}]},{"@type":"WebSite","@id":"https:\/\/shopatoa.com\/ro\/#website","url":"https:\/\/shopatoa.com\/ro\/","name":"SHOPATOA","description":"","publisher":{"@id":"https:\/\/shopatoa.com\/ro\/#organization"},"potentialAction":[{"@type":"SearchAction","target":{"@type":"EntryPoint","urlTemplate":"https:\/\/shopatoa.com\/ro\/?s={search_term_string}"},"query-input":{"@type":"PropertyValueSpecification","valueRequired":true,"valueName":"search_term_string"}}],"inLanguage":"ro-RO"},{"@type":"Organization","@id":"https:\/\/shopatoa.com\/ro\/#organization","name":"SHOPATOA","url":"https:\/\/shopatoa.com\/ro\/","logo":{"@type":"ImageObject","inLanguage":"ro-RO","@id":"https:\/\/shopatoa.com\/ro\/#\/schema\/logo\/image\/","url":"https:\/\/storage.googleapis.com\/cz-shopatoa-img\/ro\/b4dac915-shopatoa_logo.png","contentUrl":"https:\/\/storage.googleapis.com\/cz-shopatoa-img\/ro\/b4dac915-shopatoa_logo.png","width":416,"height":63,"caption":"SHOPATOA"},"image":{"@id":"https:\/\/shopatoa.com\/ro\/#\/schema\/logo\/image\/"}}]}},"_links":{"self":[{"href":"https:\/\/shopatoa.com\/ro\/wp-json\/wp\/v2\/product\/341002","targetHints":{"allow":["GET"]}}],"collection":[{"href":"https:\/\/shopatoa.com\/ro\/wp-json\/wp\/v2\/product"}],"about":[{"href":"https:\/\/shopatoa.com\/ro\/wp-json\/wp\/v2\/types\/product"}],"replies":[{"embeddable":true,"href":"https:\/\/shopatoa.com\/ro\/wp-json\/wp\/v2\/comments?post=341002"}],"wp:featuredmedia":[{"embeddable":true,"href":"https:\/\/shopatoa.com\/ro\/wp-json\/wp\/v2\/media\/341003"}],"wp:attachment":[{"href":"https:\/\/shopatoa.com\/ro\/wp-json\/wp\/v2\/media?parent=341002"}],"wp:term":[{"taxonomy":"product_brand","embeddable":true,"href":"https:\/\/shopatoa.com\/ro\/wp-json\/wp\/v2\/product_brand?post=341002"},{"taxonomy":"product_cat","embeddable":true,"href":"https:\/\/shopatoa.com\/ro\/wp-json\/wp\/v2\/product_cat?post=341002"},{"taxonomy":"product_tag","embeddable":true,"href":"https:\/\/shopatoa.com\/ro\/wp-json\/wp\/v2\/product_tag?post=341002"}],"curies":[{"name":"wp","href":"https:\/\/api.w.org\/{rel}","templated":true}]}}