{"id":341247,"date":"2025-05-17T16:22:56","date_gmt":"2025-05-17T14:22:56","guid":{"rendered":"https:\/\/shopatoa.com\/ro\/collistar-machiaj-de-lunga-durata-spf-15-impeccabile-long-wear-foundation-30-ml-2r-rosy-beige\/"},"modified":"2025-05-17T16:23:14","modified_gmt":"2025-05-17T14:23:14","slug":"collistar-machiaj-de-lunga-durata-spf-15-impeccabile-long-wear-foundation-30-ml-2r-rosy-beige","status":"publish","type":"product","link":"https:\/\/shopatoa.com\/ro\/collistar-machiaj-de-lunga-durata-spf-15-impeccabile-long-wear-foundation-30-ml-2r-rosy-beige\/","title":{"rendered":"Collistar Machiaj de lung\u0103 durat\u0103 SPF 15 Impeccabile (Long Wear Foundation) 30 ml 2R Rosy Beige"},"content":{"rendered":"<p>Fondul de ten Long Wear de machiaj de lung\u0103 durat\u0103 unific\u0103 nuan\u021ba pielii \u0219i acoper\u0103 micile imperfec\u021biuni. Ofer\u0103 hidratare pielii \u0219i ofer\u0103 protec\u021bie \u00eempotriva radia\u021biilor UV.<\/p>\n","protected":false},"excerpt":{"rendered":"<p>Fondul de ten Long Wear de machiaj de lung\u0103 durat\u0103 unific\u0103 nuan\u021ba pielii \u0219i acoper\u0103 micile imperfec\u021biuni. Ofer\u0103 hidratare pielii \u0219i ofer\u0103 protec\u021bie \u00eempotriva radia\u021biilor UV.<\/p>\n","protected":false},"featured_media":341248,"comment_status":"closed","ping_status":"open","template":"","meta":{"_acf_changed":false,"_kadence_starter_templates_imported_post":false,"_kad_post_transparent":"","_kad_post_title":"","_kad_post_layout":"","_kad_post_sidebar_id":"","_kad_post_content_style":"","_kad_post_vertical_padding":"","_kad_post_feature":"","_kad_post_feature_position":"","_kad_post_header":false,"_kad_post_footer":false,"_kad_post_classname":""},"product_brand":[240],"product_cat":[246,609,616,705],"product_tag":[],"class_list":{"0":"post-341247","1":"product","2":"type-product","3":"status-publish","4":"has-post-thumbnail","6":"product_brand-collistar","7":"product_cat-cosmetice","8":"product_cat-cosmetice-decorative","9":"product_cat-machiaj-pentru-fata","10":"product_cat-make-ups","12":"first","13":"instock","14":"product-type-external","15":"entry","16":"content-bg","17":"loop-entry"},"acf":[],"yoast_head":"<!-- This site is optimized with the Yoast SEO plugin v27.3 - https:\/\/yoast.com\/product\/yoast-seo-wordpress\/ -->\n<title>Collistar Machiaj de lung\u0103 durat\u0103 SPF 15 Impeccabile (Long Wear Foundation) 30 ml 2R Rosy Beige - SHOPATOA.COM<\/title>\n<meta name=\"robots\" content=\"index, follow, max-snippet:-1, max-image-preview:large, max-video-preview:-1\" \/>\n<link rel=\"canonical\" href=\"https:\/\/shopatoa.com\/ro\/collistar-machiaj-de-lunga-durata-spf-15-impeccabile-long-wear-foundation-30-ml-2r-rosy-beige\/\" \/>\n<meta property=\"og:locale\" content=\"ro_RO\" \/>\n<meta property=\"og:type\" content=\"article\" \/>\n<meta property=\"og:title\" content=\"Collistar Machiaj de lung\u0103 durat\u0103 SPF 15 Impeccabile (Long Wear Foundation) 30 ml 2R Rosy Beige - SHOPATOA.COM\" \/>\n<meta property=\"og:description\" content=\"Fondul de ten Long Wear de machiaj de lung\u0103 durat\u0103 unific\u0103 nuan\u021ba pielii \u0219i acoper\u0103 micile imperfec\u021biuni. Ofer\u0103 hidratare pielii \u0219i ofer\u0103 protec\u021bie \u00eempotriva radia\u021biilor UV.\" \/>\n<meta property=\"og:url\" content=\"https:\/\/shopatoa.com\/ro\/collistar-machiaj-de-lunga-durata-spf-15-impeccabile-long-wear-foundation-30-ml-2r-rosy-beige\/\" \/>\n<meta property=\"og:site_name\" content=\"SHOPATOA\" \/>\n<meta property=\"article:modified_time\" content=\"2025-05-17T14:23:14+00:00\" \/>\n<meta property=\"og:image\" content=\"https:\/\/storage.googleapis.com\/cz-shopatoa-img\/ro\/45adb046-unnamed-file.webp\" \/>\n\t<meta property=\"og:image:width\" content=\"800\" \/>\n\t<meta property=\"og:image:height\" content=\"800\" \/>\n\t<meta property=\"og:image:type\" content=\"image\/webp\" \/>\n<meta name=\"twitter:card\" content=\"summary_large_image\" \/>\n<script type=\"application\/ld+json\" class=\"yoast-schema-graph\">{\"@context\":\"https:\\\/\\\/schema.org\",\"@graph\":[{\"@type\":\"WebPage\",\"@id\":\"https:\\\/\\\/shopatoa.com\\\/ro\\\/collistar-machiaj-de-lunga-durata-spf-15-impeccabile-long-wear-foundation-30-ml-2r-rosy-beige\\\/\",\"url\":\"https:\\\/\\\/shopatoa.com\\\/ro\\\/collistar-machiaj-de-lunga-durata-spf-15-impeccabile-long-wear-foundation-30-ml-2r-rosy-beige\\\/\",\"name\":\"Collistar Machiaj de lung\u0103 durat\u0103 SPF 15 Impeccabile (Long Wear Foundation) 30 ml 2R Rosy Beige - SHOPATOA.COM\",\"isPartOf\":{\"@id\":\"https:\\\/\\\/shopatoa.com\\\/ro\\\/#website\"},\"primaryImageOfPage\":{\"@id\":\"https:\\\/\\\/shopatoa.com\\\/ro\\\/collistar-machiaj-de-lunga-durata-spf-15-impeccabile-long-wear-foundation-30-ml-2r-rosy-beige\\\/#primaryimage\"},\"image\":{\"@id\":\"https:\\\/\\\/shopatoa.com\\\/ro\\\/collistar-machiaj-de-lunga-durata-spf-15-impeccabile-long-wear-foundation-30-ml-2r-rosy-beige\\\/#primaryimage\"},\"thumbnailUrl\":\"https:\\\/\\\/storage.googleapis.com\\\/cz-shopatoa-img\\\/ro\\\/45adb046-unnamed-file.webp\",\"datePublished\":\"2025-05-17T14:22:56+00:00\",\"dateModified\":\"2025-05-17T14:23:14+00:00\",\"breadcrumb\":{\"@id\":\"https:\\\/\\\/shopatoa.com\\\/ro\\\/collistar-machiaj-de-lunga-durata-spf-15-impeccabile-long-wear-foundation-30-ml-2r-rosy-beige\\\/#breadcrumb\"},\"inLanguage\":\"ro-RO\",\"potentialAction\":[{\"@type\":\"ReadAction\",\"target\":[\"https:\\\/\\\/shopatoa.com\\\/ro\\\/collistar-machiaj-de-lunga-durata-spf-15-impeccabile-long-wear-foundation-30-ml-2r-rosy-beige\\\/\"]}]},{\"@type\":\"ImageObject\",\"inLanguage\":\"ro-RO\",\"@id\":\"https:\\\/\\\/shopatoa.com\\\/ro\\\/collistar-machiaj-de-lunga-durata-spf-15-impeccabile-long-wear-foundation-30-ml-2r-rosy-beige\\\/#primaryimage\",\"url\":\"https:\\\/\\\/storage.googleapis.com\\\/cz-shopatoa-img\\\/ro\\\/45adb046-unnamed-file.webp\",\"contentUrl\":\"https:\\\/\\\/storage.googleapis.com\\\/cz-shopatoa-img\\\/ro\\\/45adb046-unnamed-file.webp\",\"width\":800,\"height\":800},{\"@type\":\"BreadcrumbList\",\"@id\":\"https:\\\/\\\/shopatoa.com\\\/ro\\\/collistar-machiaj-de-lunga-durata-spf-15-impeccabile-long-wear-foundation-30-ml-2r-rosy-beige\\\/#breadcrumb\",\"itemListElement\":[{\"@type\":\"ListItem\",\"position\":1,\"name\":\"Dom\u016f\",\"item\":\"https:\\\/\\\/shopatoa.com\\\/ro\\\/\"},{\"@type\":\"ListItem\",\"position\":2,\"name\":\"Shop\",\"item\":\"https:\\\/\\\/shopatoa.com\\\/ro\\\/shop\\\/\"},{\"@type\":\"ListItem\",\"position\":3,\"name\":\"Collistar Machiaj de lung\u0103 durat\u0103 SPF 15 Impeccabile (Long Wear Foundation) 30 ml 2R Rosy Beige\"}]},{\"@type\":\"WebSite\",\"@id\":\"https:\\\/\\\/shopatoa.com\\\/ro\\\/#website\",\"url\":\"https:\\\/\\\/shopatoa.com\\\/ro\\\/\",\"name\":\"SHOPATOA\",\"description\":\"\",\"publisher\":{\"@id\":\"https:\\\/\\\/shopatoa.com\\\/ro\\\/#organization\"},\"potentialAction\":[{\"@type\":\"SearchAction\",\"target\":{\"@type\":\"EntryPoint\",\"urlTemplate\":\"https:\\\/\\\/shopatoa.com\\\/ro\\\/?s={search_term_string}\"},\"query-input\":{\"@type\":\"PropertyValueSpecification\",\"valueRequired\":true,\"valueName\":\"search_term_string\"}}],\"inLanguage\":\"ro-RO\"},{\"@type\":\"Organization\",\"@id\":\"https:\\\/\\\/shopatoa.com\\\/ro\\\/#organization\",\"name\":\"SHOPATOA\",\"url\":\"https:\\\/\\\/shopatoa.com\\\/ro\\\/\",\"logo\":{\"@type\":\"ImageObject\",\"inLanguage\":\"ro-RO\",\"@id\":\"https:\\\/\\\/shopatoa.com\\\/ro\\\/#\\\/schema\\\/logo\\\/image\\\/\",\"url\":\"https:\\\/\\\/storage.googleapis.com\\\/cz-shopatoa-img\\\/ro\\\/b4dac915-shopatoa_logo.png\",\"contentUrl\":\"https:\\\/\\\/storage.googleapis.com\\\/cz-shopatoa-img\\\/ro\\\/b4dac915-shopatoa_logo.png\",\"width\":416,\"height\":63,\"caption\":\"SHOPATOA\"},\"image\":{\"@id\":\"https:\\\/\\\/shopatoa.com\\\/ro\\\/#\\\/schema\\\/logo\\\/image\\\/\"}}]}<\/script>\n<!-- \/ Yoast SEO plugin. -->","yoast_head_json":{"title":"Collistar Machiaj de lung\u0103 durat\u0103 SPF 15 Impeccabile (Long Wear Foundation) 30 ml 2R Rosy Beige - SHOPATOA.COM","robots":{"index":"index","follow":"follow","max-snippet":"max-snippet:-1","max-image-preview":"max-image-preview:large","max-video-preview":"max-video-preview:-1"},"canonical":"https:\/\/shopatoa.com\/ro\/collistar-machiaj-de-lunga-durata-spf-15-impeccabile-long-wear-foundation-30-ml-2r-rosy-beige\/","og_locale":"ro_RO","og_type":"article","og_title":"Collistar Machiaj de lung\u0103 durat\u0103 SPF 15 Impeccabile (Long Wear Foundation) 30 ml 2R Rosy Beige - SHOPATOA.COM","og_description":"Fondul de ten Long Wear de machiaj de lung\u0103 durat\u0103 unific\u0103 nuan\u021ba pielii \u0219i acoper\u0103 micile imperfec\u021biuni. Ofer\u0103 hidratare pielii \u0219i ofer\u0103 protec\u021bie \u00eempotriva radia\u021biilor UV.","og_url":"https:\/\/shopatoa.com\/ro\/collistar-machiaj-de-lunga-durata-spf-15-impeccabile-long-wear-foundation-30-ml-2r-rosy-beige\/","og_site_name":"SHOPATOA","article_modified_time":"2025-05-17T14:23:14+00:00","og_image":[{"width":800,"height":800,"url":"https:\/\/storage.googleapis.com\/cz-shopatoa-img\/ro\/45adb046-unnamed-file.webp","type":"image\/webp"}],"twitter_card":"summary_large_image","schema":{"@context":"https:\/\/schema.org","@graph":[{"@type":"WebPage","@id":"https:\/\/shopatoa.com\/ro\/collistar-machiaj-de-lunga-durata-spf-15-impeccabile-long-wear-foundation-30-ml-2r-rosy-beige\/","url":"https:\/\/shopatoa.com\/ro\/collistar-machiaj-de-lunga-durata-spf-15-impeccabile-long-wear-foundation-30-ml-2r-rosy-beige\/","name":"Collistar Machiaj de lung\u0103 durat\u0103 SPF 15 Impeccabile (Long Wear Foundation) 30 ml 2R Rosy Beige - SHOPATOA.COM","isPartOf":{"@id":"https:\/\/shopatoa.com\/ro\/#website"},"primaryImageOfPage":{"@id":"https:\/\/shopatoa.com\/ro\/collistar-machiaj-de-lunga-durata-spf-15-impeccabile-long-wear-foundation-30-ml-2r-rosy-beige\/#primaryimage"},"image":{"@id":"https:\/\/shopatoa.com\/ro\/collistar-machiaj-de-lunga-durata-spf-15-impeccabile-long-wear-foundation-30-ml-2r-rosy-beige\/#primaryimage"},"thumbnailUrl":"https:\/\/storage.googleapis.com\/cz-shopatoa-img\/ro\/45adb046-unnamed-file.webp","datePublished":"2025-05-17T14:22:56+00:00","dateModified":"2025-05-17T14:23:14+00:00","breadcrumb":{"@id":"https:\/\/shopatoa.com\/ro\/collistar-machiaj-de-lunga-durata-spf-15-impeccabile-long-wear-foundation-30-ml-2r-rosy-beige\/#breadcrumb"},"inLanguage":"ro-RO","potentialAction":[{"@type":"ReadAction","target":["https:\/\/shopatoa.com\/ro\/collistar-machiaj-de-lunga-durata-spf-15-impeccabile-long-wear-foundation-30-ml-2r-rosy-beige\/"]}]},{"@type":"ImageObject","inLanguage":"ro-RO","@id":"https:\/\/shopatoa.com\/ro\/collistar-machiaj-de-lunga-durata-spf-15-impeccabile-long-wear-foundation-30-ml-2r-rosy-beige\/#primaryimage","url":"https:\/\/storage.googleapis.com\/cz-shopatoa-img\/ro\/45adb046-unnamed-file.webp","contentUrl":"https:\/\/storage.googleapis.com\/cz-shopatoa-img\/ro\/45adb046-unnamed-file.webp","width":800,"height":800},{"@type":"BreadcrumbList","@id":"https:\/\/shopatoa.com\/ro\/collistar-machiaj-de-lunga-durata-spf-15-impeccabile-long-wear-foundation-30-ml-2r-rosy-beige\/#breadcrumb","itemListElement":[{"@type":"ListItem","position":1,"name":"Dom\u016f","item":"https:\/\/shopatoa.com\/ro\/"},{"@type":"ListItem","position":2,"name":"Shop","item":"https:\/\/shopatoa.com\/ro\/shop\/"},{"@type":"ListItem","position":3,"name":"Collistar Machiaj de lung\u0103 durat\u0103 SPF 15 Impeccabile (Long Wear Foundation) 30 ml 2R Rosy Beige"}]},{"@type":"WebSite","@id":"https:\/\/shopatoa.com\/ro\/#website","url":"https:\/\/shopatoa.com\/ro\/","name":"SHOPATOA","description":"","publisher":{"@id":"https:\/\/shopatoa.com\/ro\/#organization"},"potentialAction":[{"@type":"SearchAction","target":{"@type":"EntryPoint","urlTemplate":"https:\/\/shopatoa.com\/ro\/?s={search_term_string}"},"query-input":{"@type":"PropertyValueSpecification","valueRequired":true,"valueName":"search_term_string"}}],"inLanguage":"ro-RO"},{"@type":"Organization","@id":"https:\/\/shopatoa.com\/ro\/#organization","name":"SHOPATOA","url":"https:\/\/shopatoa.com\/ro\/","logo":{"@type":"ImageObject","inLanguage":"ro-RO","@id":"https:\/\/shopatoa.com\/ro\/#\/schema\/logo\/image\/","url":"https:\/\/storage.googleapis.com\/cz-shopatoa-img\/ro\/b4dac915-shopatoa_logo.png","contentUrl":"https:\/\/storage.googleapis.com\/cz-shopatoa-img\/ro\/b4dac915-shopatoa_logo.png","width":416,"height":63,"caption":"SHOPATOA"},"image":{"@id":"https:\/\/shopatoa.com\/ro\/#\/schema\/logo\/image\/"}}]}},"_links":{"self":[{"href":"https:\/\/shopatoa.com\/ro\/wp-json\/wp\/v2\/product\/341247","targetHints":{"allow":["GET"]}}],"collection":[{"href":"https:\/\/shopatoa.com\/ro\/wp-json\/wp\/v2\/product"}],"about":[{"href":"https:\/\/shopatoa.com\/ro\/wp-json\/wp\/v2\/types\/product"}],"replies":[{"embeddable":true,"href":"https:\/\/shopatoa.com\/ro\/wp-json\/wp\/v2\/comments?post=341247"}],"wp:featuredmedia":[{"embeddable":true,"href":"https:\/\/shopatoa.com\/ro\/wp-json\/wp\/v2\/media\/341248"}],"wp:attachment":[{"href":"https:\/\/shopatoa.com\/ro\/wp-json\/wp\/v2\/media?parent=341247"}],"wp:term":[{"taxonomy":"product_brand","embeddable":true,"href":"https:\/\/shopatoa.com\/ro\/wp-json\/wp\/v2\/product_brand?post=341247"},{"taxonomy":"product_cat","embeddable":true,"href":"https:\/\/shopatoa.com\/ro\/wp-json\/wp\/v2\/product_cat?post=341247"},{"taxonomy":"product_tag","embeddable":true,"href":"https:\/\/shopatoa.com\/ro\/wp-json\/wp\/v2\/product_tag?post=341247"}],"curies":[{"name":"wp","href":"https:\/\/api.w.org\/{rel}","templated":true}]}}