{"id":341410,"date":"2025-05-17T16:49:37","date_gmt":"2025-05-17T14:49:37","guid":{"rendered":"https:\/\/shopatoa.com\/ro\/ds-laboratories-ser-impotriva-subtierii-parului-aminexilem-spectral-rs-anti-thinning-hair-treatment-60-ml\/"},"modified":"2025-05-17T16:50:15","modified_gmt":"2025-05-17T14:50:15","slug":"ds-laboratories-ser-impotriva-subtierii-parului-aminexilem-spectral-rs-anti-thinning-hair-treatment-60-ml","status":"publish","type":"product","link":"https:\/\/shopatoa.com\/ro\/ds-laboratories-ser-impotriva-subtierii-parului-aminexilem-spectral-rs-anti-thinning-hair-treatment-60-ml\/","title":{"rendered":"DS Laboratories Ser \u00eempotriva sub\u021bierii p\u0103rului Aminexilem Spectral.Rs (Anti-Thinning Hair Treatment) 60 ml"},"content":{"rendered":"<p>Ser \u00eempotriva c\u0103derii p\u0103rului cu Aminexil, care este foarte eficient \u00eempotriva c\u0103derii parului datorit\u0103 dezechilibrelor hormonale, menopauza sau lipsei de minerale si vitamine. Tratamentul este u\u0219or de aplicat \u0219i nu \u00eempov\u0103reaz\u0103 p\u0103rul.<\/p>\n","protected":false},"excerpt":{"rendered":"<p>Ser \u00eempotriva c\u0103derii p\u0103rului cu Aminexil, care este foarte eficient \u00eempotriva c\u0103derii parului datorit\u0103 dezechilibrelor hormonale, menopauza sau lipsei de minerale si vitamine. Tratamentul este u\u0219or de aplicat \u0219i nu \u00eempov\u0103reaz\u0103 p\u0103rul.<\/p>\n","protected":false},"featured_media":341411,"comment_status":"closed","ping_status":"open","template":"","meta":{"_acf_changed":false,"_kadence_starter_templates_imported_post":false,"_kad_post_transparent":"","_kad_post_title":"","_kad_post_layout":"","_kad_post_sidebar_id":"","_kad_post_content_style":"","_kad_post_vertical_padding":"","_kad_post_feature":"","_kad_post_feature_position":"","_kad_post_header":false,"_kad_post_footer":false,"_kad_post_classname":""},"product_brand":[295],"product_cat":[246,696,623],"product_tag":[],"class_list":{"0":"post-341410","1":"product","2":"type-product","3":"status-publish","4":"has-post-thumbnail","6":"product_brand-ds-laboratories","7":"product_cat-cosmetice","8":"product_cat-ingrijirea-parului-fara-clatire","9":"product_cat-produse-cosmetice-pentru-par","11":"first","12":"instock","13":"product-type-external","14":"entry","15":"content-bg","16":"loop-entry"},"acf":[],"yoast_head":"<!-- This site is optimized with the Yoast SEO plugin v27.4 - https:\/\/yoast.com\/product\/yoast-seo-wordpress\/ -->\n<title>DS Laboratories Ser \u00eempotriva sub\u021bierii p\u0103rului Aminexilem Spectral.Rs (Anti-Thinning Hair Treatment) 60 ml - SHOPATOA.COM<\/title>\n<meta name=\"robots\" content=\"index, follow, max-snippet:-1, max-image-preview:large, max-video-preview:-1\" \/>\n<link rel=\"canonical\" href=\"https:\/\/shopatoa.com\/ro\/ds-laboratories-ser-impotriva-subtierii-parului-aminexilem-spectral-rs-anti-thinning-hair-treatment-60-ml\/\" \/>\n<meta property=\"og:locale\" content=\"ro_RO\" \/>\n<meta property=\"og:type\" content=\"article\" \/>\n<meta property=\"og:title\" content=\"DS Laboratories Ser \u00eempotriva sub\u021bierii p\u0103rului Aminexilem Spectral.Rs (Anti-Thinning Hair Treatment) 60 ml - SHOPATOA.COM\" \/>\n<meta property=\"og:description\" content=\"Ser \u00eempotriva c\u0103derii p\u0103rului cu Aminexil, care este foarte eficient \u00eempotriva c\u0103derii parului datorit\u0103 dezechilibrelor hormonale, menopauza sau lipsei de minerale si vitamine. Tratamentul este u\u0219or de aplicat \u0219i nu \u00eempov\u0103reaz\u0103 p\u0103rul.\" \/>\n<meta property=\"og:url\" content=\"https:\/\/shopatoa.com\/ro\/ds-laboratories-ser-impotriva-subtierii-parului-aminexilem-spectral-rs-anti-thinning-hair-treatment-60-ml\/\" \/>\n<meta property=\"og:site_name\" content=\"SHOPATOA\" \/>\n<meta property=\"article:modified_time\" content=\"2025-05-17T14:50:15+00:00\" \/>\n<meta property=\"og:image\" content=\"https:\/\/storage.googleapis.com\/cz-shopatoa-img\/ro\/c47b4cbd-unnamed-file.webp\" \/>\n\t<meta property=\"og:image:width\" content=\"800\" \/>\n\t<meta property=\"og:image:height\" content=\"800\" \/>\n\t<meta property=\"og:image:type\" content=\"image\/webp\" \/>\n<meta name=\"twitter:card\" content=\"summary_large_image\" \/>\n<script type=\"application\/ld+json\" class=\"yoast-schema-graph\">{\"@context\":\"https:\\\/\\\/schema.org\",\"@graph\":[{\"@type\":\"WebPage\",\"@id\":\"https:\\\/\\\/shopatoa.com\\\/ro\\\/ds-laboratories-ser-impotriva-subtierii-parului-aminexilem-spectral-rs-anti-thinning-hair-treatment-60-ml\\\/\",\"url\":\"https:\\\/\\\/shopatoa.com\\\/ro\\\/ds-laboratories-ser-impotriva-subtierii-parului-aminexilem-spectral-rs-anti-thinning-hair-treatment-60-ml\\\/\",\"name\":\"DS Laboratories Ser \u00eempotriva sub\u021bierii p\u0103rului Aminexilem Spectral.Rs (Anti-Thinning Hair Treatment) 60 ml - SHOPATOA.COM\",\"isPartOf\":{\"@id\":\"https:\\\/\\\/shopatoa.com\\\/ro\\\/#website\"},\"primaryImageOfPage\":{\"@id\":\"https:\\\/\\\/shopatoa.com\\\/ro\\\/ds-laboratories-ser-impotriva-subtierii-parului-aminexilem-spectral-rs-anti-thinning-hair-treatment-60-ml\\\/#primaryimage\"},\"image\":{\"@id\":\"https:\\\/\\\/shopatoa.com\\\/ro\\\/ds-laboratories-ser-impotriva-subtierii-parului-aminexilem-spectral-rs-anti-thinning-hair-treatment-60-ml\\\/#primaryimage\"},\"thumbnailUrl\":\"https:\\\/\\\/storage.googleapis.com\\\/cz-shopatoa-img\\\/ro\\\/c47b4cbd-unnamed-file.webp\",\"datePublished\":\"2025-05-17T14:49:37+00:00\",\"dateModified\":\"2025-05-17T14:50:15+00:00\",\"breadcrumb\":{\"@id\":\"https:\\\/\\\/shopatoa.com\\\/ro\\\/ds-laboratories-ser-impotriva-subtierii-parului-aminexilem-spectral-rs-anti-thinning-hair-treatment-60-ml\\\/#breadcrumb\"},\"inLanguage\":\"ro-RO\",\"potentialAction\":[{\"@type\":\"ReadAction\",\"target\":[\"https:\\\/\\\/shopatoa.com\\\/ro\\\/ds-laboratories-ser-impotriva-subtierii-parului-aminexilem-spectral-rs-anti-thinning-hair-treatment-60-ml\\\/\"]}]},{\"@type\":\"ImageObject\",\"inLanguage\":\"ro-RO\",\"@id\":\"https:\\\/\\\/shopatoa.com\\\/ro\\\/ds-laboratories-ser-impotriva-subtierii-parului-aminexilem-spectral-rs-anti-thinning-hair-treatment-60-ml\\\/#primaryimage\",\"url\":\"https:\\\/\\\/storage.googleapis.com\\\/cz-shopatoa-img\\\/ro\\\/c47b4cbd-unnamed-file.webp\",\"contentUrl\":\"https:\\\/\\\/storage.googleapis.com\\\/cz-shopatoa-img\\\/ro\\\/c47b4cbd-unnamed-file.webp\",\"width\":800,\"height\":800},{\"@type\":\"BreadcrumbList\",\"@id\":\"https:\\\/\\\/shopatoa.com\\\/ro\\\/ds-laboratories-ser-impotriva-subtierii-parului-aminexilem-spectral-rs-anti-thinning-hair-treatment-60-ml\\\/#breadcrumb\",\"itemListElement\":[{\"@type\":\"ListItem\",\"position\":1,\"name\":\"Dom\u016f\",\"item\":\"https:\\\/\\\/shopatoa.com\\\/ro\\\/\"},{\"@type\":\"ListItem\",\"position\":2,\"name\":\"Shop\",\"item\":\"https:\\\/\\\/shopatoa.com\\\/ro\\\/shop\\\/\"},{\"@type\":\"ListItem\",\"position\":3,\"name\":\"DS Laboratories Ser \u00eempotriva sub\u021bierii p\u0103rului Aminexilem Spectral.Rs (Anti-Thinning Hair Treatment) 60 ml\"}]},{\"@type\":\"WebSite\",\"@id\":\"https:\\\/\\\/shopatoa.com\\\/ro\\\/#website\",\"url\":\"https:\\\/\\\/shopatoa.com\\\/ro\\\/\",\"name\":\"SHOPATOA\",\"description\":\"\",\"publisher\":{\"@id\":\"https:\\\/\\\/shopatoa.com\\\/ro\\\/#organization\"},\"potentialAction\":[{\"@type\":\"SearchAction\",\"target\":{\"@type\":\"EntryPoint\",\"urlTemplate\":\"https:\\\/\\\/shopatoa.com\\\/ro\\\/?s={search_term_string}\"},\"query-input\":{\"@type\":\"PropertyValueSpecification\",\"valueRequired\":true,\"valueName\":\"search_term_string\"}}],\"inLanguage\":\"ro-RO\"},{\"@type\":\"Organization\",\"@id\":\"https:\\\/\\\/shopatoa.com\\\/ro\\\/#organization\",\"name\":\"SHOPATOA\",\"url\":\"https:\\\/\\\/shopatoa.com\\\/ro\\\/\",\"logo\":{\"@type\":\"ImageObject\",\"inLanguage\":\"ro-RO\",\"@id\":\"https:\\\/\\\/shopatoa.com\\\/ro\\\/#\\\/schema\\\/logo\\\/image\\\/\",\"url\":\"https:\\\/\\\/storage.googleapis.com\\\/cz-shopatoa-img\\\/ro\\\/b4dac915-shopatoa_logo.png\",\"contentUrl\":\"https:\\\/\\\/storage.googleapis.com\\\/cz-shopatoa-img\\\/ro\\\/b4dac915-shopatoa_logo.png\",\"width\":416,\"height\":63,\"caption\":\"SHOPATOA\"},\"image\":{\"@id\":\"https:\\\/\\\/shopatoa.com\\\/ro\\\/#\\\/schema\\\/logo\\\/image\\\/\"}}]}<\/script>\n<!-- \/ Yoast SEO plugin. -->","yoast_head_json":{"title":"DS Laboratories Ser \u00eempotriva sub\u021bierii p\u0103rului Aminexilem Spectral.Rs (Anti-Thinning Hair Treatment) 60 ml - SHOPATOA.COM","robots":{"index":"index","follow":"follow","max-snippet":"max-snippet:-1","max-image-preview":"max-image-preview:large","max-video-preview":"max-video-preview:-1"},"canonical":"https:\/\/shopatoa.com\/ro\/ds-laboratories-ser-impotriva-subtierii-parului-aminexilem-spectral-rs-anti-thinning-hair-treatment-60-ml\/","og_locale":"ro_RO","og_type":"article","og_title":"DS Laboratories Ser \u00eempotriva sub\u021bierii p\u0103rului Aminexilem Spectral.Rs (Anti-Thinning Hair Treatment) 60 ml - SHOPATOA.COM","og_description":"Ser \u00eempotriva c\u0103derii p\u0103rului cu Aminexil, care este foarte eficient \u00eempotriva c\u0103derii parului datorit\u0103 dezechilibrelor hormonale, menopauza sau lipsei de minerale si vitamine. Tratamentul este u\u0219or de aplicat \u0219i nu \u00eempov\u0103reaz\u0103 p\u0103rul.","og_url":"https:\/\/shopatoa.com\/ro\/ds-laboratories-ser-impotriva-subtierii-parului-aminexilem-spectral-rs-anti-thinning-hair-treatment-60-ml\/","og_site_name":"SHOPATOA","article_modified_time":"2025-05-17T14:50:15+00:00","og_image":[{"width":800,"height":800,"url":"https:\/\/storage.googleapis.com\/cz-shopatoa-img\/ro\/c47b4cbd-unnamed-file.webp","type":"image\/webp"}],"twitter_card":"summary_large_image","schema":{"@context":"https:\/\/schema.org","@graph":[{"@type":"WebPage","@id":"https:\/\/shopatoa.com\/ro\/ds-laboratories-ser-impotriva-subtierii-parului-aminexilem-spectral-rs-anti-thinning-hair-treatment-60-ml\/","url":"https:\/\/shopatoa.com\/ro\/ds-laboratories-ser-impotriva-subtierii-parului-aminexilem-spectral-rs-anti-thinning-hair-treatment-60-ml\/","name":"DS Laboratories Ser \u00eempotriva sub\u021bierii p\u0103rului Aminexilem Spectral.Rs (Anti-Thinning Hair Treatment) 60 ml - SHOPATOA.COM","isPartOf":{"@id":"https:\/\/shopatoa.com\/ro\/#website"},"primaryImageOfPage":{"@id":"https:\/\/shopatoa.com\/ro\/ds-laboratories-ser-impotriva-subtierii-parului-aminexilem-spectral-rs-anti-thinning-hair-treatment-60-ml\/#primaryimage"},"image":{"@id":"https:\/\/shopatoa.com\/ro\/ds-laboratories-ser-impotriva-subtierii-parului-aminexilem-spectral-rs-anti-thinning-hair-treatment-60-ml\/#primaryimage"},"thumbnailUrl":"https:\/\/storage.googleapis.com\/cz-shopatoa-img\/ro\/c47b4cbd-unnamed-file.webp","datePublished":"2025-05-17T14:49:37+00:00","dateModified":"2025-05-17T14:50:15+00:00","breadcrumb":{"@id":"https:\/\/shopatoa.com\/ro\/ds-laboratories-ser-impotriva-subtierii-parului-aminexilem-spectral-rs-anti-thinning-hair-treatment-60-ml\/#breadcrumb"},"inLanguage":"ro-RO","potentialAction":[{"@type":"ReadAction","target":["https:\/\/shopatoa.com\/ro\/ds-laboratories-ser-impotriva-subtierii-parului-aminexilem-spectral-rs-anti-thinning-hair-treatment-60-ml\/"]}]},{"@type":"ImageObject","inLanguage":"ro-RO","@id":"https:\/\/shopatoa.com\/ro\/ds-laboratories-ser-impotriva-subtierii-parului-aminexilem-spectral-rs-anti-thinning-hair-treatment-60-ml\/#primaryimage","url":"https:\/\/storage.googleapis.com\/cz-shopatoa-img\/ro\/c47b4cbd-unnamed-file.webp","contentUrl":"https:\/\/storage.googleapis.com\/cz-shopatoa-img\/ro\/c47b4cbd-unnamed-file.webp","width":800,"height":800},{"@type":"BreadcrumbList","@id":"https:\/\/shopatoa.com\/ro\/ds-laboratories-ser-impotriva-subtierii-parului-aminexilem-spectral-rs-anti-thinning-hair-treatment-60-ml\/#breadcrumb","itemListElement":[{"@type":"ListItem","position":1,"name":"Dom\u016f","item":"https:\/\/shopatoa.com\/ro\/"},{"@type":"ListItem","position":2,"name":"Shop","item":"https:\/\/shopatoa.com\/ro\/shop\/"},{"@type":"ListItem","position":3,"name":"DS Laboratories Ser \u00eempotriva sub\u021bierii p\u0103rului Aminexilem Spectral.Rs (Anti-Thinning Hair Treatment) 60 ml"}]},{"@type":"WebSite","@id":"https:\/\/shopatoa.com\/ro\/#website","url":"https:\/\/shopatoa.com\/ro\/","name":"SHOPATOA","description":"","publisher":{"@id":"https:\/\/shopatoa.com\/ro\/#organization"},"potentialAction":[{"@type":"SearchAction","target":{"@type":"EntryPoint","urlTemplate":"https:\/\/shopatoa.com\/ro\/?s={search_term_string}"},"query-input":{"@type":"PropertyValueSpecification","valueRequired":true,"valueName":"search_term_string"}}],"inLanguage":"ro-RO"},{"@type":"Organization","@id":"https:\/\/shopatoa.com\/ro\/#organization","name":"SHOPATOA","url":"https:\/\/shopatoa.com\/ro\/","logo":{"@type":"ImageObject","inLanguage":"ro-RO","@id":"https:\/\/shopatoa.com\/ro\/#\/schema\/logo\/image\/","url":"https:\/\/storage.googleapis.com\/cz-shopatoa-img\/ro\/b4dac915-shopatoa_logo.png","contentUrl":"https:\/\/storage.googleapis.com\/cz-shopatoa-img\/ro\/b4dac915-shopatoa_logo.png","width":416,"height":63,"caption":"SHOPATOA"},"image":{"@id":"https:\/\/shopatoa.com\/ro\/#\/schema\/logo\/image\/"}}]}},"_links":{"self":[{"href":"https:\/\/shopatoa.com\/ro\/wp-json\/wp\/v2\/product\/341410","targetHints":{"allow":["GET"]}}],"collection":[{"href":"https:\/\/shopatoa.com\/ro\/wp-json\/wp\/v2\/product"}],"about":[{"href":"https:\/\/shopatoa.com\/ro\/wp-json\/wp\/v2\/types\/product"}],"replies":[{"embeddable":true,"href":"https:\/\/shopatoa.com\/ro\/wp-json\/wp\/v2\/comments?post=341410"}],"wp:featuredmedia":[{"embeddable":true,"href":"https:\/\/shopatoa.com\/ro\/wp-json\/wp\/v2\/media\/341411"}],"wp:attachment":[{"href":"https:\/\/shopatoa.com\/ro\/wp-json\/wp\/v2\/media?parent=341410"}],"wp:term":[{"taxonomy":"product_brand","embeddable":true,"href":"https:\/\/shopatoa.com\/ro\/wp-json\/wp\/v2\/product_brand?post=341410"},{"taxonomy":"product_cat","embeddable":true,"href":"https:\/\/shopatoa.com\/ro\/wp-json\/wp\/v2\/product_cat?post=341410"},{"taxonomy":"product_tag","embeddable":true,"href":"https:\/\/shopatoa.com\/ro\/wp-json\/wp\/v2\/product_tag?post=341410"}],"curies":[{"name":"wp","href":"https:\/\/api.w.org\/{rel}","templated":true}]}}