{"id":341458,"date":"2025-05-17T16:53:19","date_gmt":"2025-05-17T14:53:19","guid":{"rendered":"https:\/\/shopatoa.com\/ro\/revolution-farduri-de-ochi-mousse-shadow-4-g-light-gold\/"},"modified":"2025-05-17T16:55:48","modified_gmt":"2025-05-17T14:55:48","slug":"revolution-farduri-de-ochi-mousse-shadow-4-g-light-gold","status":"publish","type":"product","link":"https:\/\/shopatoa.com\/ro\/revolution-farduri-de-ochi-mousse-shadow-4-g-light-gold\/","title":{"rendered":"Revolution Farduri de ochi Mousse Shadow 4 g Light Gold"},"content":{"rendered":"<p>O culoare crem de vis pentru obraji \u0219i ochi. Ob\u021bine\u021bi un eviden\u021biere subtil\u0103 cu o crema cremoas\u0103. Revenirea \u00een 2000 pe care o a\u0219teptam cu to\u021bii. Duce\u021bi-va aspectul de machiaj la nivelul urm\u0103tor cu farduri de ochi Mousse Shadow, u\u0219oare, cu un finisaj cu pudr\u0103 crem\u0103, care sunt u\u0219or de aplicat, stratificate \u0219i \u00eembun\u0103t\u0103\u021besc u\u0219or ochii cu un efect de str\u0103lucire metalic.<\/p>\n","protected":false},"excerpt":{"rendered":"<p>O culoare crem de vis pentru obraji \u0219i ochi. Ob\u021bine\u021bi un eviden\u021biere subtil\u0103 cu o crema cremoas\u0103. Revenirea \u00een 2000 pe care o a\u0219teptam cu to\u021bii. Duce\u021bi-va aspectul de machiaj la nivelul urm\u0103tor cu farduri de ochi Mousse Shadow, u\u0219oare, cu un finisaj cu pudr\u0103 crem\u0103, care sunt u\u0219or de aplicat, stratificate \u0219i \u00eembun\u0103t\u0103\u021besc u\u0219or&#8230;<\/p>\n","protected":false},"featured_media":341459,"comment_status":"closed","ping_status":"open","template":"","meta":{"_acf_changed":false,"_kadence_starter_templates_imported_post":false,"_kad_post_transparent":"","_kad_post_title":"","_kad_post_layout":"","_kad_post_sidebar_id":"","_kad_post_content_style":"","_kad_post_vertical_padding":"","_kad_post_feature":"","_kad_post_feature_position":"","_kad_post_header":false,"_kad_post_footer":false,"_kad_post_classname":""},"product_brand":[130],"product_cat":[246,609,657,631],"product_tag":[],"class_list":{"0":"post-341458","1":"product","2":"type-product","3":"status-publish","4":"has-post-thumbnail","6":"product_brand-revolution","7":"product_cat-cosmetice","8":"product_cat-cosmetice-decorative","9":"product_cat-farduri-de-ochi","10":"product_cat-machiaj-pentru-ochi","12":"first","13":"instock","14":"product-type-external","15":"entry","16":"content-bg","17":"loop-entry"},"acf":[],"yoast_head":"<!-- This site is optimized with the Yoast SEO plugin v27.3 - https:\/\/yoast.com\/product\/yoast-seo-wordpress\/ -->\n<title>Revolution Farduri de ochi Mousse Shadow 4 g Light Gold - SHOPATOA.COM<\/title>\n<meta name=\"robots\" content=\"index, follow, max-snippet:-1, max-image-preview:large, max-video-preview:-1\" \/>\n<link rel=\"canonical\" href=\"https:\/\/shopatoa.com\/ro\/revolution-farduri-de-ochi-mousse-shadow-4-g-light-gold\/\" \/>\n<meta property=\"og:locale\" content=\"ro_RO\" \/>\n<meta property=\"og:type\" content=\"article\" \/>\n<meta property=\"og:title\" content=\"Revolution Farduri de ochi Mousse Shadow 4 g Light Gold - SHOPATOA.COM\" \/>\n<meta property=\"og:description\" content=\"O culoare crem de vis pentru obraji \u0219i ochi. Ob\u021bine\u021bi un eviden\u021biere subtil\u0103 cu o crema cremoas\u0103. Revenirea \u00een 2000 pe care o a\u0219teptam cu to\u021bii. Duce\u021bi-va aspectul de machiaj la nivelul urm\u0103tor cu farduri de ochi Mousse Shadow, u\u0219oare, cu un finisaj cu pudr\u0103 crem\u0103, care sunt u\u0219or de aplicat, stratificate \u0219i \u00eembun\u0103t\u0103\u021besc u\u0219or...\" \/>\n<meta property=\"og:url\" content=\"https:\/\/shopatoa.com\/ro\/revolution-farduri-de-ochi-mousse-shadow-4-g-light-gold\/\" \/>\n<meta property=\"og:site_name\" content=\"SHOPATOA\" \/>\n<meta property=\"article:modified_time\" content=\"2025-05-17T14:55:48+00:00\" \/>\n<meta property=\"og:image\" content=\"https:\/\/storage.googleapis.com\/cz-shopatoa-img\/ro\/f9a37deb-unnamed-file.webp\" \/>\n\t<meta property=\"og:image:width\" content=\"800\" \/>\n\t<meta property=\"og:image:height\" content=\"800\" \/>\n\t<meta property=\"og:image:type\" content=\"image\/webp\" \/>\n<meta name=\"twitter:card\" content=\"summary_large_image\" \/>\n<script type=\"application\/ld+json\" class=\"yoast-schema-graph\">{\"@context\":\"https:\\\/\\\/schema.org\",\"@graph\":[{\"@type\":\"WebPage\",\"@id\":\"https:\\\/\\\/shopatoa.com\\\/ro\\\/revolution-farduri-de-ochi-mousse-shadow-4-g-light-gold\\\/\",\"url\":\"https:\\\/\\\/shopatoa.com\\\/ro\\\/revolution-farduri-de-ochi-mousse-shadow-4-g-light-gold\\\/\",\"name\":\"Revolution Farduri de ochi Mousse Shadow 4 g Light Gold - SHOPATOA.COM\",\"isPartOf\":{\"@id\":\"https:\\\/\\\/shopatoa.com\\\/ro\\\/#website\"},\"primaryImageOfPage\":{\"@id\":\"https:\\\/\\\/shopatoa.com\\\/ro\\\/revolution-farduri-de-ochi-mousse-shadow-4-g-light-gold\\\/#primaryimage\"},\"image\":{\"@id\":\"https:\\\/\\\/shopatoa.com\\\/ro\\\/revolution-farduri-de-ochi-mousse-shadow-4-g-light-gold\\\/#primaryimage\"},\"thumbnailUrl\":\"https:\\\/\\\/storage.googleapis.com\\\/cz-shopatoa-img\\\/ro\\\/f9a37deb-unnamed-file.webp\",\"datePublished\":\"2025-05-17T14:53:19+00:00\",\"dateModified\":\"2025-05-17T14:55:48+00:00\",\"breadcrumb\":{\"@id\":\"https:\\\/\\\/shopatoa.com\\\/ro\\\/revolution-farduri-de-ochi-mousse-shadow-4-g-light-gold\\\/#breadcrumb\"},\"inLanguage\":\"ro-RO\",\"potentialAction\":[{\"@type\":\"ReadAction\",\"target\":[\"https:\\\/\\\/shopatoa.com\\\/ro\\\/revolution-farduri-de-ochi-mousse-shadow-4-g-light-gold\\\/\"]}]},{\"@type\":\"ImageObject\",\"inLanguage\":\"ro-RO\",\"@id\":\"https:\\\/\\\/shopatoa.com\\\/ro\\\/revolution-farduri-de-ochi-mousse-shadow-4-g-light-gold\\\/#primaryimage\",\"url\":\"https:\\\/\\\/storage.googleapis.com\\\/cz-shopatoa-img\\\/ro\\\/f9a37deb-unnamed-file.webp\",\"contentUrl\":\"https:\\\/\\\/storage.googleapis.com\\\/cz-shopatoa-img\\\/ro\\\/f9a37deb-unnamed-file.webp\",\"width\":800,\"height\":800},{\"@type\":\"BreadcrumbList\",\"@id\":\"https:\\\/\\\/shopatoa.com\\\/ro\\\/revolution-farduri-de-ochi-mousse-shadow-4-g-light-gold\\\/#breadcrumb\",\"itemListElement\":[{\"@type\":\"ListItem\",\"position\":1,\"name\":\"Dom\u016f\",\"item\":\"https:\\\/\\\/shopatoa.com\\\/ro\\\/\"},{\"@type\":\"ListItem\",\"position\":2,\"name\":\"Shop\",\"item\":\"https:\\\/\\\/shopatoa.com\\\/ro\\\/shop\\\/\"},{\"@type\":\"ListItem\",\"position\":3,\"name\":\"Revolution Farduri de ochi Mousse Shadow 4 g Light Gold\"}]},{\"@type\":\"WebSite\",\"@id\":\"https:\\\/\\\/shopatoa.com\\\/ro\\\/#website\",\"url\":\"https:\\\/\\\/shopatoa.com\\\/ro\\\/\",\"name\":\"SHOPATOA\",\"description\":\"\",\"publisher\":{\"@id\":\"https:\\\/\\\/shopatoa.com\\\/ro\\\/#organization\"},\"potentialAction\":[{\"@type\":\"SearchAction\",\"target\":{\"@type\":\"EntryPoint\",\"urlTemplate\":\"https:\\\/\\\/shopatoa.com\\\/ro\\\/?s={search_term_string}\"},\"query-input\":{\"@type\":\"PropertyValueSpecification\",\"valueRequired\":true,\"valueName\":\"search_term_string\"}}],\"inLanguage\":\"ro-RO\"},{\"@type\":\"Organization\",\"@id\":\"https:\\\/\\\/shopatoa.com\\\/ro\\\/#organization\",\"name\":\"SHOPATOA\",\"url\":\"https:\\\/\\\/shopatoa.com\\\/ro\\\/\",\"logo\":{\"@type\":\"ImageObject\",\"inLanguage\":\"ro-RO\",\"@id\":\"https:\\\/\\\/shopatoa.com\\\/ro\\\/#\\\/schema\\\/logo\\\/image\\\/\",\"url\":\"https:\\\/\\\/storage.googleapis.com\\\/cz-shopatoa-img\\\/ro\\\/b4dac915-shopatoa_logo.png\",\"contentUrl\":\"https:\\\/\\\/storage.googleapis.com\\\/cz-shopatoa-img\\\/ro\\\/b4dac915-shopatoa_logo.png\",\"width\":416,\"height\":63,\"caption\":\"SHOPATOA\"},\"image\":{\"@id\":\"https:\\\/\\\/shopatoa.com\\\/ro\\\/#\\\/schema\\\/logo\\\/image\\\/\"}}]}<\/script>\n<!-- \/ Yoast SEO plugin. -->","yoast_head_json":{"title":"Revolution Farduri de ochi Mousse Shadow 4 g Light Gold - SHOPATOA.COM","robots":{"index":"index","follow":"follow","max-snippet":"max-snippet:-1","max-image-preview":"max-image-preview:large","max-video-preview":"max-video-preview:-1"},"canonical":"https:\/\/shopatoa.com\/ro\/revolution-farduri-de-ochi-mousse-shadow-4-g-light-gold\/","og_locale":"ro_RO","og_type":"article","og_title":"Revolution Farduri de ochi Mousse Shadow 4 g Light Gold - SHOPATOA.COM","og_description":"O culoare crem de vis pentru obraji \u0219i ochi. Ob\u021bine\u021bi un eviden\u021biere subtil\u0103 cu o crema cremoas\u0103. Revenirea \u00een 2000 pe care o a\u0219teptam cu to\u021bii. Duce\u021bi-va aspectul de machiaj la nivelul urm\u0103tor cu farduri de ochi Mousse Shadow, u\u0219oare, cu un finisaj cu pudr\u0103 crem\u0103, care sunt u\u0219or de aplicat, stratificate \u0219i \u00eembun\u0103t\u0103\u021besc u\u0219or...","og_url":"https:\/\/shopatoa.com\/ro\/revolution-farduri-de-ochi-mousse-shadow-4-g-light-gold\/","og_site_name":"SHOPATOA","article_modified_time":"2025-05-17T14:55:48+00:00","og_image":[{"width":800,"height":800,"url":"https:\/\/storage.googleapis.com\/cz-shopatoa-img\/ro\/f9a37deb-unnamed-file.webp","type":"image\/webp"}],"twitter_card":"summary_large_image","schema":{"@context":"https:\/\/schema.org","@graph":[{"@type":"WebPage","@id":"https:\/\/shopatoa.com\/ro\/revolution-farduri-de-ochi-mousse-shadow-4-g-light-gold\/","url":"https:\/\/shopatoa.com\/ro\/revolution-farduri-de-ochi-mousse-shadow-4-g-light-gold\/","name":"Revolution Farduri de ochi Mousse Shadow 4 g Light Gold - SHOPATOA.COM","isPartOf":{"@id":"https:\/\/shopatoa.com\/ro\/#website"},"primaryImageOfPage":{"@id":"https:\/\/shopatoa.com\/ro\/revolution-farduri-de-ochi-mousse-shadow-4-g-light-gold\/#primaryimage"},"image":{"@id":"https:\/\/shopatoa.com\/ro\/revolution-farduri-de-ochi-mousse-shadow-4-g-light-gold\/#primaryimage"},"thumbnailUrl":"https:\/\/storage.googleapis.com\/cz-shopatoa-img\/ro\/f9a37deb-unnamed-file.webp","datePublished":"2025-05-17T14:53:19+00:00","dateModified":"2025-05-17T14:55:48+00:00","breadcrumb":{"@id":"https:\/\/shopatoa.com\/ro\/revolution-farduri-de-ochi-mousse-shadow-4-g-light-gold\/#breadcrumb"},"inLanguage":"ro-RO","potentialAction":[{"@type":"ReadAction","target":["https:\/\/shopatoa.com\/ro\/revolution-farduri-de-ochi-mousse-shadow-4-g-light-gold\/"]}]},{"@type":"ImageObject","inLanguage":"ro-RO","@id":"https:\/\/shopatoa.com\/ro\/revolution-farduri-de-ochi-mousse-shadow-4-g-light-gold\/#primaryimage","url":"https:\/\/storage.googleapis.com\/cz-shopatoa-img\/ro\/f9a37deb-unnamed-file.webp","contentUrl":"https:\/\/storage.googleapis.com\/cz-shopatoa-img\/ro\/f9a37deb-unnamed-file.webp","width":800,"height":800},{"@type":"BreadcrumbList","@id":"https:\/\/shopatoa.com\/ro\/revolution-farduri-de-ochi-mousse-shadow-4-g-light-gold\/#breadcrumb","itemListElement":[{"@type":"ListItem","position":1,"name":"Dom\u016f","item":"https:\/\/shopatoa.com\/ro\/"},{"@type":"ListItem","position":2,"name":"Shop","item":"https:\/\/shopatoa.com\/ro\/shop\/"},{"@type":"ListItem","position":3,"name":"Revolution Farduri de ochi Mousse Shadow 4 g Light Gold"}]},{"@type":"WebSite","@id":"https:\/\/shopatoa.com\/ro\/#website","url":"https:\/\/shopatoa.com\/ro\/","name":"SHOPATOA","description":"","publisher":{"@id":"https:\/\/shopatoa.com\/ro\/#organization"},"potentialAction":[{"@type":"SearchAction","target":{"@type":"EntryPoint","urlTemplate":"https:\/\/shopatoa.com\/ro\/?s={search_term_string}"},"query-input":{"@type":"PropertyValueSpecification","valueRequired":true,"valueName":"search_term_string"}}],"inLanguage":"ro-RO"},{"@type":"Organization","@id":"https:\/\/shopatoa.com\/ro\/#organization","name":"SHOPATOA","url":"https:\/\/shopatoa.com\/ro\/","logo":{"@type":"ImageObject","inLanguage":"ro-RO","@id":"https:\/\/shopatoa.com\/ro\/#\/schema\/logo\/image\/","url":"https:\/\/storage.googleapis.com\/cz-shopatoa-img\/ro\/b4dac915-shopatoa_logo.png","contentUrl":"https:\/\/storage.googleapis.com\/cz-shopatoa-img\/ro\/b4dac915-shopatoa_logo.png","width":416,"height":63,"caption":"SHOPATOA"},"image":{"@id":"https:\/\/shopatoa.com\/ro\/#\/schema\/logo\/image\/"}}]}},"_links":{"self":[{"href":"https:\/\/shopatoa.com\/ro\/wp-json\/wp\/v2\/product\/341458","targetHints":{"allow":["GET"]}}],"collection":[{"href":"https:\/\/shopatoa.com\/ro\/wp-json\/wp\/v2\/product"}],"about":[{"href":"https:\/\/shopatoa.com\/ro\/wp-json\/wp\/v2\/types\/product"}],"replies":[{"embeddable":true,"href":"https:\/\/shopatoa.com\/ro\/wp-json\/wp\/v2\/comments?post=341458"}],"wp:featuredmedia":[{"embeddable":true,"href":"https:\/\/shopatoa.com\/ro\/wp-json\/wp\/v2\/media\/341459"}],"wp:attachment":[{"href":"https:\/\/shopatoa.com\/ro\/wp-json\/wp\/v2\/media?parent=341458"}],"wp:term":[{"taxonomy":"product_brand","embeddable":true,"href":"https:\/\/shopatoa.com\/ro\/wp-json\/wp\/v2\/product_brand?post=341458"},{"taxonomy":"product_cat","embeddable":true,"href":"https:\/\/shopatoa.com\/ro\/wp-json\/wp\/v2\/product_cat?post=341458"},{"taxonomy":"product_tag","embeddable":true,"href":"https:\/\/shopatoa.com\/ro\/wp-json\/wp\/v2\/product_tag?post=341458"}],"curies":[{"name":"wp","href":"https:\/\/api.w.org\/{rel}","templated":true}]}}