{"id":341530,"date":"2025-05-17T17:01:18","date_gmt":"2025-05-17T15:01:18","guid":{"rendered":"https:\/\/shopatoa.com\/ro\/madara-crema-de-noapte-cu-efect-de-lifting-time-miracle-total-renewal-night-cream-50-ml\/"},"modified":"2025-05-17T17:04:16","modified_gmt":"2025-05-17T15:04:16","slug":"madara-crema-de-noapte-cu-efect-de-lifting-time-miracle-total-renewal-night-cream-50-ml","status":"publish","type":"product","link":"https:\/\/shopatoa.com\/ro\/madara-crema-de-noapte-cu-efect-de-lifting-time-miracle-total-renewal-night-cream-50-ml\/","title":{"rendered":"M\u00c1DARA Crem\u0103 de noapte cu efect de lifting Time Miracle (Total Renewal Night Cream) 50 ml"},"content":{"rendered":"<p>Are grij\u0103 de nevoile tenului matur solicitant. Datorit\u0103 formulei sale u\u0219oare, f\u0103r\u0103 ap\u0103, crema se absoarbe u\u0219or \u00een piele \u0219i, prin urmare, este potrivit\u0103 pentru toate tipurile de piele. Cu toate acestea, ofer\u0103 pielii o nutri\u021bie complet\u0103 \u0219i sus\u021bine procesele naturale de regenerare ale pielii. Crema de noapte cu un con\u021binut ridicat de suc de mesteac\u0103n \u0219i scualena vegetal\u0103 protejeaz\u0103 intens pielea solicitant\u0103 de apari\u021bia ridurilor \u0219i liniilor fine, sus\u021bine elasticitatea pielii \u0219i las\u0103 pielea supl\u0103. Sucul de mesteac\u0103n este bogat \u00een vitamine \u0219i antioxidan\u021bi \u0219i, ca \u0219i v\u00e2ntul prim\u0103vara, ofer\u0103 pielii substan\u021be d\u0103t\u0103toare de via\u021b\u0103 \u0219i un aspect s\u0103n\u0103tos.<\/p>\n","protected":false},"excerpt":{"rendered":"<p>Are grij\u0103 de nevoile tenului matur solicitant. Datorit\u0103 formulei sale u\u0219oare, f\u0103r\u0103 ap\u0103, crema se absoarbe u\u0219or \u00een piele \u0219i, prin urmare, este potrivit\u0103 pentru toate tipurile de piele. Cu toate acestea, ofer\u0103 pielii o nutri\u021bie complet\u0103 \u0219i sus\u021bine procesele naturale de regenerare ale pielii. Crema de noapte cu un con\u021binut ridicat de suc de&#8230;<\/p>\n","protected":false},"featured_media":341531,"comment_status":"closed","ping_status":"open","template":"","meta":{"_acf_changed":false,"_kadence_starter_templates_imported_post":false,"_kad_post_transparent":"","_kad_post_title":"","_kad_post_layout":"","_kad_post_sidebar_id":"","_kad_post_content_style":"","_kad_post_vertical_padding":"","_kad_post_feature":"","_kad_post_feature_position":"","_kad_post_header":false,"_kad_post_footer":false,"_kad_post_classname":""},"product_brand":[454],"product_cat":[246,634,633,665],"product_tag":[],"class_list":{"0":"post-341530","1":"product","2":"type-product","3":"status-publish","4":"has-post-thumbnail","6":"product_brand-madara","7":"product_cat-cosmetice","8":"product_cat-produse-cosmetice-de-ingrijire-a-pielii","9":"product_cat-produse-cosmetice-pentru-piele","10":"product_cat-produse-cosmetice-pentru-riduri-si-anti-imbatranire","12":"first","13":"instock","14":"product-type-external","15":"entry","16":"content-bg","17":"loop-entry"},"acf":[],"yoast_head":"<!-- This site is optimized with the Yoast SEO plugin v27.3 - https:\/\/yoast.com\/product\/yoast-seo-wordpress\/ -->\n<title>M\u00c1DARA Crem\u0103 de noapte cu efect de lifting Time Miracle (Total Renewal Night Cream) 50 ml - SHOPATOA.COM<\/title>\n<meta name=\"robots\" content=\"index, follow, max-snippet:-1, max-image-preview:large, max-video-preview:-1\" \/>\n<link rel=\"canonical\" href=\"https:\/\/shopatoa.com\/ro\/madara-crema-de-noapte-cu-efect-de-lifting-time-miracle-total-renewal-night-cream-50-ml\/\" \/>\n<meta property=\"og:locale\" content=\"ro_RO\" \/>\n<meta property=\"og:type\" content=\"article\" \/>\n<meta property=\"og:title\" content=\"M\u00c1DARA Crem\u0103 de noapte cu efect de lifting Time Miracle (Total Renewal Night Cream) 50 ml - SHOPATOA.COM\" \/>\n<meta property=\"og:description\" content=\"Are grij\u0103 de nevoile tenului matur solicitant. Datorit\u0103 formulei sale u\u0219oare, f\u0103r\u0103 ap\u0103, crema se absoarbe u\u0219or \u00een piele \u0219i, prin urmare, este potrivit\u0103 pentru toate tipurile de piele. Cu toate acestea, ofer\u0103 pielii o nutri\u021bie complet\u0103 \u0219i sus\u021bine procesele naturale de regenerare ale pielii. Crema de noapte cu un con\u021binut ridicat de suc de...\" \/>\n<meta property=\"og:url\" content=\"https:\/\/shopatoa.com\/ro\/madara-crema-de-noapte-cu-efect-de-lifting-time-miracle-total-renewal-night-cream-50-ml\/\" \/>\n<meta property=\"og:site_name\" content=\"SHOPATOA\" \/>\n<meta property=\"article:modified_time\" content=\"2025-05-17T15:04:16+00:00\" \/>\n<meta property=\"og:image\" content=\"https:\/\/storage.googleapis.com\/cz-shopatoa-img\/ro\/69c8d97b-unnamed-file.webp\" \/>\n\t<meta property=\"og:image:width\" content=\"800\" \/>\n\t<meta property=\"og:image:height\" content=\"800\" \/>\n\t<meta property=\"og:image:type\" content=\"image\/webp\" \/>\n<meta name=\"twitter:card\" content=\"summary_large_image\" \/>\n<meta name=\"twitter:label1\" content=\"Timp estimat pentru citire\" \/>\n\t<meta name=\"twitter:data1\" content=\"1 minut\" \/>\n<script type=\"application\/ld+json\" class=\"yoast-schema-graph\">{\"@context\":\"https:\\\/\\\/schema.org\",\"@graph\":[{\"@type\":\"WebPage\",\"@id\":\"https:\\\/\\\/shopatoa.com\\\/ro\\\/madara-crema-de-noapte-cu-efect-de-lifting-time-miracle-total-renewal-night-cream-50-ml\\\/\",\"url\":\"https:\\\/\\\/shopatoa.com\\\/ro\\\/madara-crema-de-noapte-cu-efect-de-lifting-time-miracle-total-renewal-night-cream-50-ml\\\/\",\"name\":\"M\u00c1DARA Crem\u0103 de noapte cu efect de lifting Time Miracle (Total Renewal Night Cream) 50 ml - SHOPATOA.COM\",\"isPartOf\":{\"@id\":\"https:\\\/\\\/shopatoa.com\\\/ro\\\/#website\"},\"primaryImageOfPage\":{\"@id\":\"https:\\\/\\\/shopatoa.com\\\/ro\\\/madara-crema-de-noapte-cu-efect-de-lifting-time-miracle-total-renewal-night-cream-50-ml\\\/#primaryimage\"},\"image\":{\"@id\":\"https:\\\/\\\/shopatoa.com\\\/ro\\\/madara-crema-de-noapte-cu-efect-de-lifting-time-miracle-total-renewal-night-cream-50-ml\\\/#primaryimage\"},\"thumbnailUrl\":\"https:\\\/\\\/storage.googleapis.com\\\/cz-shopatoa-img\\\/ro\\\/69c8d97b-unnamed-file.webp\",\"datePublished\":\"2025-05-17T15:01:18+00:00\",\"dateModified\":\"2025-05-17T15:04:16+00:00\",\"breadcrumb\":{\"@id\":\"https:\\\/\\\/shopatoa.com\\\/ro\\\/madara-crema-de-noapte-cu-efect-de-lifting-time-miracle-total-renewal-night-cream-50-ml\\\/#breadcrumb\"},\"inLanguage\":\"ro-RO\",\"potentialAction\":[{\"@type\":\"ReadAction\",\"target\":[\"https:\\\/\\\/shopatoa.com\\\/ro\\\/madara-crema-de-noapte-cu-efect-de-lifting-time-miracle-total-renewal-night-cream-50-ml\\\/\"]}]},{\"@type\":\"ImageObject\",\"inLanguage\":\"ro-RO\",\"@id\":\"https:\\\/\\\/shopatoa.com\\\/ro\\\/madara-crema-de-noapte-cu-efect-de-lifting-time-miracle-total-renewal-night-cream-50-ml\\\/#primaryimage\",\"url\":\"https:\\\/\\\/storage.googleapis.com\\\/cz-shopatoa-img\\\/ro\\\/69c8d97b-unnamed-file.webp\",\"contentUrl\":\"https:\\\/\\\/storage.googleapis.com\\\/cz-shopatoa-img\\\/ro\\\/69c8d97b-unnamed-file.webp\",\"width\":800,\"height\":800},{\"@type\":\"BreadcrumbList\",\"@id\":\"https:\\\/\\\/shopatoa.com\\\/ro\\\/madara-crema-de-noapte-cu-efect-de-lifting-time-miracle-total-renewal-night-cream-50-ml\\\/#breadcrumb\",\"itemListElement\":[{\"@type\":\"ListItem\",\"position\":1,\"name\":\"Dom\u016f\",\"item\":\"https:\\\/\\\/shopatoa.com\\\/ro\\\/\"},{\"@type\":\"ListItem\",\"position\":2,\"name\":\"Shop\",\"item\":\"https:\\\/\\\/shopatoa.com\\\/ro\\\/shop\\\/\"},{\"@type\":\"ListItem\",\"position\":3,\"name\":\"M\u00c1DARA Crem\u0103 de noapte cu efect de lifting Time Miracle (Total Renewal Night Cream) 50 ml\"}]},{\"@type\":\"WebSite\",\"@id\":\"https:\\\/\\\/shopatoa.com\\\/ro\\\/#website\",\"url\":\"https:\\\/\\\/shopatoa.com\\\/ro\\\/\",\"name\":\"SHOPATOA\",\"description\":\"\",\"publisher\":{\"@id\":\"https:\\\/\\\/shopatoa.com\\\/ro\\\/#organization\"},\"potentialAction\":[{\"@type\":\"SearchAction\",\"target\":{\"@type\":\"EntryPoint\",\"urlTemplate\":\"https:\\\/\\\/shopatoa.com\\\/ro\\\/?s={search_term_string}\"},\"query-input\":{\"@type\":\"PropertyValueSpecification\",\"valueRequired\":true,\"valueName\":\"search_term_string\"}}],\"inLanguage\":\"ro-RO\"},{\"@type\":\"Organization\",\"@id\":\"https:\\\/\\\/shopatoa.com\\\/ro\\\/#organization\",\"name\":\"SHOPATOA\",\"url\":\"https:\\\/\\\/shopatoa.com\\\/ro\\\/\",\"logo\":{\"@type\":\"ImageObject\",\"inLanguage\":\"ro-RO\",\"@id\":\"https:\\\/\\\/shopatoa.com\\\/ro\\\/#\\\/schema\\\/logo\\\/image\\\/\",\"url\":\"https:\\\/\\\/storage.googleapis.com\\\/cz-shopatoa-img\\\/ro\\\/b4dac915-shopatoa_logo.png\",\"contentUrl\":\"https:\\\/\\\/storage.googleapis.com\\\/cz-shopatoa-img\\\/ro\\\/b4dac915-shopatoa_logo.png\",\"width\":416,\"height\":63,\"caption\":\"SHOPATOA\"},\"image\":{\"@id\":\"https:\\\/\\\/shopatoa.com\\\/ro\\\/#\\\/schema\\\/logo\\\/image\\\/\"}}]}<\/script>\n<!-- \/ Yoast SEO plugin. -->","yoast_head_json":{"title":"M\u00c1DARA Crem\u0103 de noapte cu efect de lifting Time Miracle (Total Renewal Night Cream) 50 ml - SHOPATOA.COM","robots":{"index":"index","follow":"follow","max-snippet":"max-snippet:-1","max-image-preview":"max-image-preview:large","max-video-preview":"max-video-preview:-1"},"canonical":"https:\/\/shopatoa.com\/ro\/madara-crema-de-noapte-cu-efect-de-lifting-time-miracle-total-renewal-night-cream-50-ml\/","og_locale":"ro_RO","og_type":"article","og_title":"M\u00c1DARA Crem\u0103 de noapte cu efect de lifting Time Miracle (Total Renewal Night Cream) 50 ml - SHOPATOA.COM","og_description":"Are grij\u0103 de nevoile tenului matur solicitant. Datorit\u0103 formulei sale u\u0219oare, f\u0103r\u0103 ap\u0103, crema se absoarbe u\u0219or \u00een piele \u0219i, prin urmare, este potrivit\u0103 pentru toate tipurile de piele. Cu toate acestea, ofer\u0103 pielii o nutri\u021bie complet\u0103 \u0219i sus\u021bine procesele naturale de regenerare ale pielii. Crema de noapte cu un con\u021binut ridicat de suc de...","og_url":"https:\/\/shopatoa.com\/ro\/madara-crema-de-noapte-cu-efect-de-lifting-time-miracle-total-renewal-night-cream-50-ml\/","og_site_name":"SHOPATOA","article_modified_time":"2025-05-17T15:04:16+00:00","og_image":[{"width":800,"height":800,"url":"https:\/\/storage.googleapis.com\/cz-shopatoa-img\/ro\/69c8d97b-unnamed-file.webp","type":"image\/webp"}],"twitter_card":"summary_large_image","twitter_misc":{"Timp estimat pentru citire":"1 minut"},"schema":{"@context":"https:\/\/schema.org","@graph":[{"@type":"WebPage","@id":"https:\/\/shopatoa.com\/ro\/madara-crema-de-noapte-cu-efect-de-lifting-time-miracle-total-renewal-night-cream-50-ml\/","url":"https:\/\/shopatoa.com\/ro\/madara-crema-de-noapte-cu-efect-de-lifting-time-miracle-total-renewal-night-cream-50-ml\/","name":"M\u00c1DARA Crem\u0103 de noapte cu efect de lifting Time Miracle (Total Renewal Night Cream) 50 ml - SHOPATOA.COM","isPartOf":{"@id":"https:\/\/shopatoa.com\/ro\/#website"},"primaryImageOfPage":{"@id":"https:\/\/shopatoa.com\/ro\/madara-crema-de-noapte-cu-efect-de-lifting-time-miracle-total-renewal-night-cream-50-ml\/#primaryimage"},"image":{"@id":"https:\/\/shopatoa.com\/ro\/madara-crema-de-noapte-cu-efect-de-lifting-time-miracle-total-renewal-night-cream-50-ml\/#primaryimage"},"thumbnailUrl":"https:\/\/storage.googleapis.com\/cz-shopatoa-img\/ro\/69c8d97b-unnamed-file.webp","datePublished":"2025-05-17T15:01:18+00:00","dateModified":"2025-05-17T15:04:16+00:00","breadcrumb":{"@id":"https:\/\/shopatoa.com\/ro\/madara-crema-de-noapte-cu-efect-de-lifting-time-miracle-total-renewal-night-cream-50-ml\/#breadcrumb"},"inLanguage":"ro-RO","potentialAction":[{"@type":"ReadAction","target":["https:\/\/shopatoa.com\/ro\/madara-crema-de-noapte-cu-efect-de-lifting-time-miracle-total-renewal-night-cream-50-ml\/"]}]},{"@type":"ImageObject","inLanguage":"ro-RO","@id":"https:\/\/shopatoa.com\/ro\/madara-crema-de-noapte-cu-efect-de-lifting-time-miracle-total-renewal-night-cream-50-ml\/#primaryimage","url":"https:\/\/storage.googleapis.com\/cz-shopatoa-img\/ro\/69c8d97b-unnamed-file.webp","contentUrl":"https:\/\/storage.googleapis.com\/cz-shopatoa-img\/ro\/69c8d97b-unnamed-file.webp","width":800,"height":800},{"@type":"BreadcrumbList","@id":"https:\/\/shopatoa.com\/ro\/madara-crema-de-noapte-cu-efect-de-lifting-time-miracle-total-renewal-night-cream-50-ml\/#breadcrumb","itemListElement":[{"@type":"ListItem","position":1,"name":"Dom\u016f","item":"https:\/\/shopatoa.com\/ro\/"},{"@type":"ListItem","position":2,"name":"Shop","item":"https:\/\/shopatoa.com\/ro\/shop\/"},{"@type":"ListItem","position":3,"name":"M\u00c1DARA Crem\u0103 de noapte cu efect de lifting Time Miracle (Total Renewal Night Cream) 50 ml"}]},{"@type":"WebSite","@id":"https:\/\/shopatoa.com\/ro\/#website","url":"https:\/\/shopatoa.com\/ro\/","name":"SHOPATOA","description":"","publisher":{"@id":"https:\/\/shopatoa.com\/ro\/#organization"},"potentialAction":[{"@type":"SearchAction","target":{"@type":"EntryPoint","urlTemplate":"https:\/\/shopatoa.com\/ro\/?s={search_term_string}"},"query-input":{"@type":"PropertyValueSpecification","valueRequired":true,"valueName":"search_term_string"}}],"inLanguage":"ro-RO"},{"@type":"Organization","@id":"https:\/\/shopatoa.com\/ro\/#organization","name":"SHOPATOA","url":"https:\/\/shopatoa.com\/ro\/","logo":{"@type":"ImageObject","inLanguage":"ro-RO","@id":"https:\/\/shopatoa.com\/ro\/#\/schema\/logo\/image\/","url":"https:\/\/storage.googleapis.com\/cz-shopatoa-img\/ro\/b4dac915-shopatoa_logo.png","contentUrl":"https:\/\/storage.googleapis.com\/cz-shopatoa-img\/ro\/b4dac915-shopatoa_logo.png","width":416,"height":63,"caption":"SHOPATOA"},"image":{"@id":"https:\/\/shopatoa.com\/ro\/#\/schema\/logo\/image\/"}}]}},"_links":{"self":[{"href":"https:\/\/shopatoa.com\/ro\/wp-json\/wp\/v2\/product\/341530","targetHints":{"allow":["GET"]}}],"collection":[{"href":"https:\/\/shopatoa.com\/ro\/wp-json\/wp\/v2\/product"}],"about":[{"href":"https:\/\/shopatoa.com\/ro\/wp-json\/wp\/v2\/types\/product"}],"replies":[{"embeddable":true,"href":"https:\/\/shopatoa.com\/ro\/wp-json\/wp\/v2\/comments?post=341530"}],"wp:featuredmedia":[{"embeddable":true,"href":"https:\/\/shopatoa.com\/ro\/wp-json\/wp\/v2\/media\/341531"}],"wp:attachment":[{"href":"https:\/\/shopatoa.com\/ro\/wp-json\/wp\/v2\/media?parent=341530"}],"wp:term":[{"taxonomy":"product_brand","embeddable":true,"href":"https:\/\/shopatoa.com\/ro\/wp-json\/wp\/v2\/product_brand?post=341530"},{"taxonomy":"product_cat","embeddable":true,"href":"https:\/\/shopatoa.com\/ro\/wp-json\/wp\/v2\/product_cat?post=341530"},{"taxonomy":"product_tag","embeddable":true,"href":"https:\/\/shopatoa.com\/ro\/wp-json\/wp\/v2\/product_tag?post=341530"}],"curies":[{"name":"wp","href":"https:\/\/api.w.org\/{rel}","templated":true}]}}