{"id":341566,"date":"2025-05-17T17:08:38","date_gmt":"2025-05-17T15:08:38","guid":{"rendered":"https:\/\/shopatoa.com\/ro\/revolution-fond-de-ten-hidratant-vitamin-base-primer-moisture-primer-25-ml\/"},"modified":"2025-05-17T17:08:57","modified_gmt":"2025-05-17T15:08:57","slug":"revolution-fond-de-ten-hidratant-vitamin-base-primer-moisture-primer-25-ml","status":"publish","type":"product","link":"https:\/\/shopatoa.com\/ro\/revolution-fond-de-ten-hidratant-vitamin-base-primer-moisture-primer-25-ml\/","title":{"rendered":"Revolution Fond de ten hidratant Vitamin Base Primer (Moisture Primer) 25 ml"},"content":{"rendered":"<p>Face\u021bi cuno\u0219tin\u021b\u0103 cu noul primer hidratant Super Base Vitamin Base Primer, care v\u0103 preg\u0103te\u0219te perfect pielea pentru aplicarea machiajului \u0219i combin\u0103 confortul unei creme hidratante cu beneficiile unui primer. Ambalat cu vitamine hr\u0103nitoare B, C \u0219i E, unt de shea \u0219i acid hialuronic, primerul func\u021bioneaz\u0103 toat\u0103 ziua pentru a va hidrata \u0219i hr\u0103ni pielea. Formula este complet transparent\u0103, a\u0219a c\u0103 poate fi folosit\u0103 singur\u0103, ca parte a rutinei de \u00eengrijire a pielii, sau aplicat\u0103 ca primer \u00eenainte de machiaj pentru a preg\u0103ti \u0219i a \u00eengro\u0219a pielea.<\/p>\n","protected":false},"excerpt":{"rendered":"<p>Face\u021bi cuno\u0219tin\u021b\u0103 cu noul primer hidratant Super Base Vitamin Base Primer, care v\u0103 preg\u0103te\u0219te perfect pielea pentru aplicarea machiajului \u0219i combin\u0103 confortul unei creme hidratante cu beneficiile unui primer. Ambalat cu vitamine hr\u0103nitoare B, C \u0219i E, unt de shea \u0219i acid hialuronic, primerul func\u021bioneaz\u0103 toat\u0103 ziua pentru a va hidrata \u0219i hr\u0103ni pielea. Formula&#8230;<\/p>\n","protected":false},"featured_media":341567,"comment_status":"closed","ping_status":"open","template":"","meta":{"_acf_changed":false,"_kadence_starter_templates_imported_post":false,"_kad_post_transparent":"","_kad_post_title":"","_kad_post_layout":"","_kad_post_sidebar_id":"","_kad_post_content_style":"","_kad_post_vertical_padding":"","_kad_post_feature":"","_kad_post_feature_position":"","_kad_post_header":false,"_kad_post_footer":false,"_kad_post_classname":""},"product_brand":[130],"product_cat":[649,246,609,616],"product_tag":[],"class_list":{"0":"post-341566","1":"product","2":"type-product","3":"status-publish","4":"has-post-thumbnail","6":"product_brand-revolution","7":"product_cat-baza-de-machiaj-pentru-fata","8":"product_cat-cosmetice","9":"product_cat-cosmetice-decorative","10":"product_cat-machiaj-pentru-fata","12":"first","13":"instock","14":"product-type-external","15":"entry","16":"content-bg","17":"loop-entry"},"acf":[],"yoast_head":"<!-- This site is optimized with the Yoast SEO plugin v27.3 - https:\/\/yoast.com\/product\/yoast-seo-wordpress\/ -->\n<title>Revolution Fond de ten hidratant Vitamin Base Primer (Moisture Primer) 25 ml - SHOPATOA.COM<\/title>\n<meta name=\"robots\" content=\"index, follow, max-snippet:-1, max-image-preview:large, max-video-preview:-1\" \/>\n<link rel=\"canonical\" href=\"https:\/\/shopatoa.com\/ro\/revolution-fond-de-ten-hidratant-vitamin-base-primer-moisture-primer-25-ml\/\" \/>\n<meta property=\"og:locale\" content=\"ro_RO\" \/>\n<meta property=\"og:type\" content=\"article\" \/>\n<meta property=\"og:title\" content=\"Revolution Fond de ten hidratant Vitamin Base Primer (Moisture Primer) 25 ml - SHOPATOA.COM\" \/>\n<meta property=\"og:description\" content=\"Face\u021bi cuno\u0219tin\u021b\u0103 cu noul primer hidratant Super Base Vitamin Base Primer, care v\u0103 preg\u0103te\u0219te perfect pielea pentru aplicarea machiajului \u0219i combin\u0103 confortul unei creme hidratante cu beneficiile unui primer. Ambalat cu vitamine hr\u0103nitoare B, C \u0219i E, unt de shea \u0219i acid hialuronic, primerul func\u021bioneaz\u0103 toat\u0103 ziua pentru a va hidrata \u0219i hr\u0103ni pielea. Formula...\" \/>\n<meta property=\"og:url\" content=\"https:\/\/shopatoa.com\/ro\/revolution-fond-de-ten-hidratant-vitamin-base-primer-moisture-primer-25-ml\/\" \/>\n<meta property=\"og:site_name\" content=\"SHOPATOA\" \/>\n<meta property=\"article:modified_time\" content=\"2025-05-17T15:08:57+00:00\" \/>\n<meta property=\"og:image\" content=\"https:\/\/storage.googleapis.com\/cz-shopatoa-img\/ro\/786458ea-unnamed-file.webp\" \/>\n\t<meta property=\"og:image:width\" content=\"800\" \/>\n\t<meta property=\"og:image:height\" content=\"800\" \/>\n\t<meta property=\"og:image:type\" content=\"image\/webp\" \/>\n<meta name=\"twitter:card\" content=\"summary_large_image\" \/>\n<script type=\"application\/ld+json\" class=\"yoast-schema-graph\">{\"@context\":\"https:\\\/\\\/schema.org\",\"@graph\":[{\"@type\":\"WebPage\",\"@id\":\"https:\\\/\\\/shopatoa.com\\\/ro\\\/revolution-fond-de-ten-hidratant-vitamin-base-primer-moisture-primer-25-ml\\\/\",\"url\":\"https:\\\/\\\/shopatoa.com\\\/ro\\\/revolution-fond-de-ten-hidratant-vitamin-base-primer-moisture-primer-25-ml\\\/\",\"name\":\"Revolution Fond de ten hidratant Vitamin Base Primer (Moisture Primer) 25 ml - SHOPATOA.COM\",\"isPartOf\":{\"@id\":\"https:\\\/\\\/shopatoa.com\\\/ro\\\/#website\"},\"primaryImageOfPage\":{\"@id\":\"https:\\\/\\\/shopatoa.com\\\/ro\\\/revolution-fond-de-ten-hidratant-vitamin-base-primer-moisture-primer-25-ml\\\/#primaryimage\"},\"image\":{\"@id\":\"https:\\\/\\\/shopatoa.com\\\/ro\\\/revolution-fond-de-ten-hidratant-vitamin-base-primer-moisture-primer-25-ml\\\/#primaryimage\"},\"thumbnailUrl\":\"https:\\\/\\\/storage.googleapis.com\\\/cz-shopatoa-img\\\/ro\\\/786458ea-unnamed-file.webp\",\"datePublished\":\"2025-05-17T15:08:38+00:00\",\"dateModified\":\"2025-05-17T15:08:57+00:00\",\"breadcrumb\":{\"@id\":\"https:\\\/\\\/shopatoa.com\\\/ro\\\/revolution-fond-de-ten-hidratant-vitamin-base-primer-moisture-primer-25-ml\\\/#breadcrumb\"},\"inLanguage\":\"ro-RO\",\"potentialAction\":[{\"@type\":\"ReadAction\",\"target\":[\"https:\\\/\\\/shopatoa.com\\\/ro\\\/revolution-fond-de-ten-hidratant-vitamin-base-primer-moisture-primer-25-ml\\\/\"]}]},{\"@type\":\"ImageObject\",\"inLanguage\":\"ro-RO\",\"@id\":\"https:\\\/\\\/shopatoa.com\\\/ro\\\/revolution-fond-de-ten-hidratant-vitamin-base-primer-moisture-primer-25-ml\\\/#primaryimage\",\"url\":\"https:\\\/\\\/storage.googleapis.com\\\/cz-shopatoa-img\\\/ro\\\/786458ea-unnamed-file.webp\",\"contentUrl\":\"https:\\\/\\\/storage.googleapis.com\\\/cz-shopatoa-img\\\/ro\\\/786458ea-unnamed-file.webp\",\"width\":800,\"height\":800},{\"@type\":\"BreadcrumbList\",\"@id\":\"https:\\\/\\\/shopatoa.com\\\/ro\\\/revolution-fond-de-ten-hidratant-vitamin-base-primer-moisture-primer-25-ml\\\/#breadcrumb\",\"itemListElement\":[{\"@type\":\"ListItem\",\"position\":1,\"name\":\"Dom\u016f\",\"item\":\"https:\\\/\\\/shopatoa.com\\\/ro\\\/\"},{\"@type\":\"ListItem\",\"position\":2,\"name\":\"Shop\",\"item\":\"https:\\\/\\\/shopatoa.com\\\/ro\\\/shop\\\/\"},{\"@type\":\"ListItem\",\"position\":3,\"name\":\"Revolution Fond de ten hidratant Vitamin Base Primer (Moisture Primer) 25 ml\"}]},{\"@type\":\"WebSite\",\"@id\":\"https:\\\/\\\/shopatoa.com\\\/ro\\\/#website\",\"url\":\"https:\\\/\\\/shopatoa.com\\\/ro\\\/\",\"name\":\"SHOPATOA\",\"description\":\"\",\"publisher\":{\"@id\":\"https:\\\/\\\/shopatoa.com\\\/ro\\\/#organization\"},\"potentialAction\":[{\"@type\":\"SearchAction\",\"target\":{\"@type\":\"EntryPoint\",\"urlTemplate\":\"https:\\\/\\\/shopatoa.com\\\/ro\\\/?s={search_term_string}\"},\"query-input\":{\"@type\":\"PropertyValueSpecification\",\"valueRequired\":true,\"valueName\":\"search_term_string\"}}],\"inLanguage\":\"ro-RO\"},{\"@type\":\"Organization\",\"@id\":\"https:\\\/\\\/shopatoa.com\\\/ro\\\/#organization\",\"name\":\"SHOPATOA\",\"url\":\"https:\\\/\\\/shopatoa.com\\\/ro\\\/\",\"logo\":{\"@type\":\"ImageObject\",\"inLanguage\":\"ro-RO\",\"@id\":\"https:\\\/\\\/shopatoa.com\\\/ro\\\/#\\\/schema\\\/logo\\\/image\\\/\",\"url\":\"https:\\\/\\\/storage.googleapis.com\\\/cz-shopatoa-img\\\/ro\\\/b4dac915-shopatoa_logo.png\",\"contentUrl\":\"https:\\\/\\\/storage.googleapis.com\\\/cz-shopatoa-img\\\/ro\\\/b4dac915-shopatoa_logo.png\",\"width\":416,\"height\":63,\"caption\":\"SHOPATOA\"},\"image\":{\"@id\":\"https:\\\/\\\/shopatoa.com\\\/ro\\\/#\\\/schema\\\/logo\\\/image\\\/\"}}]}<\/script>\n<!-- \/ Yoast SEO plugin. -->","yoast_head_json":{"title":"Revolution Fond de ten hidratant Vitamin Base Primer (Moisture Primer) 25 ml - SHOPATOA.COM","robots":{"index":"index","follow":"follow","max-snippet":"max-snippet:-1","max-image-preview":"max-image-preview:large","max-video-preview":"max-video-preview:-1"},"canonical":"https:\/\/shopatoa.com\/ro\/revolution-fond-de-ten-hidratant-vitamin-base-primer-moisture-primer-25-ml\/","og_locale":"ro_RO","og_type":"article","og_title":"Revolution Fond de ten hidratant Vitamin Base Primer (Moisture Primer) 25 ml - SHOPATOA.COM","og_description":"Face\u021bi cuno\u0219tin\u021b\u0103 cu noul primer hidratant Super Base Vitamin Base Primer, care v\u0103 preg\u0103te\u0219te perfect pielea pentru aplicarea machiajului \u0219i combin\u0103 confortul unei creme hidratante cu beneficiile unui primer. Ambalat cu vitamine hr\u0103nitoare B, C \u0219i E, unt de shea \u0219i acid hialuronic, primerul func\u021bioneaz\u0103 toat\u0103 ziua pentru a va hidrata \u0219i hr\u0103ni pielea. Formula...","og_url":"https:\/\/shopatoa.com\/ro\/revolution-fond-de-ten-hidratant-vitamin-base-primer-moisture-primer-25-ml\/","og_site_name":"SHOPATOA","article_modified_time":"2025-05-17T15:08:57+00:00","og_image":[{"width":800,"height":800,"url":"https:\/\/storage.googleapis.com\/cz-shopatoa-img\/ro\/786458ea-unnamed-file.webp","type":"image\/webp"}],"twitter_card":"summary_large_image","schema":{"@context":"https:\/\/schema.org","@graph":[{"@type":"WebPage","@id":"https:\/\/shopatoa.com\/ro\/revolution-fond-de-ten-hidratant-vitamin-base-primer-moisture-primer-25-ml\/","url":"https:\/\/shopatoa.com\/ro\/revolution-fond-de-ten-hidratant-vitamin-base-primer-moisture-primer-25-ml\/","name":"Revolution Fond de ten hidratant Vitamin Base Primer (Moisture Primer) 25 ml - SHOPATOA.COM","isPartOf":{"@id":"https:\/\/shopatoa.com\/ro\/#website"},"primaryImageOfPage":{"@id":"https:\/\/shopatoa.com\/ro\/revolution-fond-de-ten-hidratant-vitamin-base-primer-moisture-primer-25-ml\/#primaryimage"},"image":{"@id":"https:\/\/shopatoa.com\/ro\/revolution-fond-de-ten-hidratant-vitamin-base-primer-moisture-primer-25-ml\/#primaryimage"},"thumbnailUrl":"https:\/\/storage.googleapis.com\/cz-shopatoa-img\/ro\/786458ea-unnamed-file.webp","datePublished":"2025-05-17T15:08:38+00:00","dateModified":"2025-05-17T15:08:57+00:00","breadcrumb":{"@id":"https:\/\/shopatoa.com\/ro\/revolution-fond-de-ten-hidratant-vitamin-base-primer-moisture-primer-25-ml\/#breadcrumb"},"inLanguage":"ro-RO","potentialAction":[{"@type":"ReadAction","target":["https:\/\/shopatoa.com\/ro\/revolution-fond-de-ten-hidratant-vitamin-base-primer-moisture-primer-25-ml\/"]}]},{"@type":"ImageObject","inLanguage":"ro-RO","@id":"https:\/\/shopatoa.com\/ro\/revolution-fond-de-ten-hidratant-vitamin-base-primer-moisture-primer-25-ml\/#primaryimage","url":"https:\/\/storage.googleapis.com\/cz-shopatoa-img\/ro\/786458ea-unnamed-file.webp","contentUrl":"https:\/\/storage.googleapis.com\/cz-shopatoa-img\/ro\/786458ea-unnamed-file.webp","width":800,"height":800},{"@type":"BreadcrumbList","@id":"https:\/\/shopatoa.com\/ro\/revolution-fond-de-ten-hidratant-vitamin-base-primer-moisture-primer-25-ml\/#breadcrumb","itemListElement":[{"@type":"ListItem","position":1,"name":"Dom\u016f","item":"https:\/\/shopatoa.com\/ro\/"},{"@type":"ListItem","position":2,"name":"Shop","item":"https:\/\/shopatoa.com\/ro\/shop\/"},{"@type":"ListItem","position":3,"name":"Revolution Fond de ten hidratant Vitamin Base Primer (Moisture Primer) 25 ml"}]},{"@type":"WebSite","@id":"https:\/\/shopatoa.com\/ro\/#website","url":"https:\/\/shopatoa.com\/ro\/","name":"SHOPATOA","description":"","publisher":{"@id":"https:\/\/shopatoa.com\/ro\/#organization"},"potentialAction":[{"@type":"SearchAction","target":{"@type":"EntryPoint","urlTemplate":"https:\/\/shopatoa.com\/ro\/?s={search_term_string}"},"query-input":{"@type":"PropertyValueSpecification","valueRequired":true,"valueName":"search_term_string"}}],"inLanguage":"ro-RO"},{"@type":"Organization","@id":"https:\/\/shopatoa.com\/ro\/#organization","name":"SHOPATOA","url":"https:\/\/shopatoa.com\/ro\/","logo":{"@type":"ImageObject","inLanguage":"ro-RO","@id":"https:\/\/shopatoa.com\/ro\/#\/schema\/logo\/image\/","url":"https:\/\/storage.googleapis.com\/cz-shopatoa-img\/ro\/b4dac915-shopatoa_logo.png","contentUrl":"https:\/\/storage.googleapis.com\/cz-shopatoa-img\/ro\/b4dac915-shopatoa_logo.png","width":416,"height":63,"caption":"SHOPATOA"},"image":{"@id":"https:\/\/shopatoa.com\/ro\/#\/schema\/logo\/image\/"}}]}},"_links":{"self":[{"href":"https:\/\/shopatoa.com\/ro\/wp-json\/wp\/v2\/product\/341566","targetHints":{"allow":["GET"]}}],"collection":[{"href":"https:\/\/shopatoa.com\/ro\/wp-json\/wp\/v2\/product"}],"about":[{"href":"https:\/\/shopatoa.com\/ro\/wp-json\/wp\/v2\/types\/product"}],"replies":[{"embeddable":true,"href":"https:\/\/shopatoa.com\/ro\/wp-json\/wp\/v2\/comments?post=341566"}],"wp:featuredmedia":[{"embeddable":true,"href":"https:\/\/shopatoa.com\/ro\/wp-json\/wp\/v2\/media\/341567"}],"wp:attachment":[{"href":"https:\/\/shopatoa.com\/ro\/wp-json\/wp\/v2\/media?parent=341566"}],"wp:term":[{"taxonomy":"product_brand","embeddable":true,"href":"https:\/\/shopatoa.com\/ro\/wp-json\/wp\/v2\/product_brand?post=341566"},{"taxonomy":"product_cat","embeddable":true,"href":"https:\/\/shopatoa.com\/ro\/wp-json\/wp\/v2\/product_cat?post=341566"},{"taxonomy":"product_tag","embeddable":true,"href":"https:\/\/shopatoa.com\/ro\/wp-json\/wp\/v2\/product_tag?post=341566"}],"curies":[{"name":"wp","href":"https:\/\/api.w.org\/{rel}","templated":true}]}}