{"id":341595,"date":"2025-05-17T17:12:38","date_gmt":"2025-05-17T15:12:38","guid":{"rendered":"https:\/\/shopatoa.com\/ro\/schwarzkopf-professional-crema-de-par-tonifianta-si-iluminatoare-blondme-paint-on-lightener-toning-granite\/"},"modified":"2025-05-17T17:13:37","modified_gmt":"2025-05-17T15:13:37","slug":"schwarzkopf-professional-crema-de-par-tonifianta-si-iluminatoare-blondme-paint-on-lightener-toning-granite","status":"publish","type":"product","link":"https:\/\/shopatoa.com\/ro\/schwarzkopf-professional-crema-de-par-tonifianta-si-iluminatoare-blondme-paint-on-lightener-toning-granite\/","title":{"rendered":"Schwarzkopf Professional Crem\u0103 de p\u0103r tonifiant\u0103 \u0219i iluminatoare BLONDME Paint-on Lightener Toning Granite"},"content":{"rendered":"<p>Hi-Lighting &#8211; crem\u0103 de eviden\u021biere potrivit\u0103 \u0219i pe p\u0103rul colorat. Cu tehnologia bonding integrat\u0103, pentru a proteja fibra de p\u0103r \u0219i pentru a reduce ruperea p\u0103rului. P\u00e2n\u0103 la 5 tonuri de deschidere. Toning &#8211; linie de tonifiere cu tehnologie integrat\u0103 Bond Enforcing HydroLock, pentru \u00eembun\u0103t\u0103\u021birea hidrat\u0103rii \u0219i protej\u0103rii ruperii p\u0103rului. O formul\u0103 cu un pH neutru pentru a reduce deteriorarea p\u0103rului. Bleach &#038; Tone &#8211; un aditiv de iluminare \u0219i tonifiere \u00eentr-un singur pas utilizat \u00een combina\u021bie cu BLONDME Bond Enforcing Premium Lightener 9+ . Lifting &#8211; o linie de iluminare performant\u0103 cu tehnologia bonding integrat\u0103 pentru a proteja firul de p\u0103r \u00een timpul ac\u021biunii \u0219i a reduce ruperea p\u0103rului. Lumineaz\u0103 p\u0103rul natural cu p\u00e2n\u0103 la 5 tonuri. White Blending &#8211; o linie u\u0219oar\u0103 pentru p\u0103rul matur. Cu tehnologia bonding integrat\u0103, pentru a proteja fibra de p\u0103r \u0219i pentru a reduce ruperea p\u0103rului. P\u00e2n\u0103 la 4 niveluri de iluminare, acoper\u0103 p\u00e2n\u0103 la 100% p\u0103rul alb.<\/p>\n","protected":false},"excerpt":{"rendered":"<p>Hi-Lighting &#8211; crem\u0103 de eviden\u021biere potrivit\u0103 \u0219i pe p\u0103rul colorat. Cu tehnologia bonding integrat\u0103, pentru a proteja fibra de p\u0103r \u0219i pentru a reduce ruperea p\u0103rului. P\u00e2n\u0103 la 5 tonuri de deschidere. Toning &#8211; linie de tonifiere cu tehnologie integrat\u0103 Bond Enforcing HydroLock, pentru \u00eembun\u0103t\u0103\u021birea hidrat\u0103rii \u0219i protej\u0103rii ruperii p\u0103rului. O formul\u0103 cu un pH&#8230;<\/p>\n","protected":false},"featured_media":341596,"comment_status":"closed","ping_status":"open","template":"","meta":{"_acf_changed":false,"_kadence_starter_templates_imported_post":false,"_kad_post_transparent":"","_kad_post_title":"","_kad_post_layout":"","_kad_post_sidebar_id":"","_kad_post_content_style":"","_kad_post_vertical_padding":"","_kad_post_feature":"","_kad_post_feature_position":"","_kad_post_header":false,"_kad_post_footer":false,"_kad_post_classname":""},"product_brand":[231],"product_cat":[694,246,623,695],"product_tag":[],"class_list":{"0":"post-341595","1":"product","2":"type-product","3":"status-publish","4":"has-post-thumbnail","6":"product_brand-schwarzkopf-professional","7":"product_cat-cosmetica-pentru-colorarea-parului","8":"product_cat-cosmetice","9":"product_cat-produse-cosmetice-pentru-par","10":"product_cat-vopsire-decolorare-profesionala-a-parului","12":"first","13":"instock","14":"product-type-external","15":"entry","16":"content-bg","17":"loop-entry"},"acf":[],"yoast_head":"<!-- This site is optimized with the Yoast SEO plugin v27.4 - https:\/\/yoast.com\/product\/yoast-seo-wordpress\/ -->\n<title>Schwarzkopf Professional Crem\u0103 de p\u0103r tonifiant\u0103 \u0219i iluminatoare BLONDME Paint-on Lightener Toning Granite - SHOPATOA.COM<\/title>\n<meta name=\"robots\" content=\"index, follow, max-snippet:-1, max-image-preview:large, max-video-preview:-1\" \/>\n<link rel=\"canonical\" href=\"https:\/\/shopatoa.com\/ro\/schwarzkopf-professional-crema-de-par-tonifianta-si-iluminatoare-blondme-paint-on-lightener-toning-granite\/\" \/>\n<meta property=\"og:locale\" content=\"ro_RO\" \/>\n<meta property=\"og:type\" content=\"article\" \/>\n<meta property=\"og:title\" content=\"Schwarzkopf Professional Crem\u0103 de p\u0103r tonifiant\u0103 \u0219i iluminatoare BLONDME Paint-on Lightener Toning Granite - SHOPATOA.COM\" \/>\n<meta property=\"og:description\" content=\"Hi-Lighting &#8211; crem\u0103 de eviden\u021biere potrivit\u0103 \u0219i pe p\u0103rul colorat. Cu tehnologia bonding integrat\u0103, pentru a proteja fibra de p\u0103r \u0219i pentru a reduce ruperea p\u0103rului. P\u00e2n\u0103 la 5 tonuri de deschidere. Toning &#8211; linie de tonifiere cu tehnologie integrat\u0103 Bond Enforcing HydroLock, pentru \u00eembun\u0103t\u0103\u021birea hidrat\u0103rii \u0219i protej\u0103rii ruperii p\u0103rului. O formul\u0103 cu un pH...\" \/>\n<meta property=\"og:url\" content=\"https:\/\/shopatoa.com\/ro\/schwarzkopf-professional-crema-de-par-tonifianta-si-iluminatoare-blondme-paint-on-lightener-toning-granite\/\" \/>\n<meta property=\"og:site_name\" content=\"SHOPATOA\" \/>\n<meta property=\"article:modified_time\" content=\"2025-05-17T15:13:37+00:00\" \/>\n<meta property=\"og:image\" content=\"https:\/\/storage.googleapis.com\/cz-shopatoa-img\/ro\/e693979a-unnamed-file.webp\" \/>\n\t<meta property=\"og:image:width\" content=\"800\" \/>\n\t<meta property=\"og:image:height\" content=\"800\" \/>\n\t<meta property=\"og:image:type\" content=\"image\/webp\" \/>\n<meta name=\"twitter:card\" content=\"summary_large_image\" \/>\n<meta name=\"twitter:label1\" content=\"Timp estimat pentru citire\" \/>\n\t<meta name=\"twitter:data1\" content=\"1 minut\" \/>\n<script type=\"application\/ld+json\" class=\"yoast-schema-graph\">{\"@context\":\"https:\\\/\\\/schema.org\",\"@graph\":[{\"@type\":\"WebPage\",\"@id\":\"https:\\\/\\\/shopatoa.com\\\/ro\\\/schwarzkopf-professional-crema-de-par-tonifianta-si-iluminatoare-blondme-paint-on-lightener-toning-granite\\\/\",\"url\":\"https:\\\/\\\/shopatoa.com\\\/ro\\\/schwarzkopf-professional-crema-de-par-tonifianta-si-iluminatoare-blondme-paint-on-lightener-toning-granite\\\/\",\"name\":\"Schwarzkopf Professional Crem\u0103 de p\u0103r tonifiant\u0103 \u0219i iluminatoare BLONDME Paint-on Lightener Toning Granite - SHOPATOA.COM\",\"isPartOf\":{\"@id\":\"https:\\\/\\\/shopatoa.com\\\/ro\\\/#website\"},\"primaryImageOfPage\":{\"@id\":\"https:\\\/\\\/shopatoa.com\\\/ro\\\/schwarzkopf-professional-crema-de-par-tonifianta-si-iluminatoare-blondme-paint-on-lightener-toning-granite\\\/#primaryimage\"},\"image\":{\"@id\":\"https:\\\/\\\/shopatoa.com\\\/ro\\\/schwarzkopf-professional-crema-de-par-tonifianta-si-iluminatoare-blondme-paint-on-lightener-toning-granite\\\/#primaryimage\"},\"thumbnailUrl\":\"https:\\\/\\\/storage.googleapis.com\\\/cz-shopatoa-img\\\/ro\\\/e693979a-unnamed-file.webp\",\"datePublished\":\"2025-05-17T15:12:38+00:00\",\"dateModified\":\"2025-05-17T15:13:37+00:00\",\"breadcrumb\":{\"@id\":\"https:\\\/\\\/shopatoa.com\\\/ro\\\/schwarzkopf-professional-crema-de-par-tonifianta-si-iluminatoare-blondme-paint-on-lightener-toning-granite\\\/#breadcrumb\"},\"inLanguage\":\"ro-RO\",\"potentialAction\":[{\"@type\":\"ReadAction\",\"target\":[\"https:\\\/\\\/shopatoa.com\\\/ro\\\/schwarzkopf-professional-crema-de-par-tonifianta-si-iluminatoare-blondme-paint-on-lightener-toning-granite\\\/\"]}]},{\"@type\":\"ImageObject\",\"inLanguage\":\"ro-RO\",\"@id\":\"https:\\\/\\\/shopatoa.com\\\/ro\\\/schwarzkopf-professional-crema-de-par-tonifianta-si-iluminatoare-blondme-paint-on-lightener-toning-granite\\\/#primaryimage\",\"url\":\"https:\\\/\\\/storage.googleapis.com\\\/cz-shopatoa-img\\\/ro\\\/e693979a-unnamed-file.webp\",\"contentUrl\":\"https:\\\/\\\/storage.googleapis.com\\\/cz-shopatoa-img\\\/ro\\\/e693979a-unnamed-file.webp\",\"width\":800,\"height\":800},{\"@type\":\"BreadcrumbList\",\"@id\":\"https:\\\/\\\/shopatoa.com\\\/ro\\\/schwarzkopf-professional-crema-de-par-tonifianta-si-iluminatoare-blondme-paint-on-lightener-toning-granite\\\/#breadcrumb\",\"itemListElement\":[{\"@type\":\"ListItem\",\"position\":1,\"name\":\"Dom\u016f\",\"item\":\"https:\\\/\\\/shopatoa.com\\\/ro\\\/\"},{\"@type\":\"ListItem\",\"position\":2,\"name\":\"Shop\",\"item\":\"https:\\\/\\\/shopatoa.com\\\/ro\\\/shop\\\/\"},{\"@type\":\"ListItem\",\"position\":3,\"name\":\"Schwarzkopf Professional Crem\u0103 de p\u0103r tonifiant\u0103 \u0219i iluminatoare BLONDME Paint-on Lightener Toning Granite\"}]},{\"@type\":\"WebSite\",\"@id\":\"https:\\\/\\\/shopatoa.com\\\/ro\\\/#website\",\"url\":\"https:\\\/\\\/shopatoa.com\\\/ro\\\/\",\"name\":\"SHOPATOA\",\"description\":\"\",\"publisher\":{\"@id\":\"https:\\\/\\\/shopatoa.com\\\/ro\\\/#organization\"},\"potentialAction\":[{\"@type\":\"SearchAction\",\"target\":{\"@type\":\"EntryPoint\",\"urlTemplate\":\"https:\\\/\\\/shopatoa.com\\\/ro\\\/?s={search_term_string}\"},\"query-input\":{\"@type\":\"PropertyValueSpecification\",\"valueRequired\":true,\"valueName\":\"search_term_string\"}}],\"inLanguage\":\"ro-RO\"},{\"@type\":\"Organization\",\"@id\":\"https:\\\/\\\/shopatoa.com\\\/ro\\\/#organization\",\"name\":\"SHOPATOA\",\"url\":\"https:\\\/\\\/shopatoa.com\\\/ro\\\/\",\"logo\":{\"@type\":\"ImageObject\",\"inLanguage\":\"ro-RO\",\"@id\":\"https:\\\/\\\/shopatoa.com\\\/ro\\\/#\\\/schema\\\/logo\\\/image\\\/\",\"url\":\"https:\\\/\\\/storage.googleapis.com\\\/cz-shopatoa-img\\\/ro\\\/b4dac915-shopatoa_logo.png\",\"contentUrl\":\"https:\\\/\\\/storage.googleapis.com\\\/cz-shopatoa-img\\\/ro\\\/b4dac915-shopatoa_logo.png\",\"width\":416,\"height\":63,\"caption\":\"SHOPATOA\"},\"image\":{\"@id\":\"https:\\\/\\\/shopatoa.com\\\/ro\\\/#\\\/schema\\\/logo\\\/image\\\/\"}}]}<\/script>\n<!-- \/ Yoast SEO plugin. -->","yoast_head_json":{"title":"Schwarzkopf Professional Crem\u0103 de p\u0103r tonifiant\u0103 \u0219i iluminatoare BLONDME Paint-on Lightener Toning Granite - SHOPATOA.COM","robots":{"index":"index","follow":"follow","max-snippet":"max-snippet:-1","max-image-preview":"max-image-preview:large","max-video-preview":"max-video-preview:-1"},"canonical":"https:\/\/shopatoa.com\/ro\/schwarzkopf-professional-crema-de-par-tonifianta-si-iluminatoare-blondme-paint-on-lightener-toning-granite\/","og_locale":"ro_RO","og_type":"article","og_title":"Schwarzkopf Professional Crem\u0103 de p\u0103r tonifiant\u0103 \u0219i iluminatoare BLONDME Paint-on Lightener Toning Granite - SHOPATOA.COM","og_description":"Hi-Lighting &#8211; crem\u0103 de eviden\u021biere potrivit\u0103 \u0219i pe p\u0103rul colorat. Cu tehnologia bonding integrat\u0103, pentru a proteja fibra de p\u0103r \u0219i pentru a reduce ruperea p\u0103rului. P\u00e2n\u0103 la 5 tonuri de deschidere. Toning &#8211; linie de tonifiere cu tehnologie integrat\u0103 Bond Enforcing HydroLock, pentru \u00eembun\u0103t\u0103\u021birea hidrat\u0103rii \u0219i protej\u0103rii ruperii p\u0103rului. O formul\u0103 cu un pH...","og_url":"https:\/\/shopatoa.com\/ro\/schwarzkopf-professional-crema-de-par-tonifianta-si-iluminatoare-blondme-paint-on-lightener-toning-granite\/","og_site_name":"SHOPATOA","article_modified_time":"2025-05-17T15:13:37+00:00","og_image":[{"width":800,"height":800,"url":"https:\/\/storage.googleapis.com\/cz-shopatoa-img\/ro\/e693979a-unnamed-file.webp","type":"image\/webp"}],"twitter_card":"summary_large_image","twitter_misc":{"Timp estimat pentru citire":"1 minut"},"schema":{"@context":"https:\/\/schema.org","@graph":[{"@type":"WebPage","@id":"https:\/\/shopatoa.com\/ro\/schwarzkopf-professional-crema-de-par-tonifianta-si-iluminatoare-blondme-paint-on-lightener-toning-granite\/","url":"https:\/\/shopatoa.com\/ro\/schwarzkopf-professional-crema-de-par-tonifianta-si-iluminatoare-blondme-paint-on-lightener-toning-granite\/","name":"Schwarzkopf Professional Crem\u0103 de p\u0103r tonifiant\u0103 \u0219i iluminatoare BLONDME Paint-on Lightener Toning Granite - SHOPATOA.COM","isPartOf":{"@id":"https:\/\/shopatoa.com\/ro\/#website"},"primaryImageOfPage":{"@id":"https:\/\/shopatoa.com\/ro\/schwarzkopf-professional-crema-de-par-tonifianta-si-iluminatoare-blondme-paint-on-lightener-toning-granite\/#primaryimage"},"image":{"@id":"https:\/\/shopatoa.com\/ro\/schwarzkopf-professional-crema-de-par-tonifianta-si-iluminatoare-blondme-paint-on-lightener-toning-granite\/#primaryimage"},"thumbnailUrl":"https:\/\/storage.googleapis.com\/cz-shopatoa-img\/ro\/e693979a-unnamed-file.webp","datePublished":"2025-05-17T15:12:38+00:00","dateModified":"2025-05-17T15:13:37+00:00","breadcrumb":{"@id":"https:\/\/shopatoa.com\/ro\/schwarzkopf-professional-crema-de-par-tonifianta-si-iluminatoare-blondme-paint-on-lightener-toning-granite\/#breadcrumb"},"inLanguage":"ro-RO","potentialAction":[{"@type":"ReadAction","target":["https:\/\/shopatoa.com\/ro\/schwarzkopf-professional-crema-de-par-tonifianta-si-iluminatoare-blondme-paint-on-lightener-toning-granite\/"]}]},{"@type":"ImageObject","inLanguage":"ro-RO","@id":"https:\/\/shopatoa.com\/ro\/schwarzkopf-professional-crema-de-par-tonifianta-si-iluminatoare-blondme-paint-on-lightener-toning-granite\/#primaryimage","url":"https:\/\/storage.googleapis.com\/cz-shopatoa-img\/ro\/e693979a-unnamed-file.webp","contentUrl":"https:\/\/storage.googleapis.com\/cz-shopatoa-img\/ro\/e693979a-unnamed-file.webp","width":800,"height":800},{"@type":"BreadcrumbList","@id":"https:\/\/shopatoa.com\/ro\/schwarzkopf-professional-crema-de-par-tonifianta-si-iluminatoare-blondme-paint-on-lightener-toning-granite\/#breadcrumb","itemListElement":[{"@type":"ListItem","position":1,"name":"Dom\u016f","item":"https:\/\/shopatoa.com\/ro\/"},{"@type":"ListItem","position":2,"name":"Shop","item":"https:\/\/shopatoa.com\/ro\/shop\/"},{"@type":"ListItem","position":3,"name":"Schwarzkopf Professional Crem\u0103 de p\u0103r tonifiant\u0103 \u0219i iluminatoare BLONDME Paint-on Lightener Toning Granite"}]},{"@type":"WebSite","@id":"https:\/\/shopatoa.com\/ro\/#website","url":"https:\/\/shopatoa.com\/ro\/","name":"SHOPATOA","description":"","publisher":{"@id":"https:\/\/shopatoa.com\/ro\/#organization"},"potentialAction":[{"@type":"SearchAction","target":{"@type":"EntryPoint","urlTemplate":"https:\/\/shopatoa.com\/ro\/?s={search_term_string}"},"query-input":{"@type":"PropertyValueSpecification","valueRequired":true,"valueName":"search_term_string"}}],"inLanguage":"ro-RO"},{"@type":"Organization","@id":"https:\/\/shopatoa.com\/ro\/#organization","name":"SHOPATOA","url":"https:\/\/shopatoa.com\/ro\/","logo":{"@type":"ImageObject","inLanguage":"ro-RO","@id":"https:\/\/shopatoa.com\/ro\/#\/schema\/logo\/image\/","url":"https:\/\/storage.googleapis.com\/cz-shopatoa-img\/ro\/b4dac915-shopatoa_logo.png","contentUrl":"https:\/\/storage.googleapis.com\/cz-shopatoa-img\/ro\/b4dac915-shopatoa_logo.png","width":416,"height":63,"caption":"SHOPATOA"},"image":{"@id":"https:\/\/shopatoa.com\/ro\/#\/schema\/logo\/image\/"}}]}},"_links":{"self":[{"href":"https:\/\/shopatoa.com\/ro\/wp-json\/wp\/v2\/product\/341595","targetHints":{"allow":["GET"]}}],"collection":[{"href":"https:\/\/shopatoa.com\/ro\/wp-json\/wp\/v2\/product"}],"about":[{"href":"https:\/\/shopatoa.com\/ro\/wp-json\/wp\/v2\/types\/product"}],"replies":[{"embeddable":true,"href":"https:\/\/shopatoa.com\/ro\/wp-json\/wp\/v2\/comments?post=341595"}],"wp:featuredmedia":[{"embeddable":true,"href":"https:\/\/shopatoa.com\/ro\/wp-json\/wp\/v2\/media\/341596"}],"wp:attachment":[{"href":"https:\/\/shopatoa.com\/ro\/wp-json\/wp\/v2\/media?parent=341595"}],"wp:term":[{"taxonomy":"product_brand","embeddable":true,"href":"https:\/\/shopatoa.com\/ro\/wp-json\/wp\/v2\/product_brand?post=341595"},{"taxonomy":"product_cat","embeddable":true,"href":"https:\/\/shopatoa.com\/ro\/wp-json\/wp\/v2\/product_cat?post=341595"},{"taxonomy":"product_tag","embeddable":true,"href":"https:\/\/shopatoa.com\/ro\/wp-json\/wp\/v2\/product_tag?post=341595"}],"curies":[{"name":"wp","href":"https:\/\/api.w.org\/{rel}","templated":true}]}}