{"id":341610,"date":"2025-05-17T17:12:38","date_gmt":"2025-05-17T15:12:38","guid":{"rendered":"https:\/\/shopatoa.com\/ro\/schwarzkopf-professional-emulsie-de-activare-9-30-vol-premium-developer-blondme-cream-developer-1000-ml\/"},"modified":"2025-05-17T17:14:55","modified_gmt":"2025-05-17T15:14:55","slug":"schwarzkopf-professional-emulsie-de-activare-9-30-vol-premium-developer-blondme-cream-developer-1000-ml","status":"publish","type":"product","link":"https:\/\/shopatoa.com\/ro\/schwarzkopf-professional-emulsie-de-activare-9-30-vol-premium-developer-blondme-cream-developer-1000-ml\/","title":{"rendered":"Schwarzkopf Professional Emulsie de activare 9% 30 vol. Premium Developer Blondme (Cream Developer) 1000 ml"},"content":{"rendered":"<p>Emulsia de activare este potrivit\u0103 pentru utilizare cu vopselele Blondme. Asigur\u0103 o acoperire uniform\u0103 pentru toate nuan\u021bele \u0219i intensific\u0103 semnificativ tonul culorilor. Folosind acest produs cu consisten\u021b\u0103 cremoas\u0103, v\u0103 ve\u021bi asigura c\u0103 culorile vor fi mai pronun\u021bate \u0219i aplica\u021bia mai precis\u0103. Ader\u0103 frumos la p\u0103r \u0219i este foarte u\u0219or de cl\u0103tit.<\/p>\n","protected":false},"excerpt":{"rendered":"<p>Emulsia de activare este potrivit\u0103 pentru utilizare cu vopselele Blondme. Asigur\u0103 o acoperire uniform\u0103 pentru toate nuan\u021bele \u0219i intensific\u0103 semnificativ tonul culorilor. Folosind acest produs cu consisten\u021b\u0103 cremoas\u0103, v\u0103 ve\u021bi asigura c\u0103 culorile vor fi mai pronun\u021bate \u0219i aplica\u021bia mai precis\u0103. Ader\u0103 frumos la p\u0103r \u0219i este foarte u\u0219or de cl\u0103tit.<\/p>\n","protected":false},"featured_media":341611,"comment_status":"closed","ping_status":"open","template":"","meta":{"_acf_changed":false,"_kadence_starter_templates_imported_post":false,"_kad_post_transparent":"","_kad_post_title":"","_kad_post_layout":"","_kad_post_sidebar_id":"","_kad_post_content_style":"","_kad_post_vertical_padding":"","_kad_post_feature":"","_kad_post_feature_position":"","_kad_post_header":false,"_kad_post_footer":false,"_kad_post_classname":""},"product_brand":[231],"product_cat":[694,246,623,695],"product_tag":[],"class_list":{"0":"post-341610","1":"product","2":"type-product","3":"status-publish","4":"has-post-thumbnail","6":"product_brand-schwarzkopf-professional","7":"product_cat-cosmetica-pentru-colorarea-parului","8":"product_cat-cosmetice","9":"product_cat-produse-cosmetice-pentru-par","10":"product_cat-vopsire-decolorare-profesionala-a-parului","12":"first","13":"instock","14":"product-type-external","15":"entry","16":"content-bg","17":"loop-entry"},"acf":[],"yoast_head":"<!-- This site is optimized with the Yoast SEO plugin v27.4 - https:\/\/yoast.com\/product\/yoast-seo-wordpress\/ -->\n<title>Schwarzkopf Professional Emulsie de activare 9% 30 vol. Premium Developer Blondme (Cream Developer) 1000 ml - SHOPATOA.COM<\/title>\n<meta name=\"robots\" content=\"index, follow, max-snippet:-1, max-image-preview:large, max-video-preview:-1\" \/>\n<link rel=\"canonical\" href=\"https:\/\/shopatoa.com\/ro\/schwarzkopf-professional-emulsie-de-activare-9-30-vol-premium-developer-blondme-cream-developer-1000-ml\/\" \/>\n<meta property=\"og:locale\" content=\"ro_RO\" \/>\n<meta property=\"og:type\" content=\"article\" \/>\n<meta property=\"og:title\" content=\"Schwarzkopf Professional Emulsie de activare 9% 30 vol. Premium Developer Blondme (Cream Developer) 1000 ml - SHOPATOA.COM\" \/>\n<meta property=\"og:description\" content=\"Emulsia de activare este potrivit\u0103 pentru utilizare cu vopselele Blondme. Asigur\u0103 o acoperire uniform\u0103 pentru toate nuan\u021bele \u0219i intensific\u0103 semnificativ tonul culorilor. Folosind acest produs cu consisten\u021b\u0103 cremoas\u0103, v\u0103 ve\u021bi asigura c\u0103 culorile vor fi mai pronun\u021bate \u0219i aplica\u021bia mai precis\u0103. Ader\u0103 frumos la p\u0103r \u0219i este foarte u\u0219or de cl\u0103tit.\" \/>\n<meta property=\"og:url\" content=\"https:\/\/shopatoa.com\/ro\/schwarzkopf-professional-emulsie-de-activare-9-30-vol-premium-developer-blondme-cream-developer-1000-ml\/\" \/>\n<meta property=\"og:site_name\" content=\"SHOPATOA\" \/>\n<meta property=\"article:modified_time\" content=\"2025-05-17T15:14:55+00:00\" \/>\n<meta property=\"og:image\" content=\"https:\/\/storage.googleapis.com\/cz-shopatoa-img\/ro\/ae6ba88a-unnamed-file.webp\" \/>\n\t<meta property=\"og:image:width\" content=\"800\" \/>\n\t<meta property=\"og:image:height\" content=\"800\" \/>\n\t<meta property=\"og:image:type\" content=\"image\/webp\" \/>\n<meta name=\"twitter:card\" content=\"summary_large_image\" \/>\n<script type=\"application\/ld+json\" class=\"yoast-schema-graph\">{\"@context\":\"https:\\\/\\\/schema.org\",\"@graph\":[{\"@type\":\"WebPage\",\"@id\":\"https:\\\/\\\/shopatoa.com\\\/ro\\\/schwarzkopf-professional-emulsie-de-activare-9-30-vol-premium-developer-blondme-cream-developer-1000-ml\\\/\",\"url\":\"https:\\\/\\\/shopatoa.com\\\/ro\\\/schwarzkopf-professional-emulsie-de-activare-9-30-vol-premium-developer-blondme-cream-developer-1000-ml\\\/\",\"name\":\"Schwarzkopf Professional Emulsie de activare 9% 30 vol. Premium Developer Blondme (Cream Developer) 1000 ml - SHOPATOA.COM\",\"isPartOf\":{\"@id\":\"https:\\\/\\\/shopatoa.com\\\/ro\\\/#website\"},\"primaryImageOfPage\":{\"@id\":\"https:\\\/\\\/shopatoa.com\\\/ro\\\/schwarzkopf-professional-emulsie-de-activare-9-30-vol-premium-developer-blondme-cream-developer-1000-ml\\\/#primaryimage\"},\"image\":{\"@id\":\"https:\\\/\\\/shopatoa.com\\\/ro\\\/schwarzkopf-professional-emulsie-de-activare-9-30-vol-premium-developer-blondme-cream-developer-1000-ml\\\/#primaryimage\"},\"thumbnailUrl\":\"https:\\\/\\\/storage.googleapis.com\\\/cz-shopatoa-img\\\/ro\\\/ae6ba88a-unnamed-file.webp\",\"datePublished\":\"2025-05-17T15:12:38+00:00\",\"dateModified\":\"2025-05-17T15:14:55+00:00\",\"breadcrumb\":{\"@id\":\"https:\\\/\\\/shopatoa.com\\\/ro\\\/schwarzkopf-professional-emulsie-de-activare-9-30-vol-premium-developer-blondme-cream-developer-1000-ml\\\/#breadcrumb\"},\"inLanguage\":\"ro-RO\",\"potentialAction\":[{\"@type\":\"ReadAction\",\"target\":[\"https:\\\/\\\/shopatoa.com\\\/ro\\\/schwarzkopf-professional-emulsie-de-activare-9-30-vol-premium-developer-blondme-cream-developer-1000-ml\\\/\"]}]},{\"@type\":\"ImageObject\",\"inLanguage\":\"ro-RO\",\"@id\":\"https:\\\/\\\/shopatoa.com\\\/ro\\\/schwarzkopf-professional-emulsie-de-activare-9-30-vol-premium-developer-blondme-cream-developer-1000-ml\\\/#primaryimage\",\"url\":\"https:\\\/\\\/storage.googleapis.com\\\/cz-shopatoa-img\\\/ro\\\/ae6ba88a-unnamed-file.webp\",\"contentUrl\":\"https:\\\/\\\/storage.googleapis.com\\\/cz-shopatoa-img\\\/ro\\\/ae6ba88a-unnamed-file.webp\",\"width\":800,\"height\":800},{\"@type\":\"BreadcrumbList\",\"@id\":\"https:\\\/\\\/shopatoa.com\\\/ro\\\/schwarzkopf-professional-emulsie-de-activare-9-30-vol-premium-developer-blondme-cream-developer-1000-ml\\\/#breadcrumb\",\"itemListElement\":[{\"@type\":\"ListItem\",\"position\":1,\"name\":\"Dom\u016f\",\"item\":\"https:\\\/\\\/shopatoa.com\\\/ro\\\/\"},{\"@type\":\"ListItem\",\"position\":2,\"name\":\"Shop\",\"item\":\"https:\\\/\\\/shopatoa.com\\\/ro\\\/shop\\\/\"},{\"@type\":\"ListItem\",\"position\":3,\"name\":\"Schwarzkopf Professional Emulsie de activare 9% 30 vol. Premium Developer Blondme (Cream Developer) 1000 ml\"}]},{\"@type\":\"WebSite\",\"@id\":\"https:\\\/\\\/shopatoa.com\\\/ro\\\/#website\",\"url\":\"https:\\\/\\\/shopatoa.com\\\/ro\\\/\",\"name\":\"SHOPATOA\",\"description\":\"\",\"publisher\":{\"@id\":\"https:\\\/\\\/shopatoa.com\\\/ro\\\/#organization\"},\"potentialAction\":[{\"@type\":\"SearchAction\",\"target\":{\"@type\":\"EntryPoint\",\"urlTemplate\":\"https:\\\/\\\/shopatoa.com\\\/ro\\\/?s={search_term_string}\"},\"query-input\":{\"@type\":\"PropertyValueSpecification\",\"valueRequired\":true,\"valueName\":\"search_term_string\"}}],\"inLanguage\":\"ro-RO\"},{\"@type\":\"Organization\",\"@id\":\"https:\\\/\\\/shopatoa.com\\\/ro\\\/#organization\",\"name\":\"SHOPATOA\",\"url\":\"https:\\\/\\\/shopatoa.com\\\/ro\\\/\",\"logo\":{\"@type\":\"ImageObject\",\"inLanguage\":\"ro-RO\",\"@id\":\"https:\\\/\\\/shopatoa.com\\\/ro\\\/#\\\/schema\\\/logo\\\/image\\\/\",\"url\":\"https:\\\/\\\/storage.googleapis.com\\\/cz-shopatoa-img\\\/ro\\\/b4dac915-shopatoa_logo.png\",\"contentUrl\":\"https:\\\/\\\/storage.googleapis.com\\\/cz-shopatoa-img\\\/ro\\\/b4dac915-shopatoa_logo.png\",\"width\":416,\"height\":63,\"caption\":\"SHOPATOA\"},\"image\":{\"@id\":\"https:\\\/\\\/shopatoa.com\\\/ro\\\/#\\\/schema\\\/logo\\\/image\\\/\"}}]}<\/script>\n<!-- \/ Yoast SEO plugin. -->","yoast_head_json":{"title":"Schwarzkopf Professional Emulsie de activare 9% 30 vol. Premium Developer Blondme (Cream Developer) 1000 ml - SHOPATOA.COM","robots":{"index":"index","follow":"follow","max-snippet":"max-snippet:-1","max-image-preview":"max-image-preview:large","max-video-preview":"max-video-preview:-1"},"canonical":"https:\/\/shopatoa.com\/ro\/schwarzkopf-professional-emulsie-de-activare-9-30-vol-premium-developer-blondme-cream-developer-1000-ml\/","og_locale":"ro_RO","og_type":"article","og_title":"Schwarzkopf Professional Emulsie de activare 9% 30 vol. Premium Developer Blondme (Cream Developer) 1000 ml - SHOPATOA.COM","og_description":"Emulsia de activare este potrivit\u0103 pentru utilizare cu vopselele Blondme. Asigur\u0103 o acoperire uniform\u0103 pentru toate nuan\u021bele \u0219i intensific\u0103 semnificativ tonul culorilor. Folosind acest produs cu consisten\u021b\u0103 cremoas\u0103, v\u0103 ve\u021bi asigura c\u0103 culorile vor fi mai pronun\u021bate \u0219i aplica\u021bia mai precis\u0103. Ader\u0103 frumos la p\u0103r \u0219i este foarte u\u0219or de cl\u0103tit.","og_url":"https:\/\/shopatoa.com\/ro\/schwarzkopf-professional-emulsie-de-activare-9-30-vol-premium-developer-blondme-cream-developer-1000-ml\/","og_site_name":"SHOPATOA","article_modified_time":"2025-05-17T15:14:55+00:00","og_image":[{"width":800,"height":800,"url":"https:\/\/storage.googleapis.com\/cz-shopatoa-img\/ro\/ae6ba88a-unnamed-file.webp","type":"image\/webp"}],"twitter_card":"summary_large_image","schema":{"@context":"https:\/\/schema.org","@graph":[{"@type":"WebPage","@id":"https:\/\/shopatoa.com\/ro\/schwarzkopf-professional-emulsie-de-activare-9-30-vol-premium-developer-blondme-cream-developer-1000-ml\/","url":"https:\/\/shopatoa.com\/ro\/schwarzkopf-professional-emulsie-de-activare-9-30-vol-premium-developer-blondme-cream-developer-1000-ml\/","name":"Schwarzkopf Professional Emulsie de activare 9% 30 vol. Premium Developer Blondme (Cream Developer) 1000 ml - SHOPATOA.COM","isPartOf":{"@id":"https:\/\/shopatoa.com\/ro\/#website"},"primaryImageOfPage":{"@id":"https:\/\/shopatoa.com\/ro\/schwarzkopf-professional-emulsie-de-activare-9-30-vol-premium-developer-blondme-cream-developer-1000-ml\/#primaryimage"},"image":{"@id":"https:\/\/shopatoa.com\/ro\/schwarzkopf-professional-emulsie-de-activare-9-30-vol-premium-developer-blondme-cream-developer-1000-ml\/#primaryimage"},"thumbnailUrl":"https:\/\/storage.googleapis.com\/cz-shopatoa-img\/ro\/ae6ba88a-unnamed-file.webp","datePublished":"2025-05-17T15:12:38+00:00","dateModified":"2025-05-17T15:14:55+00:00","breadcrumb":{"@id":"https:\/\/shopatoa.com\/ro\/schwarzkopf-professional-emulsie-de-activare-9-30-vol-premium-developer-blondme-cream-developer-1000-ml\/#breadcrumb"},"inLanguage":"ro-RO","potentialAction":[{"@type":"ReadAction","target":["https:\/\/shopatoa.com\/ro\/schwarzkopf-professional-emulsie-de-activare-9-30-vol-premium-developer-blondme-cream-developer-1000-ml\/"]}]},{"@type":"ImageObject","inLanguage":"ro-RO","@id":"https:\/\/shopatoa.com\/ro\/schwarzkopf-professional-emulsie-de-activare-9-30-vol-premium-developer-blondme-cream-developer-1000-ml\/#primaryimage","url":"https:\/\/storage.googleapis.com\/cz-shopatoa-img\/ro\/ae6ba88a-unnamed-file.webp","contentUrl":"https:\/\/storage.googleapis.com\/cz-shopatoa-img\/ro\/ae6ba88a-unnamed-file.webp","width":800,"height":800},{"@type":"BreadcrumbList","@id":"https:\/\/shopatoa.com\/ro\/schwarzkopf-professional-emulsie-de-activare-9-30-vol-premium-developer-blondme-cream-developer-1000-ml\/#breadcrumb","itemListElement":[{"@type":"ListItem","position":1,"name":"Dom\u016f","item":"https:\/\/shopatoa.com\/ro\/"},{"@type":"ListItem","position":2,"name":"Shop","item":"https:\/\/shopatoa.com\/ro\/shop\/"},{"@type":"ListItem","position":3,"name":"Schwarzkopf Professional Emulsie de activare 9% 30 vol. Premium Developer Blondme (Cream Developer) 1000 ml"}]},{"@type":"WebSite","@id":"https:\/\/shopatoa.com\/ro\/#website","url":"https:\/\/shopatoa.com\/ro\/","name":"SHOPATOA","description":"","publisher":{"@id":"https:\/\/shopatoa.com\/ro\/#organization"},"potentialAction":[{"@type":"SearchAction","target":{"@type":"EntryPoint","urlTemplate":"https:\/\/shopatoa.com\/ro\/?s={search_term_string}"},"query-input":{"@type":"PropertyValueSpecification","valueRequired":true,"valueName":"search_term_string"}}],"inLanguage":"ro-RO"},{"@type":"Organization","@id":"https:\/\/shopatoa.com\/ro\/#organization","name":"SHOPATOA","url":"https:\/\/shopatoa.com\/ro\/","logo":{"@type":"ImageObject","inLanguage":"ro-RO","@id":"https:\/\/shopatoa.com\/ro\/#\/schema\/logo\/image\/","url":"https:\/\/storage.googleapis.com\/cz-shopatoa-img\/ro\/b4dac915-shopatoa_logo.png","contentUrl":"https:\/\/storage.googleapis.com\/cz-shopatoa-img\/ro\/b4dac915-shopatoa_logo.png","width":416,"height":63,"caption":"SHOPATOA"},"image":{"@id":"https:\/\/shopatoa.com\/ro\/#\/schema\/logo\/image\/"}}]}},"_links":{"self":[{"href":"https:\/\/shopatoa.com\/ro\/wp-json\/wp\/v2\/product\/341610","targetHints":{"allow":["GET"]}}],"collection":[{"href":"https:\/\/shopatoa.com\/ro\/wp-json\/wp\/v2\/product"}],"about":[{"href":"https:\/\/shopatoa.com\/ro\/wp-json\/wp\/v2\/types\/product"}],"replies":[{"embeddable":true,"href":"https:\/\/shopatoa.com\/ro\/wp-json\/wp\/v2\/comments?post=341610"}],"wp:featuredmedia":[{"embeddable":true,"href":"https:\/\/shopatoa.com\/ro\/wp-json\/wp\/v2\/media\/341611"}],"wp:attachment":[{"href":"https:\/\/shopatoa.com\/ro\/wp-json\/wp\/v2\/media?parent=341610"}],"wp:term":[{"taxonomy":"product_brand","embeddable":true,"href":"https:\/\/shopatoa.com\/ro\/wp-json\/wp\/v2\/product_brand?post=341610"},{"taxonomy":"product_cat","embeddable":true,"href":"https:\/\/shopatoa.com\/ro\/wp-json\/wp\/v2\/product_cat?post=341610"},{"taxonomy":"product_tag","embeddable":true,"href":"https:\/\/shopatoa.com\/ro\/wp-json\/wp\/v2\/product_tag?post=341610"}],"curies":[{"name":"wp","href":"https:\/\/api.w.org\/{rel}","templated":true}]}}