{"id":341637,"date":"2025-05-17T17:16:29","date_gmt":"2025-05-17T15:16:29","guid":{"rendered":"https:\/\/shopatoa.com\/ro\/durex-gel-lubrifiant-siliconic-originals-50-ml\/"},"modified":"2025-05-17T17:18:23","modified_gmt":"2025-05-17T15:18:23","slug":"durex-gel-lubrifiant-siliconic-originals-50-ml","status":"publish","type":"product","link":"https:\/\/shopatoa.com\/ro\/durex-gel-lubrifiant-siliconic-originals-50-ml\/","title":{"rendered":"Durex Gel lubrifiant siliconic Originals 50 ml"},"content":{"rendered":"<p>Gelul lubrifiant siliconic Originals ofer\u0103 o experien\u021b\u0103 mai lin\u0103 pentru tine \u0219i partenerul t\u0103u, astfel \u00eenc\u00e2t s\u0103 rezista\u021bi mai mult. Este potrivit at\u00e2t pentru preludiu, c\u00e2t \u0219i pentru sex. Un gel lubrifiant pe baz\u0103 de silicon rezist\u0103 mai mult dec\u00e2t un lubrifiant pe baz\u0103 de ap\u0103. Concentra\u021bi-v\u0103 asupra momentului cu \u00eentreruperi minime, ca s\u0103 nu fie necesar s\u0103 v\u0103 opri\u021bi \u0219i s\u0103 aplica\u021bi gelul frecvent. Gelul lubrifiant Durex ajut\u0103 la ameliorarea usc\u0103ciunii \u0219i disconfortului vaginal, cre\u0219te senza\u021bia de netezime \u0219i aduce mai mult\u0103 pl\u0103cere \u00een timpul sexului.<\/p>\n","protected":false},"excerpt":{"rendered":"<p>Gelul lubrifiant siliconic Originals ofer\u0103 o experien\u021b\u0103 mai lin\u0103 pentru tine \u0219i partenerul t\u0103u, astfel \u00eenc\u00e2t s\u0103 rezista\u021bi mai mult. Este potrivit at\u00e2t pentru preludiu, c\u00e2t \u0219i pentru sex. Un gel lubrifiant pe baz\u0103 de silicon rezist\u0103 mai mult dec\u00e2t un lubrifiant pe baz\u0103 de ap\u0103. Concentra\u021bi-v\u0103 asupra momentului cu \u00eentreruperi minime, ca s\u0103 nu&#8230;<\/p>\n","protected":false},"featured_media":341638,"comment_status":"closed","ping_status":"open","template":"","meta":{"_acf_changed":false,"_kadence_starter_templates_imported_post":false,"_kad_post_transparent":"","_kad_post_title":"","_kad_post_layout":"","_kad_post_sidebar_id":"","_kad_post_content_style":"","_kad_post_vertical_padding":"","_kad_post_feature":"","_kad_post_feature_position":"","_kad_post_header":false,"_kad_post_footer":false,"_kad_post_classname":""},"product_brand":[911],"product_cat":[246,902,668,611],"product_tag":[],"class_list":{"0":"post-341637","1":"product","2":"type-product","3":"status-publish","4":"has-post-thumbnail","6":"product_brand-durex","7":"product_cat-cosmetice","8":"product_cat-geluri-lubrifiante","9":"product_cat-jucarii-sexy","10":"product_cat-produse-cosmetice-pentru-corp","12":"first","13":"instock","14":"product-type-external","15":"entry","16":"content-bg","17":"loop-entry"},"acf":[],"yoast_head":"<!-- This site is optimized with the Yoast SEO plugin v27.4 - https:\/\/yoast.com\/product\/yoast-seo-wordpress\/ -->\n<title>Durex Gel lubrifiant siliconic Originals 50 ml - SHOPATOA.COM<\/title>\n<meta name=\"robots\" content=\"index, follow, max-snippet:-1, max-image-preview:large, max-video-preview:-1\" \/>\n<link rel=\"canonical\" href=\"https:\/\/shopatoa.com\/ro\/durex-gel-lubrifiant-siliconic-originals-50-ml\/\" \/>\n<meta property=\"og:locale\" content=\"ro_RO\" \/>\n<meta property=\"og:type\" content=\"article\" \/>\n<meta property=\"og:title\" content=\"Durex Gel lubrifiant siliconic Originals 50 ml - SHOPATOA.COM\" \/>\n<meta property=\"og:description\" content=\"Gelul lubrifiant siliconic Originals ofer\u0103 o experien\u021b\u0103 mai lin\u0103 pentru tine \u0219i partenerul t\u0103u, astfel \u00eenc\u00e2t s\u0103 rezista\u021bi mai mult. Este potrivit at\u00e2t pentru preludiu, c\u00e2t \u0219i pentru sex. Un gel lubrifiant pe baz\u0103 de silicon rezist\u0103 mai mult dec\u00e2t un lubrifiant pe baz\u0103 de ap\u0103. Concentra\u021bi-v\u0103 asupra momentului cu \u00eentreruperi minime, ca s\u0103 nu...\" \/>\n<meta property=\"og:url\" content=\"https:\/\/shopatoa.com\/ro\/durex-gel-lubrifiant-siliconic-originals-50-ml\/\" \/>\n<meta property=\"og:site_name\" content=\"SHOPATOA\" \/>\n<meta property=\"article:modified_time\" content=\"2025-05-17T15:18:23+00:00\" \/>\n<meta property=\"og:image\" content=\"https:\/\/storage.googleapis.com\/cz-shopatoa-img\/ro\/e97edb5d-unnamed-file.webp\" \/>\n\t<meta property=\"og:image:width\" content=\"800\" \/>\n\t<meta property=\"og:image:height\" content=\"800\" \/>\n\t<meta property=\"og:image:type\" content=\"image\/webp\" \/>\n<meta name=\"twitter:card\" content=\"summary_large_image\" \/>\n<meta name=\"twitter:label1\" content=\"Timp estimat pentru citire\" \/>\n\t<meta name=\"twitter:data1\" content=\"1 minut\" \/>\n<script type=\"application\/ld+json\" class=\"yoast-schema-graph\">{\"@context\":\"https:\\\/\\\/schema.org\",\"@graph\":[{\"@type\":\"WebPage\",\"@id\":\"https:\\\/\\\/shopatoa.com\\\/ro\\\/durex-gel-lubrifiant-siliconic-originals-50-ml\\\/\",\"url\":\"https:\\\/\\\/shopatoa.com\\\/ro\\\/durex-gel-lubrifiant-siliconic-originals-50-ml\\\/\",\"name\":\"Durex Gel lubrifiant siliconic Originals 50 ml - SHOPATOA.COM\",\"isPartOf\":{\"@id\":\"https:\\\/\\\/shopatoa.com\\\/ro\\\/#website\"},\"primaryImageOfPage\":{\"@id\":\"https:\\\/\\\/shopatoa.com\\\/ro\\\/durex-gel-lubrifiant-siliconic-originals-50-ml\\\/#primaryimage\"},\"image\":{\"@id\":\"https:\\\/\\\/shopatoa.com\\\/ro\\\/durex-gel-lubrifiant-siliconic-originals-50-ml\\\/#primaryimage\"},\"thumbnailUrl\":\"https:\\\/\\\/storage.googleapis.com\\\/cz-shopatoa-img\\\/ro\\\/e97edb5d-unnamed-file.webp\",\"datePublished\":\"2025-05-17T15:16:29+00:00\",\"dateModified\":\"2025-05-17T15:18:23+00:00\",\"breadcrumb\":{\"@id\":\"https:\\\/\\\/shopatoa.com\\\/ro\\\/durex-gel-lubrifiant-siliconic-originals-50-ml\\\/#breadcrumb\"},\"inLanguage\":\"ro-RO\",\"potentialAction\":[{\"@type\":\"ReadAction\",\"target\":[\"https:\\\/\\\/shopatoa.com\\\/ro\\\/durex-gel-lubrifiant-siliconic-originals-50-ml\\\/\"]}]},{\"@type\":\"ImageObject\",\"inLanguage\":\"ro-RO\",\"@id\":\"https:\\\/\\\/shopatoa.com\\\/ro\\\/durex-gel-lubrifiant-siliconic-originals-50-ml\\\/#primaryimage\",\"url\":\"https:\\\/\\\/storage.googleapis.com\\\/cz-shopatoa-img\\\/ro\\\/e97edb5d-unnamed-file.webp\",\"contentUrl\":\"https:\\\/\\\/storage.googleapis.com\\\/cz-shopatoa-img\\\/ro\\\/e97edb5d-unnamed-file.webp\",\"width\":800,\"height\":800},{\"@type\":\"BreadcrumbList\",\"@id\":\"https:\\\/\\\/shopatoa.com\\\/ro\\\/durex-gel-lubrifiant-siliconic-originals-50-ml\\\/#breadcrumb\",\"itemListElement\":[{\"@type\":\"ListItem\",\"position\":1,\"name\":\"Dom\u016f\",\"item\":\"https:\\\/\\\/shopatoa.com\\\/ro\\\/\"},{\"@type\":\"ListItem\",\"position\":2,\"name\":\"Shop\",\"item\":\"https:\\\/\\\/shopatoa.com\\\/ro\\\/shop\\\/\"},{\"@type\":\"ListItem\",\"position\":3,\"name\":\"Durex Gel lubrifiant siliconic Originals 50 ml\"}]},{\"@type\":\"WebSite\",\"@id\":\"https:\\\/\\\/shopatoa.com\\\/ro\\\/#website\",\"url\":\"https:\\\/\\\/shopatoa.com\\\/ro\\\/\",\"name\":\"SHOPATOA\",\"description\":\"\",\"publisher\":{\"@id\":\"https:\\\/\\\/shopatoa.com\\\/ro\\\/#organization\"},\"potentialAction\":[{\"@type\":\"SearchAction\",\"target\":{\"@type\":\"EntryPoint\",\"urlTemplate\":\"https:\\\/\\\/shopatoa.com\\\/ro\\\/?s={search_term_string}\"},\"query-input\":{\"@type\":\"PropertyValueSpecification\",\"valueRequired\":true,\"valueName\":\"search_term_string\"}}],\"inLanguage\":\"ro-RO\"},{\"@type\":\"Organization\",\"@id\":\"https:\\\/\\\/shopatoa.com\\\/ro\\\/#organization\",\"name\":\"SHOPATOA\",\"url\":\"https:\\\/\\\/shopatoa.com\\\/ro\\\/\",\"logo\":{\"@type\":\"ImageObject\",\"inLanguage\":\"ro-RO\",\"@id\":\"https:\\\/\\\/shopatoa.com\\\/ro\\\/#\\\/schema\\\/logo\\\/image\\\/\",\"url\":\"https:\\\/\\\/storage.googleapis.com\\\/cz-shopatoa-img\\\/ro\\\/b4dac915-shopatoa_logo.png\",\"contentUrl\":\"https:\\\/\\\/storage.googleapis.com\\\/cz-shopatoa-img\\\/ro\\\/b4dac915-shopatoa_logo.png\",\"width\":416,\"height\":63,\"caption\":\"SHOPATOA\"},\"image\":{\"@id\":\"https:\\\/\\\/shopatoa.com\\\/ro\\\/#\\\/schema\\\/logo\\\/image\\\/\"}}]}<\/script>\n<!-- \/ Yoast SEO plugin. -->","yoast_head_json":{"title":"Durex Gel lubrifiant siliconic Originals 50 ml - SHOPATOA.COM","robots":{"index":"index","follow":"follow","max-snippet":"max-snippet:-1","max-image-preview":"max-image-preview:large","max-video-preview":"max-video-preview:-1"},"canonical":"https:\/\/shopatoa.com\/ro\/durex-gel-lubrifiant-siliconic-originals-50-ml\/","og_locale":"ro_RO","og_type":"article","og_title":"Durex Gel lubrifiant siliconic Originals 50 ml - SHOPATOA.COM","og_description":"Gelul lubrifiant siliconic Originals ofer\u0103 o experien\u021b\u0103 mai lin\u0103 pentru tine \u0219i partenerul t\u0103u, astfel \u00eenc\u00e2t s\u0103 rezista\u021bi mai mult. Este potrivit at\u00e2t pentru preludiu, c\u00e2t \u0219i pentru sex. Un gel lubrifiant pe baz\u0103 de silicon rezist\u0103 mai mult dec\u00e2t un lubrifiant pe baz\u0103 de ap\u0103. Concentra\u021bi-v\u0103 asupra momentului cu \u00eentreruperi minime, ca s\u0103 nu...","og_url":"https:\/\/shopatoa.com\/ro\/durex-gel-lubrifiant-siliconic-originals-50-ml\/","og_site_name":"SHOPATOA","article_modified_time":"2025-05-17T15:18:23+00:00","og_image":[{"width":800,"height":800,"url":"https:\/\/storage.googleapis.com\/cz-shopatoa-img\/ro\/e97edb5d-unnamed-file.webp","type":"image\/webp"}],"twitter_card":"summary_large_image","twitter_misc":{"Timp estimat pentru citire":"1 minut"},"schema":{"@context":"https:\/\/schema.org","@graph":[{"@type":"WebPage","@id":"https:\/\/shopatoa.com\/ro\/durex-gel-lubrifiant-siliconic-originals-50-ml\/","url":"https:\/\/shopatoa.com\/ro\/durex-gel-lubrifiant-siliconic-originals-50-ml\/","name":"Durex Gel lubrifiant siliconic Originals 50 ml - SHOPATOA.COM","isPartOf":{"@id":"https:\/\/shopatoa.com\/ro\/#website"},"primaryImageOfPage":{"@id":"https:\/\/shopatoa.com\/ro\/durex-gel-lubrifiant-siliconic-originals-50-ml\/#primaryimage"},"image":{"@id":"https:\/\/shopatoa.com\/ro\/durex-gel-lubrifiant-siliconic-originals-50-ml\/#primaryimage"},"thumbnailUrl":"https:\/\/storage.googleapis.com\/cz-shopatoa-img\/ro\/e97edb5d-unnamed-file.webp","datePublished":"2025-05-17T15:16:29+00:00","dateModified":"2025-05-17T15:18:23+00:00","breadcrumb":{"@id":"https:\/\/shopatoa.com\/ro\/durex-gel-lubrifiant-siliconic-originals-50-ml\/#breadcrumb"},"inLanguage":"ro-RO","potentialAction":[{"@type":"ReadAction","target":["https:\/\/shopatoa.com\/ro\/durex-gel-lubrifiant-siliconic-originals-50-ml\/"]}]},{"@type":"ImageObject","inLanguage":"ro-RO","@id":"https:\/\/shopatoa.com\/ro\/durex-gel-lubrifiant-siliconic-originals-50-ml\/#primaryimage","url":"https:\/\/storage.googleapis.com\/cz-shopatoa-img\/ro\/e97edb5d-unnamed-file.webp","contentUrl":"https:\/\/storage.googleapis.com\/cz-shopatoa-img\/ro\/e97edb5d-unnamed-file.webp","width":800,"height":800},{"@type":"BreadcrumbList","@id":"https:\/\/shopatoa.com\/ro\/durex-gel-lubrifiant-siliconic-originals-50-ml\/#breadcrumb","itemListElement":[{"@type":"ListItem","position":1,"name":"Dom\u016f","item":"https:\/\/shopatoa.com\/ro\/"},{"@type":"ListItem","position":2,"name":"Shop","item":"https:\/\/shopatoa.com\/ro\/shop\/"},{"@type":"ListItem","position":3,"name":"Durex Gel lubrifiant siliconic Originals 50 ml"}]},{"@type":"WebSite","@id":"https:\/\/shopatoa.com\/ro\/#website","url":"https:\/\/shopatoa.com\/ro\/","name":"SHOPATOA","description":"","publisher":{"@id":"https:\/\/shopatoa.com\/ro\/#organization"},"potentialAction":[{"@type":"SearchAction","target":{"@type":"EntryPoint","urlTemplate":"https:\/\/shopatoa.com\/ro\/?s={search_term_string}"},"query-input":{"@type":"PropertyValueSpecification","valueRequired":true,"valueName":"search_term_string"}}],"inLanguage":"ro-RO"},{"@type":"Organization","@id":"https:\/\/shopatoa.com\/ro\/#organization","name":"SHOPATOA","url":"https:\/\/shopatoa.com\/ro\/","logo":{"@type":"ImageObject","inLanguage":"ro-RO","@id":"https:\/\/shopatoa.com\/ro\/#\/schema\/logo\/image\/","url":"https:\/\/storage.googleapis.com\/cz-shopatoa-img\/ro\/b4dac915-shopatoa_logo.png","contentUrl":"https:\/\/storage.googleapis.com\/cz-shopatoa-img\/ro\/b4dac915-shopatoa_logo.png","width":416,"height":63,"caption":"SHOPATOA"},"image":{"@id":"https:\/\/shopatoa.com\/ro\/#\/schema\/logo\/image\/"}}]}},"_links":{"self":[{"href":"https:\/\/shopatoa.com\/ro\/wp-json\/wp\/v2\/product\/341637","targetHints":{"allow":["GET"]}}],"collection":[{"href":"https:\/\/shopatoa.com\/ro\/wp-json\/wp\/v2\/product"}],"about":[{"href":"https:\/\/shopatoa.com\/ro\/wp-json\/wp\/v2\/types\/product"}],"replies":[{"embeddable":true,"href":"https:\/\/shopatoa.com\/ro\/wp-json\/wp\/v2\/comments?post=341637"}],"wp:featuredmedia":[{"embeddable":true,"href":"https:\/\/shopatoa.com\/ro\/wp-json\/wp\/v2\/media\/341638"}],"wp:attachment":[{"href":"https:\/\/shopatoa.com\/ro\/wp-json\/wp\/v2\/media?parent=341637"}],"wp:term":[{"taxonomy":"product_brand","embeddable":true,"href":"https:\/\/shopatoa.com\/ro\/wp-json\/wp\/v2\/product_brand?post=341637"},{"taxonomy":"product_cat","embeddable":true,"href":"https:\/\/shopatoa.com\/ro\/wp-json\/wp\/v2\/product_cat?post=341637"},{"taxonomy":"product_tag","embeddable":true,"href":"https:\/\/shopatoa.com\/ro\/wp-json\/wp\/v2\/product_tag?post=341637"}],"curies":[{"name":"wp","href":"https:\/\/api.w.org\/{rel}","templated":true}]}}