{"id":341730,"date":"2025-05-17T17:27:39","date_gmt":"2025-05-17T15:27:39","guid":{"rendered":"https:\/\/shopatoa.com\/ro\/beviro-solutie-pentru-cresterea-barbiinatural-beard-booster-30-ml\/"},"modified":"2025-05-17T17:29:15","modified_gmt":"2025-05-17T15:29:15","slug":"beviro-solutie-pentru-cresterea-barbiinatural-beard-booster-30-ml","status":"publish","type":"product","link":"https:\/\/shopatoa.com\/ro\/beviro-solutie-pentru-cresterea-barbiinatural-beard-booster-30-ml\/","title":{"rendered":"beviro Solu\u021bie pentru cre\u0219terea b\u0103rbiiNatural Beard Booster 30 ml"},"content":{"rendered":"<p>Ce se \u00eent\u00e2mpl\u0103 dac\u0103 barba cre\u0219te, dar nu pe placul dvs.? Dac\u0103 ar fi pu\u021bin mai densa, ar cre\u0219te la fel de bine peste tot, atunci ar fi cu totul altceva &#8230; De aceea am dezvoltat Natural Beard Booster. Este aici pentru a hidrata pielea, a stimula foliculii b\u0103rbii, a le oferi energie \u0219i, astfel, a ajuta la stabilirea chiar \u0219i a barbii,care nu a ap\u0103rut \u00eenc\u0103 la suprafa\u021ba fe\u021bei. Barba existenta se \u00eent\u0103re\u0219te, se hidrateaz\u0103 \u0219i are un aspect mai complet. Booster func\u021bioneaz\u0103 \u00een principal datorit\u0103 Cressatinei \u0219i guarana. Lucreaz\u0103 \u00een tandem pentru a da mai mult\u0103 energie celulelor b\u0103rbii \u0219i a sprijini cre\u0219terea. Alte ajutoare sunt biotina, extractele din plante, cheratina, pantenolul \u0219i alte uleiuri nutritive at\u00e2t pentru barb\u0103, c\u00e2t \u0219i pentru piele. Este potrivit pentru cei ale c\u0103ror barb\u0103 este deja \u00een cre\u0219tere, chiar dac\u0103 doar u\u0219or \u0219i neregulat. Dac\u0103 va cre\u0219te\u021bi prima musta\u021b\u0103 de liceu sau nu ave\u021bi \u00een familie persoane cu barb\u0103 densa Booster nu va va ajuta. Juniorii \u00eenc\u0103 trebuie sa creasca (dar trebuie sa \u00eencerca\u021bi totul). Dac\u0103 ave\u021bi deja o baz\u0103 bun\u0103, o ve\u021bi \u00eembun\u0103t\u0103\u021bi \u0219i mai mult cu Booster. Fabricat \u00een Republica Ceh\u0103. Con\u021bine 90% ingrediente naturale,<\/p>\n","protected":false},"excerpt":{"rendered":"<p>Ce se \u00eent\u00e2mpl\u0103 dac\u0103 barba cre\u0219te, dar nu pe placul dvs.? Dac\u0103 ar fi pu\u021bin mai densa, ar cre\u0219te la fel de bine peste tot, atunci ar fi cu totul altceva &#8230; De aceea am dezvoltat Natural Beard Booster. Este aici pentru a hidrata pielea, a stimula foliculii b\u0103rbii, a le oferi energie \u0219i, astfel,&#8230;<\/p>\n","protected":false},"featured_media":341731,"comment_status":"closed","ping_status":"open","template":"","meta":{"_acf_changed":false,"_kadence_starter_templates_imported_post":false,"_kad_post_transparent":"","_kad_post_title":"","_kad_post_layout":"","_kad_post_sidebar_id":"","_kad_post_content_style":"","_kad_post_vertical_padding":"","_kad_post_feature":"","_kad_post_feature_position":"","_kad_post_header":false,"_kad_post_footer":false,"_kad_post_classname":""},"product_brand":[486],"product_cat":[670,721,246],"product_tag":[],"class_list":{"0":"post-341730","1":"product","2":"type-product","3":"status-publish","4":"has-post-thumbnail","6":"product_brand-beviro","7":"product_cat-barber-shop","8":"product_cat-barber-shop-ingrijirea-barbilor","9":"product_cat-cosmetice","11":"first","12":"instock","13":"product-type-external","14":"entry","15":"content-bg","16":"loop-entry"},"acf":[],"yoast_head":"<!-- This site is optimized with the Yoast SEO plugin v27.4 - https:\/\/yoast.com\/product\/yoast-seo-wordpress\/ -->\n<title>beviro Solu\u021bie pentru cre\u0219terea b\u0103rbiiNatural Beard Booster 30 ml - SHOPATOA.COM<\/title>\n<meta name=\"robots\" content=\"index, follow, max-snippet:-1, max-image-preview:large, max-video-preview:-1\" \/>\n<link rel=\"canonical\" href=\"https:\/\/shopatoa.com\/ro\/beviro-solutie-pentru-cresterea-barbiinatural-beard-booster-30-ml\/\" \/>\n<meta property=\"og:locale\" content=\"ro_RO\" \/>\n<meta property=\"og:type\" content=\"article\" \/>\n<meta property=\"og:title\" content=\"beviro Solu\u021bie pentru cre\u0219terea b\u0103rbiiNatural Beard Booster 30 ml - SHOPATOA.COM\" \/>\n<meta property=\"og:description\" content=\"Ce se \u00eent\u00e2mpl\u0103 dac\u0103 barba cre\u0219te, dar nu pe placul dvs.? Dac\u0103 ar fi pu\u021bin mai densa, ar cre\u0219te la fel de bine peste tot, atunci ar fi cu totul altceva &#8230; De aceea am dezvoltat Natural Beard Booster. Este aici pentru a hidrata pielea, a stimula foliculii b\u0103rbii, a le oferi energie \u0219i, astfel,...\" \/>\n<meta property=\"og:url\" content=\"https:\/\/shopatoa.com\/ro\/beviro-solutie-pentru-cresterea-barbiinatural-beard-booster-30-ml\/\" \/>\n<meta property=\"og:site_name\" content=\"SHOPATOA\" \/>\n<meta property=\"article:modified_time\" content=\"2025-05-17T15:29:15+00:00\" \/>\n<meta property=\"og:image\" content=\"https:\/\/storage.googleapis.com\/cz-shopatoa-img\/ro\/99ecabd6-unnamed-file.webp\" \/>\n\t<meta property=\"og:image:width\" content=\"800\" \/>\n\t<meta property=\"og:image:height\" content=\"800\" \/>\n\t<meta property=\"og:image:type\" content=\"image\/webp\" \/>\n<meta name=\"twitter:card\" content=\"summary_large_image\" \/>\n<meta name=\"twitter:label1\" content=\"Timp estimat pentru citire\" \/>\n\t<meta name=\"twitter:data1\" content=\"1 minut\" \/>\n<script type=\"application\/ld+json\" class=\"yoast-schema-graph\">{\"@context\":\"https:\\\/\\\/schema.org\",\"@graph\":[{\"@type\":\"WebPage\",\"@id\":\"https:\\\/\\\/shopatoa.com\\\/ro\\\/beviro-solutie-pentru-cresterea-barbiinatural-beard-booster-30-ml\\\/\",\"url\":\"https:\\\/\\\/shopatoa.com\\\/ro\\\/beviro-solutie-pentru-cresterea-barbiinatural-beard-booster-30-ml\\\/\",\"name\":\"beviro Solu\u021bie pentru cre\u0219terea b\u0103rbiiNatural Beard Booster 30 ml - SHOPATOA.COM\",\"isPartOf\":{\"@id\":\"https:\\\/\\\/shopatoa.com\\\/ro\\\/#website\"},\"primaryImageOfPage\":{\"@id\":\"https:\\\/\\\/shopatoa.com\\\/ro\\\/beviro-solutie-pentru-cresterea-barbiinatural-beard-booster-30-ml\\\/#primaryimage\"},\"image\":{\"@id\":\"https:\\\/\\\/shopatoa.com\\\/ro\\\/beviro-solutie-pentru-cresterea-barbiinatural-beard-booster-30-ml\\\/#primaryimage\"},\"thumbnailUrl\":\"https:\\\/\\\/storage.googleapis.com\\\/cz-shopatoa-img\\\/ro\\\/99ecabd6-unnamed-file.webp\",\"datePublished\":\"2025-05-17T15:27:39+00:00\",\"dateModified\":\"2025-05-17T15:29:15+00:00\",\"breadcrumb\":{\"@id\":\"https:\\\/\\\/shopatoa.com\\\/ro\\\/beviro-solutie-pentru-cresterea-barbiinatural-beard-booster-30-ml\\\/#breadcrumb\"},\"inLanguage\":\"ro-RO\",\"potentialAction\":[{\"@type\":\"ReadAction\",\"target\":[\"https:\\\/\\\/shopatoa.com\\\/ro\\\/beviro-solutie-pentru-cresterea-barbiinatural-beard-booster-30-ml\\\/\"]}]},{\"@type\":\"ImageObject\",\"inLanguage\":\"ro-RO\",\"@id\":\"https:\\\/\\\/shopatoa.com\\\/ro\\\/beviro-solutie-pentru-cresterea-barbiinatural-beard-booster-30-ml\\\/#primaryimage\",\"url\":\"https:\\\/\\\/storage.googleapis.com\\\/cz-shopatoa-img\\\/ro\\\/99ecabd6-unnamed-file.webp\",\"contentUrl\":\"https:\\\/\\\/storage.googleapis.com\\\/cz-shopatoa-img\\\/ro\\\/99ecabd6-unnamed-file.webp\",\"width\":800,\"height\":800},{\"@type\":\"BreadcrumbList\",\"@id\":\"https:\\\/\\\/shopatoa.com\\\/ro\\\/beviro-solutie-pentru-cresterea-barbiinatural-beard-booster-30-ml\\\/#breadcrumb\",\"itemListElement\":[{\"@type\":\"ListItem\",\"position\":1,\"name\":\"Dom\u016f\",\"item\":\"https:\\\/\\\/shopatoa.com\\\/ro\\\/\"},{\"@type\":\"ListItem\",\"position\":2,\"name\":\"Shop\",\"item\":\"https:\\\/\\\/shopatoa.com\\\/ro\\\/shop\\\/\"},{\"@type\":\"ListItem\",\"position\":3,\"name\":\"beviro Solu\u021bie pentru cre\u0219terea b\u0103rbiiNatural Beard Booster 30 ml\"}]},{\"@type\":\"WebSite\",\"@id\":\"https:\\\/\\\/shopatoa.com\\\/ro\\\/#website\",\"url\":\"https:\\\/\\\/shopatoa.com\\\/ro\\\/\",\"name\":\"SHOPATOA\",\"description\":\"\",\"publisher\":{\"@id\":\"https:\\\/\\\/shopatoa.com\\\/ro\\\/#organization\"},\"potentialAction\":[{\"@type\":\"SearchAction\",\"target\":{\"@type\":\"EntryPoint\",\"urlTemplate\":\"https:\\\/\\\/shopatoa.com\\\/ro\\\/?s={search_term_string}\"},\"query-input\":{\"@type\":\"PropertyValueSpecification\",\"valueRequired\":true,\"valueName\":\"search_term_string\"}}],\"inLanguage\":\"ro-RO\"},{\"@type\":\"Organization\",\"@id\":\"https:\\\/\\\/shopatoa.com\\\/ro\\\/#organization\",\"name\":\"SHOPATOA\",\"url\":\"https:\\\/\\\/shopatoa.com\\\/ro\\\/\",\"logo\":{\"@type\":\"ImageObject\",\"inLanguage\":\"ro-RO\",\"@id\":\"https:\\\/\\\/shopatoa.com\\\/ro\\\/#\\\/schema\\\/logo\\\/image\\\/\",\"url\":\"https:\\\/\\\/storage.googleapis.com\\\/cz-shopatoa-img\\\/ro\\\/b4dac915-shopatoa_logo.png\",\"contentUrl\":\"https:\\\/\\\/storage.googleapis.com\\\/cz-shopatoa-img\\\/ro\\\/b4dac915-shopatoa_logo.png\",\"width\":416,\"height\":63,\"caption\":\"SHOPATOA\"},\"image\":{\"@id\":\"https:\\\/\\\/shopatoa.com\\\/ro\\\/#\\\/schema\\\/logo\\\/image\\\/\"}}]}<\/script>\n<!-- \/ Yoast SEO plugin. -->","yoast_head_json":{"title":"beviro Solu\u021bie pentru cre\u0219terea b\u0103rbiiNatural Beard Booster 30 ml - SHOPATOA.COM","robots":{"index":"index","follow":"follow","max-snippet":"max-snippet:-1","max-image-preview":"max-image-preview:large","max-video-preview":"max-video-preview:-1"},"canonical":"https:\/\/shopatoa.com\/ro\/beviro-solutie-pentru-cresterea-barbiinatural-beard-booster-30-ml\/","og_locale":"ro_RO","og_type":"article","og_title":"beviro Solu\u021bie pentru cre\u0219terea b\u0103rbiiNatural Beard Booster 30 ml - SHOPATOA.COM","og_description":"Ce se \u00eent\u00e2mpl\u0103 dac\u0103 barba cre\u0219te, dar nu pe placul dvs.? Dac\u0103 ar fi pu\u021bin mai densa, ar cre\u0219te la fel de bine peste tot, atunci ar fi cu totul altceva &#8230; De aceea am dezvoltat Natural Beard Booster. Este aici pentru a hidrata pielea, a stimula foliculii b\u0103rbii, a le oferi energie \u0219i, astfel,...","og_url":"https:\/\/shopatoa.com\/ro\/beviro-solutie-pentru-cresterea-barbiinatural-beard-booster-30-ml\/","og_site_name":"SHOPATOA","article_modified_time":"2025-05-17T15:29:15+00:00","og_image":[{"width":800,"height":800,"url":"https:\/\/storage.googleapis.com\/cz-shopatoa-img\/ro\/99ecabd6-unnamed-file.webp","type":"image\/webp"}],"twitter_card":"summary_large_image","twitter_misc":{"Timp estimat pentru citire":"1 minut"},"schema":{"@context":"https:\/\/schema.org","@graph":[{"@type":"WebPage","@id":"https:\/\/shopatoa.com\/ro\/beviro-solutie-pentru-cresterea-barbiinatural-beard-booster-30-ml\/","url":"https:\/\/shopatoa.com\/ro\/beviro-solutie-pentru-cresterea-barbiinatural-beard-booster-30-ml\/","name":"beviro Solu\u021bie pentru cre\u0219terea b\u0103rbiiNatural Beard Booster 30 ml - SHOPATOA.COM","isPartOf":{"@id":"https:\/\/shopatoa.com\/ro\/#website"},"primaryImageOfPage":{"@id":"https:\/\/shopatoa.com\/ro\/beviro-solutie-pentru-cresterea-barbiinatural-beard-booster-30-ml\/#primaryimage"},"image":{"@id":"https:\/\/shopatoa.com\/ro\/beviro-solutie-pentru-cresterea-barbiinatural-beard-booster-30-ml\/#primaryimage"},"thumbnailUrl":"https:\/\/storage.googleapis.com\/cz-shopatoa-img\/ro\/99ecabd6-unnamed-file.webp","datePublished":"2025-05-17T15:27:39+00:00","dateModified":"2025-05-17T15:29:15+00:00","breadcrumb":{"@id":"https:\/\/shopatoa.com\/ro\/beviro-solutie-pentru-cresterea-barbiinatural-beard-booster-30-ml\/#breadcrumb"},"inLanguage":"ro-RO","potentialAction":[{"@type":"ReadAction","target":["https:\/\/shopatoa.com\/ro\/beviro-solutie-pentru-cresterea-barbiinatural-beard-booster-30-ml\/"]}]},{"@type":"ImageObject","inLanguage":"ro-RO","@id":"https:\/\/shopatoa.com\/ro\/beviro-solutie-pentru-cresterea-barbiinatural-beard-booster-30-ml\/#primaryimage","url":"https:\/\/storage.googleapis.com\/cz-shopatoa-img\/ro\/99ecabd6-unnamed-file.webp","contentUrl":"https:\/\/storage.googleapis.com\/cz-shopatoa-img\/ro\/99ecabd6-unnamed-file.webp","width":800,"height":800},{"@type":"BreadcrumbList","@id":"https:\/\/shopatoa.com\/ro\/beviro-solutie-pentru-cresterea-barbiinatural-beard-booster-30-ml\/#breadcrumb","itemListElement":[{"@type":"ListItem","position":1,"name":"Dom\u016f","item":"https:\/\/shopatoa.com\/ro\/"},{"@type":"ListItem","position":2,"name":"Shop","item":"https:\/\/shopatoa.com\/ro\/shop\/"},{"@type":"ListItem","position":3,"name":"beviro Solu\u021bie pentru cre\u0219terea b\u0103rbiiNatural Beard Booster 30 ml"}]},{"@type":"WebSite","@id":"https:\/\/shopatoa.com\/ro\/#website","url":"https:\/\/shopatoa.com\/ro\/","name":"SHOPATOA","description":"","publisher":{"@id":"https:\/\/shopatoa.com\/ro\/#organization"},"potentialAction":[{"@type":"SearchAction","target":{"@type":"EntryPoint","urlTemplate":"https:\/\/shopatoa.com\/ro\/?s={search_term_string}"},"query-input":{"@type":"PropertyValueSpecification","valueRequired":true,"valueName":"search_term_string"}}],"inLanguage":"ro-RO"},{"@type":"Organization","@id":"https:\/\/shopatoa.com\/ro\/#organization","name":"SHOPATOA","url":"https:\/\/shopatoa.com\/ro\/","logo":{"@type":"ImageObject","inLanguage":"ro-RO","@id":"https:\/\/shopatoa.com\/ro\/#\/schema\/logo\/image\/","url":"https:\/\/storage.googleapis.com\/cz-shopatoa-img\/ro\/b4dac915-shopatoa_logo.png","contentUrl":"https:\/\/storage.googleapis.com\/cz-shopatoa-img\/ro\/b4dac915-shopatoa_logo.png","width":416,"height":63,"caption":"SHOPATOA"},"image":{"@id":"https:\/\/shopatoa.com\/ro\/#\/schema\/logo\/image\/"}}]}},"_links":{"self":[{"href":"https:\/\/shopatoa.com\/ro\/wp-json\/wp\/v2\/product\/341730","targetHints":{"allow":["GET"]}}],"collection":[{"href":"https:\/\/shopatoa.com\/ro\/wp-json\/wp\/v2\/product"}],"about":[{"href":"https:\/\/shopatoa.com\/ro\/wp-json\/wp\/v2\/types\/product"}],"replies":[{"embeddable":true,"href":"https:\/\/shopatoa.com\/ro\/wp-json\/wp\/v2\/comments?post=341730"}],"wp:featuredmedia":[{"embeddable":true,"href":"https:\/\/shopatoa.com\/ro\/wp-json\/wp\/v2\/media\/341731"}],"wp:attachment":[{"href":"https:\/\/shopatoa.com\/ro\/wp-json\/wp\/v2\/media?parent=341730"}],"wp:term":[{"taxonomy":"product_brand","embeddable":true,"href":"https:\/\/shopatoa.com\/ro\/wp-json\/wp\/v2\/product_brand?post=341730"},{"taxonomy":"product_cat","embeddable":true,"href":"https:\/\/shopatoa.com\/ro\/wp-json\/wp\/v2\/product_cat?post=341730"},{"taxonomy":"product_tag","embeddable":true,"href":"https:\/\/shopatoa.com\/ro\/wp-json\/wp\/v2\/product_tag?post=341730"}],"curies":[{"name":"wp","href":"https:\/\/api.w.org\/{rel}","templated":true}]}}