{"id":360051,"date":"2025-05-21T18:01:36","date_gmt":"2025-05-21T16:01:36","guid":{"rendered":"https:\/\/shopatoa.com\/ro\/satisfyer-stimulator-fara-contact-satisfyer-pro-3-vibration-2\/"},"modified":"2025-05-21T18:02:47","modified_gmt":"2025-05-21T16:02:47","slug":"satisfyer-stimulator-fara-contact-satisfyer-pro-3-vibration-2","status":"publish","type":"product","link":"https:\/\/shopatoa.com\/ro\/satisfyer-stimulator-fara-contact-satisfyer-pro-3-vibration-2\/","title":{"rendered":"Satisfyer Stimulator f\u0103r\u0103 contact Satisfyer Pro 3 Vibration"},"content":{"rendered":"<p>Succesorul popular al Satisfyer Vibrators se lanseaz\u0103 \u00eentr-un nou design, un nou aspect elegant \u0219i alte func\u021bii de vibra\u021bie. Satisfyer Pro 3 Vibra\u021bia se potrive\u0219te perfect formei datorit\u0103 formei sale. Fabricat din silicon medical si plastic ABS. Schimbarea rapid\u0103 \u00eentre stimularea \u00een vid \u0219i vibra\u021bie este preg\u0103tit\u0103 \u00een 11 intensit\u0103\u021bi cu 10 moduri diferite. Ambele sunt controlate individual, oferindu-v\u0103 110 op\u021biuni de combinare.<\/p>\n","protected":false},"excerpt":{"rendered":"<p>Succesorul popular al Satisfyer Vibrators se lanseaz\u0103 \u00eentr-un nou design, un nou aspect elegant \u0219i alte func\u021bii de vibra\u021bie. Satisfyer Pro 3 Vibra\u021bia se potrive\u0219te perfect formei datorit\u0103 formei sale. Fabricat din silicon medical si plastic ABS. Schimbarea rapid\u0103 \u00eentre stimularea \u00een vid \u0219i vibra\u021bie este preg\u0103tit\u0103 \u00een 11 intensit\u0103\u021bi cu 10 moduri diferite. Ambele&#8230;<\/p>\n","protected":false},"featured_media":360052,"comment_status":"closed","ping_status":"open","template":"","meta":{"_acf_changed":false,"_kadence_starter_templates_imported_post":false,"_kad_post_transparent":"","_kad_post_title":"","_kad_post_layout":"","_kad_post_sidebar_id":"","_kad_post_content_style":"","_kad_post_vertical_padding":"","_kad_post_feature":"","_kad_post_feature_position":"","_kad_post_header":false,"_kad_post_footer":false,"_kad_post_classname":""},"product_brand":[224],"product_cat":[246,668,669,611],"product_tag":[],"class_list":{"0":"post-360051","1":"product","2":"type-product","3":"status-publish","4":"has-post-thumbnail","6":"product_brand-satisfyer","7":"product_cat-cosmetice","8":"product_cat-jucarii-sexy","9":"product_cat-jucarii-si-produse-erotice","10":"product_cat-produse-cosmetice-pentru-corp","12":"first","13":"instock","14":"product-type-external","15":"entry","16":"content-bg","17":"loop-entry"},"acf":[],"yoast_head":"<!-- This site is optimized with the Yoast SEO plugin v27.4 - https:\/\/yoast.com\/product\/yoast-seo-wordpress\/ -->\n<title>Satisfyer Stimulator f\u0103r\u0103 contact Satisfyer Pro 3 Vibration - SHOPATOA.COM<\/title>\n<meta name=\"robots\" content=\"index, follow, max-snippet:-1, max-image-preview:large, max-video-preview:-1\" \/>\n<link rel=\"canonical\" href=\"https:\/\/shopatoa.com\/ro\/satisfyer-stimulator-fara-contact-satisfyer-pro-3-vibration-2\/\" \/>\n<meta property=\"og:locale\" content=\"ro_RO\" \/>\n<meta property=\"og:type\" content=\"article\" \/>\n<meta property=\"og:title\" content=\"Satisfyer Stimulator f\u0103r\u0103 contact Satisfyer Pro 3 Vibration - SHOPATOA.COM\" \/>\n<meta property=\"og:description\" content=\"Succesorul popular al Satisfyer Vibrators se lanseaz\u0103 \u00eentr-un nou design, un nou aspect elegant \u0219i alte func\u021bii de vibra\u021bie. Satisfyer Pro 3 Vibra\u021bia se potrive\u0219te perfect formei datorit\u0103 formei sale. Fabricat din silicon medical si plastic ABS. Schimbarea rapid\u0103 \u00eentre stimularea \u00een vid \u0219i vibra\u021bie este preg\u0103tit\u0103 \u00een 11 intensit\u0103\u021bi cu 10 moduri diferite. Ambele...\" \/>\n<meta property=\"og:url\" content=\"https:\/\/shopatoa.com\/ro\/satisfyer-stimulator-fara-contact-satisfyer-pro-3-vibration-2\/\" \/>\n<meta property=\"og:site_name\" content=\"SHOPATOA\" \/>\n<meta property=\"article:modified_time\" content=\"2025-05-21T16:02:47+00:00\" \/>\n<meta property=\"og:image\" content=\"https:\/\/storage.googleapis.com\/cz-shopatoa-img\/ro\/12a02d11-unnamed-file.webp\" \/>\n\t<meta property=\"og:image:width\" content=\"800\" \/>\n\t<meta property=\"og:image:height\" content=\"800\" \/>\n\t<meta property=\"og:image:type\" content=\"image\/webp\" \/>\n<meta name=\"twitter:card\" content=\"summary_large_image\" \/>\n<script type=\"application\/ld+json\" class=\"yoast-schema-graph\">{\"@context\":\"https:\\\/\\\/schema.org\",\"@graph\":[{\"@type\":\"WebPage\",\"@id\":\"https:\\\/\\\/shopatoa.com\\\/ro\\\/satisfyer-stimulator-fara-contact-satisfyer-pro-3-vibration-2\\\/\",\"url\":\"https:\\\/\\\/shopatoa.com\\\/ro\\\/satisfyer-stimulator-fara-contact-satisfyer-pro-3-vibration-2\\\/\",\"name\":\"Satisfyer Stimulator f\u0103r\u0103 contact Satisfyer Pro 3 Vibration - SHOPATOA.COM\",\"isPartOf\":{\"@id\":\"https:\\\/\\\/shopatoa.com\\\/ro\\\/#website\"},\"primaryImageOfPage\":{\"@id\":\"https:\\\/\\\/shopatoa.com\\\/ro\\\/satisfyer-stimulator-fara-contact-satisfyer-pro-3-vibration-2\\\/#primaryimage\"},\"image\":{\"@id\":\"https:\\\/\\\/shopatoa.com\\\/ro\\\/satisfyer-stimulator-fara-contact-satisfyer-pro-3-vibration-2\\\/#primaryimage\"},\"thumbnailUrl\":\"https:\\\/\\\/storage.googleapis.com\\\/cz-shopatoa-img\\\/ro\\\/12a02d11-unnamed-file.webp\",\"datePublished\":\"2025-05-21T16:01:36+00:00\",\"dateModified\":\"2025-05-21T16:02:47+00:00\",\"breadcrumb\":{\"@id\":\"https:\\\/\\\/shopatoa.com\\\/ro\\\/satisfyer-stimulator-fara-contact-satisfyer-pro-3-vibration-2\\\/#breadcrumb\"},\"inLanguage\":\"ro-RO\",\"potentialAction\":[{\"@type\":\"ReadAction\",\"target\":[\"https:\\\/\\\/shopatoa.com\\\/ro\\\/satisfyer-stimulator-fara-contact-satisfyer-pro-3-vibration-2\\\/\"]}]},{\"@type\":\"ImageObject\",\"inLanguage\":\"ro-RO\",\"@id\":\"https:\\\/\\\/shopatoa.com\\\/ro\\\/satisfyer-stimulator-fara-contact-satisfyer-pro-3-vibration-2\\\/#primaryimage\",\"url\":\"https:\\\/\\\/storage.googleapis.com\\\/cz-shopatoa-img\\\/ro\\\/12a02d11-unnamed-file.webp\",\"contentUrl\":\"https:\\\/\\\/storage.googleapis.com\\\/cz-shopatoa-img\\\/ro\\\/12a02d11-unnamed-file.webp\",\"width\":800,\"height\":800},{\"@type\":\"BreadcrumbList\",\"@id\":\"https:\\\/\\\/shopatoa.com\\\/ro\\\/satisfyer-stimulator-fara-contact-satisfyer-pro-3-vibration-2\\\/#breadcrumb\",\"itemListElement\":[{\"@type\":\"ListItem\",\"position\":1,\"name\":\"Dom\u016f\",\"item\":\"https:\\\/\\\/shopatoa.com\\\/ro\\\/\"},{\"@type\":\"ListItem\",\"position\":2,\"name\":\"Shop\",\"item\":\"https:\\\/\\\/shopatoa.com\\\/ro\\\/shop\\\/\"},{\"@type\":\"ListItem\",\"position\":3,\"name\":\"Satisfyer Stimulator f\u0103r\u0103 contact Satisfyer Pro 3 Vibration\"}]},{\"@type\":\"WebSite\",\"@id\":\"https:\\\/\\\/shopatoa.com\\\/ro\\\/#website\",\"url\":\"https:\\\/\\\/shopatoa.com\\\/ro\\\/\",\"name\":\"SHOPATOA\",\"description\":\"\",\"publisher\":{\"@id\":\"https:\\\/\\\/shopatoa.com\\\/ro\\\/#organization\"},\"potentialAction\":[{\"@type\":\"SearchAction\",\"target\":{\"@type\":\"EntryPoint\",\"urlTemplate\":\"https:\\\/\\\/shopatoa.com\\\/ro\\\/?s={search_term_string}\"},\"query-input\":{\"@type\":\"PropertyValueSpecification\",\"valueRequired\":true,\"valueName\":\"search_term_string\"}}],\"inLanguage\":\"ro-RO\"},{\"@type\":\"Organization\",\"@id\":\"https:\\\/\\\/shopatoa.com\\\/ro\\\/#organization\",\"name\":\"SHOPATOA\",\"url\":\"https:\\\/\\\/shopatoa.com\\\/ro\\\/\",\"logo\":{\"@type\":\"ImageObject\",\"inLanguage\":\"ro-RO\",\"@id\":\"https:\\\/\\\/shopatoa.com\\\/ro\\\/#\\\/schema\\\/logo\\\/image\\\/\",\"url\":\"https:\\\/\\\/storage.googleapis.com\\\/cz-shopatoa-img\\\/ro\\\/b4dac915-shopatoa_logo.png\",\"contentUrl\":\"https:\\\/\\\/storage.googleapis.com\\\/cz-shopatoa-img\\\/ro\\\/b4dac915-shopatoa_logo.png\",\"width\":416,\"height\":63,\"caption\":\"SHOPATOA\"},\"image\":{\"@id\":\"https:\\\/\\\/shopatoa.com\\\/ro\\\/#\\\/schema\\\/logo\\\/image\\\/\"}}]}<\/script>\n<!-- \/ Yoast SEO plugin. -->","yoast_head_json":{"title":"Satisfyer Stimulator f\u0103r\u0103 contact Satisfyer Pro 3 Vibration - SHOPATOA.COM","robots":{"index":"index","follow":"follow","max-snippet":"max-snippet:-1","max-image-preview":"max-image-preview:large","max-video-preview":"max-video-preview:-1"},"canonical":"https:\/\/shopatoa.com\/ro\/satisfyer-stimulator-fara-contact-satisfyer-pro-3-vibration-2\/","og_locale":"ro_RO","og_type":"article","og_title":"Satisfyer Stimulator f\u0103r\u0103 contact Satisfyer Pro 3 Vibration - SHOPATOA.COM","og_description":"Succesorul popular al Satisfyer Vibrators se lanseaz\u0103 \u00eentr-un nou design, un nou aspect elegant \u0219i alte func\u021bii de vibra\u021bie. Satisfyer Pro 3 Vibra\u021bia se potrive\u0219te perfect formei datorit\u0103 formei sale. Fabricat din silicon medical si plastic ABS. Schimbarea rapid\u0103 \u00eentre stimularea \u00een vid \u0219i vibra\u021bie este preg\u0103tit\u0103 \u00een 11 intensit\u0103\u021bi cu 10 moduri diferite. Ambele...","og_url":"https:\/\/shopatoa.com\/ro\/satisfyer-stimulator-fara-contact-satisfyer-pro-3-vibration-2\/","og_site_name":"SHOPATOA","article_modified_time":"2025-05-21T16:02:47+00:00","og_image":[{"width":800,"height":800,"url":"https:\/\/storage.googleapis.com\/cz-shopatoa-img\/ro\/12a02d11-unnamed-file.webp","type":"image\/webp"}],"twitter_card":"summary_large_image","schema":{"@context":"https:\/\/schema.org","@graph":[{"@type":"WebPage","@id":"https:\/\/shopatoa.com\/ro\/satisfyer-stimulator-fara-contact-satisfyer-pro-3-vibration-2\/","url":"https:\/\/shopatoa.com\/ro\/satisfyer-stimulator-fara-contact-satisfyer-pro-3-vibration-2\/","name":"Satisfyer Stimulator f\u0103r\u0103 contact Satisfyer Pro 3 Vibration - SHOPATOA.COM","isPartOf":{"@id":"https:\/\/shopatoa.com\/ro\/#website"},"primaryImageOfPage":{"@id":"https:\/\/shopatoa.com\/ro\/satisfyer-stimulator-fara-contact-satisfyer-pro-3-vibration-2\/#primaryimage"},"image":{"@id":"https:\/\/shopatoa.com\/ro\/satisfyer-stimulator-fara-contact-satisfyer-pro-3-vibration-2\/#primaryimage"},"thumbnailUrl":"https:\/\/storage.googleapis.com\/cz-shopatoa-img\/ro\/12a02d11-unnamed-file.webp","datePublished":"2025-05-21T16:01:36+00:00","dateModified":"2025-05-21T16:02:47+00:00","breadcrumb":{"@id":"https:\/\/shopatoa.com\/ro\/satisfyer-stimulator-fara-contact-satisfyer-pro-3-vibration-2\/#breadcrumb"},"inLanguage":"ro-RO","potentialAction":[{"@type":"ReadAction","target":["https:\/\/shopatoa.com\/ro\/satisfyer-stimulator-fara-contact-satisfyer-pro-3-vibration-2\/"]}]},{"@type":"ImageObject","inLanguage":"ro-RO","@id":"https:\/\/shopatoa.com\/ro\/satisfyer-stimulator-fara-contact-satisfyer-pro-3-vibration-2\/#primaryimage","url":"https:\/\/storage.googleapis.com\/cz-shopatoa-img\/ro\/12a02d11-unnamed-file.webp","contentUrl":"https:\/\/storage.googleapis.com\/cz-shopatoa-img\/ro\/12a02d11-unnamed-file.webp","width":800,"height":800},{"@type":"BreadcrumbList","@id":"https:\/\/shopatoa.com\/ro\/satisfyer-stimulator-fara-contact-satisfyer-pro-3-vibration-2\/#breadcrumb","itemListElement":[{"@type":"ListItem","position":1,"name":"Dom\u016f","item":"https:\/\/shopatoa.com\/ro\/"},{"@type":"ListItem","position":2,"name":"Shop","item":"https:\/\/shopatoa.com\/ro\/shop\/"},{"@type":"ListItem","position":3,"name":"Satisfyer Stimulator f\u0103r\u0103 contact Satisfyer Pro 3 Vibration"}]},{"@type":"WebSite","@id":"https:\/\/shopatoa.com\/ro\/#website","url":"https:\/\/shopatoa.com\/ro\/","name":"SHOPATOA","description":"","publisher":{"@id":"https:\/\/shopatoa.com\/ro\/#organization"},"potentialAction":[{"@type":"SearchAction","target":{"@type":"EntryPoint","urlTemplate":"https:\/\/shopatoa.com\/ro\/?s={search_term_string}"},"query-input":{"@type":"PropertyValueSpecification","valueRequired":true,"valueName":"search_term_string"}}],"inLanguage":"ro-RO"},{"@type":"Organization","@id":"https:\/\/shopatoa.com\/ro\/#organization","name":"SHOPATOA","url":"https:\/\/shopatoa.com\/ro\/","logo":{"@type":"ImageObject","inLanguage":"ro-RO","@id":"https:\/\/shopatoa.com\/ro\/#\/schema\/logo\/image\/","url":"https:\/\/storage.googleapis.com\/cz-shopatoa-img\/ro\/b4dac915-shopatoa_logo.png","contentUrl":"https:\/\/storage.googleapis.com\/cz-shopatoa-img\/ro\/b4dac915-shopatoa_logo.png","width":416,"height":63,"caption":"SHOPATOA"},"image":{"@id":"https:\/\/shopatoa.com\/ro\/#\/schema\/logo\/image\/"}}]}},"_links":{"self":[{"href":"https:\/\/shopatoa.com\/ro\/wp-json\/wp\/v2\/product\/360051","targetHints":{"allow":["GET"]}}],"collection":[{"href":"https:\/\/shopatoa.com\/ro\/wp-json\/wp\/v2\/product"}],"about":[{"href":"https:\/\/shopatoa.com\/ro\/wp-json\/wp\/v2\/types\/product"}],"replies":[{"embeddable":true,"href":"https:\/\/shopatoa.com\/ro\/wp-json\/wp\/v2\/comments?post=360051"}],"wp:featuredmedia":[{"embeddable":true,"href":"https:\/\/shopatoa.com\/ro\/wp-json\/wp\/v2\/media\/360052"}],"wp:attachment":[{"href":"https:\/\/shopatoa.com\/ro\/wp-json\/wp\/v2\/media?parent=360051"}],"wp:term":[{"taxonomy":"product_brand","embeddable":true,"href":"https:\/\/shopatoa.com\/ro\/wp-json\/wp\/v2\/product_brand?post=360051"},{"taxonomy":"product_cat","embeddable":true,"href":"https:\/\/shopatoa.com\/ro\/wp-json\/wp\/v2\/product_cat?post=360051"},{"taxonomy":"product_tag","embeddable":true,"href":"https:\/\/shopatoa.com\/ro\/wp-json\/wp\/v2\/product_tag?post=360051"}],"curies":[{"name":"wp","href":"https:\/\/api.w.org\/{rel}","templated":true}]}}