{"id":360057,"date":"2025-05-21T18:01:36","date_gmt":"2025-05-21T16:01:36","guid":{"rendered":"https:\/\/shopatoa.com\/ro\/alterna-balsam-ingrijire-pentru-par-vopsit-caviar-infinite-color-hold-conditioner-conditioner-for-color-hair-250-ml-250-ml-2\/"},"modified":"2025-05-21T18:03:25","modified_gmt":"2025-05-21T16:03:25","slug":"alterna-balsam-ingrijire-pentru-par-vopsit-caviar-infinite-color-hold-conditioner-conditioner-for-color-hair-250-ml-250-ml-2","status":"publish","type":"product","link":"https:\/\/shopatoa.com\/ro\/alterna-balsam-ingrijire-pentru-par-vopsit-caviar-infinite-color-hold-conditioner-conditioner-for-color-hair-250-ml-250-ml-2\/","title":{"rendered":"Alterna Balsam &#8211; \u00eengrijire pentru p\u0103r vopsit Caviar Infinite Color Hold Conditioner (Conditioner For Color Hair) 250 ml 250 ml"},"content":{"rendered":"<p>Descoperi\u021bi un balsam de \u00eengrijire pentru toate p\u0103rurile colorate. Protejeaz\u0103 cu aten\u021bie culoarea p\u0103rului de influen\u021bele externe, cum ar fi lumina soarelui. \u00cempreun\u0103 cu Caviar Infinite Color Hold Vibrancy Serum cu dubl\u0103 utilizare Booster poate crea o masc\u0103 extraordinar\u0103 de p\u0103r.<\/p>\n","protected":false},"excerpt":{"rendered":"<p>Descoperi\u021bi un balsam de \u00eengrijire pentru toate p\u0103rurile colorate. Protejeaz\u0103 cu aten\u021bie culoarea p\u0103rului de influen\u021bele externe, cum ar fi lumina soarelui. \u00cempreun\u0103 cu Caviar Infinite Color Hold Vibrancy Serum cu dubl\u0103 utilizare Booster poate crea o masc\u0103 extraordinar\u0103 de p\u0103r.<\/p>\n","protected":false},"featured_media":360058,"comment_status":"closed","ping_status":"open","template":"","meta":{"_acf_changed":false,"_kadence_starter_templates_imported_post":false,"_kad_post_transparent":"","_kad_post_title":"","_kad_post_layout":"","_kad_post_sidebar_id":"","_kad_post_content_style":"","_kad_post_vertical_padding":"","_kad_post_feature":"","_kad_post_feature_position":"","_kad_post_header":false,"_kad_post_footer":false,"_kad_post_classname":""},"product_brand":[155],"product_cat":[680,246,623],"product_tag":[],"class_list":{"0":"post-360057","1":"product","2":"type-product","3":"status-publish","4":"has-post-thumbnail","6":"product_brand-alterna","7":"product_cat-cosmetica-pentru-regenerarea-parului","8":"product_cat-cosmetice","9":"product_cat-produse-cosmetice-pentru-par","11":"first","12":"instock","13":"product-type-external","14":"entry","15":"content-bg","16":"loop-entry"},"acf":[],"yoast_head":"<!-- This site is optimized with the Yoast SEO plugin v27.4 - https:\/\/yoast.com\/product\/yoast-seo-wordpress\/ -->\n<title>Alterna Balsam - \u00eengrijire pentru p\u0103r vopsit Caviar Infinite Color Hold Conditioner (Conditioner For Color Hair) 250 ml 250 ml - SHOPATOA.COM<\/title>\n<meta name=\"robots\" content=\"index, follow, max-snippet:-1, max-image-preview:large, max-video-preview:-1\" \/>\n<link rel=\"canonical\" href=\"https:\/\/shopatoa.com\/ro\/alterna-balsam-ingrijire-pentru-par-vopsit-caviar-infinite-color-hold-conditioner-conditioner-for-color-hair-250-ml-250-ml-2\/\" \/>\n<meta property=\"og:locale\" content=\"ro_RO\" \/>\n<meta property=\"og:type\" content=\"article\" \/>\n<meta property=\"og:title\" content=\"Alterna Balsam - \u00eengrijire pentru p\u0103r vopsit Caviar Infinite Color Hold Conditioner (Conditioner For Color Hair) 250 ml 250 ml - SHOPATOA.COM\" \/>\n<meta property=\"og:description\" content=\"Descoperi\u021bi un balsam de \u00eengrijire pentru toate p\u0103rurile colorate. Protejeaz\u0103 cu aten\u021bie culoarea p\u0103rului de influen\u021bele externe, cum ar fi lumina soarelui. \u00cempreun\u0103 cu Caviar Infinite Color Hold Vibrancy Serum cu dubl\u0103 utilizare Booster poate crea o masc\u0103 extraordinar\u0103 de p\u0103r.\" \/>\n<meta property=\"og:url\" content=\"https:\/\/shopatoa.com\/ro\/alterna-balsam-ingrijire-pentru-par-vopsit-caviar-infinite-color-hold-conditioner-conditioner-for-color-hair-250-ml-250-ml-2\/\" \/>\n<meta property=\"og:site_name\" content=\"SHOPATOA\" \/>\n<meta property=\"article:modified_time\" content=\"2025-05-21T16:03:25+00:00\" \/>\n<meta property=\"og:image\" content=\"https:\/\/storage.googleapis.com\/cz-shopatoa-img\/ro\/eff8a842-unnamed-file.webp\" \/>\n\t<meta property=\"og:image:width\" content=\"800\" \/>\n\t<meta property=\"og:image:height\" content=\"800\" \/>\n\t<meta property=\"og:image:type\" content=\"image\/webp\" \/>\n<meta name=\"twitter:card\" content=\"summary_large_image\" \/>\n<script type=\"application\/ld+json\" class=\"yoast-schema-graph\">{\"@context\":\"https:\\\/\\\/schema.org\",\"@graph\":[{\"@type\":\"WebPage\",\"@id\":\"https:\\\/\\\/shopatoa.com\\\/ro\\\/alterna-balsam-ingrijire-pentru-par-vopsit-caviar-infinite-color-hold-conditioner-conditioner-for-color-hair-250-ml-250-ml-2\\\/\",\"url\":\"https:\\\/\\\/shopatoa.com\\\/ro\\\/alterna-balsam-ingrijire-pentru-par-vopsit-caviar-infinite-color-hold-conditioner-conditioner-for-color-hair-250-ml-250-ml-2\\\/\",\"name\":\"Alterna Balsam - \u00eengrijire pentru p\u0103r vopsit Caviar Infinite Color Hold Conditioner (Conditioner For Color Hair) 250 ml 250 ml - SHOPATOA.COM\",\"isPartOf\":{\"@id\":\"https:\\\/\\\/shopatoa.com\\\/ro\\\/#website\"},\"primaryImageOfPage\":{\"@id\":\"https:\\\/\\\/shopatoa.com\\\/ro\\\/alterna-balsam-ingrijire-pentru-par-vopsit-caviar-infinite-color-hold-conditioner-conditioner-for-color-hair-250-ml-250-ml-2\\\/#primaryimage\"},\"image\":{\"@id\":\"https:\\\/\\\/shopatoa.com\\\/ro\\\/alterna-balsam-ingrijire-pentru-par-vopsit-caviar-infinite-color-hold-conditioner-conditioner-for-color-hair-250-ml-250-ml-2\\\/#primaryimage\"},\"thumbnailUrl\":\"https:\\\/\\\/storage.googleapis.com\\\/cz-shopatoa-img\\\/ro\\\/eff8a842-unnamed-file.webp\",\"datePublished\":\"2025-05-21T16:01:36+00:00\",\"dateModified\":\"2025-05-21T16:03:25+00:00\",\"breadcrumb\":{\"@id\":\"https:\\\/\\\/shopatoa.com\\\/ro\\\/alterna-balsam-ingrijire-pentru-par-vopsit-caviar-infinite-color-hold-conditioner-conditioner-for-color-hair-250-ml-250-ml-2\\\/#breadcrumb\"},\"inLanguage\":\"ro-RO\",\"potentialAction\":[{\"@type\":\"ReadAction\",\"target\":[\"https:\\\/\\\/shopatoa.com\\\/ro\\\/alterna-balsam-ingrijire-pentru-par-vopsit-caviar-infinite-color-hold-conditioner-conditioner-for-color-hair-250-ml-250-ml-2\\\/\"]}]},{\"@type\":\"ImageObject\",\"inLanguage\":\"ro-RO\",\"@id\":\"https:\\\/\\\/shopatoa.com\\\/ro\\\/alterna-balsam-ingrijire-pentru-par-vopsit-caviar-infinite-color-hold-conditioner-conditioner-for-color-hair-250-ml-250-ml-2\\\/#primaryimage\",\"url\":\"https:\\\/\\\/storage.googleapis.com\\\/cz-shopatoa-img\\\/ro\\\/eff8a842-unnamed-file.webp\",\"contentUrl\":\"https:\\\/\\\/storage.googleapis.com\\\/cz-shopatoa-img\\\/ro\\\/eff8a842-unnamed-file.webp\",\"width\":800,\"height\":800},{\"@type\":\"BreadcrumbList\",\"@id\":\"https:\\\/\\\/shopatoa.com\\\/ro\\\/alterna-balsam-ingrijire-pentru-par-vopsit-caviar-infinite-color-hold-conditioner-conditioner-for-color-hair-250-ml-250-ml-2\\\/#breadcrumb\",\"itemListElement\":[{\"@type\":\"ListItem\",\"position\":1,\"name\":\"Dom\u016f\",\"item\":\"https:\\\/\\\/shopatoa.com\\\/ro\\\/\"},{\"@type\":\"ListItem\",\"position\":2,\"name\":\"Shop\",\"item\":\"https:\\\/\\\/shopatoa.com\\\/ro\\\/shop\\\/\"},{\"@type\":\"ListItem\",\"position\":3,\"name\":\"Alterna Balsam &#8211; \u00eengrijire pentru p\u0103r vopsit Caviar Infinite Color Hold Conditioner (Conditioner For Color Hair) 250 ml 250 ml\"}]},{\"@type\":\"WebSite\",\"@id\":\"https:\\\/\\\/shopatoa.com\\\/ro\\\/#website\",\"url\":\"https:\\\/\\\/shopatoa.com\\\/ro\\\/\",\"name\":\"SHOPATOA\",\"description\":\"\",\"publisher\":{\"@id\":\"https:\\\/\\\/shopatoa.com\\\/ro\\\/#organization\"},\"potentialAction\":[{\"@type\":\"SearchAction\",\"target\":{\"@type\":\"EntryPoint\",\"urlTemplate\":\"https:\\\/\\\/shopatoa.com\\\/ro\\\/?s={search_term_string}\"},\"query-input\":{\"@type\":\"PropertyValueSpecification\",\"valueRequired\":true,\"valueName\":\"search_term_string\"}}],\"inLanguage\":\"ro-RO\"},{\"@type\":\"Organization\",\"@id\":\"https:\\\/\\\/shopatoa.com\\\/ro\\\/#organization\",\"name\":\"SHOPATOA\",\"url\":\"https:\\\/\\\/shopatoa.com\\\/ro\\\/\",\"logo\":{\"@type\":\"ImageObject\",\"inLanguage\":\"ro-RO\",\"@id\":\"https:\\\/\\\/shopatoa.com\\\/ro\\\/#\\\/schema\\\/logo\\\/image\\\/\",\"url\":\"https:\\\/\\\/storage.googleapis.com\\\/cz-shopatoa-img\\\/ro\\\/b4dac915-shopatoa_logo.png\",\"contentUrl\":\"https:\\\/\\\/storage.googleapis.com\\\/cz-shopatoa-img\\\/ro\\\/b4dac915-shopatoa_logo.png\",\"width\":416,\"height\":63,\"caption\":\"SHOPATOA\"},\"image\":{\"@id\":\"https:\\\/\\\/shopatoa.com\\\/ro\\\/#\\\/schema\\\/logo\\\/image\\\/\"}}]}<\/script>\n<!-- \/ Yoast SEO plugin. -->","yoast_head_json":{"title":"Alterna Balsam - \u00eengrijire pentru p\u0103r vopsit Caviar Infinite Color Hold Conditioner (Conditioner For Color Hair) 250 ml 250 ml - SHOPATOA.COM","robots":{"index":"index","follow":"follow","max-snippet":"max-snippet:-1","max-image-preview":"max-image-preview:large","max-video-preview":"max-video-preview:-1"},"canonical":"https:\/\/shopatoa.com\/ro\/alterna-balsam-ingrijire-pentru-par-vopsit-caviar-infinite-color-hold-conditioner-conditioner-for-color-hair-250-ml-250-ml-2\/","og_locale":"ro_RO","og_type":"article","og_title":"Alterna Balsam - \u00eengrijire pentru p\u0103r vopsit Caviar Infinite Color Hold Conditioner (Conditioner For Color Hair) 250 ml 250 ml - SHOPATOA.COM","og_description":"Descoperi\u021bi un balsam de \u00eengrijire pentru toate p\u0103rurile colorate. Protejeaz\u0103 cu aten\u021bie culoarea p\u0103rului de influen\u021bele externe, cum ar fi lumina soarelui. \u00cempreun\u0103 cu Caviar Infinite Color Hold Vibrancy Serum cu dubl\u0103 utilizare Booster poate crea o masc\u0103 extraordinar\u0103 de p\u0103r.","og_url":"https:\/\/shopatoa.com\/ro\/alterna-balsam-ingrijire-pentru-par-vopsit-caviar-infinite-color-hold-conditioner-conditioner-for-color-hair-250-ml-250-ml-2\/","og_site_name":"SHOPATOA","article_modified_time":"2025-05-21T16:03:25+00:00","og_image":[{"width":800,"height":800,"url":"https:\/\/storage.googleapis.com\/cz-shopatoa-img\/ro\/eff8a842-unnamed-file.webp","type":"image\/webp"}],"twitter_card":"summary_large_image","schema":{"@context":"https:\/\/schema.org","@graph":[{"@type":"WebPage","@id":"https:\/\/shopatoa.com\/ro\/alterna-balsam-ingrijire-pentru-par-vopsit-caviar-infinite-color-hold-conditioner-conditioner-for-color-hair-250-ml-250-ml-2\/","url":"https:\/\/shopatoa.com\/ro\/alterna-balsam-ingrijire-pentru-par-vopsit-caviar-infinite-color-hold-conditioner-conditioner-for-color-hair-250-ml-250-ml-2\/","name":"Alterna Balsam - \u00eengrijire pentru p\u0103r vopsit Caviar Infinite Color Hold Conditioner (Conditioner For Color Hair) 250 ml 250 ml - SHOPATOA.COM","isPartOf":{"@id":"https:\/\/shopatoa.com\/ro\/#website"},"primaryImageOfPage":{"@id":"https:\/\/shopatoa.com\/ro\/alterna-balsam-ingrijire-pentru-par-vopsit-caviar-infinite-color-hold-conditioner-conditioner-for-color-hair-250-ml-250-ml-2\/#primaryimage"},"image":{"@id":"https:\/\/shopatoa.com\/ro\/alterna-balsam-ingrijire-pentru-par-vopsit-caviar-infinite-color-hold-conditioner-conditioner-for-color-hair-250-ml-250-ml-2\/#primaryimage"},"thumbnailUrl":"https:\/\/storage.googleapis.com\/cz-shopatoa-img\/ro\/eff8a842-unnamed-file.webp","datePublished":"2025-05-21T16:01:36+00:00","dateModified":"2025-05-21T16:03:25+00:00","breadcrumb":{"@id":"https:\/\/shopatoa.com\/ro\/alterna-balsam-ingrijire-pentru-par-vopsit-caviar-infinite-color-hold-conditioner-conditioner-for-color-hair-250-ml-250-ml-2\/#breadcrumb"},"inLanguage":"ro-RO","potentialAction":[{"@type":"ReadAction","target":["https:\/\/shopatoa.com\/ro\/alterna-balsam-ingrijire-pentru-par-vopsit-caviar-infinite-color-hold-conditioner-conditioner-for-color-hair-250-ml-250-ml-2\/"]}]},{"@type":"ImageObject","inLanguage":"ro-RO","@id":"https:\/\/shopatoa.com\/ro\/alterna-balsam-ingrijire-pentru-par-vopsit-caviar-infinite-color-hold-conditioner-conditioner-for-color-hair-250-ml-250-ml-2\/#primaryimage","url":"https:\/\/storage.googleapis.com\/cz-shopatoa-img\/ro\/eff8a842-unnamed-file.webp","contentUrl":"https:\/\/storage.googleapis.com\/cz-shopatoa-img\/ro\/eff8a842-unnamed-file.webp","width":800,"height":800},{"@type":"BreadcrumbList","@id":"https:\/\/shopatoa.com\/ro\/alterna-balsam-ingrijire-pentru-par-vopsit-caviar-infinite-color-hold-conditioner-conditioner-for-color-hair-250-ml-250-ml-2\/#breadcrumb","itemListElement":[{"@type":"ListItem","position":1,"name":"Dom\u016f","item":"https:\/\/shopatoa.com\/ro\/"},{"@type":"ListItem","position":2,"name":"Shop","item":"https:\/\/shopatoa.com\/ro\/shop\/"},{"@type":"ListItem","position":3,"name":"Alterna Balsam &#8211; \u00eengrijire pentru p\u0103r vopsit Caviar Infinite Color Hold Conditioner (Conditioner For Color Hair) 250 ml 250 ml"}]},{"@type":"WebSite","@id":"https:\/\/shopatoa.com\/ro\/#website","url":"https:\/\/shopatoa.com\/ro\/","name":"SHOPATOA","description":"","publisher":{"@id":"https:\/\/shopatoa.com\/ro\/#organization"},"potentialAction":[{"@type":"SearchAction","target":{"@type":"EntryPoint","urlTemplate":"https:\/\/shopatoa.com\/ro\/?s={search_term_string}"},"query-input":{"@type":"PropertyValueSpecification","valueRequired":true,"valueName":"search_term_string"}}],"inLanguage":"ro-RO"},{"@type":"Organization","@id":"https:\/\/shopatoa.com\/ro\/#organization","name":"SHOPATOA","url":"https:\/\/shopatoa.com\/ro\/","logo":{"@type":"ImageObject","inLanguage":"ro-RO","@id":"https:\/\/shopatoa.com\/ro\/#\/schema\/logo\/image\/","url":"https:\/\/storage.googleapis.com\/cz-shopatoa-img\/ro\/b4dac915-shopatoa_logo.png","contentUrl":"https:\/\/storage.googleapis.com\/cz-shopatoa-img\/ro\/b4dac915-shopatoa_logo.png","width":416,"height":63,"caption":"SHOPATOA"},"image":{"@id":"https:\/\/shopatoa.com\/ro\/#\/schema\/logo\/image\/"}}]}},"_links":{"self":[{"href":"https:\/\/shopatoa.com\/ro\/wp-json\/wp\/v2\/product\/360057","targetHints":{"allow":["GET"]}}],"collection":[{"href":"https:\/\/shopatoa.com\/ro\/wp-json\/wp\/v2\/product"}],"about":[{"href":"https:\/\/shopatoa.com\/ro\/wp-json\/wp\/v2\/types\/product"}],"replies":[{"embeddable":true,"href":"https:\/\/shopatoa.com\/ro\/wp-json\/wp\/v2\/comments?post=360057"}],"wp:featuredmedia":[{"embeddable":true,"href":"https:\/\/shopatoa.com\/ro\/wp-json\/wp\/v2\/media\/360058"}],"wp:attachment":[{"href":"https:\/\/shopatoa.com\/ro\/wp-json\/wp\/v2\/media?parent=360057"}],"wp:term":[{"taxonomy":"product_brand","embeddable":true,"href":"https:\/\/shopatoa.com\/ro\/wp-json\/wp\/v2\/product_brand?post=360057"},{"taxonomy":"product_cat","embeddable":true,"href":"https:\/\/shopatoa.com\/ro\/wp-json\/wp\/v2\/product_cat?post=360057"},{"taxonomy":"product_tag","embeddable":true,"href":"https:\/\/shopatoa.com\/ro\/wp-json\/wp\/v2\/product_tag?post=360057"}],"curies":[{"name":"wp","href":"https:\/\/api.w.org\/{rel}","templated":true}]}}