{"id":360237,"date":"2025-05-21T18:17:31","date_gmt":"2025-05-21T16:17:31","guid":{"rendered":"https:\/\/shopatoa.com\/ro\/woodwick-lumanare-parfumata-vaza-mare-white-tea-jasmine-6095-g-2\/"},"modified":"2025-05-21T18:19:23","modified_gmt":"2025-05-21T16:19:23","slug":"woodwick-lumanare-parfumata-vaza-mare-white-tea-jasmine-6095-g-2","status":"publish","type":"product","link":"https:\/\/shopatoa.com\/ro\/woodwick-lumanare-parfumata-vaza-mare-white-tea-jasmine-6095-g-2\/","title":{"rendered":"WoodWick Lum\u00e2nare parfumat\u0103 vaz\u0103 mare White Tea &#038; Jasmine 609,5 g"},"content":{"rendered":"<p>Lum\u00e2narea parfumat\u0103 White Tea &#038; Jasmine ascunde ceai alb pur \u0219i iasomie, cu miros de cedru ro\u0219u si trandafir. Este un deliciu misterios pentru toate sim\u021burile. Aceast\u0103 lum\u00e2nare cu capac tipic din lemn, va parfuma casa dvs. \u0219i o va umple cu sunetul delicat de trosnituri ale fitilului arz\u00e2nd, care creeaz\u0103 o atmosfer\u0103 de confort \u0219i relaxare. Pentru c\u0103 acas\u0103 este acolo unde se aud trosnituri de lemn arz\u00e2nd. Fitilul este fabricat din lemn natural. Forma patentat\u0103 a fitilului de lemn Pluswick \u00ae Inovation creeaz\u0103 sunetul lini\u0219titor ale trosniturilor de lemn arz\u00e2nd. Forma unica a fitilului permite dizolvarea cerii de pana la 5 ori mai rapid dec\u00e2t \u00een cazul fitilului clasic de bumbac. Astfel, umple rapid odaia cu aroma sa pl\u0103cut\u0103. Acest fitil brevetat garanteaz\u0103 o ardere frumoas\u0103 \u0219i curat\u0103, f\u0103r\u0103 funingine pe sticl\u0103. Creeaz\u0103 un sunet pl\u0103cut de lemn arz\u00e2nd. Capacul din lemn poate servi ca suport pentru lum\u00e2narea aprins\u0103 \u0219i protejeaz\u0103 mobilierul. Topi\u021bi lum\u00e2narea \u00eentotdeauna p\u00e2n\u0103 la margine, l\u0103sa\u021bi s\u0103 ard\u0103 timp de 3-4 ore. Dac\u0103 lum\u00e2narea face fum, fitilul este prea lung. Lungimea ideal\u0103 este 0,7 cm. \u00cen cazul \u00een care fitilul este mai lung, stinge\u021bi lum\u00e2narea, l\u0103sa\u021bi-o s\u0103 se r\u0103ceasc\u0103 \u0219i rupe\u021bi marginile arse , astfel \u00eenc\u00e2t s\u0103 nu cad\u0103 \u00een cear\u0103.<\/p>\n","protected":false},"excerpt":{"rendered":"<p>Lum\u00e2narea parfumat\u0103 White Tea &#038; Jasmine ascunde ceai alb pur \u0219i iasomie, cu miros de cedru ro\u0219u si trandafir. Este un deliciu misterios pentru toate sim\u021burile. Aceast\u0103 lum\u00e2nare cu capac tipic din lemn, va parfuma casa dvs. \u0219i o va umple cu sunetul delicat de trosnituri ale fitilului arz\u00e2nd, care creeaz\u0103 o atmosfer\u0103 de confort&#8230;<\/p>\n","protected":false},"featured_media":360238,"comment_status":"closed","ping_status":"open","template":"","meta":{"_acf_changed":false,"_kadence_starter_templates_imported_post":false,"_kad_post_transparent":"","_kad_post_title":"","_kad_post_layout":"","_kad_post_sidebar_id":"","_kad_post_content_style":"","_kad_post_vertical_padding":"","_kad_post_feature":"","_kad_post_feature_position":"","_kad_post_header":false,"_kad_post_footer":false,"_kad_post_classname":""},"product_brand":[124],"product_cat":[246,656,655,654],"product_tag":[],"class_list":{"0":"post-360237","1":"product","2":"type-product","3":"status-publish","4":"has-post-thumbnail","6":"product_brand-woodwick","7":"product_cat-cosmetice","8":"product_cat-lumanari-decorative-si-in-sticla","9":"product_cat-lumanari-parfumate","10":"product_cat-lumanari-parfumate-si-arome","12":"first","13":"instock","14":"product-type-external","15":"entry","16":"content-bg","17":"loop-entry"},"acf":[],"yoast_head":"<!-- This site is optimized with the Yoast SEO plugin v27.4 - https:\/\/yoast.com\/product\/yoast-seo-wordpress\/ -->\n<title>WoodWick Lum\u00e2nare parfumat\u0103 vaz\u0103 mare White Tea &amp; Jasmine 609,5 g - SHOPATOA.COM<\/title>\n<meta name=\"robots\" content=\"index, follow, max-snippet:-1, max-image-preview:large, max-video-preview:-1\" \/>\n<link rel=\"canonical\" href=\"https:\/\/shopatoa.com\/ro\/woodwick-lumanare-parfumata-vaza-mare-white-tea-jasmine-6095-g-2\/\" \/>\n<meta property=\"og:locale\" content=\"ro_RO\" \/>\n<meta property=\"og:type\" content=\"article\" \/>\n<meta property=\"og:title\" content=\"WoodWick Lum\u00e2nare parfumat\u0103 vaz\u0103 mare White Tea &amp; Jasmine 609,5 g - SHOPATOA.COM\" \/>\n<meta property=\"og:description\" content=\"Lum\u00e2narea parfumat\u0103 White Tea &#038; Jasmine ascunde ceai alb pur \u0219i iasomie, cu miros de cedru ro\u0219u si trandafir. Este un deliciu misterios pentru toate sim\u021burile. Aceast\u0103 lum\u00e2nare cu capac tipic din lemn, va parfuma casa dvs. \u0219i o va umple cu sunetul delicat de trosnituri ale fitilului arz\u00e2nd, care creeaz\u0103 o atmosfer\u0103 de confort...\" \/>\n<meta property=\"og:url\" content=\"https:\/\/shopatoa.com\/ro\/woodwick-lumanare-parfumata-vaza-mare-white-tea-jasmine-6095-g-2\/\" \/>\n<meta property=\"og:site_name\" content=\"SHOPATOA\" \/>\n<meta property=\"article:modified_time\" content=\"2025-05-21T16:19:23+00:00\" \/>\n<meta property=\"og:image\" content=\"https:\/\/storage.googleapis.com\/cz-shopatoa-img\/ro\/ff60ac46-unnamed-file.webp\" \/>\n\t<meta property=\"og:image:width\" content=\"800\" \/>\n\t<meta property=\"og:image:height\" content=\"800\" \/>\n\t<meta property=\"og:image:type\" content=\"image\/webp\" \/>\n<meta name=\"twitter:card\" content=\"summary_large_image\" \/>\n<meta name=\"twitter:label1\" content=\"Timp estimat pentru citire\" \/>\n\t<meta name=\"twitter:data1\" content=\"1 minut\" \/>\n<script type=\"application\/ld+json\" class=\"yoast-schema-graph\">{\"@context\":\"https:\\\/\\\/schema.org\",\"@graph\":[{\"@type\":\"WebPage\",\"@id\":\"https:\\\/\\\/shopatoa.com\\\/ro\\\/woodwick-lumanare-parfumata-vaza-mare-white-tea-jasmine-6095-g-2\\\/\",\"url\":\"https:\\\/\\\/shopatoa.com\\\/ro\\\/woodwick-lumanare-parfumata-vaza-mare-white-tea-jasmine-6095-g-2\\\/\",\"name\":\"WoodWick Lum\u00e2nare parfumat\u0103 vaz\u0103 mare White Tea & Jasmine 609,5 g - SHOPATOA.COM\",\"isPartOf\":{\"@id\":\"https:\\\/\\\/shopatoa.com\\\/ro\\\/#website\"},\"primaryImageOfPage\":{\"@id\":\"https:\\\/\\\/shopatoa.com\\\/ro\\\/woodwick-lumanare-parfumata-vaza-mare-white-tea-jasmine-6095-g-2\\\/#primaryimage\"},\"image\":{\"@id\":\"https:\\\/\\\/shopatoa.com\\\/ro\\\/woodwick-lumanare-parfumata-vaza-mare-white-tea-jasmine-6095-g-2\\\/#primaryimage\"},\"thumbnailUrl\":\"https:\\\/\\\/storage.googleapis.com\\\/cz-shopatoa-img\\\/ro\\\/ff60ac46-unnamed-file.webp\",\"datePublished\":\"2025-05-21T16:17:31+00:00\",\"dateModified\":\"2025-05-21T16:19:23+00:00\",\"breadcrumb\":{\"@id\":\"https:\\\/\\\/shopatoa.com\\\/ro\\\/woodwick-lumanare-parfumata-vaza-mare-white-tea-jasmine-6095-g-2\\\/#breadcrumb\"},\"inLanguage\":\"ro-RO\",\"potentialAction\":[{\"@type\":\"ReadAction\",\"target\":[\"https:\\\/\\\/shopatoa.com\\\/ro\\\/woodwick-lumanare-parfumata-vaza-mare-white-tea-jasmine-6095-g-2\\\/\"]}]},{\"@type\":\"ImageObject\",\"inLanguage\":\"ro-RO\",\"@id\":\"https:\\\/\\\/shopatoa.com\\\/ro\\\/woodwick-lumanare-parfumata-vaza-mare-white-tea-jasmine-6095-g-2\\\/#primaryimage\",\"url\":\"https:\\\/\\\/storage.googleapis.com\\\/cz-shopatoa-img\\\/ro\\\/ff60ac46-unnamed-file.webp\",\"contentUrl\":\"https:\\\/\\\/storage.googleapis.com\\\/cz-shopatoa-img\\\/ro\\\/ff60ac46-unnamed-file.webp\",\"width\":800,\"height\":800},{\"@type\":\"BreadcrumbList\",\"@id\":\"https:\\\/\\\/shopatoa.com\\\/ro\\\/woodwick-lumanare-parfumata-vaza-mare-white-tea-jasmine-6095-g-2\\\/#breadcrumb\",\"itemListElement\":[{\"@type\":\"ListItem\",\"position\":1,\"name\":\"Dom\u016f\",\"item\":\"https:\\\/\\\/shopatoa.com\\\/ro\\\/\"},{\"@type\":\"ListItem\",\"position\":2,\"name\":\"Shop\",\"item\":\"https:\\\/\\\/shopatoa.com\\\/ro\\\/shop\\\/\"},{\"@type\":\"ListItem\",\"position\":3,\"name\":\"WoodWick Lum\u00e2nare parfumat\u0103 vaz\u0103 mare White Tea &#038; Jasmine 609,5 g\"}]},{\"@type\":\"WebSite\",\"@id\":\"https:\\\/\\\/shopatoa.com\\\/ro\\\/#website\",\"url\":\"https:\\\/\\\/shopatoa.com\\\/ro\\\/\",\"name\":\"SHOPATOA\",\"description\":\"\",\"publisher\":{\"@id\":\"https:\\\/\\\/shopatoa.com\\\/ro\\\/#organization\"},\"potentialAction\":[{\"@type\":\"SearchAction\",\"target\":{\"@type\":\"EntryPoint\",\"urlTemplate\":\"https:\\\/\\\/shopatoa.com\\\/ro\\\/?s={search_term_string}\"},\"query-input\":{\"@type\":\"PropertyValueSpecification\",\"valueRequired\":true,\"valueName\":\"search_term_string\"}}],\"inLanguage\":\"ro-RO\"},{\"@type\":\"Organization\",\"@id\":\"https:\\\/\\\/shopatoa.com\\\/ro\\\/#organization\",\"name\":\"SHOPATOA\",\"url\":\"https:\\\/\\\/shopatoa.com\\\/ro\\\/\",\"logo\":{\"@type\":\"ImageObject\",\"inLanguage\":\"ro-RO\",\"@id\":\"https:\\\/\\\/shopatoa.com\\\/ro\\\/#\\\/schema\\\/logo\\\/image\\\/\",\"url\":\"https:\\\/\\\/storage.googleapis.com\\\/cz-shopatoa-img\\\/ro\\\/b4dac915-shopatoa_logo.png\",\"contentUrl\":\"https:\\\/\\\/storage.googleapis.com\\\/cz-shopatoa-img\\\/ro\\\/b4dac915-shopatoa_logo.png\",\"width\":416,\"height\":63,\"caption\":\"SHOPATOA\"},\"image\":{\"@id\":\"https:\\\/\\\/shopatoa.com\\\/ro\\\/#\\\/schema\\\/logo\\\/image\\\/\"}}]}<\/script>\n<!-- \/ Yoast SEO plugin. -->","yoast_head_json":{"title":"WoodWick Lum\u00e2nare parfumat\u0103 vaz\u0103 mare White Tea & Jasmine 609,5 g - SHOPATOA.COM","robots":{"index":"index","follow":"follow","max-snippet":"max-snippet:-1","max-image-preview":"max-image-preview:large","max-video-preview":"max-video-preview:-1"},"canonical":"https:\/\/shopatoa.com\/ro\/woodwick-lumanare-parfumata-vaza-mare-white-tea-jasmine-6095-g-2\/","og_locale":"ro_RO","og_type":"article","og_title":"WoodWick Lum\u00e2nare parfumat\u0103 vaz\u0103 mare White Tea & Jasmine 609,5 g - SHOPATOA.COM","og_description":"Lum\u00e2narea parfumat\u0103 White Tea &#038; Jasmine ascunde ceai alb pur \u0219i iasomie, cu miros de cedru ro\u0219u si trandafir. Este un deliciu misterios pentru toate sim\u021burile. Aceast\u0103 lum\u00e2nare cu capac tipic din lemn, va parfuma casa dvs. \u0219i o va umple cu sunetul delicat de trosnituri ale fitilului arz\u00e2nd, care creeaz\u0103 o atmosfer\u0103 de confort...","og_url":"https:\/\/shopatoa.com\/ro\/woodwick-lumanare-parfumata-vaza-mare-white-tea-jasmine-6095-g-2\/","og_site_name":"SHOPATOA","article_modified_time":"2025-05-21T16:19:23+00:00","og_image":[{"width":800,"height":800,"url":"https:\/\/storage.googleapis.com\/cz-shopatoa-img\/ro\/ff60ac46-unnamed-file.webp","type":"image\/webp"}],"twitter_card":"summary_large_image","twitter_misc":{"Timp estimat pentru citire":"1 minut"},"schema":{"@context":"https:\/\/schema.org","@graph":[{"@type":"WebPage","@id":"https:\/\/shopatoa.com\/ro\/woodwick-lumanare-parfumata-vaza-mare-white-tea-jasmine-6095-g-2\/","url":"https:\/\/shopatoa.com\/ro\/woodwick-lumanare-parfumata-vaza-mare-white-tea-jasmine-6095-g-2\/","name":"WoodWick Lum\u00e2nare parfumat\u0103 vaz\u0103 mare White Tea & Jasmine 609,5 g - SHOPATOA.COM","isPartOf":{"@id":"https:\/\/shopatoa.com\/ro\/#website"},"primaryImageOfPage":{"@id":"https:\/\/shopatoa.com\/ro\/woodwick-lumanare-parfumata-vaza-mare-white-tea-jasmine-6095-g-2\/#primaryimage"},"image":{"@id":"https:\/\/shopatoa.com\/ro\/woodwick-lumanare-parfumata-vaza-mare-white-tea-jasmine-6095-g-2\/#primaryimage"},"thumbnailUrl":"https:\/\/storage.googleapis.com\/cz-shopatoa-img\/ro\/ff60ac46-unnamed-file.webp","datePublished":"2025-05-21T16:17:31+00:00","dateModified":"2025-05-21T16:19:23+00:00","breadcrumb":{"@id":"https:\/\/shopatoa.com\/ro\/woodwick-lumanare-parfumata-vaza-mare-white-tea-jasmine-6095-g-2\/#breadcrumb"},"inLanguage":"ro-RO","potentialAction":[{"@type":"ReadAction","target":["https:\/\/shopatoa.com\/ro\/woodwick-lumanare-parfumata-vaza-mare-white-tea-jasmine-6095-g-2\/"]}]},{"@type":"ImageObject","inLanguage":"ro-RO","@id":"https:\/\/shopatoa.com\/ro\/woodwick-lumanare-parfumata-vaza-mare-white-tea-jasmine-6095-g-2\/#primaryimage","url":"https:\/\/storage.googleapis.com\/cz-shopatoa-img\/ro\/ff60ac46-unnamed-file.webp","contentUrl":"https:\/\/storage.googleapis.com\/cz-shopatoa-img\/ro\/ff60ac46-unnamed-file.webp","width":800,"height":800},{"@type":"BreadcrumbList","@id":"https:\/\/shopatoa.com\/ro\/woodwick-lumanare-parfumata-vaza-mare-white-tea-jasmine-6095-g-2\/#breadcrumb","itemListElement":[{"@type":"ListItem","position":1,"name":"Dom\u016f","item":"https:\/\/shopatoa.com\/ro\/"},{"@type":"ListItem","position":2,"name":"Shop","item":"https:\/\/shopatoa.com\/ro\/shop\/"},{"@type":"ListItem","position":3,"name":"WoodWick Lum\u00e2nare parfumat\u0103 vaz\u0103 mare White Tea &#038; Jasmine 609,5 g"}]},{"@type":"WebSite","@id":"https:\/\/shopatoa.com\/ro\/#website","url":"https:\/\/shopatoa.com\/ro\/","name":"SHOPATOA","description":"","publisher":{"@id":"https:\/\/shopatoa.com\/ro\/#organization"},"potentialAction":[{"@type":"SearchAction","target":{"@type":"EntryPoint","urlTemplate":"https:\/\/shopatoa.com\/ro\/?s={search_term_string}"},"query-input":{"@type":"PropertyValueSpecification","valueRequired":true,"valueName":"search_term_string"}}],"inLanguage":"ro-RO"},{"@type":"Organization","@id":"https:\/\/shopatoa.com\/ro\/#organization","name":"SHOPATOA","url":"https:\/\/shopatoa.com\/ro\/","logo":{"@type":"ImageObject","inLanguage":"ro-RO","@id":"https:\/\/shopatoa.com\/ro\/#\/schema\/logo\/image\/","url":"https:\/\/storage.googleapis.com\/cz-shopatoa-img\/ro\/b4dac915-shopatoa_logo.png","contentUrl":"https:\/\/storage.googleapis.com\/cz-shopatoa-img\/ro\/b4dac915-shopatoa_logo.png","width":416,"height":63,"caption":"SHOPATOA"},"image":{"@id":"https:\/\/shopatoa.com\/ro\/#\/schema\/logo\/image\/"}}]}},"_links":{"self":[{"href":"https:\/\/shopatoa.com\/ro\/wp-json\/wp\/v2\/product\/360237","targetHints":{"allow":["GET"]}}],"collection":[{"href":"https:\/\/shopatoa.com\/ro\/wp-json\/wp\/v2\/product"}],"about":[{"href":"https:\/\/shopatoa.com\/ro\/wp-json\/wp\/v2\/types\/product"}],"replies":[{"embeddable":true,"href":"https:\/\/shopatoa.com\/ro\/wp-json\/wp\/v2\/comments?post=360237"}],"wp:featuredmedia":[{"embeddable":true,"href":"https:\/\/shopatoa.com\/ro\/wp-json\/wp\/v2\/media\/360238"}],"wp:attachment":[{"href":"https:\/\/shopatoa.com\/ro\/wp-json\/wp\/v2\/media?parent=360237"}],"wp:term":[{"taxonomy":"product_brand","embeddable":true,"href":"https:\/\/shopatoa.com\/ro\/wp-json\/wp\/v2\/product_brand?post=360237"},{"taxonomy":"product_cat","embeddable":true,"href":"https:\/\/shopatoa.com\/ro\/wp-json\/wp\/v2\/product_cat?post=360237"},{"taxonomy":"product_tag","embeddable":true,"href":"https:\/\/shopatoa.com\/ro\/wp-json\/wp\/v2\/product_tag?post=360237"}],"curies":[{"name":"wp","href":"https:\/\/api.w.org\/{rel}","templated":true}]}}