{"id":360255,"date":"2025-05-21T18:19:35","date_gmt":"2025-05-21T16:19:35","guid":{"rendered":"https:\/\/shopatoa.com\/ro\/beautyrelax-epilator-ipl-smart-br-1520-2\/"},"modified":"2025-05-21T18:21:03","modified_gmt":"2025-05-21T16:21:03","slug":"beautyrelax-epilator-ipl-smart-br-1520-2","status":"publish","type":"product","link":"https:\/\/shopatoa.com\/ro\/beautyrelax-epilator-ipl-smart-br-1520-2\/","title":{"rendered":"BeautyRelax Epilator IPL Smart BR-1520"},"content":{"rendered":"<p>Epilator BeautyRelax IPL Smart este un dispozitiv de calitate, bl\u00e2nd \u0219i sigur pentru \u00eendep\u0103rtarea u\u0219oar\u0103 p\u0103rului in condi\u021bii de cas\u0103. Aplicatorul acoper\u0103 3 cm2. Posibilitatea de setare 5 nivele de putere. Rezistenta de lung\u0103 durat\u0103 a l\u0103mpilor Quartz garanteaz\u0103 pana la 350.000 de ilumin\u0103ri. Tratamentul pielii IPL eficient ca din salon, la un pre\u021b accesibil BeautyRelax IPL Smart garanteaz\u0103 un nivel ridicat de certificare \u0219i utilizare complet sigur\u0103. Aceea\u0219i tehnologie IPL (Intense Pulseed Light) utilizata \u00een studiile estetice chiar acas\u0103 la dvs. Puternic, dar foarte bl\u00e2nd impulsurile luminoase previne cre\u0219terea ulterioar\u0103 a firelor de p\u0103r. Caracteristici \u0219i specifica\u021bii \u00eendep\u0103rtarea eficient\u0103 a p\u0103rului folosind tehnologia IPL. In condi\u021bii sigure \u00eel pute\u021bi utiliza la domiciliu. Potrivit pentru majoritatea tipurilor de piele \u0219i p\u0103r. Dimensiunea aplicatorului este proiectat\u0103 optim pentru \u00eengrijirea \u00eentregului corp. Nivel ridicat de certificare. Garanteaz\u0103 utilizarea sigur\u0103. Op\u021biunea de setare a 5 niveluri de intensitate. Zona optim\u0103 de surs\u0103 de lumin\u0103 3cm2. Minunat pentru \u00eengrijirea u\u0219oar\u0103 a zonelor mai mici si mai mari. Tehnologia de \u00eenchidere unic\u0103 patentat\u0103 &#8211; sursa de lumin\u0103 concentrat\u0103 &#8211; nivel ridicat de energie &#8211; protec\u021bie maxim\u0103 \u00eempotriva arsurilor pielii &#8211; \u00eendep\u0103rtarea u\u0219oar\u0103 a p\u0103rului Timp scurt pentru tratarea zonelor individuale: Zona de deasupra buzei superioare: 1 min Bra\u0163: 3 min Spate: 12 min Axil\u0103: 3 min Picioare: 10 min zona bikini: 2 min<\/p>\n","protected":false},"excerpt":{"rendered":"<p>Epilator BeautyRelax IPL Smart este un dispozitiv de calitate, bl\u00e2nd \u0219i sigur pentru \u00eendep\u0103rtarea u\u0219oar\u0103 p\u0103rului in condi\u021bii de cas\u0103. Aplicatorul acoper\u0103 3 cm2. Posibilitatea de setare 5 nivele de putere. Rezistenta de lung\u0103 durat\u0103 a l\u0103mpilor Quartz garanteaz\u0103 pana la 350.000 de ilumin\u0103ri. Tratamentul pielii IPL eficient ca din salon, la un pre\u021b accesibil&#8230;<\/p>\n","protected":false},"featured_media":360256,"comment_status":"closed","ping_status":"open","template":"","meta":{"_acf_changed":false,"_kadence_starter_templates_imported_post":false,"_kad_post_transparent":"","_kad_post_title":"","_kad_post_layout":"","_kad_post_sidebar_id":"","_kad_post_content_style":"","_kad_post_vertical_padding":"","_kad_post_feature":"","_kad_post_feature_position":"","_kad_post_header":false,"_kad_post_footer":false,"_kad_post_classname":""},"product_brand":[235],"product_cat":[246,757,611],"product_tag":[],"class_list":{"0":"post-360255","1":"product","2":"type-product","3":"status-publish","4":"has-post-thumbnail","6":"product_brand-beautyrelax","7":"product_cat-cosmetice","8":"product_cat-dispozitive-cosmetice-corpul","9":"product_cat-produse-cosmetice-pentru-corp","11":"first","12":"instock","13":"product-type-external","14":"entry","15":"content-bg","16":"loop-entry"},"acf":[],"yoast_head":"<!-- This site is optimized with the Yoast SEO plugin v27.4 - https:\/\/yoast.com\/product\/yoast-seo-wordpress\/ -->\n<title>BeautyRelax Epilator IPL Smart BR-1520 - SHOPATOA.COM<\/title>\n<meta name=\"robots\" content=\"index, follow, max-snippet:-1, max-image-preview:large, max-video-preview:-1\" \/>\n<link rel=\"canonical\" href=\"https:\/\/shopatoa.com\/ro\/beautyrelax-epilator-ipl-smart-br-1520-2\/\" \/>\n<meta property=\"og:locale\" content=\"ro_RO\" \/>\n<meta property=\"og:type\" content=\"article\" \/>\n<meta property=\"og:title\" content=\"BeautyRelax Epilator IPL Smart BR-1520 - SHOPATOA.COM\" \/>\n<meta property=\"og:description\" content=\"Epilator BeautyRelax IPL Smart este un dispozitiv de calitate, bl\u00e2nd \u0219i sigur pentru \u00eendep\u0103rtarea u\u0219oar\u0103 p\u0103rului in condi\u021bii de cas\u0103. Aplicatorul acoper\u0103 3 cm2. Posibilitatea de setare 5 nivele de putere. Rezistenta de lung\u0103 durat\u0103 a l\u0103mpilor Quartz garanteaz\u0103 pana la 350.000 de ilumin\u0103ri. Tratamentul pielii IPL eficient ca din salon, la un pre\u021b accesibil...\" \/>\n<meta property=\"og:url\" content=\"https:\/\/shopatoa.com\/ro\/beautyrelax-epilator-ipl-smart-br-1520-2\/\" \/>\n<meta property=\"og:site_name\" content=\"SHOPATOA\" \/>\n<meta property=\"article:modified_time\" content=\"2025-05-21T16:21:03+00:00\" \/>\n<meta property=\"og:image\" content=\"https:\/\/storage.googleapis.com\/cz-shopatoa-img\/ro\/8dfb72d0-unnamed-file.webp\" \/>\n\t<meta property=\"og:image:width\" content=\"800\" \/>\n\t<meta property=\"og:image:height\" content=\"800\" \/>\n\t<meta property=\"og:image:type\" content=\"image\/webp\" \/>\n<meta name=\"twitter:card\" content=\"summary_large_image\" \/>\n<meta name=\"twitter:label1\" content=\"Timp estimat pentru citire\" \/>\n\t<meta name=\"twitter:data1\" content=\"1 minut\" \/>\n<script type=\"application\/ld+json\" class=\"yoast-schema-graph\">{\"@context\":\"https:\\\/\\\/schema.org\",\"@graph\":[{\"@type\":\"WebPage\",\"@id\":\"https:\\\/\\\/shopatoa.com\\\/ro\\\/beautyrelax-epilator-ipl-smart-br-1520-2\\\/\",\"url\":\"https:\\\/\\\/shopatoa.com\\\/ro\\\/beautyrelax-epilator-ipl-smart-br-1520-2\\\/\",\"name\":\"BeautyRelax Epilator IPL Smart BR-1520 - SHOPATOA.COM\",\"isPartOf\":{\"@id\":\"https:\\\/\\\/shopatoa.com\\\/ro\\\/#website\"},\"primaryImageOfPage\":{\"@id\":\"https:\\\/\\\/shopatoa.com\\\/ro\\\/beautyrelax-epilator-ipl-smart-br-1520-2\\\/#primaryimage\"},\"image\":{\"@id\":\"https:\\\/\\\/shopatoa.com\\\/ro\\\/beautyrelax-epilator-ipl-smart-br-1520-2\\\/#primaryimage\"},\"thumbnailUrl\":\"https:\\\/\\\/storage.googleapis.com\\\/cz-shopatoa-img\\\/ro\\\/8dfb72d0-unnamed-file.webp\",\"datePublished\":\"2025-05-21T16:19:35+00:00\",\"dateModified\":\"2025-05-21T16:21:03+00:00\",\"breadcrumb\":{\"@id\":\"https:\\\/\\\/shopatoa.com\\\/ro\\\/beautyrelax-epilator-ipl-smart-br-1520-2\\\/#breadcrumb\"},\"inLanguage\":\"ro-RO\",\"potentialAction\":[{\"@type\":\"ReadAction\",\"target\":[\"https:\\\/\\\/shopatoa.com\\\/ro\\\/beautyrelax-epilator-ipl-smart-br-1520-2\\\/\"]}]},{\"@type\":\"ImageObject\",\"inLanguage\":\"ro-RO\",\"@id\":\"https:\\\/\\\/shopatoa.com\\\/ro\\\/beautyrelax-epilator-ipl-smart-br-1520-2\\\/#primaryimage\",\"url\":\"https:\\\/\\\/storage.googleapis.com\\\/cz-shopatoa-img\\\/ro\\\/8dfb72d0-unnamed-file.webp\",\"contentUrl\":\"https:\\\/\\\/storage.googleapis.com\\\/cz-shopatoa-img\\\/ro\\\/8dfb72d0-unnamed-file.webp\",\"width\":800,\"height\":800},{\"@type\":\"BreadcrumbList\",\"@id\":\"https:\\\/\\\/shopatoa.com\\\/ro\\\/beautyrelax-epilator-ipl-smart-br-1520-2\\\/#breadcrumb\",\"itemListElement\":[{\"@type\":\"ListItem\",\"position\":1,\"name\":\"Dom\u016f\",\"item\":\"https:\\\/\\\/shopatoa.com\\\/ro\\\/\"},{\"@type\":\"ListItem\",\"position\":2,\"name\":\"Shop\",\"item\":\"https:\\\/\\\/shopatoa.com\\\/ro\\\/shop\\\/\"},{\"@type\":\"ListItem\",\"position\":3,\"name\":\"BeautyRelax Epilator IPL Smart BR-1520\"}]},{\"@type\":\"WebSite\",\"@id\":\"https:\\\/\\\/shopatoa.com\\\/ro\\\/#website\",\"url\":\"https:\\\/\\\/shopatoa.com\\\/ro\\\/\",\"name\":\"SHOPATOA\",\"description\":\"\",\"publisher\":{\"@id\":\"https:\\\/\\\/shopatoa.com\\\/ro\\\/#organization\"},\"potentialAction\":[{\"@type\":\"SearchAction\",\"target\":{\"@type\":\"EntryPoint\",\"urlTemplate\":\"https:\\\/\\\/shopatoa.com\\\/ro\\\/?s={search_term_string}\"},\"query-input\":{\"@type\":\"PropertyValueSpecification\",\"valueRequired\":true,\"valueName\":\"search_term_string\"}}],\"inLanguage\":\"ro-RO\"},{\"@type\":\"Organization\",\"@id\":\"https:\\\/\\\/shopatoa.com\\\/ro\\\/#organization\",\"name\":\"SHOPATOA\",\"url\":\"https:\\\/\\\/shopatoa.com\\\/ro\\\/\",\"logo\":{\"@type\":\"ImageObject\",\"inLanguage\":\"ro-RO\",\"@id\":\"https:\\\/\\\/shopatoa.com\\\/ro\\\/#\\\/schema\\\/logo\\\/image\\\/\",\"url\":\"https:\\\/\\\/storage.googleapis.com\\\/cz-shopatoa-img\\\/ro\\\/b4dac915-shopatoa_logo.png\",\"contentUrl\":\"https:\\\/\\\/storage.googleapis.com\\\/cz-shopatoa-img\\\/ro\\\/b4dac915-shopatoa_logo.png\",\"width\":416,\"height\":63,\"caption\":\"SHOPATOA\"},\"image\":{\"@id\":\"https:\\\/\\\/shopatoa.com\\\/ro\\\/#\\\/schema\\\/logo\\\/image\\\/\"}}]}<\/script>\n<!-- \/ Yoast SEO plugin. -->","yoast_head_json":{"title":"BeautyRelax Epilator IPL Smart BR-1520 - SHOPATOA.COM","robots":{"index":"index","follow":"follow","max-snippet":"max-snippet:-1","max-image-preview":"max-image-preview:large","max-video-preview":"max-video-preview:-1"},"canonical":"https:\/\/shopatoa.com\/ro\/beautyrelax-epilator-ipl-smart-br-1520-2\/","og_locale":"ro_RO","og_type":"article","og_title":"BeautyRelax Epilator IPL Smart BR-1520 - SHOPATOA.COM","og_description":"Epilator BeautyRelax IPL Smart este un dispozitiv de calitate, bl\u00e2nd \u0219i sigur pentru \u00eendep\u0103rtarea u\u0219oar\u0103 p\u0103rului in condi\u021bii de cas\u0103. Aplicatorul acoper\u0103 3 cm2. Posibilitatea de setare 5 nivele de putere. Rezistenta de lung\u0103 durat\u0103 a l\u0103mpilor Quartz garanteaz\u0103 pana la 350.000 de ilumin\u0103ri. Tratamentul pielii IPL eficient ca din salon, la un pre\u021b accesibil...","og_url":"https:\/\/shopatoa.com\/ro\/beautyrelax-epilator-ipl-smart-br-1520-2\/","og_site_name":"SHOPATOA","article_modified_time":"2025-05-21T16:21:03+00:00","og_image":[{"width":800,"height":800,"url":"https:\/\/storage.googleapis.com\/cz-shopatoa-img\/ro\/8dfb72d0-unnamed-file.webp","type":"image\/webp"}],"twitter_card":"summary_large_image","twitter_misc":{"Timp estimat pentru citire":"1 minut"},"schema":{"@context":"https:\/\/schema.org","@graph":[{"@type":"WebPage","@id":"https:\/\/shopatoa.com\/ro\/beautyrelax-epilator-ipl-smart-br-1520-2\/","url":"https:\/\/shopatoa.com\/ro\/beautyrelax-epilator-ipl-smart-br-1520-2\/","name":"BeautyRelax Epilator IPL Smart BR-1520 - SHOPATOA.COM","isPartOf":{"@id":"https:\/\/shopatoa.com\/ro\/#website"},"primaryImageOfPage":{"@id":"https:\/\/shopatoa.com\/ro\/beautyrelax-epilator-ipl-smart-br-1520-2\/#primaryimage"},"image":{"@id":"https:\/\/shopatoa.com\/ro\/beautyrelax-epilator-ipl-smart-br-1520-2\/#primaryimage"},"thumbnailUrl":"https:\/\/storage.googleapis.com\/cz-shopatoa-img\/ro\/8dfb72d0-unnamed-file.webp","datePublished":"2025-05-21T16:19:35+00:00","dateModified":"2025-05-21T16:21:03+00:00","breadcrumb":{"@id":"https:\/\/shopatoa.com\/ro\/beautyrelax-epilator-ipl-smart-br-1520-2\/#breadcrumb"},"inLanguage":"ro-RO","potentialAction":[{"@type":"ReadAction","target":["https:\/\/shopatoa.com\/ro\/beautyrelax-epilator-ipl-smart-br-1520-2\/"]}]},{"@type":"ImageObject","inLanguage":"ro-RO","@id":"https:\/\/shopatoa.com\/ro\/beautyrelax-epilator-ipl-smart-br-1520-2\/#primaryimage","url":"https:\/\/storage.googleapis.com\/cz-shopatoa-img\/ro\/8dfb72d0-unnamed-file.webp","contentUrl":"https:\/\/storage.googleapis.com\/cz-shopatoa-img\/ro\/8dfb72d0-unnamed-file.webp","width":800,"height":800},{"@type":"BreadcrumbList","@id":"https:\/\/shopatoa.com\/ro\/beautyrelax-epilator-ipl-smart-br-1520-2\/#breadcrumb","itemListElement":[{"@type":"ListItem","position":1,"name":"Dom\u016f","item":"https:\/\/shopatoa.com\/ro\/"},{"@type":"ListItem","position":2,"name":"Shop","item":"https:\/\/shopatoa.com\/ro\/shop\/"},{"@type":"ListItem","position":3,"name":"BeautyRelax Epilator IPL Smart BR-1520"}]},{"@type":"WebSite","@id":"https:\/\/shopatoa.com\/ro\/#website","url":"https:\/\/shopatoa.com\/ro\/","name":"SHOPATOA","description":"","publisher":{"@id":"https:\/\/shopatoa.com\/ro\/#organization"},"potentialAction":[{"@type":"SearchAction","target":{"@type":"EntryPoint","urlTemplate":"https:\/\/shopatoa.com\/ro\/?s={search_term_string}"},"query-input":{"@type":"PropertyValueSpecification","valueRequired":true,"valueName":"search_term_string"}}],"inLanguage":"ro-RO"},{"@type":"Organization","@id":"https:\/\/shopatoa.com\/ro\/#organization","name":"SHOPATOA","url":"https:\/\/shopatoa.com\/ro\/","logo":{"@type":"ImageObject","inLanguage":"ro-RO","@id":"https:\/\/shopatoa.com\/ro\/#\/schema\/logo\/image\/","url":"https:\/\/storage.googleapis.com\/cz-shopatoa-img\/ro\/b4dac915-shopatoa_logo.png","contentUrl":"https:\/\/storage.googleapis.com\/cz-shopatoa-img\/ro\/b4dac915-shopatoa_logo.png","width":416,"height":63,"caption":"SHOPATOA"},"image":{"@id":"https:\/\/shopatoa.com\/ro\/#\/schema\/logo\/image\/"}}]}},"_links":{"self":[{"href":"https:\/\/shopatoa.com\/ro\/wp-json\/wp\/v2\/product\/360255","targetHints":{"allow":["GET"]}}],"collection":[{"href":"https:\/\/shopatoa.com\/ro\/wp-json\/wp\/v2\/product"}],"about":[{"href":"https:\/\/shopatoa.com\/ro\/wp-json\/wp\/v2\/types\/product"}],"replies":[{"embeddable":true,"href":"https:\/\/shopatoa.com\/ro\/wp-json\/wp\/v2\/comments?post=360255"}],"wp:featuredmedia":[{"embeddable":true,"href":"https:\/\/shopatoa.com\/ro\/wp-json\/wp\/v2\/media\/360256"}],"wp:attachment":[{"href":"https:\/\/shopatoa.com\/ro\/wp-json\/wp\/v2\/media?parent=360255"}],"wp:term":[{"taxonomy":"product_brand","embeddable":true,"href":"https:\/\/shopatoa.com\/ro\/wp-json\/wp\/v2\/product_brand?post=360255"},{"taxonomy":"product_cat","embeddable":true,"href":"https:\/\/shopatoa.com\/ro\/wp-json\/wp\/v2\/product_cat?post=360255"},{"taxonomy":"product_tag","embeddable":true,"href":"https:\/\/shopatoa.com\/ro\/wp-json\/wp\/v2\/product_tag?post=360255"}],"curies":[{"name":"wp","href":"https:\/\/api.w.org\/{rel}","templated":true}]}}