{"id":360372,"date":"2025-05-21T18:30:15","date_gmt":"2025-05-21T16:30:15","guid":{"rendered":"https:\/\/shopatoa.com\/ro\/babyliss-pro-styler-titan-turmalina-18-mm-bab289tte-2\/"},"modified":"2025-05-21T18:31:15","modified_gmt":"2025-05-21T16:31:15","slug":"babyliss-pro-styler-titan-turmalina-18-mm-bab289tte-2","status":"publish","type":"product","link":"https:\/\/shopatoa.com\/ro\/babyliss-pro-styler-titan-turmalina-18-mm-bab289tte-2\/","title":{"rendered":"BaByliss PRO Styler titan-turmalina 18 mm BAB289TTE"},"content":{"rendered":"<p>Tehnologia turmalinei de titan: cristalele de turmalina con\u021binute in suprafa\u021ba \u00eenc\u0103lzit\u0103 a stylerului asigura o distribu\u021bie uniforma a c\u0103ldurii pe toata circumferin\u021ba. Turmalina elibereaz\u0103, de asemenea, ioni negativi naturali atunci c\u00e2nd este \u00eenc\u0103lzit\u0103, care elimin\u0103 electricitatea static\u0103, l\u0103s\u00e2nd p\u0103rul s\u0103n\u0103tos, neted \u0219i str\u0103lucitor. Titanul ofer\u0103 pl\u0103cilor o durabilitate incomparabil\u0103 \u0219i o rezisten\u021b\u0103 extrem\u0103 la temperaturi ridicate, zg\u00e2rieturi \u0219i substan\u021be chimice.<\/p>\n","protected":false},"excerpt":{"rendered":"<p>Tehnologia turmalinei de titan: cristalele de turmalina con\u021binute in suprafa\u021ba \u00eenc\u0103lzit\u0103 a stylerului asigura o distribu\u021bie uniforma a c\u0103ldurii pe toata circumferin\u021ba. Turmalina elibereaz\u0103, de asemenea, ioni negativi naturali atunci c\u00e2nd este \u00eenc\u0103lzit\u0103, care elimin\u0103 electricitatea static\u0103, l\u0103s\u00e2nd p\u0103rul s\u0103n\u0103tos, neted \u0219i str\u0103lucitor. Titanul ofer\u0103 pl\u0103cilor o durabilitate incomparabil\u0103 \u0219i o rezisten\u021b\u0103 extrem\u0103 la temperaturi&#8230;<\/p>\n","protected":false},"featured_media":360374,"comment_status":"closed","ping_status":"open","template":"","meta":{"_acf_changed":false,"_kadence_starter_templates_imported_post":false,"_kad_post_transparent":"","_kad_post_title":"","_kad_post_layout":"","_kad_post_sidebar_id":"","_kad_post_content_style":"","_kad_post_vertical_padding":"","_kad_post_feature":"","_kad_post_feature_position":"","_kad_post_header":false,"_kad_post_footer":false,"_kad_post_classname":""},"product_brand":[412],"product_cat":[246,743,623,624],"product_tag":[],"class_list":{"0":"post-360372","1":"product","2":"type-product","3":"status-publish","4":"has-post-thumbnail","6":"product_brand-babyliss-pro","7":"product_cat-cosmetice","8":"product_cat-piepteni","9":"product_cat-produse-cosmetice-pentru-par","10":"product_cat-produse-aparate-si-accesorii-pentru-par","12":"first","13":"instock","14":"product-type-external","15":"entry","16":"content-bg","17":"loop-entry"},"acf":[],"yoast_head":"<!-- This site is optimized with the Yoast SEO plugin v27.4 - https:\/\/yoast.com\/product\/yoast-seo-wordpress\/ -->\n<title>BaByliss PRO Styler titan-turmalina 18 mm BAB289TTE - SHOPATOA.COM<\/title>\n<meta name=\"robots\" content=\"index, follow, max-snippet:-1, max-image-preview:large, max-video-preview:-1\" \/>\n<link rel=\"canonical\" href=\"https:\/\/shopatoa.com\/ro\/babyliss-pro-styler-titan-turmalina-18-mm-bab289tte-2\/\" \/>\n<meta property=\"og:locale\" content=\"ro_RO\" \/>\n<meta property=\"og:type\" content=\"article\" \/>\n<meta property=\"og:title\" content=\"BaByliss PRO Styler titan-turmalina 18 mm BAB289TTE - SHOPATOA.COM\" \/>\n<meta property=\"og:description\" content=\"Tehnologia turmalinei de titan: cristalele de turmalina con\u021binute in suprafa\u021ba \u00eenc\u0103lzit\u0103 a stylerului asigura o distribu\u021bie uniforma a c\u0103ldurii pe toata circumferin\u021ba. Turmalina elibereaz\u0103, de asemenea, ioni negativi naturali atunci c\u00e2nd este \u00eenc\u0103lzit\u0103, care elimin\u0103 electricitatea static\u0103, l\u0103s\u00e2nd p\u0103rul s\u0103n\u0103tos, neted \u0219i str\u0103lucitor. Titanul ofer\u0103 pl\u0103cilor o durabilitate incomparabil\u0103 \u0219i o rezisten\u021b\u0103 extrem\u0103 la temperaturi...\" \/>\n<meta property=\"og:url\" content=\"https:\/\/shopatoa.com\/ro\/babyliss-pro-styler-titan-turmalina-18-mm-bab289tte-2\/\" \/>\n<meta property=\"og:site_name\" content=\"SHOPATOA\" \/>\n<meta property=\"article:modified_time\" content=\"2025-05-21T16:31:15+00:00\" \/>\n<meta property=\"og:image\" content=\"https:\/\/shopatoa.com\/ro\/wp-content\/uploads\/02c783ff-unnamed-file.webp\" \/>\n\t<meta property=\"og:image:width\" content=\"800\" \/>\n\t<meta property=\"og:image:height\" content=\"800\" \/>\n\t<meta property=\"og:image:type\" content=\"image\/webp\" \/>\n<meta name=\"twitter:card\" content=\"summary_large_image\" \/>\n<script type=\"application\/ld+json\" class=\"yoast-schema-graph\">{\"@context\":\"https:\\\/\\\/schema.org\",\"@graph\":[{\"@type\":\"WebPage\",\"@id\":\"https:\\\/\\\/shopatoa.com\\\/ro\\\/babyliss-pro-styler-titan-turmalina-18-mm-bab289tte-2\\\/\",\"url\":\"https:\\\/\\\/shopatoa.com\\\/ro\\\/babyliss-pro-styler-titan-turmalina-18-mm-bab289tte-2\\\/\",\"name\":\"BaByliss PRO Styler titan-turmalina 18 mm BAB289TTE - SHOPATOA.COM\",\"isPartOf\":{\"@id\":\"https:\\\/\\\/shopatoa.com\\\/ro\\\/#website\"},\"primaryImageOfPage\":{\"@id\":\"https:\\\/\\\/shopatoa.com\\\/ro\\\/babyliss-pro-styler-titan-turmalina-18-mm-bab289tte-2\\\/#primaryimage\"},\"image\":{\"@id\":\"https:\\\/\\\/shopatoa.com\\\/ro\\\/babyliss-pro-styler-titan-turmalina-18-mm-bab289tte-2\\\/#primaryimage\"},\"thumbnailUrl\":\"https:\\\/\\\/shopatoa.com\\\/ro\\\/wp-content\\\/uploads\\\/02c783ff-unnamed-file.webp\",\"datePublished\":\"2025-05-21T16:30:15+00:00\",\"dateModified\":\"2025-05-21T16:31:15+00:00\",\"breadcrumb\":{\"@id\":\"https:\\\/\\\/shopatoa.com\\\/ro\\\/babyliss-pro-styler-titan-turmalina-18-mm-bab289tte-2\\\/#breadcrumb\"},\"inLanguage\":\"ro-RO\",\"potentialAction\":[{\"@type\":\"ReadAction\",\"target\":[\"https:\\\/\\\/shopatoa.com\\\/ro\\\/babyliss-pro-styler-titan-turmalina-18-mm-bab289tte-2\\\/\"]}]},{\"@type\":\"ImageObject\",\"inLanguage\":\"ro-RO\",\"@id\":\"https:\\\/\\\/shopatoa.com\\\/ro\\\/babyliss-pro-styler-titan-turmalina-18-mm-bab289tte-2\\\/#primaryimage\",\"url\":\"https:\\\/\\\/shopatoa.com\\\/ro\\\/wp-content\\\/uploads\\\/02c783ff-unnamed-file.webp\",\"contentUrl\":\"https:\\\/\\\/shopatoa.com\\\/ro\\\/wp-content\\\/uploads\\\/02c783ff-unnamed-file.webp\",\"width\":800,\"height\":800},{\"@type\":\"BreadcrumbList\",\"@id\":\"https:\\\/\\\/shopatoa.com\\\/ro\\\/babyliss-pro-styler-titan-turmalina-18-mm-bab289tte-2\\\/#breadcrumb\",\"itemListElement\":[{\"@type\":\"ListItem\",\"position\":1,\"name\":\"Dom\u016f\",\"item\":\"https:\\\/\\\/shopatoa.com\\\/ro\\\/\"},{\"@type\":\"ListItem\",\"position\":2,\"name\":\"Shop\",\"item\":\"https:\\\/\\\/shopatoa.com\\\/ro\\\/shop\\\/\"},{\"@type\":\"ListItem\",\"position\":3,\"name\":\"BaByliss PRO Styler titan-turmalina 18 mm BAB289TTE\"}]},{\"@type\":\"WebSite\",\"@id\":\"https:\\\/\\\/shopatoa.com\\\/ro\\\/#website\",\"url\":\"https:\\\/\\\/shopatoa.com\\\/ro\\\/\",\"name\":\"SHOPATOA\",\"description\":\"\",\"publisher\":{\"@id\":\"https:\\\/\\\/shopatoa.com\\\/ro\\\/#organization\"},\"potentialAction\":[{\"@type\":\"SearchAction\",\"target\":{\"@type\":\"EntryPoint\",\"urlTemplate\":\"https:\\\/\\\/shopatoa.com\\\/ro\\\/?s={search_term_string}\"},\"query-input\":{\"@type\":\"PropertyValueSpecification\",\"valueRequired\":true,\"valueName\":\"search_term_string\"}}],\"inLanguage\":\"ro-RO\"},{\"@type\":\"Organization\",\"@id\":\"https:\\\/\\\/shopatoa.com\\\/ro\\\/#organization\",\"name\":\"SHOPATOA\",\"url\":\"https:\\\/\\\/shopatoa.com\\\/ro\\\/\",\"logo\":{\"@type\":\"ImageObject\",\"inLanguage\":\"ro-RO\",\"@id\":\"https:\\\/\\\/shopatoa.com\\\/ro\\\/#\\\/schema\\\/logo\\\/image\\\/\",\"url\":\"https:\\\/\\\/storage.googleapis.com\\\/cz-shopatoa-img\\\/ro\\\/b4dac915-shopatoa_logo.png\",\"contentUrl\":\"https:\\\/\\\/storage.googleapis.com\\\/cz-shopatoa-img\\\/ro\\\/b4dac915-shopatoa_logo.png\",\"width\":416,\"height\":63,\"caption\":\"SHOPATOA\"},\"image\":{\"@id\":\"https:\\\/\\\/shopatoa.com\\\/ro\\\/#\\\/schema\\\/logo\\\/image\\\/\"}}]}<\/script>\n<!-- \/ Yoast SEO plugin. -->","yoast_head_json":{"title":"BaByliss PRO Styler titan-turmalina 18 mm BAB289TTE - SHOPATOA.COM","robots":{"index":"index","follow":"follow","max-snippet":"max-snippet:-1","max-image-preview":"max-image-preview:large","max-video-preview":"max-video-preview:-1"},"canonical":"https:\/\/shopatoa.com\/ro\/babyliss-pro-styler-titan-turmalina-18-mm-bab289tte-2\/","og_locale":"ro_RO","og_type":"article","og_title":"BaByliss PRO Styler titan-turmalina 18 mm BAB289TTE - SHOPATOA.COM","og_description":"Tehnologia turmalinei de titan: cristalele de turmalina con\u021binute in suprafa\u021ba \u00eenc\u0103lzit\u0103 a stylerului asigura o distribu\u021bie uniforma a c\u0103ldurii pe toata circumferin\u021ba. Turmalina elibereaz\u0103, de asemenea, ioni negativi naturali atunci c\u00e2nd este \u00eenc\u0103lzit\u0103, care elimin\u0103 electricitatea static\u0103, l\u0103s\u00e2nd p\u0103rul s\u0103n\u0103tos, neted \u0219i str\u0103lucitor. Titanul ofer\u0103 pl\u0103cilor o durabilitate incomparabil\u0103 \u0219i o rezisten\u021b\u0103 extrem\u0103 la temperaturi...","og_url":"https:\/\/shopatoa.com\/ro\/babyliss-pro-styler-titan-turmalina-18-mm-bab289tte-2\/","og_site_name":"SHOPATOA","article_modified_time":"2025-05-21T16:31:15+00:00","og_image":[{"width":800,"height":800,"url":"https:\/\/shopatoa.com\/ro\/wp-content\/uploads\/02c783ff-unnamed-file.webp","type":"image\/webp"}],"twitter_card":"summary_large_image","schema":{"@context":"https:\/\/schema.org","@graph":[{"@type":"WebPage","@id":"https:\/\/shopatoa.com\/ro\/babyliss-pro-styler-titan-turmalina-18-mm-bab289tte-2\/","url":"https:\/\/shopatoa.com\/ro\/babyliss-pro-styler-titan-turmalina-18-mm-bab289tte-2\/","name":"BaByliss PRO Styler titan-turmalina 18 mm BAB289TTE - SHOPATOA.COM","isPartOf":{"@id":"https:\/\/shopatoa.com\/ro\/#website"},"primaryImageOfPage":{"@id":"https:\/\/shopatoa.com\/ro\/babyliss-pro-styler-titan-turmalina-18-mm-bab289tte-2\/#primaryimage"},"image":{"@id":"https:\/\/shopatoa.com\/ro\/babyliss-pro-styler-titan-turmalina-18-mm-bab289tte-2\/#primaryimage"},"thumbnailUrl":"https:\/\/shopatoa.com\/ro\/wp-content\/uploads\/02c783ff-unnamed-file.webp","datePublished":"2025-05-21T16:30:15+00:00","dateModified":"2025-05-21T16:31:15+00:00","breadcrumb":{"@id":"https:\/\/shopatoa.com\/ro\/babyliss-pro-styler-titan-turmalina-18-mm-bab289tte-2\/#breadcrumb"},"inLanguage":"ro-RO","potentialAction":[{"@type":"ReadAction","target":["https:\/\/shopatoa.com\/ro\/babyliss-pro-styler-titan-turmalina-18-mm-bab289tte-2\/"]}]},{"@type":"ImageObject","inLanguage":"ro-RO","@id":"https:\/\/shopatoa.com\/ro\/babyliss-pro-styler-titan-turmalina-18-mm-bab289tte-2\/#primaryimage","url":"https:\/\/shopatoa.com\/ro\/wp-content\/uploads\/02c783ff-unnamed-file.webp","contentUrl":"https:\/\/shopatoa.com\/ro\/wp-content\/uploads\/02c783ff-unnamed-file.webp","width":800,"height":800},{"@type":"BreadcrumbList","@id":"https:\/\/shopatoa.com\/ro\/babyliss-pro-styler-titan-turmalina-18-mm-bab289tte-2\/#breadcrumb","itemListElement":[{"@type":"ListItem","position":1,"name":"Dom\u016f","item":"https:\/\/shopatoa.com\/ro\/"},{"@type":"ListItem","position":2,"name":"Shop","item":"https:\/\/shopatoa.com\/ro\/shop\/"},{"@type":"ListItem","position":3,"name":"BaByliss PRO Styler titan-turmalina 18 mm BAB289TTE"}]},{"@type":"WebSite","@id":"https:\/\/shopatoa.com\/ro\/#website","url":"https:\/\/shopatoa.com\/ro\/","name":"SHOPATOA","description":"","publisher":{"@id":"https:\/\/shopatoa.com\/ro\/#organization"},"potentialAction":[{"@type":"SearchAction","target":{"@type":"EntryPoint","urlTemplate":"https:\/\/shopatoa.com\/ro\/?s={search_term_string}"},"query-input":{"@type":"PropertyValueSpecification","valueRequired":true,"valueName":"search_term_string"}}],"inLanguage":"ro-RO"},{"@type":"Organization","@id":"https:\/\/shopatoa.com\/ro\/#organization","name":"SHOPATOA","url":"https:\/\/shopatoa.com\/ro\/","logo":{"@type":"ImageObject","inLanguage":"ro-RO","@id":"https:\/\/shopatoa.com\/ro\/#\/schema\/logo\/image\/","url":"https:\/\/storage.googleapis.com\/cz-shopatoa-img\/ro\/b4dac915-shopatoa_logo.png","contentUrl":"https:\/\/storage.googleapis.com\/cz-shopatoa-img\/ro\/b4dac915-shopatoa_logo.png","width":416,"height":63,"caption":"SHOPATOA"},"image":{"@id":"https:\/\/shopatoa.com\/ro\/#\/schema\/logo\/image\/"}}]}},"_links":{"self":[{"href":"https:\/\/shopatoa.com\/ro\/wp-json\/wp\/v2\/product\/360372","targetHints":{"allow":["GET"]}}],"collection":[{"href":"https:\/\/shopatoa.com\/ro\/wp-json\/wp\/v2\/product"}],"about":[{"href":"https:\/\/shopatoa.com\/ro\/wp-json\/wp\/v2\/types\/product"}],"replies":[{"embeddable":true,"href":"https:\/\/shopatoa.com\/ro\/wp-json\/wp\/v2\/comments?post=360372"}],"wp:featuredmedia":[{"embeddable":true,"href":"https:\/\/shopatoa.com\/ro\/wp-json\/wp\/v2\/media\/360374"}],"wp:attachment":[{"href":"https:\/\/shopatoa.com\/ro\/wp-json\/wp\/v2\/media?parent=360372"}],"wp:term":[{"taxonomy":"product_brand","embeddable":true,"href":"https:\/\/shopatoa.com\/ro\/wp-json\/wp\/v2\/product_brand?post=360372"},{"taxonomy":"product_cat","embeddable":true,"href":"https:\/\/shopatoa.com\/ro\/wp-json\/wp\/v2\/product_cat?post=360372"},{"taxonomy":"product_tag","embeddable":true,"href":"https:\/\/shopatoa.com\/ro\/wp-json\/wp\/v2\/product_tag?post=360372"}],"curies":[{"name":"wp","href":"https:\/\/api.w.org\/{rel}","templated":true}]}}