{"id":360382,"date":"2025-05-21T18:30:15","date_gmt":"2025-05-21T16:30:15","guid":{"rendered":"https:\/\/shopatoa.com\/ro\/babyliss-pro-masina-profesionala-reincarcabila-cu-corp-integral-din-metal-fx8700rge-2\/"},"modified":"2025-05-21T18:31:44","modified_gmt":"2025-05-21T16:31:44","slug":"babyliss-pro-masina-profesionala-reincarcabila-cu-corp-integral-din-metal-fx8700rge-2","status":"publish","type":"product","link":"https:\/\/shopatoa.com\/ro\/babyliss-pro-masina-profesionala-reincarcabila-cu-corp-integral-din-metal-fx8700rge-2\/","title":{"rendered":"BaByliss PRO Ma\u0219in\u0103 profesional\u0103 re\u00eenc\u0103rcabil\u0103 cu corp integral din metal FX8700RGE"},"content":{"rendered":"<p>Ma\u0219in\u0103 profesional\u0103 re\u00eenc\u0103rcabil\u0103 cu corp integral din metal. Cu un design elegant, echilibru perfect pentru manevrare u\u0219oar\u0103 \u0219i performan\u021be excelente, aceast\u0103 ma\u0219ina este cea mai bun\u0103 alegere pentru profesioni\u0219ti. Bara de t\u0103iere reglabil\u0103 din o\u021bel japonez \u0219i motorul digital electronic de mare vitez\u0103 v\u0103 permit s\u0103 ob\u021bine\u021bi performan\u021be excelente de t\u0103iere \u0219i un control precis. Bateria cu litiu cu \u00eenc\u0103rcare rapid\u0103 ofer\u0103 p\u00e2n\u0103 la 2 ore de utilizare f\u0103r\u0103 fir! 3 ore pentru a \u00eenc\u0103rca complet. Bara de t\u0103iere de 45 mm construit\u0103 cu precizie din o\u021bel japonez cu finisaj nichel-titan \u0219i un unghi de t\u0103iere foarte ascu\u021bit este ideal\u0103 pentru t\u0103ieri precise \u00een jurul g\u00e2tului, al b\u0103rbii \u0219i, de asemenea, \u00een jurul urechilor. Tehnologia avansat\u0103 a motorului digital controlat electronic ofer\u0103 greutate mai mic\u0103, vibra\u021bii sc\u0103zute, consum mai mic de energie, durat\u0103 de via\u021b\u0103 mai lung\u0103 \u0219i zgomot mai redus. Corpul total metalic al mi\u0219c\u0103rii este perfect echilibrat, suprafa\u021ba este anti-alunecare, ceea ce asigur\u0103 o manevrare confortabil\u0103. Datorit\u0103 caracteristicilor sale tehnice excelente, ma\u0219ina este u\u0219oar\u0103, silen\u021bioas\u0103 \u0219i puternic\u0103.<\/p>\n","protected":false},"excerpt":{"rendered":"<p>Ma\u0219in\u0103 profesional\u0103 re\u00eenc\u0103rcabil\u0103 cu corp integral din metal. Cu un design elegant, echilibru perfect pentru manevrare u\u0219oar\u0103 \u0219i performan\u021be excelente, aceast\u0103 ma\u0219ina este cea mai bun\u0103 alegere pentru profesioni\u0219ti. Bara de t\u0103iere reglabil\u0103 din o\u021bel japonez \u0219i motorul digital electronic de mare vitez\u0103 v\u0103 permit s\u0103 ob\u021bine\u021bi performan\u021be excelente de t\u0103iere \u0219i un control precis&#8230;.<\/p>\n","protected":false},"featured_media":360384,"comment_status":"closed","ping_status":"open","template":"","meta":{"_acf_changed":false,"_kadence_starter_templates_imported_post":false,"_kad_post_transparent":"","_kad_post_title":"","_kad_post_layout":"","_kad_post_sidebar_id":"","_kad_post_content_style":"","_kad_post_vertical_padding":"","_kad_post_feature":"","_kad_post_feature_position":"","_kad_post_header":false,"_kad_post_footer":false,"_kad_post_classname":""},"product_brand":[412],"product_cat":[763,246,623,624],"product_tag":[],"class_list":{"0":"post-360382","1":"product","2":"type-product","3":"status-publish","4":"has-post-thumbnail","6":"product_brand-babyliss-pro","7":"product_cat-aparate-de-tuns","8":"product_cat-cosmetice","9":"product_cat-produse-cosmetice-pentru-par","10":"product_cat-produse-aparate-si-accesorii-pentru-par","12":"first","13":"instock","14":"product-type-external","15":"entry","16":"content-bg","17":"loop-entry"},"acf":[],"yoast_head":"<!-- This site is optimized with the Yoast SEO plugin v27.4 - https:\/\/yoast.com\/product\/yoast-seo-wordpress\/ -->\n<title>BaByliss PRO Ma\u0219in\u0103 profesional\u0103 re\u00eenc\u0103rcabil\u0103 cu corp integral din metal FX8700RGE - SHOPATOA.COM<\/title>\n<meta name=\"robots\" content=\"index, follow, max-snippet:-1, max-image-preview:large, max-video-preview:-1\" \/>\n<link rel=\"canonical\" href=\"https:\/\/shopatoa.com\/ro\/babyliss-pro-masina-profesionala-reincarcabila-cu-corp-integral-din-metal-fx8700rge-2\/\" \/>\n<meta property=\"og:locale\" content=\"ro_RO\" \/>\n<meta property=\"og:type\" content=\"article\" \/>\n<meta property=\"og:title\" content=\"BaByliss PRO Ma\u0219in\u0103 profesional\u0103 re\u00eenc\u0103rcabil\u0103 cu corp integral din metal FX8700RGE - SHOPATOA.COM\" \/>\n<meta property=\"og:description\" content=\"Ma\u0219in\u0103 profesional\u0103 re\u00eenc\u0103rcabil\u0103 cu corp integral din metal. Cu un design elegant, echilibru perfect pentru manevrare u\u0219oar\u0103 \u0219i performan\u021be excelente, aceast\u0103 ma\u0219ina este cea mai bun\u0103 alegere pentru profesioni\u0219ti. Bara de t\u0103iere reglabil\u0103 din o\u021bel japonez \u0219i motorul digital electronic de mare vitez\u0103 v\u0103 permit s\u0103 ob\u021bine\u021bi performan\u021be excelente de t\u0103iere \u0219i un control precis....\" \/>\n<meta property=\"og:url\" content=\"https:\/\/shopatoa.com\/ro\/babyliss-pro-masina-profesionala-reincarcabila-cu-corp-integral-din-metal-fx8700rge-2\/\" \/>\n<meta property=\"og:site_name\" content=\"SHOPATOA\" \/>\n<meta property=\"article:modified_time\" content=\"2025-05-21T16:31:44+00:00\" \/>\n<meta property=\"og:image\" content=\"https:\/\/storage.googleapis.com\/cz-shopatoa-img\/ro\/0ad98cc7-unnamed-file.webp\" \/>\n\t<meta property=\"og:image:width\" content=\"800\" \/>\n\t<meta property=\"og:image:height\" content=\"800\" \/>\n\t<meta property=\"og:image:type\" content=\"image\/webp\" \/>\n<meta name=\"twitter:card\" content=\"summary_large_image\" \/>\n<meta name=\"twitter:label1\" content=\"Timp estimat pentru citire\" \/>\n\t<meta name=\"twitter:data1\" content=\"1 minut\" \/>\n<script type=\"application\/ld+json\" class=\"yoast-schema-graph\">{\"@context\":\"https:\\\/\\\/schema.org\",\"@graph\":[{\"@type\":\"WebPage\",\"@id\":\"https:\\\/\\\/shopatoa.com\\\/ro\\\/babyliss-pro-masina-profesionala-reincarcabila-cu-corp-integral-din-metal-fx8700rge-2\\\/\",\"url\":\"https:\\\/\\\/shopatoa.com\\\/ro\\\/babyliss-pro-masina-profesionala-reincarcabila-cu-corp-integral-din-metal-fx8700rge-2\\\/\",\"name\":\"BaByliss PRO Ma\u0219in\u0103 profesional\u0103 re\u00eenc\u0103rcabil\u0103 cu corp integral din metal FX8700RGE - SHOPATOA.COM\",\"isPartOf\":{\"@id\":\"https:\\\/\\\/shopatoa.com\\\/ro\\\/#website\"},\"primaryImageOfPage\":{\"@id\":\"https:\\\/\\\/shopatoa.com\\\/ro\\\/babyliss-pro-masina-profesionala-reincarcabila-cu-corp-integral-din-metal-fx8700rge-2\\\/#primaryimage\"},\"image\":{\"@id\":\"https:\\\/\\\/shopatoa.com\\\/ro\\\/babyliss-pro-masina-profesionala-reincarcabila-cu-corp-integral-din-metal-fx8700rge-2\\\/#primaryimage\"},\"thumbnailUrl\":\"https:\\\/\\\/storage.googleapis.com\\\/cz-shopatoa-img\\\/ro\\\/0ad98cc7-unnamed-file.webp\",\"datePublished\":\"2025-05-21T16:30:15+00:00\",\"dateModified\":\"2025-05-21T16:31:44+00:00\",\"breadcrumb\":{\"@id\":\"https:\\\/\\\/shopatoa.com\\\/ro\\\/babyliss-pro-masina-profesionala-reincarcabila-cu-corp-integral-din-metal-fx8700rge-2\\\/#breadcrumb\"},\"inLanguage\":\"ro-RO\",\"potentialAction\":[{\"@type\":\"ReadAction\",\"target\":[\"https:\\\/\\\/shopatoa.com\\\/ro\\\/babyliss-pro-masina-profesionala-reincarcabila-cu-corp-integral-din-metal-fx8700rge-2\\\/\"]}]},{\"@type\":\"ImageObject\",\"inLanguage\":\"ro-RO\",\"@id\":\"https:\\\/\\\/shopatoa.com\\\/ro\\\/babyliss-pro-masina-profesionala-reincarcabila-cu-corp-integral-din-metal-fx8700rge-2\\\/#primaryimage\",\"url\":\"https:\\\/\\\/storage.googleapis.com\\\/cz-shopatoa-img\\\/ro\\\/0ad98cc7-unnamed-file.webp\",\"contentUrl\":\"https:\\\/\\\/storage.googleapis.com\\\/cz-shopatoa-img\\\/ro\\\/0ad98cc7-unnamed-file.webp\",\"width\":800,\"height\":800},{\"@type\":\"BreadcrumbList\",\"@id\":\"https:\\\/\\\/shopatoa.com\\\/ro\\\/babyliss-pro-masina-profesionala-reincarcabila-cu-corp-integral-din-metal-fx8700rge-2\\\/#breadcrumb\",\"itemListElement\":[{\"@type\":\"ListItem\",\"position\":1,\"name\":\"Dom\u016f\",\"item\":\"https:\\\/\\\/shopatoa.com\\\/ro\\\/\"},{\"@type\":\"ListItem\",\"position\":2,\"name\":\"Shop\",\"item\":\"https:\\\/\\\/shopatoa.com\\\/ro\\\/shop\\\/\"},{\"@type\":\"ListItem\",\"position\":3,\"name\":\"BaByliss PRO Ma\u0219in\u0103 profesional\u0103 re\u00eenc\u0103rcabil\u0103 cu corp integral din metal FX8700RGE\"}]},{\"@type\":\"WebSite\",\"@id\":\"https:\\\/\\\/shopatoa.com\\\/ro\\\/#website\",\"url\":\"https:\\\/\\\/shopatoa.com\\\/ro\\\/\",\"name\":\"SHOPATOA\",\"description\":\"\",\"publisher\":{\"@id\":\"https:\\\/\\\/shopatoa.com\\\/ro\\\/#organization\"},\"potentialAction\":[{\"@type\":\"SearchAction\",\"target\":{\"@type\":\"EntryPoint\",\"urlTemplate\":\"https:\\\/\\\/shopatoa.com\\\/ro\\\/?s={search_term_string}\"},\"query-input\":{\"@type\":\"PropertyValueSpecification\",\"valueRequired\":true,\"valueName\":\"search_term_string\"}}],\"inLanguage\":\"ro-RO\"},{\"@type\":\"Organization\",\"@id\":\"https:\\\/\\\/shopatoa.com\\\/ro\\\/#organization\",\"name\":\"SHOPATOA\",\"url\":\"https:\\\/\\\/shopatoa.com\\\/ro\\\/\",\"logo\":{\"@type\":\"ImageObject\",\"inLanguage\":\"ro-RO\",\"@id\":\"https:\\\/\\\/shopatoa.com\\\/ro\\\/#\\\/schema\\\/logo\\\/image\\\/\",\"url\":\"https:\\\/\\\/storage.googleapis.com\\\/cz-shopatoa-img\\\/ro\\\/b4dac915-shopatoa_logo.png\",\"contentUrl\":\"https:\\\/\\\/storage.googleapis.com\\\/cz-shopatoa-img\\\/ro\\\/b4dac915-shopatoa_logo.png\",\"width\":416,\"height\":63,\"caption\":\"SHOPATOA\"},\"image\":{\"@id\":\"https:\\\/\\\/shopatoa.com\\\/ro\\\/#\\\/schema\\\/logo\\\/image\\\/\"}}]}<\/script>\n<!-- \/ Yoast SEO plugin. -->","yoast_head_json":{"title":"BaByliss PRO Ma\u0219in\u0103 profesional\u0103 re\u00eenc\u0103rcabil\u0103 cu corp integral din metal FX8700RGE - SHOPATOA.COM","robots":{"index":"index","follow":"follow","max-snippet":"max-snippet:-1","max-image-preview":"max-image-preview:large","max-video-preview":"max-video-preview:-1"},"canonical":"https:\/\/shopatoa.com\/ro\/babyliss-pro-masina-profesionala-reincarcabila-cu-corp-integral-din-metal-fx8700rge-2\/","og_locale":"ro_RO","og_type":"article","og_title":"BaByliss PRO Ma\u0219in\u0103 profesional\u0103 re\u00eenc\u0103rcabil\u0103 cu corp integral din metal FX8700RGE - SHOPATOA.COM","og_description":"Ma\u0219in\u0103 profesional\u0103 re\u00eenc\u0103rcabil\u0103 cu corp integral din metal. Cu un design elegant, echilibru perfect pentru manevrare u\u0219oar\u0103 \u0219i performan\u021be excelente, aceast\u0103 ma\u0219ina este cea mai bun\u0103 alegere pentru profesioni\u0219ti. Bara de t\u0103iere reglabil\u0103 din o\u021bel japonez \u0219i motorul digital electronic de mare vitez\u0103 v\u0103 permit s\u0103 ob\u021bine\u021bi performan\u021be excelente de t\u0103iere \u0219i un control precis....","og_url":"https:\/\/shopatoa.com\/ro\/babyliss-pro-masina-profesionala-reincarcabila-cu-corp-integral-din-metal-fx8700rge-2\/","og_site_name":"SHOPATOA","article_modified_time":"2025-05-21T16:31:44+00:00","og_image":[{"width":800,"height":800,"url":"https:\/\/storage.googleapis.com\/cz-shopatoa-img\/ro\/0ad98cc7-unnamed-file.webp","type":"image\/webp"}],"twitter_card":"summary_large_image","twitter_misc":{"Timp estimat pentru citire":"1 minut"},"schema":{"@context":"https:\/\/schema.org","@graph":[{"@type":"WebPage","@id":"https:\/\/shopatoa.com\/ro\/babyliss-pro-masina-profesionala-reincarcabila-cu-corp-integral-din-metal-fx8700rge-2\/","url":"https:\/\/shopatoa.com\/ro\/babyliss-pro-masina-profesionala-reincarcabila-cu-corp-integral-din-metal-fx8700rge-2\/","name":"BaByliss PRO Ma\u0219in\u0103 profesional\u0103 re\u00eenc\u0103rcabil\u0103 cu corp integral din metal FX8700RGE - SHOPATOA.COM","isPartOf":{"@id":"https:\/\/shopatoa.com\/ro\/#website"},"primaryImageOfPage":{"@id":"https:\/\/shopatoa.com\/ro\/babyliss-pro-masina-profesionala-reincarcabila-cu-corp-integral-din-metal-fx8700rge-2\/#primaryimage"},"image":{"@id":"https:\/\/shopatoa.com\/ro\/babyliss-pro-masina-profesionala-reincarcabila-cu-corp-integral-din-metal-fx8700rge-2\/#primaryimage"},"thumbnailUrl":"https:\/\/storage.googleapis.com\/cz-shopatoa-img\/ro\/0ad98cc7-unnamed-file.webp","datePublished":"2025-05-21T16:30:15+00:00","dateModified":"2025-05-21T16:31:44+00:00","breadcrumb":{"@id":"https:\/\/shopatoa.com\/ro\/babyliss-pro-masina-profesionala-reincarcabila-cu-corp-integral-din-metal-fx8700rge-2\/#breadcrumb"},"inLanguage":"ro-RO","potentialAction":[{"@type":"ReadAction","target":["https:\/\/shopatoa.com\/ro\/babyliss-pro-masina-profesionala-reincarcabila-cu-corp-integral-din-metal-fx8700rge-2\/"]}]},{"@type":"ImageObject","inLanguage":"ro-RO","@id":"https:\/\/shopatoa.com\/ro\/babyliss-pro-masina-profesionala-reincarcabila-cu-corp-integral-din-metal-fx8700rge-2\/#primaryimage","url":"https:\/\/storage.googleapis.com\/cz-shopatoa-img\/ro\/0ad98cc7-unnamed-file.webp","contentUrl":"https:\/\/storage.googleapis.com\/cz-shopatoa-img\/ro\/0ad98cc7-unnamed-file.webp","width":800,"height":800},{"@type":"BreadcrumbList","@id":"https:\/\/shopatoa.com\/ro\/babyliss-pro-masina-profesionala-reincarcabila-cu-corp-integral-din-metal-fx8700rge-2\/#breadcrumb","itemListElement":[{"@type":"ListItem","position":1,"name":"Dom\u016f","item":"https:\/\/shopatoa.com\/ro\/"},{"@type":"ListItem","position":2,"name":"Shop","item":"https:\/\/shopatoa.com\/ro\/shop\/"},{"@type":"ListItem","position":3,"name":"BaByliss PRO Ma\u0219in\u0103 profesional\u0103 re\u00eenc\u0103rcabil\u0103 cu corp integral din metal FX8700RGE"}]},{"@type":"WebSite","@id":"https:\/\/shopatoa.com\/ro\/#website","url":"https:\/\/shopatoa.com\/ro\/","name":"SHOPATOA","description":"","publisher":{"@id":"https:\/\/shopatoa.com\/ro\/#organization"},"potentialAction":[{"@type":"SearchAction","target":{"@type":"EntryPoint","urlTemplate":"https:\/\/shopatoa.com\/ro\/?s={search_term_string}"},"query-input":{"@type":"PropertyValueSpecification","valueRequired":true,"valueName":"search_term_string"}}],"inLanguage":"ro-RO"},{"@type":"Organization","@id":"https:\/\/shopatoa.com\/ro\/#organization","name":"SHOPATOA","url":"https:\/\/shopatoa.com\/ro\/","logo":{"@type":"ImageObject","inLanguage":"ro-RO","@id":"https:\/\/shopatoa.com\/ro\/#\/schema\/logo\/image\/","url":"https:\/\/storage.googleapis.com\/cz-shopatoa-img\/ro\/b4dac915-shopatoa_logo.png","contentUrl":"https:\/\/storage.googleapis.com\/cz-shopatoa-img\/ro\/b4dac915-shopatoa_logo.png","width":416,"height":63,"caption":"SHOPATOA"},"image":{"@id":"https:\/\/shopatoa.com\/ro\/#\/schema\/logo\/image\/"}}]}},"_links":{"self":[{"href":"https:\/\/shopatoa.com\/ro\/wp-json\/wp\/v2\/product\/360382","targetHints":{"allow":["GET"]}}],"collection":[{"href":"https:\/\/shopatoa.com\/ro\/wp-json\/wp\/v2\/product"}],"about":[{"href":"https:\/\/shopatoa.com\/ro\/wp-json\/wp\/v2\/types\/product"}],"replies":[{"embeddable":true,"href":"https:\/\/shopatoa.com\/ro\/wp-json\/wp\/v2\/comments?post=360382"}],"wp:featuredmedia":[{"embeddable":true,"href":"https:\/\/shopatoa.com\/ro\/wp-json\/wp\/v2\/media\/360384"}],"wp:attachment":[{"href":"https:\/\/shopatoa.com\/ro\/wp-json\/wp\/v2\/media?parent=360382"}],"wp:term":[{"taxonomy":"product_brand","embeddable":true,"href":"https:\/\/shopatoa.com\/ro\/wp-json\/wp\/v2\/product_brand?post=360382"},{"taxonomy":"product_cat","embeddable":true,"href":"https:\/\/shopatoa.com\/ro\/wp-json\/wp\/v2\/product_cat?post=360382"},{"taxonomy":"product_tag","embeddable":true,"href":"https:\/\/shopatoa.com\/ro\/wp-json\/wp\/v2\/product_tag?post=360382"}],"curies":[{"name":"wp","href":"https:\/\/api.w.org\/{rel}","templated":true}]}}