{"id":360389,"date":"2025-05-21T18:31:58","date_gmt":"2025-05-21T16:31:58","guid":{"rendered":"https:\/\/shopatoa.com\/ro\/babyliss-pro-masina-de-tuns-profesionala-lo-pro-fx726e-2\/"},"modified":"2025-05-21T18:32:05","modified_gmt":"2025-05-21T16:32:05","slug":"babyliss-pro-masina-de-tuns-profesionala-lo-pro-fx726e-2","status":"publish","type":"product","link":"https:\/\/shopatoa.com\/ro\/babyliss-pro-masina-de-tuns-profesionala-lo-pro-fx726e-2\/","title":{"rendered":"BaByliss PRO Ma\u0219in\u0103 de tuns profesional\u0103 LO-PRO FX726E"},"content":{"rendered":"<p>Designul ma\u0219inii LO-PROFX FX726E a fost reglat p\u00e2n\u0103 la ultimul detaliu, conform feedback-ului a sute de frizeri profesioni\u0219ti. \u00cen stil american, design sub\u021bire din metal, cu modelare ergonomic\u0103, greutate ideal\u0103 \u0219i echilibru perfect, aceast\u0103 ma\u0219in\u0103 este cea mai bun\u0103 alegere pentru profesioni\u0219ti \u0219i se potrive\u0219te perfect \u00een m\u00e2n\u0103. Dac\u0103 dori\u021bi o ma\u0219in\u0103 grozav\u0103, atunci LO-PROFX FX726E este exact pentru dvs. \u00cencerca\u021bi-o \u0219i vede\u021bi singur cum func\u021bioneaz\u0103, f\u0103r\u0103 \u00eendoial\u0103 c\u0103 va fi grozav\u0103. Motor de mare performan\u021b\u0103 de mare vitez\u0103 6800 rpm cu o vitez\u0103 constant\u0103 de 13600 oscila\u021bii\/min Bateria cu litiu cu \u00eenc\u0103rcare rapid\u0103 de 3300 mAh ofer\u0103 p\u00e2n\u0103 la 4 ore de utilizare f\u0103r\u0103 fir! 3 ore pentru a \u00eenc\u0103rca complet. Indicator LED baterie desc\u0103rcat\u0103. Bara &#8222;T&#8221; din grafit de 45 mm 360\u00b0 cu un dinte ad\u00e2nc de 2 mm \u0219i posibilitatea de a seta \u00een\u0103l\u021bimea de t\u0103iere zero. Potrivita pentru p\u0103rul mai aspru \u0219i pielea mai pu\u021bin sensibil\u0103. Creeaz\u0103 linii curate. Care sunt avantajele barei de grafit? Frecare ultra sc\u0103zut\u0103 Durabilitate extrem\u0103 Temperatur\u0103 mai sc\u0103zut\u0103 \u2013 bara nu se supra\u00eenc\u0103lze\u0219te<\/p>\n","protected":false},"excerpt":{"rendered":"<p>Designul ma\u0219inii LO-PROFX FX726E a fost reglat p\u00e2n\u0103 la ultimul detaliu, conform feedback-ului a sute de frizeri profesioni\u0219ti. \u00cen stil american, design sub\u021bire din metal, cu modelare ergonomic\u0103, greutate ideal\u0103 \u0219i echilibru perfect, aceast\u0103 ma\u0219in\u0103 este cea mai bun\u0103 alegere pentru profesioni\u0219ti \u0219i se potrive\u0219te perfect \u00een m\u00e2n\u0103. Dac\u0103 dori\u021bi o ma\u0219in\u0103 grozav\u0103, atunci LO-PROFX&#8230;<\/p>\n","protected":false},"featured_media":360391,"comment_status":"closed","ping_status":"open","template":"","meta":{"_acf_changed":false,"_kadence_starter_templates_imported_post":false,"_kad_post_transparent":"","_kad_post_title":"","_kad_post_layout":"","_kad_post_sidebar_id":"","_kad_post_content_style":"","_kad_post_vertical_padding":"","_kad_post_feature":"","_kad_post_feature_position":"","_kad_post_header":false,"_kad_post_footer":false,"_kad_post_classname":""},"product_brand":[412],"product_cat":[763,246,623,624],"product_tag":[],"class_list":{"0":"post-360389","1":"product","2":"type-product","3":"status-publish","4":"has-post-thumbnail","6":"product_brand-babyliss-pro","7":"product_cat-aparate-de-tuns","8":"product_cat-cosmetice","9":"product_cat-produse-cosmetice-pentru-par","10":"product_cat-produse-aparate-si-accesorii-pentru-par","12":"first","13":"instock","14":"product-type-external","15":"entry","16":"content-bg","17":"loop-entry"},"acf":[],"yoast_head":"<!-- This site is optimized with the Yoast SEO plugin v27.4 - https:\/\/yoast.com\/product\/yoast-seo-wordpress\/ -->\n<title>BaByliss PRO Ma\u0219in\u0103 de tuns profesional\u0103 LO-PRO FX726E - SHOPATOA.COM<\/title>\n<meta name=\"robots\" content=\"index, follow, max-snippet:-1, max-image-preview:large, max-video-preview:-1\" \/>\n<link rel=\"canonical\" href=\"https:\/\/shopatoa.com\/ro\/babyliss-pro-masina-de-tuns-profesionala-lo-pro-fx726e-2\/\" \/>\n<meta property=\"og:locale\" content=\"ro_RO\" \/>\n<meta property=\"og:type\" content=\"article\" \/>\n<meta property=\"og:title\" content=\"BaByliss PRO Ma\u0219in\u0103 de tuns profesional\u0103 LO-PRO FX726E - SHOPATOA.COM\" \/>\n<meta property=\"og:description\" content=\"Designul ma\u0219inii LO-PROFX FX726E a fost reglat p\u00e2n\u0103 la ultimul detaliu, conform feedback-ului a sute de frizeri profesioni\u0219ti. \u00cen stil american, design sub\u021bire din metal, cu modelare ergonomic\u0103, greutate ideal\u0103 \u0219i echilibru perfect, aceast\u0103 ma\u0219in\u0103 este cea mai bun\u0103 alegere pentru profesioni\u0219ti \u0219i se potrive\u0219te perfect \u00een m\u00e2n\u0103. Dac\u0103 dori\u021bi o ma\u0219in\u0103 grozav\u0103, atunci LO-PROFX...\" \/>\n<meta property=\"og:url\" content=\"https:\/\/shopatoa.com\/ro\/babyliss-pro-masina-de-tuns-profesionala-lo-pro-fx726e-2\/\" \/>\n<meta property=\"og:site_name\" content=\"SHOPATOA\" \/>\n<meta property=\"article:modified_time\" content=\"2025-05-21T16:32:05+00:00\" \/>\n<meta property=\"og:image\" content=\"https:\/\/storage.googleapis.com\/cz-shopatoa-img\/ro\/c1b5f676-unnamed-file.webp\" \/>\n\t<meta property=\"og:image:width\" content=\"800\" \/>\n\t<meta property=\"og:image:height\" content=\"800\" \/>\n\t<meta property=\"og:image:type\" content=\"image\/webp\" \/>\n<meta name=\"twitter:card\" content=\"summary_large_image\" \/>\n<meta name=\"twitter:label1\" content=\"Timp estimat pentru citire\" \/>\n\t<meta name=\"twitter:data1\" content=\"1 minut\" \/>\n<script type=\"application\/ld+json\" class=\"yoast-schema-graph\">{\"@context\":\"https:\\\/\\\/schema.org\",\"@graph\":[{\"@type\":\"WebPage\",\"@id\":\"https:\\\/\\\/shopatoa.com\\\/ro\\\/babyliss-pro-masina-de-tuns-profesionala-lo-pro-fx726e-2\\\/\",\"url\":\"https:\\\/\\\/shopatoa.com\\\/ro\\\/babyliss-pro-masina-de-tuns-profesionala-lo-pro-fx726e-2\\\/\",\"name\":\"BaByliss PRO Ma\u0219in\u0103 de tuns profesional\u0103 LO-PRO FX726E - SHOPATOA.COM\",\"isPartOf\":{\"@id\":\"https:\\\/\\\/shopatoa.com\\\/ro\\\/#website\"},\"primaryImageOfPage\":{\"@id\":\"https:\\\/\\\/shopatoa.com\\\/ro\\\/babyliss-pro-masina-de-tuns-profesionala-lo-pro-fx726e-2\\\/#primaryimage\"},\"image\":{\"@id\":\"https:\\\/\\\/shopatoa.com\\\/ro\\\/babyliss-pro-masina-de-tuns-profesionala-lo-pro-fx726e-2\\\/#primaryimage\"},\"thumbnailUrl\":\"https:\\\/\\\/storage.googleapis.com\\\/cz-shopatoa-img\\\/ro\\\/c1b5f676-unnamed-file.webp\",\"datePublished\":\"2025-05-21T16:31:58+00:00\",\"dateModified\":\"2025-05-21T16:32:05+00:00\",\"breadcrumb\":{\"@id\":\"https:\\\/\\\/shopatoa.com\\\/ro\\\/babyliss-pro-masina-de-tuns-profesionala-lo-pro-fx726e-2\\\/#breadcrumb\"},\"inLanguage\":\"ro-RO\",\"potentialAction\":[{\"@type\":\"ReadAction\",\"target\":[\"https:\\\/\\\/shopatoa.com\\\/ro\\\/babyliss-pro-masina-de-tuns-profesionala-lo-pro-fx726e-2\\\/\"]}]},{\"@type\":\"ImageObject\",\"inLanguage\":\"ro-RO\",\"@id\":\"https:\\\/\\\/shopatoa.com\\\/ro\\\/babyliss-pro-masina-de-tuns-profesionala-lo-pro-fx726e-2\\\/#primaryimage\",\"url\":\"https:\\\/\\\/storage.googleapis.com\\\/cz-shopatoa-img\\\/ro\\\/c1b5f676-unnamed-file.webp\",\"contentUrl\":\"https:\\\/\\\/storage.googleapis.com\\\/cz-shopatoa-img\\\/ro\\\/c1b5f676-unnamed-file.webp\",\"width\":800,\"height\":800},{\"@type\":\"BreadcrumbList\",\"@id\":\"https:\\\/\\\/shopatoa.com\\\/ro\\\/babyliss-pro-masina-de-tuns-profesionala-lo-pro-fx726e-2\\\/#breadcrumb\",\"itemListElement\":[{\"@type\":\"ListItem\",\"position\":1,\"name\":\"Dom\u016f\",\"item\":\"https:\\\/\\\/shopatoa.com\\\/ro\\\/\"},{\"@type\":\"ListItem\",\"position\":2,\"name\":\"Shop\",\"item\":\"https:\\\/\\\/shopatoa.com\\\/ro\\\/shop\\\/\"},{\"@type\":\"ListItem\",\"position\":3,\"name\":\"BaByliss PRO Ma\u0219in\u0103 de tuns profesional\u0103 LO-PRO FX726E\"}]},{\"@type\":\"WebSite\",\"@id\":\"https:\\\/\\\/shopatoa.com\\\/ro\\\/#website\",\"url\":\"https:\\\/\\\/shopatoa.com\\\/ro\\\/\",\"name\":\"SHOPATOA\",\"description\":\"\",\"publisher\":{\"@id\":\"https:\\\/\\\/shopatoa.com\\\/ro\\\/#organization\"},\"potentialAction\":[{\"@type\":\"SearchAction\",\"target\":{\"@type\":\"EntryPoint\",\"urlTemplate\":\"https:\\\/\\\/shopatoa.com\\\/ro\\\/?s={search_term_string}\"},\"query-input\":{\"@type\":\"PropertyValueSpecification\",\"valueRequired\":true,\"valueName\":\"search_term_string\"}}],\"inLanguage\":\"ro-RO\"},{\"@type\":\"Organization\",\"@id\":\"https:\\\/\\\/shopatoa.com\\\/ro\\\/#organization\",\"name\":\"SHOPATOA\",\"url\":\"https:\\\/\\\/shopatoa.com\\\/ro\\\/\",\"logo\":{\"@type\":\"ImageObject\",\"inLanguage\":\"ro-RO\",\"@id\":\"https:\\\/\\\/shopatoa.com\\\/ro\\\/#\\\/schema\\\/logo\\\/image\\\/\",\"url\":\"https:\\\/\\\/storage.googleapis.com\\\/cz-shopatoa-img\\\/ro\\\/b4dac915-shopatoa_logo.png\",\"contentUrl\":\"https:\\\/\\\/storage.googleapis.com\\\/cz-shopatoa-img\\\/ro\\\/b4dac915-shopatoa_logo.png\",\"width\":416,\"height\":63,\"caption\":\"SHOPATOA\"},\"image\":{\"@id\":\"https:\\\/\\\/shopatoa.com\\\/ro\\\/#\\\/schema\\\/logo\\\/image\\\/\"}}]}<\/script>\n<!-- \/ Yoast SEO plugin. -->","yoast_head_json":{"title":"BaByliss PRO Ma\u0219in\u0103 de tuns profesional\u0103 LO-PRO FX726E - SHOPATOA.COM","robots":{"index":"index","follow":"follow","max-snippet":"max-snippet:-1","max-image-preview":"max-image-preview:large","max-video-preview":"max-video-preview:-1"},"canonical":"https:\/\/shopatoa.com\/ro\/babyliss-pro-masina-de-tuns-profesionala-lo-pro-fx726e-2\/","og_locale":"ro_RO","og_type":"article","og_title":"BaByliss PRO Ma\u0219in\u0103 de tuns profesional\u0103 LO-PRO FX726E - SHOPATOA.COM","og_description":"Designul ma\u0219inii LO-PROFX FX726E a fost reglat p\u00e2n\u0103 la ultimul detaliu, conform feedback-ului a sute de frizeri profesioni\u0219ti. \u00cen stil american, design sub\u021bire din metal, cu modelare ergonomic\u0103, greutate ideal\u0103 \u0219i echilibru perfect, aceast\u0103 ma\u0219in\u0103 este cea mai bun\u0103 alegere pentru profesioni\u0219ti \u0219i se potrive\u0219te perfect \u00een m\u00e2n\u0103. Dac\u0103 dori\u021bi o ma\u0219in\u0103 grozav\u0103, atunci LO-PROFX...","og_url":"https:\/\/shopatoa.com\/ro\/babyliss-pro-masina-de-tuns-profesionala-lo-pro-fx726e-2\/","og_site_name":"SHOPATOA","article_modified_time":"2025-05-21T16:32:05+00:00","og_image":[{"width":800,"height":800,"url":"https:\/\/storage.googleapis.com\/cz-shopatoa-img\/ro\/c1b5f676-unnamed-file.webp","type":"image\/webp"}],"twitter_card":"summary_large_image","twitter_misc":{"Timp estimat pentru citire":"1 minut"},"schema":{"@context":"https:\/\/schema.org","@graph":[{"@type":"WebPage","@id":"https:\/\/shopatoa.com\/ro\/babyliss-pro-masina-de-tuns-profesionala-lo-pro-fx726e-2\/","url":"https:\/\/shopatoa.com\/ro\/babyliss-pro-masina-de-tuns-profesionala-lo-pro-fx726e-2\/","name":"BaByliss PRO Ma\u0219in\u0103 de tuns profesional\u0103 LO-PRO FX726E - SHOPATOA.COM","isPartOf":{"@id":"https:\/\/shopatoa.com\/ro\/#website"},"primaryImageOfPage":{"@id":"https:\/\/shopatoa.com\/ro\/babyliss-pro-masina-de-tuns-profesionala-lo-pro-fx726e-2\/#primaryimage"},"image":{"@id":"https:\/\/shopatoa.com\/ro\/babyliss-pro-masina-de-tuns-profesionala-lo-pro-fx726e-2\/#primaryimage"},"thumbnailUrl":"https:\/\/storage.googleapis.com\/cz-shopatoa-img\/ro\/c1b5f676-unnamed-file.webp","datePublished":"2025-05-21T16:31:58+00:00","dateModified":"2025-05-21T16:32:05+00:00","breadcrumb":{"@id":"https:\/\/shopatoa.com\/ro\/babyliss-pro-masina-de-tuns-profesionala-lo-pro-fx726e-2\/#breadcrumb"},"inLanguage":"ro-RO","potentialAction":[{"@type":"ReadAction","target":["https:\/\/shopatoa.com\/ro\/babyliss-pro-masina-de-tuns-profesionala-lo-pro-fx726e-2\/"]}]},{"@type":"ImageObject","inLanguage":"ro-RO","@id":"https:\/\/shopatoa.com\/ro\/babyliss-pro-masina-de-tuns-profesionala-lo-pro-fx726e-2\/#primaryimage","url":"https:\/\/storage.googleapis.com\/cz-shopatoa-img\/ro\/c1b5f676-unnamed-file.webp","contentUrl":"https:\/\/storage.googleapis.com\/cz-shopatoa-img\/ro\/c1b5f676-unnamed-file.webp","width":800,"height":800},{"@type":"BreadcrumbList","@id":"https:\/\/shopatoa.com\/ro\/babyliss-pro-masina-de-tuns-profesionala-lo-pro-fx726e-2\/#breadcrumb","itemListElement":[{"@type":"ListItem","position":1,"name":"Dom\u016f","item":"https:\/\/shopatoa.com\/ro\/"},{"@type":"ListItem","position":2,"name":"Shop","item":"https:\/\/shopatoa.com\/ro\/shop\/"},{"@type":"ListItem","position":3,"name":"BaByliss PRO Ma\u0219in\u0103 de tuns profesional\u0103 LO-PRO FX726E"}]},{"@type":"WebSite","@id":"https:\/\/shopatoa.com\/ro\/#website","url":"https:\/\/shopatoa.com\/ro\/","name":"SHOPATOA","description":"","publisher":{"@id":"https:\/\/shopatoa.com\/ro\/#organization"},"potentialAction":[{"@type":"SearchAction","target":{"@type":"EntryPoint","urlTemplate":"https:\/\/shopatoa.com\/ro\/?s={search_term_string}"},"query-input":{"@type":"PropertyValueSpecification","valueRequired":true,"valueName":"search_term_string"}}],"inLanguage":"ro-RO"},{"@type":"Organization","@id":"https:\/\/shopatoa.com\/ro\/#organization","name":"SHOPATOA","url":"https:\/\/shopatoa.com\/ro\/","logo":{"@type":"ImageObject","inLanguage":"ro-RO","@id":"https:\/\/shopatoa.com\/ro\/#\/schema\/logo\/image\/","url":"https:\/\/storage.googleapis.com\/cz-shopatoa-img\/ro\/b4dac915-shopatoa_logo.png","contentUrl":"https:\/\/storage.googleapis.com\/cz-shopatoa-img\/ro\/b4dac915-shopatoa_logo.png","width":416,"height":63,"caption":"SHOPATOA"},"image":{"@id":"https:\/\/shopatoa.com\/ro\/#\/schema\/logo\/image\/"}}]}},"_links":{"self":[{"href":"https:\/\/shopatoa.com\/ro\/wp-json\/wp\/v2\/product\/360389","targetHints":{"allow":["GET"]}}],"collection":[{"href":"https:\/\/shopatoa.com\/ro\/wp-json\/wp\/v2\/product"}],"about":[{"href":"https:\/\/shopatoa.com\/ro\/wp-json\/wp\/v2\/types\/product"}],"replies":[{"embeddable":true,"href":"https:\/\/shopatoa.com\/ro\/wp-json\/wp\/v2\/comments?post=360389"}],"wp:featuredmedia":[{"embeddable":true,"href":"https:\/\/shopatoa.com\/ro\/wp-json\/wp\/v2\/media\/360391"}],"wp:attachment":[{"href":"https:\/\/shopatoa.com\/ro\/wp-json\/wp\/v2\/media?parent=360389"}],"wp:term":[{"taxonomy":"product_brand","embeddable":true,"href":"https:\/\/shopatoa.com\/ro\/wp-json\/wp\/v2\/product_brand?post=360389"},{"taxonomy":"product_cat","embeddable":true,"href":"https:\/\/shopatoa.com\/ro\/wp-json\/wp\/v2\/product_cat?post=360389"},{"taxonomy":"product_tag","embeddable":true,"href":"https:\/\/shopatoa.com\/ro\/wp-json\/wp\/v2\/product_tag?post=360389"}],"curies":[{"name":"wp","href":"https:\/\/api.w.org\/{rel}","templated":true}]}}