{"id":360403,"date":"2025-05-21T18:31:58","date_gmt":"2025-05-21T16:31:58","guid":{"rendered":"https:\/\/shopatoa.com\/ro\/valera-uscator-de-par-profesional-swiss-steel-master-digital-chrome-2\/"},"modified":"2025-05-21T18:32:43","modified_gmt":"2025-05-21T16:32:43","slug":"valera-uscator-de-par-profesional-swiss-steel-master-digital-chrome-2","status":"publish","type":"product","link":"https:\/\/shopatoa.com\/ro\/valera-uscator-de-par-profesional-swiss-steel-master-digital-chrome-2\/","title":{"rendered":"Valera Usc\u0103tor de p\u0103r profesional Swiss Steel-Master Digital Chrome"},"content":{"rendered":"<p>Usc\u0103tor de p\u0103r profesional cu motor puternic BLDC-ENDURO-X f\u0103r\u0103 c\u0103rbune &#8211; \u00een interiorul fiec\u0103rui motor clasic exist\u0103 carboni care cauzeaz\u0103 frecare \u0219i se uzeaz\u0103 \u00een timp. Odat\u0103 ce ace\u0219ti carboni se uzeaz\u0103, motorul se va defecta. \u00cen motorul ENDURO, ace\u0219ti carboni au fost \u00eenlocui\u021bi cu patru magne\u021bi puternici din p\u0103m\u00e2nturi rare, ceea ce a f\u0103cut posibil\u0103 ob\u021binerea unui motor mai u\u0219or, care are o durat\u0103 de via\u021b\u0103 de 5 ori mai mare dec\u00e2t un motor AC &#8211; p\u00e2n\u0103 la 10.000 de ore. Func\u021bii de ionizare &#8211; ionii \u00eenc\u0103rca\u021bi negativ sunt particule care purific\u0103 aerul. Sunt din bel\u0219ug \u00een natur\u0103 dup\u0103 o furtun\u0103, c\u00e2nd aerul este mai curat \u0219i revitalizant. Usc\u0103toarele de p\u0103r cu func\u021bie de ionizare au un generator care produce milioane de ioni negativi de cur\u0103\u021bare, ceea ce face ca p\u0103rul s\u0103 r\u0103m\u00e2n\u0103 hidratat. Hidratarea previne \u00eencre\u021birea p\u0103rului, are efecte regenerative, las\u0103 p\u0103rul moale, str\u0103lucitor, u\u0219or de piept\u0103nat \u0219i \u00eei m\u0103re\u0219te volumul. COLORCARE \u2013 p\u0103rul vopsit tinde s\u0103 se usuce la aer cald \u0219i s\u0103-\u0219i piard\u0103 str\u0103lucirea, usc\u0103torul de p\u0103r cu marca COLORCARE protejeaz\u0103 p\u0103rul de pierderea culorii, str\u0103lucirii, usc\u0103ciunii \u0219i \u00eel men\u021bin vital pentru o lung\u0103 perioad\u0103 de timp. 1. formarea de ioni negativi pentru hidratarea p\u0103rului, 2. uscare mai bun\u0103 la o temperatur\u0103 mai sc\u0103zut\u0103, \u00een principal datorit\u0103 fluxului rapid de aer, care accelereaz\u0103 uscarea chiar \u0219i la o temperatur\u0103 mai sc\u0103zut\u0103, 3. niveluri de setare a temperaturii. Cablu profesional de 3 m cu sistem Rotocord . Rotocord este o inova\u021bie revolu\u021bionar\u0103 brevetat\u0103 care permite rotirea cablului la 360\u00b0, ceea ce previne \u00eencurcarea \u0219i deteriorarea cablului \u0219i faciliteaz\u0103 manevrarea usc\u0103torului de p\u0103r. Rotocord este o noutate mondial\u0103 care a fost dezvoltat\u0103 \u0219i fabricat\u0103 sub marca Valera. Element de \u00eenc\u0103lzire de siguran\u021b\u0103 cu structur\u0103 ondulat\u0103 &#8211; acest tip de element de \u00eenc\u0103lzire se caracterizeaz\u0103 prin calitate \u00eenalt\u0103, siguran\u021b\u0103, temperatur\u0103 constant\u0103 a aerului \u0219i, de asemenea, are o durat\u0103 de via\u021b\u0103 mai lung\u0103 dec\u00e2t elementul de \u00eenc\u0103lzire spiral\u0103 obi\u0219nuit Tehnologia Smart Airflow \u2013 aceast\u0103 tehnologie optimizeaz\u0103 fluxul de aer prin usc\u0103torul de p\u0103r de la filtrul din spate, de unde este aspirat aerul, p\u00e2n\u0103 la deschiderea frontal\u0103, de unde iese aerul. Tehnologia Smart Airflow permite usc\u0103toarelor de p\u0103r s\u0103 ating\u0103 caracteristici de performan\u021b\u0103 excelente &#8211; conversia energiei (W), debitul de aer (m3\/h), presiunea aerului (Pa), viteza aerului (km\/h) \u0219i zgomot redus (dB(A)). Combina\u021bia acestor caracteristici este unic\u0103 pentru pia\u021ba actual\u0103. Touch me cool &#8211; 2 duze de aer ultra-\u00eenguste (6 \u0219i 7,5 cm) care r\u0103m\u00e2n reci chiar \u0219i atunci c\u00e2nd usc\u0103torul de p\u0103r este utilizat datorit\u0103 unui sistem special cu dou\u0103 straturi \u0219i pot fi manipulate cu u\u0219urin\u021b\u0103.<\/p>\n","protected":false},"excerpt":{"rendered":"<p>Usc\u0103tor de p\u0103r profesional cu motor puternic BLDC-ENDURO-X f\u0103r\u0103 c\u0103rbune &#8211; \u00een interiorul fiec\u0103rui motor clasic exist\u0103 carboni care cauzeaz\u0103 frecare \u0219i se uzeaz\u0103 \u00een timp. Odat\u0103 ce ace\u0219ti carboni se uzeaz\u0103, motorul se va defecta. \u00cen motorul ENDURO, ace\u0219ti carboni au fost \u00eenlocui\u021bi cu patru magne\u021bi puternici din p\u0103m\u00e2nturi rare, ceea ce a f\u0103cut&#8230;<\/p>\n","protected":false},"featured_media":360404,"comment_status":"closed","ping_status":"open","template":"","meta":{"_acf_changed":false,"_kadence_starter_templates_imported_post":false,"_kad_post_transparent":"","_kad_post_title":"","_kad_post_layout":"","_kad_post_sidebar_id":"","_kad_post_content_style":"","_kad_post_vertical_padding":"","_kad_post_feature":"","_kad_post_feature_position":"","_kad_post_header":false,"_kad_post_footer":false,"_kad_post_classname":""},"product_brand":[355],"product_cat":[246,623,624,762],"product_tag":[],"class_list":{"0":"post-360403","1":"product","2":"type-product","3":"status-publish","4":"has-post-thumbnail","6":"product_brand-valera","7":"product_cat-cosmetice","8":"product_cat-produse-cosmetice-pentru-par","9":"product_cat-produse-aparate-si-accesorii-pentru-par","10":"product_cat-uscatoare-de-par-fenuri","12":"first","13":"instock","14":"product-type-external","15":"entry","16":"content-bg","17":"loop-entry"},"acf":[],"yoast_head":"<!-- This site is optimized with the Yoast SEO plugin v27.4 - https:\/\/yoast.com\/product\/yoast-seo-wordpress\/ -->\n<title>Valera Usc\u0103tor de p\u0103r profesional Swiss Steel-Master Digital Chrome - SHOPATOA.COM<\/title>\n<meta name=\"robots\" content=\"index, follow, max-snippet:-1, max-image-preview:large, max-video-preview:-1\" \/>\n<link rel=\"canonical\" href=\"https:\/\/shopatoa.com\/ro\/valera-uscator-de-par-profesional-swiss-steel-master-digital-chrome-2\/\" \/>\n<meta property=\"og:locale\" content=\"ro_RO\" \/>\n<meta property=\"og:type\" content=\"article\" \/>\n<meta property=\"og:title\" content=\"Valera Usc\u0103tor de p\u0103r profesional Swiss Steel-Master Digital Chrome - SHOPATOA.COM\" \/>\n<meta property=\"og:description\" content=\"Usc\u0103tor de p\u0103r profesional cu motor puternic BLDC-ENDURO-X f\u0103r\u0103 c\u0103rbune &#8211; \u00een interiorul fiec\u0103rui motor clasic exist\u0103 carboni care cauzeaz\u0103 frecare \u0219i se uzeaz\u0103 \u00een timp. Odat\u0103 ce ace\u0219ti carboni se uzeaz\u0103, motorul se va defecta. \u00cen motorul ENDURO, ace\u0219ti carboni au fost \u00eenlocui\u021bi cu patru magne\u021bi puternici din p\u0103m\u00e2nturi rare, ceea ce a f\u0103cut...\" \/>\n<meta property=\"og:url\" content=\"https:\/\/shopatoa.com\/ro\/valera-uscator-de-par-profesional-swiss-steel-master-digital-chrome-2\/\" \/>\n<meta property=\"og:site_name\" content=\"SHOPATOA\" \/>\n<meta property=\"article:modified_time\" content=\"2025-05-21T16:32:43+00:00\" \/>\n<meta property=\"og:image\" content=\"https:\/\/storage.googleapis.com\/cz-shopatoa-img\/ro\/338b0504-unnamed-file.webp\" \/>\n\t<meta property=\"og:image:width\" content=\"800\" \/>\n\t<meta property=\"og:image:height\" content=\"800\" \/>\n\t<meta property=\"og:image:type\" content=\"image\/webp\" \/>\n<meta name=\"twitter:card\" content=\"summary_large_image\" \/>\n<meta name=\"twitter:label1\" content=\"Timp estimat pentru citire\" \/>\n\t<meta name=\"twitter:data1\" content=\"2 minute\" \/>\n<script type=\"application\/ld+json\" class=\"yoast-schema-graph\">{\"@context\":\"https:\\\/\\\/schema.org\",\"@graph\":[{\"@type\":\"WebPage\",\"@id\":\"https:\\\/\\\/shopatoa.com\\\/ro\\\/valera-uscator-de-par-profesional-swiss-steel-master-digital-chrome-2\\\/\",\"url\":\"https:\\\/\\\/shopatoa.com\\\/ro\\\/valera-uscator-de-par-profesional-swiss-steel-master-digital-chrome-2\\\/\",\"name\":\"Valera Usc\u0103tor de p\u0103r profesional Swiss Steel-Master Digital Chrome - SHOPATOA.COM\",\"isPartOf\":{\"@id\":\"https:\\\/\\\/shopatoa.com\\\/ro\\\/#website\"},\"primaryImageOfPage\":{\"@id\":\"https:\\\/\\\/shopatoa.com\\\/ro\\\/valera-uscator-de-par-profesional-swiss-steel-master-digital-chrome-2\\\/#primaryimage\"},\"image\":{\"@id\":\"https:\\\/\\\/shopatoa.com\\\/ro\\\/valera-uscator-de-par-profesional-swiss-steel-master-digital-chrome-2\\\/#primaryimage\"},\"thumbnailUrl\":\"https:\\\/\\\/storage.googleapis.com\\\/cz-shopatoa-img\\\/ro\\\/338b0504-unnamed-file.webp\",\"datePublished\":\"2025-05-21T16:31:58+00:00\",\"dateModified\":\"2025-05-21T16:32:43+00:00\",\"breadcrumb\":{\"@id\":\"https:\\\/\\\/shopatoa.com\\\/ro\\\/valera-uscator-de-par-profesional-swiss-steel-master-digital-chrome-2\\\/#breadcrumb\"},\"inLanguage\":\"ro-RO\",\"potentialAction\":[{\"@type\":\"ReadAction\",\"target\":[\"https:\\\/\\\/shopatoa.com\\\/ro\\\/valera-uscator-de-par-profesional-swiss-steel-master-digital-chrome-2\\\/\"]}]},{\"@type\":\"ImageObject\",\"inLanguage\":\"ro-RO\",\"@id\":\"https:\\\/\\\/shopatoa.com\\\/ro\\\/valera-uscator-de-par-profesional-swiss-steel-master-digital-chrome-2\\\/#primaryimage\",\"url\":\"https:\\\/\\\/storage.googleapis.com\\\/cz-shopatoa-img\\\/ro\\\/338b0504-unnamed-file.webp\",\"contentUrl\":\"https:\\\/\\\/storage.googleapis.com\\\/cz-shopatoa-img\\\/ro\\\/338b0504-unnamed-file.webp\",\"width\":800,\"height\":800},{\"@type\":\"BreadcrumbList\",\"@id\":\"https:\\\/\\\/shopatoa.com\\\/ro\\\/valera-uscator-de-par-profesional-swiss-steel-master-digital-chrome-2\\\/#breadcrumb\",\"itemListElement\":[{\"@type\":\"ListItem\",\"position\":1,\"name\":\"Dom\u016f\",\"item\":\"https:\\\/\\\/shopatoa.com\\\/ro\\\/\"},{\"@type\":\"ListItem\",\"position\":2,\"name\":\"Shop\",\"item\":\"https:\\\/\\\/shopatoa.com\\\/ro\\\/shop\\\/\"},{\"@type\":\"ListItem\",\"position\":3,\"name\":\"Valera Usc\u0103tor de p\u0103r profesional Swiss Steel-Master Digital Chrome\"}]},{\"@type\":\"WebSite\",\"@id\":\"https:\\\/\\\/shopatoa.com\\\/ro\\\/#website\",\"url\":\"https:\\\/\\\/shopatoa.com\\\/ro\\\/\",\"name\":\"SHOPATOA\",\"description\":\"\",\"publisher\":{\"@id\":\"https:\\\/\\\/shopatoa.com\\\/ro\\\/#organization\"},\"potentialAction\":[{\"@type\":\"SearchAction\",\"target\":{\"@type\":\"EntryPoint\",\"urlTemplate\":\"https:\\\/\\\/shopatoa.com\\\/ro\\\/?s={search_term_string}\"},\"query-input\":{\"@type\":\"PropertyValueSpecification\",\"valueRequired\":true,\"valueName\":\"search_term_string\"}}],\"inLanguage\":\"ro-RO\"},{\"@type\":\"Organization\",\"@id\":\"https:\\\/\\\/shopatoa.com\\\/ro\\\/#organization\",\"name\":\"SHOPATOA\",\"url\":\"https:\\\/\\\/shopatoa.com\\\/ro\\\/\",\"logo\":{\"@type\":\"ImageObject\",\"inLanguage\":\"ro-RO\",\"@id\":\"https:\\\/\\\/shopatoa.com\\\/ro\\\/#\\\/schema\\\/logo\\\/image\\\/\",\"url\":\"https:\\\/\\\/storage.googleapis.com\\\/cz-shopatoa-img\\\/ro\\\/b4dac915-shopatoa_logo.png\",\"contentUrl\":\"https:\\\/\\\/storage.googleapis.com\\\/cz-shopatoa-img\\\/ro\\\/b4dac915-shopatoa_logo.png\",\"width\":416,\"height\":63,\"caption\":\"SHOPATOA\"},\"image\":{\"@id\":\"https:\\\/\\\/shopatoa.com\\\/ro\\\/#\\\/schema\\\/logo\\\/image\\\/\"}}]}<\/script>\n<!-- \/ Yoast SEO plugin. -->","yoast_head_json":{"title":"Valera Usc\u0103tor de p\u0103r profesional Swiss Steel-Master Digital Chrome - SHOPATOA.COM","robots":{"index":"index","follow":"follow","max-snippet":"max-snippet:-1","max-image-preview":"max-image-preview:large","max-video-preview":"max-video-preview:-1"},"canonical":"https:\/\/shopatoa.com\/ro\/valera-uscator-de-par-profesional-swiss-steel-master-digital-chrome-2\/","og_locale":"ro_RO","og_type":"article","og_title":"Valera Usc\u0103tor de p\u0103r profesional Swiss Steel-Master Digital Chrome - SHOPATOA.COM","og_description":"Usc\u0103tor de p\u0103r profesional cu motor puternic BLDC-ENDURO-X f\u0103r\u0103 c\u0103rbune &#8211; \u00een interiorul fiec\u0103rui motor clasic exist\u0103 carboni care cauzeaz\u0103 frecare \u0219i se uzeaz\u0103 \u00een timp. Odat\u0103 ce ace\u0219ti carboni se uzeaz\u0103, motorul se va defecta. \u00cen motorul ENDURO, ace\u0219ti carboni au fost \u00eenlocui\u021bi cu patru magne\u021bi puternici din p\u0103m\u00e2nturi rare, ceea ce a f\u0103cut...","og_url":"https:\/\/shopatoa.com\/ro\/valera-uscator-de-par-profesional-swiss-steel-master-digital-chrome-2\/","og_site_name":"SHOPATOA","article_modified_time":"2025-05-21T16:32:43+00:00","og_image":[{"width":800,"height":800,"url":"https:\/\/storage.googleapis.com\/cz-shopatoa-img\/ro\/338b0504-unnamed-file.webp","type":"image\/webp"}],"twitter_card":"summary_large_image","twitter_misc":{"Timp estimat pentru citire":"2 minute"},"schema":{"@context":"https:\/\/schema.org","@graph":[{"@type":"WebPage","@id":"https:\/\/shopatoa.com\/ro\/valera-uscator-de-par-profesional-swiss-steel-master-digital-chrome-2\/","url":"https:\/\/shopatoa.com\/ro\/valera-uscator-de-par-profesional-swiss-steel-master-digital-chrome-2\/","name":"Valera Usc\u0103tor de p\u0103r profesional Swiss Steel-Master Digital Chrome - SHOPATOA.COM","isPartOf":{"@id":"https:\/\/shopatoa.com\/ro\/#website"},"primaryImageOfPage":{"@id":"https:\/\/shopatoa.com\/ro\/valera-uscator-de-par-profesional-swiss-steel-master-digital-chrome-2\/#primaryimage"},"image":{"@id":"https:\/\/shopatoa.com\/ro\/valera-uscator-de-par-profesional-swiss-steel-master-digital-chrome-2\/#primaryimage"},"thumbnailUrl":"https:\/\/storage.googleapis.com\/cz-shopatoa-img\/ro\/338b0504-unnamed-file.webp","datePublished":"2025-05-21T16:31:58+00:00","dateModified":"2025-05-21T16:32:43+00:00","breadcrumb":{"@id":"https:\/\/shopatoa.com\/ro\/valera-uscator-de-par-profesional-swiss-steel-master-digital-chrome-2\/#breadcrumb"},"inLanguage":"ro-RO","potentialAction":[{"@type":"ReadAction","target":["https:\/\/shopatoa.com\/ro\/valera-uscator-de-par-profesional-swiss-steel-master-digital-chrome-2\/"]}]},{"@type":"ImageObject","inLanguage":"ro-RO","@id":"https:\/\/shopatoa.com\/ro\/valera-uscator-de-par-profesional-swiss-steel-master-digital-chrome-2\/#primaryimage","url":"https:\/\/storage.googleapis.com\/cz-shopatoa-img\/ro\/338b0504-unnamed-file.webp","contentUrl":"https:\/\/storage.googleapis.com\/cz-shopatoa-img\/ro\/338b0504-unnamed-file.webp","width":800,"height":800},{"@type":"BreadcrumbList","@id":"https:\/\/shopatoa.com\/ro\/valera-uscator-de-par-profesional-swiss-steel-master-digital-chrome-2\/#breadcrumb","itemListElement":[{"@type":"ListItem","position":1,"name":"Dom\u016f","item":"https:\/\/shopatoa.com\/ro\/"},{"@type":"ListItem","position":2,"name":"Shop","item":"https:\/\/shopatoa.com\/ro\/shop\/"},{"@type":"ListItem","position":3,"name":"Valera Usc\u0103tor de p\u0103r profesional Swiss Steel-Master Digital Chrome"}]},{"@type":"WebSite","@id":"https:\/\/shopatoa.com\/ro\/#website","url":"https:\/\/shopatoa.com\/ro\/","name":"SHOPATOA","description":"","publisher":{"@id":"https:\/\/shopatoa.com\/ro\/#organization"},"potentialAction":[{"@type":"SearchAction","target":{"@type":"EntryPoint","urlTemplate":"https:\/\/shopatoa.com\/ro\/?s={search_term_string}"},"query-input":{"@type":"PropertyValueSpecification","valueRequired":true,"valueName":"search_term_string"}}],"inLanguage":"ro-RO"},{"@type":"Organization","@id":"https:\/\/shopatoa.com\/ro\/#organization","name":"SHOPATOA","url":"https:\/\/shopatoa.com\/ro\/","logo":{"@type":"ImageObject","inLanguage":"ro-RO","@id":"https:\/\/shopatoa.com\/ro\/#\/schema\/logo\/image\/","url":"https:\/\/storage.googleapis.com\/cz-shopatoa-img\/ro\/b4dac915-shopatoa_logo.png","contentUrl":"https:\/\/storage.googleapis.com\/cz-shopatoa-img\/ro\/b4dac915-shopatoa_logo.png","width":416,"height":63,"caption":"SHOPATOA"},"image":{"@id":"https:\/\/shopatoa.com\/ro\/#\/schema\/logo\/image\/"}}]}},"_links":{"self":[{"href":"https:\/\/shopatoa.com\/ro\/wp-json\/wp\/v2\/product\/360403","targetHints":{"allow":["GET"]}}],"collection":[{"href":"https:\/\/shopatoa.com\/ro\/wp-json\/wp\/v2\/product"}],"about":[{"href":"https:\/\/shopatoa.com\/ro\/wp-json\/wp\/v2\/types\/product"}],"replies":[{"embeddable":true,"href":"https:\/\/shopatoa.com\/ro\/wp-json\/wp\/v2\/comments?post=360403"}],"wp:featuredmedia":[{"embeddable":true,"href":"https:\/\/shopatoa.com\/ro\/wp-json\/wp\/v2\/media\/360404"}],"wp:attachment":[{"href":"https:\/\/shopatoa.com\/ro\/wp-json\/wp\/v2\/media?parent=360403"}],"wp:term":[{"taxonomy":"product_brand","embeddable":true,"href":"https:\/\/shopatoa.com\/ro\/wp-json\/wp\/v2\/product_brand?post=360403"},{"taxonomy":"product_cat","embeddable":true,"href":"https:\/\/shopatoa.com\/ro\/wp-json\/wp\/v2\/product_cat?post=360403"},{"taxonomy":"product_tag","embeddable":true,"href":"https:\/\/shopatoa.com\/ro\/wp-json\/wp\/v2\/product_tag?post=360403"}],"curies":[{"name":"wp","href":"https:\/\/api.w.org\/{rel}","templated":true}]}}