{"id":360869,"date":"2025-05-21T18:53:36","date_gmt":"2025-05-21T16:53:36","guid":{"rendered":"https:\/\/shopatoa.com\/ro\/laifen-uscator-de-par-swift-special-matt-black-2\/"},"modified":"2025-05-21T18:54:42","modified_gmt":"2025-05-21T16:54:42","slug":"laifen-uscator-de-par-swift-special-matt-black-2","status":"publish","type":"product","link":"https:\/\/shopatoa.com\/ro\/laifen-uscator-de-par-swift-special-matt-black-2\/","title":{"rendered":"Laifen Usc\u0103tor de p\u0103r Swift Special Matt Black"},"content":{"rendered":"<p>Usc\u0103torul de p\u0103r Swift Special elegant, compact, dar puternic, este ceea ce a\u021bi c\u0103utat mereu \u00een rutina de \u00eengrijire a p\u0103rului. Tr\u0103im \u00eentr-o perioad\u0103 \u00een care fiecare minut conteaz\u0103, iar Laifen Swift Special este aici pentru a v\u0103 economisi timpul \u00een fiecare zi, f\u0103r\u0103 a compromite calitatea \u00eengrijirii p\u0103rului dumneavoastr\u0103. Cu o putere mare de intrare de 1600 W \u0219i un motor de \u00eenalt\u0103 performan\u021b\u0103 care ofer\u0103 p\u00e2n\u0103 la 110.000 rpm, acest usc\u0103tor de p\u0103r este capabil s\u0103 usuce p\u0103rul rapid \u0219i eficient, f\u0103r\u0103 a-l usca excesiv sau a-l deteriora. Tehnologia de ionizare, care genereaz\u0103 p\u00e2n\u0103 la 200 de milioane de ioni negativi\/m^3, reprezint\u0103 o adev\u0103rat\u0103 descoperire \u00een \u00eengrijirea p\u0103rului. Aceast\u0103 tehnologie nu numai c\u0103 reduce \u00eencre\u021birea \u0219i previne uscarea excesiv\u0103, dar \u0219i las\u0103 p\u0103rul neted, str\u0103lucitor \u0219i plin de via\u021b\u0103. Indiferent de tipul de p\u0103r ai, Laifen Swift Special \u00eel va face s\u0103 arate cel mai bine. Cu Laifen Swift Special, ave\u021bi la dispozi\u021bie 3 set\u0103ri de temperatur\u0103 \u0219i 2 viteze ale fluxului de aer, permi\u021b\u00e2ndu-v\u0103 s\u0103 adapta\u021bi uscarea la nevoile dumneavoastr\u0103 specifice. Indiferent dac\u0103 ave\u021bi nevoie de uscare rapid\u0103 la cea mai ridicat\u0103 temperatur\u0103 sau de \u00eengrijire bl\u00e2nd\u0103 la o temperatur\u0103 mai sc\u0103zut\u0103, acest usc\u0103tor de p\u0103r va face acest lucru. Datorit\u0103 ata\u0219amentelor furnizate, inclusiv dou\u0103 concentratoare \u0219i un difuzor, pute\u021bi experimenta apoi cu u\u0219urin\u021b\u0103 diferite coafuri. \u00cen plus, datorit\u0103 senzorului care monitorizeaz\u0103 temperatura de p\u00e2n\u0103 la 100 de ori pe secund\u0103, indicatorului LED de temperatur\u0103 \u0219i nivelului sc\u0103zut de zgomot de 59 dB, folosirea acestui usc\u0103tor de p\u0103r este extrem de confortabil\u0103 \u0219i intuitiv\u0103. Uscarea rapid\u0103 \u0219i eficient\u0103 datorit\u0103 consumului mare de intrare \u0219i a unui motor puternic &#8211; v\u0103 va economisi timpul \u00een fiecare diminea\u021b\u0103. Tehnologie de ionizare pentru un p\u0103r s\u0103n\u0103tos, neted \u0219i str\u0103lucitor, f\u0103r\u0103 \u00eencre\u021bire. Uscarea reglabil\u0103 cu 3 moduri de temperatur\u0103 \u0219i 2 viteze permite condi\u021bionarea perfect\u0103 pentru toate tipurile de p\u0103r. Accesorii pentru diferite stiluri &#8211; cu concentratoarele difuzoare, pute\u021bi crea cu u\u0219urin\u021b\u0103 o varietate de coafuri. Confort maxim \u00een timpul utiliz\u0103rii asigurat de func\u021bionare silen\u021bioas\u0103, construc\u021bie u\u0219oar\u0103 \u0219i indicator LED intuitiv.<\/p>\n","protected":false},"excerpt":{"rendered":"<p>Usc\u0103torul de p\u0103r Swift Special elegant, compact, dar puternic, este ceea ce a\u021bi c\u0103utat mereu \u00een rutina de \u00eengrijire a p\u0103rului. Tr\u0103im \u00eentr-o perioad\u0103 \u00een care fiecare minut conteaz\u0103, iar Laifen Swift Special este aici pentru a v\u0103 economisi timpul \u00een fiecare zi, f\u0103r\u0103 a compromite calitatea \u00eengrijirii p\u0103rului dumneavoastr\u0103. Cu o putere mare de&#8230;<\/p>\n","protected":false},"featured_media":360871,"comment_status":"closed","ping_status":"open","template":"","meta":{"_acf_changed":false,"_kadence_starter_templates_imported_post":false,"_kad_post_transparent":"","_kad_post_title":"","_kad_post_layout":"","_kad_post_sidebar_id":"","_kad_post_content_style":"","_kad_post_vertical_padding":"","_kad_post_feature":"","_kad_post_feature_position":"","_kad_post_header":false,"_kad_post_footer":false,"_kad_post_classname":""},"product_brand":[931],"product_cat":[246,623,624,762],"product_tag":[],"class_list":{"0":"post-360869","1":"product","2":"type-product","3":"status-publish","4":"has-post-thumbnail","6":"product_brand-laifen","7":"product_cat-cosmetice","8":"product_cat-produse-cosmetice-pentru-par","9":"product_cat-produse-aparate-si-accesorii-pentru-par","10":"product_cat-uscatoare-de-par-fenuri","12":"first","13":"instock","14":"product-type-external","15":"entry","16":"content-bg","17":"loop-entry"},"acf":[],"yoast_head":"<!-- This site is optimized with the Yoast SEO plugin v27.4 - https:\/\/yoast.com\/product\/yoast-seo-wordpress\/ -->\n<title>Laifen Usc\u0103tor de p\u0103r Swift Special Matt Black - SHOPATOA.COM<\/title>\n<meta name=\"robots\" content=\"index, follow, max-snippet:-1, max-image-preview:large, max-video-preview:-1\" \/>\n<link rel=\"canonical\" href=\"https:\/\/shopatoa.com\/ro\/laifen-uscator-de-par-swift-special-matt-black-2\/\" \/>\n<meta property=\"og:locale\" content=\"ro_RO\" \/>\n<meta property=\"og:type\" content=\"article\" \/>\n<meta property=\"og:title\" content=\"Laifen Usc\u0103tor de p\u0103r Swift Special Matt Black - SHOPATOA.COM\" \/>\n<meta property=\"og:description\" content=\"Usc\u0103torul de p\u0103r Swift Special elegant, compact, dar puternic, este ceea ce a\u021bi c\u0103utat mereu \u00een rutina de \u00eengrijire a p\u0103rului. Tr\u0103im \u00eentr-o perioad\u0103 \u00een care fiecare minut conteaz\u0103, iar Laifen Swift Special este aici pentru a v\u0103 economisi timpul \u00een fiecare zi, f\u0103r\u0103 a compromite calitatea \u00eengrijirii p\u0103rului dumneavoastr\u0103. Cu o putere mare de...\" \/>\n<meta property=\"og:url\" content=\"https:\/\/shopatoa.com\/ro\/laifen-uscator-de-par-swift-special-matt-black-2\/\" \/>\n<meta property=\"og:site_name\" content=\"SHOPATOA\" \/>\n<meta property=\"article:modified_time\" content=\"2025-05-21T16:54:42+00:00\" \/>\n<meta property=\"og:image\" content=\"https:\/\/storage.googleapis.com\/cz-shopatoa-img\/ro\/cb83e033-unnamed-file.webp\" \/>\n\t<meta property=\"og:image:width\" content=\"800\" \/>\n\t<meta property=\"og:image:height\" content=\"800\" \/>\n\t<meta property=\"og:image:type\" content=\"image\/webp\" \/>\n<meta name=\"twitter:card\" content=\"summary_large_image\" \/>\n<meta name=\"twitter:label1\" content=\"Timp estimat pentru citire\" \/>\n\t<meta name=\"twitter:data1\" content=\"2 minute\" \/>\n<script type=\"application\/ld+json\" class=\"yoast-schema-graph\">{\"@context\":\"https:\\\/\\\/schema.org\",\"@graph\":[{\"@type\":\"WebPage\",\"@id\":\"https:\\\/\\\/shopatoa.com\\\/ro\\\/laifen-uscator-de-par-swift-special-matt-black-2\\\/\",\"url\":\"https:\\\/\\\/shopatoa.com\\\/ro\\\/laifen-uscator-de-par-swift-special-matt-black-2\\\/\",\"name\":\"Laifen Usc\u0103tor de p\u0103r Swift Special Matt Black - SHOPATOA.COM\",\"isPartOf\":{\"@id\":\"https:\\\/\\\/shopatoa.com\\\/ro\\\/#website\"},\"primaryImageOfPage\":{\"@id\":\"https:\\\/\\\/shopatoa.com\\\/ro\\\/laifen-uscator-de-par-swift-special-matt-black-2\\\/#primaryimage\"},\"image\":{\"@id\":\"https:\\\/\\\/shopatoa.com\\\/ro\\\/laifen-uscator-de-par-swift-special-matt-black-2\\\/#primaryimage\"},\"thumbnailUrl\":\"https:\\\/\\\/storage.googleapis.com\\\/cz-shopatoa-img\\\/ro\\\/cb83e033-unnamed-file.webp\",\"datePublished\":\"2025-05-21T16:53:36+00:00\",\"dateModified\":\"2025-05-21T16:54:42+00:00\",\"breadcrumb\":{\"@id\":\"https:\\\/\\\/shopatoa.com\\\/ro\\\/laifen-uscator-de-par-swift-special-matt-black-2\\\/#breadcrumb\"},\"inLanguage\":\"ro-RO\",\"potentialAction\":[{\"@type\":\"ReadAction\",\"target\":[\"https:\\\/\\\/shopatoa.com\\\/ro\\\/laifen-uscator-de-par-swift-special-matt-black-2\\\/\"]}]},{\"@type\":\"ImageObject\",\"inLanguage\":\"ro-RO\",\"@id\":\"https:\\\/\\\/shopatoa.com\\\/ro\\\/laifen-uscator-de-par-swift-special-matt-black-2\\\/#primaryimage\",\"url\":\"https:\\\/\\\/storage.googleapis.com\\\/cz-shopatoa-img\\\/ro\\\/cb83e033-unnamed-file.webp\",\"contentUrl\":\"https:\\\/\\\/storage.googleapis.com\\\/cz-shopatoa-img\\\/ro\\\/cb83e033-unnamed-file.webp\",\"width\":800,\"height\":800},{\"@type\":\"BreadcrumbList\",\"@id\":\"https:\\\/\\\/shopatoa.com\\\/ro\\\/laifen-uscator-de-par-swift-special-matt-black-2\\\/#breadcrumb\",\"itemListElement\":[{\"@type\":\"ListItem\",\"position\":1,\"name\":\"Dom\u016f\",\"item\":\"https:\\\/\\\/shopatoa.com\\\/ro\\\/\"},{\"@type\":\"ListItem\",\"position\":2,\"name\":\"Shop\",\"item\":\"https:\\\/\\\/shopatoa.com\\\/ro\\\/shop\\\/\"},{\"@type\":\"ListItem\",\"position\":3,\"name\":\"Laifen Usc\u0103tor de p\u0103r Swift Special Matt Black\"}]},{\"@type\":\"WebSite\",\"@id\":\"https:\\\/\\\/shopatoa.com\\\/ro\\\/#website\",\"url\":\"https:\\\/\\\/shopatoa.com\\\/ro\\\/\",\"name\":\"SHOPATOA\",\"description\":\"\",\"publisher\":{\"@id\":\"https:\\\/\\\/shopatoa.com\\\/ro\\\/#organization\"},\"potentialAction\":[{\"@type\":\"SearchAction\",\"target\":{\"@type\":\"EntryPoint\",\"urlTemplate\":\"https:\\\/\\\/shopatoa.com\\\/ro\\\/?s={search_term_string}\"},\"query-input\":{\"@type\":\"PropertyValueSpecification\",\"valueRequired\":true,\"valueName\":\"search_term_string\"}}],\"inLanguage\":\"ro-RO\"},{\"@type\":\"Organization\",\"@id\":\"https:\\\/\\\/shopatoa.com\\\/ro\\\/#organization\",\"name\":\"SHOPATOA\",\"url\":\"https:\\\/\\\/shopatoa.com\\\/ro\\\/\",\"logo\":{\"@type\":\"ImageObject\",\"inLanguage\":\"ro-RO\",\"@id\":\"https:\\\/\\\/shopatoa.com\\\/ro\\\/#\\\/schema\\\/logo\\\/image\\\/\",\"url\":\"https:\\\/\\\/storage.googleapis.com\\\/cz-shopatoa-img\\\/ro\\\/b4dac915-shopatoa_logo.png\",\"contentUrl\":\"https:\\\/\\\/storage.googleapis.com\\\/cz-shopatoa-img\\\/ro\\\/b4dac915-shopatoa_logo.png\",\"width\":416,\"height\":63,\"caption\":\"SHOPATOA\"},\"image\":{\"@id\":\"https:\\\/\\\/shopatoa.com\\\/ro\\\/#\\\/schema\\\/logo\\\/image\\\/\"}}]}<\/script>\n<!-- \/ Yoast SEO plugin. -->","yoast_head_json":{"title":"Laifen Usc\u0103tor de p\u0103r Swift Special Matt Black - SHOPATOA.COM","robots":{"index":"index","follow":"follow","max-snippet":"max-snippet:-1","max-image-preview":"max-image-preview:large","max-video-preview":"max-video-preview:-1"},"canonical":"https:\/\/shopatoa.com\/ro\/laifen-uscator-de-par-swift-special-matt-black-2\/","og_locale":"ro_RO","og_type":"article","og_title":"Laifen Usc\u0103tor de p\u0103r Swift Special Matt Black - SHOPATOA.COM","og_description":"Usc\u0103torul de p\u0103r Swift Special elegant, compact, dar puternic, este ceea ce a\u021bi c\u0103utat mereu \u00een rutina de \u00eengrijire a p\u0103rului. Tr\u0103im \u00eentr-o perioad\u0103 \u00een care fiecare minut conteaz\u0103, iar Laifen Swift Special este aici pentru a v\u0103 economisi timpul \u00een fiecare zi, f\u0103r\u0103 a compromite calitatea \u00eengrijirii p\u0103rului dumneavoastr\u0103. Cu o putere mare de...","og_url":"https:\/\/shopatoa.com\/ro\/laifen-uscator-de-par-swift-special-matt-black-2\/","og_site_name":"SHOPATOA","article_modified_time":"2025-05-21T16:54:42+00:00","og_image":[{"width":800,"height":800,"url":"https:\/\/storage.googleapis.com\/cz-shopatoa-img\/ro\/cb83e033-unnamed-file.webp","type":"image\/webp"}],"twitter_card":"summary_large_image","twitter_misc":{"Timp estimat pentru citire":"2 minute"},"schema":{"@context":"https:\/\/schema.org","@graph":[{"@type":"WebPage","@id":"https:\/\/shopatoa.com\/ro\/laifen-uscator-de-par-swift-special-matt-black-2\/","url":"https:\/\/shopatoa.com\/ro\/laifen-uscator-de-par-swift-special-matt-black-2\/","name":"Laifen Usc\u0103tor de p\u0103r Swift Special Matt Black - SHOPATOA.COM","isPartOf":{"@id":"https:\/\/shopatoa.com\/ro\/#website"},"primaryImageOfPage":{"@id":"https:\/\/shopatoa.com\/ro\/laifen-uscator-de-par-swift-special-matt-black-2\/#primaryimage"},"image":{"@id":"https:\/\/shopatoa.com\/ro\/laifen-uscator-de-par-swift-special-matt-black-2\/#primaryimage"},"thumbnailUrl":"https:\/\/storage.googleapis.com\/cz-shopatoa-img\/ro\/cb83e033-unnamed-file.webp","datePublished":"2025-05-21T16:53:36+00:00","dateModified":"2025-05-21T16:54:42+00:00","breadcrumb":{"@id":"https:\/\/shopatoa.com\/ro\/laifen-uscator-de-par-swift-special-matt-black-2\/#breadcrumb"},"inLanguage":"ro-RO","potentialAction":[{"@type":"ReadAction","target":["https:\/\/shopatoa.com\/ro\/laifen-uscator-de-par-swift-special-matt-black-2\/"]}]},{"@type":"ImageObject","inLanguage":"ro-RO","@id":"https:\/\/shopatoa.com\/ro\/laifen-uscator-de-par-swift-special-matt-black-2\/#primaryimage","url":"https:\/\/storage.googleapis.com\/cz-shopatoa-img\/ro\/cb83e033-unnamed-file.webp","contentUrl":"https:\/\/storage.googleapis.com\/cz-shopatoa-img\/ro\/cb83e033-unnamed-file.webp","width":800,"height":800},{"@type":"BreadcrumbList","@id":"https:\/\/shopatoa.com\/ro\/laifen-uscator-de-par-swift-special-matt-black-2\/#breadcrumb","itemListElement":[{"@type":"ListItem","position":1,"name":"Dom\u016f","item":"https:\/\/shopatoa.com\/ro\/"},{"@type":"ListItem","position":2,"name":"Shop","item":"https:\/\/shopatoa.com\/ro\/shop\/"},{"@type":"ListItem","position":3,"name":"Laifen Usc\u0103tor de p\u0103r Swift Special Matt Black"}]},{"@type":"WebSite","@id":"https:\/\/shopatoa.com\/ro\/#website","url":"https:\/\/shopatoa.com\/ro\/","name":"SHOPATOA","description":"","publisher":{"@id":"https:\/\/shopatoa.com\/ro\/#organization"},"potentialAction":[{"@type":"SearchAction","target":{"@type":"EntryPoint","urlTemplate":"https:\/\/shopatoa.com\/ro\/?s={search_term_string}"},"query-input":{"@type":"PropertyValueSpecification","valueRequired":true,"valueName":"search_term_string"}}],"inLanguage":"ro-RO"},{"@type":"Organization","@id":"https:\/\/shopatoa.com\/ro\/#organization","name":"SHOPATOA","url":"https:\/\/shopatoa.com\/ro\/","logo":{"@type":"ImageObject","inLanguage":"ro-RO","@id":"https:\/\/shopatoa.com\/ro\/#\/schema\/logo\/image\/","url":"https:\/\/storage.googleapis.com\/cz-shopatoa-img\/ro\/b4dac915-shopatoa_logo.png","contentUrl":"https:\/\/storage.googleapis.com\/cz-shopatoa-img\/ro\/b4dac915-shopatoa_logo.png","width":416,"height":63,"caption":"SHOPATOA"},"image":{"@id":"https:\/\/shopatoa.com\/ro\/#\/schema\/logo\/image\/"}}]}},"_links":{"self":[{"href":"https:\/\/shopatoa.com\/ro\/wp-json\/wp\/v2\/product\/360869","targetHints":{"allow":["GET"]}}],"collection":[{"href":"https:\/\/shopatoa.com\/ro\/wp-json\/wp\/v2\/product"}],"about":[{"href":"https:\/\/shopatoa.com\/ro\/wp-json\/wp\/v2\/types\/product"}],"replies":[{"embeddable":true,"href":"https:\/\/shopatoa.com\/ro\/wp-json\/wp\/v2\/comments?post=360869"}],"wp:featuredmedia":[{"embeddable":true,"href":"https:\/\/shopatoa.com\/ro\/wp-json\/wp\/v2\/media\/360871"}],"wp:attachment":[{"href":"https:\/\/shopatoa.com\/ro\/wp-json\/wp\/v2\/media?parent=360869"}],"wp:term":[{"taxonomy":"product_brand","embeddable":true,"href":"https:\/\/shopatoa.com\/ro\/wp-json\/wp\/v2\/product_brand?post=360869"},{"taxonomy":"product_cat","embeddable":true,"href":"https:\/\/shopatoa.com\/ro\/wp-json\/wp\/v2\/product_cat?post=360869"},{"taxonomy":"product_tag","embeddable":true,"href":"https:\/\/shopatoa.com\/ro\/wp-json\/wp\/v2\/product_tag?post=360869"}],"curies":[{"name":"wp","href":"https:\/\/api.w.org\/{rel}","templated":true}]}}