{"id":360875,"date":"2025-05-21T18:53:36","date_gmt":"2025-05-21T16:53:36","guid":{"rendered":"https:\/\/shopatoa.com\/ro\/laifen-uscator-de-par-swift-special-platinum-blue-2\/"},"modified":"2025-05-21T18:55:02","modified_gmt":"2025-05-21T16:55:02","slug":"laifen-uscator-de-par-swift-special-platinum-blue-2","status":"publish","type":"product","link":"https:\/\/shopatoa.com\/ro\/laifen-uscator-de-par-swift-special-platinum-blue-2\/","title":{"rendered":"Laifen Usc\u0103tor de p\u0103r Swift Special Platinum Blue"},"content":{"rendered":"<p>Usc\u0103torul de p\u0103r Swift Special Platinum nu este doar un alt dispozitiv obi\u0219nuit \u00een baia dvs, ci un partener de \u00eencredere pentru coafarea de zi cu zi. Dezvoltat av\u00e2nd \u00een vedere cele mai \u00eenalte standarde, acesta combin\u0103 nu numai un design elegant, ci \u0219i tehnologia de ultim\u0103 or\u0103, care v\u0103 permite s\u0103 ob\u021bine\u021bi un p\u0103r de calitate la salon chiar acas\u0103. Datorit\u0103 dimensiunilor sale compacte \u0219i greut\u0103\u021bii reduse, Laifen Swift Special Platinum va deveni partenerul dvs, esen\u021bial de c\u0103l\u0103torie, pe care \u00eel pute\u021bi depozita cu u\u0219urin\u021b\u0103 \u00een geanta de transport inclus\u0103. Puterea de 1600 W \u0219i motorul de \u00eenalt\u0103 performan\u021b\u0103 asigur\u0103 c\u0103 p\u0103rul se usuc\u0103 mai repede ca niciodat\u0103, \u00een timp ce ionizarea are grij\u0103 de str\u0103lucirea \u0219i s\u0103n\u0103tatea acestuia. Imagina\u021bi-v\u0103 c\u0103 \u00een fiecare zi pute\u021bi avea un p\u0103r care arat\u0103 ca tocmai a\u021bi ie\u0219it de la coafor. Nu este doar un usc\u0103tor de p\u0103r. Este cheia pentru un p\u0103r irezistibil de neted \u0219i str\u0103lucitor, f\u0103r\u0103 \u00eencre\u021bire \u0219i daune cauzate de supra-uscare. Cu trei set\u0103ri de temperatur\u0103 \u0219i dou\u0103 viteze ale fluxului de aer, pute\u021bi ob\u021bine rezultatul perfect exact \u00een func\u021bie de nevoile dvs, \u00een timp ce senzorul de temperatur\u0103 asigur\u0103 c\u0103 p\u0103rul dvs,nu este niciodat\u0103 expus la c\u0103ldur\u0103 excesiv\u0103. Str\u0103lucire \u0219i s\u0103n\u0103tate f\u0103r\u0103 precedent a p\u0103rului datorit\u0103 ioniz\u0103rii, care produce p\u00e2n\u0103 la 200 de milioane de ioni negativi\/m3, reduce \u00eencre\u021birea \u0219i protejeaz\u0103 p\u0103rul de uscarea excesiv\u0103. Rezultate uimitoare \u00een timp record cu o putere de 1600 W \u0219i un motor cu o tura\u021bie maxim\u0103 de 110000 rpm, permi\u021b\u00e2nd o vitez\u0103 a fluxului de aer de p\u00e2n\u0103 la 22,91 m\/s. Adaptare la fiecare tip de par cu op\u021biunea de a alege \u00eentre trei temperaturi \u0219i doua viteze, completate de aer rece pentru a fixa coafura \u0219i protec\u021bie maxim\u0103 a p\u0103rului dvs. C\u0103l\u0103tori\u021bi cu u\u0219urin\u021b\u0103 \u0219i stil \u2013 cu dimensiunea sa compact\u0103, greutatea u\u0219oar\u0103 \u0219i husa de transport elegant\u0103, Laifen Swift Special Platinum este ideal pentru a v\u0103 men\u021bine p\u0103rul perfect \u00een deplasare. Protec\u021bie inteligent\u0103 a p\u0103rului datorit\u0103 unui senzor \u00eencorporat care monitorizeaz\u0103 temperatura de p\u00e2n\u0103 la 100 de ori pe secund\u0103, protej\u00e2nd p\u0103rul de supra\u00eenc\u0103lzire \u0219i asigur\u00e2nd rezultate consistente de coafare.<\/p>\n","protected":false},"excerpt":{"rendered":"<p>Usc\u0103torul de p\u0103r Swift Special Platinum nu este doar un alt dispozitiv obi\u0219nuit \u00een baia dvs, ci un partener de \u00eencredere pentru coafarea de zi cu zi. Dezvoltat av\u00e2nd \u00een vedere cele mai \u00eenalte standarde, acesta combin\u0103 nu numai un design elegant, ci \u0219i tehnologia de ultim\u0103 or\u0103, care v\u0103 permite s\u0103 ob\u021bine\u021bi un p\u0103r&#8230;<\/p>\n","protected":false},"featured_media":360877,"comment_status":"closed","ping_status":"open","template":"","meta":{"_acf_changed":false,"_kadence_starter_templates_imported_post":false,"_kad_post_transparent":"","_kad_post_title":"","_kad_post_layout":"","_kad_post_sidebar_id":"","_kad_post_content_style":"","_kad_post_vertical_padding":"","_kad_post_feature":"","_kad_post_feature_position":"","_kad_post_header":false,"_kad_post_footer":false,"_kad_post_classname":""},"product_brand":[931],"product_cat":[246,623,624,762],"product_tag":[],"class_list":{"0":"post-360875","1":"product","2":"type-product","3":"status-publish","4":"has-post-thumbnail","6":"product_brand-laifen","7":"product_cat-cosmetice","8":"product_cat-produse-cosmetice-pentru-par","9":"product_cat-produse-aparate-si-accesorii-pentru-par","10":"product_cat-uscatoare-de-par-fenuri","12":"first","13":"instock","14":"product-type-external","15":"entry","16":"content-bg","17":"loop-entry"},"acf":[],"yoast_head":"<!-- This site is optimized with the Yoast SEO plugin v27.4 - https:\/\/yoast.com\/product\/yoast-seo-wordpress\/ -->\n<title>Laifen Usc\u0103tor de p\u0103r Swift Special Platinum Blue - SHOPATOA.COM<\/title>\n<meta name=\"robots\" content=\"index, follow, max-snippet:-1, max-image-preview:large, max-video-preview:-1\" \/>\n<link rel=\"canonical\" href=\"https:\/\/shopatoa.com\/ro\/laifen-uscator-de-par-swift-special-platinum-blue-2\/\" \/>\n<meta property=\"og:locale\" content=\"ro_RO\" \/>\n<meta property=\"og:type\" content=\"article\" \/>\n<meta property=\"og:title\" content=\"Laifen Usc\u0103tor de p\u0103r Swift Special Platinum Blue - SHOPATOA.COM\" \/>\n<meta property=\"og:description\" content=\"Usc\u0103torul de p\u0103r Swift Special Platinum nu este doar un alt dispozitiv obi\u0219nuit \u00een baia dvs, ci un partener de \u00eencredere pentru coafarea de zi cu zi. Dezvoltat av\u00e2nd \u00een vedere cele mai \u00eenalte standarde, acesta combin\u0103 nu numai un design elegant, ci \u0219i tehnologia de ultim\u0103 or\u0103, care v\u0103 permite s\u0103 ob\u021bine\u021bi un p\u0103r...\" \/>\n<meta property=\"og:url\" content=\"https:\/\/shopatoa.com\/ro\/laifen-uscator-de-par-swift-special-platinum-blue-2\/\" \/>\n<meta property=\"og:site_name\" content=\"SHOPATOA\" \/>\n<meta property=\"article:modified_time\" content=\"2025-05-21T16:55:02+00:00\" \/>\n<meta property=\"og:image\" content=\"https:\/\/storage.googleapis.com\/cz-shopatoa-img\/ro\/ac79299e-unnamed-file.webp\" \/>\n\t<meta property=\"og:image:width\" content=\"800\" \/>\n\t<meta property=\"og:image:height\" content=\"800\" \/>\n\t<meta property=\"og:image:type\" content=\"image\/webp\" \/>\n<meta name=\"twitter:card\" content=\"summary_large_image\" \/>\n<meta name=\"twitter:label1\" content=\"Timp estimat pentru citire\" \/>\n\t<meta name=\"twitter:data1\" content=\"2 minute\" \/>\n<script type=\"application\/ld+json\" class=\"yoast-schema-graph\">{\"@context\":\"https:\\\/\\\/schema.org\",\"@graph\":[{\"@type\":\"WebPage\",\"@id\":\"https:\\\/\\\/shopatoa.com\\\/ro\\\/laifen-uscator-de-par-swift-special-platinum-blue-2\\\/\",\"url\":\"https:\\\/\\\/shopatoa.com\\\/ro\\\/laifen-uscator-de-par-swift-special-platinum-blue-2\\\/\",\"name\":\"Laifen Usc\u0103tor de p\u0103r Swift Special Platinum Blue - SHOPATOA.COM\",\"isPartOf\":{\"@id\":\"https:\\\/\\\/shopatoa.com\\\/ro\\\/#website\"},\"primaryImageOfPage\":{\"@id\":\"https:\\\/\\\/shopatoa.com\\\/ro\\\/laifen-uscator-de-par-swift-special-platinum-blue-2\\\/#primaryimage\"},\"image\":{\"@id\":\"https:\\\/\\\/shopatoa.com\\\/ro\\\/laifen-uscator-de-par-swift-special-platinum-blue-2\\\/#primaryimage\"},\"thumbnailUrl\":\"https:\\\/\\\/storage.googleapis.com\\\/cz-shopatoa-img\\\/ro\\\/ac79299e-unnamed-file.webp\",\"datePublished\":\"2025-05-21T16:53:36+00:00\",\"dateModified\":\"2025-05-21T16:55:02+00:00\",\"breadcrumb\":{\"@id\":\"https:\\\/\\\/shopatoa.com\\\/ro\\\/laifen-uscator-de-par-swift-special-platinum-blue-2\\\/#breadcrumb\"},\"inLanguage\":\"ro-RO\",\"potentialAction\":[{\"@type\":\"ReadAction\",\"target\":[\"https:\\\/\\\/shopatoa.com\\\/ro\\\/laifen-uscator-de-par-swift-special-platinum-blue-2\\\/\"]}]},{\"@type\":\"ImageObject\",\"inLanguage\":\"ro-RO\",\"@id\":\"https:\\\/\\\/shopatoa.com\\\/ro\\\/laifen-uscator-de-par-swift-special-platinum-blue-2\\\/#primaryimage\",\"url\":\"https:\\\/\\\/storage.googleapis.com\\\/cz-shopatoa-img\\\/ro\\\/ac79299e-unnamed-file.webp\",\"contentUrl\":\"https:\\\/\\\/storage.googleapis.com\\\/cz-shopatoa-img\\\/ro\\\/ac79299e-unnamed-file.webp\",\"width\":800,\"height\":800},{\"@type\":\"BreadcrumbList\",\"@id\":\"https:\\\/\\\/shopatoa.com\\\/ro\\\/laifen-uscator-de-par-swift-special-platinum-blue-2\\\/#breadcrumb\",\"itemListElement\":[{\"@type\":\"ListItem\",\"position\":1,\"name\":\"Dom\u016f\",\"item\":\"https:\\\/\\\/shopatoa.com\\\/ro\\\/\"},{\"@type\":\"ListItem\",\"position\":2,\"name\":\"Shop\",\"item\":\"https:\\\/\\\/shopatoa.com\\\/ro\\\/shop\\\/\"},{\"@type\":\"ListItem\",\"position\":3,\"name\":\"Laifen Usc\u0103tor de p\u0103r Swift Special Platinum Blue\"}]},{\"@type\":\"WebSite\",\"@id\":\"https:\\\/\\\/shopatoa.com\\\/ro\\\/#website\",\"url\":\"https:\\\/\\\/shopatoa.com\\\/ro\\\/\",\"name\":\"SHOPATOA\",\"description\":\"\",\"publisher\":{\"@id\":\"https:\\\/\\\/shopatoa.com\\\/ro\\\/#organization\"},\"potentialAction\":[{\"@type\":\"SearchAction\",\"target\":{\"@type\":\"EntryPoint\",\"urlTemplate\":\"https:\\\/\\\/shopatoa.com\\\/ro\\\/?s={search_term_string}\"},\"query-input\":{\"@type\":\"PropertyValueSpecification\",\"valueRequired\":true,\"valueName\":\"search_term_string\"}}],\"inLanguage\":\"ro-RO\"},{\"@type\":\"Organization\",\"@id\":\"https:\\\/\\\/shopatoa.com\\\/ro\\\/#organization\",\"name\":\"SHOPATOA\",\"url\":\"https:\\\/\\\/shopatoa.com\\\/ro\\\/\",\"logo\":{\"@type\":\"ImageObject\",\"inLanguage\":\"ro-RO\",\"@id\":\"https:\\\/\\\/shopatoa.com\\\/ro\\\/#\\\/schema\\\/logo\\\/image\\\/\",\"url\":\"https:\\\/\\\/storage.googleapis.com\\\/cz-shopatoa-img\\\/ro\\\/b4dac915-shopatoa_logo.png\",\"contentUrl\":\"https:\\\/\\\/storage.googleapis.com\\\/cz-shopatoa-img\\\/ro\\\/b4dac915-shopatoa_logo.png\",\"width\":416,\"height\":63,\"caption\":\"SHOPATOA\"},\"image\":{\"@id\":\"https:\\\/\\\/shopatoa.com\\\/ro\\\/#\\\/schema\\\/logo\\\/image\\\/\"}}]}<\/script>\n<!-- \/ Yoast SEO plugin. -->","yoast_head_json":{"title":"Laifen Usc\u0103tor de p\u0103r Swift Special Platinum Blue - SHOPATOA.COM","robots":{"index":"index","follow":"follow","max-snippet":"max-snippet:-1","max-image-preview":"max-image-preview:large","max-video-preview":"max-video-preview:-1"},"canonical":"https:\/\/shopatoa.com\/ro\/laifen-uscator-de-par-swift-special-platinum-blue-2\/","og_locale":"ro_RO","og_type":"article","og_title":"Laifen Usc\u0103tor de p\u0103r Swift Special Platinum Blue - SHOPATOA.COM","og_description":"Usc\u0103torul de p\u0103r Swift Special Platinum nu este doar un alt dispozitiv obi\u0219nuit \u00een baia dvs, ci un partener de \u00eencredere pentru coafarea de zi cu zi. Dezvoltat av\u00e2nd \u00een vedere cele mai \u00eenalte standarde, acesta combin\u0103 nu numai un design elegant, ci \u0219i tehnologia de ultim\u0103 or\u0103, care v\u0103 permite s\u0103 ob\u021bine\u021bi un p\u0103r...","og_url":"https:\/\/shopatoa.com\/ro\/laifen-uscator-de-par-swift-special-platinum-blue-2\/","og_site_name":"SHOPATOA","article_modified_time":"2025-05-21T16:55:02+00:00","og_image":[{"width":800,"height":800,"url":"https:\/\/storage.googleapis.com\/cz-shopatoa-img\/ro\/ac79299e-unnamed-file.webp","type":"image\/webp"}],"twitter_card":"summary_large_image","twitter_misc":{"Timp estimat pentru citire":"2 minute"},"schema":{"@context":"https:\/\/schema.org","@graph":[{"@type":"WebPage","@id":"https:\/\/shopatoa.com\/ro\/laifen-uscator-de-par-swift-special-platinum-blue-2\/","url":"https:\/\/shopatoa.com\/ro\/laifen-uscator-de-par-swift-special-platinum-blue-2\/","name":"Laifen Usc\u0103tor de p\u0103r Swift Special Platinum Blue - SHOPATOA.COM","isPartOf":{"@id":"https:\/\/shopatoa.com\/ro\/#website"},"primaryImageOfPage":{"@id":"https:\/\/shopatoa.com\/ro\/laifen-uscator-de-par-swift-special-platinum-blue-2\/#primaryimage"},"image":{"@id":"https:\/\/shopatoa.com\/ro\/laifen-uscator-de-par-swift-special-platinum-blue-2\/#primaryimage"},"thumbnailUrl":"https:\/\/storage.googleapis.com\/cz-shopatoa-img\/ro\/ac79299e-unnamed-file.webp","datePublished":"2025-05-21T16:53:36+00:00","dateModified":"2025-05-21T16:55:02+00:00","breadcrumb":{"@id":"https:\/\/shopatoa.com\/ro\/laifen-uscator-de-par-swift-special-platinum-blue-2\/#breadcrumb"},"inLanguage":"ro-RO","potentialAction":[{"@type":"ReadAction","target":["https:\/\/shopatoa.com\/ro\/laifen-uscator-de-par-swift-special-platinum-blue-2\/"]}]},{"@type":"ImageObject","inLanguage":"ro-RO","@id":"https:\/\/shopatoa.com\/ro\/laifen-uscator-de-par-swift-special-platinum-blue-2\/#primaryimage","url":"https:\/\/storage.googleapis.com\/cz-shopatoa-img\/ro\/ac79299e-unnamed-file.webp","contentUrl":"https:\/\/storage.googleapis.com\/cz-shopatoa-img\/ro\/ac79299e-unnamed-file.webp","width":800,"height":800},{"@type":"BreadcrumbList","@id":"https:\/\/shopatoa.com\/ro\/laifen-uscator-de-par-swift-special-platinum-blue-2\/#breadcrumb","itemListElement":[{"@type":"ListItem","position":1,"name":"Dom\u016f","item":"https:\/\/shopatoa.com\/ro\/"},{"@type":"ListItem","position":2,"name":"Shop","item":"https:\/\/shopatoa.com\/ro\/shop\/"},{"@type":"ListItem","position":3,"name":"Laifen Usc\u0103tor de p\u0103r Swift Special Platinum Blue"}]},{"@type":"WebSite","@id":"https:\/\/shopatoa.com\/ro\/#website","url":"https:\/\/shopatoa.com\/ro\/","name":"SHOPATOA","description":"","publisher":{"@id":"https:\/\/shopatoa.com\/ro\/#organization"},"potentialAction":[{"@type":"SearchAction","target":{"@type":"EntryPoint","urlTemplate":"https:\/\/shopatoa.com\/ro\/?s={search_term_string}"},"query-input":{"@type":"PropertyValueSpecification","valueRequired":true,"valueName":"search_term_string"}}],"inLanguage":"ro-RO"},{"@type":"Organization","@id":"https:\/\/shopatoa.com\/ro\/#organization","name":"SHOPATOA","url":"https:\/\/shopatoa.com\/ro\/","logo":{"@type":"ImageObject","inLanguage":"ro-RO","@id":"https:\/\/shopatoa.com\/ro\/#\/schema\/logo\/image\/","url":"https:\/\/storage.googleapis.com\/cz-shopatoa-img\/ro\/b4dac915-shopatoa_logo.png","contentUrl":"https:\/\/storage.googleapis.com\/cz-shopatoa-img\/ro\/b4dac915-shopatoa_logo.png","width":416,"height":63,"caption":"SHOPATOA"},"image":{"@id":"https:\/\/shopatoa.com\/ro\/#\/schema\/logo\/image\/"}}]}},"_links":{"self":[{"href":"https:\/\/shopatoa.com\/ro\/wp-json\/wp\/v2\/product\/360875","targetHints":{"allow":["GET"]}}],"collection":[{"href":"https:\/\/shopatoa.com\/ro\/wp-json\/wp\/v2\/product"}],"about":[{"href":"https:\/\/shopatoa.com\/ro\/wp-json\/wp\/v2\/types\/product"}],"replies":[{"embeddable":true,"href":"https:\/\/shopatoa.com\/ro\/wp-json\/wp\/v2\/comments?post=360875"}],"wp:featuredmedia":[{"embeddable":true,"href":"https:\/\/shopatoa.com\/ro\/wp-json\/wp\/v2\/media\/360877"}],"wp:attachment":[{"href":"https:\/\/shopatoa.com\/ro\/wp-json\/wp\/v2\/media?parent=360875"}],"wp:term":[{"taxonomy":"product_brand","embeddable":true,"href":"https:\/\/shopatoa.com\/ro\/wp-json\/wp\/v2\/product_brand?post=360875"},{"taxonomy":"product_cat","embeddable":true,"href":"https:\/\/shopatoa.com\/ro\/wp-json\/wp\/v2\/product_cat?post=360875"},{"taxonomy":"product_tag","embeddable":true,"href":"https:\/\/shopatoa.com\/ro\/wp-json\/wp\/v2\/product_tag?post=360875"}],"curies":[{"name":"wp","href":"https:\/\/api.w.org\/{rel}","templated":true}]}}