{"id":361199,"date":"2025-05-21T19:09:07","date_gmt":"2025-05-21T17:09:07","guid":{"rendered":"https:\/\/shopatoa.com\/ro\/guerlain-ser-de-piele-regenerant-de-noapteorchidee-imperiale-the-sleeping-serum-30-ml-2\/"},"modified":"2025-05-21T19:09:34","modified_gmt":"2025-05-21T17:09:34","slug":"guerlain-ser-de-piele-regenerant-de-noapteorchidee-imperiale-the-sleeping-serum-30-ml-2","status":"publish","type":"product","link":"https:\/\/shopatoa.com\/ro\/guerlain-ser-de-piele-regenerant-de-noapteorchidee-imperiale-the-sleeping-serum-30-ml-2\/","title":{"rendered":"Guerlain Ser de piele regenerant de noapteOrchid\u00e9e Imp\u00e9riale (The Sleeping Serum) 30 ml"},"content":{"rendered":"<p>Serul pentru piele ofer\u0103 o regenerare excep\u021bional\u0103 pe timp de noapte. Se concentreaz\u0103 pe ridurile cauzate de somn \u0219i relaxeaz\u0103 fa\u021ba. Ofer\u0103 pielii beneficiile unor ore suplimentare de somn. La trezire, pielea este proasp\u0103t\u0103 \u0219i str\u0103lucitoare. Parfumul s\u0103u floral, cu o not\u0103 de orhidee, se amestec\u0103 cu tonuri de trandafir, mosc alb \u0219i lemn de cedru rar.<\/p>\n","protected":false},"excerpt":{"rendered":"<p>Serul pentru piele ofer\u0103 o regenerare excep\u021bional\u0103 pe timp de noapte. Se concentreaz\u0103 pe ridurile cauzate de somn \u0219i relaxeaz\u0103 fa\u021ba. Ofer\u0103 pielii beneficiile unor ore suplimentare de somn. La trezire, pielea este proasp\u0103t\u0103 \u0219i str\u0103lucitoare. Parfumul s\u0103u floral, cu o not\u0103 de orhidee, se amestec\u0103 cu tonuri de trandafir, mosc alb \u0219i lemn de&#8230;<\/p>\n","protected":false},"featured_media":361201,"comment_status":"closed","ping_status":"open","template":"","meta":{"_acf_changed":false,"_kadence_starter_templates_imported_post":false,"_kad_post_transparent":"","_kad_post_title":"","_kad_post_layout":"","_kad_post_sidebar_id":"","_kad_post_content_style":"","_kad_post_vertical_padding":"","_kad_post_feature":"","_kad_post_feature_position":"","_kad_post_header":false,"_kad_post_footer":false,"_kad_post_classname":""},"product_brand":[192],"product_cat":[246,634,633,665],"product_tag":[],"class_list":{"0":"post-361199","1":"product","2":"type-product","3":"status-publish","4":"has-post-thumbnail","6":"product_brand-guerlain","7":"product_cat-cosmetice","8":"product_cat-produse-cosmetice-de-ingrijire-a-pielii","9":"product_cat-produse-cosmetice-pentru-piele","10":"product_cat-produse-cosmetice-pentru-riduri-si-anti-imbatranire","12":"first","13":"instock","14":"product-type-external","15":"entry","16":"content-bg","17":"loop-entry"},"acf":[],"yoast_head":"<!-- This site is optimized with the Yoast SEO plugin v27.3 - https:\/\/yoast.com\/product\/yoast-seo-wordpress\/ -->\n<title>Guerlain Ser de piele regenerant de noapteOrchid\u00e9e Imp\u00e9riale (The Sleeping Serum) 30 ml - SHOPATOA.COM<\/title>\n<meta name=\"robots\" content=\"index, follow, max-snippet:-1, max-image-preview:large, max-video-preview:-1\" \/>\n<link rel=\"canonical\" href=\"https:\/\/shopatoa.com\/ro\/guerlain-ser-de-piele-regenerant-de-noapteorchidee-imperiale-the-sleeping-serum-30-ml-2\/\" \/>\n<meta property=\"og:locale\" content=\"ro_RO\" \/>\n<meta property=\"og:type\" content=\"article\" \/>\n<meta property=\"og:title\" content=\"Guerlain Ser de piele regenerant de noapteOrchid\u00e9e Imp\u00e9riale (The Sleeping Serum) 30 ml - SHOPATOA.COM\" \/>\n<meta property=\"og:description\" content=\"Serul pentru piele ofer\u0103 o regenerare excep\u021bional\u0103 pe timp de noapte. Se concentreaz\u0103 pe ridurile cauzate de somn \u0219i relaxeaz\u0103 fa\u021ba. Ofer\u0103 pielii beneficiile unor ore suplimentare de somn. La trezire, pielea este proasp\u0103t\u0103 \u0219i str\u0103lucitoare. Parfumul s\u0103u floral, cu o not\u0103 de orhidee, se amestec\u0103 cu tonuri de trandafir, mosc alb \u0219i lemn de...\" \/>\n<meta property=\"og:url\" content=\"https:\/\/shopatoa.com\/ro\/guerlain-ser-de-piele-regenerant-de-noapteorchidee-imperiale-the-sleeping-serum-30-ml-2\/\" \/>\n<meta property=\"og:site_name\" content=\"SHOPATOA\" \/>\n<meta property=\"article:modified_time\" content=\"2025-05-21T17:09:34+00:00\" \/>\n<meta property=\"og:image\" content=\"https:\/\/storage.googleapis.com\/cz-shopatoa-img\/ro\/c162a6f1-unnamed-file.webp\" \/>\n\t<meta property=\"og:image:width\" content=\"800\" \/>\n\t<meta property=\"og:image:height\" content=\"800\" \/>\n\t<meta property=\"og:image:type\" content=\"image\/webp\" \/>\n<meta name=\"twitter:card\" content=\"summary_large_image\" \/>\n<script type=\"application\/ld+json\" class=\"yoast-schema-graph\">{\"@context\":\"https:\\\/\\\/schema.org\",\"@graph\":[{\"@type\":\"WebPage\",\"@id\":\"https:\\\/\\\/shopatoa.com\\\/ro\\\/guerlain-ser-de-piele-regenerant-de-noapteorchidee-imperiale-the-sleeping-serum-30-ml-2\\\/\",\"url\":\"https:\\\/\\\/shopatoa.com\\\/ro\\\/guerlain-ser-de-piele-regenerant-de-noapteorchidee-imperiale-the-sleeping-serum-30-ml-2\\\/\",\"name\":\"Guerlain Ser de piele regenerant de noapteOrchid\u00e9e Imp\u00e9riale (The Sleeping Serum) 30 ml - SHOPATOA.COM\",\"isPartOf\":{\"@id\":\"https:\\\/\\\/shopatoa.com\\\/ro\\\/#website\"},\"primaryImageOfPage\":{\"@id\":\"https:\\\/\\\/shopatoa.com\\\/ro\\\/guerlain-ser-de-piele-regenerant-de-noapteorchidee-imperiale-the-sleeping-serum-30-ml-2\\\/#primaryimage\"},\"image\":{\"@id\":\"https:\\\/\\\/shopatoa.com\\\/ro\\\/guerlain-ser-de-piele-regenerant-de-noapteorchidee-imperiale-the-sleeping-serum-30-ml-2\\\/#primaryimage\"},\"thumbnailUrl\":\"https:\\\/\\\/storage.googleapis.com\\\/cz-shopatoa-img\\\/ro\\\/c162a6f1-unnamed-file.webp\",\"datePublished\":\"2025-05-21T17:09:07+00:00\",\"dateModified\":\"2025-05-21T17:09:34+00:00\",\"breadcrumb\":{\"@id\":\"https:\\\/\\\/shopatoa.com\\\/ro\\\/guerlain-ser-de-piele-regenerant-de-noapteorchidee-imperiale-the-sleeping-serum-30-ml-2\\\/#breadcrumb\"},\"inLanguage\":\"ro-RO\",\"potentialAction\":[{\"@type\":\"ReadAction\",\"target\":[\"https:\\\/\\\/shopatoa.com\\\/ro\\\/guerlain-ser-de-piele-regenerant-de-noapteorchidee-imperiale-the-sleeping-serum-30-ml-2\\\/\"]}]},{\"@type\":\"ImageObject\",\"inLanguage\":\"ro-RO\",\"@id\":\"https:\\\/\\\/shopatoa.com\\\/ro\\\/guerlain-ser-de-piele-regenerant-de-noapteorchidee-imperiale-the-sleeping-serum-30-ml-2\\\/#primaryimage\",\"url\":\"https:\\\/\\\/storage.googleapis.com\\\/cz-shopatoa-img\\\/ro\\\/c162a6f1-unnamed-file.webp\",\"contentUrl\":\"https:\\\/\\\/storage.googleapis.com\\\/cz-shopatoa-img\\\/ro\\\/c162a6f1-unnamed-file.webp\",\"width\":800,\"height\":800},{\"@type\":\"BreadcrumbList\",\"@id\":\"https:\\\/\\\/shopatoa.com\\\/ro\\\/guerlain-ser-de-piele-regenerant-de-noapteorchidee-imperiale-the-sleeping-serum-30-ml-2\\\/#breadcrumb\",\"itemListElement\":[{\"@type\":\"ListItem\",\"position\":1,\"name\":\"Dom\u016f\",\"item\":\"https:\\\/\\\/shopatoa.com\\\/ro\\\/\"},{\"@type\":\"ListItem\",\"position\":2,\"name\":\"Shop\",\"item\":\"https:\\\/\\\/shopatoa.com\\\/ro\\\/shop\\\/\"},{\"@type\":\"ListItem\",\"position\":3,\"name\":\"Guerlain Ser de piele regenerant de noapteOrchid\u00e9e Imp\u00e9riale (The Sleeping Serum) 30 ml\"}]},{\"@type\":\"WebSite\",\"@id\":\"https:\\\/\\\/shopatoa.com\\\/ro\\\/#website\",\"url\":\"https:\\\/\\\/shopatoa.com\\\/ro\\\/\",\"name\":\"SHOPATOA\",\"description\":\"\",\"publisher\":{\"@id\":\"https:\\\/\\\/shopatoa.com\\\/ro\\\/#organization\"},\"potentialAction\":[{\"@type\":\"SearchAction\",\"target\":{\"@type\":\"EntryPoint\",\"urlTemplate\":\"https:\\\/\\\/shopatoa.com\\\/ro\\\/?s={search_term_string}\"},\"query-input\":{\"@type\":\"PropertyValueSpecification\",\"valueRequired\":true,\"valueName\":\"search_term_string\"}}],\"inLanguage\":\"ro-RO\"},{\"@type\":\"Organization\",\"@id\":\"https:\\\/\\\/shopatoa.com\\\/ro\\\/#organization\",\"name\":\"SHOPATOA\",\"url\":\"https:\\\/\\\/shopatoa.com\\\/ro\\\/\",\"logo\":{\"@type\":\"ImageObject\",\"inLanguage\":\"ro-RO\",\"@id\":\"https:\\\/\\\/shopatoa.com\\\/ro\\\/#\\\/schema\\\/logo\\\/image\\\/\",\"url\":\"https:\\\/\\\/storage.googleapis.com\\\/cz-shopatoa-img\\\/ro\\\/b4dac915-shopatoa_logo.png\",\"contentUrl\":\"https:\\\/\\\/storage.googleapis.com\\\/cz-shopatoa-img\\\/ro\\\/b4dac915-shopatoa_logo.png\",\"width\":416,\"height\":63,\"caption\":\"SHOPATOA\"},\"image\":{\"@id\":\"https:\\\/\\\/shopatoa.com\\\/ro\\\/#\\\/schema\\\/logo\\\/image\\\/\"}}]}<\/script>\n<!-- \/ Yoast SEO plugin. -->","yoast_head_json":{"title":"Guerlain Ser de piele regenerant de noapteOrchid\u00e9e Imp\u00e9riale (The Sleeping Serum) 30 ml - SHOPATOA.COM","robots":{"index":"index","follow":"follow","max-snippet":"max-snippet:-1","max-image-preview":"max-image-preview:large","max-video-preview":"max-video-preview:-1"},"canonical":"https:\/\/shopatoa.com\/ro\/guerlain-ser-de-piele-regenerant-de-noapteorchidee-imperiale-the-sleeping-serum-30-ml-2\/","og_locale":"ro_RO","og_type":"article","og_title":"Guerlain Ser de piele regenerant de noapteOrchid\u00e9e Imp\u00e9riale (The Sleeping Serum) 30 ml - SHOPATOA.COM","og_description":"Serul pentru piele ofer\u0103 o regenerare excep\u021bional\u0103 pe timp de noapte. Se concentreaz\u0103 pe ridurile cauzate de somn \u0219i relaxeaz\u0103 fa\u021ba. Ofer\u0103 pielii beneficiile unor ore suplimentare de somn. La trezire, pielea este proasp\u0103t\u0103 \u0219i str\u0103lucitoare. Parfumul s\u0103u floral, cu o not\u0103 de orhidee, se amestec\u0103 cu tonuri de trandafir, mosc alb \u0219i lemn de...","og_url":"https:\/\/shopatoa.com\/ro\/guerlain-ser-de-piele-regenerant-de-noapteorchidee-imperiale-the-sleeping-serum-30-ml-2\/","og_site_name":"SHOPATOA","article_modified_time":"2025-05-21T17:09:34+00:00","og_image":[{"width":800,"height":800,"url":"https:\/\/storage.googleapis.com\/cz-shopatoa-img\/ro\/c162a6f1-unnamed-file.webp","type":"image\/webp"}],"twitter_card":"summary_large_image","schema":{"@context":"https:\/\/schema.org","@graph":[{"@type":"WebPage","@id":"https:\/\/shopatoa.com\/ro\/guerlain-ser-de-piele-regenerant-de-noapteorchidee-imperiale-the-sleeping-serum-30-ml-2\/","url":"https:\/\/shopatoa.com\/ro\/guerlain-ser-de-piele-regenerant-de-noapteorchidee-imperiale-the-sleeping-serum-30-ml-2\/","name":"Guerlain Ser de piele regenerant de noapteOrchid\u00e9e Imp\u00e9riale (The Sleeping Serum) 30 ml - SHOPATOA.COM","isPartOf":{"@id":"https:\/\/shopatoa.com\/ro\/#website"},"primaryImageOfPage":{"@id":"https:\/\/shopatoa.com\/ro\/guerlain-ser-de-piele-regenerant-de-noapteorchidee-imperiale-the-sleeping-serum-30-ml-2\/#primaryimage"},"image":{"@id":"https:\/\/shopatoa.com\/ro\/guerlain-ser-de-piele-regenerant-de-noapteorchidee-imperiale-the-sleeping-serum-30-ml-2\/#primaryimage"},"thumbnailUrl":"https:\/\/storage.googleapis.com\/cz-shopatoa-img\/ro\/c162a6f1-unnamed-file.webp","datePublished":"2025-05-21T17:09:07+00:00","dateModified":"2025-05-21T17:09:34+00:00","breadcrumb":{"@id":"https:\/\/shopatoa.com\/ro\/guerlain-ser-de-piele-regenerant-de-noapteorchidee-imperiale-the-sleeping-serum-30-ml-2\/#breadcrumb"},"inLanguage":"ro-RO","potentialAction":[{"@type":"ReadAction","target":["https:\/\/shopatoa.com\/ro\/guerlain-ser-de-piele-regenerant-de-noapteorchidee-imperiale-the-sleeping-serum-30-ml-2\/"]}]},{"@type":"ImageObject","inLanguage":"ro-RO","@id":"https:\/\/shopatoa.com\/ro\/guerlain-ser-de-piele-regenerant-de-noapteorchidee-imperiale-the-sleeping-serum-30-ml-2\/#primaryimage","url":"https:\/\/storage.googleapis.com\/cz-shopatoa-img\/ro\/c162a6f1-unnamed-file.webp","contentUrl":"https:\/\/storage.googleapis.com\/cz-shopatoa-img\/ro\/c162a6f1-unnamed-file.webp","width":800,"height":800},{"@type":"BreadcrumbList","@id":"https:\/\/shopatoa.com\/ro\/guerlain-ser-de-piele-regenerant-de-noapteorchidee-imperiale-the-sleeping-serum-30-ml-2\/#breadcrumb","itemListElement":[{"@type":"ListItem","position":1,"name":"Dom\u016f","item":"https:\/\/shopatoa.com\/ro\/"},{"@type":"ListItem","position":2,"name":"Shop","item":"https:\/\/shopatoa.com\/ro\/shop\/"},{"@type":"ListItem","position":3,"name":"Guerlain Ser de piele regenerant de noapteOrchid\u00e9e Imp\u00e9riale (The Sleeping Serum) 30 ml"}]},{"@type":"WebSite","@id":"https:\/\/shopatoa.com\/ro\/#website","url":"https:\/\/shopatoa.com\/ro\/","name":"SHOPATOA","description":"","publisher":{"@id":"https:\/\/shopatoa.com\/ro\/#organization"},"potentialAction":[{"@type":"SearchAction","target":{"@type":"EntryPoint","urlTemplate":"https:\/\/shopatoa.com\/ro\/?s={search_term_string}"},"query-input":{"@type":"PropertyValueSpecification","valueRequired":true,"valueName":"search_term_string"}}],"inLanguage":"ro-RO"},{"@type":"Organization","@id":"https:\/\/shopatoa.com\/ro\/#organization","name":"SHOPATOA","url":"https:\/\/shopatoa.com\/ro\/","logo":{"@type":"ImageObject","inLanguage":"ro-RO","@id":"https:\/\/shopatoa.com\/ro\/#\/schema\/logo\/image\/","url":"https:\/\/storage.googleapis.com\/cz-shopatoa-img\/ro\/b4dac915-shopatoa_logo.png","contentUrl":"https:\/\/storage.googleapis.com\/cz-shopatoa-img\/ro\/b4dac915-shopatoa_logo.png","width":416,"height":63,"caption":"SHOPATOA"},"image":{"@id":"https:\/\/shopatoa.com\/ro\/#\/schema\/logo\/image\/"}}]}},"_links":{"self":[{"href":"https:\/\/shopatoa.com\/ro\/wp-json\/wp\/v2\/product\/361199","targetHints":{"allow":["GET"]}}],"collection":[{"href":"https:\/\/shopatoa.com\/ro\/wp-json\/wp\/v2\/product"}],"about":[{"href":"https:\/\/shopatoa.com\/ro\/wp-json\/wp\/v2\/types\/product"}],"replies":[{"embeddable":true,"href":"https:\/\/shopatoa.com\/ro\/wp-json\/wp\/v2\/comments?post=361199"}],"wp:featuredmedia":[{"embeddable":true,"href":"https:\/\/shopatoa.com\/ro\/wp-json\/wp\/v2\/media\/361201"}],"wp:attachment":[{"href":"https:\/\/shopatoa.com\/ro\/wp-json\/wp\/v2\/media?parent=361199"}],"wp:term":[{"taxonomy":"product_brand","embeddable":true,"href":"https:\/\/shopatoa.com\/ro\/wp-json\/wp\/v2\/product_brand?post=361199"},{"taxonomy":"product_cat","embeddable":true,"href":"https:\/\/shopatoa.com\/ro\/wp-json\/wp\/v2\/product_cat?post=361199"},{"taxonomy":"product_tag","embeddable":true,"href":"https:\/\/shopatoa.com\/ro\/wp-json\/wp\/v2\/product_tag?post=361199"}],"curies":[{"name":"wp","href":"https:\/\/api.w.org\/{rel}","templated":true}]}}