{"id":361219,"date":"2025-05-21T19:09:07","date_gmt":"2025-05-21T17:09:07","guid":{"rendered":"https:\/\/shopatoa.com\/ro\/annemarie-borlind-crema-de-protectie-solara-cu-efect-anti-age-spf-30-sun-anti-aging-dna-protect-sun-cream-50-ml-2\/"},"modified":"2025-05-21T19:10:32","modified_gmt":"2025-05-21T17:10:32","slug":"annemarie-borlind-crema-de-protectie-solara-cu-efect-anti-age-spf-30-sun-anti-aging-dna-protect-sun-cream-50-ml-2","status":"publish","type":"product","link":"https:\/\/shopatoa.com\/ro\/annemarie-borlind-crema-de-protectie-solara-cu-efect-anti-age-spf-30-sun-anti-aging-dna-protect-sun-cream-50-ml-2\/","title":{"rendered":"ANNEMARIE BORLIND Crem\u0103 de protec\u021bie solar\u0103 cu efect anti-age SPF 30 Sun Anti Aging DNA-Protect (Sun Cream) 50 ml"},"content":{"rendered":"<p>Protec\u021bia solar\u0103 natural\u0103 anti-\u00eemb\u0103tr\u00e2nire, rezistent\u0103 la ap\u0103, DNA Protect cu factor de protec\u021bie SPF 30 ofer\u0103 pielii o protec\u021bie ridicat\u0103 \u00eempotriva razelor solare \u0219i, \u00een acela\u0219i timp, protec\u021bie activ\u0103 a celulelor pielii p\u00e2n\u0103 la nivelul ADN-ului. Protec\u021bia sa fiabil\u0103 \u0219i sigur\u0103 cu factor de protec\u021bie SPF 30 \u00eempotriva razelor solare UVA \u0219i UVB d\u0103un\u0103toare \u00eendepline\u0219te cele mai recente standarde ale Comisiei Europene \u00eempotriva radia\u021biilor UVA \u0219i UVB. Acest produs cosmetic de excep\u021bie con\u021bine complexul natural DNA-Protect, care a fost special dezvoltat pentru a proteja pielea expus\u0103 la radia\u021biile UV periculoase si pentru a proteja pielea cu pete pigmentare. Acest complex de ingrediente vegetale excep\u021bionale poate neutraliza radicalii de oxigen care se formeaz\u0103 sub radia\u021biile UV, protejeaz\u0103 celulele pielii de stresul oxidativ \u0219i ajut\u0103 la repararea ADN-ului lor, minimiz\u00e2nd astfel deteriorarea \u0219i pigmentarea celulelor. Protec\u021bia solar\u0103 DNA Protect SPF 30 previne imb\u0103tr\u00e2nirea prematur\u0103 a pielii \u0219i ii int\u0103re\u0219te mecanismul natural de ap\u0103rare. ADN-ul celulelor pielii este astfel mai bine protejat \u00een cazurile de expunere crescut\u0103 a pielii la radia\u021biile UV. Ingredientele din plante precum vitamina E \u0219i extractul combinat de alge din acest produs cosmetic \u00eent\u0103resc rezisten\u021ba \u0219i capacitatea de ap\u0103rare a pielii. Complexul anti-\u00eemb\u0103tr\u00e2nire protejeaz\u0103 \u00eempotriva \u00eemb\u0103tr\u00e2nirii premature a pielii cauzate de radia\u021biile UV. Radia\u021biile juvenile sunt astfel stocate pentru o perioad\u0103 mai lung\u0103 de timp.<\/p>\n","protected":false},"excerpt":{"rendered":"<p>Protec\u021bia solar\u0103 natural\u0103 anti-\u00eemb\u0103tr\u00e2nire, rezistent\u0103 la ap\u0103, DNA Protect cu factor de protec\u021bie SPF 30 ofer\u0103 pielii o protec\u021bie ridicat\u0103 \u00eempotriva razelor solare \u0219i, \u00een acela\u0219i timp, protec\u021bie activ\u0103 a celulelor pielii p\u00e2n\u0103 la nivelul ADN-ului. Protec\u021bia sa fiabil\u0103 \u0219i sigur\u0103 cu factor de protec\u021bie SPF 30 \u00eempotriva razelor solare UVA \u0219i UVB d\u0103un\u0103toare \u00eendepline\u0219te&#8230;<\/p>\n","protected":false},"featured_media":361221,"comment_status":"closed","ping_status":"open","template":"","meta":{"_acf_changed":false,"_kadence_starter_templates_imported_post":false,"_kad_post_transparent":"","_kad_post_title":"","_kad_post_layout":"","_kad_post_sidebar_id":"","_kad_post_content_style":"","_kad_post_vertical_padding":"","_kad_post_feature":"","_kad_post_feature_position":"","_kad_post_header":false,"_kad_post_footer":false,"_kad_post_classname":""},"product_brand":[112],"product_cat":[246,642,643],"product_tag":[],"class_list":{"0":"post-361219","1":"product","2":"type-product","3":"status-publish","4":"has-post-thumbnail","6":"product_brand-annemarie-borlind","7":"product_cat-cosmetice","8":"product_cat-cosmetice-de-protectie-solara","9":"product_cat-produse-pentru-bronzare","11":"first","12":"instock","13":"product-type-external","14":"entry","15":"content-bg","16":"loop-entry"},"acf":[],"yoast_head":"<!-- This site is optimized with the Yoast SEO plugin v27.3 - https:\/\/yoast.com\/product\/yoast-seo-wordpress\/ -->\n<title>ANNEMARIE BORLIND Crem\u0103 de protec\u021bie solar\u0103 cu efect anti-age SPF 30 Sun Anti Aging DNA-Protect (Sun Cream) 50 ml - SHOPATOA.COM<\/title>\n<meta name=\"robots\" content=\"index, follow, max-snippet:-1, max-image-preview:large, max-video-preview:-1\" \/>\n<link rel=\"canonical\" href=\"https:\/\/shopatoa.com\/ro\/annemarie-borlind-crema-de-protectie-solara-cu-efect-anti-age-spf-30-sun-anti-aging-dna-protect-sun-cream-50-ml-2\/\" \/>\n<meta property=\"og:locale\" content=\"ro_RO\" \/>\n<meta property=\"og:type\" content=\"article\" \/>\n<meta property=\"og:title\" content=\"ANNEMARIE BORLIND Crem\u0103 de protec\u021bie solar\u0103 cu efect anti-age SPF 30 Sun Anti Aging DNA-Protect (Sun Cream) 50 ml - SHOPATOA.COM\" \/>\n<meta property=\"og:description\" content=\"Protec\u021bia solar\u0103 natural\u0103 anti-\u00eemb\u0103tr\u00e2nire, rezistent\u0103 la ap\u0103, DNA Protect cu factor de protec\u021bie SPF 30 ofer\u0103 pielii o protec\u021bie ridicat\u0103 \u00eempotriva razelor solare \u0219i, \u00een acela\u0219i timp, protec\u021bie activ\u0103 a celulelor pielii p\u00e2n\u0103 la nivelul ADN-ului. Protec\u021bia sa fiabil\u0103 \u0219i sigur\u0103 cu factor de protec\u021bie SPF 30 \u00eempotriva razelor solare UVA \u0219i UVB d\u0103un\u0103toare \u00eendepline\u0219te...\" \/>\n<meta property=\"og:url\" content=\"https:\/\/shopatoa.com\/ro\/annemarie-borlind-crema-de-protectie-solara-cu-efect-anti-age-spf-30-sun-anti-aging-dna-protect-sun-cream-50-ml-2\/\" \/>\n<meta property=\"og:site_name\" content=\"SHOPATOA\" \/>\n<meta property=\"article:modified_time\" content=\"2025-05-21T17:10:32+00:00\" \/>\n<meta property=\"og:image\" content=\"https:\/\/storage.googleapis.com\/cz-shopatoa-img\/ro\/9c6f6c75-unnamed-file.webp\" \/>\n\t<meta property=\"og:image:width\" content=\"800\" \/>\n\t<meta property=\"og:image:height\" content=\"800\" \/>\n\t<meta property=\"og:image:type\" content=\"image\/webp\" \/>\n<meta name=\"twitter:card\" content=\"summary_large_image\" \/>\n<meta name=\"twitter:label1\" content=\"Timp estimat pentru citire\" \/>\n\t<meta name=\"twitter:data1\" content=\"1 minut\" \/>\n<script type=\"application\/ld+json\" class=\"yoast-schema-graph\">{\"@context\":\"https:\\\/\\\/schema.org\",\"@graph\":[{\"@type\":\"WebPage\",\"@id\":\"https:\\\/\\\/shopatoa.com\\\/ro\\\/annemarie-borlind-crema-de-protectie-solara-cu-efect-anti-age-spf-30-sun-anti-aging-dna-protect-sun-cream-50-ml-2\\\/\",\"url\":\"https:\\\/\\\/shopatoa.com\\\/ro\\\/annemarie-borlind-crema-de-protectie-solara-cu-efect-anti-age-spf-30-sun-anti-aging-dna-protect-sun-cream-50-ml-2\\\/\",\"name\":\"ANNEMARIE BORLIND Crem\u0103 de protec\u021bie solar\u0103 cu efect anti-age SPF 30 Sun Anti Aging DNA-Protect (Sun Cream) 50 ml - SHOPATOA.COM\",\"isPartOf\":{\"@id\":\"https:\\\/\\\/shopatoa.com\\\/ro\\\/#website\"},\"primaryImageOfPage\":{\"@id\":\"https:\\\/\\\/shopatoa.com\\\/ro\\\/annemarie-borlind-crema-de-protectie-solara-cu-efect-anti-age-spf-30-sun-anti-aging-dna-protect-sun-cream-50-ml-2\\\/#primaryimage\"},\"image\":{\"@id\":\"https:\\\/\\\/shopatoa.com\\\/ro\\\/annemarie-borlind-crema-de-protectie-solara-cu-efect-anti-age-spf-30-sun-anti-aging-dna-protect-sun-cream-50-ml-2\\\/#primaryimage\"},\"thumbnailUrl\":\"https:\\\/\\\/storage.googleapis.com\\\/cz-shopatoa-img\\\/ro\\\/9c6f6c75-unnamed-file.webp\",\"datePublished\":\"2025-05-21T17:09:07+00:00\",\"dateModified\":\"2025-05-21T17:10:32+00:00\",\"breadcrumb\":{\"@id\":\"https:\\\/\\\/shopatoa.com\\\/ro\\\/annemarie-borlind-crema-de-protectie-solara-cu-efect-anti-age-spf-30-sun-anti-aging-dna-protect-sun-cream-50-ml-2\\\/#breadcrumb\"},\"inLanguage\":\"ro-RO\",\"potentialAction\":[{\"@type\":\"ReadAction\",\"target\":[\"https:\\\/\\\/shopatoa.com\\\/ro\\\/annemarie-borlind-crema-de-protectie-solara-cu-efect-anti-age-spf-30-sun-anti-aging-dna-protect-sun-cream-50-ml-2\\\/\"]}]},{\"@type\":\"ImageObject\",\"inLanguage\":\"ro-RO\",\"@id\":\"https:\\\/\\\/shopatoa.com\\\/ro\\\/annemarie-borlind-crema-de-protectie-solara-cu-efect-anti-age-spf-30-sun-anti-aging-dna-protect-sun-cream-50-ml-2\\\/#primaryimage\",\"url\":\"https:\\\/\\\/storage.googleapis.com\\\/cz-shopatoa-img\\\/ro\\\/9c6f6c75-unnamed-file.webp\",\"contentUrl\":\"https:\\\/\\\/storage.googleapis.com\\\/cz-shopatoa-img\\\/ro\\\/9c6f6c75-unnamed-file.webp\",\"width\":800,\"height\":800},{\"@type\":\"BreadcrumbList\",\"@id\":\"https:\\\/\\\/shopatoa.com\\\/ro\\\/annemarie-borlind-crema-de-protectie-solara-cu-efect-anti-age-spf-30-sun-anti-aging-dna-protect-sun-cream-50-ml-2\\\/#breadcrumb\",\"itemListElement\":[{\"@type\":\"ListItem\",\"position\":1,\"name\":\"Dom\u016f\",\"item\":\"https:\\\/\\\/shopatoa.com\\\/ro\\\/\"},{\"@type\":\"ListItem\",\"position\":2,\"name\":\"Shop\",\"item\":\"https:\\\/\\\/shopatoa.com\\\/ro\\\/shop\\\/\"},{\"@type\":\"ListItem\",\"position\":3,\"name\":\"ANNEMARIE BORLIND Crem\u0103 de protec\u021bie solar\u0103 cu efect anti-age SPF 30 Sun Anti Aging DNA-Protect (Sun Cream) 50 ml\"}]},{\"@type\":\"WebSite\",\"@id\":\"https:\\\/\\\/shopatoa.com\\\/ro\\\/#website\",\"url\":\"https:\\\/\\\/shopatoa.com\\\/ro\\\/\",\"name\":\"SHOPATOA\",\"description\":\"\",\"publisher\":{\"@id\":\"https:\\\/\\\/shopatoa.com\\\/ro\\\/#organization\"},\"potentialAction\":[{\"@type\":\"SearchAction\",\"target\":{\"@type\":\"EntryPoint\",\"urlTemplate\":\"https:\\\/\\\/shopatoa.com\\\/ro\\\/?s={search_term_string}\"},\"query-input\":{\"@type\":\"PropertyValueSpecification\",\"valueRequired\":true,\"valueName\":\"search_term_string\"}}],\"inLanguage\":\"ro-RO\"},{\"@type\":\"Organization\",\"@id\":\"https:\\\/\\\/shopatoa.com\\\/ro\\\/#organization\",\"name\":\"SHOPATOA\",\"url\":\"https:\\\/\\\/shopatoa.com\\\/ro\\\/\",\"logo\":{\"@type\":\"ImageObject\",\"inLanguage\":\"ro-RO\",\"@id\":\"https:\\\/\\\/shopatoa.com\\\/ro\\\/#\\\/schema\\\/logo\\\/image\\\/\",\"url\":\"https:\\\/\\\/storage.googleapis.com\\\/cz-shopatoa-img\\\/ro\\\/b4dac915-shopatoa_logo.png\",\"contentUrl\":\"https:\\\/\\\/storage.googleapis.com\\\/cz-shopatoa-img\\\/ro\\\/b4dac915-shopatoa_logo.png\",\"width\":416,\"height\":63,\"caption\":\"SHOPATOA\"},\"image\":{\"@id\":\"https:\\\/\\\/shopatoa.com\\\/ro\\\/#\\\/schema\\\/logo\\\/image\\\/\"}}]}<\/script>\n<!-- \/ Yoast SEO plugin. -->","yoast_head_json":{"title":"ANNEMARIE BORLIND Crem\u0103 de protec\u021bie solar\u0103 cu efect anti-age SPF 30 Sun Anti Aging DNA-Protect (Sun Cream) 50 ml - SHOPATOA.COM","robots":{"index":"index","follow":"follow","max-snippet":"max-snippet:-1","max-image-preview":"max-image-preview:large","max-video-preview":"max-video-preview:-1"},"canonical":"https:\/\/shopatoa.com\/ro\/annemarie-borlind-crema-de-protectie-solara-cu-efect-anti-age-spf-30-sun-anti-aging-dna-protect-sun-cream-50-ml-2\/","og_locale":"ro_RO","og_type":"article","og_title":"ANNEMARIE BORLIND Crem\u0103 de protec\u021bie solar\u0103 cu efect anti-age SPF 30 Sun Anti Aging DNA-Protect (Sun Cream) 50 ml - SHOPATOA.COM","og_description":"Protec\u021bia solar\u0103 natural\u0103 anti-\u00eemb\u0103tr\u00e2nire, rezistent\u0103 la ap\u0103, DNA Protect cu factor de protec\u021bie SPF 30 ofer\u0103 pielii o protec\u021bie ridicat\u0103 \u00eempotriva razelor solare \u0219i, \u00een acela\u0219i timp, protec\u021bie activ\u0103 a celulelor pielii p\u00e2n\u0103 la nivelul ADN-ului. Protec\u021bia sa fiabil\u0103 \u0219i sigur\u0103 cu factor de protec\u021bie SPF 30 \u00eempotriva razelor solare UVA \u0219i UVB d\u0103un\u0103toare \u00eendepline\u0219te...","og_url":"https:\/\/shopatoa.com\/ro\/annemarie-borlind-crema-de-protectie-solara-cu-efect-anti-age-spf-30-sun-anti-aging-dna-protect-sun-cream-50-ml-2\/","og_site_name":"SHOPATOA","article_modified_time":"2025-05-21T17:10:32+00:00","og_image":[{"width":800,"height":800,"url":"https:\/\/storage.googleapis.com\/cz-shopatoa-img\/ro\/9c6f6c75-unnamed-file.webp","type":"image\/webp"}],"twitter_card":"summary_large_image","twitter_misc":{"Timp estimat pentru citire":"1 minut"},"schema":{"@context":"https:\/\/schema.org","@graph":[{"@type":"WebPage","@id":"https:\/\/shopatoa.com\/ro\/annemarie-borlind-crema-de-protectie-solara-cu-efect-anti-age-spf-30-sun-anti-aging-dna-protect-sun-cream-50-ml-2\/","url":"https:\/\/shopatoa.com\/ro\/annemarie-borlind-crema-de-protectie-solara-cu-efect-anti-age-spf-30-sun-anti-aging-dna-protect-sun-cream-50-ml-2\/","name":"ANNEMARIE BORLIND Crem\u0103 de protec\u021bie solar\u0103 cu efect anti-age SPF 30 Sun Anti Aging DNA-Protect (Sun Cream) 50 ml - SHOPATOA.COM","isPartOf":{"@id":"https:\/\/shopatoa.com\/ro\/#website"},"primaryImageOfPage":{"@id":"https:\/\/shopatoa.com\/ro\/annemarie-borlind-crema-de-protectie-solara-cu-efect-anti-age-spf-30-sun-anti-aging-dna-protect-sun-cream-50-ml-2\/#primaryimage"},"image":{"@id":"https:\/\/shopatoa.com\/ro\/annemarie-borlind-crema-de-protectie-solara-cu-efect-anti-age-spf-30-sun-anti-aging-dna-protect-sun-cream-50-ml-2\/#primaryimage"},"thumbnailUrl":"https:\/\/storage.googleapis.com\/cz-shopatoa-img\/ro\/9c6f6c75-unnamed-file.webp","datePublished":"2025-05-21T17:09:07+00:00","dateModified":"2025-05-21T17:10:32+00:00","breadcrumb":{"@id":"https:\/\/shopatoa.com\/ro\/annemarie-borlind-crema-de-protectie-solara-cu-efect-anti-age-spf-30-sun-anti-aging-dna-protect-sun-cream-50-ml-2\/#breadcrumb"},"inLanguage":"ro-RO","potentialAction":[{"@type":"ReadAction","target":["https:\/\/shopatoa.com\/ro\/annemarie-borlind-crema-de-protectie-solara-cu-efect-anti-age-spf-30-sun-anti-aging-dna-protect-sun-cream-50-ml-2\/"]}]},{"@type":"ImageObject","inLanguage":"ro-RO","@id":"https:\/\/shopatoa.com\/ro\/annemarie-borlind-crema-de-protectie-solara-cu-efect-anti-age-spf-30-sun-anti-aging-dna-protect-sun-cream-50-ml-2\/#primaryimage","url":"https:\/\/storage.googleapis.com\/cz-shopatoa-img\/ro\/9c6f6c75-unnamed-file.webp","contentUrl":"https:\/\/storage.googleapis.com\/cz-shopatoa-img\/ro\/9c6f6c75-unnamed-file.webp","width":800,"height":800},{"@type":"BreadcrumbList","@id":"https:\/\/shopatoa.com\/ro\/annemarie-borlind-crema-de-protectie-solara-cu-efect-anti-age-spf-30-sun-anti-aging-dna-protect-sun-cream-50-ml-2\/#breadcrumb","itemListElement":[{"@type":"ListItem","position":1,"name":"Dom\u016f","item":"https:\/\/shopatoa.com\/ro\/"},{"@type":"ListItem","position":2,"name":"Shop","item":"https:\/\/shopatoa.com\/ro\/shop\/"},{"@type":"ListItem","position":3,"name":"ANNEMARIE BORLIND Crem\u0103 de protec\u021bie solar\u0103 cu efect anti-age SPF 30 Sun Anti Aging DNA-Protect (Sun Cream) 50 ml"}]},{"@type":"WebSite","@id":"https:\/\/shopatoa.com\/ro\/#website","url":"https:\/\/shopatoa.com\/ro\/","name":"SHOPATOA","description":"","publisher":{"@id":"https:\/\/shopatoa.com\/ro\/#organization"},"potentialAction":[{"@type":"SearchAction","target":{"@type":"EntryPoint","urlTemplate":"https:\/\/shopatoa.com\/ro\/?s={search_term_string}"},"query-input":{"@type":"PropertyValueSpecification","valueRequired":true,"valueName":"search_term_string"}}],"inLanguage":"ro-RO"},{"@type":"Organization","@id":"https:\/\/shopatoa.com\/ro\/#organization","name":"SHOPATOA","url":"https:\/\/shopatoa.com\/ro\/","logo":{"@type":"ImageObject","inLanguage":"ro-RO","@id":"https:\/\/shopatoa.com\/ro\/#\/schema\/logo\/image\/","url":"https:\/\/storage.googleapis.com\/cz-shopatoa-img\/ro\/b4dac915-shopatoa_logo.png","contentUrl":"https:\/\/storage.googleapis.com\/cz-shopatoa-img\/ro\/b4dac915-shopatoa_logo.png","width":416,"height":63,"caption":"SHOPATOA"},"image":{"@id":"https:\/\/shopatoa.com\/ro\/#\/schema\/logo\/image\/"}}]}},"_links":{"self":[{"href":"https:\/\/shopatoa.com\/ro\/wp-json\/wp\/v2\/product\/361219","targetHints":{"allow":["GET"]}}],"collection":[{"href":"https:\/\/shopatoa.com\/ro\/wp-json\/wp\/v2\/product"}],"about":[{"href":"https:\/\/shopatoa.com\/ro\/wp-json\/wp\/v2\/types\/product"}],"replies":[{"embeddable":true,"href":"https:\/\/shopatoa.com\/ro\/wp-json\/wp\/v2\/comments?post=361219"}],"wp:featuredmedia":[{"embeddable":true,"href":"https:\/\/shopatoa.com\/ro\/wp-json\/wp\/v2\/media\/361221"}],"wp:attachment":[{"href":"https:\/\/shopatoa.com\/ro\/wp-json\/wp\/v2\/media?parent=361219"}],"wp:term":[{"taxonomy":"product_brand","embeddable":true,"href":"https:\/\/shopatoa.com\/ro\/wp-json\/wp\/v2\/product_brand?post=361219"},{"taxonomy":"product_cat","embeddable":true,"href":"https:\/\/shopatoa.com\/ro\/wp-json\/wp\/v2\/product_cat?post=361219"},{"taxonomy":"product_tag","embeddable":true,"href":"https:\/\/shopatoa.com\/ro\/wp-json\/wp\/v2\/product_tag?post=361219"}],"curies":[{"name":"wp","href":"https:\/\/api.w.org\/{rel}","templated":true}]}}