{"id":361549,"date":"2025-05-21T19:24:19","date_gmt":"2025-05-21T17:24:19","guid":{"rendered":"https:\/\/shopatoa.com\/ro\/kenzo-flower-by-kenzo-ikebana-edp-75-ml-lotiune-de-corp-75-ml-edp-10-ml-reincarcabil-2\/"},"modified":"2025-05-21T19:25:13","modified_gmt":"2025-05-21T17:25:13","slug":"kenzo-flower-by-kenzo-ikebana-edp-75-ml-lotiune-de-corp-75-ml-edp-10-ml-reincarcabil-2","status":"publish","type":"product","link":"https:\/\/shopatoa.com\/ro\/kenzo-flower-by-kenzo-ikebana-edp-75-ml-lotiune-de-corp-75-ml-edp-10-ml-reincarcabil-2\/","title":{"rendered":"Kenzo Flower By Kenzo Ikebana &#8211; EDP 75 ml + lo\u021biune de corp 75 ml + EDP 10 ml (re\u00eenc\u0103rcabil)"},"content":{"rendered":"<p>Flower By Kenzo Ikebana este un parfum lemnos-floral care aduce armonie, prospe\u021bime \u0219i bucurie \u00een via\u021ba dvs. Inspira\u021bia pentru aceast\u0103 ap\u0103 de parfum unic\u0103 a fost arta tradi\u021bional\u0103 japonez\u0103 a ikebana &#8211; aranjarea florilor. Compozi\u021bia se deschide cu note moi de ceai Soba Cha, care se combin\u0103 cu floare delicat\u0103 de cire\u0219 \u0219i tuberoz\u0103 indian\u0103 exotic\u0103. Aceste acorduri romantice trec treptat \u00eentr-o baz\u0103 lemnoas\u0103 cald\u0103, unde lemnul de santal australian, cedru \u0219i vetiver sunt combinate. Acest parfum perfect echilibrat v\u0103 invit\u0103 \u00eentr-o c\u0103l\u0103torie \u00eentr-o gr\u0103din\u0103 plin\u0103 de culori \u0219i arome \u0219i devine un partener ideal pentru purtarea de zi cu zi. Parfumul Flower By Kenzo Ikebana este rezultatul unei colabor\u0103ri creative dintre Masami Charlotte Lavault, ambasadorul m\u0103rcii, care s-a inspirat din cursul ei de flor\u0103rie \u0219i din magia ikebanei. Acest parfum nu este doar frumos, ci \u0219i durabil &#8211; con\u021bine p\u00e2n\u0103 la 90% ingrediente naturale, iar capacul s\u0103u de sticl\u0103, fabricat din sticl\u0103 reciclat\u0103, este complet reciclabil. Parfumul a fost lansat \u00een anul 2023 \u0219i a fost creat de Alberto Morillas \u0219i Alexandra Monet. L\u0103sa\u021bi-v\u0103 purtat\u0103 de elegan\u021ba \u0219i povestea sa inspirat\u0103 din natur\u0103 \u0219i tradi\u021bie. Setul include: ap\u0103 de parfum 75 ml lo\u021biune de corp 75 ml ap\u0103 de parfum 10 ml<\/p>\n","protected":false},"excerpt":{"rendered":"<p>Flower By Kenzo Ikebana este un parfum lemnos-floral care aduce armonie, prospe\u021bime \u0219i bucurie \u00een via\u021ba dvs. Inspira\u021bia pentru aceast\u0103 ap\u0103 de parfum unic\u0103 a fost arta tradi\u021bional\u0103 japonez\u0103 a ikebana &#8211; aranjarea florilor. Compozi\u021bia se deschide cu note moi de ceai Soba Cha, care se combin\u0103 cu floare delicat\u0103 de cire\u0219 \u0219i tuberoz\u0103 indian\u0103&#8230;<\/p>\n","protected":false},"featured_media":361551,"comment_status":"closed","ping_status":"open","template":"","meta":{"_acf_changed":false,"_kadence_starter_templates_imported_post":false,"_kad_post_transparent":"","_kad_post_title":"","_kad_post_layout":"","_kad_post_sidebar_id":"","_kad_post_content_style":"","_kad_post_vertical_padding":"","_kad_post_feature":"","_kad_post_feature_position":"","_kad_post_header":false,"_kad_post_footer":false,"_kad_post_classname":""},"product_brand":[401],"product_cat":[614,651],"product_tag":[],"class_list":{"0":"post-361549","1":"product","2":"type-product","3":"status-publish","4":"has-post-thumbnail","6":"product_brand-kenzo","7":"product_cat-parfumuri","8":"product_cat-seturi-cadou-de-parfumuri","10":"first","11":"instock","12":"product-type-external","13":"entry","14":"content-bg","15":"loop-entry"},"acf":[],"yoast_head":"<!-- This site is optimized with the Yoast SEO plugin v27.4 - https:\/\/yoast.com\/product\/yoast-seo-wordpress\/ -->\n<title>Kenzo Flower By Kenzo Ikebana - EDP 75 ml + lo\u021biune de corp 75 ml + EDP 10 ml (re\u00eenc\u0103rcabil) - SHOPATOA.COM<\/title>\n<meta name=\"robots\" content=\"index, follow, max-snippet:-1, max-image-preview:large, max-video-preview:-1\" \/>\n<link rel=\"canonical\" href=\"https:\/\/shopatoa.com\/ro\/kenzo-flower-by-kenzo-ikebana-edp-75-ml-lotiune-de-corp-75-ml-edp-10-ml-reincarcabil-2\/\" \/>\n<meta property=\"og:locale\" content=\"ro_RO\" \/>\n<meta property=\"og:type\" content=\"article\" \/>\n<meta property=\"og:title\" content=\"Kenzo Flower By Kenzo Ikebana - EDP 75 ml + lo\u021biune de corp 75 ml + EDP 10 ml (re\u00eenc\u0103rcabil) - SHOPATOA.COM\" \/>\n<meta property=\"og:description\" content=\"Flower By Kenzo Ikebana este un parfum lemnos-floral care aduce armonie, prospe\u021bime \u0219i bucurie \u00een via\u021ba dvs. Inspira\u021bia pentru aceast\u0103 ap\u0103 de parfum unic\u0103 a fost arta tradi\u021bional\u0103 japonez\u0103 a ikebana &#8211; aranjarea florilor. Compozi\u021bia se deschide cu note moi de ceai Soba Cha, care se combin\u0103 cu floare delicat\u0103 de cire\u0219 \u0219i tuberoz\u0103 indian\u0103...\" \/>\n<meta property=\"og:url\" content=\"https:\/\/shopatoa.com\/ro\/kenzo-flower-by-kenzo-ikebana-edp-75-ml-lotiune-de-corp-75-ml-edp-10-ml-reincarcabil-2\/\" \/>\n<meta property=\"og:site_name\" content=\"SHOPATOA\" \/>\n<meta property=\"article:modified_time\" content=\"2025-05-21T17:25:13+00:00\" \/>\n<meta property=\"og:image\" content=\"https:\/\/storage.googleapis.com\/cz-shopatoa-img\/ro\/b9d89ef9-unnamed-file.webp\" \/>\n\t<meta property=\"og:image:width\" content=\"800\" \/>\n\t<meta property=\"og:image:height\" content=\"800\" \/>\n\t<meta property=\"og:image:type\" content=\"image\/webp\" \/>\n<meta name=\"twitter:card\" content=\"summary_large_image\" \/>\n<meta name=\"twitter:label1\" content=\"Timp estimat pentru citire\" \/>\n\t<meta name=\"twitter:data1\" content=\"1 minut\" \/>\n<script type=\"application\/ld+json\" class=\"yoast-schema-graph\">{\"@context\":\"https:\\\/\\\/schema.org\",\"@graph\":[{\"@type\":\"WebPage\",\"@id\":\"https:\\\/\\\/shopatoa.com\\\/ro\\\/kenzo-flower-by-kenzo-ikebana-edp-75-ml-lotiune-de-corp-75-ml-edp-10-ml-reincarcabil-2\\\/\",\"url\":\"https:\\\/\\\/shopatoa.com\\\/ro\\\/kenzo-flower-by-kenzo-ikebana-edp-75-ml-lotiune-de-corp-75-ml-edp-10-ml-reincarcabil-2\\\/\",\"name\":\"Kenzo Flower By Kenzo Ikebana - EDP 75 ml + lo\u021biune de corp 75 ml + EDP 10 ml (re\u00eenc\u0103rcabil) - SHOPATOA.COM\",\"isPartOf\":{\"@id\":\"https:\\\/\\\/shopatoa.com\\\/ro\\\/#website\"},\"primaryImageOfPage\":{\"@id\":\"https:\\\/\\\/shopatoa.com\\\/ro\\\/kenzo-flower-by-kenzo-ikebana-edp-75-ml-lotiune-de-corp-75-ml-edp-10-ml-reincarcabil-2\\\/#primaryimage\"},\"image\":{\"@id\":\"https:\\\/\\\/shopatoa.com\\\/ro\\\/kenzo-flower-by-kenzo-ikebana-edp-75-ml-lotiune-de-corp-75-ml-edp-10-ml-reincarcabil-2\\\/#primaryimage\"},\"thumbnailUrl\":\"https:\\\/\\\/storage.googleapis.com\\\/cz-shopatoa-img\\\/ro\\\/b9d89ef9-unnamed-file.webp\",\"datePublished\":\"2025-05-21T17:24:19+00:00\",\"dateModified\":\"2025-05-21T17:25:13+00:00\",\"breadcrumb\":{\"@id\":\"https:\\\/\\\/shopatoa.com\\\/ro\\\/kenzo-flower-by-kenzo-ikebana-edp-75-ml-lotiune-de-corp-75-ml-edp-10-ml-reincarcabil-2\\\/#breadcrumb\"},\"inLanguage\":\"ro-RO\",\"potentialAction\":[{\"@type\":\"ReadAction\",\"target\":[\"https:\\\/\\\/shopatoa.com\\\/ro\\\/kenzo-flower-by-kenzo-ikebana-edp-75-ml-lotiune-de-corp-75-ml-edp-10-ml-reincarcabil-2\\\/\"]}]},{\"@type\":\"ImageObject\",\"inLanguage\":\"ro-RO\",\"@id\":\"https:\\\/\\\/shopatoa.com\\\/ro\\\/kenzo-flower-by-kenzo-ikebana-edp-75-ml-lotiune-de-corp-75-ml-edp-10-ml-reincarcabil-2\\\/#primaryimage\",\"url\":\"https:\\\/\\\/storage.googleapis.com\\\/cz-shopatoa-img\\\/ro\\\/b9d89ef9-unnamed-file.webp\",\"contentUrl\":\"https:\\\/\\\/storage.googleapis.com\\\/cz-shopatoa-img\\\/ro\\\/b9d89ef9-unnamed-file.webp\",\"width\":800,\"height\":800},{\"@type\":\"BreadcrumbList\",\"@id\":\"https:\\\/\\\/shopatoa.com\\\/ro\\\/kenzo-flower-by-kenzo-ikebana-edp-75-ml-lotiune-de-corp-75-ml-edp-10-ml-reincarcabil-2\\\/#breadcrumb\",\"itemListElement\":[{\"@type\":\"ListItem\",\"position\":1,\"name\":\"Dom\u016f\",\"item\":\"https:\\\/\\\/shopatoa.com\\\/ro\\\/\"},{\"@type\":\"ListItem\",\"position\":2,\"name\":\"Shop\",\"item\":\"https:\\\/\\\/shopatoa.com\\\/ro\\\/shop\\\/\"},{\"@type\":\"ListItem\",\"position\":3,\"name\":\"Kenzo Flower By Kenzo Ikebana &#8211; EDP 75 ml + lo\u021biune de corp 75 ml + EDP 10 ml (re\u00eenc\u0103rcabil)\"}]},{\"@type\":\"WebSite\",\"@id\":\"https:\\\/\\\/shopatoa.com\\\/ro\\\/#website\",\"url\":\"https:\\\/\\\/shopatoa.com\\\/ro\\\/\",\"name\":\"SHOPATOA\",\"description\":\"\",\"publisher\":{\"@id\":\"https:\\\/\\\/shopatoa.com\\\/ro\\\/#organization\"},\"potentialAction\":[{\"@type\":\"SearchAction\",\"target\":{\"@type\":\"EntryPoint\",\"urlTemplate\":\"https:\\\/\\\/shopatoa.com\\\/ro\\\/?s={search_term_string}\"},\"query-input\":{\"@type\":\"PropertyValueSpecification\",\"valueRequired\":true,\"valueName\":\"search_term_string\"}}],\"inLanguage\":\"ro-RO\"},{\"@type\":\"Organization\",\"@id\":\"https:\\\/\\\/shopatoa.com\\\/ro\\\/#organization\",\"name\":\"SHOPATOA\",\"url\":\"https:\\\/\\\/shopatoa.com\\\/ro\\\/\",\"logo\":{\"@type\":\"ImageObject\",\"inLanguage\":\"ro-RO\",\"@id\":\"https:\\\/\\\/shopatoa.com\\\/ro\\\/#\\\/schema\\\/logo\\\/image\\\/\",\"url\":\"https:\\\/\\\/storage.googleapis.com\\\/cz-shopatoa-img\\\/ro\\\/b4dac915-shopatoa_logo.png\",\"contentUrl\":\"https:\\\/\\\/storage.googleapis.com\\\/cz-shopatoa-img\\\/ro\\\/b4dac915-shopatoa_logo.png\",\"width\":416,\"height\":63,\"caption\":\"SHOPATOA\"},\"image\":{\"@id\":\"https:\\\/\\\/shopatoa.com\\\/ro\\\/#\\\/schema\\\/logo\\\/image\\\/\"}}]}<\/script>\n<!-- \/ Yoast SEO plugin. -->","yoast_head_json":{"title":"Kenzo Flower By Kenzo Ikebana - EDP 75 ml + lo\u021biune de corp 75 ml + EDP 10 ml (re\u00eenc\u0103rcabil) - SHOPATOA.COM","robots":{"index":"index","follow":"follow","max-snippet":"max-snippet:-1","max-image-preview":"max-image-preview:large","max-video-preview":"max-video-preview:-1"},"canonical":"https:\/\/shopatoa.com\/ro\/kenzo-flower-by-kenzo-ikebana-edp-75-ml-lotiune-de-corp-75-ml-edp-10-ml-reincarcabil-2\/","og_locale":"ro_RO","og_type":"article","og_title":"Kenzo Flower By Kenzo Ikebana - EDP 75 ml + lo\u021biune de corp 75 ml + EDP 10 ml (re\u00eenc\u0103rcabil) - SHOPATOA.COM","og_description":"Flower By Kenzo Ikebana este un parfum lemnos-floral care aduce armonie, prospe\u021bime \u0219i bucurie \u00een via\u021ba dvs. Inspira\u021bia pentru aceast\u0103 ap\u0103 de parfum unic\u0103 a fost arta tradi\u021bional\u0103 japonez\u0103 a ikebana &#8211; aranjarea florilor. Compozi\u021bia se deschide cu note moi de ceai Soba Cha, care se combin\u0103 cu floare delicat\u0103 de cire\u0219 \u0219i tuberoz\u0103 indian\u0103...","og_url":"https:\/\/shopatoa.com\/ro\/kenzo-flower-by-kenzo-ikebana-edp-75-ml-lotiune-de-corp-75-ml-edp-10-ml-reincarcabil-2\/","og_site_name":"SHOPATOA","article_modified_time":"2025-05-21T17:25:13+00:00","og_image":[{"width":800,"height":800,"url":"https:\/\/storage.googleapis.com\/cz-shopatoa-img\/ro\/b9d89ef9-unnamed-file.webp","type":"image\/webp"}],"twitter_card":"summary_large_image","twitter_misc":{"Timp estimat pentru citire":"1 minut"},"schema":{"@context":"https:\/\/schema.org","@graph":[{"@type":"WebPage","@id":"https:\/\/shopatoa.com\/ro\/kenzo-flower-by-kenzo-ikebana-edp-75-ml-lotiune-de-corp-75-ml-edp-10-ml-reincarcabil-2\/","url":"https:\/\/shopatoa.com\/ro\/kenzo-flower-by-kenzo-ikebana-edp-75-ml-lotiune-de-corp-75-ml-edp-10-ml-reincarcabil-2\/","name":"Kenzo Flower By Kenzo Ikebana - EDP 75 ml + lo\u021biune de corp 75 ml + EDP 10 ml (re\u00eenc\u0103rcabil) - SHOPATOA.COM","isPartOf":{"@id":"https:\/\/shopatoa.com\/ro\/#website"},"primaryImageOfPage":{"@id":"https:\/\/shopatoa.com\/ro\/kenzo-flower-by-kenzo-ikebana-edp-75-ml-lotiune-de-corp-75-ml-edp-10-ml-reincarcabil-2\/#primaryimage"},"image":{"@id":"https:\/\/shopatoa.com\/ro\/kenzo-flower-by-kenzo-ikebana-edp-75-ml-lotiune-de-corp-75-ml-edp-10-ml-reincarcabil-2\/#primaryimage"},"thumbnailUrl":"https:\/\/storage.googleapis.com\/cz-shopatoa-img\/ro\/b9d89ef9-unnamed-file.webp","datePublished":"2025-05-21T17:24:19+00:00","dateModified":"2025-05-21T17:25:13+00:00","breadcrumb":{"@id":"https:\/\/shopatoa.com\/ro\/kenzo-flower-by-kenzo-ikebana-edp-75-ml-lotiune-de-corp-75-ml-edp-10-ml-reincarcabil-2\/#breadcrumb"},"inLanguage":"ro-RO","potentialAction":[{"@type":"ReadAction","target":["https:\/\/shopatoa.com\/ro\/kenzo-flower-by-kenzo-ikebana-edp-75-ml-lotiune-de-corp-75-ml-edp-10-ml-reincarcabil-2\/"]}]},{"@type":"ImageObject","inLanguage":"ro-RO","@id":"https:\/\/shopatoa.com\/ro\/kenzo-flower-by-kenzo-ikebana-edp-75-ml-lotiune-de-corp-75-ml-edp-10-ml-reincarcabil-2\/#primaryimage","url":"https:\/\/storage.googleapis.com\/cz-shopatoa-img\/ro\/b9d89ef9-unnamed-file.webp","contentUrl":"https:\/\/storage.googleapis.com\/cz-shopatoa-img\/ro\/b9d89ef9-unnamed-file.webp","width":800,"height":800},{"@type":"BreadcrumbList","@id":"https:\/\/shopatoa.com\/ro\/kenzo-flower-by-kenzo-ikebana-edp-75-ml-lotiune-de-corp-75-ml-edp-10-ml-reincarcabil-2\/#breadcrumb","itemListElement":[{"@type":"ListItem","position":1,"name":"Dom\u016f","item":"https:\/\/shopatoa.com\/ro\/"},{"@type":"ListItem","position":2,"name":"Shop","item":"https:\/\/shopatoa.com\/ro\/shop\/"},{"@type":"ListItem","position":3,"name":"Kenzo Flower By Kenzo Ikebana &#8211; EDP 75 ml + lo\u021biune de corp 75 ml + EDP 10 ml (re\u00eenc\u0103rcabil)"}]},{"@type":"WebSite","@id":"https:\/\/shopatoa.com\/ro\/#website","url":"https:\/\/shopatoa.com\/ro\/","name":"SHOPATOA","description":"","publisher":{"@id":"https:\/\/shopatoa.com\/ro\/#organization"},"potentialAction":[{"@type":"SearchAction","target":{"@type":"EntryPoint","urlTemplate":"https:\/\/shopatoa.com\/ro\/?s={search_term_string}"},"query-input":{"@type":"PropertyValueSpecification","valueRequired":true,"valueName":"search_term_string"}}],"inLanguage":"ro-RO"},{"@type":"Organization","@id":"https:\/\/shopatoa.com\/ro\/#organization","name":"SHOPATOA","url":"https:\/\/shopatoa.com\/ro\/","logo":{"@type":"ImageObject","inLanguage":"ro-RO","@id":"https:\/\/shopatoa.com\/ro\/#\/schema\/logo\/image\/","url":"https:\/\/storage.googleapis.com\/cz-shopatoa-img\/ro\/b4dac915-shopatoa_logo.png","contentUrl":"https:\/\/storage.googleapis.com\/cz-shopatoa-img\/ro\/b4dac915-shopatoa_logo.png","width":416,"height":63,"caption":"SHOPATOA"},"image":{"@id":"https:\/\/shopatoa.com\/ro\/#\/schema\/logo\/image\/"}}]}},"_links":{"self":[{"href":"https:\/\/shopatoa.com\/ro\/wp-json\/wp\/v2\/product\/361549","targetHints":{"allow":["GET"]}}],"collection":[{"href":"https:\/\/shopatoa.com\/ro\/wp-json\/wp\/v2\/product"}],"about":[{"href":"https:\/\/shopatoa.com\/ro\/wp-json\/wp\/v2\/types\/product"}],"replies":[{"embeddable":true,"href":"https:\/\/shopatoa.com\/ro\/wp-json\/wp\/v2\/comments?post=361549"}],"wp:featuredmedia":[{"embeddable":true,"href":"https:\/\/shopatoa.com\/ro\/wp-json\/wp\/v2\/media\/361551"}],"wp:attachment":[{"href":"https:\/\/shopatoa.com\/ro\/wp-json\/wp\/v2\/media?parent=361549"}],"wp:term":[{"taxonomy":"product_brand","embeddable":true,"href":"https:\/\/shopatoa.com\/ro\/wp-json\/wp\/v2\/product_brand?post=361549"},{"taxonomy":"product_cat","embeddable":true,"href":"https:\/\/shopatoa.com\/ro\/wp-json\/wp\/v2\/product_cat?post=361549"},{"taxonomy":"product_tag","embeddable":true,"href":"https:\/\/shopatoa.com\/ro\/wp-json\/wp\/v2\/product_tag?post=361549"}],"curies":[{"name":"wp","href":"https:\/\/api.w.org\/{rel}","templated":true}]}}