{"id":361553,"date":"2025-05-21T19:24:19","date_gmt":"2025-05-21T17:24:19","guid":{"rendered":"https:\/\/shopatoa.com\/ro\/kenzo-flower-by-kenzo-poppy-bouquet-edp-100-ml-lotiune-de-corp-75-ml-edp-10-ml-reincarcabil-2\/"},"modified":"2025-05-21T19:25:23","modified_gmt":"2025-05-21T17:25:23","slug":"kenzo-flower-by-kenzo-poppy-bouquet-edp-100-ml-lotiune-de-corp-75-ml-edp-10-ml-reincarcabil-2","status":"publish","type":"product","link":"https:\/\/shopatoa.com\/ro\/kenzo-flower-by-kenzo-poppy-bouquet-edp-100-ml-lotiune-de-corp-75-ml-edp-10-ml-reincarcabil-2\/","title":{"rendered":"Kenzo Flower By Kenzo Poppy Bouquet &#8211; EDP 100 ml + lo\u021biune de corp 75 ml + EDP 10 ml (re\u00eenc\u0103rcabil)"},"content":{"rendered":"<p>Flower By Kenzo Poppy Bouquet este o ap\u0103 de parfum pentru femeile care \u00ee\u0219i doresc un parfum de calitate. Nota de deschidere cu par\u0103 nashi arat\u0103 compozi\u021bia ca fiind suculent\u0103 \u0219i dulce ca mierea. Inima nobil\u0103 \u00eembin\u0103 gardeniile cu trandafirii bulgari. Nota final\u0103 v\u0103 va \u00eenv\u0103lui u\u0219or \u00eentr-o baz\u0103 cald\u0103. Parfumul a fost lansat pe pia\u021b\u0103 \u00een anul 2020. Setul include: ap\u0103 de parfum 100 ml lo\u021biune de corp 75 ml ap\u0103 de parfum 10 ml<\/p>\n","protected":false},"excerpt":{"rendered":"<p>Flower By Kenzo Poppy Bouquet este o ap\u0103 de parfum pentru femeile care \u00ee\u0219i doresc un parfum de calitate. Nota de deschidere cu par\u0103 nashi arat\u0103 compozi\u021bia ca fiind suculent\u0103 \u0219i dulce ca mierea. Inima nobil\u0103 \u00eembin\u0103 gardeniile cu trandafirii bulgari. Nota final\u0103 v\u0103 va \u00eenv\u0103lui u\u0219or \u00eentr-o baz\u0103 cald\u0103. Parfumul a fost lansat pe&#8230;<\/p>\n","protected":false},"featured_media":361555,"comment_status":"closed","ping_status":"open","template":"","meta":{"_acf_changed":false,"_kadence_starter_templates_imported_post":false,"_kad_post_transparent":"","_kad_post_title":"","_kad_post_layout":"","_kad_post_sidebar_id":"","_kad_post_content_style":"","_kad_post_vertical_padding":"","_kad_post_feature":"","_kad_post_feature_position":"","_kad_post_header":false,"_kad_post_footer":false,"_kad_post_classname":""},"product_brand":[401],"product_cat":[614,651],"product_tag":[],"class_list":{"0":"post-361553","1":"product","2":"type-product","3":"status-publish","4":"has-post-thumbnail","6":"product_brand-kenzo","7":"product_cat-parfumuri","8":"product_cat-seturi-cadou-de-parfumuri","10":"first","11":"instock","12":"product-type-external","13":"entry","14":"content-bg","15":"loop-entry"},"acf":[],"yoast_head":"<!-- This site is optimized with the Yoast SEO plugin v27.4 - https:\/\/yoast.com\/product\/yoast-seo-wordpress\/ -->\n<title>Kenzo Flower By Kenzo Poppy Bouquet - EDP 100 ml + lo\u021biune de corp 75 ml + EDP 10 ml (re\u00eenc\u0103rcabil) - SHOPATOA.COM<\/title>\n<meta name=\"robots\" content=\"index, follow, max-snippet:-1, max-image-preview:large, max-video-preview:-1\" \/>\n<link rel=\"canonical\" href=\"https:\/\/shopatoa.com\/ro\/kenzo-flower-by-kenzo-poppy-bouquet-edp-100-ml-lotiune-de-corp-75-ml-edp-10-ml-reincarcabil-2\/\" \/>\n<meta property=\"og:locale\" content=\"ro_RO\" \/>\n<meta property=\"og:type\" content=\"article\" \/>\n<meta property=\"og:title\" content=\"Kenzo Flower By Kenzo Poppy Bouquet - EDP 100 ml + lo\u021biune de corp 75 ml + EDP 10 ml (re\u00eenc\u0103rcabil) - SHOPATOA.COM\" \/>\n<meta property=\"og:description\" content=\"Flower By Kenzo Poppy Bouquet este o ap\u0103 de parfum pentru femeile care \u00ee\u0219i doresc un parfum de calitate. Nota de deschidere cu par\u0103 nashi arat\u0103 compozi\u021bia ca fiind suculent\u0103 \u0219i dulce ca mierea. Inima nobil\u0103 \u00eembin\u0103 gardeniile cu trandafirii bulgari. Nota final\u0103 v\u0103 va \u00eenv\u0103lui u\u0219or \u00eentr-o baz\u0103 cald\u0103. Parfumul a fost lansat pe...\" \/>\n<meta property=\"og:url\" content=\"https:\/\/shopatoa.com\/ro\/kenzo-flower-by-kenzo-poppy-bouquet-edp-100-ml-lotiune-de-corp-75-ml-edp-10-ml-reincarcabil-2\/\" \/>\n<meta property=\"og:site_name\" content=\"SHOPATOA\" \/>\n<meta property=\"article:modified_time\" content=\"2025-05-21T17:25:23+00:00\" \/>\n<meta property=\"og:image\" content=\"https:\/\/storage.googleapis.com\/cz-shopatoa-img\/ro\/b978c5b5-unnamed-file.webp\" \/>\n\t<meta property=\"og:image:width\" content=\"800\" \/>\n\t<meta property=\"og:image:height\" content=\"800\" \/>\n\t<meta property=\"og:image:type\" content=\"image\/webp\" \/>\n<meta name=\"twitter:card\" content=\"summary_large_image\" \/>\n<script type=\"application\/ld+json\" class=\"yoast-schema-graph\">{\"@context\":\"https:\\\/\\\/schema.org\",\"@graph\":[{\"@type\":\"WebPage\",\"@id\":\"https:\\\/\\\/shopatoa.com\\\/ro\\\/kenzo-flower-by-kenzo-poppy-bouquet-edp-100-ml-lotiune-de-corp-75-ml-edp-10-ml-reincarcabil-2\\\/\",\"url\":\"https:\\\/\\\/shopatoa.com\\\/ro\\\/kenzo-flower-by-kenzo-poppy-bouquet-edp-100-ml-lotiune-de-corp-75-ml-edp-10-ml-reincarcabil-2\\\/\",\"name\":\"Kenzo Flower By Kenzo Poppy Bouquet - EDP 100 ml + lo\u021biune de corp 75 ml + EDP 10 ml (re\u00eenc\u0103rcabil) - SHOPATOA.COM\",\"isPartOf\":{\"@id\":\"https:\\\/\\\/shopatoa.com\\\/ro\\\/#website\"},\"primaryImageOfPage\":{\"@id\":\"https:\\\/\\\/shopatoa.com\\\/ro\\\/kenzo-flower-by-kenzo-poppy-bouquet-edp-100-ml-lotiune-de-corp-75-ml-edp-10-ml-reincarcabil-2\\\/#primaryimage\"},\"image\":{\"@id\":\"https:\\\/\\\/shopatoa.com\\\/ro\\\/kenzo-flower-by-kenzo-poppy-bouquet-edp-100-ml-lotiune-de-corp-75-ml-edp-10-ml-reincarcabil-2\\\/#primaryimage\"},\"thumbnailUrl\":\"https:\\\/\\\/storage.googleapis.com\\\/cz-shopatoa-img\\\/ro\\\/b978c5b5-unnamed-file.webp\",\"datePublished\":\"2025-05-21T17:24:19+00:00\",\"dateModified\":\"2025-05-21T17:25:23+00:00\",\"breadcrumb\":{\"@id\":\"https:\\\/\\\/shopatoa.com\\\/ro\\\/kenzo-flower-by-kenzo-poppy-bouquet-edp-100-ml-lotiune-de-corp-75-ml-edp-10-ml-reincarcabil-2\\\/#breadcrumb\"},\"inLanguage\":\"ro-RO\",\"potentialAction\":[{\"@type\":\"ReadAction\",\"target\":[\"https:\\\/\\\/shopatoa.com\\\/ro\\\/kenzo-flower-by-kenzo-poppy-bouquet-edp-100-ml-lotiune-de-corp-75-ml-edp-10-ml-reincarcabil-2\\\/\"]}]},{\"@type\":\"ImageObject\",\"inLanguage\":\"ro-RO\",\"@id\":\"https:\\\/\\\/shopatoa.com\\\/ro\\\/kenzo-flower-by-kenzo-poppy-bouquet-edp-100-ml-lotiune-de-corp-75-ml-edp-10-ml-reincarcabil-2\\\/#primaryimage\",\"url\":\"https:\\\/\\\/storage.googleapis.com\\\/cz-shopatoa-img\\\/ro\\\/b978c5b5-unnamed-file.webp\",\"contentUrl\":\"https:\\\/\\\/storage.googleapis.com\\\/cz-shopatoa-img\\\/ro\\\/b978c5b5-unnamed-file.webp\",\"width\":800,\"height\":800},{\"@type\":\"BreadcrumbList\",\"@id\":\"https:\\\/\\\/shopatoa.com\\\/ro\\\/kenzo-flower-by-kenzo-poppy-bouquet-edp-100-ml-lotiune-de-corp-75-ml-edp-10-ml-reincarcabil-2\\\/#breadcrumb\",\"itemListElement\":[{\"@type\":\"ListItem\",\"position\":1,\"name\":\"Dom\u016f\",\"item\":\"https:\\\/\\\/shopatoa.com\\\/ro\\\/\"},{\"@type\":\"ListItem\",\"position\":2,\"name\":\"Shop\",\"item\":\"https:\\\/\\\/shopatoa.com\\\/ro\\\/shop\\\/\"},{\"@type\":\"ListItem\",\"position\":3,\"name\":\"Kenzo Flower By Kenzo Poppy Bouquet &#8211; EDP 100 ml + lo\u021biune de corp 75 ml + EDP 10 ml (re\u00eenc\u0103rcabil)\"}]},{\"@type\":\"WebSite\",\"@id\":\"https:\\\/\\\/shopatoa.com\\\/ro\\\/#website\",\"url\":\"https:\\\/\\\/shopatoa.com\\\/ro\\\/\",\"name\":\"SHOPATOA\",\"description\":\"\",\"publisher\":{\"@id\":\"https:\\\/\\\/shopatoa.com\\\/ro\\\/#organization\"},\"potentialAction\":[{\"@type\":\"SearchAction\",\"target\":{\"@type\":\"EntryPoint\",\"urlTemplate\":\"https:\\\/\\\/shopatoa.com\\\/ro\\\/?s={search_term_string}\"},\"query-input\":{\"@type\":\"PropertyValueSpecification\",\"valueRequired\":true,\"valueName\":\"search_term_string\"}}],\"inLanguage\":\"ro-RO\"},{\"@type\":\"Organization\",\"@id\":\"https:\\\/\\\/shopatoa.com\\\/ro\\\/#organization\",\"name\":\"SHOPATOA\",\"url\":\"https:\\\/\\\/shopatoa.com\\\/ro\\\/\",\"logo\":{\"@type\":\"ImageObject\",\"inLanguage\":\"ro-RO\",\"@id\":\"https:\\\/\\\/shopatoa.com\\\/ro\\\/#\\\/schema\\\/logo\\\/image\\\/\",\"url\":\"https:\\\/\\\/storage.googleapis.com\\\/cz-shopatoa-img\\\/ro\\\/b4dac915-shopatoa_logo.png\",\"contentUrl\":\"https:\\\/\\\/storage.googleapis.com\\\/cz-shopatoa-img\\\/ro\\\/b4dac915-shopatoa_logo.png\",\"width\":416,\"height\":63,\"caption\":\"SHOPATOA\"},\"image\":{\"@id\":\"https:\\\/\\\/shopatoa.com\\\/ro\\\/#\\\/schema\\\/logo\\\/image\\\/\"}}]}<\/script>\n<!-- \/ Yoast SEO plugin. -->","yoast_head_json":{"title":"Kenzo Flower By Kenzo Poppy Bouquet - EDP 100 ml + lo\u021biune de corp 75 ml + EDP 10 ml (re\u00eenc\u0103rcabil) - SHOPATOA.COM","robots":{"index":"index","follow":"follow","max-snippet":"max-snippet:-1","max-image-preview":"max-image-preview:large","max-video-preview":"max-video-preview:-1"},"canonical":"https:\/\/shopatoa.com\/ro\/kenzo-flower-by-kenzo-poppy-bouquet-edp-100-ml-lotiune-de-corp-75-ml-edp-10-ml-reincarcabil-2\/","og_locale":"ro_RO","og_type":"article","og_title":"Kenzo Flower By Kenzo Poppy Bouquet - EDP 100 ml + lo\u021biune de corp 75 ml + EDP 10 ml (re\u00eenc\u0103rcabil) - SHOPATOA.COM","og_description":"Flower By Kenzo Poppy Bouquet este o ap\u0103 de parfum pentru femeile care \u00ee\u0219i doresc un parfum de calitate. Nota de deschidere cu par\u0103 nashi arat\u0103 compozi\u021bia ca fiind suculent\u0103 \u0219i dulce ca mierea. Inima nobil\u0103 \u00eembin\u0103 gardeniile cu trandafirii bulgari. Nota final\u0103 v\u0103 va \u00eenv\u0103lui u\u0219or \u00eentr-o baz\u0103 cald\u0103. Parfumul a fost lansat pe...","og_url":"https:\/\/shopatoa.com\/ro\/kenzo-flower-by-kenzo-poppy-bouquet-edp-100-ml-lotiune-de-corp-75-ml-edp-10-ml-reincarcabil-2\/","og_site_name":"SHOPATOA","article_modified_time":"2025-05-21T17:25:23+00:00","og_image":[{"width":800,"height":800,"url":"https:\/\/storage.googleapis.com\/cz-shopatoa-img\/ro\/b978c5b5-unnamed-file.webp","type":"image\/webp"}],"twitter_card":"summary_large_image","schema":{"@context":"https:\/\/schema.org","@graph":[{"@type":"WebPage","@id":"https:\/\/shopatoa.com\/ro\/kenzo-flower-by-kenzo-poppy-bouquet-edp-100-ml-lotiune-de-corp-75-ml-edp-10-ml-reincarcabil-2\/","url":"https:\/\/shopatoa.com\/ro\/kenzo-flower-by-kenzo-poppy-bouquet-edp-100-ml-lotiune-de-corp-75-ml-edp-10-ml-reincarcabil-2\/","name":"Kenzo Flower By Kenzo Poppy Bouquet - EDP 100 ml + lo\u021biune de corp 75 ml + EDP 10 ml (re\u00eenc\u0103rcabil) - SHOPATOA.COM","isPartOf":{"@id":"https:\/\/shopatoa.com\/ro\/#website"},"primaryImageOfPage":{"@id":"https:\/\/shopatoa.com\/ro\/kenzo-flower-by-kenzo-poppy-bouquet-edp-100-ml-lotiune-de-corp-75-ml-edp-10-ml-reincarcabil-2\/#primaryimage"},"image":{"@id":"https:\/\/shopatoa.com\/ro\/kenzo-flower-by-kenzo-poppy-bouquet-edp-100-ml-lotiune-de-corp-75-ml-edp-10-ml-reincarcabil-2\/#primaryimage"},"thumbnailUrl":"https:\/\/storage.googleapis.com\/cz-shopatoa-img\/ro\/b978c5b5-unnamed-file.webp","datePublished":"2025-05-21T17:24:19+00:00","dateModified":"2025-05-21T17:25:23+00:00","breadcrumb":{"@id":"https:\/\/shopatoa.com\/ro\/kenzo-flower-by-kenzo-poppy-bouquet-edp-100-ml-lotiune-de-corp-75-ml-edp-10-ml-reincarcabil-2\/#breadcrumb"},"inLanguage":"ro-RO","potentialAction":[{"@type":"ReadAction","target":["https:\/\/shopatoa.com\/ro\/kenzo-flower-by-kenzo-poppy-bouquet-edp-100-ml-lotiune-de-corp-75-ml-edp-10-ml-reincarcabil-2\/"]}]},{"@type":"ImageObject","inLanguage":"ro-RO","@id":"https:\/\/shopatoa.com\/ro\/kenzo-flower-by-kenzo-poppy-bouquet-edp-100-ml-lotiune-de-corp-75-ml-edp-10-ml-reincarcabil-2\/#primaryimage","url":"https:\/\/storage.googleapis.com\/cz-shopatoa-img\/ro\/b978c5b5-unnamed-file.webp","contentUrl":"https:\/\/storage.googleapis.com\/cz-shopatoa-img\/ro\/b978c5b5-unnamed-file.webp","width":800,"height":800},{"@type":"BreadcrumbList","@id":"https:\/\/shopatoa.com\/ro\/kenzo-flower-by-kenzo-poppy-bouquet-edp-100-ml-lotiune-de-corp-75-ml-edp-10-ml-reincarcabil-2\/#breadcrumb","itemListElement":[{"@type":"ListItem","position":1,"name":"Dom\u016f","item":"https:\/\/shopatoa.com\/ro\/"},{"@type":"ListItem","position":2,"name":"Shop","item":"https:\/\/shopatoa.com\/ro\/shop\/"},{"@type":"ListItem","position":3,"name":"Kenzo Flower By Kenzo Poppy Bouquet &#8211; EDP 100 ml + lo\u021biune de corp 75 ml + EDP 10 ml (re\u00eenc\u0103rcabil)"}]},{"@type":"WebSite","@id":"https:\/\/shopatoa.com\/ro\/#website","url":"https:\/\/shopatoa.com\/ro\/","name":"SHOPATOA","description":"","publisher":{"@id":"https:\/\/shopatoa.com\/ro\/#organization"},"potentialAction":[{"@type":"SearchAction","target":{"@type":"EntryPoint","urlTemplate":"https:\/\/shopatoa.com\/ro\/?s={search_term_string}"},"query-input":{"@type":"PropertyValueSpecification","valueRequired":true,"valueName":"search_term_string"}}],"inLanguage":"ro-RO"},{"@type":"Organization","@id":"https:\/\/shopatoa.com\/ro\/#organization","name":"SHOPATOA","url":"https:\/\/shopatoa.com\/ro\/","logo":{"@type":"ImageObject","inLanguage":"ro-RO","@id":"https:\/\/shopatoa.com\/ro\/#\/schema\/logo\/image\/","url":"https:\/\/storage.googleapis.com\/cz-shopatoa-img\/ro\/b4dac915-shopatoa_logo.png","contentUrl":"https:\/\/storage.googleapis.com\/cz-shopatoa-img\/ro\/b4dac915-shopatoa_logo.png","width":416,"height":63,"caption":"SHOPATOA"},"image":{"@id":"https:\/\/shopatoa.com\/ro\/#\/schema\/logo\/image\/"}}]}},"_links":{"self":[{"href":"https:\/\/shopatoa.com\/ro\/wp-json\/wp\/v2\/product\/361553","targetHints":{"allow":["GET"]}}],"collection":[{"href":"https:\/\/shopatoa.com\/ro\/wp-json\/wp\/v2\/product"}],"about":[{"href":"https:\/\/shopatoa.com\/ro\/wp-json\/wp\/v2\/types\/product"}],"replies":[{"embeddable":true,"href":"https:\/\/shopatoa.com\/ro\/wp-json\/wp\/v2\/comments?post=361553"}],"wp:featuredmedia":[{"embeddable":true,"href":"https:\/\/shopatoa.com\/ro\/wp-json\/wp\/v2\/media\/361555"}],"wp:attachment":[{"href":"https:\/\/shopatoa.com\/ro\/wp-json\/wp\/v2\/media?parent=361553"}],"wp:term":[{"taxonomy":"product_brand","embeddable":true,"href":"https:\/\/shopatoa.com\/ro\/wp-json\/wp\/v2\/product_brand?post=361553"},{"taxonomy":"product_cat","embeddable":true,"href":"https:\/\/shopatoa.com\/ro\/wp-json\/wp\/v2\/product_cat?post=361553"},{"taxonomy":"product_tag","embeddable":true,"href":"https:\/\/shopatoa.com\/ro\/wp-json\/wp\/v2\/product_tag?post=361553"}],"curies":[{"name":"wp","href":"https:\/\/api.w.org\/{rel}","templated":true}]}}