{"id":361565,"date":"2025-05-21T19:24:19","date_gmt":"2025-05-21T17:24:19","guid":{"rendered":"https:\/\/shopatoa.com\/ro\/loreal-professionnel-placa-de-par-profesionala-multifunctionala-steampod-utopia-2\/"},"modified":"2025-05-21T19:25:53","modified_gmt":"2025-05-21T17:25:53","slug":"loreal-professionnel-placa-de-par-profesionala-multifunctionala-steampod-utopia-2","status":"publish","type":"product","link":"https:\/\/shopatoa.com\/ro\/loreal-professionnel-placa-de-par-profesionala-multifunctionala-steampod-utopia-2\/","title":{"rendered":"L&#8217;Or\u00e9al Professionnel Plac\u0103 de p\u0103r profesional\u0103 multifunc\u021bional\u0103 Steampod Utopia"},"content":{"rendered":"<p>SteamPod 4 de la L&#8217;Or\u00e9al Professionnel este o plac\u0103 de p\u0103r profesional multifunc\u021bional\u0103 cu tehnologie patentat\u0103 cu abur cu ajutorul c\u0103reia pute\u021bi aranja p\u0103rul. Pentru toate coafurile, toate tipurile de p\u0103r. De p\u00e2n\u0103 la 3 ori mai rapid\u00b9, de p\u00e2n\u0103 la 2 ori mai fin\u00b9, cu p\u00e2n\u0103 la 95% mai pu\u021bin\u0103 rupere a p\u0103rului\u00b2. Coafuri de lung\u0103 durat\u0103\u00b3, mai flexibile\u2074, valuri mai pronun\u021bate\u2074, p\u0103r vizibil mai neted.\u2075 SteamPod 4 introduce pl\u0103ci ceramice mai late pentru o aranjare mai u\u0219oar\u0103: acum v\u0103 pute\u021bi apropia cu p\u00e2n\u0103 la 30% de r\u0103d\u0103cini pentru un rezultat perfect neted de la r\u0103d\u0103cin\u0103 la v\u00e2rf. Crea\u021bi valuri mai puternice\u2074, mai \u00eendr\u0103zne\u021be\u2074 cu un nou sistem exterior, cu un design mai rotunjit, care se \u00eenc\u0103lze\u0219te p\u00e2n\u0103 la 100\u00b0C. SteamPod 4 dispune de tehnologie patentat\u0103 de abur: dispersie continu\u0103 a aburului uscat (0,8 g\/min) pentru un p\u0103r vizibil mai neted.\u2075 Descoperi\u021bi accesorii exclusive \u0219i bucura\u021bi-v\u0103 la maximum de placa de p\u0103r SteamPod 4: Cu placa SteamPod 4, prime\u0219ti un set de 3 piepteni de optimizare a aburului (adapta\u021bi la tipurile individuale de p\u0103r). \u00b9Test instrument, SteamPod 4 comparativ cu SteamPod 4 f\u0103r\u0103 abur \u0219i pieptene. Testat pe p\u0103r de tip V (p\u0103r cre\u021b). \u00b2Ruperea p\u0103rului m\u0103surat\u0103 dup\u0103 piept\u0103narea repetat\u0103 a p\u0103rului deschis la culoare de tip V (p\u0103r cre\u021b) dup\u0103 15 mi\u0219c\u0103ri de SteamPod 4, comparativ cu SteamPod 4 f\u0103r\u0103 abur \u0219i pieptene. \u00b3Test instrumental: performan\u021ba SteamPod 4 \u00een compara\u021bie cu SteamPod 4 f\u0103r\u0103 abur \u0219i pieptene. \u2074Test senzorial pe 38 de persoane. SteamPod 4 comparativ cu Steampod 3. \u2075 Test senzorial pe 30 de persoane. Steampod 4 comparativ cu Steampod 3.<\/p>\n","protected":false},"excerpt":{"rendered":"<p>SteamPod 4 de la L&#8217;Or\u00e9al Professionnel este o plac\u0103 de p\u0103r profesional multifunc\u021bional\u0103 cu tehnologie patentat\u0103 cu abur cu ajutorul c\u0103reia pute\u021bi aranja p\u0103rul. Pentru toate coafurile, toate tipurile de p\u0103r. De p\u00e2n\u0103 la 3 ori mai rapid\u00b9, de p\u00e2n\u0103 la 2 ori mai fin\u00b9, cu p\u00e2n\u0103 la 95% mai pu\u021bin\u0103 rupere a p\u0103rului\u00b2. Coafuri&#8230;<\/p>\n","protected":false},"featured_media":361566,"comment_status":"closed","ping_status":"open","template":"","meta":{"_acf_changed":false,"_kadence_starter_templates_imported_post":false,"_kad_post_transparent":"","_kad_post_title":"","_kad_post_layout":"","_kad_post_sidebar_id":"","_kad_post_content_style":"","_kad_post_vertical_padding":"","_kad_post_feature":"","_kad_post_feature_position":"","_kad_post_header":false,"_kad_post_footer":false,"_kad_post_classname":""},"product_brand":[95],"product_cat":[246,727,623,624],"product_tag":[],"class_list":{"0":"post-361565","1":"product","2":"type-product","3":"status-publish","4":"has-post-thumbnail","6":"product_brand-loreal-professionnel","7":"product_cat-cosmetice","8":"product_cat-placa-pentru-par","9":"product_cat-produse-cosmetice-pentru-par","10":"product_cat-produse-aparate-si-accesorii-pentru-par","12":"first","13":"instock","14":"product-type-external","15":"entry","16":"content-bg","17":"loop-entry"},"acf":[],"yoast_head":"<!-- This site is optimized with the Yoast SEO plugin v27.4 - https:\/\/yoast.com\/product\/yoast-seo-wordpress\/ -->\n<title>L&#039;Or\u00e9al Professionnel Plac\u0103 de p\u0103r profesional\u0103 multifunc\u021bional\u0103 Steampod Utopia - SHOPATOA.COM<\/title>\n<meta name=\"robots\" content=\"index, follow, max-snippet:-1, max-image-preview:large, max-video-preview:-1\" \/>\n<link rel=\"canonical\" href=\"https:\/\/shopatoa.com\/ro\/loreal-professionnel-placa-de-par-profesionala-multifunctionala-steampod-utopia-2\/\" \/>\n<meta property=\"og:locale\" content=\"ro_RO\" \/>\n<meta property=\"og:type\" content=\"article\" \/>\n<meta property=\"og:title\" content=\"L&#039;Or\u00e9al Professionnel Plac\u0103 de p\u0103r profesional\u0103 multifunc\u021bional\u0103 Steampod Utopia - SHOPATOA.COM\" \/>\n<meta property=\"og:description\" content=\"SteamPod 4 de la L&#8217;Or\u00e9al Professionnel este o plac\u0103 de p\u0103r profesional multifunc\u021bional\u0103 cu tehnologie patentat\u0103 cu abur cu ajutorul c\u0103reia pute\u021bi aranja p\u0103rul. Pentru toate coafurile, toate tipurile de p\u0103r. De p\u00e2n\u0103 la 3 ori mai rapid\u00b9, de p\u00e2n\u0103 la 2 ori mai fin\u00b9, cu p\u00e2n\u0103 la 95% mai pu\u021bin\u0103 rupere a p\u0103rului\u00b2. Coafuri...\" \/>\n<meta property=\"og:url\" content=\"https:\/\/shopatoa.com\/ro\/loreal-professionnel-placa-de-par-profesionala-multifunctionala-steampod-utopia-2\/\" \/>\n<meta property=\"og:site_name\" content=\"SHOPATOA\" \/>\n<meta property=\"article:modified_time\" content=\"2025-05-21T17:25:53+00:00\" \/>\n<meta property=\"og:image\" content=\"https:\/\/storage.googleapis.com\/cz-shopatoa-img\/ro\/4584e5f1-unnamed-file.webp\" \/>\n\t<meta property=\"og:image:width\" content=\"800\" \/>\n\t<meta property=\"og:image:height\" content=\"800\" \/>\n\t<meta property=\"og:image:type\" content=\"image\/webp\" \/>\n<meta name=\"twitter:card\" content=\"summary_large_image\" \/>\n<meta name=\"twitter:label1\" content=\"Timp estimat pentru citire\" \/>\n\t<meta name=\"twitter:data1\" content=\"1 minut\" \/>\n<script type=\"application\/ld+json\" class=\"yoast-schema-graph\">{\"@context\":\"https:\\\/\\\/schema.org\",\"@graph\":[{\"@type\":\"WebPage\",\"@id\":\"https:\\\/\\\/shopatoa.com\\\/ro\\\/loreal-professionnel-placa-de-par-profesionala-multifunctionala-steampod-utopia-2\\\/\",\"url\":\"https:\\\/\\\/shopatoa.com\\\/ro\\\/loreal-professionnel-placa-de-par-profesionala-multifunctionala-steampod-utopia-2\\\/\",\"name\":\"L'Or\u00e9al Professionnel Plac\u0103 de p\u0103r profesional\u0103 multifunc\u021bional\u0103 Steampod Utopia - SHOPATOA.COM\",\"isPartOf\":{\"@id\":\"https:\\\/\\\/shopatoa.com\\\/ro\\\/#website\"},\"primaryImageOfPage\":{\"@id\":\"https:\\\/\\\/shopatoa.com\\\/ro\\\/loreal-professionnel-placa-de-par-profesionala-multifunctionala-steampod-utopia-2\\\/#primaryimage\"},\"image\":{\"@id\":\"https:\\\/\\\/shopatoa.com\\\/ro\\\/loreal-professionnel-placa-de-par-profesionala-multifunctionala-steampod-utopia-2\\\/#primaryimage\"},\"thumbnailUrl\":\"https:\\\/\\\/storage.googleapis.com\\\/cz-shopatoa-img\\\/ro\\\/4584e5f1-unnamed-file.webp\",\"datePublished\":\"2025-05-21T17:24:19+00:00\",\"dateModified\":\"2025-05-21T17:25:53+00:00\",\"breadcrumb\":{\"@id\":\"https:\\\/\\\/shopatoa.com\\\/ro\\\/loreal-professionnel-placa-de-par-profesionala-multifunctionala-steampod-utopia-2\\\/#breadcrumb\"},\"inLanguage\":\"ro-RO\",\"potentialAction\":[{\"@type\":\"ReadAction\",\"target\":[\"https:\\\/\\\/shopatoa.com\\\/ro\\\/loreal-professionnel-placa-de-par-profesionala-multifunctionala-steampod-utopia-2\\\/\"]}]},{\"@type\":\"ImageObject\",\"inLanguage\":\"ro-RO\",\"@id\":\"https:\\\/\\\/shopatoa.com\\\/ro\\\/loreal-professionnel-placa-de-par-profesionala-multifunctionala-steampod-utopia-2\\\/#primaryimage\",\"url\":\"https:\\\/\\\/storage.googleapis.com\\\/cz-shopatoa-img\\\/ro\\\/4584e5f1-unnamed-file.webp\",\"contentUrl\":\"https:\\\/\\\/storage.googleapis.com\\\/cz-shopatoa-img\\\/ro\\\/4584e5f1-unnamed-file.webp\",\"width\":800,\"height\":800},{\"@type\":\"BreadcrumbList\",\"@id\":\"https:\\\/\\\/shopatoa.com\\\/ro\\\/loreal-professionnel-placa-de-par-profesionala-multifunctionala-steampod-utopia-2\\\/#breadcrumb\",\"itemListElement\":[{\"@type\":\"ListItem\",\"position\":1,\"name\":\"Dom\u016f\",\"item\":\"https:\\\/\\\/shopatoa.com\\\/ro\\\/\"},{\"@type\":\"ListItem\",\"position\":2,\"name\":\"Shop\",\"item\":\"https:\\\/\\\/shopatoa.com\\\/ro\\\/shop\\\/\"},{\"@type\":\"ListItem\",\"position\":3,\"name\":\"L&#8217;Or\u00e9al Professionnel Plac\u0103 de p\u0103r profesional\u0103 multifunc\u021bional\u0103 Steampod Utopia\"}]},{\"@type\":\"WebSite\",\"@id\":\"https:\\\/\\\/shopatoa.com\\\/ro\\\/#website\",\"url\":\"https:\\\/\\\/shopatoa.com\\\/ro\\\/\",\"name\":\"SHOPATOA\",\"description\":\"\",\"publisher\":{\"@id\":\"https:\\\/\\\/shopatoa.com\\\/ro\\\/#organization\"},\"potentialAction\":[{\"@type\":\"SearchAction\",\"target\":{\"@type\":\"EntryPoint\",\"urlTemplate\":\"https:\\\/\\\/shopatoa.com\\\/ro\\\/?s={search_term_string}\"},\"query-input\":{\"@type\":\"PropertyValueSpecification\",\"valueRequired\":true,\"valueName\":\"search_term_string\"}}],\"inLanguage\":\"ro-RO\"},{\"@type\":\"Organization\",\"@id\":\"https:\\\/\\\/shopatoa.com\\\/ro\\\/#organization\",\"name\":\"SHOPATOA\",\"url\":\"https:\\\/\\\/shopatoa.com\\\/ro\\\/\",\"logo\":{\"@type\":\"ImageObject\",\"inLanguage\":\"ro-RO\",\"@id\":\"https:\\\/\\\/shopatoa.com\\\/ro\\\/#\\\/schema\\\/logo\\\/image\\\/\",\"url\":\"https:\\\/\\\/storage.googleapis.com\\\/cz-shopatoa-img\\\/ro\\\/b4dac915-shopatoa_logo.png\",\"contentUrl\":\"https:\\\/\\\/storage.googleapis.com\\\/cz-shopatoa-img\\\/ro\\\/b4dac915-shopatoa_logo.png\",\"width\":416,\"height\":63,\"caption\":\"SHOPATOA\"},\"image\":{\"@id\":\"https:\\\/\\\/shopatoa.com\\\/ro\\\/#\\\/schema\\\/logo\\\/image\\\/\"}}]}<\/script>\n<!-- \/ Yoast SEO plugin. -->","yoast_head_json":{"title":"L'Or\u00e9al Professionnel Plac\u0103 de p\u0103r profesional\u0103 multifunc\u021bional\u0103 Steampod Utopia - SHOPATOA.COM","robots":{"index":"index","follow":"follow","max-snippet":"max-snippet:-1","max-image-preview":"max-image-preview:large","max-video-preview":"max-video-preview:-1"},"canonical":"https:\/\/shopatoa.com\/ro\/loreal-professionnel-placa-de-par-profesionala-multifunctionala-steampod-utopia-2\/","og_locale":"ro_RO","og_type":"article","og_title":"L'Or\u00e9al Professionnel Plac\u0103 de p\u0103r profesional\u0103 multifunc\u021bional\u0103 Steampod Utopia - SHOPATOA.COM","og_description":"SteamPod 4 de la L&#8217;Or\u00e9al Professionnel este o plac\u0103 de p\u0103r profesional multifunc\u021bional\u0103 cu tehnologie patentat\u0103 cu abur cu ajutorul c\u0103reia pute\u021bi aranja p\u0103rul. Pentru toate coafurile, toate tipurile de p\u0103r. De p\u00e2n\u0103 la 3 ori mai rapid\u00b9, de p\u00e2n\u0103 la 2 ori mai fin\u00b9, cu p\u00e2n\u0103 la 95% mai pu\u021bin\u0103 rupere a p\u0103rului\u00b2. Coafuri...","og_url":"https:\/\/shopatoa.com\/ro\/loreal-professionnel-placa-de-par-profesionala-multifunctionala-steampod-utopia-2\/","og_site_name":"SHOPATOA","article_modified_time":"2025-05-21T17:25:53+00:00","og_image":[{"width":800,"height":800,"url":"https:\/\/storage.googleapis.com\/cz-shopatoa-img\/ro\/4584e5f1-unnamed-file.webp","type":"image\/webp"}],"twitter_card":"summary_large_image","twitter_misc":{"Timp estimat pentru citire":"1 minut"},"schema":{"@context":"https:\/\/schema.org","@graph":[{"@type":"WebPage","@id":"https:\/\/shopatoa.com\/ro\/loreal-professionnel-placa-de-par-profesionala-multifunctionala-steampod-utopia-2\/","url":"https:\/\/shopatoa.com\/ro\/loreal-professionnel-placa-de-par-profesionala-multifunctionala-steampod-utopia-2\/","name":"L'Or\u00e9al Professionnel Plac\u0103 de p\u0103r profesional\u0103 multifunc\u021bional\u0103 Steampod Utopia - SHOPATOA.COM","isPartOf":{"@id":"https:\/\/shopatoa.com\/ro\/#website"},"primaryImageOfPage":{"@id":"https:\/\/shopatoa.com\/ro\/loreal-professionnel-placa-de-par-profesionala-multifunctionala-steampod-utopia-2\/#primaryimage"},"image":{"@id":"https:\/\/shopatoa.com\/ro\/loreal-professionnel-placa-de-par-profesionala-multifunctionala-steampod-utopia-2\/#primaryimage"},"thumbnailUrl":"https:\/\/storage.googleapis.com\/cz-shopatoa-img\/ro\/4584e5f1-unnamed-file.webp","datePublished":"2025-05-21T17:24:19+00:00","dateModified":"2025-05-21T17:25:53+00:00","breadcrumb":{"@id":"https:\/\/shopatoa.com\/ro\/loreal-professionnel-placa-de-par-profesionala-multifunctionala-steampod-utopia-2\/#breadcrumb"},"inLanguage":"ro-RO","potentialAction":[{"@type":"ReadAction","target":["https:\/\/shopatoa.com\/ro\/loreal-professionnel-placa-de-par-profesionala-multifunctionala-steampod-utopia-2\/"]}]},{"@type":"ImageObject","inLanguage":"ro-RO","@id":"https:\/\/shopatoa.com\/ro\/loreal-professionnel-placa-de-par-profesionala-multifunctionala-steampod-utopia-2\/#primaryimage","url":"https:\/\/storage.googleapis.com\/cz-shopatoa-img\/ro\/4584e5f1-unnamed-file.webp","contentUrl":"https:\/\/storage.googleapis.com\/cz-shopatoa-img\/ro\/4584e5f1-unnamed-file.webp","width":800,"height":800},{"@type":"BreadcrumbList","@id":"https:\/\/shopatoa.com\/ro\/loreal-professionnel-placa-de-par-profesionala-multifunctionala-steampod-utopia-2\/#breadcrumb","itemListElement":[{"@type":"ListItem","position":1,"name":"Dom\u016f","item":"https:\/\/shopatoa.com\/ro\/"},{"@type":"ListItem","position":2,"name":"Shop","item":"https:\/\/shopatoa.com\/ro\/shop\/"},{"@type":"ListItem","position":3,"name":"L&#8217;Or\u00e9al Professionnel Plac\u0103 de p\u0103r profesional\u0103 multifunc\u021bional\u0103 Steampod Utopia"}]},{"@type":"WebSite","@id":"https:\/\/shopatoa.com\/ro\/#website","url":"https:\/\/shopatoa.com\/ro\/","name":"SHOPATOA","description":"","publisher":{"@id":"https:\/\/shopatoa.com\/ro\/#organization"},"potentialAction":[{"@type":"SearchAction","target":{"@type":"EntryPoint","urlTemplate":"https:\/\/shopatoa.com\/ro\/?s={search_term_string}"},"query-input":{"@type":"PropertyValueSpecification","valueRequired":true,"valueName":"search_term_string"}}],"inLanguage":"ro-RO"},{"@type":"Organization","@id":"https:\/\/shopatoa.com\/ro\/#organization","name":"SHOPATOA","url":"https:\/\/shopatoa.com\/ro\/","logo":{"@type":"ImageObject","inLanguage":"ro-RO","@id":"https:\/\/shopatoa.com\/ro\/#\/schema\/logo\/image\/","url":"https:\/\/storage.googleapis.com\/cz-shopatoa-img\/ro\/b4dac915-shopatoa_logo.png","contentUrl":"https:\/\/storage.googleapis.com\/cz-shopatoa-img\/ro\/b4dac915-shopatoa_logo.png","width":416,"height":63,"caption":"SHOPATOA"},"image":{"@id":"https:\/\/shopatoa.com\/ro\/#\/schema\/logo\/image\/"}}]}},"_links":{"self":[{"href":"https:\/\/shopatoa.com\/ro\/wp-json\/wp\/v2\/product\/361565","targetHints":{"allow":["GET"]}}],"collection":[{"href":"https:\/\/shopatoa.com\/ro\/wp-json\/wp\/v2\/product"}],"about":[{"href":"https:\/\/shopatoa.com\/ro\/wp-json\/wp\/v2\/types\/product"}],"replies":[{"embeddable":true,"href":"https:\/\/shopatoa.com\/ro\/wp-json\/wp\/v2\/comments?post=361565"}],"wp:featuredmedia":[{"embeddable":true,"href":"https:\/\/shopatoa.com\/ro\/wp-json\/wp\/v2\/media\/361566"}],"wp:attachment":[{"href":"https:\/\/shopatoa.com\/ro\/wp-json\/wp\/v2\/media?parent=361565"}],"wp:term":[{"taxonomy":"product_brand","embeddable":true,"href":"https:\/\/shopatoa.com\/ro\/wp-json\/wp\/v2\/product_brand?post=361565"},{"taxonomy":"product_cat","embeddable":true,"href":"https:\/\/shopatoa.com\/ro\/wp-json\/wp\/v2\/product_cat?post=361565"},{"taxonomy":"product_tag","embeddable":true,"href":"https:\/\/shopatoa.com\/ro\/wp-json\/wp\/v2\/product_tag?post=361565"}],"curies":[{"name":"wp","href":"https:\/\/api.w.org\/{rel}","templated":true}]}}