{"id":361570,"date":"2025-05-21T19:26:07","date_gmt":"2025-05-21T17:26:07","guid":{"rendered":"https:\/\/shopatoa.com\/ro\/jean-p-gaultier-divine-edp-50-ml-lotiune-de-corp-75-ml-2\/"},"modified":"2025-05-21T19:26:15","modified_gmt":"2025-05-21T17:26:15","slug":"jean-p-gaultier-divine-edp-50-ml-lotiune-de-corp-75-ml-2","status":"publish","type":"product","link":"https:\/\/shopatoa.com\/ro\/jean-p-gaultier-divine-edp-50-ml-lotiune-de-corp-75-ml-2\/","title":{"rendered":"Jean P. Gaultier Divine &#8211; EDP 50 ml + lo\u021biune de corp 75 ml"},"content":{"rendered":"<p>Apa de parfum Divine de la marca Jean Paul Gaultier este o esen\u021b\u0103 floral-dulce, care aduce un omagiu for\u021bei, frumuse\u021bii \u0219i spiritului liber al femeii. Acest parfum este o celebrare a unicit\u0103\u021bii &#8211; v\u0103 invit\u0103 s\u0103 descoperi\u021bi zei\u021ba ascuns\u0103 \u00een interior, s\u0103 o l\u0103sa\u021bi s\u0103 str\u0103luceasc\u0103 \u0219i s\u0103 v\u0103 \u00eembr\u0103\u021bi\u0219a\u021bi cu m\u00e2ndrie autenticitatea. \u00cen lumea lui Gaultier, femeile sunt divine, libere, \u00eencrez\u0103toare&#8230; \u0219i \u00eentotdeauna ele \u00eensele. Flaconul iconic \u00een form\u0103 de tors feminin, de aceast\u0103 dat\u0103 \u00eembr\u0103cat \u00eentr-un corset auriu, simbolizeaz\u0103 eliberarea \u0219i puterea feminin\u0103. \u00cen interior se afl\u0103 o simfonie str\u0103lucitoare de bergamot\u0103, boabe ro\u0219ii \u0219i calypsone, a c\u0103rei prospe\u021bime ozonic\u0103 aminte\u0219te de o briz\u0103 marin\u0103 infuzat\u0103 cu note de pepene verde. \u00cen inima parfumului \u00eenflore\u0219te o combina\u021bie senzual\u0103 de ylang-ylang, iasomie \u0219i crin, care subliniaz\u0103 elegan\u021ba maiestuoas\u0103. Baza seduc\u0103toare este purtat\u0103 de un val de mosc, paciuli \u0219i meringue dulce, care confer\u0103 parfumului o urm\u0103 moale, de \u00eenc\u0103lzire. Divine a fost lansat \u00een anul 2023, creat de renumitul parfumier Quentin Bisch, iar imaginea parfumului este talentata actri\u021b\u0103 american\u0103 Yara Shahidi. Parte a setului este: ap\u0103 de parfum 50 ml lo\u021biune de corp 75 ml<\/p>\n","protected":false},"excerpt":{"rendered":"<p>Apa de parfum Divine de la marca Jean Paul Gaultier este o esen\u021b\u0103 floral-dulce, care aduce un omagiu for\u021bei, frumuse\u021bii \u0219i spiritului liber al femeii. Acest parfum este o celebrare a unicit\u0103\u021bii &#8211; v\u0103 invit\u0103 s\u0103 descoperi\u021bi zei\u021ba ascuns\u0103 \u00een interior, s\u0103 o l\u0103sa\u021bi s\u0103 str\u0103luceasc\u0103 \u0219i s\u0103 v\u0103 \u00eembr\u0103\u021bi\u0219a\u021bi cu m\u00e2ndrie autenticitatea. \u00cen lumea&#8230;<\/p>\n","protected":false},"featured_media":361572,"comment_status":"closed","ping_status":"open","template":"","meta":{"_acf_changed":false,"_kadence_starter_templates_imported_post":false,"_kad_post_transparent":"","_kad_post_title":"","_kad_post_layout":"","_kad_post_sidebar_id":"","_kad_post_content_style":"","_kad_post_vertical_padding":"","_kad_post_feature":"","_kad_post_feature_position":"","_kad_post_header":false,"_kad_post_footer":false,"_kad_post_classname":""},"product_brand":[357],"product_cat":[614,651],"product_tag":[],"class_list":{"0":"post-361570","1":"product","2":"type-product","3":"status-publish","4":"has-post-thumbnail","6":"product_brand-jean-p-gaultier","7":"product_cat-parfumuri","8":"product_cat-seturi-cadou-de-parfumuri","10":"first","11":"instock","12":"product-type-external","13":"entry","14":"content-bg","15":"loop-entry"},"acf":[],"yoast_head":"<!-- This site is optimized with the Yoast SEO plugin v27.3 - https:\/\/yoast.com\/product\/yoast-seo-wordpress\/ -->\n<title>Jean P. Gaultier Divine - EDP 50 ml + lo\u021biune de corp 75 ml - SHOPATOA.COM<\/title>\n<meta name=\"robots\" content=\"index, follow, max-snippet:-1, max-image-preview:large, max-video-preview:-1\" \/>\n<link rel=\"canonical\" href=\"https:\/\/shopatoa.com\/ro\/jean-p-gaultier-divine-edp-50-ml-lotiune-de-corp-75-ml-2\/\" \/>\n<meta property=\"og:locale\" content=\"ro_RO\" \/>\n<meta property=\"og:type\" content=\"article\" \/>\n<meta property=\"og:title\" content=\"Jean P. Gaultier Divine - EDP 50 ml + lo\u021biune de corp 75 ml - SHOPATOA.COM\" \/>\n<meta property=\"og:description\" content=\"Apa de parfum Divine de la marca Jean Paul Gaultier este o esen\u021b\u0103 floral-dulce, care aduce un omagiu for\u021bei, frumuse\u021bii \u0219i spiritului liber al femeii. Acest parfum este o celebrare a unicit\u0103\u021bii &#8211; v\u0103 invit\u0103 s\u0103 descoperi\u021bi zei\u021ba ascuns\u0103 \u00een interior, s\u0103 o l\u0103sa\u021bi s\u0103 str\u0103luceasc\u0103 \u0219i s\u0103 v\u0103 \u00eembr\u0103\u021bi\u0219a\u021bi cu m\u00e2ndrie autenticitatea. \u00cen lumea...\" \/>\n<meta property=\"og:url\" content=\"https:\/\/shopatoa.com\/ro\/jean-p-gaultier-divine-edp-50-ml-lotiune-de-corp-75-ml-2\/\" \/>\n<meta property=\"og:site_name\" content=\"SHOPATOA\" \/>\n<meta property=\"article:modified_time\" content=\"2025-05-21T17:26:15+00:00\" \/>\n<meta property=\"og:image\" content=\"https:\/\/storage.googleapis.com\/cz-shopatoa-img\/ro\/618361a4-unnamed-file.webp\" \/>\n\t<meta property=\"og:image:width\" content=\"800\" \/>\n\t<meta property=\"og:image:height\" content=\"800\" \/>\n\t<meta property=\"og:image:type\" content=\"image\/webp\" \/>\n<meta name=\"twitter:card\" content=\"summary_large_image\" \/>\n<meta name=\"twitter:label1\" content=\"Timp estimat pentru citire\" \/>\n\t<meta name=\"twitter:data1\" content=\"1 minut\" \/>\n<script type=\"application\/ld+json\" class=\"yoast-schema-graph\">{\"@context\":\"https:\\\/\\\/schema.org\",\"@graph\":[{\"@type\":\"WebPage\",\"@id\":\"https:\\\/\\\/shopatoa.com\\\/ro\\\/jean-p-gaultier-divine-edp-50-ml-lotiune-de-corp-75-ml-2\\\/\",\"url\":\"https:\\\/\\\/shopatoa.com\\\/ro\\\/jean-p-gaultier-divine-edp-50-ml-lotiune-de-corp-75-ml-2\\\/\",\"name\":\"Jean P. Gaultier Divine - EDP 50 ml + lo\u021biune de corp 75 ml - SHOPATOA.COM\",\"isPartOf\":{\"@id\":\"https:\\\/\\\/shopatoa.com\\\/ro\\\/#website\"},\"primaryImageOfPage\":{\"@id\":\"https:\\\/\\\/shopatoa.com\\\/ro\\\/jean-p-gaultier-divine-edp-50-ml-lotiune-de-corp-75-ml-2\\\/#primaryimage\"},\"image\":{\"@id\":\"https:\\\/\\\/shopatoa.com\\\/ro\\\/jean-p-gaultier-divine-edp-50-ml-lotiune-de-corp-75-ml-2\\\/#primaryimage\"},\"thumbnailUrl\":\"https:\\\/\\\/storage.googleapis.com\\\/cz-shopatoa-img\\\/ro\\\/618361a4-unnamed-file.webp\",\"datePublished\":\"2025-05-21T17:26:07+00:00\",\"dateModified\":\"2025-05-21T17:26:15+00:00\",\"breadcrumb\":{\"@id\":\"https:\\\/\\\/shopatoa.com\\\/ro\\\/jean-p-gaultier-divine-edp-50-ml-lotiune-de-corp-75-ml-2\\\/#breadcrumb\"},\"inLanguage\":\"ro-RO\",\"potentialAction\":[{\"@type\":\"ReadAction\",\"target\":[\"https:\\\/\\\/shopatoa.com\\\/ro\\\/jean-p-gaultier-divine-edp-50-ml-lotiune-de-corp-75-ml-2\\\/\"]}]},{\"@type\":\"ImageObject\",\"inLanguage\":\"ro-RO\",\"@id\":\"https:\\\/\\\/shopatoa.com\\\/ro\\\/jean-p-gaultier-divine-edp-50-ml-lotiune-de-corp-75-ml-2\\\/#primaryimage\",\"url\":\"https:\\\/\\\/storage.googleapis.com\\\/cz-shopatoa-img\\\/ro\\\/618361a4-unnamed-file.webp\",\"contentUrl\":\"https:\\\/\\\/storage.googleapis.com\\\/cz-shopatoa-img\\\/ro\\\/618361a4-unnamed-file.webp\",\"width\":800,\"height\":800},{\"@type\":\"BreadcrumbList\",\"@id\":\"https:\\\/\\\/shopatoa.com\\\/ro\\\/jean-p-gaultier-divine-edp-50-ml-lotiune-de-corp-75-ml-2\\\/#breadcrumb\",\"itemListElement\":[{\"@type\":\"ListItem\",\"position\":1,\"name\":\"Dom\u016f\",\"item\":\"https:\\\/\\\/shopatoa.com\\\/ro\\\/\"},{\"@type\":\"ListItem\",\"position\":2,\"name\":\"Shop\",\"item\":\"https:\\\/\\\/shopatoa.com\\\/ro\\\/shop\\\/\"},{\"@type\":\"ListItem\",\"position\":3,\"name\":\"Jean P. Gaultier Divine &#8211; EDP 50 ml + lo\u021biune de corp 75 ml\"}]},{\"@type\":\"WebSite\",\"@id\":\"https:\\\/\\\/shopatoa.com\\\/ro\\\/#website\",\"url\":\"https:\\\/\\\/shopatoa.com\\\/ro\\\/\",\"name\":\"SHOPATOA\",\"description\":\"\",\"publisher\":{\"@id\":\"https:\\\/\\\/shopatoa.com\\\/ro\\\/#organization\"},\"potentialAction\":[{\"@type\":\"SearchAction\",\"target\":{\"@type\":\"EntryPoint\",\"urlTemplate\":\"https:\\\/\\\/shopatoa.com\\\/ro\\\/?s={search_term_string}\"},\"query-input\":{\"@type\":\"PropertyValueSpecification\",\"valueRequired\":true,\"valueName\":\"search_term_string\"}}],\"inLanguage\":\"ro-RO\"},{\"@type\":\"Organization\",\"@id\":\"https:\\\/\\\/shopatoa.com\\\/ro\\\/#organization\",\"name\":\"SHOPATOA\",\"url\":\"https:\\\/\\\/shopatoa.com\\\/ro\\\/\",\"logo\":{\"@type\":\"ImageObject\",\"inLanguage\":\"ro-RO\",\"@id\":\"https:\\\/\\\/shopatoa.com\\\/ro\\\/#\\\/schema\\\/logo\\\/image\\\/\",\"url\":\"https:\\\/\\\/storage.googleapis.com\\\/cz-shopatoa-img\\\/ro\\\/b4dac915-shopatoa_logo.png\",\"contentUrl\":\"https:\\\/\\\/storage.googleapis.com\\\/cz-shopatoa-img\\\/ro\\\/b4dac915-shopatoa_logo.png\",\"width\":416,\"height\":63,\"caption\":\"SHOPATOA\"},\"image\":{\"@id\":\"https:\\\/\\\/shopatoa.com\\\/ro\\\/#\\\/schema\\\/logo\\\/image\\\/\"}}]}<\/script>\n<!-- \/ Yoast SEO plugin. -->","yoast_head_json":{"title":"Jean P. Gaultier Divine - EDP 50 ml + lo\u021biune de corp 75 ml - SHOPATOA.COM","robots":{"index":"index","follow":"follow","max-snippet":"max-snippet:-1","max-image-preview":"max-image-preview:large","max-video-preview":"max-video-preview:-1"},"canonical":"https:\/\/shopatoa.com\/ro\/jean-p-gaultier-divine-edp-50-ml-lotiune-de-corp-75-ml-2\/","og_locale":"ro_RO","og_type":"article","og_title":"Jean P. Gaultier Divine - EDP 50 ml + lo\u021biune de corp 75 ml - SHOPATOA.COM","og_description":"Apa de parfum Divine de la marca Jean Paul Gaultier este o esen\u021b\u0103 floral-dulce, care aduce un omagiu for\u021bei, frumuse\u021bii \u0219i spiritului liber al femeii. Acest parfum este o celebrare a unicit\u0103\u021bii &#8211; v\u0103 invit\u0103 s\u0103 descoperi\u021bi zei\u021ba ascuns\u0103 \u00een interior, s\u0103 o l\u0103sa\u021bi s\u0103 str\u0103luceasc\u0103 \u0219i s\u0103 v\u0103 \u00eembr\u0103\u021bi\u0219a\u021bi cu m\u00e2ndrie autenticitatea. \u00cen lumea...","og_url":"https:\/\/shopatoa.com\/ro\/jean-p-gaultier-divine-edp-50-ml-lotiune-de-corp-75-ml-2\/","og_site_name":"SHOPATOA","article_modified_time":"2025-05-21T17:26:15+00:00","og_image":[{"width":800,"height":800,"url":"https:\/\/storage.googleapis.com\/cz-shopatoa-img\/ro\/618361a4-unnamed-file.webp","type":"image\/webp"}],"twitter_card":"summary_large_image","twitter_misc":{"Timp estimat pentru citire":"1 minut"},"schema":{"@context":"https:\/\/schema.org","@graph":[{"@type":"WebPage","@id":"https:\/\/shopatoa.com\/ro\/jean-p-gaultier-divine-edp-50-ml-lotiune-de-corp-75-ml-2\/","url":"https:\/\/shopatoa.com\/ro\/jean-p-gaultier-divine-edp-50-ml-lotiune-de-corp-75-ml-2\/","name":"Jean P. Gaultier Divine - EDP 50 ml + lo\u021biune de corp 75 ml - SHOPATOA.COM","isPartOf":{"@id":"https:\/\/shopatoa.com\/ro\/#website"},"primaryImageOfPage":{"@id":"https:\/\/shopatoa.com\/ro\/jean-p-gaultier-divine-edp-50-ml-lotiune-de-corp-75-ml-2\/#primaryimage"},"image":{"@id":"https:\/\/shopatoa.com\/ro\/jean-p-gaultier-divine-edp-50-ml-lotiune-de-corp-75-ml-2\/#primaryimage"},"thumbnailUrl":"https:\/\/storage.googleapis.com\/cz-shopatoa-img\/ro\/618361a4-unnamed-file.webp","datePublished":"2025-05-21T17:26:07+00:00","dateModified":"2025-05-21T17:26:15+00:00","breadcrumb":{"@id":"https:\/\/shopatoa.com\/ro\/jean-p-gaultier-divine-edp-50-ml-lotiune-de-corp-75-ml-2\/#breadcrumb"},"inLanguage":"ro-RO","potentialAction":[{"@type":"ReadAction","target":["https:\/\/shopatoa.com\/ro\/jean-p-gaultier-divine-edp-50-ml-lotiune-de-corp-75-ml-2\/"]}]},{"@type":"ImageObject","inLanguage":"ro-RO","@id":"https:\/\/shopatoa.com\/ro\/jean-p-gaultier-divine-edp-50-ml-lotiune-de-corp-75-ml-2\/#primaryimage","url":"https:\/\/storage.googleapis.com\/cz-shopatoa-img\/ro\/618361a4-unnamed-file.webp","contentUrl":"https:\/\/storage.googleapis.com\/cz-shopatoa-img\/ro\/618361a4-unnamed-file.webp","width":800,"height":800},{"@type":"BreadcrumbList","@id":"https:\/\/shopatoa.com\/ro\/jean-p-gaultier-divine-edp-50-ml-lotiune-de-corp-75-ml-2\/#breadcrumb","itemListElement":[{"@type":"ListItem","position":1,"name":"Dom\u016f","item":"https:\/\/shopatoa.com\/ro\/"},{"@type":"ListItem","position":2,"name":"Shop","item":"https:\/\/shopatoa.com\/ro\/shop\/"},{"@type":"ListItem","position":3,"name":"Jean P. Gaultier Divine &#8211; EDP 50 ml + lo\u021biune de corp 75 ml"}]},{"@type":"WebSite","@id":"https:\/\/shopatoa.com\/ro\/#website","url":"https:\/\/shopatoa.com\/ro\/","name":"SHOPATOA","description":"","publisher":{"@id":"https:\/\/shopatoa.com\/ro\/#organization"},"potentialAction":[{"@type":"SearchAction","target":{"@type":"EntryPoint","urlTemplate":"https:\/\/shopatoa.com\/ro\/?s={search_term_string}"},"query-input":{"@type":"PropertyValueSpecification","valueRequired":true,"valueName":"search_term_string"}}],"inLanguage":"ro-RO"},{"@type":"Organization","@id":"https:\/\/shopatoa.com\/ro\/#organization","name":"SHOPATOA","url":"https:\/\/shopatoa.com\/ro\/","logo":{"@type":"ImageObject","inLanguage":"ro-RO","@id":"https:\/\/shopatoa.com\/ro\/#\/schema\/logo\/image\/","url":"https:\/\/storage.googleapis.com\/cz-shopatoa-img\/ro\/b4dac915-shopatoa_logo.png","contentUrl":"https:\/\/storage.googleapis.com\/cz-shopatoa-img\/ro\/b4dac915-shopatoa_logo.png","width":416,"height":63,"caption":"SHOPATOA"},"image":{"@id":"https:\/\/shopatoa.com\/ro\/#\/schema\/logo\/image\/"}}]}},"_links":{"self":[{"href":"https:\/\/shopatoa.com\/ro\/wp-json\/wp\/v2\/product\/361570","targetHints":{"allow":["GET"]}}],"collection":[{"href":"https:\/\/shopatoa.com\/ro\/wp-json\/wp\/v2\/product"}],"about":[{"href":"https:\/\/shopatoa.com\/ro\/wp-json\/wp\/v2\/types\/product"}],"replies":[{"embeddable":true,"href":"https:\/\/shopatoa.com\/ro\/wp-json\/wp\/v2\/comments?post=361570"}],"wp:featuredmedia":[{"embeddable":true,"href":"https:\/\/shopatoa.com\/ro\/wp-json\/wp\/v2\/media\/361572"}],"wp:attachment":[{"href":"https:\/\/shopatoa.com\/ro\/wp-json\/wp\/v2\/media?parent=361570"}],"wp:term":[{"taxonomy":"product_brand","embeddable":true,"href":"https:\/\/shopatoa.com\/ro\/wp-json\/wp\/v2\/product_brand?post=361570"},{"taxonomy":"product_cat","embeddable":true,"href":"https:\/\/shopatoa.com\/ro\/wp-json\/wp\/v2\/product_cat?post=361570"},{"taxonomy":"product_tag","embeddable":true,"href":"https:\/\/shopatoa.com\/ro\/wp-json\/wp\/v2\/product_tag?post=361570"}],"curies":[{"name":"wp","href":"https:\/\/api.w.org\/{rel}","templated":true}]}}